{"id":5617,"date":"2022-02-22T02:48:56","date_gmt":"2022-02-22T02:48:56","guid":{"rendered":"https:\/\/medicinasinc.com\/fr\/?post_type=product&#038;p=5617"},"modified":"2022-08-05T10:55:37","modified_gmt":"2022-08-05T10:55:37","slug":"acheter-u-47700-poudre","status":"publish","type":"product","link":"https:\/\/medicinasinc.com\/fr\/product\/acheter-u-47700-poudre\/","title":{"rendered":"Acheter U-47700 Poudre"},"content":{"rendered":"<p>En ligne, vous pouvez acheter de la poudre U-47700 \u00e0 un prix tr\u00e8s bas.<\/p>\n<p>Achetez U-47700 sur bestglobalmeds.com.<br \/>\nUn analg\u00e9sique appel\u00e9 U-47700 fait partie de l&#8217;opio\u00efde famille. Il a \u00e9t\u00e9 fabriqu\u00e9 pour la premi\u00e8re fois par Upjohn il y a environ 40 ans. Il a \u00e9t\u00e9 fabriqu\u00e9 \u00e0 partir de AH-7921, qui est un opio\u00efde similaire. L&#8217;U-47700 a jou\u00e9 un r\u00f4le important dans le d\u00e9veloppement de cette classe d&#8217;opio\u00efdes, mais il n&#8217;a pas \u00e9t\u00e9 test\u00e9 sur des humains ou des animaux.<\/p>\n<p>Pharmacologie\u00a0: L&#8217;U-47700 est tr\u00e8s efficace pour cibler le r\u00e9cepteur opio\u00efde. On pense qu&#8217;il est 7 \u00e0 8 fois plus puissant que la morphine dose par dose. On pense qu&#8217;il s&#8217;agit d&#8217;un puissant agoniste kappa, ce qui signifie qu&#8217;il ne devrait pas causer beaucoup de dysphorie ou d&#8217;autres probl\u00e8mes.<\/p>\n<p>Les personnes qui fabriquent les m\u00eames types de produits chimiques<\/p>\n<p>U-50488<br \/>\nAH-7921<br \/>\nU-69\u00a0593<br \/>\nLa Su\u00e8de a interdit le U-47700 depuis janvier 2016, mais aucun autre grand pays n&#8217;a fait de m\u00eame.<\/p>\n<p>Le U-47700, comme la plupart opio\u00efdes et leurs d\u00e9riv\u00e9s, n&#8217;est pas sans danger pour les gens. Il n&#8217;est vendu qu&#8217;aux chercheurs en chimie et aux personnes qui travaillent dans les laboratoires.<\/p>\n","protected":false},"excerpt":{"rendered":"<div class=\"woocommerce-product-details__short-description\">\n<p>Il est facile d&#8217;acheter de la poudre U-47700 en ligne sur notre boutique medicinasinc.com et de se faire livrer rapidement dans n&#8217;importe quel pays du monde ! La meilleure poudre U-47700 que vous pouvez acheter est ici !<\/p>\n<p>Achetez la poudre u-47700 en ligne. Cette poudre brune est tr\u00e8s pure. 99,8\u00a0% du temps, c&#8217;est naturel.<\/p>\n<p>En ligne, vous pouvez acheter 1 oz de poudre U-47700 \u00e0 bas prix. Une dose typique est de quelques milligrammes. D\u00e9couvrez dans quoi vous vous embarquez.<\/p>\n<div class=\"char\">SPECIFICATION<\/div>\n<div class=\"specification\">\n<div class=\"sprow\"><span class=\"spname \">Nom du produit\u00a0:<\/span><span class=\"sptext\">U-47700<\/span><\/div>\n<div class=\"sprow\"><span class=\"spname\">Nom IUPAC\u00a0:<\/span><span class=\"sptext\">trans-3,4-dichloro-N-(2-(dim\u00e9thylamino)cyclohexyl)-N-m\u00e9thylbenzamide<\/span><\/div>\n<div class=\"sprow\"><span class=\"spname\">Autres noms\u00a0:<\/span><span class=\"sptext\">Rose, Pinky, U-47700<\/span><\/div>\n<div class=\"sprow\"><span class=\"spname\">Num\u00e9ro CAS\u00a0:<\/span><span class=\"sptext\">121348-98-9<\/span><\/div>\n<div class=\"sprow\"><span class=\"spname\">Formule mol\u00e9culaire\u00a0:<\/span><span class=\"sptext\">C16H22Cl2N2O<\/span><\/div>\n<div class=\"sprow\"><span class=\"spname\">Masse molaire\u00a0:<\/span><span class=\"sptext\"> 329,265\u00a0g\/mol<\/span><\/div>\n<div class=\"sprow\"><span class=\"spname\">Effet\u00a0:<\/span><span class=\"sptext\">s\u00e9datif<\/span><\/div>\n<div class=\"sprow\"><span class=\"spname\">Puret\u00e9 de la substance\u00a0:<\/span><span class=\"sptext\"> 99,9\u00a0%<\/span><\/div>\n<div class=\"sprow\"><span class=\"spname\">Propri\u00e9t\u00e9s physiques\u00a0:<\/span><span class=\"sptext\">Poudre cristalline<\/span><\/div>\n<\/div>\n<\/div>\n","protected":false},"featured_media":5629,"comment_status":"open","ping_status":"closed","template":"","meta":[],"product_brand":[],"product_cat":[59],"product_tag":[3323,3324,3325,3327,3326,3322,3342,3339,3330,3335,3337,3332,3333,3328,3329,3334,3338,3331,3336,3340,3341,3343],"class_list":{"0":"post-5617","1":"product","2":"type-product","3":"status-publish","4":"has-post-thumbnail","6":"product_cat-produits-chimiques-de-recherche","7":"product_tag-acheter-u-47700-poudre","8":"product_tag-acheter-u-47700-poudre-europe","9":"product_tag-buy-u-47700-poudre-uk","10":"product_tag-dtail-u-47700-poudre","11":"product_tag-commander-u-47700-poudre","12":"product_tag-meilleur-endroit-pour-acheter-u-47700-poudre","13":"product_tag-o-acheter-u-47700-poudre","14":"product_tag-u-47700-poudre-commande","15":"product_tag-u-47700-effet-poudr","16":"product_tag-u-47700-poudre-google","17":"product_tag-u-47700-poudre-prs-de-moi","18":"product_tag-u-47700-poudre--vendre","19":"product_tag-u-47700-poudre-en-vente-en-ligne","20":"product_tag-u-47700-poudre-acheter","21":"product_tag-u-47700-poudre-achat-france","22":"product_tag-u-47700-poudre-allemagne","23":"product_tag-u-47700-poudre-en-ligne","24":"product_tag-u-47700-poudre-europe","25":"product_tag-u-47700-poudre-lituanie","26":"product_tag-u-47700-poudre-reddit","27":"product_tag-u-47700-poudre-vente","28":"product_tag-vente-en-gros-u-47700-poudre","30":"first","31":"instock","32":"shipping-taxable","33":"purchasable","34":"product-type-variable","35":"has-default-attributes"},"yoast_head":"<!-- This site is optimized with the Yoast SEO plugin v27.3 - https:\/\/yoast.com\/product\/yoast-seo-wordpress\/ -->\n<title>Acheter de la poudre U-47700 - de la poudre U-47700 en ligne - Best Global Meds<\/title>\n<meta name=\"description\" content=\"Achetez U-47700 Poudre Royaume-Uni, Europe, Asie, Chine dans notre boutique en ligne medicinasinc.com avec une livraison rapide dans le monde entier ! La meilleure poudre U-47700 pour la commande que vous trouverez ici\u00a0!\" \/>\n<meta name=\"robots\" content=\"index, follow, max-snippet:-1, max-image-preview:large, max-video-preview:-1\" \/>\n<link rel=\"canonical\" href=\"https:\/\/medicinasinc.com\/fr\/product\/acheter-u-47700-poudre\/\" \/>\n<meta property=\"og:locale\" content=\"en_US\" \/>\n<meta property=\"og:type\" content=\"article\" \/>\n<meta property=\"og:title\" content=\"Acheter de la poudre U-47700 - de la poudre U-47700 en ligne - Best Global Meds\" \/>\n<meta property=\"og:description\" content=\"Achetez U-47700 Poudre Royaume-Uni, Europe, Asie, Chine dans notre boutique en ligne medicinasinc.com avec une livraison rapide dans le monde entier ! La meilleure poudre U-47700 pour la commande que vous trouverez ici\u00a0!\" \/>\n<meta property=\"og:url\" content=\"https:\/\/medicinasinc.com\/fr\/product\/acheter-u-47700-poudre\/\" \/>\n<meta property=\"og:site_name\" content=\"Medicinas Inc\" \/>\n<meta property=\"article:modified_time\" content=\"2022-08-05T10:55:37+00:00\" \/>\n<meta property=\"og:image\" content=\"https:\/\/medicinasinc.com\/fr\/wp-content\/uploads\/sites\/5\/2022\/02\/Buy-U-47700-POWDER.jpg\" \/>\n\t<meta property=\"og:image:width\" content=\"600\" \/>\n\t<meta property=\"og:image:height\" content=\"600\" \/>\n\t<meta property=\"og:image:type\" content=\"image\/jpeg\" \/>\n<meta name=\"twitter:card\" content=\"summary_large_image\" \/>\n<meta name=\"twitter:label1\" content=\"Est. reading time\" \/>\n\t<meta name=\"twitter:data1\" content=\"1 minute\" \/>\n<script type=\"application\/ld+json\" class=\"yoast-schema-graph\">{\"@context\":\"https:\\\/\\\/schema.org\",\"@graph\":[{\"@type\":\"WebPage\",\"@id\":\"https:\\\/\\\/medicinasinc.com\\\/fr\\\/product\\\/acheter-u-47700-poudre\\\/\",\"url\":\"https:\\\/\\\/medicinasinc.com\\\/fr\\\/product\\\/acheter-u-47700-poudre\\\/\",\"name\":\"Acheter de la poudre U-47700 - de la poudre U-47700 en ligne - Best Global Meds\",\"isPartOf\":{\"@id\":\"https:\\\/\\\/medicinasinc.com\\\/fr\\\/#website\"},\"primaryImageOfPage\":{\"@id\":\"https:\\\/\\\/medicinasinc.com\\\/fr\\\/product\\\/acheter-u-47700-poudre\\\/#primaryimage\"},\"image\":{\"@id\":\"https:\\\/\\\/medicinasinc.com\\\/fr\\\/product\\\/acheter-u-47700-poudre\\\/#primaryimage\"},\"thumbnailUrl\":\"https:\\\/\\\/medicinasinc.com\\\/fr\\\/wp-content\\\/uploads\\\/sites\\\/5\\\/2022\\\/02\\\/Buy-U-47700-POWDER.jpg\",\"datePublished\":\"2022-02-22T02:48:56+00:00\",\"dateModified\":\"2022-08-05T10:55:37+00:00\",\"description\":\"Achetez U-47700 Poudre Royaume-Uni, Europe, Asie, Chine dans notre boutique en ligne medicinasinc.com avec une livraison rapide dans le monde entier ! La meilleure poudre U-47700 pour la commande que vous trouverez ici\u00a0!\",\"breadcrumb\":{\"@id\":\"https:\\\/\\\/medicinasinc.com\\\/fr\\\/product\\\/acheter-u-47700-poudre\\\/#breadcrumb\"},\"inLanguage\":\"en-US\",\"potentialAction\":[{\"@type\":\"ReadAction\",\"target\":[\"https:\\\/\\\/medicinasinc.com\\\/fr\\\/product\\\/acheter-u-47700-poudre\\\/\"]}]},{\"@type\":\"ImageObject\",\"inLanguage\":\"en-US\",\"@id\":\"https:\\\/\\\/medicinasinc.com\\\/fr\\\/product\\\/acheter-u-47700-poudre\\\/#primaryimage\",\"url\":\"https:\\\/\\\/medicinasinc.com\\\/fr\\\/wp-content\\\/uploads\\\/sites\\\/5\\\/2022\\\/02\\\/Buy-U-47700-POWDER.jpg\",\"contentUrl\":\"https:\\\/\\\/medicinasinc.com\\\/fr\\\/wp-content\\\/uploads\\\/sites\\\/5\\\/2022\\\/02\\\/Buy-U-47700-POWDER.jpg\",\"width\":600,\"height\":600},{\"@type\":\"BreadcrumbList\",\"@id\":\"https:\\\/\\\/medicinasinc.com\\\/fr\\\/product\\\/acheter-u-47700-poudre\\\/#breadcrumb\",\"itemListElement\":[{\"@type\":\"ListItem\",\"position\":1,\"name\":\"Boutique\",\"item\":\"https:\\\/\\\/medicinasinc.com\\\/fr\\\/boutique\\\/\"},{\"@type\":\"ListItem\",\"position\":2,\"name\":\"Acheter U-47700 Poudre\"}]},{\"@type\":\"WebSite\",\"@id\":\"https:\\\/\\\/medicinasinc.com\\\/fr\\\/#website\",\"url\":\"https:\\\/\\\/medicinasinc.com\\\/fr\\\/\",\"name\":\"Medicinas Inc\",\"description\":\"Health Medical Clinic\",\"potentialAction\":[{\"@type\":\"SearchAction\",\"target\":{\"@type\":\"EntryPoint\",\"urlTemplate\":\"https:\\\/\\\/medicinasinc.com\\\/fr\\\/?s={search_term_string}\"},\"query-input\":{\"@type\":\"PropertyValueSpecification\",\"valueRequired\":true,\"valueName\":\"search_term_string\"}}],\"inLanguage\":\"en-US\"}]}<\/script>\n<!-- \/ Yoast SEO plugin. -->","yoast_head_json":{"title":"Acheter de la poudre U-47700 - de la poudre U-47700 en ligne - Best Global Meds","description":"Achetez U-47700 Poudre Royaume-Uni, Europe, Asie, Chine dans notre boutique en ligne medicinasinc.com avec une livraison rapide dans le monde entier ! La meilleure poudre U-47700 pour la commande que vous trouverez ici\u00a0!","robots":{"index":"index","follow":"follow","max-snippet":"max-snippet:-1","max-image-preview":"max-image-preview:large","max-video-preview":"max-video-preview:-1"},"canonical":"https:\/\/medicinasinc.com\/fr\/product\/acheter-u-47700-poudre\/","og_locale":"en_US","og_type":"article","og_title":"Acheter de la poudre U-47700 - de la poudre U-47700 en ligne - Best Global Meds","og_description":"Achetez U-47700 Poudre Royaume-Uni, Europe, Asie, Chine dans notre boutique en ligne medicinasinc.com avec une livraison rapide dans le monde entier ! La meilleure poudre U-47700 pour la commande que vous trouverez ici\u00a0!","og_url":"https:\/\/medicinasinc.com\/fr\/product\/acheter-u-47700-poudre\/","og_site_name":"Medicinas Inc","article_modified_time":"2022-08-05T10:55:37+00:00","og_image":[{"width":600,"height":600,"url":"https:\/\/medicinasinc.com\/fr\/wp-content\/uploads\/sites\/5\/2022\/02\/Buy-U-47700-POWDER.jpg","type":"image\/jpeg"}],"twitter_card":"summary_large_image","twitter_misc":{"Est. reading time":"1 minute"},"schema":{"@context":"https:\/\/schema.org","@graph":[{"@type":"WebPage","@id":"https:\/\/medicinasinc.com\/fr\/product\/acheter-u-47700-poudre\/","url":"https:\/\/medicinasinc.com\/fr\/product\/acheter-u-47700-poudre\/","name":"Acheter de la poudre U-47700 - de la poudre U-47700 en ligne - Best Global Meds","isPartOf":{"@id":"https:\/\/medicinasinc.com\/fr\/#website"},"primaryImageOfPage":{"@id":"https:\/\/medicinasinc.com\/fr\/product\/acheter-u-47700-poudre\/#primaryimage"},"image":{"@id":"https:\/\/medicinasinc.com\/fr\/product\/acheter-u-47700-poudre\/#primaryimage"},"thumbnailUrl":"https:\/\/medicinasinc.com\/fr\/wp-content\/uploads\/sites\/5\/2022\/02\/Buy-U-47700-POWDER.jpg","datePublished":"2022-02-22T02:48:56+00:00","dateModified":"2022-08-05T10:55:37+00:00","description":"Achetez U-47700 Poudre Royaume-Uni, Europe, Asie, Chine dans notre boutique en ligne medicinasinc.com avec une livraison rapide dans le monde entier ! La meilleure poudre U-47700 pour la commande que vous trouverez ici\u00a0!","breadcrumb":{"@id":"https:\/\/medicinasinc.com\/fr\/product\/acheter-u-47700-poudre\/#breadcrumb"},"inLanguage":"en-US","potentialAction":[{"@type":"ReadAction","target":["https:\/\/medicinasinc.com\/fr\/product\/acheter-u-47700-poudre\/"]}]},{"@type":"ImageObject","inLanguage":"en-US","@id":"https:\/\/medicinasinc.com\/fr\/product\/acheter-u-47700-poudre\/#primaryimage","url":"https:\/\/medicinasinc.com\/fr\/wp-content\/uploads\/sites\/5\/2022\/02\/Buy-U-47700-POWDER.jpg","contentUrl":"https:\/\/medicinasinc.com\/fr\/wp-content\/uploads\/sites\/5\/2022\/02\/Buy-U-47700-POWDER.jpg","width":600,"height":600},{"@type":"BreadcrumbList","@id":"https:\/\/medicinasinc.com\/fr\/product\/acheter-u-47700-poudre\/#breadcrumb","itemListElement":[{"@type":"ListItem","position":1,"name":"Boutique","item":"https:\/\/medicinasinc.com\/fr\/boutique\/"},{"@type":"ListItem","position":2,"name":"Acheter U-47700 Poudre"}]},{"@type":"WebSite","@id":"https:\/\/medicinasinc.com\/fr\/#website","url":"https:\/\/medicinasinc.com\/fr\/","name":"Medicinas Inc","description":"Health Medical Clinic","potentialAction":[{"@type":"SearchAction","target":{"@type":"EntryPoint","urlTemplate":"https:\/\/medicinasinc.com\/fr\/?s={search_term_string}"},"query-input":{"@type":"PropertyValueSpecification","valueRequired":true,"valueName":"search_term_string"}}],"inLanguage":"en-US"}]}},"_links":{"self":[{"href":"https:\/\/medicinasinc.com\/fr\/wp-json\/wp\/v2\/product\/5617","targetHints":{"allow":["GET"]}}],"collection":[{"href":"https:\/\/medicinasinc.com\/fr\/wp-json\/wp\/v2\/product"}],"about":[{"href":"https:\/\/medicinasinc.com\/fr\/wp-json\/wp\/v2\/types\/product"}],"replies":[{"embeddable":true,"href":"https:\/\/medicinasinc.com\/fr\/wp-json\/wp\/v2\/comments?post=5617"}],"wp:featuredmedia":[{"embeddable":true,"href":"https:\/\/medicinasinc.com\/fr\/wp-json\/wp\/v2\/media\/5629"}],"wp:attachment":[{"href":"https:\/\/medicinasinc.com\/fr\/wp-json\/wp\/v2\/media?parent=5617"}],"wp:term":[{"taxonomy":"product_brand","embeddable":true,"href":"https:\/\/medicinasinc.com\/fr\/wp-json\/wp\/v2\/product_brand?post=5617"},{"taxonomy":"product_cat","embeddable":true,"href":"https:\/\/medicinasinc.com\/fr\/wp-json\/wp\/v2\/product_cat?post=5617"},{"taxonomy":"product_tag","embeddable":true,"href":"https:\/\/medicinasinc.com\/fr\/wp-json\/wp\/v2\/product_tag?post=5617"}],"curies":[{"name":"wp","href":"https:\/\/api.w.org\/{rel}","templated":true}]}}