{"id":5616,"date":"2022-02-22T02:47:20","date_gmt":"2022-02-22T02:47:20","guid":{"rendered":"https:\/\/medicinasinc.com\/fr\/?post_type=product&#038;p=5616"},"modified":"2022-03-17T11:48:54","modified_gmt":"2022-03-17T11:48:54","slug":"acheter-w-18-pilules","status":"publish","type":"product","link":"https:\/\/medicinasinc.com\/fr\/product\/acheter-w-18-pilules\/","title":{"rendered":"Acheter des pilules W-18"},"content":{"rendered":"<p>Les pilules W-18 peuvent \u00eatre achet\u00e9es.<\/p>\n<p>Achetez les pilules W-18 ici. Il s&#8217;agit d&#8217;un produit chimique non destin\u00e9 aux personnes.<\/p>\n<p>Caract\u00e9ristiques<br \/> Cet article a \u00e9t\u00e9 fabriqu\u00e9 et test\u00e9 pour r\u00e9pondre aux normes ISO17025:2005 et Guide 34:2009.<br \/> Cet article est destin\u00e9 \u00e0 \u00eatre utilis\u00e9 comme norme de r\u00e9f\u00e9rence analytique.<br \/> Il existe beaucoup de mat\u00e9riel disponible pour la recherche universitaire dans certaines institutions. Veuillez contacter notre service commercial pour conna\u00eetre les prix.<br \/> Le W-18 (article n\u00b0 15480) est un mat\u00e9riau qui peut \u00eatre utilis\u00e9 pour les tests. Pour cette raison, il peut \u00eatre tr\u00e8s efficace pour soulager la douleur. Dans le test de torsion de la ph\u00e9nylquinone de souris, il s&#8217;est av\u00e9r\u00e9 tr\u00e8s efficace pour soulager la douleur. 1 En ce qui concerne les humains, nous ne savons pas comment cette substance affecte leur corps ou comment elle peut leur faire du mal. Il s&#8217;agit d&#8217;un produit qui peut \u00eatre utilis\u00e9 \u00e0 des fins m\u00e9dico-l\u00e9gales et de recherche.<\/p>\n","protected":false},"excerpt":{"rendered":"<div class=\"woocommerce-product-details__short-description\">\n<p>Acheter des pilules W-18 \u00e0 vendre au Royaume-Uni, en Europe en ligne Nos frais d&#8217;exp\u00e9dition et de livraison sont 100\u00a0% s\u00fbrs et pratiques. passez votre commande de pilules W-18 et obtenez une qualit\u00e9 incroyable de notre part<\/p>\n<p>W-18 \u00e0 vendre | Acheter W-18 en ligne | O\u00f9 acheter W-18 en ligne &#8211; O\u00f9 acheter des pilules W-18 en ligne. Ce produit a \u00e9t\u00e9 fabriqu\u00e9 et test\u00e9 conform\u00e9ment aux directives ISO17025:2005 et Guide 34:2009<\/p>\n<\/p><\/div>\n","protected":false},"featured_media":5627,"comment_status":"open","ping_status":"closed","template":"","meta":[],"product_brand":[],"product_cat":[1117],"product_tag":[3308,3317,3309,3307,3319,3316,3318,3311,3320,3321,3314,3310,3313,3315,3312],"class_list":{"0":"post-5616","1":"product","2":"type-product","3":"status-publish","4":"has-post-thumbnail","6":"product_cat-acheter-douleur-sommeil-sexe-pilules","7":"product_tag-acheter-w-18-drogues","8":"product_tag-w-18-pilules-acheter","9":"product_tag-acheter-w-18-pilules","10":"product_tag-acheter-w-18","11":"product_tag-w-18-pilules-commande","12":"product_tag-w-18-commande","13":"product_tag-w-18-pilules-effet","14":"product_tag-w-18-drogues","15":"product_tag-w-18-pilules-vente-en-gros","16":"product_tag-w-18-reddit","17":"product_tag-w-18--vendre","18":"product_tag-w-18-acheter","19":"product_tag-w-18-effect","20":"product_tag-w-18-en-ligne","21":"product_tag-w-18-mdicaments--vendre","23":"first","24":"instock","25":"shipping-taxable","26":"purchasable","27":"product-type-variable"},"yoast_head":"<!-- This site is optimized with the Yoast SEO plugin v27.2 - https:\/\/yoast.com\/product\/yoast-seo-wordpress\/ -->\n<title>Acheter des pilules W-18 - Pilules W-18 \u00e0 vendre - Best Global Meds<\/title>\n<meta name=\"description\" content=\"Acheter des pilules W-18 \u00e0 vendre au Royaume-Uni, en Europe en ligne Nos frais d&#039;exp\u00e9dition et de livraison sont 100% s\u00fbrs et pratiques. passez votre commande de pilules W-18 et obtenez une qualit\u00e9 incroyable de notre part\" \/>\n<meta name=\"robots\" content=\"index, follow, max-snippet:-1, max-image-preview:large, max-video-preview:-1\" \/>\n<link rel=\"canonical\" href=\"https:\/\/medicinasinc.com\/fr\/product\/acheter-w-18-pilules\/\" \/>\n<meta property=\"og:locale\" content=\"en_US\" \/>\n<meta property=\"og:type\" content=\"article\" \/>\n<meta property=\"og:title\" content=\"Acheter des pilules W-18 - Pilules W-18 \u00e0 vendre - Best Global Meds\" \/>\n<meta property=\"og:description\" content=\"Acheter des pilules W-18 \u00e0 vendre au Royaume-Uni, en Europe en ligne Nos frais d&#039;exp\u00e9dition et de livraison sont 100% s\u00fbrs et pratiques. passez votre commande de pilules W-18 et obtenez une qualit\u00e9 incroyable de notre part\" \/>\n<meta property=\"og:url\" content=\"https:\/\/medicinasinc.com\/fr\/product\/acheter-w-18-pilules\/\" \/>\n<meta property=\"og:site_name\" content=\"Medicinas Inc\" \/>\n<meta property=\"article:modified_time\" content=\"2022-03-17T11:48:54+00:00\" \/>\n<meta property=\"og:image\" content=\"https:\/\/medicinasinc.com\/fr\/wp-content\/uploads\/sites\/5\/2022\/02\/Buy-W-18-Pills.jpg\" \/>\n\t<meta property=\"og:image:width\" content=\"840\" \/>\n\t<meta property=\"og:image:height\" content=\"781\" \/>\n\t<meta property=\"og:image:type\" content=\"image\/jpeg\" \/>\n<meta name=\"twitter:card\" content=\"summary_large_image\" \/>\n<meta name=\"twitter:label1\" content=\"Est. reading time\" \/>\n\t<meta name=\"twitter:data1\" content=\"1 minute\" \/>\n<script type=\"application\/ld+json\" class=\"yoast-schema-graph\">{\"@context\":\"https:\/\/schema.org\",\"@graph\":[{\"@type\":\"WebPage\",\"@id\":\"https:\/\/medicinasinc.com\/fr\/product\/acheter-w-18-pilules\/\",\"url\":\"https:\/\/medicinasinc.com\/fr\/product\/acheter-w-18-pilules\/\",\"name\":\"Acheter des pilules W-18 - Pilules W-18 \u00e0 vendre - Best Global Meds\",\"isPartOf\":{\"@id\":\"https:\/\/medicinasinc.com\/fr\/#website\"},\"primaryImageOfPage\":{\"@id\":\"https:\/\/medicinasinc.com\/fr\/product\/acheter-w-18-pilules\/#primaryimage\"},\"image\":{\"@id\":\"https:\/\/medicinasinc.com\/fr\/product\/acheter-w-18-pilules\/#primaryimage\"},\"thumbnailUrl\":\"https:\/\/medicinasinc.com\/fr\/wp-content\/uploads\/sites\/5\/2022\/02\/Buy-W-18-Pills.jpg\",\"datePublished\":\"2022-02-22T02:47:20+00:00\",\"dateModified\":\"2022-03-17T11:48:54+00:00\",\"description\":\"Acheter des pilules W-18 \u00e0 vendre au Royaume-Uni, en Europe en ligne Nos frais d'exp\u00e9dition et de livraison sont 100% s\u00fbrs et pratiques. passez votre commande de pilules W-18 et obtenez une qualit\u00e9 incroyable de notre part\",\"breadcrumb\":{\"@id\":\"https:\/\/medicinasinc.com\/fr\/product\/acheter-w-18-pilules\/#breadcrumb\"},\"inLanguage\":\"en-US\",\"potentialAction\":[{\"@type\":\"ReadAction\",\"target\":[\"https:\/\/medicinasinc.com\/fr\/product\/acheter-w-18-pilules\/\"]}]},{\"@type\":\"ImageObject\",\"inLanguage\":\"en-US\",\"@id\":\"https:\/\/medicinasinc.com\/fr\/product\/acheter-w-18-pilules\/#primaryimage\",\"url\":\"https:\/\/medicinasinc.com\/fr\/wp-content\/uploads\/sites\/5\/2022\/02\/Buy-W-18-Pills.jpg\",\"contentUrl\":\"https:\/\/medicinasinc.com\/fr\/wp-content\/uploads\/sites\/5\/2022\/02\/Buy-W-18-Pills.jpg\",\"width\":840,\"height\":781},{\"@type\":\"BreadcrumbList\",\"@id\":\"https:\/\/medicinasinc.com\/fr\/product\/acheter-w-18-pilules\/#breadcrumb\",\"itemListElement\":[{\"@type\":\"ListItem\",\"position\":1,\"name\":\"Boutique\",\"item\":\"https:\/\/medicinasinc.com\/fr\/boutique\/\"},{\"@type\":\"ListItem\",\"position\":2,\"name\":\"Acheter des pilules W-18\"}]},{\"@type\":\"WebSite\",\"@id\":\"https:\/\/medicinasinc.com\/fr\/#website\",\"url\":\"https:\/\/medicinasinc.com\/fr\/\",\"name\":\"Medicinas Inc\",\"description\":\"Health Medical Clinic\",\"potentialAction\":[{\"@type\":\"SearchAction\",\"target\":{\"@type\":\"EntryPoint\",\"urlTemplate\":\"https:\/\/medicinasinc.com\/fr\/?s={search_term_string}\"},\"query-input\":{\"@type\":\"PropertyValueSpecification\",\"valueRequired\":true,\"valueName\":\"search_term_string\"}}],\"inLanguage\":\"en-US\"}]}<\/script>\n<!-- \/ Yoast SEO plugin. -->","yoast_head_json":{"title":"Acheter des pilules W-18 - Pilules W-18 \u00e0 vendre - Best Global Meds","description":"Acheter des pilules W-18 \u00e0 vendre au Royaume-Uni, en Europe en ligne Nos frais d'exp\u00e9dition et de livraison sont 100% s\u00fbrs et pratiques. passez votre commande de pilules W-18 et obtenez une qualit\u00e9 incroyable de notre part","robots":{"index":"index","follow":"follow","max-snippet":"max-snippet:-1","max-image-preview":"max-image-preview:large","max-video-preview":"max-video-preview:-1"},"canonical":"https:\/\/medicinasinc.com\/fr\/product\/acheter-w-18-pilules\/","og_locale":"en_US","og_type":"article","og_title":"Acheter des pilules W-18 - Pilules W-18 \u00e0 vendre - Best Global Meds","og_description":"Acheter des pilules W-18 \u00e0 vendre au Royaume-Uni, en Europe en ligne Nos frais d'exp\u00e9dition et de livraison sont 100% s\u00fbrs et pratiques. passez votre commande de pilules W-18 et obtenez une qualit\u00e9 incroyable de notre part","og_url":"https:\/\/medicinasinc.com\/fr\/product\/acheter-w-18-pilules\/","og_site_name":"Medicinas Inc","article_modified_time":"2022-03-17T11:48:54+00:00","og_image":[{"width":840,"height":781,"url":"https:\/\/medicinasinc.com\/fr\/wp-content\/uploads\/sites\/5\/2022\/02\/Buy-W-18-Pills.jpg","type":"image\/jpeg"}],"twitter_card":"summary_large_image","twitter_misc":{"Est. reading time":"1 minute"},"schema":{"@context":"https:\/\/schema.org","@graph":[{"@type":"WebPage","@id":"https:\/\/medicinasinc.com\/fr\/product\/acheter-w-18-pilules\/","url":"https:\/\/medicinasinc.com\/fr\/product\/acheter-w-18-pilules\/","name":"Acheter des pilules W-18 - Pilules W-18 \u00e0 vendre - Best Global Meds","isPartOf":{"@id":"https:\/\/medicinasinc.com\/fr\/#website"},"primaryImageOfPage":{"@id":"https:\/\/medicinasinc.com\/fr\/product\/acheter-w-18-pilules\/#primaryimage"},"image":{"@id":"https:\/\/medicinasinc.com\/fr\/product\/acheter-w-18-pilules\/#primaryimage"},"thumbnailUrl":"https:\/\/medicinasinc.com\/fr\/wp-content\/uploads\/sites\/5\/2022\/02\/Buy-W-18-Pills.jpg","datePublished":"2022-02-22T02:47:20+00:00","dateModified":"2022-03-17T11:48:54+00:00","description":"Acheter des pilules W-18 \u00e0 vendre au Royaume-Uni, en Europe en ligne Nos frais d'exp\u00e9dition et de livraison sont 100% s\u00fbrs et pratiques. passez votre commande de pilules W-18 et obtenez une qualit\u00e9 incroyable de notre part","breadcrumb":{"@id":"https:\/\/medicinasinc.com\/fr\/product\/acheter-w-18-pilules\/#breadcrumb"},"inLanguage":"en-US","potentialAction":[{"@type":"ReadAction","target":["https:\/\/medicinasinc.com\/fr\/product\/acheter-w-18-pilules\/"]}]},{"@type":"ImageObject","inLanguage":"en-US","@id":"https:\/\/medicinasinc.com\/fr\/product\/acheter-w-18-pilules\/#primaryimage","url":"https:\/\/medicinasinc.com\/fr\/wp-content\/uploads\/sites\/5\/2022\/02\/Buy-W-18-Pills.jpg","contentUrl":"https:\/\/medicinasinc.com\/fr\/wp-content\/uploads\/sites\/5\/2022\/02\/Buy-W-18-Pills.jpg","width":840,"height":781},{"@type":"BreadcrumbList","@id":"https:\/\/medicinasinc.com\/fr\/product\/acheter-w-18-pilules\/#breadcrumb","itemListElement":[{"@type":"ListItem","position":1,"name":"Boutique","item":"https:\/\/medicinasinc.com\/fr\/boutique\/"},{"@type":"ListItem","position":2,"name":"Acheter des pilules W-18"}]},{"@type":"WebSite","@id":"https:\/\/medicinasinc.com\/fr\/#website","url":"https:\/\/medicinasinc.com\/fr\/","name":"Medicinas Inc","description":"Health Medical Clinic","potentialAction":[{"@type":"SearchAction","target":{"@type":"EntryPoint","urlTemplate":"https:\/\/medicinasinc.com\/fr\/?s={search_term_string}"},"query-input":{"@type":"PropertyValueSpecification","valueRequired":true,"valueName":"search_term_string"}}],"inLanguage":"en-US"}]}},"_links":{"self":[{"href":"https:\/\/medicinasinc.com\/fr\/wp-json\/wp\/v2\/product\/5616","targetHints":{"allow":["GET"]}}],"collection":[{"href":"https:\/\/medicinasinc.com\/fr\/wp-json\/wp\/v2\/product"}],"about":[{"href":"https:\/\/medicinasinc.com\/fr\/wp-json\/wp\/v2\/types\/product"}],"replies":[{"embeddable":true,"href":"https:\/\/medicinasinc.com\/fr\/wp-json\/wp\/v2\/comments?post=5616"}],"wp:featuredmedia":[{"embeddable":true,"href":"https:\/\/medicinasinc.com\/fr\/wp-json\/wp\/v2\/media\/5627"}],"wp:attachment":[{"href":"https:\/\/medicinasinc.com\/fr\/wp-json\/wp\/v2\/media?parent=5616"}],"wp:term":[{"taxonomy":"product_brand","embeddable":true,"href":"https:\/\/medicinasinc.com\/fr\/wp-json\/wp\/v2\/product_brand?post=5616"},{"taxonomy":"product_cat","embeddable":true,"href":"https:\/\/medicinasinc.com\/fr\/wp-json\/wp\/v2\/product_cat?post=5616"},{"taxonomy":"product_tag","embeddable":true,"href":"https:\/\/medicinasinc.com\/fr\/wp-json\/wp\/v2\/product_tag?post=5616"}],"curies":[{"name":"wp","href":"https:\/\/api.w.org\/{rel}","templated":true}]}}