{"id":5615,"date":"2022-02-22T02:46:09","date_gmt":"2022-02-22T02:46:09","guid":{"rendered":"https:\/\/medicinasinc.com\/fr\/?post_type=product&#038;p=5615"},"modified":"2022-08-05T10:43:38","modified_gmt":"2022-08-05T10:43:38","slug":"acheter-blanc-fille-sel-de-bain","status":"publish","type":"product","link":"https:\/\/medicinasinc.com\/fr\/product\/acheter-blanc-fille-sel-de-bain\/","title":{"rendered":"Acheter du sel de bain White Girl"},"content":{"rendered":"<p>Vous pouvez acheter le sel de bain White Girl sur le Web.<br \/>\nLes sels de bain White Girl peuvent \u00eatre achet\u00e9s en ligne. Comment puis-je les acheter\u00a0?<\/p>\n<p>O\u00f9 voulez-vous acheter des sels de bain de fille blanche\u00a0? Il n&#8217;y a pas de tracas ni de maladresse lorsque vous achetez des sels de bain pour filles blanches de Best Global Meds. Pour vous assurer d&#8217;\u00e9conomiser de l&#8217;argent lorsque vous achetez des sels de bain White Girl dans notre pharmacie en ligne, nous travaillons dur. Lorsque vous achetez quelque chose chez Chemicals Lab, nous voulons que vous payiez moins et que vous obteniez plus.<\/p>\n<p>Achetez des sels de bain White Girl.<\/p>\n<p>D&#8217;une source l\u00e9gitime, vous pouvez acheter White Girl Bath Sels en ligne. Nous vendons les meilleurs produits de bain, comme les sels de bain. Les sels de bain vous donneront un bain doux et sensuel qui vous laissera une sensation de propret\u00e9 apr\u00e8s leur utilisation. Cependant, nos clients peuvent \u00eatre s\u00fbrs qu&#8217;ils obtiendront les meilleurs produits sur le march\u00e9. Cependant, nous vendons et achetons \u00e9galement d&#8217;autres sels de bain concentr\u00e9s \u00e0 bon prix.<\/p>\n<p>Nos sels de bain ont une forte odeur.<\/p>\n<p>Il existe de nombreux types de sels de bain White Girl, et ils sont destin\u00e9s \u00e0 rendre votre exp\u00e9rience de baignade encore meilleure. Une petite quantit\u00e9 suffit pour faire une grande diff\u00e9rence. Cependant, vous pouvez simplement ajouter une petite quantit\u00e9 \u00e0 un bain chaud pour adoucir naturellement l&#8217;eau, ce qui vous fera vous sentir tr\u00e8s \u00e9nergique et heureux apr\u00e8s. Cependant, il est utilis\u00e9 pour ressembler aux sources chaudes naturelles de la mer grecque. Au d\u00e9but, utilisez tr\u00e8s peu de sel de bain White Girl, car une trop grande quantit\u00e9 rendra l&#8217;eau de votre bain sale et vous rendra malheureux. Les sels de bain White Girl, en revanche, peuvent vous aider \u00e0 atteindre des endroits que vous pensiez impossibles.<\/p>\n","protected":false},"excerpt":{"rendered":"<p>Notre boutique medicinasinc.com vend du sel de bain White Girl en vente au Royaume-Uni, en Europe et dans le monde entier ! Vous pouvez acheter le meilleur sel de bain White Girl ici !<\/p>\n<p>Le prix des sels de bain White Girl sur Internet peut \u00eatre trop \u00e9lev\u00e9.<\/p>\n<p>Chez Best global meds, vous pouvez acheter White Girl sels de bain dans le confort de votre foyer. Les sels de bain White Girl sont en vente.<\/p>\n<p>Dans ce cas, vous pouvez acheter des sels de bain sur Internet White Girl 500mg Bath Salt<\/p>\n<p>Best Global Meds vend des sels de bain de haute qualit\u00e9 qui vous offre un bain doux et sensuel qui vous laissera une sensation de propret\u00e9.<\/p>\n<p>Lorsque vous achetez des sels de bain White Girl en ligne chez nous, vous pouvez \u00eatre s\u00fbr qu&#8217;ils seront les meilleurs que vous puissiez obtenir. Nous vendons et achetons d&#8217;autres sels de bain concentr\u00e9s \u00e0 bon prix.<\/p>\n<p>Nos sels de bain ont une forte odeur.<\/p>\n<div class=\"product-next-previous\">\n<div class=\"product- prev\"><\/div>\n<\/div>\n","protected":false},"featured_media":5625,"comment_status":"open","ping_status":"closed","template":"","meta":[],"product_brand":[],"product_cat":[59],"product_tag":[3300,3299,3302,3303,3304,3301,3305,3306],"class_list":{"0":"post-5615","1":"product","2":"type-product","3":"status-publish","4":"has-post-thumbnail","6":"product_cat-produits-chimiques-de-recherche","7":"product_tag-acheter-white-girl-sels-de-bain-en-ligne","8":"product_tag-acheter-concentr-white-girl-500mg-sel-de-bain-en-ligne","9":"product_tag-commander-white-girl-sels-de-bain-en-ligne","10":"product_tag-o-acheter-des-sels-de-bain-white-girl","11":"product_tag-white-girl-500mg-sel-de-bain-en-ligne","12":"product_tag-sels-de-bain-concentrs-white-girl-500mg","13":"product_tag-sels-de-bain-fille-blanche","14":"product_tag-sels-de-bain-white-girl-a-vendre","16":"first","17":"instock","18":"shipping-taxable","19":"purchasable","20":"product-type-variable","21":"has-default-attributes"},"yoast_head":"<!-- This site is optimized with the Yoast SEO plugin v27.3 - https:\/\/yoast.com\/product\/yoast-seo-wordpress\/ -->\n<title>Acheter du sel de bain White Girl - Sel de bain \u00e0 vendre - Best Global Meds<\/title>\n<meta name=\"description\" content=\"vous cherchez \u00e0 acheter du sel de bain White Girl \u00e0 vendre au Royaume-Uni, en Europe dans notre boutique medicinasinc.com avec une livraison rapide dans le monde entier\u00a0! Vous trouverez ici le meilleur sel de bain White Girl \u00e0 commander!\" \/>\n<meta name=\"robots\" content=\"index, follow, max-snippet:-1, max-image-preview:large, max-video-preview:-1\" \/>\n<link rel=\"canonical\" href=\"https:\/\/medicinasinc.com\/fr\/product\/acheter-blanc-fille-sel-de-bain\/\" \/>\n<meta property=\"og:locale\" content=\"en_US\" \/>\n<meta property=\"og:type\" content=\"article\" \/>\n<meta property=\"og:title\" content=\"Acheter du sel de bain White Girl - Sel de bain \u00e0 vendre - Best Global Meds\" \/>\n<meta property=\"og:description\" content=\"vous cherchez \u00e0 acheter du sel de bain White Girl \u00e0 vendre au Royaume-Uni, en Europe dans notre boutique medicinasinc.com avec une livraison rapide dans le monde entier\u00a0! Vous trouverez ici le meilleur sel de bain White Girl \u00e0 commander!\" \/>\n<meta property=\"og:url\" content=\"https:\/\/medicinasinc.com\/fr\/product\/acheter-blanc-fille-sel-de-bain\/\" \/>\n<meta property=\"og:site_name\" content=\"Medicinas Inc\" \/>\n<meta property=\"article:modified_time\" content=\"2022-08-05T10:43:38+00:00\" \/>\n<meta property=\"og:image\" content=\"https:\/\/medicinasinc.com\/fr\/wp-content\/uploads\/sites\/5\/2022\/02\/Buy-White-Girl-Bath-Salt.jpg\" \/>\n\t<meta property=\"og:image:width\" content=\"600\" \/>\n\t<meta property=\"og:image:height\" content=\"600\" \/>\n\t<meta property=\"og:image:type\" content=\"image\/jpeg\" \/>\n<meta name=\"twitter:card\" content=\"summary_large_image\" \/>\n<meta name=\"twitter:label1\" content=\"Est. reading time\" \/>\n\t<meta name=\"twitter:data1\" content=\"2 minutes\" \/>\n<script type=\"application\/ld+json\" class=\"yoast-schema-graph\">{\"@context\":\"https:\\\/\\\/schema.org\",\"@graph\":[{\"@type\":\"WebPage\",\"@id\":\"https:\\\/\\\/medicinasinc.com\\\/fr\\\/product\\\/acheter-blanc-fille-sel-de-bain\\\/\",\"url\":\"https:\\\/\\\/medicinasinc.com\\\/fr\\\/product\\\/acheter-blanc-fille-sel-de-bain\\\/\",\"name\":\"Acheter du sel de bain White Girl - Sel de bain \u00e0 vendre - Best Global Meds\",\"isPartOf\":{\"@id\":\"https:\\\/\\\/medicinasinc.com\\\/fr\\\/#website\"},\"primaryImageOfPage\":{\"@id\":\"https:\\\/\\\/medicinasinc.com\\\/fr\\\/product\\\/acheter-blanc-fille-sel-de-bain\\\/#primaryimage\"},\"image\":{\"@id\":\"https:\\\/\\\/medicinasinc.com\\\/fr\\\/product\\\/acheter-blanc-fille-sel-de-bain\\\/#primaryimage\"},\"thumbnailUrl\":\"https:\\\/\\\/medicinasinc.com\\\/fr\\\/wp-content\\\/uploads\\\/sites\\\/5\\\/2022\\\/02\\\/Buy-White-Girl-Bath-Salt.jpg\",\"datePublished\":\"2022-02-22T02:46:09+00:00\",\"dateModified\":\"2022-08-05T10:43:38+00:00\",\"description\":\"vous cherchez \u00e0 acheter du sel de bain White Girl \u00e0 vendre au Royaume-Uni, en Europe dans notre boutique medicinasinc.com avec une livraison rapide dans le monde entier\u00a0! Vous trouverez ici le meilleur sel de bain White Girl \u00e0 commander!\",\"breadcrumb\":{\"@id\":\"https:\\\/\\\/medicinasinc.com\\\/fr\\\/product\\\/acheter-blanc-fille-sel-de-bain\\\/#breadcrumb\"},\"inLanguage\":\"en-US\",\"potentialAction\":[{\"@type\":\"ReadAction\",\"target\":[\"https:\\\/\\\/medicinasinc.com\\\/fr\\\/product\\\/acheter-blanc-fille-sel-de-bain\\\/\"]}]},{\"@type\":\"ImageObject\",\"inLanguage\":\"en-US\",\"@id\":\"https:\\\/\\\/medicinasinc.com\\\/fr\\\/product\\\/acheter-blanc-fille-sel-de-bain\\\/#primaryimage\",\"url\":\"https:\\\/\\\/medicinasinc.com\\\/fr\\\/wp-content\\\/uploads\\\/sites\\\/5\\\/2022\\\/02\\\/Buy-White-Girl-Bath-Salt.jpg\",\"contentUrl\":\"https:\\\/\\\/medicinasinc.com\\\/fr\\\/wp-content\\\/uploads\\\/sites\\\/5\\\/2022\\\/02\\\/Buy-White-Girl-Bath-Salt.jpg\",\"width\":600,\"height\":600},{\"@type\":\"BreadcrumbList\",\"@id\":\"https:\\\/\\\/medicinasinc.com\\\/fr\\\/product\\\/acheter-blanc-fille-sel-de-bain\\\/#breadcrumb\",\"itemListElement\":[{\"@type\":\"ListItem\",\"position\":1,\"name\":\"Boutique\",\"item\":\"https:\\\/\\\/medicinasinc.com\\\/fr\\\/boutique\\\/\"},{\"@type\":\"ListItem\",\"position\":2,\"name\":\"Acheter du sel de bain White Girl\"}]},{\"@type\":\"WebSite\",\"@id\":\"https:\\\/\\\/medicinasinc.com\\\/fr\\\/#website\",\"url\":\"https:\\\/\\\/medicinasinc.com\\\/fr\\\/\",\"name\":\"Medicinas Inc\",\"description\":\"Health Medical Clinic\",\"potentialAction\":[{\"@type\":\"SearchAction\",\"target\":{\"@type\":\"EntryPoint\",\"urlTemplate\":\"https:\\\/\\\/medicinasinc.com\\\/fr\\\/?s={search_term_string}\"},\"query-input\":{\"@type\":\"PropertyValueSpecification\",\"valueRequired\":true,\"valueName\":\"search_term_string\"}}],\"inLanguage\":\"en-US\"}]}<\/script>\n<!-- \/ Yoast SEO plugin. -->","yoast_head_json":{"title":"Acheter du sel de bain White Girl - Sel de bain \u00e0 vendre - Best Global Meds","description":"vous cherchez \u00e0 acheter du sel de bain White Girl \u00e0 vendre au Royaume-Uni, en Europe dans notre boutique medicinasinc.com avec une livraison rapide dans le monde entier\u00a0! Vous trouverez ici le meilleur sel de bain White Girl \u00e0 commander!","robots":{"index":"index","follow":"follow","max-snippet":"max-snippet:-1","max-image-preview":"max-image-preview:large","max-video-preview":"max-video-preview:-1"},"canonical":"https:\/\/medicinasinc.com\/fr\/product\/acheter-blanc-fille-sel-de-bain\/","og_locale":"en_US","og_type":"article","og_title":"Acheter du sel de bain White Girl - Sel de bain \u00e0 vendre - Best Global Meds","og_description":"vous cherchez \u00e0 acheter du sel de bain White Girl \u00e0 vendre au Royaume-Uni, en Europe dans notre boutique medicinasinc.com avec une livraison rapide dans le monde entier\u00a0! Vous trouverez ici le meilleur sel de bain White Girl \u00e0 commander!","og_url":"https:\/\/medicinasinc.com\/fr\/product\/acheter-blanc-fille-sel-de-bain\/","og_site_name":"Medicinas Inc","article_modified_time":"2022-08-05T10:43:38+00:00","og_image":[{"width":600,"height":600,"url":"https:\/\/medicinasinc.com\/fr\/wp-content\/uploads\/sites\/5\/2022\/02\/Buy-White-Girl-Bath-Salt.jpg","type":"image\/jpeg"}],"twitter_card":"summary_large_image","twitter_misc":{"Est. reading time":"2 minutes"},"schema":{"@context":"https:\/\/schema.org","@graph":[{"@type":"WebPage","@id":"https:\/\/medicinasinc.com\/fr\/product\/acheter-blanc-fille-sel-de-bain\/","url":"https:\/\/medicinasinc.com\/fr\/product\/acheter-blanc-fille-sel-de-bain\/","name":"Acheter du sel de bain White Girl - Sel de bain \u00e0 vendre - Best Global Meds","isPartOf":{"@id":"https:\/\/medicinasinc.com\/fr\/#website"},"primaryImageOfPage":{"@id":"https:\/\/medicinasinc.com\/fr\/product\/acheter-blanc-fille-sel-de-bain\/#primaryimage"},"image":{"@id":"https:\/\/medicinasinc.com\/fr\/product\/acheter-blanc-fille-sel-de-bain\/#primaryimage"},"thumbnailUrl":"https:\/\/medicinasinc.com\/fr\/wp-content\/uploads\/sites\/5\/2022\/02\/Buy-White-Girl-Bath-Salt.jpg","datePublished":"2022-02-22T02:46:09+00:00","dateModified":"2022-08-05T10:43:38+00:00","description":"vous cherchez \u00e0 acheter du sel de bain White Girl \u00e0 vendre au Royaume-Uni, en Europe dans notre boutique medicinasinc.com avec une livraison rapide dans le monde entier\u00a0! Vous trouverez ici le meilleur sel de bain White Girl \u00e0 commander!","breadcrumb":{"@id":"https:\/\/medicinasinc.com\/fr\/product\/acheter-blanc-fille-sel-de-bain\/#breadcrumb"},"inLanguage":"en-US","potentialAction":[{"@type":"ReadAction","target":["https:\/\/medicinasinc.com\/fr\/product\/acheter-blanc-fille-sel-de-bain\/"]}]},{"@type":"ImageObject","inLanguage":"en-US","@id":"https:\/\/medicinasinc.com\/fr\/product\/acheter-blanc-fille-sel-de-bain\/#primaryimage","url":"https:\/\/medicinasinc.com\/fr\/wp-content\/uploads\/sites\/5\/2022\/02\/Buy-White-Girl-Bath-Salt.jpg","contentUrl":"https:\/\/medicinasinc.com\/fr\/wp-content\/uploads\/sites\/5\/2022\/02\/Buy-White-Girl-Bath-Salt.jpg","width":600,"height":600},{"@type":"BreadcrumbList","@id":"https:\/\/medicinasinc.com\/fr\/product\/acheter-blanc-fille-sel-de-bain\/#breadcrumb","itemListElement":[{"@type":"ListItem","position":1,"name":"Boutique","item":"https:\/\/medicinasinc.com\/fr\/boutique\/"},{"@type":"ListItem","position":2,"name":"Acheter du sel de bain White Girl"}]},{"@type":"WebSite","@id":"https:\/\/medicinasinc.com\/fr\/#website","url":"https:\/\/medicinasinc.com\/fr\/","name":"Medicinas Inc","description":"Health Medical Clinic","potentialAction":[{"@type":"SearchAction","target":{"@type":"EntryPoint","urlTemplate":"https:\/\/medicinasinc.com\/fr\/?s={search_term_string}"},"query-input":{"@type":"PropertyValueSpecification","valueRequired":true,"valueName":"search_term_string"}}],"inLanguage":"en-US"}]}},"_links":{"self":[{"href":"https:\/\/medicinasinc.com\/fr\/wp-json\/wp\/v2\/product\/5615","targetHints":{"allow":["GET"]}}],"collection":[{"href":"https:\/\/medicinasinc.com\/fr\/wp-json\/wp\/v2\/product"}],"about":[{"href":"https:\/\/medicinasinc.com\/fr\/wp-json\/wp\/v2\/types\/product"}],"replies":[{"embeddable":true,"href":"https:\/\/medicinasinc.com\/fr\/wp-json\/wp\/v2\/comments?post=5615"}],"wp:featuredmedia":[{"embeddable":true,"href":"https:\/\/medicinasinc.com\/fr\/wp-json\/wp\/v2\/media\/5625"}],"wp:attachment":[{"href":"https:\/\/medicinasinc.com\/fr\/wp-json\/wp\/v2\/media?parent=5615"}],"wp:term":[{"taxonomy":"product_brand","embeddable":true,"href":"https:\/\/medicinasinc.com\/fr\/wp-json\/wp\/v2\/product_brand?post=5615"},{"taxonomy":"product_cat","embeddable":true,"href":"https:\/\/medicinasinc.com\/fr\/wp-json\/wp\/v2\/product_cat?post=5615"},{"taxonomy":"product_tag","embeddable":true,"href":"https:\/\/medicinasinc.com\/fr\/wp-json\/wp\/v2\/product_tag?post=5615"}],"curies":[{"name":"wp","href":"https:\/\/api.w.org\/{rel}","templated":true}]}}