{"id":5614,"date":"2022-02-22T02:44:39","date_gmt":"2022-02-22T02:44:39","guid":{"rendered":"https:\/\/medicinasinc.com\/fr\/?post_type=product&#038;p=5614"},"modified":"2022-08-05T10:31:07","modified_gmt":"2022-08-05T10:31:07","slug":"acheter-bk-ethyl-k-cristaux","status":"publish","type":"product","link":"https:\/\/medicinasinc.com\/fr\/product\/acheter-bk-ethyl-k-cristaux\/","title":{"rendered":"Acheter des cristaux bk-Ethyl-K"},"content":{"rendered":"<p>Achetez des produits chimiques bk-Ethyl-K en ligne aupr\u00e8s d&#8217;un grossiste.<\/p>\n<p>Les produits chimiques bk-Ethyl-K peuvent \u00eatre achet\u00e9s en vrac.<\/p>\n<p>BKK-ethyl-k<\/p>\n<p>Il est \u00e9galement connu sous le nom d&#8217;Ethylone, qui est un \u00e9nergisant entactog\u00e8ne. On l&#8217;appelle souvent 3,4-m\u00e9thyl\u00e8nedioxy-N-\u00e9thylcathinone, mais ce n&#8217;est pas toujours le bon nom. L&#8217;\u00e9thylone est appel\u00e9e 1-(1,3-Benzodioxol-5-yl)- 2-(m\u00e9thylamino)- 1-propanone parce qu&#8217;elle porte un nom utile. Formule : C12H15NO3 a une masse normale de 221,251999 Da et une masse monoisotopique de 221,104996 Da. C&#8217;est la formule subnucl\u00e9aire. Le meilleur endroit pour acheter de l&#8217;\u00e9thyl\u00e8ne est la Chine. Ethylone est une pierre pr\u00e9cieuse qui peut \u00eatre achet\u00e9e. Achetez des pierres d&#8217;\u00e9thyle qui ont de la valeur. Fournisseur d&#8217;Ethylone. Achetez de l&#8217;\u00e9thyl\u00e8ne \u00e0 prix r\u00e9duit. remboursement Ethylone<\/p>\n<p>Le nouveau stimulant bk-Ethyl-K est un m\u00e9dicament fabriqu\u00e9 par un designer. C&#8217;est un analogue de l&#8217;amph\u00e9tamine. Il n&#8217;y a aucun probl\u00e8me \u00e0 la douane avec la nouvelle formule.<\/p>\n<table class=\"t1\" cellspacing=\"0\" cellpadding=\"0\">\n<tbody>\n<tr>\n<td class=\"td1\" valign=\"top \">\n<p class=\"p3\"><span class=\"s1\"><b>Synonymes<\/b><\/span><\/p>\n<\/td>\n<td class=\"td2\" valign=\"top\">\n<p class=\"p3\"><span class=\"s1\"> bk-\u00c9thyl-K<\/span><\/p>\n<\/td>\n<\/tr>\n<tr>\n<td class=\"td3\" valign=\"top\">\n<p class=\"p3\"><span class=\"s1\"><b>IUPAC<\/b><\/span><\/p>\n<\/td>\n<td class=\"td4\" valign=\"top\">\n<p class=\"p3\"><span class=\"s1\">1-(benzo[d][1,3]dioxol-5-yl)-2-(\u00e9thylamino)pentan-1-one<\/span><\/p>\n<\/td>\n<\/tr>\n<tr>\n<td class=\"td1\" valign=\"top\">\n<p class=\"p3\"><span class=\"s1\"><b>Formule<\/b><\/span><\/p>\n<\/td>\n<td class=\"td2\" valign=\"top\">\n<p class=\"p3\"><span class=\"s1\">Non<\/span><\/p>\n<\/td>\n<\/tr>\n<tr>\n<td class=\"td3\" valign=\"top\">\n<p class=\"p3\"><span class=\"s1\"><b>Poids mol\u00e9culaire<\/b><\/span><\/p>\n<\/td>\n<td class=\"td4\" valign=\"top\">\n<p class=\"p3\"><span class=\"s1\">Non <\/span><\/p>\n<\/td>\n<\/tr>\n<tr>\n<td class=\"td1\" valign=\"top\">\n<p class=\"p3\"><span class=\"s1\"><b>CAS<\/b><\/span><\/p>\n<\/td>\n<td class=\"td2\" valign=\"top\">\n<p class=\"p3\"><span class=\"s1\">Non<\/span><\/p>\n<\/td>\n<\/tr>\n<tr>\n<td class=\"td3\" valign=\"top\">\n<p class=\"p3\"><span class=\"s1\"><b>Apparence <\/b><\/span><\/p>\n<\/td>\n<td class=\"td4\" valign=\"top\">\n<p class=\"p3\"><span class=\"s1\">Non<\/span><\/p>\n<\/td>\n<\/tr>\n<tr>\n<td class=\"td1\" valign=\"top\">\n<p class=\"p3\"><span class=\"s1\"><b>Puret\u00e9<\/b><\/span><\/p>\n<\/td>\n<td class=\"td2\" valign=\"top\">\n<p class=\"p3\"><span class=\"s1\">\u2265 99\u00a0%<\/span><\/p>\n<\/td>\n<\/tr>\n<\/tbody>\n<\/table>\n<p><img loading=\"lazy\" decoding=\"async\" class=\"alignnone wp-image-923 size-full lazyloaded\" src=\"https:\/\/i2.wp.com\/chemspro.com\/wp-content\/uploads\/sites\/5\/2017\/04\/bk-ethyl-k- e1570866136196.jpg?resize=260%2C185&amp;ssl=1\" alt=\"bk-Ethyl-K \" width=\"260\" height=\"185\" data-attachment-id=\"923\" data-permalink=\"https:\/ \/chemspro.com\/stimulants\/bk-ethyl-k-crystals.html \/attachment\/bk-ethyl-k\" data-orig-file=\"https:\/\/i2.wp.com\/chemspro.com\/wp-content\/uploads\/sites\/5\/2017\/04\/bk-ethyl-k- e1570866136196.jpg?fit=260%2C185&amp;ssl=1\" data-orig-size=\"260,185\" data-comments-opened=\"1\" data-image-meta=\"{&quot;ouverture&quot;\u00a0:&quot;0&quot;, &quot;cr\u00e9dit&quot;\u00a0:&quot;&quot;,&quot;appareil photo&quot;\u00a0:&quot;&quot;,&quot;l\u00e9gende&quot;\u00a0:&quot;&quot;,&quot;created_timestamp&quot;\u00a0:&quot;0&quot;,&quot;copyright&quot;\u00a0:&quot;&quot;, &quot;longueur_focale&quot;\u00a0:\u00a0&quot;0&quot;,&quot;iso&quot;\u00a0:&quot;0&quot;,&quot;vitesse_obturation&quot;\u00a0:&quot;0&quot;,&quot;titre&quot;\u00a0:&quot;&quot;,&quot;orientation&quot;\u00a0:&quot;0&quot;} \" data-image-title=\"bk-ethyl-k\" data-image-description=\"&lt;p&gt;bk-Ethyl-K &lt;\/p&gt; \" data-image-caption=\"\" data-medium-file=\"https:\/\/i2.wp.com\/chemspro.com\/wp-content\/uploads\/sites\/5\/2017\/04\/bk-ethyl-k- e1570866136196.jpg?fit=300%2C213&amp;ssl=1\" data-large-file=\"https:\/\/i2.wp.com\/chemspro.com\/wp-content\/uploads\/sites\/5\/2017\/04\/bk -ethyl-k-e1570866136196.jpg?fit=260%2C185&amp;ssl=1\" data-recalc-dims=\"1\" data-src=\"https:\/\/i2.wp.com\/chemspro.com\/wp-content \/uploads\/sites\/5\/2017\/04\/bk-ethyl-k-e1570866136196.jpg?resize=260%2C185&amp;ssl=1\" \/><\/p>\n<p>Les personnes qui ach\u00e8tent Bk-Ethyl-K de ce site devrait l&#8217;utiliser pour la recherche et la criminalistique. L&#8217;\u00e9thyl-K fait partie des familles chimiques des cathinones et des amph\u00e9tamines. Voici le poids de la formule\u00a0: 285,8 g-mol<\/p>\n<p>Personne ne sait ce qui vous arrivera apr\u00e8s avoir pris bk-Ethyl-K, mais il peut y en avoir.<\/p>\n<p>Le plein le nom chimique est bk-Ethyl-K\u00a0: 1- (benzo [d] [1,3] dioxol-5-yl) -2- (ethylamino) pentan-1-one est le premier.<\/p>\n<p>Stockage : dans un endroit frais et sec. Les termes bk-Ethyl-K peuvent durer jusqu&#8217;\u00e0 deux ans s&#8217;ils sont stock\u00e9s de la bonne mani\u00e8re.<\/p>\n","protected":false},"excerpt":{"rendered":"<div class=\"woocommerce-product-details__short-description\">\n<p>Dans notre boutique medicinasinc.com, vous pouvez acheter des cristaux bk-Ethyl-K bon march\u00e9 \u00e0 vendre au Royaume-Uni, en Europe et partout dans le monde ! C&#8217;est ici que vous pouvez acheter les meilleurs cristaux bk-Ethyl-K sur commande.<\/p>\n<p>Achetez bk-Ethyl-K Chemical en ligne aupr\u00e8s d&#8217;un grossiste. produits chimiques de recherche bon march\u00e9 qui ont la meilleure puret\u00e9 pour la recherche<\/p>\n<p>.<\/p>\n<\/div>\n","protected":false},"featured_media":5623,"comment_status":"open","ping_status":"closed","template":"","meta":[],"product_brand":[],"product_cat":[59],"product_tag":[3289,3294,3293,3281,3282,3283,3288,3286,3291,3284,3285,3290,3295,3296,3297,3287,3298],"class_list":{"0":"post-5614","1":"product","2":"type-product","3":"status-publish","4":"has-post-thumbnail","6":"product_cat-produits-chimiques-de-recherche","7":"product_tag-bk-ethyl-k-cristaux-skids","8":"product_tag-acheter-bk-ethyl-k-crystals-fr","9":"product_tag-acheter-bk-ethyl-k-crystals-europe","10":"product_tag-best-bk-ethyl-k-crystals-wholesale","11":"product_tag-best-place-to-buy-bk-ethyl-k-crystals","12":"product_tag-best-place-to-buy-mxe","13":"product_tag-bk-thyl-k-cristaux--vendre","14":"product_tag-bk-ethyl-k-crystals-achat-europe","15":"product_tag-bk-thyl-k-cristaux-reddit","16":"product_tag-bk-ethyl-k-crystals","17":"product_tag-bk-ethyl-k-crystals-buy","18":"product_tag-bk-ethyl-k-crystals-order","19":"product_tag-commande-dmt","20":"product_tag-commander-bk-ethyl-k-crystals-fr","21":"product_tag-retail-bk-ethyl-k-cristaux","22":"product_tag-effet-bk-thyl-k-cristaux","23":"product_tag-vente-en-gros-bk-thyl-k-cristaux","25":"first","26":"instock","27":"shipping-taxable","28":"purchasable","29":"product-type-variable","30":"has-default-attributes"},"yoast_head":"<!-- This site is optimized with the Yoast SEO plugin v27.3 - https:\/\/yoast.com\/product\/yoast-seo-wordpress\/ -->\n<title>Acheter des cristaux bk-Ethyl-K - bk-Ethyl-K Online - Best Global Meds<\/title>\n<meta name=\"description\" content=\"vous cherchez \u00e0 acheter des cristaux bk-Ethyl-K bon march\u00e9 \u00e0 vendre au Royaume-Uni, en Europe dans notre boutique medicinasinc.com avec une livraison rapide dans le monde entier\u00a0! Les meilleurs cristaux bk-Ethyl-K pour la commande que vous trouverez ici\u00a0!\" \/>\n<meta name=\"robots\" content=\"index, follow, max-snippet:-1, max-image-preview:large, max-video-preview:-1\" \/>\n<link rel=\"canonical\" href=\"https:\/\/medicinasinc.com\/fr\/product\/acheter-bk-ethyl-k-cristaux\/\" \/>\n<meta property=\"og:locale\" content=\"en_US\" \/>\n<meta property=\"og:type\" content=\"article\" \/>\n<meta property=\"og:title\" content=\"Acheter des cristaux bk-Ethyl-K - bk-Ethyl-K Online - Best Global Meds\" \/>\n<meta property=\"og:description\" content=\"vous cherchez \u00e0 acheter des cristaux bk-Ethyl-K bon march\u00e9 \u00e0 vendre au Royaume-Uni, en Europe dans notre boutique medicinasinc.com avec une livraison rapide dans le monde entier\u00a0! Les meilleurs cristaux bk-Ethyl-K pour la commande que vous trouverez ici\u00a0!\" \/>\n<meta property=\"og:url\" content=\"https:\/\/medicinasinc.com\/fr\/product\/acheter-bk-ethyl-k-cristaux\/\" \/>\n<meta property=\"og:site_name\" content=\"Medicinas Inc\" \/>\n<meta property=\"article:modified_time\" content=\"2022-08-05T10:31:07+00:00\" \/>\n<meta property=\"og:image\" content=\"https:\/\/medicinasinc.com\/fr\/wp-content\/uploads\/sites\/5\/2022\/02\/Buy-bk-Ethyl-K-Crystals.jpg\" \/>\n\t<meta property=\"og:image:width\" content=\"600\" \/>\n\t<meta property=\"og:image:height\" content=\"600\" \/>\n\t<meta property=\"og:image:type\" content=\"image\/jpeg\" \/>\n<meta name=\"twitter:card\" content=\"summary_large_image\" \/>\n<meta name=\"twitter:label1\" content=\"Est. reading time\" \/>\n\t<meta name=\"twitter:data1\" content=\"2 minutes\" \/>\n<script type=\"application\/ld+json\" class=\"yoast-schema-graph\">{\"@context\":\"https:\\\/\\\/schema.org\",\"@graph\":[{\"@type\":\"WebPage\",\"@id\":\"https:\\\/\\\/medicinasinc.com\\\/fr\\\/product\\\/acheter-bk-ethyl-k-cristaux\\\/\",\"url\":\"https:\\\/\\\/medicinasinc.com\\\/fr\\\/product\\\/acheter-bk-ethyl-k-cristaux\\\/\",\"name\":\"Acheter des cristaux bk-Ethyl-K - bk-Ethyl-K Online - Best Global Meds\",\"isPartOf\":{\"@id\":\"https:\\\/\\\/medicinasinc.com\\\/fr\\\/#website\"},\"primaryImageOfPage\":{\"@id\":\"https:\\\/\\\/medicinasinc.com\\\/fr\\\/product\\\/acheter-bk-ethyl-k-cristaux\\\/#primaryimage\"},\"image\":{\"@id\":\"https:\\\/\\\/medicinasinc.com\\\/fr\\\/product\\\/acheter-bk-ethyl-k-cristaux\\\/#primaryimage\"},\"thumbnailUrl\":\"https:\\\/\\\/medicinasinc.com\\\/fr\\\/wp-content\\\/uploads\\\/sites\\\/5\\\/2022\\\/02\\\/Buy-bk-Ethyl-K-Crystals.jpg\",\"datePublished\":\"2022-02-22T02:44:39+00:00\",\"dateModified\":\"2022-08-05T10:31:07+00:00\",\"description\":\"vous cherchez \u00e0 acheter des cristaux bk-Ethyl-K bon march\u00e9 \u00e0 vendre au Royaume-Uni, en Europe dans notre boutique medicinasinc.com avec une livraison rapide dans le monde entier\u00a0! Les meilleurs cristaux bk-Ethyl-K pour la commande que vous trouverez ici\u00a0!\",\"breadcrumb\":{\"@id\":\"https:\\\/\\\/medicinasinc.com\\\/fr\\\/product\\\/acheter-bk-ethyl-k-cristaux\\\/#breadcrumb\"},\"inLanguage\":\"en-US\",\"potentialAction\":[{\"@type\":\"ReadAction\",\"target\":[\"https:\\\/\\\/medicinasinc.com\\\/fr\\\/product\\\/acheter-bk-ethyl-k-cristaux\\\/\"]}]},{\"@type\":\"ImageObject\",\"inLanguage\":\"en-US\",\"@id\":\"https:\\\/\\\/medicinasinc.com\\\/fr\\\/product\\\/acheter-bk-ethyl-k-cristaux\\\/#primaryimage\",\"url\":\"https:\\\/\\\/medicinasinc.com\\\/fr\\\/wp-content\\\/uploads\\\/sites\\\/5\\\/2022\\\/02\\\/Buy-bk-Ethyl-K-Crystals.jpg\",\"contentUrl\":\"https:\\\/\\\/medicinasinc.com\\\/fr\\\/wp-content\\\/uploads\\\/sites\\\/5\\\/2022\\\/02\\\/Buy-bk-Ethyl-K-Crystals.jpg\",\"width\":600,\"height\":600},{\"@type\":\"BreadcrumbList\",\"@id\":\"https:\\\/\\\/medicinasinc.com\\\/fr\\\/product\\\/acheter-bk-ethyl-k-cristaux\\\/#breadcrumb\",\"itemListElement\":[{\"@type\":\"ListItem\",\"position\":1,\"name\":\"Boutique\",\"item\":\"https:\\\/\\\/medicinasinc.com\\\/fr\\\/boutique\\\/\"},{\"@type\":\"ListItem\",\"position\":2,\"name\":\"Acheter des cristaux bk-Ethyl-K\"}]},{\"@type\":\"WebSite\",\"@id\":\"https:\\\/\\\/medicinasinc.com\\\/fr\\\/#website\",\"url\":\"https:\\\/\\\/medicinasinc.com\\\/fr\\\/\",\"name\":\"Medicinas Inc\",\"description\":\"Health Medical Clinic\",\"potentialAction\":[{\"@type\":\"SearchAction\",\"target\":{\"@type\":\"EntryPoint\",\"urlTemplate\":\"https:\\\/\\\/medicinasinc.com\\\/fr\\\/?s={search_term_string}\"},\"query-input\":{\"@type\":\"PropertyValueSpecification\",\"valueRequired\":true,\"valueName\":\"search_term_string\"}}],\"inLanguage\":\"en-US\"}]}<\/script>\n<!-- \/ Yoast SEO plugin. -->","yoast_head_json":{"title":"Acheter des cristaux bk-Ethyl-K - bk-Ethyl-K Online - Best Global Meds","description":"vous cherchez \u00e0 acheter des cristaux bk-Ethyl-K bon march\u00e9 \u00e0 vendre au Royaume-Uni, en Europe dans notre boutique medicinasinc.com avec une livraison rapide dans le monde entier\u00a0! Les meilleurs cristaux bk-Ethyl-K pour la commande que vous trouverez ici\u00a0!","robots":{"index":"index","follow":"follow","max-snippet":"max-snippet:-1","max-image-preview":"max-image-preview:large","max-video-preview":"max-video-preview:-1"},"canonical":"https:\/\/medicinasinc.com\/fr\/product\/acheter-bk-ethyl-k-cristaux\/","og_locale":"en_US","og_type":"article","og_title":"Acheter des cristaux bk-Ethyl-K - bk-Ethyl-K Online - Best Global Meds","og_description":"vous cherchez \u00e0 acheter des cristaux bk-Ethyl-K bon march\u00e9 \u00e0 vendre au Royaume-Uni, en Europe dans notre boutique medicinasinc.com avec une livraison rapide dans le monde entier\u00a0! Les meilleurs cristaux bk-Ethyl-K pour la commande que vous trouverez ici\u00a0!","og_url":"https:\/\/medicinasinc.com\/fr\/product\/acheter-bk-ethyl-k-cristaux\/","og_site_name":"Medicinas Inc","article_modified_time":"2022-08-05T10:31:07+00:00","og_image":[{"width":600,"height":600,"url":"https:\/\/medicinasinc.com\/fr\/wp-content\/uploads\/sites\/5\/2022\/02\/Buy-bk-Ethyl-K-Crystals.jpg","type":"image\/jpeg"}],"twitter_card":"summary_large_image","twitter_misc":{"Est. reading time":"2 minutes"},"schema":{"@context":"https:\/\/schema.org","@graph":[{"@type":"WebPage","@id":"https:\/\/medicinasinc.com\/fr\/product\/acheter-bk-ethyl-k-cristaux\/","url":"https:\/\/medicinasinc.com\/fr\/product\/acheter-bk-ethyl-k-cristaux\/","name":"Acheter des cristaux bk-Ethyl-K - bk-Ethyl-K Online - Best Global Meds","isPartOf":{"@id":"https:\/\/medicinasinc.com\/fr\/#website"},"primaryImageOfPage":{"@id":"https:\/\/medicinasinc.com\/fr\/product\/acheter-bk-ethyl-k-cristaux\/#primaryimage"},"image":{"@id":"https:\/\/medicinasinc.com\/fr\/product\/acheter-bk-ethyl-k-cristaux\/#primaryimage"},"thumbnailUrl":"https:\/\/medicinasinc.com\/fr\/wp-content\/uploads\/sites\/5\/2022\/02\/Buy-bk-Ethyl-K-Crystals.jpg","datePublished":"2022-02-22T02:44:39+00:00","dateModified":"2022-08-05T10:31:07+00:00","description":"vous cherchez \u00e0 acheter des cristaux bk-Ethyl-K bon march\u00e9 \u00e0 vendre au Royaume-Uni, en Europe dans notre boutique medicinasinc.com avec une livraison rapide dans le monde entier\u00a0! Les meilleurs cristaux bk-Ethyl-K pour la commande que vous trouverez ici\u00a0!","breadcrumb":{"@id":"https:\/\/medicinasinc.com\/fr\/product\/acheter-bk-ethyl-k-cristaux\/#breadcrumb"},"inLanguage":"en-US","potentialAction":[{"@type":"ReadAction","target":["https:\/\/medicinasinc.com\/fr\/product\/acheter-bk-ethyl-k-cristaux\/"]}]},{"@type":"ImageObject","inLanguage":"en-US","@id":"https:\/\/medicinasinc.com\/fr\/product\/acheter-bk-ethyl-k-cristaux\/#primaryimage","url":"https:\/\/medicinasinc.com\/fr\/wp-content\/uploads\/sites\/5\/2022\/02\/Buy-bk-Ethyl-K-Crystals.jpg","contentUrl":"https:\/\/medicinasinc.com\/fr\/wp-content\/uploads\/sites\/5\/2022\/02\/Buy-bk-Ethyl-K-Crystals.jpg","width":600,"height":600},{"@type":"BreadcrumbList","@id":"https:\/\/medicinasinc.com\/fr\/product\/acheter-bk-ethyl-k-cristaux\/#breadcrumb","itemListElement":[{"@type":"ListItem","position":1,"name":"Boutique","item":"https:\/\/medicinasinc.com\/fr\/boutique\/"},{"@type":"ListItem","position":2,"name":"Acheter des cristaux bk-Ethyl-K"}]},{"@type":"WebSite","@id":"https:\/\/medicinasinc.com\/fr\/#website","url":"https:\/\/medicinasinc.com\/fr\/","name":"Medicinas Inc","description":"Health Medical Clinic","potentialAction":[{"@type":"SearchAction","target":{"@type":"EntryPoint","urlTemplate":"https:\/\/medicinasinc.com\/fr\/?s={search_term_string}"},"query-input":{"@type":"PropertyValueSpecification","valueRequired":true,"valueName":"search_term_string"}}],"inLanguage":"en-US"}]}},"_links":{"self":[{"href":"https:\/\/medicinasinc.com\/fr\/wp-json\/wp\/v2\/product\/5614","targetHints":{"allow":["GET"]}}],"collection":[{"href":"https:\/\/medicinasinc.com\/fr\/wp-json\/wp\/v2\/product"}],"about":[{"href":"https:\/\/medicinasinc.com\/fr\/wp-json\/wp\/v2\/types\/product"}],"replies":[{"embeddable":true,"href":"https:\/\/medicinasinc.com\/fr\/wp-json\/wp\/v2\/comments?post=5614"}],"wp:featuredmedia":[{"embeddable":true,"href":"https:\/\/medicinasinc.com\/fr\/wp-json\/wp\/v2\/media\/5623"}],"wp:attachment":[{"href":"https:\/\/medicinasinc.com\/fr\/wp-json\/wp\/v2\/media?parent=5614"}],"wp:term":[{"taxonomy":"product_brand","embeddable":true,"href":"https:\/\/medicinasinc.com\/fr\/wp-json\/wp\/v2\/product_brand?post=5614"},{"taxonomy":"product_cat","embeddable":true,"href":"https:\/\/medicinasinc.com\/fr\/wp-json\/wp\/v2\/product_cat?post=5614"},{"taxonomy":"product_tag","embeddable":true,"href":"https:\/\/medicinasinc.com\/fr\/wp-json\/wp\/v2\/product_tag?post=5614"}],"curies":[{"name":"wp","href":"https:\/\/api.w.org\/{rel}","templated":true}]}}