{"id":5592,"date":"2022-02-22T02:23:26","date_gmt":"2022-02-22T02:23:26","guid":{"rendered":"https:\/\/medicinasinc.com\/fr\/?post_type=product&#038;p=5592"},"modified":"2022-08-05T10:45:45","modified_gmt":"2022-08-05T10:45:45","slug":"acheter-eth-lad-poudre","status":"publish","type":"product","link":"https:\/\/medicinasinc.com\/fr\/product\/acheter-eth-lad-poudre\/","title":{"rendered":"Acheter ETH-LAD Poudre"},"content":{"rendered":"<p>Une source pour obtenir de la poudre ETH-LAD, ETH-LAD \u00e0 vendre<\/p>\n<p>Fabricant de poudre ETH-LAD en Chine. Fournisseurs et grossistes de poudre ETH-LAD. Produits chimiques de recherche en Chine \u00e0 vendre\u00a0: poudre ETH-LAD<\/p>\n<p>Ladd, \u00e9galement connu sous le nom d&#8217;ETH-LAD, est un t\u00e9trahydroindole cyclique (\u00e9galement connu sous le nom d&#8217;ETH-LAD ou ETH-LAD).<\/p>\n<p>Quinoline-9-carboxamide, membre de la famille des lysergamides. ETH-LAD est un analogue du LSD qui n&#8217;a \u00e9t\u00e9 mis \u00e0 la disposition de la communaut\u00e9 des chercheurs que r\u00e9cemment, ouvrant une pl\u00e9thore de possibilit\u00e9s pour \u00e9tudier ses effets. Comme d\u00e9taill\u00e9 dans le livre TiHKAL d&#8217;Alexander Shulgin dans les ann\u00e9es 1970, ETH-LAD a \u00e9t\u00e9 synth\u00e9tis\u00e9 par un groupe de recherche japonais dans les ann\u00e9es 1970.<\/p>\n<p>Description du produit\u00a0:<\/p>\n<p>Comt\u00e9s d&#8217;origine\u00a0: Chine\u00a0; Pays-Bas; Lituanie; \u00c9tats-Unis d&#8217;Am\u00e9rique<br \/>\nLa poudre ETH-LAD est son nom officiel.<br \/>\nMF\u00a0: Aucune pour le moment.<br \/>\nPuret\u00e9\u00a0: sup\u00e9rieure ou \u00e9gale \u00e0 99,5\u00a0%<br \/>\nApparence buvard<br \/>\n\/&gt; Sac en plastique ou en aluminium pour l&#8217;emballage<\/p>\n<p>Conditions de paiement\u00a0:<\/p>\n<p>La quantit\u00e9 minimum de commande est de dix unit\u00e9s. Payez avec Bitcoin, Money Gram, virement bancaire ou la m\u00e9thode de votre choix.<\/p>\n<p>Des \u00e9chantillons sont disponibles gratuitement.<\/p>\n<p>Des \u00e9chantillons bonus gratuits sont toujours inclus avec chaque commande. Cinq articles distincts, chacun pesant 2 grammes.<br \/>\nUn ensemble d&#8217;\u00e9chantillons de 10 articles ou plus, pesant 5 \u00e0 10 grammes chacun, co\u00fbte 400 $ et comprend la livraison. Veuillez nous contacter pour passer une commande.<\/p>\n<p>Conditions de livraison et d&#8217;exp\u00e9dition\u00a0:<\/p>\n<p>Apr\u00e8s r\u00e9ception du paiement, les produits seront exp\u00e9di\u00e9s dans un d\u00e9lai d&#8217;un jour ouvrable.<br \/>\nUPS, EMS, DHL, TNT ou FEDEX seront utilis\u00e9s pour exp\u00e9dier les articles. Pour chaque pays, nous s\u00e9lectionnerons le meilleur service de messagerie et la m\u00e9thode d&#8217;exp\u00e9dition la plus s\u00fbre pour vous.<br \/>\n5.-14 jours pour le d\u00e9lai de livraison EMS. 4 \u00e0 7 jours pour DHL, UPS et FedEx.<br \/>\nLa Russie, l&#8217;Australie et le Canada ont tous des r\u00e9glementations douani\u00e8res strictes avec lesquelles nous pouvons vous aider.<br \/>\nDans la plupart des cas, vous recevrez votre commande dans les quatre \u00e0 sept jours. Les articles seront renvoy\u00e9s s&#8217;ils sont perdus ou non re\u00e7us pour une raison quelconque.<\/p>\n<p>Veuillez nous contacter si vous avez besoin d&#8217;autres informations.<\/p>\n<p>Remarque\u00a0:<\/p>\n<p>Nous ont une large client\u00e8le mondiale et sont impatients de travailler avec vous sur le long terme. Pour plus d&#8217;informations, n&#8217;h\u00e9sitez pas \u00e0 nous contacter. Nous ferons tout notre possible pour vous aider. Merci beaucoup\u00a0!<\/p>\n","protected":false},"excerpt":{"rendered":"<div class=\"g\">\n<div data-hveid=\"CAUQAA\" data-ved=\"2ahUKEwiXmcfFl6nzAhVLQEEAHXkQAPMQFSgAegQIBRAA\">\n<div class=\"tF2Cxc\">\n<div class=\"IsZvec\">\n<div>\n<p>Nos medicinasinc.com en ligne shop propose une livraison rapide dans le monde entier de la poudre ETH-LAD, qui est fabriqu\u00e9e en Europe et au Royaume-Uni. Trouvez la meilleure poudre ETH-LAD sur le march\u00e9 ici.<br \/>\nDistributeur d&#8217;interm\u00e9diaires pharmaceutiques et de produits chimiques de recherche du fournisseur chinois de poudre ETH-LAD<br \/>\nVous pouvez acheter de la poudre ETH-LAD sur ce site.<br \/>\nFournisseur europ\u00e9en de poudre ETH-LAD.<br \/>\nUn analogue du LSD appel\u00e9 poudre ETH-LAD peut \u00eatre achet\u00e9 en ligne.<br \/>\nSemblable au LSD, l&#8217;ETH-LAD est une substance hallucinog\u00e8ne.<\/p>\n<p>Analogue LSD ETH-LAD Poudre. La dose active d&#8217;ETH-LAD, une drogue psych\u00e9d\u00e9lique avec une gamme de puissances comprises entre 20 et 150 microgrammes, est comparable \u00e0 celle du LSD.<\/p>\n<p>ETH-LAD Powder est disponible \u00e0 l&#8217;achat.<\/p>\n<p>6-ethyl-6-nor-lysergic acid diethylamide IUPAC is ETH-LAD Powder<\/p>\n<p>Les commandes seront exp\u00e9di\u00e9es depuis les pays suivants\u00a0: France, Allemagne, Royaume-Uni et Su\u00e8de.<\/p>\n<\/div>\n<\/div>\n<\/div>\n<\/div>\n<\/div>\n","protected":false},"featured_media":5604,"comment_status":"open","ping_status":"closed","template":"","meta":[],"product_brand":[],"product_cat":[59],"product_tag":[3263,3264,3267,3279,3266,3265,3271,3272,3274,3270,3273,3269,3278,3277,3276,3280,3268,3275],"class_list":{"0":"post-5592","1":"product","2":"type-product","3":"status-publish","4":"has-post-thumbnail","6":"product_cat-produits-chimiques-de-recherche","7":"product_tag-acheter-eth-lad-poudre","8":"product_tag-acheter-eth-lad-poudre-fr","9":"product_tag-eth-lad-ordre","10":"product_tag-commander-eth-lad-poudre","11":"product_tag-eth-lad-effet","12":"product_tag-eth-garon-acheter","13":"product_tag-eth-lad-poudre--vendre","14":"product_tag-eth-lad-poudre-retail","15":"product_tag-eth-lad-poudre-vente-en-gros","16":"product_tag-eth-lad-poudre-europe","17":"product_tag-eth-lad-poudre-fr","18":"product_tag-eth-lad-powder-effect","19":"product_tag-eth-lad-wholesale","20":"product_tag-eth-lad-review","21":"product_tag-eth-lad-retails","22":"product_tag-o-acheter-eth-lad-poudre","23":"product_tag-eth-lad-poudre","24":"product_tag-eth-lad-reddit","26":"first","27":"instock","28":"shipping-taxable","29":"purchasable","30":"product-type-variable","31":"has-default-attributes"},"yoast_head":"<!-- This site is optimized with the Yoast SEO plugin v27.2 - https:\/\/yoast.com\/product\/yoast-seo-wordpress\/ -->\n<title>Acheter de la poudre ETH-LAD - Poudre ETH-LAD Online - Best Global Meds<\/title>\n<meta name=\"description\" content=\"Achetez la poudre ETH-LAD Europe, Royaume-Uni en ligne dans notre boutique en ligne medicinasinc.com avec une livraison rapide dans le monde entier ! Vous trouverez ici la meilleure poudre ETH-LAD \u00e0 commander!\" \/>\n<meta name=\"robots\" content=\"index, follow, max-snippet:-1, max-image-preview:large, max-video-preview:-1\" \/>\n<link rel=\"canonical\" href=\"https:\/\/medicinasinc.com\/fr\/product\/acheter-eth-lad-poudre\/\" \/>\n<meta property=\"og:locale\" content=\"en_US\" \/>\n<meta property=\"og:type\" content=\"article\" \/>\n<meta property=\"og:title\" content=\"Acheter de la poudre ETH-LAD - Poudre ETH-LAD Online - Best Global Meds\" \/>\n<meta property=\"og:description\" content=\"Achetez la poudre ETH-LAD Europe, Royaume-Uni en ligne dans notre boutique en ligne medicinasinc.com avec une livraison rapide dans le monde entier ! Vous trouverez ici la meilleure poudre ETH-LAD \u00e0 commander!\" \/>\n<meta property=\"og:url\" content=\"https:\/\/medicinasinc.com\/fr\/product\/acheter-eth-lad-poudre\/\" \/>\n<meta property=\"og:site_name\" content=\"Medicinas Inc\" \/>\n<meta property=\"article:modified_time\" content=\"2022-08-05T10:45:45+00:00\" \/>\n<meta property=\"og:image\" content=\"https:\/\/medicinasinc.com\/fr\/wp-content\/uploads\/sites\/5\/2022\/02\/Buy-ETH-LAD-Powder.jpg\" \/>\n\t<meta property=\"og:image:width\" content=\"600\" \/>\n\t<meta property=\"og:image:height\" content=\"600\" \/>\n\t<meta property=\"og:image:type\" content=\"image\/jpeg\" \/>\n<meta name=\"twitter:card\" content=\"summary_large_image\" \/>\n<meta name=\"twitter:label1\" content=\"Est. reading time\" \/>\n\t<meta name=\"twitter:data1\" content=\"2 minutes\" \/>\n<script type=\"application\/ld+json\" class=\"yoast-schema-graph\">{\"@context\":\"https:\/\/schema.org\",\"@graph\":[{\"@type\":\"WebPage\",\"@id\":\"https:\/\/medicinasinc.com\/fr\/product\/acheter-eth-lad-poudre\/\",\"url\":\"https:\/\/medicinasinc.com\/fr\/product\/acheter-eth-lad-poudre\/\",\"name\":\"Acheter de la poudre ETH-LAD - Poudre ETH-LAD Online - Best Global Meds\",\"isPartOf\":{\"@id\":\"https:\/\/medicinasinc.com\/fr\/#website\"},\"primaryImageOfPage\":{\"@id\":\"https:\/\/medicinasinc.com\/fr\/product\/acheter-eth-lad-poudre\/#primaryimage\"},\"image\":{\"@id\":\"https:\/\/medicinasinc.com\/fr\/product\/acheter-eth-lad-poudre\/#primaryimage\"},\"thumbnailUrl\":\"https:\/\/medicinasinc.com\/fr\/wp-content\/uploads\/sites\/5\/2022\/02\/Buy-ETH-LAD-Powder.jpg\",\"datePublished\":\"2022-02-22T02:23:26+00:00\",\"dateModified\":\"2022-08-05T10:45:45+00:00\",\"description\":\"Achetez la poudre ETH-LAD Europe, Royaume-Uni en ligne dans notre boutique en ligne medicinasinc.com avec une livraison rapide dans le monde entier ! Vous trouverez ici la meilleure poudre ETH-LAD \u00e0 commander!\",\"breadcrumb\":{\"@id\":\"https:\/\/medicinasinc.com\/fr\/product\/acheter-eth-lad-poudre\/#breadcrumb\"},\"inLanguage\":\"en-US\",\"potentialAction\":[{\"@type\":\"ReadAction\",\"target\":[\"https:\/\/medicinasinc.com\/fr\/product\/acheter-eth-lad-poudre\/\"]}]},{\"@type\":\"ImageObject\",\"inLanguage\":\"en-US\",\"@id\":\"https:\/\/medicinasinc.com\/fr\/product\/acheter-eth-lad-poudre\/#primaryimage\",\"url\":\"https:\/\/medicinasinc.com\/fr\/wp-content\/uploads\/sites\/5\/2022\/02\/Buy-ETH-LAD-Powder.jpg\",\"contentUrl\":\"https:\/\/medicinasinc.com\/fr\/wp-content\/uploads\/sites\/5\/2022\/02\/Buy-ETH-LAD-Powder.jpg\",\"width\":600,\"height\":600},{\"@type\":\"BreadcrumbList\",\"@id\":\"https:\/\/medicinasinc.com\/fr\/product\/acheter-eth-lad-poudre\/#breadcrumb\",\"itemListElement\":[{\"@type\":\"ListItem\",\"position\":1,\"name\":\"Boutique\",\"item\":\"https:\/\/medicinasinc.com\/fr\/boutique\/\"},{\"@type\":\"ListItem\",\"position\":2,\"name\":\"Acheter ETH-LAD Poudre\"}]},{\"@type\":\"WebSite\",\"@id\":\"https:\/\/medicinasinc.com\/fr\/#website\",\"url\":\"https:\/\/medicinasinc.com\/fr\/\",\"name\":\"Medicinas Inc\",\"description\":\"Health Medical Clinic\",\"potentialAction\":[{\"@type\":\"SearchAction\",\"target\":{\"@type\":\"EntryPoint\",\"urlTemplate\":\"https:\/\/medicinasinc.com\/fr\/?s={search_term_string}\"},\"query-input\":{\"@type\":\"PropertyValueSpecification\",\"valueRequired\":true,\"valueName\":\"search_term_string\"}}],\"inLanguage\":\"en-US\"}]}<\/script>\n<!-- \/ Yoast SEO plugin. -->","yoast_head_json":{"title":"Acheter de la poudre ETH-LAD - Poudre ETH-LAD Online - Best Global Meds","description":"Achetez la poudre ETH-LAD Europe, Royaume-Uni en ligne dans notre boutique en ligne medicinasinc.com avec une livraison rapide dans le monde entier ! Vous trouverez ici la meilleure poudre ETH-LAD \u00e0 commander!","robots":{"index":"index","follow":"follow","max-snippet":"max-snippet:-1","max-image-preview":"max-image-preview:large","max-video-preview":"max-video-preview:-1"},"canonical":"https:\/\/medicinasinc.com\/fr\/product\/acheter-eth-lad-poudre\/","og_locale":"en_US","og_type":"article","og_title":"Acheter de la poudre ETH-LAD - Poudre ETH-LAD Online - Best Global Meds","og_description":"Achetez la poudre ETH-LAD Europe, Royaume-Uni en ligne dans notre boutique en ligne medicinasinc.com avec une livraison rapide dans le monde entier ! Vous trouverez ici la meilleure poudre ETH-LAD \u00e0 commander!","og_url":"https:\/\/medicinasinc.com\/fr\/product\/acheter-eth-lad-poudre\/","og_site_name":"Medicinas Inc","article_modified_time":"2022-08-05T10:45:45+00:00","og_image":[{"width":600,"height":600,"url":"https:\/\/medicinasinc.com\/fr\/wp-content\/uploads\/sites\/5\/2022\/02\/Buy-ETH-LAD-Powder.jpg","type":"image\/jpeg"}],"twitter_card":"summary_large_image","twitter_misc":{"Est. reading time":"2 minutes"},"schema":{"@context":"https:\/\/schema.org","@graph":[{"@type":"WebPage","@id":"https:\/\/medicinasinc.com\/fr\/product\/acheter-eth-lad-poudre\/","url":"https:\/\/medicinasinc.com\/fr\/product\/acheter-eth-lad-poudre\/","name":"Acheter de la poudre ETH-LAD - Poudre ETH-LAD Online - Best Global Meds","isPartOf":{"@id":"https:\/\/medicinasinc.com\/fr\/#website"},"primaryImageOfPage":{"@id":"https:\/\/medicinasinc.com\/fr\/product\/acheter-eth-lad-poudre\/#primaryimage"},"image":{"@id":"https:\/\/medicinasinc.com\/fr\/product\/acheter-eth-lad-poudre\/#primaryimage"},"thumbnailUrl":"https:\/\/medicinasinc.com\/fr\/wp-content\/uploads\/sites\/5\/2022\/02\/Buy-ETH-LAD-Powder.jpg","datePublished":"2022-02-22T02:23:26+00:00","dateModified":"2022-08-05T10:45:45+00:00","description":"Achetez la poudre ETH-LAD Europe, Royaume-Uni en ligne dans notre boutique en ligne medicinasinc.com avec une livraison rapide dans le monde entier ! Vous trouverez ici la meilleure poudre ETH-LAD \u00e0 commander!","breadcrumb":{"@id":"https:\/\/medicinasinc.com\/fr\/product\/acheter-eth-lad-poudre\/#breadcrumb"},"inLanguage":"en-US","potentialAction":[{"@type":"ReadAction","target":["https:\/\/medicinasinc.com\/fr\/product\/acheter-eth-lad-poudre\/"]}]},{"@type":"ImageObject","inLanguage":"en-US","@id":"https:\/\/medicinasinc.com\/fr\/product\/acheter-eth-lad-poudre\/#primaryimage","url":"https:\/\/medicinasinc.com\/fr\/wp-content\/uploads\/sites\/5\/2022\/02\/Buy-ETH-LAD-Powder.jpg","contentUrl":"https:\/\/medicinasinc.com\/fr\/wp-content\/uploads\/sites\/5\/2022\/02\/Buy-ETH-LAD-Powder.jpg","width":600,"height":600},{"@type":"BreadcrumbList","@id":"https:\/\/medicinasinc.com\/fr\/product\/acheter-eth-lad-poudre\/#breadcrumb","itemListElement":[{"@type":"ListItem","position":1,"name":"Boutique","item":"https:\/\/medicinasinc.com\/fr\/boutique\/"},{"@type":"ListItem","position":2,"name":"Acheter ETH-LAD Poudre"}]},{"@type":"WebSite","@id":"https:\/\/medicinasinc.com\/fr\/#website","url":"https:\/\/medicinasinc.com\/fr\/","name":"Medicinas Inc","description":"Health Medical Clinic","potentialAction":[{"@type":"SearchAction","target":{"@type":"EntryPoint","urlTemplate":"https:\/\/medicinasinc.com\/fr\/?s={search_term_string}"},"query-input":{"@type":"PropertyValueSpecification","valueRequired":true,"valueName":"search_term_string"}}],"inLanguage":"en-US"}]}},"_links":{"self":[{"href":"https:\/\/medicinasinc.com\/fr\/wp-json\/wp\/v2\/product\/5592","targetHints":{"allow":["GET"]}}],"collection":[{"href":"https:\/\/medicinasinc.com\/fr\/wp-json\/wp\/v2\/product"}],"about":[{"href":"https:\/\/medicinasinc.com\/fr\/wp-json\/wp\/v2\/types\/product"}],"replies":[{"embeddable":true,"href":"https:\/\/medicinasinc.com\/fr\/wp-json\/wp\/v2\/comments?post=5592"}],"wp:featuredmedia":[{"embeddable":true,"href":"https:\/\/medicinasinc.com\/fr\/wp-json\/wp\/v2\/media\/5604"}],"wp:attachment":[{"href":"https:\/\/medicinasinc.com\/fr\/wp-json\/wp\/v2\/media?parent=5592"}],"wp:term":[{"taxonomy":"product_brand","embeddable":true,"href":"https:\/\/medicinasinc.com\/fr\/wp-json\/wp\/v2\/product_brand?post=5592"},{"taxonomy":"product_cat","embeddable":true,"href":"https:\/\/medicinasinc.com\/fr\/wp-json\/wp\/v2\/product_cat?post=5592"},{"taxonomy":"product_tag","embeddable":true,"href":"https:\/\/medicinasinc.com\/fr\/wp-json\/wp\/v2\/product_tag?post=5592"}],"curies":[{"name":"wp","href":"https:\/\/api.w.org\/{rel}","templated":true}]}}