{"id":5591,"date":"2022-02-22T02:21:39","date_gmt":"2022-02-22T02:21:39","guid":{"rendered":"https:\/\/medicinasinc.com\/fr\/?post_type=product&#038;p=5591"},"modified":"2022-03-17T11:49:44","modified_gmt":"2022-03-17T11:49:44","slug":"acheter-mexedrone-cristal","status":"publish","type":"product","link":"https:\/\/medicinasinc.com\/fr\/product\/acheter-mexedrone-cristal\/","title":{"rendered":"Acheter du cristal Mexedrone"},"content":{"rendered":"<p>Achetez Mexedrone MXE Crystal sur Internet.<\/p>\n<p>Il existe un produit chimique appel\u00e9 Mexedrone qui est consid\u00e9r\u00e9 comme un stimulant et un possible euphorisant. Elle est appel\u00e9e 3-m\u00e9thoxy-2-(m\u00e9thylamino)-1-(p-tolyl)propan-1-one. Mexedrone est un nouveau type de mmc.<\/p>\n<p>No Cas\u00a0: La formule est C12H17NO2. IUPAC est\u00a0: 3-m\u00e9thoxy -2-(m\u00e9thylamino)-1-(p-tolyl) propan-1-one<\/p>\n<div class=\"ProductDescriptionContainer\">\n<p>&nbsp;<\/p>\n<\/p><\/div>\n","protected":false},"excerpt":{"rendered":"<p>Vous pouvez acheter Mexedrone Crystal en ligne au Royaume-Uni et en Europe. Mexedrone MXE Power, parfois connu sous le nom de MEX ou 4-MMC-Ome, est un acronyme pour Mexedrone MXE. Passez votre commande chez Best Global Meds tout de suite !<\/p>\n<p>Achetez Mexedrone Crystal en ligne avec Bitcoin &#8211; c&#8217;est s\u00fbr et s\u00e9curis\u00e9.<\/p>\n<p>Vous pouvez acheter des produits pharmaceutiques l\u00e9gaux en ligne ainsi que des compos\u00e9s de recherche, des cristaux pharmaceutiques bruts, et plus encore.<\/p>\n<p>O\u00f9 acheter Mexedrone MXE Crystal\u00a0? Cristal MXE pour le Mexedrone. \u00c9galement connu sous le nom de MEX, 4-MMC-Ome et Mexedrone.<\/p>\n","protected":false},"featured_media":5602,"comment_status":"open","ping_status":"closed","template":"","meta":[],"product_brand":[],"product_cat":[59],"product_tag":[3249,3250,3255,3262,3259,3252,3253,3251,3254,3257,3261,3260,3256,3258],"class_list":{"0":"post-5591","1":"product","2":"type-product","3":"status-publish","4":"has-post-thumbnail","6":"product_cat-produits-chimiques-de-recherche","7":"product_tag-acheter-mexedrone-cristal","8":"product_tag-acheter-mxe-cristal","9":"product_tag-mexedrone-cristal-ordre","10":"product_tag-mxe-cristal-ordre","11":"product_tag-mxe-cristal","12":"product_tag-mexedrone-effet-cristal","13":"product_tag-mexedrone-cristal-a-vendre","14":"product_tag-mexedrone-cristal-acheter","15":"product_tag-mexedrone-crystal-online","16":"product_tag-mexedrone-crystal-retails","17":"product_tag-mxe-crystal-a-vendre","18":"product_tag-mxe-cristal-acheter","19":"product_tag-mexedrone-crystal-reddit","20":"product_tag-mexedrone-cristal-vente-en-gros","22":"first","23":"instock","24":"shipping-taxable","25":"purchasable","26":"product-type-variable","27":"has-default-attributes"},"yoast_head":"<!-- This site is optimized with the Yoast SEO plugin v27.3 - https:\/\/yoast.com\/product\/yoast-seo-wordpress\/ -->\n<title>Acheter Mexedrone MXE Crystal - Meilleurs m\u00e9dicaments mondiaux<\/title>\n<meta name=\"description\" content=\"Acheter Mexedrone Crystal \u00e0 vendre au Royaume-Uni, en Europe en ligne. Mexedrone MXE Power, Mexedrone, \u00e9galement appel\u00e9 MEX ou 4-MMC-Ome. Commandez maintenant chez Best Global Meds\" \/>\n<meta name=\"robots\" content=\"index, follow, max-snippet:-1, max-image-preview:large, max-video-preview:-1\" \/>\n<link rel=\"canonical\" href=\"https:\/\/medicinasinc.com\/fr\/product\/acheter-mexedrone-cristal\/\" \/>\n<meta property=\"og:locale\" content=\"en_US\" \/>\n<meta property=\"og:type\" content=\"article\" \/>\n<meta property=\"og:title\" content=\"Acheter Mexedrone MXE Crystal - Meilleurs m\u00e9dicaments mondiaux\" \/>\n<meta property=\"og:description\" content=\"Acheter Mexedrone Crystal \u00e0 vendre au Royaume-Uni, en Europe en ligne. Mexedrone MXE Power, Mexedrone, \u00e9galement appel\u00e9 MEX ou 4-MMC-Ome. Commandez maintenant chez Best Global Meds\" \/>\n<meta property=\"og:url\" content=\"https:\/\/medicinasinc.com\/fr\/product\/acheter-mexedrone-cristal\/\" \/>\n<meta property=\"og:site_name\" content=\"Medicinas Inc\" \/>\n<meta property=\"article:modified_time\" content=\"2022-03-17T11:49:44+00:00\" \/>\n<meta property=\"og:image\" content=\"https:\/\/medicinasinc.com\/fr\/wp-content\/uploads\/sites\/5\/2022\/02\/Buy-Mexedrone-Crystal.jpg\" \/>\n\t<meta property=\"og:image:width\" content=\"600\" \/>\n\t<meta property=\"og:image:height\" content=\"600\" \/>\n\t<meta property=\"og:image:type\" content=\"image\/jpeg\" \/>\n<meta name=\"twitter:card\" content=\"summary_large_image\" \/>\n<meta name=\"twitter:label1\" content=\"Est. reading time\" \/>\n\t<meta name=\"twitter:data1\" content=\"1 minute\" \/>\n<script type=\"application\/ld+json\" class=\"yoast-schema-graph\">{\"@context\":\"https:\\\/\\\/schema.org\",\"@graph\":[{\"@type\":\"WebPage\",\"@id\":\"https:\\\/\\\/medicinasinc.com\\\/fr\\\/product\\\/acheter-mexedrone-cristal\\\/\",\"url\":\"https:\\\/\\\/medicinasinc.com\\\/fr\\\/product\\\/acheter-mexedrone-cristal\\\/\",\"name\":\"Acheter Mexedrone MXE Crystal - Meilleurs m\u00e9dicaments mondiaux\",\"isPartOf\":{\"@id\":\"https:\\\/\\\/medicinasinc.com\\\/fr\\\/#website\"},\"primaryImageOfPage\":{\"@id\":\"https:\\\/\\\/medicinasinc.com\\\/fr\\\/product\\\/acheter-mexedrone-cristal\\\/#primaryimage\"},\"image\":{\"@id\":\"https:\\\/\\\/medicinasinc.com\\\/fr\\\/product\\\/acheter-mexedrone-cristal\\\/#primaryimage\"},\"thumbnailUrl\":\"https:\\\/\\\/medicinasinc.com\\\/fr\\\/wp-content\\\/uploads\\\/sites\\\/5\\\/2022\\\/02\\\/Buy-Mexedrone-Crystal.jpg\",\"datePublished\":\"2022-02-22T02:21:39+00:00\",\"dateModified\":\"2022-03-17T11:49:44+00:00\",\"description\":\"Acheter Mexedrone Crystal \u00e0 vendre au Royaume-Uni, en Europe en ligne. Mexedrone MXE Power, Mexedrone, \u00e9galement appel\u00e9 MEX ou 4-MMC-Ome. Commandez maintenant chez Best Global Meds\",\"breadcrumb\":{\"@id\":\"https:\\\/\\\/medicinasinc.com\\\/fr\\\/product\\\/acheter-mexedrone-cristal\\\/#breadcrumb\"},\"inLanguage\":\"en-US\",\"potentialAction\":[{\"@type\":\"ReadAction\",\"target\":[\"https:\\\/\\\/medicinasinc.com\\\/fr\\\/product\\\/acheter-mexedrone-cristal\\\/\"]}]},{\"@type\":\"ImageObject\",\"inLanguage\":\"en-US\",\"@id\":\"https:\\\/\\\/medicinasinc.com\\\/fr\\\/product\\\/acheter-mexedrone-cristal\\\/#primaryimage\",\"url\":\"https:\\\/\\\/medicinasinc.com\\\/fr\\\/wp-content\\\/uploads\\\/sites\\\/5\\\/2022\\\/02\\\/Buy-Mexedrone-Crystal.jpg\",\"contentUrl\":\"https:\\\/\\\/medicinasinc.com\\\/fr\\\/wp-content\\\/uploads\\\/sites\\\/5\\\/2022\\\/02\\\/Buy-Mexedrone-Crystal.jpg\",\"width\":600,\"height\":600},{\"@type\":\"BreadcrumbList\",\"@id\":\"https:\\\/\\\/medicinasinc.com\\\/fr\\\/product\\\/acheter-mexedrone-cristal\\\/#breadcrumb\",\"itemListElement\":[{\"@type\":\"ListItem\",\"position\":1,\"name\":\"Boutique\",\"item\":\"https:\\\/\\\/medicinasinc.com\\\/fr\\\/boutique\\\/\"},{\"@type\":\"ListItem\",\"position\":2,\"name\":\"Acheter du cristal Mexedrone\"}]},{\"@type\":\"WebSite\",\"@id\":\"https:\\\/\\\/medicinasinc.com\\\/fr\\\/#website\",\"url\":\"https:\\\/\\\/medicinasinc.com\\\/fr\\\/\",\"name\":\"Medicinas Inc\",\"description\":\"Health Medical Clinic\",\"potentialAction\":[{\"@type\":\"SearchAction\",\"target\":{\"@type\":\"EntryPoint\",\"urlTemplate\":\"https:\\\/\\\/medicinasinc.com\\\/fr\\\/?s={search_term_string}\"},\"query-input\":{\"@type\":\"PropertyValueSpecification\",\"valueRequired\":true,\"valueName\":\"search_term_string\"}}],\"inLanguage\":\"en-US\"}]}<\/script>\n<!-- \/ Yoast SEO plugin. -->","yoast_head_json":{"title":"Acheter Mexedrone MXE Crystal - Meilleurs m\u00e9dicaments mondiaux","description":"Acheter Mexedrone Crystal \u00e0 vendre au Royaume-Uni, en Europe en ligne. Mexedrone MXE Power, Mexedrone, \u00e9galement appel\u00e9 MEX ou 4-MMC-Ome. Commandez maintenant chez Best Global Meds","robots":{"index":"index","follow":"follow","max-snippet":"max-snippet:-1","max-image-preview":"max-image-preview:large","max-video-preview":"max-video-preview:-1"},"canonical":"https:\/\/medicinasinc.com\/fr\/product\/acheter-mexedrone-cristal\/","og_locale":"en_US","og_type":"article","og_title":"Acheter Mexedrone MXE Crystal - Meilleurs m\u00e9dicaments mondiaux","og_description":"Acheter Mexedrone Crystal \u00e0 vendre au Royaume-Uni, en Europe en ligne. Mexedrone MXE Power, Mexedrone, \u00e9galement appel\u00e9 MEX ou 4-MMC-Ome. Commandez maintenant chez Best Global Meds","og_url":"https:\/\/medicinasinc.com\/fr\/product\/acheter-mexedrone-cristal\/","og_site_name":"Medicinas Inc","article_modified_time":"2022-03-17T11:49:44+00:00","og_image":[{"width":600,"height":600,"url":"https:\/\/medicinasinc.com\/fr\/wp-content\/uploads\/sites\/5\/2022\/02\/Buy-Mexedrone-Crystal.jpg","type":"image\/jpeg"}],"twitter_card":"summary_large_image","twitter_misc":{"Est. reading time":"1 minute"},"schema":{"@context":"https:\/\/schema.org","@graph":[{"@type":"WebPage","@id":"https:\/\/medicinasinc.com\/fr\/product\/acheter-mexedrone-cristal\/","url":"https:\/\/medicinasinc.com\/fr\/product\/acheter-mexedrone-cristal\/","name":"Acheter Mexedrone MXE Crystal - Meilleurs m\u00e9dicaments mondiaux","isPartOf":{"@id":"https:\/\/medicinasinc.com\/fr\/#website"},"primaryImageOfPage":{"@id":"https:\/\/medicinasinc.com\/fr\/product\/acheter-mexedrone-cristal\/#primaryimage"},"image":{"@id":"https:\/\/medicinasinc.com\/fr\/product\/acheter-mexedrone-cristal\/#primaryimage"},"thumbnailUrl":"https:\/\/medicinasinc.com\/fr\/wp-content\/uploads\/sites\/5\/2022\/02\/Buy-Mexedrone-Crystal.jpg","datePublished":"2022-02-22T02:21:39+00:00","dateModified":"2022-03-17T11:49:44+00:00","description":"Acheter Mexedrone Crystal \u00e0 vendre au Royaume-Uni, en Europe en ligne. Mexedrone MXE Power, Mexedrone, \u00e9galement appel\u00e9 MEX ou 4-MMC-Ome. Commandez maintenant chez Best Global Meds","breadcrumb":{"@id":"https:\/\/medicinasinc.com\/fr\/product\/acheter-mexedrone-cristal\/#breadcrumb"},"inLanguage":"en-US","potentialAction":[{"@type":"ReadAction","target":["https:\/\/medicinasinc.com\/fr\/product\/acheter-mexedrone-cristal\/"]}]},{"@type":"ImageObject","inLanguage":"en-US","@id":"https:\/\/medicinasinc.com\/fr\/product\/acheter-mexedrone-cristal\/#primaryimage","url":"https:\/\/medicinasinc.com\/fr\/wp-content\/uploads\/sites\/5\/2022\/02\/Buy-Mexedrone-Crystal.jpg","contentUrl":"https:\/\/medicinasinc.com\/fr\/wp-content\/uploads\/sites\/5\/2022\/02\/Buy-Mexedrone-Crystal.jpg","width":600,"height":600},{"@type":"BreadcrumbList","@id":"https:\/\/medicinasinc.com\/fr\/product\/acheter-mexedrone-cristal\/#breadcrumb","itemListElement":[{"@type":"ListItem","position":1,"name":"Boutique","item":"https:\/\/medicinasinc.com\/fr\/boutique\/"},{"@type":"ListItem","position":2,"name":"Acheter du cristal Mexedrone"}]},{"@type":"WebSite","@id":"https:\/\/medicinasinc.com\/fr\/#website","url":"https:\/\/medicinasinc.com\/fr\/","name":"Medicinas Inc","description":"Health Medical Clinic","potentialAction":[{"@type":"SearchAction","target":{"@type":"EntryPoint","urlTemplate":"https:\/\/medicinasinc.com\/fr\/?s={search_term_string}"},"query-input":{"@type":"PropertyValueSpecification","valueRequired":true,"valueName":"search_term_string"}}],"inLanguage":"en-US"}]}},"_links":{"self":[{"href":"https:\/\/medicinasinc.com\/fr\/wp-json\/wp\/v2\/product\/5591","targetHints":{"allow":["GET"]}}],"collection":[{"href":"https:\/\/medicinasinc.com\/fr\/wp-json\/wp\/v2\/product"}],"about":[{"href":"https:\/\/medicinasinc.com\/fr\/wp-json\/wp\/v2\/types\/product"}],"replies":[{"embeddable":true,"href":"https:\/\/medicinasinc.com\/fr\/wp-json\/wp\/v2\/comments?post=5591"}],"wp:featuredmedia":[{"embeddable":true,"href":"https:\/\/medicinasinc.com\/fr\/wp-json\/wp\/v2\/media\/5602"}],"wp:attachment":[{"href":"https:\/\/medicinasinc.com\/fr\/wp-json\/wp\/v2\/media?parent=5591"}],"wp:term":[{"taxonomy":"product_brand","embeddable":true,"href":"https:\/\/medicinasinc.com\/fr\/wp-json\/wp\/v2\/product_brand?post=5591"},{"taxonomy":"product_cat","embeddable":true,"href":"https:\/\/medicinasinc.com\/fr\/wp-json\/wp\/v2\/product_cat?post=5591"},{"taxonomy":"product_tag","embeddable":true,"href":"https:\/\/medicinasinc.com\/fr\/wp-json\/wp\/v2\/product_tag?post=5591"}],"curies":[{"name":"wp","href":"https:\/\/api.w.org\/{rel}","templated":true}]}}