{"id":5590,"date":"2022-02-22T02:20:06","date_gmt":"2022-02-22T02:20:06","guid":{"rendered":"https:\/\/medicinasinc.com\/fr\/?post_type=product&#038;p=5590"},"modified":"2022-08-05T10:28:14","modified_gmt":"2022-08-05T10:28:14","slug":"acheter-methiopropamine-poudre","status":"publish","type":"product","link":"https:\/\/medicinasinc.com\/fr\/product\/acheter-methiopropamine-poudre\/","title":{"rendered":"Acheter de la poudre de m\u00e9thiopropamine"},"content":{"rendered":"<p><strong>Achetez de la poudre de m\u00e9thiopropamine MPA sur Internet.<\/strong><\/p>\n<p>La m\u00e9thiopropamine, \u00e9galement connue sous le nom de MPA, Methedrene et Syndrax, est un analogue structurel de la m\u00e9thamph\u00e9tamine. Il a un cycle thioph\u00e8ne comme la m\u00e9thamph\u00e9tamine. On dit que la m\u00e9thiopropamine provoque une l\u00e9g\u00e8re euphorie et une prise de conscience, entre autres. Il est environ un tiers aussi fort que la dextroamph\u00e9tamine.<\/p>\n<p>Num\u00e9ro CAS\u00a0: 801156-47-8<br \/>\nVoici comment fonctionne la formule\u00a0: C8H13NS<br \/>\nIUPAC\u00a0: 1-(Thiophen-2- yl) 2-m\u00e9thylaminopropane est le nom.<br \/>\nApparence\u00a0:<br \/>\nPuret\u00e9\u00a0:<\/p>\n<div class=\"product-next-previous\">\n<div class=\"product-prev\"><\/div>\n<\/div>\n","protected":false},"excerpt":{"rendered":"<p>Dans notre boutique en ligne medicinasinc.com, vous pouvez acheter de la poudre de MPA Methiopropamine en vente au Royaume-Uni, en Europe et dans le monde entier ! Nous avons la meilleure m\u00e9thiopropamine MPA \u00e0 vendre, et vous pouvez l&#8217;acheter chez nous !<\/p>\n<p>Achetez de la poudre de m\u00e9thiopropamine MPA sur le Web. La m\u00e9thiopropamine est le nom du m\u00e9dicament. La m\u00eame chose que la m\u00e9thamph\u00e9tamine<br \/>\n100 \u00e0 200 mg est la dose recommand\u00e9e.<\/p>\n<p>Acheter de la poudre de m\u00e9thamph\u00e9tamine pure et de haute qualit\u00e9 en ligne avec Bitcoin &#8211; Vous pouvez le faire.<\/p>\n<p>Acheter des produits l\u00e9gaux m\u00e9dicaments en ligne, acheter des produits chimiques de recherche, des poudres pharmaceutiques brutes, et bien plus encore dans un magasin.<\/p>\n<p>La m\u00e9thiopropamine (MPA) est une drogue synth\u00e9tique qui ressemble beaucoup \u00e0 l&#8217;amph\u00e9tamine et \u00e9tait autrefois vendue comme une drogue &#8220;l\u00e9gale&#8221;. alternatif\u201d \u00e0 la coca\u00efne. Le Conseil consultatif sur l&#8217;abus de drogues a recommand\u00e9 que le MPA soit class\u00e9 comme m\u00e9dicament de classe B (ACMD).<\/p>\n","protected":false},"featured_media":5600,"comment_status":"open","ping_status":"closed","template":"","meta":[],"product_brand":[],"product_cat":[59],"product_tag":[3232,3241,3238,3244,3233,3235,3247,3237,3234,3243,3236,3239,3242,3248,3246,3240],"class_list":{"0":"post-5590","1":"product","2":"type-product","3":"status-publish","4":"has-post-thumbnail","6":"product_cat-produits-chimiques-de-recherche","7":"product_tag-acheter-methiopropamine-en-ligne","8":"product_tag-mthiopropamine-avis","9":"product_tag-methiopropamine-ordre","10":"product_tag-commander-methiopropamine-en-ligne","11":"product_tag-comment-acheter-methiopropamine-en-ligne","12":"product_tag-effet-mthiopropamine","13":"product_tag-le-meilleur-endroit-pour-acheter-de-la-methiopropamine-en-ligne","14":"product_tag-mthiopropamine--vendre","15":"product_tag-mthiopropamine-acheter","16":"product_tag-mthiopropamine-vente-en-gros","17":"product_tag-mthiopropamine-europe-grossiste","18":"product_tag-mthiopropamine-reddit","19":"product_tag-methiopropamine-supplier","20":"product_tag-o-acheter-methiopropamine-en-ligne","21":"product_tag-supplier-of-methiopropamine","22":"product_tag-mthiopropamine-dtail","24":"first","25":"instock","26":"shipping-taxable","27":"purchasable","28":"product-type-variable","29":"has-default-attributes"},"yoast_head":"<!-- This site is optimized with the Yoast SEO plugin v27.3 - https:\/\/yoast.com\/product\/yoast-seo-wordpress\/ -->\n<title>Acheter de la poudre de m\u00e9thiopropamine - Acheter MPA - Best Global Meds<\/title>\n<meta name=\"description\" content=\"Achetez la poudre de MPA Methiopropamine UK, Europe dans notre boutique en ligne medicinasinc.com avec une livraison rapide dans le monde entier ! Vous trouverez ici la meilleure m\u00e9thiopropamine MPA \u00e0 vendre !\" \/>\n<meta name=\"robots\" content=\"index, follow, max-snippet:-1, max-image-preview:large, max-video-preview:-1\" \/>\n<link rel=\"canonical\" href=\"https:\/\/medicinasinc.com\/fr\/product\/acheter-methiopropamine-poudre\/\" \/>\n<meta property=\"og:locale\" content=\"en_US\" \/>\n<meta property=\"og:type\" content=\"article\" \/>\n<meta property=\"og:title\" content=\"Acheter de la poudre de m\u00e9thiopropamine - Acheter MPA - Best Global Meds\" \/>\n<meta property=\"og:description\" content=\"Achetez la poudre de MPA Methiopropamine UK, Europe dans notre boutique en ligne medicinasinc.com avec une livraison rapide dans le monde entier ! Vous trouverez ici la meilleure m\u00e9thiopropamine MPA \u00e0 vendre !\" \/>\n<meta property=\"og:url\" content=\"https:\/\/medicinasinc.com\/fr\/product\/acheter-methiopropamine-poudre\/\" \/>\n<meta property=\"og:site_name\" content=\"Medicinas Inc\" \/>\n<meta property=\"article:modified_time\" content=\"2022-08-05T10:28:14+00:00\" \/>\n<meta property=\"og:image\" content=\"https:\/\/medicinasinc.com\/fr\/wp-content\/uploads\/sites\/5\/2022\/02\/Buy-Methiopropamine-powder.png\" \/>\n\t<meta property=\"og:image:width\" content=\"457\" \/>\n\t<meta property=\"og:image:height\" content=\"323\" \/>\n\t<meta property=\"og:image:type\" content=\"image\/png\" \/>\n<meta name=\"twitter:card\" content=\"summary_large_image\" \/>\n<meta name=\"twitter:label1\" content=\"Est. reading time\" \/>\n\t<meta name=\"twitter:data1\" content=\"1 minute\" \/>\n<script type=\"application\/ld+json\" class=\"yoast-schema-graph\">{\"@context\":\"https:\\\/\\\/schema.org\",\"@graph\":[{\"@type\":\"WebPage\",\"@id\":\"https:\\\/\\\/medicinasinc.com\\\/fr\\\/product\\\/acheter-methiopropamine-poudre\\\/\",\"url\":\"https:\\\/\\\/medicinasinc.com\\\/fr\\\/product\\\/acheter-methiopropamine-poudre\\\/\",\"name\":\"Acheter de la poudre de m\u00e9thiopropamine - Acheter MPA - Best Global Meds\",\"isPartOf\":{\"@id\":\"https:\\\/\\\/medicinasinc.com\\\/fr\\\/#website\"},\"primaryImageOfPage\":{\"@id\":\"https:\\\/\\\/medicinasinc.com\\\/fr\\\/product\\\/acheter-methiopropamine-poudre\\\/#primaryimage\"},\"image\":{\"@id\":\"https:\\\/\\\/medicinasinc.com\\\/fr\\\/product\\\/acheter-methiopropamine-poudre\\\/#primaryimage\"},\"thumbnailUrl\":\"https:\\\/\\\/medicinasinc.com\\\/fr\\\/wp-content\\\/uploads\\\/sites\\\/5\\\/2022\\\/02\\\/Buy-Methiopropamine-powder.png\",\"datePublished\":\"2022-02-22T02:20:06+00:00\",\"dateModified\":\"2022-08-05T10:28:14+00:00\",\"description\":\"Achetez la poudre de MPA Methiopropamine UK, Europe dans notre boutique en ligne medicinasinc.com avec une livraison rapide dans le monde entier ! Vous trouverez ici la meilleure m\u00e9thiopropamine MPA \u00e0 vendre !\",\"breadcrumb\":{\"@id\":\"https:\\\/\\\/medicinasinc.com\\\/fr\\\/product\\\/acheter-methiopropamine-poudre\\\/#breadcrumb\"},\"inLanguage\":\"en-US\",\"potentialAction\":[{\"@type\":\"ReadAction\",\"target\":[\"https:\\\/\\\/medicinasinc.com\\\/fr\\\/product\\\/acheter-methiopropamine-poudre\\\/\"]}]},{\"@type\":\"ImageObject\",\"inLanguage\":\"en-US\",\"@id\":\"https:\\\/\\\/medicinasinc.com\\\/fr\\\/product\\\/acheter-methiopropamine-poudre\\\/#primaryimage\",\"url\":\"https:\\\/\\\/medicinasinc.com\\\/fr\\\/wp-content\\\/uploads\\\/sites\\\/5\\\/2022\\\/02\\\/Buy-Methiopropamine-powder.png\",\"contentUrl\":\"https:\\\/\\\/medicinasinc.com\\\/fr\\\/wp-content\\\/uploads\\\/sites\\\/5\\\/2022\\\/02\\\/Buy-Methiopropamine-powder.png\",\"width\":457,\"height\":323},{\"@type\":\"BreadcrumbList\",\"@id\":\"https:\\\/\\\/medicinasinc.com\\\/fr\\\/product\\\/acheter-methiopropamine-poudre\\\/#breadcrumb\",\"itemListElement\":[{\"@type\":\"ListItem\",\"position\":1,\"name\":\"Boutique\",\"item\":\"https:\\\/\\\/medicinasinc.com\\\/fr\\\/boutique\\\/\"},{\"@type\":\"ListItem\",\"position\":2,\"name\":\"Acheter de la poudre de m\u00e9thiopropamine\"}]},{\"@type\":\"WebSite\",\"@id\":\"https:\\\/\\\/medicinasinc.com\\\/fr\\\/#website\",\"url\":\"https:\\\/\\\/medicinasinc.com\\\/fr\\\/\",\"name\":\"Medicinas Inc\",\"description\":\"Health Medical Clinic\",\"potentialAction\":[{\"@type\":\"SearchAction\",\"target\":{\"@type\":\"EntryPoint\",\"urlTemplate\":\"https:\\\/\\\/medicinasinc.com\\\/fr\\\/?s={search_term_string}\"},\"query-input\":{\"@type\":\"PropertyValueSpecification\",\"valueRequired\":true,\"valueName\":\"search_term_string\"}}],\"inLanguage\":\"en-US\"}]}<\/script>\n<!-- \/ Yoast SEO plugin. -->","yoast_head_json":{"title":"Acheter de la poudre de m\u00e9thiopropamine - Acheter MPA - Best Global Meds","description":"Achetez la poudre de MPA Methiopropamine UK, Europe dans notre boutique en ligne medicinasinc.com avec une livraison rapide dans le monde entier ! Vous trouverez ici la meilleure m\u00e9thiopropamine MPA \u00e0 vendre !","robots":{"index":"index","follow":"follow","max-snippet":"max-snippet:-1","max-image-preview":"max-image-preview:large","max-video-preview":"max-video-preview:-1"},"canonical":"https:\/\/medicinasinc.com\/fr\/product\/acheter-methiopropamine-poudre\/","og_locale":"en_US","og_type":"article","og_title":"Acheter de la poudre de m\u00e9thiopropamine - Acheter MPA - Best Global Meds","og_description":"Achetez la poudre de MPA Methiopropamine UK, Europe dans notre boutique en ligne medicinasinc.com avec une livraison rapide dans le monde entier ! Vous trouverez ici la meilleure m\u00e9thiopropamine MPA \u00e0 vendre !","og_url":"https:\/\/medicinasinc.com\/fr\/product\/acheter-methiopropamine-poudre\/","og_site_name":"Medicinas Inc","article_modified_time":"2022-08-05T10:28:14+00:00","og_image":[{"width":457,"height":323,"url":"https:\/\/medicinasinc.com\/fr\/wp-content\/uploads\/sites\/5\/2022\/02\/Buy-Methiopropamine-powder.png","type":"image\/png"}],"twitter_card":"summary_large_image","twitter_misc":{"Est. reading time":"1 minute"},"schema":{"@context":"https:\/\/schema.org","@graph":[{"@type":"WebPage","@id":"https:\/\/medicinasinc.com\/fr\/product\/acheter-methiopropamine-poudre\/","url":"https:\/\/medicinasinc.com\/fr\/product\/acheter-methiopropamine-poudre\/","name":"Acheter de la poudre de m\u00e9thiopropamine - Acheter MPA - Best Global Meds","isPartOf":{"@id":"https:\/\/medicinasinc.com\/fr\/#website"},"primaryImageOfPage":{"@id":"https:\/\/medicinasinc.com\/fr\/product\/acheter-methiopropamine-poudre\/#primaryimage"},"image":{"@id":"https:\/\/medicinasinc.com\/fr\/product\/acheter-methiopropamine-poudre\/#primaryimage"},"thumbnailUrl":"https:\/\/medicinasinc.com\/fr\/wp-content\/uploads\/sites\/5\/2022\/02\/Buy-Methiopropamine-powder.png","datePublished":"2022-02-22T02:20:06+00:00","dateModified":"2022-08-05T10:28:14+00:00","description":"Achetez la poudre de MPA Methiopropamine UK, Europe dans notre boutique en ligne medicinasinc.com avec une livraison rapide dans le monde entier ! Vous trouverez ici la meilleure m\u00e9thiopropamine MPA \u00e0 vendre !","breadcrumb":{"@id":"https:\/\/medicinasinc.com\/fr\/product\/acheter-methiopropamine-poudre\/#breadcrumb"},"inLanguage":"en-US","potentialAction":[{"@type":"ReadAction","target":["https:\/\/medicinasinc.com\/fr\/product\/acheter-methiopropamine-poudre\/"]}]},{"@type":"ImageObject","inLanguage":"en-US","@id":"https:\/\/medicinasinc.com\/fr\/product\/acheter-methiopropamine-poudre\/#primaryimage","url":"https:\/\/medicinasinc.com\/fr\/wp-content\/uploads\/sites\/5\/2022\/02\/Buy-Methiopropamine-powder.png","contentUrl":"https:\/\/medicinasinc.com\/fr\/wp-content\/uploads\/sites\/5\/2022\/02\/Buy-Methiopropamine-powder.png","width":457,"height":323},{"@type":"BreadcrumbList","@id":"https:\/\/medicinasinc.com\/fr\/product\/acheter-methiopropamine-poudre\/#breadcrumb","itemListElement":[{"@type":"ListItem","position":1,"name":"Boutique","item":"https:\/\/medicinasinc.com\/fr\/boutique\/"},{"@type":"ListItem","position":2,"name":"Acheter de la poudre de m\u00e9thiopropamine"}]},{"@type":"WebSite","@id":"https:\/\/medicinasinc.com\/fr\/#website","url":"https:\/\/medicinasinc.com\/fr\/","name":"Medicinas Inc","description":"Health Medical Clinic","potentialAction":[{"@type":"SearchAction","target":{"@type":"EntryPoint","urlTemplate":"https:\/\/medicinasinc.com\/fr\/?s={search_term_string}"},"query-input":{"@type":"PropertyValueSpecification","valueRequired":true,"valueName":"search_term_string"}}],"inLanguage":"en-US"}]}},"_links":{"self":[{"href":"https:\/\/medicinasinc.com\/fr\/wp-json\/wp\/v2\/product\/5590","targetHints":{"allow":["GET"]}}],"collection":[{"href":"https:\/\/medicinasinc.com\/fr\/wp-json\/wp\/v2\/product"}],"about":[{"href":"https:\/\/medicinasinc.com\/fr\/wp-json\/wp\/v2\/types\/product"}],"replies":[{"embeddable":true,"href":"https:\/\/medicinasinc.com\/fr\/wp-json\/wp\/v2\/comments?post=5590"}],"wp:featuredmedia":[{"embeddable":true,"href":"https:\/\/medicinasinc.com\/fr\/wp-json\/wp\/v2\/media\/5600"}],"wp:attachment":[{"href":"https:\/\/medicinasinc.com\/fr\/wp-json\/wp\/v2\/media?parent=5590"}],"wp:term":[{"taxonomy":"product_brand","embeddable":true,"href":"https:\/\/medicinasinc.com\/fr\/wp-json\/wp\/v2\/product_brand?post=5590"},{"taxonomy":"product_cat","embeddable":true,"href":"https:\/\/medicinasinc.com\/fr\/wp-json\/wp\/v2\/product_cat?post=5590"},{"taxonomy":"product_tag","embeddable":true,"href":"https:\/\/medicinasinc.com\/fr\/wp-json\/wp\/v2\/product_tag?post=5590"}],"curies":[{"name":"wp","href":"https:\/\/api.w.org\/{rel}","templated":true}]}}