{"id":5589,"date":"2022-02-22T02:18:17","date_gmt":"2022-02-22T02:18:17","guid":{"rendered":"https:\/\/medicinasinc.com\/fr\/?post_type=product&#038;p=5589"},"modified":"2022-08-05T10:51:00","modified_gmt":"2022-08-05T10:51:00","slug":"acheter-metizolam-2mg-pellets-en-ligne","status":"publish","type":"product","link":"https:\/\/medicinasinc.com\/fr\/product\/acheter-metizolam-2mg-pellets-en-ligne\/","title":{"rendered":"Acheter Metizolam 2mg Pastilles en ligne"},"content":{"rendered":"<p>Le meilleur endroit pour acheter des pastilles de Metizolam 2mg est en ligne.<\/p>\n<p>Acheter des pastilles de Metizolam 2mg. Abr\u00e9viation de 4-(2-chloroph\u00e9nyl)-2-\u00e9thyl-6H-thi\u00e9no. [3,2-f] [1,2,4] triazolo[4,3-a][1,4] Une diaz\u00e9pine, \u00e9galement appel\u00e9e \u00e9tizolam, en est la version N-desm\u00e9thyl\u00e9e. \u00e0 cet effet Acheter des pastilles de 2 mg de Metizolam. Metizolam est un modulateur allost\u00e9rique des r\u00e9cepteurs Gaba en laboratoire. La poudre de m\u00e9tizolam est en vente sur le Web.<\/p>\n<p>Nous avons \u00e9galement des produits chimiques qui ne sont pas approuv\u00e9s pour la recherche in vivo. et obtenir de l&#8217;aide. Veuillez suivre les r\u00e8gles de s\u00e9curit\u00e9 standard du laboratoire, telles que le port de la protection appropri\u00e9e pour la peau, les yeux et les v\u00eatements.<\/p>\n<p>Achetez 2 mg de Metizolam. Les pastilles de m\u00e9tizolam peuvent \u00eatre achet\u00e9es dans un magasin.<br \/>\nAcheter\u00a0M\u00e9tizolam\u00a02mg Les pastilles de clonazolam sont en vente en ligne.<br \/>\nLa poudre de pyrazolam peut \u00eatre achet\u00e9e en ligne.<br \/>\nEn ligne, vous pouvez acheter du diclaz\u00e9pam pour la recherche.<br \/>\nacheter de l&#8217;\u00e9tizolam en ligne<br \/>\nLe fluclotizolam peut \u00eatre achet\u00e9.<br \/>\nla poudre de m\u00e9tizolam est en vente sur le Web.<br \/>\nLa poudre de m\u00e9tizolam est en vente sur le Web. Le m\u00e9tizolam, \u00e9galement appel\u00e9 desm\u00e9thyl\u00e9tizolam, est une thienodiaz\u00e9pine tr\u00e8s similaire \u00e0 l&#8217;\u00e9tizolam. Seuls les granul\u00e9s de 2mg de Metizolam sont disponibles. Pour les chercheurs plus avanc\u00e9s qui souhaitent fabriquer leur propre poudre, nous l&#8217;avons \u00e9galement sous forme de poudre pure. Metizolam, comme tous nos autres produits, doit \u00eatre utilis\u00e9 de mani\u00e8re s\u00fbre par les chercheurs. Ce produit n&#8217;est vendu qu&#8217;aux centres de recherche d\u00e9j\u00e0 cr\u00e9\u00e9s. la poudre de metizolam est en vente sur le web.<\/p>\n<p>Etizolam est le parent du Metizolam, qui est aussi appel\u00e9 Desmethyletizolam.<\/p>\n<p>Ils sont vendus sous forme de granul\u00e9s. Uniquement pour la recherche ! Bestglobalmeds ne veut pas que les gens utilisent des produits chimiques de recherche pour autre chose que la recherche. Ils ne vendent Metizolam qu&#8217;\u00e0 des fins de recherche.<\/p>\n","protected":false},"excerpt":{"rendered":"<p>Le meilleur endroit pour acheter Metizolam 2mg Pellets en vente au Royaume-Uni et en Europe est medicinasinc.com. Nous avons une livraison rapide dans le monde entier. Ici, vous pouvez acheter les meilleurs granul\u00e9s de m\u00e9tizolam 2 mg \u00e0 vendre.<\/p>\n<p>granul\u00e9s de 2 mg de poudre de m\u00e9tizolam \u00e0 vendre en ligne. Les pastilles de clonazolam sont en stock et peuvent \u00eatre exp\u00e9di\u00e9es partout dans le monde. Aujourd&#8217;hui, vous pouvez acheter des granul\u00e9s de clonazolam 0,5 mg dans le magasin.<\/p>\n<p>Achetez 2 mg de granul\u00e9s de m\u00e9tizolam en ligne maintenant. C&#8217;est tr\u00e8s bon march\u00e9 avec la livraison gratuite sur les commandes group\u00e9es. Une qualit\u00e9 de premier ordre est une donn\u00e9e.<\/p>\n<p>Metizolam, \u00e9galement connu sous le nom de Desmethyletizolam, est un d\u00e9presseur synth\u00e9tique de la classe chimique des thienodiaz\u00e9pines. Lorsqu&#8217;il est pris, on dit qu&#8217;il a des effets similaires \u00e0 l&#8217;\u00e9tizolam comme la suppression de l&#8217;anxi\u00e9t\u00e9, la d\u00e9sinhibition, la s\u00e9dation, la relaxation musculaire et la suppression de la m\u00e9moire.<\/p>\n","protected":false},"featured_media":5598,"comment_status":"open","ping_status":"closed","template":"","meta":[],"product_brand":[],"product_cat":[59],"product_tag":[3213,3216,3217,3215,3214,3218,3212,3210,3211,3219,3220,3221,3227,3228,3224,3225,3223,3226,3222,3229,3230,3231],"class_list":{"0":"post-5589","1":"product","2":"type-product","3":"status-publish","4":"has-post-thumbnail","6":"product_cat-produits-chimiques-de-recherche","7":"product_tag-acheter-metizolam-poudre-en-ligne","8":"product_tag-acheter-metizolam-poudre-en-ligne-france","9":"product_tag-acheter-metizolam-poudre-en-ligne-usa","10":"product_tag-acheter-metizolam-poudre-en-ligne-canada","11":"product_tag-acheter-metizolam-poudre-en-ligne-australie","12":"product_tag-acheter-pyrazolam-poudre-en-ligne","13":"product_tag-acheter-metizolam-2mg-granules","14":"product_tag-acheter-diclazepam-en-ligne","15":"product_tag-acheter-fluclotizolam","16":"product_tag-clonazolam-en-vente-en-ligne","17":"product_tag-etizolam-boutique-en-ligne","18":"product_tag-metizolam-2mg-pellets-achat","19":"product_tag-metizolam-2mg-pastilles-retail","20":"product_tag-metizolam-2mg-pellets-vente-en-gros","21":"product_tag-metizolam-2mg-pastilles-en-vente","22":"product_tag-metizolam-2mg-pellets-commande","23":"product_tag-metizolam-2mg-pellets-europe","24":"product_tag-metizolam-2mg-pastilles-reddit","25":"product_tag-metizolam-2mg-pastilles-effet","26":"product_tag-metizolam-acheter","27":"product_tag-metizolam-poudre-en-vente-en-ligne","28":"product_tag-produits-chimiques-de-recherche-a-vendre","30":"first","31":"instock","32":"shipping-taxable","33":"purchasable","34":"product-type-variable"},"yoast_head":"<!-- This site is optimized with the Yoast SEO plugin v27.3 - https:\/\/yoast.com\/product\/yoast-seo-wordpress\/ -->\n<title>Acheter Metizolam 2mg Pastilles en ligne - Best Global Meds<\/title>\n<meta name=\"description\" content=\"Vous cherchez \u00e0 acheter Metizolam 2mg Pellets \u00e0 vendre au Royaume-Uni, en Europe dans notre boutique medicinasinc.com avec une livraison rapide dans le monde entier\u00a0! Vous trouverez ici les meilleures pastilles Metizolam 2mg \u00e0 commander!\" \/>\n<meta name=\"robots\" content=\"index, follow, max-snippet:-1, max-image-preview:large, max-video-preview:-1\" \/>\n<link rel=\"canonical\" href=\"https:\/\/medicinasinc.com\/fr\/product\/acheter-metizolam-2mg-pellets-en-ligne\/\" \/>\n<meta property=\"og:locale\" content=\"en_US\" \/>\n<meta property=\"og:type\" content=\"article\" \/>\n<meta property=\"og:title\" content=\"Acheter Metizolam 2mg Pastilles en ligne - Best Global Meds\" \/>\n<meta property=\"og:description\" content=\"Vous cherchez \u00e0 acheter Metizolam 2mg Pellets \u00e0 vendre au Royaume-Uni, en Europe dans notre boutique medicinasinc.com avec une livraison rapide dans le monde entier\u00a0! Vous trouverez ici les meilleures pastilles Metizolam 2mg \u00e0 commander!\" \/>\n<meta property=\"og:url\" content=\"https:\/\/medicinasinc.com\/fr\/product\/acheter-metizolam-2mg-pellets-en-ligne\/\" \/>\n<meta property=\"og:site_name\" content=\"Medicinas Inc\" \/>\n<meta property=\"article:modified_time\" content=\"2022-08-05T10:51:00+00:00\" \/>\n<meta property=\"og:image\" content=\"https:\/\/medicinasinc.com\/fr\/wp-content\/uploads\/sites\/5\/2022\/02\/Buy-Metizolam-2mg-Pellets.jpg\" \/>\n\t<meta property=\"og:image:width\" content=\"600\" \/>\n\t<meta property=\"og:image:height\" content=\"600\" \/>\n\t<meta property=\"og:image:type\" content=\"image\/jpeg\" \/>\n<meta name=\"twitter:card\" content=\"summary_large_image\" \/>\n<meta name=\"twitter:label1\" content=\"Est. reading time\" \/>\n\t<meta name=\"twitter:data1\" content=\"2 minutes\" \/>\n<script type=\"application\/ld+json\" class=\"yoast-schema-graph\">{\"@context\":\"https:\\\/\\\/schema.org\",\"@graph\":[{\"@type\":\"WebPage\",\"@id\":\"https:\\\/\\\/medicinasinc.com\\\/fr\\\/product\\\/acheter-metizolam-2mg-pellets-en-ligne\\\/\",\"url\":\"https:\\\/\\\/medicinasinc.com\\\/fr\\\/product\\\/acheter-metizolam-2mg-pellets-en-ligne\\\/\",\"name\":\"Acheter Metizolam 2mg Pastilles en ligne - Best Global Meds\",\"isPartOf\":{\"@id\":\"https:\\\/\\\/medicinasinc.com\\\/fr\\\/#website\"},\"primaryImageOfPage\":{\"@id\":\"https:\\\/\\\/medicinasinc.com\\\/fr\\\/product\\\/acheter-metizolam-2mg-pellets-en-ligne\\\/#primaryimage\"},\"image\":{\"@id\":\"https:\\\/\\\/medicinasinc.com\\\/fr\\\/product\\\/acheter-metizolam-2mg-pellets-en-ligne\\\/#primaryimage\"},\"thumbnailUrl\":\"https:\\\/\\\/medicinasinc.com\\\/fr\\\/wp-content\\\/uploads\\\/sites\\\/5\\\/2022\\\/02\\\/Buy-Metizolam-2mg-Pellets.jpg\",\"datePublished\":\"2022-02-22T02:18:17+00:00\",\"dateModified\":\"2022-08-05T10:51:00+00:00\",\"description\":\"Vous cherchez \u00e0 acheter Metizolam 2mg Pellets \u00e0 vendre au Royaume-Uni, en Europe dans notre boutique medicinasinc.com avec une livraison rapide dans le monde entier\u00a0! Vous trouverez ici les meilleures pastilles Metizolam 2mg \u00e0 commander!\",\"breadcrumb\":{\"@id\":\"https:\\\/\\\/medicinasinc.com\\\/fr\\\/product\\\/acheter-metizolam-2mg-pellets-en-ligne\\\/#breadcrumb\"},\"inLanguage\":\"en-US\",\"potentialAction\":[{\"@type\":\"ReadAction\",\"target\":[\"https:\\\/\\\/medicinasinc.com\\\/fr\\\/product\\\/acheter-metizolam-2mg-pellets-en-ligne\\\/\"]}]},{\"@type\":\"ImageObject\",\"inLanguage\":\"en-US\",\"@id\":\"https:\\\/\\\/medicinasinc.com\\\/fr\\\/product\\\/acheter-metizolam-2mg-pellets-en-ligne\\\/#primaryimage\",\"url\":\"https:\\\/\\\/medicinasinc.com\\\/fr\\\/wp-content\\\/uploads\\\/sites\\\/5\\\/2022\\\/02\\\/Buy-Metizolam-2mg-Pellets.jpg\",\"contentUrl\":\"https:\\\/\\\/medicinasinc.com\\\/fr\\\/wp-content\\\/uploads\\\/sites\\\/5\\\/2022\\\/02\\\/Buy-Metizolam-2mg-Pellets.jpg\",\"width\":600,\"height\":600},{\"@type\":\"BreadcrumbList\",\"@id\":\"https:\\\/\\\/medicinasinc.com\\\/fr\\\/product\\\/acheter-metizolam-2mg-pellets-en-ligne\\\/#breadcrumb\",\"itemListElement\":[{\"@type\":\"ListItem\",\"position\":1,\"name\":\"Boutique\",\"item\":\"https:\\\/\\\/medicinasinc.com\\\/fr\\\/boutique\\\/\"},{\"@type\":\"ListItem\",\"position\":2,\"name\":\"Acheter Metizolam 2mg Pastilles en ligne\"}]},{\"@type\":\"WebSite\",\"@id\":\"https:\\\/\\\/medicinasinc.com\\\/fr\\\/#website\",\"url\":\"https:\\\/\\\/medicinasinc.com\\\/fr\\\/\",\"name\":\"Medicinas Inc\",\"description\":\"Health Medical Clinic\",\"potentialAction\":[{\"@type\":\"SearchAction\",\"target\":{\"@type\":\"EntryPoint\",\"urlTemplate\":\"https:\\\/\\\/medicinasinc.com\\\/fr\\\/?s={search_term_string}\"},\"query-input\":{\"@type\":\"PropertyValueSpecification\",\"valueRequired\":true,\"valueName\":\"search_term_string\"}}],\"inLanguage\":\"en-US\"}]}<\/script>\n<!-- \/ Yoast SEO plugin. -->","yoast_head_json":{"title":"Acheter Metizolam 2mg Pastilles en ligne - Best Global Meds","description":"Vous cherchez \u00e0 acheter Metizolam 2mg Pellets \u00e0 vendre au Royaume-Uni, en Europe dans notre boutique medicinasinc.com avec une livraison rapide dans le monde entier\u00a0! Vous trouverez ici les meilleures pastilles Metizolam 2mg \u00e0 commander!","robots":{"index":"index","follow":"follow","max-snippet":"max-snippet:-1","max-image-preview":"max-image-preview:large","max-video-preview":"max-video-preview:-1"},"canonical":"https:\/\/medicinasinc.com\/fr\/product\/acheter-metizolam-2mg-pellets-en-ligne\/","og_locale":"en_US","og_type":"article","og_title":"Acheter Metizolam 2mg Pastilles en ligne - Best Global Meds","og_description":"Vous cherchez \u00e0 acheter Metizolam 2mg Pellets \u00e0 vendre au Royaume-Uni, en Europe dans notre boutique medicinasinc.com avec une livraison rapide dans le monde entier\u00a0! Vous trouverez ici les meilleures pastilles Metizolam 2mg \u00e0 commander!","og_url":"https:\/\/medicinasinc.com\/fr\/product\/acheter-metizolam-2mg-pellets-en-ligne\/","og_site_name":"Medicinas Inc","article_modified_time":"2022-08-05T10:51:00+00:00","og_image":[{"width":600,"height":600,"url":"https:\/\/medicinasinc.com\/fr\/wp-content\/uploads\/sites\/5\/2022\/02\/Buy-Metizolam-2mg-Pellets.jpg","type":"image\/jpeg"}],"twitter_card":"summary_large_image","twitter_misc":{"Est. reading time":"2 minutes"},"schema":{"@context":"https:\/\/schema.org","@graph":[{"@type":"WebPage","@id":"https:\/\/medicinasinc.com\/fr\/product\/acheter-metizolam-2mg-pellets-en-ligne\/","url":"https:\/\/medicinasinc.com\/fr\/product\/acheter-metizolam-2mg-pellets-en-ligne\/","name":"Acheter Metizolam 2mg Pastilles en ligne - Best Global Meds","isPartOf":{"@id":"https:\/\/medicinasinc.com\/fr\/#website"},"primaryImageOfPage":{"@id":"https:\/\/medicinasinc.com\/fr\/product\/acheter-metizolam-2mg-pellets-en-ligne\/#primaryimage"},"image":{"@id":"https:\/\/medicinasinc.com\/fr\/product\/acheter-metizolam-2mg-pellets-en-ligne\/#primaryimage"},"thumbnailUrl":"https:\/\/medicinasinc.com\/fr\/wp-content\/uploads\/sites\/5\/2022\/02\/Buy-Metizolam-2mg-Pellets.jpg","datePublished":"2022-02-22T02:18:17+00:00","dateModified":"2022-08-05T10:51:00+00:00","description":"Vous cherchez \u00e0 acheter Metizolam 2mg Pellets \u00e0 vendre au Royaume-Uni, en Europe dans notre boutique medicinasinc.com avec une livraison rapide dans le monde entier\u00a0! Vous trouverez ici les meilleures pastilles Metizolam 2mg \u00e0 commander!","breadcrumb":{"@id":"https:\/\/medicinasinc.com\/fr\/product\/acheter-metizolam-2mg-pellets-en-ligne\/#breadcrumb"},"inLanguage":"en-US","potentialAction":[{"@type":"ReadAction","target":["https:\/\/medicinasinc.com\/fr\/product\/acheter-metizolam-2mg-pellets-en-ligne\/"]}]},{"@type":"ImageObject","inLanguage":"en-US","@id":"https:\/\/medicinasinc.com\/fr\/product\/acheter-metizolam-2mg-pellets-en-ligne\/#primaryimage","url":"https:\/\/medicinasinc.com\/fr\/wp-content\/uploads\/sites\/5\/2022\/02\/Buy-Metizolam-2mg-Pellets.jpg","contentUrl":"https:\/\/medicinasinc.com\/fr\/wp-content\/uploads\/sites\/5\/2022\/02\/Buy-Metizolam-2mg-Pellets.jpg","width":600,"height":600},{"@type":"BreadcrumbList","@id":"https:\/\/medicinasinc.com\/fr\/product\/acheter-metizolam-2mg-pellets-en-ligne\/#breadcrumb","itemListElement":[{"@type":"ListItem","position":1,"name":"Boutique","item":"https:\/\/medicinasinc.com\/fr\/boutique\/"},{"@type":"ListItem","position":2,"name":"Acheter Metizolam 2mg Pastilles en ligne"}]},{"@type":"WebSite","@id":"https:\/\/medicinasinc.com\/fr\/#website","url":"https:\/\/medicinasinc.com\/fr\/","name":"Medicinas Inc","description":"Health Medical Clinic","potentialAction":[{"@type":"SearchAction","target":{"@type":"EntryPoint","urlTemplate":"https:\/\/medicinasinc.com\/fr\/?s={search_term_string}"},"query-input":{"@type":"PropertyValueSpecification","valueRequired":true,"valueName":"search_term_string"}}],"inLanguage":"en-US"}]}},"_links":{"self":[{"href":"https:\/\/medicinasinc.com\/fr\/wp-json\/wp\/v2\/product\/5589","targetHints":{"allow":["GET"]}}],"collection":[{"href":"https:\/\/medicinasinc.com\/fr\/wp-json\/wp\/v2\/product"}],"about":[{"href":"https:\/\/medicinasinc.com\/fr\/wp-json\/wp\/v2\/types\/product"}],"replies":[{"embeddable":true,"href":"https:\/\/medicinasinc.com\/fr\/wp-json\/wp\/v2\/comments?post=5589"}],"wp:featuredmedia":[{"embeddable":true,"href":"https:\/\/medicinasinc.com\/fr\/wp-json\/wp\/v2\/media\/5598"}],"wp:attachment":[{"href":"https:\/\/medicinasinc.com\/fr\/wp-json\/wp\/v2\/media?parent=5589"}],"wp:term":[{"taxonomy":"product_brand","embeddable":true,"href":"https:\/\/medicinasinc.com\/fr\/wp-json\/wp\/v2\/product_brand?post=5589"},{"taxonomy":"product_cat","embeddable":true,"href":"https:\/\/medicinasinc.com\/fr\/wp-json\/wp\/v2\/product_cat?post=5589"},{"taxonomy":"product_tag","embeddable":true,"href":"https:\/\/medicinasinc.com\/fr\/wp-json\/wp\/v2\/product_tag?post=5589"}],"curies":[{"name":"wp","href":"https:\/\/api.w.org\/{rel}","templated":true}]}}