{"id":5566,"date":"2022-02-22T01:53:35","date_gmt":"2022-02-22T01:53:35","guid":{"rendered":"https:\/\/medicinasinc.com\/fr\/?post_type=product&#038;p=5566"},"modified":"2022-03-17T11:50:18","modified_gmt":"2022-03-17T11:50:18","slug":"chlorhydrate-de-methadone-usp-poudre-a-usage-oral","status":"publish","type":"product","link":"https:\/\/medicinasinc.com\/fr\/product\/chlorhydrate-de-methadone-usp-poudre-a-usage-oral\/","title":{"rendered":"Chlorhydrate de m\u00e9thadone USP POUDRE POUR USAGE ORAL"},"content":{"rendered":"<p>Metho Methadone Hydrochloride Powder<\/p>\n<p>La m\u00e9thadone est un m\u00e9dicament opio\u00efde utilis\u00e9 pour traiter la d\u00e9pendance aux opio\u00efdes et les douleurs intenses.<\/p>\n<p>La m\u00e9thadone peut \u00eatre prise sous forme de pilule ou de solution orale pour soulager la douleur intense.<\/p>\n<p>Les boissons aromatis\u00e9es aux fruits sont la forme la plus courante de m\u00e9thadone lorsqu&#8217;elle est utilis\u00e9e pour traiter la d\u00e9pendance aux opiac\u00e9s. Une fois par jour, la poudre est dissoute et aval\u00e9e enti\u00e8re.<\/p>\n<p>La m\u00e9thadone est un m\u00e9dicament utilis\u00e9 pour traiter la d\u00e9pendance.<\/p>\n<p>L&#8217;h\u00e9ro\u00efne, l&#8217;oxycodone, le fentanyl et l&#8217;hydromorphone peuvent tous \u00eatre remplac\u00e9s par de la m\u00e9thadone dans le traitement de la d\u00e9pendance aux opiac\u00e9s. Le terme &#8220;\u00e0 action prolong\u00e9e&#8221; fait r\u00e9f\u00e9rence \u00e0 un m\u00e9dicament qui a un d\u00e9but d&#8217;action plus lent et dure plus longtemps dans le corps. Les effets de la m\u00e9thadone peuvent durer de 24 \u00e0 36 heures, selon la dose. Les opio\u00efdes \u00e0 courte dur\u00e9e d&#8217;action, en revanche, doivent \u00eatre pris trois \u00e0 quatre fois par jour par une personne essayant d&#8217;\u00e9viter le sevrage.<\/p>\n<p>Tant que la bonne dose de m\u00e9thadone est utilis\u00e9e, elle peut att\u00e9nuer les envies de drogue et pr\u00e9venir les sympt\u00f4mes de sevrage. Les risques d&#8217;abus d&#8217;opio\u00efdes sont r\u00e9duits et les personnes d\u00e9pendantes aux opio\u00efdes ont de meilleures chances de remettre leur vie sur les rails. L&#8217;entretien \u00e0 la m\u00e9thadone est un type de traitement agoniste des opio\u00efdes utilis\u00e9 pour traiter la d\u00e9pendance aux opio\u00efdes. La bupr\u00e9norphine, un autre agoniste des opio\u00efdes, est utilis\u00e9e dans le traitement de la d\u00e9pendance aux opio\u00efdes, tout comme la m\u00e9thadone.<\/p>\n<p>La m\u00e9thadone et la bupr\u00e9norphine sont toutes deux des th\u00e9rapies efficaces pour la d\u00e9pendance aux opio\u00efdes lorsqu&#8217;elles sont utilis\u00e9es en conjonction avec des soins m\u00e9dicaux et de soutien, mais on peut \u00eatre plus efficace que l&#8217;autre pour certaines personnes.<\/p>\n<p>Un traitement \u00e0 long terme \u00e0 la m\u00e9thadone est n\u00e9cessaire. Les dur\u00e9es de traitement varient de quelques mois \u00e0 plus de deux d\u00e9cennies. Lorsqu&#8217;un utilisateur de m\u00e9thadone d\u00e9cide d&#8217;arr\u00eater de prendre le m\u00e9dicament, son m\u00e9decin diminue progressivement la quantit\u00e9 de m\u00e9thadone qu&#8217;il prend sur une p\u00e9riode de plusieurs semaines ou mois.<\/p>\n<p>R\u00e9actions ind\u00e9sirables \u00e0 la m\u00e9thadone<\/p>\n<p>Parmi les possibles effets secondaires\u00a0:<\/p>\n<p>Les \u00e9tourdissements sont caus\u00e9s par la constipation, la transpiration abondante, la bouche s\u00e8che et les changements de sexe.<\/p>\n<p>&nbsp;<\/p>\n","protected":false},"excerpt":{"rendered":"<p>Acheter de la poudre Metho Methadone HCL en ligne. Metho Methadone HCL en poudre en gros\u00a099,8\u00a0% Pure @ prix de gros. Metho (Methadone HCL) traite la douleur mod\u00e9r\u00e9e \u00e0 s\u00e9v\u00e8re.<\/p>\n","protected":false},"featured_media":5578,"comment_status":"open","ping_status":"closed","template":"","meta":[],"product_brand":[],"product_cat":[59],"product_tag":[3197,3191,3193,3190,3192,3195,3198,3194,3196,3201,3202,3207,3208,3199,3200,3203,3204,3206,3205,3209],"class_list":{"0":"post-5566","1":"product","2":"type-product","3":"status-publish","4":"has-post-thumbnail","6":"product_cat-produits-chimiques-de-recherche","7":"product_tag-mthadone-poudre-acheter","8":"product_tag-acheter-mthadone-poudre","9":"product_tag-acheter-mtho-poudre","10":"product_tag-acheter-methadone-hydrochloride","11":"product_tag-acheter-metho-hcl","12":"product_tag-chlorhydrate-de-methadone-vente-en-gros","13":"product_tag-mthadone-poudre-effet","14":"product_tag-effet-chlorhydrate-de-mthadone","15":"product_tag-methadone-powder","16":"product_tag-methadone-powder-online","17":"product_tag-methadone-powder-order","18":"product_tag-o-acheter-de-la-poudre-de-mthadone","19":"product_tag-o-commander-mthadone-poudre","20":"product_tag-poudre-de-methadone-a-vendre","21":"product_tag-mthadone-poudre-en-vente-en-ligne","22":"product_tag-mthadone-poudre-reddit","23":"product_tag-mthadone-poudre-vente-au-dtail","24":"product_tag-mthadone-poudre-vendre","25":"product_tag-vente-de-poudre-de-mthadone","26":"product_tag-vente-en-gros-de-poudre-de-mthadone","28":"first","29":"instock","30":"shipping-taxable","31":"purchasable","32":"product-type-variable","33":"has-default-attributes"},"yoast_head":"<!-- This site is optimized with the Yoast SEO plugin v27.3 - https:\/\/yoast.com\/product\/yoast-seo-wordpress\/ -->\n<title>Chlorhydrate de m\u00e9thadone USP POUDRE POUR USAGE ORAL<\/title>\n<meta name=\"description\" content=\"Acheter de la poudre Metho Methadone HCL en ligne. Poudre Metho Methadone HCL en gros 99,8% Pure @ prix de gros. Metho (Methadone HCL) traite la douleur mod\u00e9r\u00e9e \u00e0 s\u00e9v\u00e8re.\" \/>\n<meta name=\"robots\" content=\"index, follow, max-snippet:-1, max-image-preview:large, max-video-preview:-1\" \/>\n<link rel=\"canonical\" href=\"https:\/\/medicinasinc.com\/fr\/product\/chlorhydrate-de-methadone-usp-poudre-a-usage-oral\/\" \/>\n<meta property=\"og:locale\" content=\"en_US\" \/>\n<meta property=\"og:type\" content=\"article\" \/>\n<meta property=\"og:title\" content=\"Chlorhydrate de m\u00e9thadone USP POUDRE POUR USAGE ORAL\" \/>\n<meta property=\"og:description\" content=\"Acheter de la poudre Metho Methadone HCL en ligne. Poudre Metho Methadone HCL en gros 99,8% Pure @ prix de gros. Metho (Methadone HCL) traite la douleur mod\u00e9r\u00e9e \u00e0 s\u00e9v\u00e8re.\" \/>\n<meta property=\"og:url\" content=\"https:\/\/medicinasinc.com\/fr\/product\/chlorhydrate-de-methadone-usp-poudre-a-usage-oral\/\" \/>\n<meta property=\"og:site_name\" content=\"Medicinas Inc\" \/>\n<meta property=\"article:modified_time\" content=\"2022-03-17T11:50:18+00:00\" \/>\n<meta property=\"og:image\" content=\"https:\/\/medicinasinc.com\/fr\/wp-content\/uploads\/sites\/5\/2022\/02\/Buy-Methadone.jpg\" \/>\n\t<meta property=\"og:image:width\" content=\"600\" \/>\n\t<meta property=\"og:image:height\" content=\"600\" \/>\n\t<meta property=\"og:image:type\" content=\"image\/jpeg\" \/>\n<meta name=\"twitter:card\" content=\"summary_large_image\" \/>\n<meta name=\"twitter:label1\" content=\"Est. reading time\" \/>\n\t<meta name=\"twitter:data1\" content=\"2 minutes\" \/>\n<script type=\"application\/ld+json\" class=\"yoast-schema-graph\">{\"@context\":\"https:\\\/\\\/schema.org\",\"@graph\":[{\"@type\":\"WebPage\",\"@id\":\"https:\\\/\\\/medicinasinc.com\\\/fr\\\/product\\\/chlorhydrate-de-methadone-usp-poudre-a-usage-oral\\\/\",\"url\":\"https:\\\/\\\/medicinasinc.com\\\/fr\\\/product\\\/chlorhydrate-de-methadone-usp-poudre-a-usage-oral\\\/\",\"name\":\"Chlorhydrate de m\u00e9thadone USP POUDRE POUR USAGE ORAL\",\"isPartOf\":{\"@id\":\"https:\\\/\\\/medicinasinc.com\\\/fr\\\/#website\"},\"primaryImageOfPage\":{\"@id\":\"https:\\\/\\\/medicinasinc.com\\\/fr\\\/product\\\/chlorhydrate-de-methadone-usp-poudre-a-usage-oral\\\/#primaryimage\"},\"image\":{\"@id\":\"https:\\\/\\\/medicinasinc.com\\\/fr\\\/product\\\/chlorhydrate-de-methadone-usp-poudre-a-usage-oral\\\/#primaryimage\"},\"thumbnailUrl\":\"https:\\\/\\\/medicinasinc.com\\\/fr\\\/wp-content\\\/uploads\\\/sites\\\/5\\\/2022\\\/02\\\/Buy-Methadone.jpg\",\"datePublished\":\"2022-02-22T01:53:35+00:00\",\"dateModified\":\"2022-03-17T11:50:18+00:00\",\"description\":\"Acheter de la poudre Metho Methadone HCL en ligne. Poudre Metho Methadone HCL en gros 99,8% Pure @ prix de gros. Metho (Methadone HCL) traite la douleur mod\u00e9r\u00e9e \u00e0 s\u00e9v\u00e8re.\",\"breadcrumb\":{\"@id\":\"https:\\\/\\\/medicinasinc.com\\\/fr\\\/product\\\/chlorhydrate-de-methadone-usp-poudre-a-usage-oral\\\/#breadcrumb\"},\"inLanguage\":\"en-US\",\"potentialAction\":[{\"@type\":\"ReadAction\",\"target\":[\"https:\\\/\\\/medicinasinc.com\\\/fr\\\/product\\\/chlorhydrate-de-methadone-usp-poudre-a-usage-oral\\\/\"]}]},{\"@type\":\"ImageObject\",\"inLanguage\":\"en-US\",\"@id\":\"https:\\\/\\\/medicinasinc.com\\\/fr\\\/product\\\/chlorhydrate-de-methadone-usp-poudre-a-usage-oral\\\/#primaryimage\",\"url\":\"https:\\\/\\\/medicinasinc.com\\\/fr\\\/wp-content\\\/uploads\\\/sites\\\/5\\\/2022\\\/02\\\/Buy-Methadone.jpg\",\"contentUrl\":\"https:\\\/\\\/medicinasinc.com\\\/fr\\\/wp-content\\\/uploads\\\/sites\\\/5\\\/2022\\\/02\\\/Buy-Methadone.jpg\",\"width\":600,\"height\":600},{\"@type\":\"BreadcrumbList\",\"@id\":\"https:\\\/\\\/medicinasinc.com\\\/fr\\\/product\\\/chlorhydrate-de-methadone-usp-poudre-a-usage-oral\\\/#breadcrumb\",\"itemListElement\":[{\"@type\":\"ListItem\",\"position\":1,\"name\":\"Boutique\",\"item\":\"https:\\\/\\\/medicinasinc.com\\\/fr\\\/boutique\\\/\"},{\"@type\":\"ListItem\",\"position\":2,\"name\":\"Chlorhydrate de m\u00e9thadone USP POUDRE POUR USAGE ORAL\"}]},{\"@type\":\"WebSite\",\"@id\":\"https:\\\/\\\/medicinasinc.com\\\/fr\\\/#website\",\"url\":\"https:\\\/\\\/medicinasinc.com\\\/fr\\\/\",\"name\":\"Medicinas Inc\",\"description\":\"Health Medical Clinic\",\"potentialAction\":[{\"@type\":\"SearchAction\",\"target\":{\"@type\":\"EntryPoint\",\"urlTemplate\":\"https:\\\/\\\/medicinasinc.com\\\/fr\\\/?s={search_term_string}\"},\"query-input\":{\"@type\":\"PropertyValueSpecification\",\"valueRequired\":true,\"valueName\":\"search_term_string\"}}],\"inLanguage\":\"en-US\"}]}<\/script>\n<!-- \/ Yoast SEO plugin. -->","yoast_head_json":{"title":"Chlorhydrate de m\u00e9thadone USP POUDRE POUR USAGE ORAL","description":"Acheter de la poudre Metho Methadone HCL en ligne. Poudre Metho Methadone HCL en gros 99,8% Pure @ prix de gros. Metho (Methadone HCL) traite la douleur mod\u00e9r\u00e9e \u00e0 s\u00e9v\u00e8re.","robots":{"index":"index","follow":"follow","max-snippet":"max-snippet:-1","max-image-preview":"max-image-preview:large","max-video-preview":"max-video-preview:-1"},"canonical":"https:\/\/medicinasinc.com\/fr\/product\/chlorhydrate-de-methadone-usp-poudre-a-usage-oral\/","og_locale":"en_US","og_type":"article","og_title":"Chlorhydrate de m\u00e9thadone USP POUDRE POUR USAGE ORAL","og_description":"Acheter de la poudre Metho Methadone HCL en ligne. Poudre Metho Methadone HCL en gros 99,8% Pure @ prix de gros. Metho (Methadone HCL) traite la douleur mod\u00e9r\u00e9e \u00e0 s\u00e9v\u00e8re.","og_url":"https:\/\/medicinasinc.com\/fr\/product\/chlorhydrate-de-methadone-usp-poudre-a-usage-oral\/","og_site_name":"Medicinas Inc","article_modified_time":"2022-03-17T11:50:18+00:00","og_image":[{"width":600,"height":600,"url":"https:\/\/medicinasinc.com\/fr\/wp-content\/uploads\/sites\/5\/2022\/02\/Buy-Methadone.jpg","type":"image\/jpeg"}],"twitter_card":"summary_large_image","twitter_misc":{"Est. reading time":"2 minutes"},"schema":{"@context":"https:\/\/schema.org","@graph":[{"@type":"WebPage","@id":"https:\/\/medicinasinc.com\/fr\/product\/chlorhydrate-de-methadone-usp-poudre-a-usage-oral\/","url":"https:\/\/medicinasinc.com\/fr\/product\/chlorhydrate-de-methadone-usp-poudre-a-usage-oral\/","name":"Chlorhydrate de m\u00e9thadone USP POUDRE POUR USAGE ORAL","isPartOf":{"@id":"https:\/\/medicinasinc.com\/fr\/#website"},"primaryImageOfPage":{"@id":"https:\/\/medicinasinc.com\/fr\/product\/chlorhydrate-de-methadone-usp-poudre-a-usage-oral\/#primaryimage"},"image":{"@id":"https:\/\/medicinasinc.com\/fr\/product\/chlorhydrate-de-methadone-usp-poudre-a-usage-oral\/#primaryimage"},"thumbnailUrl":"https:\/\/medicinasinc.com\/fr\/wp-content\/uploads\/sites\/5\/2022\/02\/Buy-Methadone.jpg","datePublished":"2022-02-22T01:53:35+00:00","dateModified":"2022-03-17T11:50:18+00:00","description":"Acheter de la poudre Metho Methadone HCL en ligne. Poudre Metho Methadone HCL en gros 99,8% Pure @ prix de gros. Metho (Methadone HCL) traite la douleur mod\u00e9r\u00e9e \u00e0 s\u00e9v\u00e8re.","breadcrumb":{"@id":"https:\/\/medicinasinc.com\/fr\/product\/chlorhydrate-de-methadone-usp-poudre-a-usage-oral\/#breadcrumb"},"inLanguage":"en-US","potentialAction":[{"@type":"ReadAction","target":["https:\/\/medicinasinc.com\/fr\/product\/chlorhydrate-de-methadone-usp-poudre-a-usage-oral\/"]}]},{"@type":"ImageObject","inLanguage":"en-US","@id":"https:\/\/medicinasinc.com\/fr\/product\/chlorhydrate-de-methadone-usp-poudre-a-usage-oral\/#primaryimage","url":"https:\/\/medicinasinc.com\/fr\/wp-content\/uploads\/sites\/5\/2022\/02\/Buy-Methadone.jpg","contentUrl":"https:\/\/medicinasinc.com\/fr\/wp-content\/uploads\/sites\/5\/2022\/02\/Buy-Methadone.jpg","width":600,"height":600},{"@type":"BreadcrumbList","@id":"https:\/\/medicinasinc.com\/fr\/product\/chlorhydrate-de-methadone-usp-poudre-a-usage-oral\/#breadcrumb","itemListElement":[{"@type":"ListItem","position":1,"name":"Boutique","item":"https:\/\/medicinasinc.com\/fr\/boutique\/"},{"@type":"ListItem","position":2,"name":"Chlorhydrate de m\u00e9thadone USP POUDRE POUR USAGE ORAL"}]},{"@type":"WebSite","@id":"https:\/\/medicinasinc.com\/fr\/#website","url":"https:\/\/medicinasinc.com\/fr\/","name":"Medicinas Inc","description":"Health Medical Clinic","potentialAction":[{"@type":"SearchAction","target":{"@type":"EntryPoint","urlTemplate":"https:\/\/medicinasinc.com\/fr\/?s={search_term_string}"},"query-input":{"@type":"PropertyValueSpecification","valueRequired":true,"valueName":"search_term_string"}}],"inLanguage":"en-US"}]}},"_links":{"self":[{"href":"https:\/\/medicinasinc.com\/fr\/wp-json\/wp\/v2\/product\/5566","targetHints":{"allow":["GET"]}}],"collection":[{"href":"https:\/\/medicinasinc.com\/fr\/wp-json\/wp\/v2\/product"}],"about":[{"href":"https:\/\/medicinasinc.com\/fr\/wp-json\/wp\/v2\/types\/product"}],"replies":[{"embeddable":true,"href":"https:\/\/medicinasinc.com\/fr\/wp-json\/wp\/v2\/comments?post=5566"}],"wp:featuredmedia":[{"embeddable":true,"href":"https:\/\/medicinasinc.com\/fr\/wp-json\/wp\/v2\/media\/5578"}],"wp:attachment":[{"href":"https:\/\/medicinasinc.com\/fr\/wp-json\/wp\/v2\/media?parent=5566"}],"wp:term":[{"taxonomy":"product_brand","embeddable":true,"href":"https:\/\/medicinasinc.com\/fr\/wp-json\/wp\/v2\/product_brand?post=5566"},{"taxonomy":"product_cat","embeddable":true,"href":"https:\/\/medicinasinc.com\/fr\/wp-json\/wp\/v2\/product_cat?post=5566"},{"taxonomy":"product_tag","embeddable":true,"href":"https:\/\/medicinasinc.com\/fr\/wp-json\/wp\/v2\/product_tag?post=5566"}],"curies":[{"name":"wp","href":"https:\/\/api.w.org\/{rel}","templated":true}]}}