{"id":5565,"date":"2022-02-22T01:51:04","date_gmt":"2022-02-22T01:51:04","guid":{"rendered":"https:\/\/medicinasinc.com\/fr\/?post_type=product&#038;p=5565"},"modified":"2022-03-17T11:50:32","modified_gmt":"2022-03-17T11:50:32","slug":"acheter-mdpv-methylenedioxypyrovalerone-poudre","status":"publish","type":"product","link":"https:\/\/medicinasinc.com\/fr\/product\/acheter-mdpv-methylenedioxypyrovalerone-poudre\/","title":{"rendered":"Acheter de la poudre de MDPV (m\u00e9thyl\u00e8nedioxypyroval\u00e9rone)"},"content":{"rendered":"<p>MDPV est disponible \u00e0 l&#8217;achat ici.<\/p>\n<p>achetez MDPV en ligne pour votre propre usage ou pour le revendre. Nous pouvons garantir que notre poudre MDPV \u00e0 vendre est de la plus haute qualit\u00e9 actuellement disponible sur le march\u00e9. Western Union, MoneyGram et les bitcoins font partie des modes de paiement que nous acceptons. Nous avons \u00e9galement une grande vari\u00e9t\u00e9 de produits chimiques de recherche diff\u00e9rents \u00e0 vendre, y compris JWH-018. Veuillez garder \u00e0 l&#8217;esprit que nous ne sommes pas responsables de la fa\u00e7on dont notre MDPV \u00e0 vendre aux \u00c9tats-Unis est utilis\u00e9 par nos clients.<\/p>\n<p>Un stimulant de la classe des cathinones, la poudre de MDPV (M\u00e9thyl\u00e8nedioxypyroval\u00e9rone) peut \u00eatre achet\u00e9e en ligne. C&#8217;est un inhibiteur de la recapture de la noradr\u00e9naline-dopamine et un stimulant psychotrope. Dans les ann\u00e9es 1960, une \u00e9quipe de Boehringer Ingelheim l&#8217;a cr\u00e9\u00e9.<br \/> FORME POUDRE DE MDPV (METHYLENEDIOXYPYROVALERONE)\u00a0:<br \/> En raison de sa texture fine et de sa tendance \u00e0 coller lorsqu&#8217;il est expos\u00e9 \u00e0 l&#8217;humidit\u00e9, le sel de chlorhydrate est souvent confondu avec sucre en poudre.<br \/> Les propri\u00e9t\u00e9s stimulantes du MDPV ont \u00e9t\u00e9 compar\u00e9es \u00e0 celles de la coca\u00efne, du m\u00e9thylph\u00e9nidate et des amph\u00e9tamines.<\/p>\n<div class=\"entry-content gbtr_product_description\">\n<h3 class=\"fusion-responsive-typography-calculated \" data-fontsize=\"16\" data-lineheight=\"24px\"><\/h3>\n<\/p><\/div>\n","protected":false},"excerpt":{"rendered":"<div class=\"woocommerce-product-details__short-description\">\n<p>Achetez du MDPV en vente en ligne au Royaume-Uni, en Europe ici sur Bestglobalmeds.com. L&#8217;achat en ligne de produits chimiques de recherche M\u00e9thyl\u00e8nedioxypyroval\u00e9rone est tr\u00e8s difficile. Mais nous pouvons fournir des MDPV de qualit\u00e9 sup\u00e9rieure \u00e0 vendre \u00e0 des prix tr\u00e8s bas. Rien de bon ne vient facilement et il nous faut beaucoup de travail pour avoir le MDPV de la meilleure qualit\u00e9 \u00e0 vendre.<\/p>\n<p><b>La m\u00e9thyl\u00e8nedioxypyroval\u00e9rone<\/b>\u00a0(MDPV) est un stimulant de la classe des cathinones qui agit comme un inhibiteur de la recapture de la noradr\u00e9naline-dopamine (NDRI). Il a \u00e9t\u00e9 d\u00e9velopp\u00e9 pour la premi\u00e8re fois dans les ann\u00e9es 1960 par une \u00e9quipe de Boehringer Ingelheim.<\/p>\n<h3 class=\"fusion-responsive-typography-calculated\" data-fontsize=\"16\" data-lineheight=\"24px\">MDPV (M\u00e9thyl\u00e8nedioxypyroval\u00e9rone) la poudre est un stimulant de la classe des cathinones.<\/h3>\n<\/p><\/div>\n","protected":false},"featured_media":5576,"comment_status":"open","ping_status":"closed","template":"","meta":[],"product_brand":[],"product_cat":[59],"product_tag":[3151,3144,3137,3147,3146,3157,3155,3156,3154,3159,3148,3138,3139,3142,3143,3141,3140,3150,3152,3153,3161,3158,3160,3145,3149,3162,3188,3187,3166,3167,3163,3164,3169,3173,3179,3180,3170,3175,3176,3177,3182,3183,3168,3184,3185,3189,3172,3178,3186,3171,3174,3181,3136,3165],"class_list":{"0":"post-5565","1":"product","2":"type-product","3":"status-publish","4":"has-post-thumbnail","6":"product_cat-produits-chimiques-de-recherche","7":"product_tag-acheter-mdpv-power-en-ligne","8":"product_tag-acheter-mdpv-nourriture-plante","9":"product_tag-acheter-dextromthorphane-poudre-en-ligne","10":"product_tag-acheter-mdpv-powdera-en-ligne","11":"product_tag-acheter-mdpv-poudre-en-ligne-gratuit","12":"product_tag-acheter-poudre-de-mthylnedioxypyrovalrone-en-ligne","13":"product_tag-acheter-mthylnedioxypyrovalrone-poudre-examen-en-ligne","14":"product_tag-acheter-mthylnedioxypyrovalrone-poudre-avis-en-ligne","15":"product_tag-acheter-mthylnedioxypyrovalrone-poudre-en-ligne-indonesie","16":"product_tag-acheter-mthylnedioxypyrovalrone-poudre-en-ligne-com","17":"product_tag-acheter-mdpv-powdera-casino-en-ligne","18":"product_tag-acheter-mdpv","19":"product_tag-acheter-mdpv-1g","20":"product_tag-acheter-mdpv-en-ligne","21":"product_tag-acheter-mdpv-en-ligne-etats-unis","22":"product_tag-acheter-mdpv-europe","23":"product_tag-acheter-mdpv-pas-cher","24":"product_tag-acheter-mdpv-powdera-en-ligne-fr","25":"product_tag-acheter-mdpv-fr","26":"product_tag-acheter-mdpv-usa","27":"product_tag-acheter-mthylnedioxypyrovalrone-power-en-ligne","28":"product_tag-acheter-poudre-de-mthylnedioxypyrovalrone-en-ligne-ecouter","29":"product_tag-acheter-mthylnedioxypyrovalrone-poudre-en-ligne-fr","30":"product_tag-acheter-mdpv-poudre-en-ligne-2019","31":"product_tag-acheter-mdpv-powdera-en-ligne-ecouter","32":"product_tag-comment-acheter-mdpv","33":"product_tag-examen-de-la-poudre-de-mthylnedioxypyrovalrone","34":"product_tag-fond-de-teint-en-poudre-de-mthylnedioxypyrovalrone","35":"product_tag-mdpv-acheter-fr","36":"product_tag-mdpv-acheter-etats-unis","37":"product_tag-mdpv-bath-salts-buy","38":"product_tag-mdpv-bath-salts-buy-online","39":"product_tag-mdpv-online-buy","40":"product_tag-mdpv-poudre-en-vente-craigslist","41":"product_tag-mdpv-poudre-a-vendre-etats-unis","42":"product_tag-mdpv-poudre-a-vendre-usa","43":"product_tag-mdpv-powder-for-sale","44":"product_tag-mdpv-powder-for-sale-florida","45":"product_tag-mdpv-powder-for-sale-michigan","46":"product_tag-mdpv-powder-for-sale-near-me","47":"product_tag-mdpv-powder-for-sale-without","48":"product_tag-mdpv-powders","49":"product_tag-mdpv-mdicament","50":"product_tag-mthylnedioxypyrovalrone-acheter","51":"product_tag-mthylnedioxypyrovalrone-achat-en-ligne","52":"product_tag-o-acheter-mdpv","53":"product_tag-mdpv-poudre-en-vente-amazon","54":"product_tag-mdpv-poudre-a-vendre-france","55":"product_tag-poudre-de-mthylnedioxypyrovalrone","56":"product_tag-mdpv-poudre-a-vendre-2019","57":"product_tag-mdpv-poudre-en-vente-ebay","58":"product_tag-mdpv-poudre-en-vente-walmart","59":"product_tag-sel-de-bain-a-vendre","60":"product_tag-mdpv-sels-de-bains-a-vendre","62":"first","63":"instock","64":"shipping-taxable","65":"purchasable","66":"product-type-variable","67":"has-default-attributes"},"yoast_head":"<!-- This site is optimized with the Yoast SEO plugin v27.3 - https:\/\/yoast.com\/product\/yoast-seo-wordpress\/ -->\n<title>Acheter de la poudre de MDPV (m\u00e9thyl\u00e8nedioxypyroval\u00e9rone) - Best Global Meds<\/title>\n<meta name=\"description\" content=\"Acheter MDPV \u00e0 vendre en ligne au Royaume-Uni, en Europe ici sur Bestglobalmeds. L&#039;achat en ligne de produits chimiques de recherche M\u00e9thyl\u00e8nedioxypyroval\u00e9rone est tr\u00e8s difficile. Mais nous pouvons fournir des MDPV de qualit\u00e9 sup\u00e9rieure \u00e0 vendre \u00e0 des prix tr\u00e8s bas.\" \/>\n<meta name=\"robots\" content=\"index, follow, max-snippet:-1, max-image-preview:large, max-video-preview:-1\" \/>\n<link rel=\"canonical\" href=\"https:\/\/medicinasinc.com\/fr\/product\/acheter-mdpv-methylenedioxypyrovalerone-poudre\/\" \/>\n<meta property=\"og:locale\" content=\"en_US\" \/>\n<meta property=\"og:type\" content=\"article\" \/>\n<meta property=\"og:title\" content=\"Acheter de la poudre de MDPV (m\u00e9thyl\u00e8nedioxypyroval\u00e9rone) - Best Global Meds\" \/>\n<meta property=\"og:description\" content=\"Acheter MDPV \u00e0 vendre en ligne au Royaume-Uni, en Europe ici sur Bestglobalmeds. L&#039;achat en ligne de produits chimiques de recherche M\u00e9thyl\u00e8nedioxypyroval\u00e9rone est tr\u00e8s difficile. Mais nous pouvons fournir des MDPV de qualit\u00e9 sup\u00e9rieure \u00e0 vendre \u00e0 des prix tr\u00e8s bas.\" \/>\n<meta property=\"og:url\" content=\"https:\/\/medicinasinc.com\/fr\/product\/acheter-mdpv-methylenedioxypyrovalerone-poudre\/\" \/>\n<meta property=\"og:site_name\" content=\"Medicinas Inc\" \/>\n<meta property=\"article:modified_time\" content=\"2022-03-17T11:50:32+00:00\" \/>\n<meta property=\"og:image\" content=\"https:\/\/medicinasinc.com\/fr\/wp-content\/uploads\/sites\/5\/2022\/02\/buy-methylenedioxypyrovalerone.jpg\" \/>\n\t<meta property=\"og:image:width\" content=\"1400\" \/>\n\t<meta property=\"og:image:height\" content=\"700\" \/>\n\t<meta property=\"og:image:type\" content=\"image\/jpeg\" \/>\n<meta name=\"twitter:card\" content=\"summary_large_image\" \/>\n<meta name=\"twitter:label1\" content=\"Est. reading time\" \/>\n\t<meta name=\"twitter:data1\" content=\"1 minute\" \/>\n<script type=\"application\/ld+json\" class=\"yoast-schema-graph\">{\"@context\":\"https:\\\/\\\/schema.org\",\"@graph\":[{\"@type\":\"WebPage\",\"@id\":\"https:\\\/\\\/medicinasinc.com\\\/fr\\\/product\\\/acheter-mdpv-methylenedioxypyrovalerone-poudre\\\/\",\"url\":\"https:\\\/\\\/medicinasinc.com\\\/fr\\\/product\\\/acheter-mdpv-methylenedioxypyrovalerone-poudre\\\/\",\"name\":\"Acheter de la poudre de MDPV (m\u00e9thyl\u00e8nedioxypyroval\u00e9rone) - Best Global Meds\",\"isPartOf\":{\"@id\":\"https:\\\/\\\/medicinasinc.com\\\/fr\\\/#website\"},\"primaryImageOfPage\":{\"@id\":\"https:\\\/\\\/medicinasinc.com\\\/fr\\\/product\\\/acheter-mdpv-methylenedioxypyrovalerone-poudre\\\/#primaryimage\"},\"image\":{\"@id\":\"https:\\\/\\\/medicinasinc.com\\\/fr\\\/product\\\/acheter-mdpv-methylenedioxypyrovalerone-poudre\\\/#primaryimage\"},\"thumbnailUrl\":\"https:\\\/\\\/medicinasinc.com\\\/fr\\\/wp-content\\\/uploads\\\/sites\\\/5\\\/2022\\\/02\\\/buy-methylenedioxypyrovalerone.jpg\",\"datePublished\":\"2022-02-22T01:51:04+00:00\",\"dateModified\":\"2022-03-17T11:50:32+00:00\",\"description\":\"Acheter MDPV \u00e0 vendre en ligne au Royaume-Uni, en Europe ici sur Bestglobalmeds. L'achat en ligne de produits chimiques de recherche M\u00e9thyl\u00e8nedioxypyroval\u00e9rone est tr\u00e8s difficile. Mais nous pouvons fournir des MDPV de qualit\u00e9 sup\u00e9rieure \u00e0 vendre \u00e0 des prix tr\u00e8s bas.\",\"breadcrumb\":{\"@id\":\"https:\\\/\\\/medicinasinc.com\\\/fr\\\/product\\\/acheter-mdpv-methylenedioxypyrovalerone-poudre\\\/#breadcrumb\"},\"inLanguage\":\"en-US\",\"potentialAction\":[{\"@type\":\"ReadAction\",\"target\":[\"https:\\\/\\\/medicinasinc.com\\\/fr\\\/product\\\/acheter-mdpv-methylenedioxypyrovalerone-poudre\\\/\"]}]},{\"@type\":\"ImageObject\",\"inLanguage\":\"en-US\",\"@id\":\"https:\\\/\\\/medicinasinc.com\\\/fr\\\/product\\\/acheter-mdpv-methylenedioxypyrovalerone-poudre\\\/#primaryimage\",\"url\":\"https:\\\/\\\/medicinasinc.com\\\/fr\\\/wp-content\\\/uploads\\\/sites\\\/5\\\/2022\\\/02\\\/buy-methylenedioxypyrovalerone.jpg\",\"contentUrl\":\"https:\\\/\\\/medicinasinc.com\\\/fr\\\/wp-content\\\/uploads\\\/sites\\\/5\\\/2022\\\/02\\\/buy-methylenedioxypyrovalerone.jpg\",\"width\":1400,\"height\":700},{\"@type\":\"BreadcrumbList\",\"@id\":\"https:\\\/\\\/medicinasinc.com\\\/fr\\\/product\\\/acheter-mdpv-methylenedioxypyrovalerone-poudre\\\/#breadcrumb\",\"itemListElement\":[{\"@type\":\"ListItem\",\"position\":1,\"name\":\"Boutique\",\"item\":\"https:\\\/\\\/medicinasinc.com\\\/fr\\\/boutique\\\/\"},{\"@type\":\"ListItem\",\"position\":2,\"name\":\"Acheter de la poudre de MDPV (m\u00e9thyl\u00e8nedioxypyroval\u00e9rone)\"}]},{\"@type\":\"WebSite\",\"@id\":\"https:\\\/\\\/medicinasinc.com\\\/fr\\\/#website\",\"url\":\"https:\\\/\\\/medicinasinc.com\\\/fr\\\/\",\"name\":\"Medicinas Inc\",\"description\":\"Health Medical Clinic\",\"potentialAction\":[{\"@type\":\"SearchAction\",\"target\":{\"@type\":\"EntryPoint\",\"urlTemplate\":\"https:\\\/\\\/medicinasinc.com\\\/fr\\\/?s={search_term_string}\"},\"query-input\":{\"@type\":\"PropertyValueSpecification\",\"valueRequired\":true,\"valueName\":\"search_term_string\"}}],\"inLanguage\":\"en-US\"}]}<\/script>\n<!-- \/ Yoast SEO plugin. -->","yoast_head_json":{"title":"Acheter de la poudre de MDPV (m\u00e9thyl\u00e8nedioxypyroval\u00e9rone) - Best Global Meds","description":"Acheter MDPV \u00e0 vendre en ligne au Royaume-Uni, en Europe ici sur Bestglobalmeds. L'achat en ligne de produits chimiques de recherche M\u00e9thyl\u00e8nedioxypyroval\u00e9rone est tr\u00e8s difficile. Mais nous pouvons fournir des MDPV de qualit\u00e9 sup\u00e9rieure \u00e0 vendre \u00e0 des prix tr\u00e8s bas.","robots":{"index":"index","follow":"follow","max-snippet":"max-snippet:-1","max-image-preview":"max-image-preview:large","max-video-preview":"max-video-preview:-1"},"canonical":"https:\/\/medicinasinc.com\/fr\/product\/acheter-mdpv-methylenedioxypyrovalerone-poudre\/","og_locale":"en_US","og_type":"article","og_title":"Acheter de la poudre de MDPV (m\u00e9thyl\u00e8nedioxypyroval\u00e9rone) - Best Global Meds","og_description":"Acheter MDPV \u00e0 vendre en ligne au Royaume-Uni, en Europe ici sur Bestglobalmeds. L'achat en ligne de produits chimiques de recherche M\u00e9thyl\u00e8nedioxypyroval\u00e9rone est tr\u00e8s difficile. Mais nous pouvons fournir des MDPV de qualit\u00e9 sup\u00e9rieure \u00e0 vendre \u00e0 des prix tr\u00e8s bas.","og_url":"https:\/\/medicinasinc.com\/fr\/product\/acheter-mdpv-methylenedioxypyrovalerone-poudre\/","og_site_name":"Medicinas Inc","article_modified_time":"2022-03-17T11:50:32+00:00","og_image":[{"width":1400,"height":700,"url":"https:\/\/medicinasinc.com\/fr\/wp-content\/uploads\/sites\/5\/2022\/02\/buy-methylenedioxypyrovalerone.jpg","type":"image\/jpeg"}],"twitter_card":"summary_large_image","twitter_misc":{"Est. reading time":"1 minute"},"schema":{"@context":"https:\/\/schema.org","@graph":[{"@type":"WebPage","@id":"https:\/\/medicinasinc.com\/fr\/product\/acheter-mdpv-methylenedioxypyrovalerone-poudre\/","url":"https:\/\/medicinasinc.com\/fr\/product\/acheter-mdpv-methylenedioxypyrovalerone-poudre\/","name":"Acheter de la poudre de MDPV (m\u00e9thyl\u00e8nedioxypyroval\u00e9rone) - Best Global Meds","isPartOf":{"@id":"https:\/\/medicinasinc.com\/fr\/#website"},"primaryImageOfPage":{"@id":"https:\/\/medicinasinc.com\/fr\/product\/acheter-mdpv-methylenedioxypyrovalerone-poudre\/#primaryimage"},"image":{"@id":"https:\/\/medicinasinc.com\/fr\/product\/acheter-mdpv-methylenedioxypyrovalerone-poudre\/#primaryimage"},"thumbnailUrl":"https:\/\/medicinasinc.com\/fr\/wp-content\/uploads\/sites\/5\/2022\/02\/buy-methylenedioxypyrovalerone.jpg","datePublished":"2022-02-22T01:51:04+00:00","dateModified":"2022-03-17T11:50:32+00:00","description":"Acheter MDPV \u00e0 vendre en ligne au Royaume-Uni, en Europe ici sur Bestglobalmeds. L'achat en ligne de produits chimiques de recherche M\u00e9thyl\u00e8nedioxypyroval\u00e9rone est tr\u00e8s difficile. Mais nous pouvons fournir des MDPV de qualit\u00e9 sup\u00e9rieure \u00e0 vendre \u00e0 des prix tr\u00e8s bas.","breadcrumb":{"@id":"https:\/\/medicinasinc.com\/fr\/product\/acheter-mdpv-methylenedioxypyrovalerone-poudre\/#breadcrumb"},"inLanguage":"en-US","potentialAction":[{"@type":"ReadAction","target":["https:\/\/medicinasinc.com\/fr\/product\/acheter-mdpv-methylenedioxypyrovalerone-poudre\/"]}]},{"@type":"ImageObject","inLanguage":"en-US","@id":"https:\/\/medicinasinc.com\/fr\/product\/acheter-mdpv-methylenedioxypyrovalerone-poudre\/#primaryimage","url":"https:\/\/medicinasinc.com\/fr\/wp-content\/uploads\/sites\/5\/2022\/02\/buy-methylenedioxypyrovalerone.jpg","contentUrl":"https:\/\/medicinasinc.com\/fr\/wp-content\/uploads\/sites\/5\/2022\/02\/buy-methylenedioxypyrovalerone.jpg","width":1400,"height":700},{"@type":"BreadcrumbList","@id":"https:\/\/medicinasinc.com\/fr\/product\/acheter-mdpv-methylenedioxypyrovalerone-poudre\/#breadcrumb","itemListElement":[{"@type":"ListItem","position":1,"name":"Boutique","item":"https:\/\/medicinasinc.com\/fr\/boutique\/"},{"@type":"ListItem","position":2,"name":"Acheter de la poudre de MDPV (m\u00e9thyl\u00e8nedioxypyroval\u00e9rone)"}]},{"@type":"WebSite","@id":"https:\/\/medicinasinc.com\/fr\/#website","url":"https:\/\/medicinasinc.com\/fr\/","name":"Medicinas Inc","description":"Health Medical Clinic","potentialAction":[{"@type":"SearchAction","target":{"@type":"EntryPoint","urlTemplate":"https:\/\/medicinasinc.com\/fr\/?s={search_term_string}"},"query-input":{"@type":"PropertyValueSpecification","valueRequired":true,"valueName":"search_term_string"}}],"inLanguage":"en-US"}]}},"_links":{"self":[{"href":"https:\/\/medicinasinc.com\/fr\/wp-json\/wp\/v2\/product\/5565","targetHints":{"allow":["GET"]}}],"collection":[{"href":"https:\/\/medicinasinc.com\/fr\/wp-json\/wp\/v2\/product"}],"about":[{"href":"https:\/\/medicinasinc.com\/fr\/wp-json\/wp\/v2\/types\/product"}],"replies":[{"embeddable":true,"href":"https:\/\/medicinasinc.com\/fr\/wp-json\/wp\/v2\/comments?post=5565"}],"wp:featuredmedia":[{"embeddable":true,"href":"https:\/\/medicinasinc.com\/fr\/wp-json\/wp\/v2\/media\/5576"}],"wp:attachment":[{"href":"https:\/\/medicinasinc.com\/fr\/wp-json\/wp\/v2\/media?parent=5565"}],"wp:term":[{"taxonomy":"product_brand","embeddable":true,"href":"https:\/\/medicinasinc.com\/fr\/wp-json\/wp\/v2\/product_brand?post=5565"},{"taxonomy":"product_cat","embeddable":true,"href":"https:\/\/medicinasinc.com\/fr\/wp-json\/wp\/v2\/product_cat?post=5565"},{"taxonomy":"product_tag","embeddable":true,"href":"https:\/\/medicinasinc.com\/fr\/wp-json\/wp\/v2\/product_tag?post=5565"}],"curies":[{"name":"wp","href":"https:\/\/api.w.org\/{rel}","templated":true}]}}