{"id":5564,"date":"2022-02-22T01:48:50","date_gmt":"2022-02-22T01:48:50","guid":{"rendered":"https:\/\/medicinasinc.com\/fr\/?post_type=product&#038;p=5564"},"modified":"2022-03-17T11:50:43","modified_gmt":"2022-03-17T11:50:43","slug":"acheter-poudre-de-cristal-mdai","status":"publish","type":"product","link":"https:\/\/medicinasinc.com\/fr\/product\/acheter-poudre-de-cristal-mdai\/","title":{"rendered":"Acheter MDAI Crystal &amp; Poudre"},"content":{"rendered":"<p>Achetez en ligne des cristaux et poudres MDAI.<\/p>\n<p>Cristaux et poudres MDAI \u00e0 vendre \u00e0 prix r\u00e9duits.<\/p>\n<p>Achetez MDAI chez nous.<\/p>\n<p>Notre objectif principal est de fournir aux clients des informations de pointe et des services de premier ordre. Les groupes d&#8217;exploration et les installations de fabrication \u00e0 grande \u00e9chelle peuvent trouver du RC dans les quantit\u00e9s et la qualit\u00e9 dont ils ont besoin. Un aper\u00e7u de RC qui r\u00e9pond \u00e0 tous vos int\u00e9r\u00eats et objectifs peut \u00eatre trouv\u00e9 ici. Notre entreprise propose les produits chimiques moteurs du monde bas\u00e9s sur les avanc\u00e9es technologiques les plus r\u00e9centes. Tous les \u00e9l\u00e9ments de cette liste n&#8217;ont aucune utilit\u00e9 pratique pour les humains.<\/p>\n<p>L&#8217;utilisation de m\u00e9dicaments en laboratoire, \u00e0 des fins scientifiques et \u00e0 des fins d&#8217;\u00e9tude doit \u00eatre encourag\u00e9e. Les produits chimiques enregistr\u00e9s ne peuvent \u00eatre utilis\u00e9s que pour des explorations, des essais et des tests. Des lots r\u00e9cemment produits par les principales installations de recherche chinoises sur le march\u00e9 RC sont d\u00e9sormais disponibles.<\/p>\n<p>Si vous concluez un accord maintenant, nous livrerons votre colis partout aux \u00c9tats-Unis, en Europe ou dans le monde. Afin de r\u00e9pondre \u00e0 vos besoins, nous collaborons avec un certain nombre de laboratoires mondiaux de premier plan qui envisagent de d\u00e9velopper RC, et votre demande est de la plus haute importance pour notre entreprise.<\/p>\n<p>Notre fournisseur est bas\u00e9 aux \u00c9tats-Unis et op\u00e8re dans le monde entier. Sur le site, les consommateurs peuvent facilement v\u00e9rifier l&#8217;estimation et l&#8217;accessibilit\u00e9 de RC pour leurs propres besoins. Les clients. Veuillez contacter notre service client amical et multilingue pour savoir comment faire une demande. Si vous souhaitez rechercher des substances m\u00e9lang\u00e9es ou \u00e0 prix r\u00e9duit, veuillez nous contacter pour plus d&#8217;informations. Si vous ne trouvez pas ce que vous cherchez sur notre site, n&#8217;h\u00e9sitez pas \u00e0 nous contacter pour obtenir de l&#8217;aide. La qualit\u00e9 est la consid\u00e9ration la plus importante lors de l&#8217;obtention de produits chimiques \u00e0 \u00e9tudier.<\/p>\n","protected":false},"excerpt":{"rendered":"<p>Acheter MDAI Crystal &amp;amp\u00a0; Poudre \u00e0 vendre au Royaume-Uni, Europe pas cher en ligne. MDAI ou 5,6-M\u00e9thyl\u00e8nedioxy-2-aminoindaneAcheter MDAI ou 5,6-M\u00e9thyl\u00e8nedioxy-2-aminoindane .<\/p>\n","protected":false},"featured_media":5574,"comment_status":"open","ping_status":"closed","template":"","meta":[],"product_brand":[],"product_cat":[59],"product_tag":[3093,2522,2525,3104,2532,3102,3107,3096,3097,3101,3098,3099,3100,2530,3103,3105,3106,3094,3113,3121,3132,3126,3128,3130,3131,3127,3129,3125,3112,3108,3111,3109,3117,3116,3110,3115,3119,3118,517,2549,3123,3124,3135,3133,3120,3114,3134,3095,3122],"class_list":{"0":"post-5564","1":"product","2":"type-product","3":"status-publish","4":"has-post-thumbnail","6":"product_cat-produits-chimiques-de-recherche","7":"product_tag-4mmc--vendre","8":"product_tag-acheter-4mmc","9":"product_tag-acheter-mphdrone","10":"product_tag-acheter-methylone","11":"product_tag-acheter-nourriture-pour-plantes-mephedrone","12":"product_tag-acheter-mdai-poudre","13":"product_tag-acheter-tryptamine","14":"product_tag-acheter-amphtamine-vitesse","15":"product_tag-acheter-sels-de-bain","16":"product_tag-acheter-mdai-cristal","17":"product_tag-acheter-crystal-meth","18":"product_tag-acheter-lsd","19":"product_tag-acheter-mdai","20":"product_tag-acheter-mphdrone-en-ligne","21":"product_tag-acheter-miaou-miaou","22":"product_tag-acheter-mkat","23":"product_tag-acheter-phnthylamine","24":"product_tag-amphetamine-for-sale","25":"product_tag-mdai-cristal-ordre","26":"product_tag-mdai-poudre-commande","27":"product_tag-ordre-mkat","28":"product_tag-commande-mdma","29":"product_tag-commande-mphdrone","30":"product_tag-commander-meth-en-ligne","31":"product_tag-ordre-mthylone","32":"product_tag-commander-miaou-miaou","33":"product_tag-commander-mphdrone-plante-nourriture","34":"product_tag-commande-mdai-cristal","35":"product_tag-mdai-cristal-a-vendre","36":"product_tag-cristal-mthamphtamine--vendre","37":"product_tag-effet-cristal-mdai","38":"product_tag-lsd-for-sale","39":"product_tag-mdai--vendre","40":"product_tag-mdai-cristal-gros","41":"product_tag-mdai-crystal-buy","42":"product_tag-mdai-crystal-retail","43":"product_tag-mdai-poudre-a-vendre","44":"product_tag-mdai-poudre-acheter","45":"product_tag-mdma-for-sale","46":"product_tag-mphdrone--vendre","47":"product_tag-methylone-for-sale","48":"product_tag-mkat--vendre","49":"product_tag-o-acheter-mdai-poudre","50":"product_tag-phnthylamine--vendre","51":"product_tag-mdai-poudre-en-ligne","52":"product_tag-mdai-cristal-reddit","53":"product_tag-tryptamine--vendre","54":"product_tag-sels-de-bain-a-vendre","55":"product_tag-miaou-miaou-vente","57":"first","58":"instock","59":"shipping-taxable","60":"purchasable","61":"product-type-variable","62":"has-default-attributes"},"yoast_head":"<!-- This site is optimized with the Yoast SEO plugin v27.3 - https:\/\/yoast.com\/product\/yoast-seo-wordpress\/ -->\n<title>Acheter MDAI Crystal &amp; Poudre pas cher en ligne - Meilleurs m\u00e9dicaments mondiaux<\/title>\n<meta name=\"description\" content=\"Acheter MDAI Crystal &amp; Poudre \u00e0 vendre au Royaume-Uni, Europe pas cher en ligne. MDAI ou 5,6-M\u00e9thyl\u00e8nedioxy-2-aminoindaneAcheter MDAI ou 5,6-M\u00e9thyl\u00e8nedioxy-2-aminoindane .\" \/>\n<meta name=\"robots\" content=\"index, follow, max-snippet:-1, max-image-preview:large, max-video-preview:-1\" \/>\n<link rel=\"canonical\" href=\"https:\/\/medicinasinc.com\/fr\/product\/acheter-poudre-de-cristal-mdai\/\" \/>\n<meta property=\"og:locale\" content=\"en_US\" \/>\n<meta property=\"og:type\" content=\"article\" \/>\n<meta property=\"og:title\" content=\"Acheter MDAI Crystal &amp; Poudre pas cher en ligne - Meilleurs m\u00e9dicaments mondiaux\" \/>\n<meta property=\"og:description\" content=\"Acheter MDAI Crystal &amp; Poudre \u00e0 vendre au Royaume-Uni, Europe pas cher en ligne. MDAI ou 5,6-M\u00e9thyl\u00e8nedioxy-2-aminoindaneAcheter MDAI ou 5,6-M\u00e9thyl\u00e8nedioxy-2-aminoindane .\" \/>\n<meta property=\"og:url\" content=\"https:\/\/medicinasinc.com\/fr\/product\/acheter-poudre-de-cristal-mdai\/\" \/>\n<meta property=\"og:site_name\" content=\"Medicinas Inc\" \/>\n<meta property=\"article:modified_time\" content=\"2022-03-17T11:50:43+00:00\" \/>\n<meta property=\"og:image\" content=\"https:\/\/medicinasinc.com\/fr\/wp-content\/uploads\/sites\/5\/2022\/02\/buy-mdai-crystal-powder-cheap-online.jpg\" \/>\n\t<meta property=\"og:image:width\" content=\"600\" \/>\n\t<meta property=\"og:image:height\" content=\"600\" \/>\n\t<meta property=\"og:image:type\" content=\"image\/jpeg\" \/>\n<meta name=\"twitter:card\" content=\"summary_large_image\" \/>\n<meta name=\"twitter:label1\" content=\"Est. reading time\" \/>\n\t<meta name=\"twitter:data1\" content=\"2 minutes\" \/>\n<script type=\"application\/ld+json\" class=\"yoast-schema-graph\">{\"@context\":\"https:\\\/\\\/schema.org\",\"@graph\":[{\"@type\":\"WebPage\",\"@id\":\"https:\\\/\\\/medicinasinc.com\\\/fr\\\/product\\\/acheter-poudre-de-cristal-mdai\\\/\",\"url\":\"https:\\\/\\\/medicinasinc.com\\\/fr\\\/product\\\/acheter-poudre-de-cristal-mdai\\\/\",\"name\":\"Acheter MDAI Crystal &amp; Poudre pas cher en ligne - Meilleurs m\u00e9dicaments mondiaux\",\"isPartOf\":{\"@id\":\"https:\\\/\\\/medicinasinc.com\\\/fr\\\/#website\"},\"primaryImageOfPage\":{\"@id\":\"https:\\\/\\\/medicinasinc.com\\\/fr\\\/product\\\/acheter-poudre-de-cristal-mdai\\\/#primaryimage\"},\"image\":{\"@id\":\"https:\\\/\\\/medicinasinc.com\\\/fr\\\/product\\\/acheter-poudre-de-cristal-mdai\\\/#primaryimage\"},\"thumbnailUrl\":\"https:\\\/\\\/medicinasinc.com\\\/fr\\\/wp-content\\\/uploads\\\/sites\\\/5\\\/2022\\\/02\\\/buy-mdai-crystal-powder-cheap-online.jpg\",\"datePublished\":\"2022-02-22T01:48:50+00:00\",\"dateModified\":\"2022-03-17T11:50:43+00:00\",\"description\":\"Acheter MDAI Crystal &amp; Poudre \u00e0 vendre au Royaume-Uni, Europe pas cher en ligne. MDAI ou 5,6-M\u00e9thyl\u00e8nedioxy-2-aminoindaneAcheter MDAI ou 5,6-M\u00e9thyl\u00e8nedioxy-2-aminoindane .\",\"breadcrumb\":{\"@id\":\"https:\\\/\\\/medicinasinc.com\\\/fr\\\/product\\\/acheter-poudre-de-cristal-mdai\\\/#breadcrumb\"},\"inLanguage\":\"en-US\",\"potentialAction\":[{\"@type\":\"ReadAction\",\"target\":[\"https:\\\/\\\/medicinasinc.com\\\/fr\\\/product\\\/acheter-poudre-de-cristal-mdai\\\/\"]}]},{\"@type\":\"ImageObject\",\"inLanguage\":\"en-US\",\"@id\":\"https:\\\/\\\/medicinasinc.com\\\/fr\\\/product\\\/acheter-poudre-de-cristal-mdai\\\/#primaryimage\",\"url\":\"https:\\\/\\\/medicinasinc.com\\\/fr\\\/wp-content\\\/uploads\\\/sites\\\/5\\\/2022\\\/02\\\/buy-mdai-crystal-powder-cheap-online.jpg\",\"contentUrl\":\"https:\\\/\\\/medicinasinc.com\\\/fr\\\/wp-content\\\/uploads\\\/sites\\\/5\\\/2022\\\/02\\\/buy-mdai-crystal-powder-cheap-online.jpg\",\"width\":600,\"height\":600},{\"@type\":\"BreadcrumbList\",\"@id\":\"https:\\\/\\\/medicinasinc.com\\\/fr\\\/product\\\/acheter-poudre-de-cristal-mdai\\\/#breadcrumb\",\"itemListElement\":[{\"@type\":\"ListItem\",\"position\":1,\"name\":\"Boutique\",\"item\":\"https:\\\/\\\/medicinasinc.com\\\/fr\\\/boutique\\\/\"},{\"@type\":\"ListItem\",\"position\":2,\"name\":\"Acheter MDAI Crystal &amp; Poudre\"}]},{\"@type\":\"WebSite\",\"@id\":\"https:\\\/\\\/medicinasinc.com\\\/fr\\\/#website\",\"url\":\"https:\\\/\\\/medicinasinc.com\\\/fr\\\/\",\"name\":\"Medicinas Inc\",\"description\":\"Health Medical Clinic\",\"potentialAction\":[{\"@type\":\"SearchAction\",\"target\":{\"@type\":\"EntryPoint\",\"urlTemplate\":\"https:\\\/\\\/medicinasinc.com\\\/fr\\\/?s={search_term_string}\"},\"query-input\":{\"@type\":\"PropertyValueSpecification\",\"valueRequired\":true,\"valueName\":\"search_term_string\"}}],\"inLanguage\":\"en-US\"}]}<\/script>\n<!-- \/ Yoast SEO plugin. -->","yoast_head_json":{"title":"Acheter MDAI Crystal &amp; Poudre pas cher en ligne - Meilleurs m\u00e9dicaments mondiaux","description":"Acheter MDAI Crystal &amp; Poudre \u00e0 vendre au Royaume-Uni, Europe pas cher en ligne. MDAI ou 5,6-M\u00e9thyl\u00e8nedioxy-2-aminoindaneAcheter MDAI ou 5,6-M\u00e9thyl\u00e8nedioxy-2-aminoindane .","robots":{"index":"index","follow":"follow","max-snippet":"max-snippet:-1","max-image-preview":"max-image-preview:large","max-video-preview":"max-video-preview:-1"},"canonical":"https:\/\/medicinasinc.com\/fr\/product\/acheter-poudre-de-cristal-mdai\/","og_locale":"en_US","og_type":"article","og_title":"Acheter MDAI Crystal &amp; Poudre pas cher en ligne - Meilleurs m\u00e9dicaments mondiaux","og_description":"Acheter MDAI Crystal &amp; Poudre \u00e0 vendre au Royaume-Uni, Europe pas cher en ligne. MDAI ou 5,6-M\u00e9thyl\u00e8nedioxy-2-aminoindaneAcheter MDAI ou 5,6-M\u00e9thyl\u00e8nedioxy-2-aminoindane .","og_url":"https:\/\/medicinasinc.com\/fr\/product\/acheter-poudre-de-cristal-mdai\/","og_site_name":"Medicinas Inc","article_modified_time":"2022-03-17T11:50:43+00:00","og_image":[{"width":600,"height":600,"url":"https:\/\/medicinasinc.com\/fr\/wp-content\/uploads\/sites\/5\/2022\/02\/buy-mdai-crystal-powder-cheap-online.jpg","type":"image\/jpeg"}],"twitter_card":"summary_large_image","twitter_misc":{"Est. reading time":"2 minutes"},"schema":{"@context":"https:\/\/schema.org","@graph":[{"@type":"WebPage","@id":"https:\/\/medicinasinc.com\/fr\/product\/acheter-poudre-de-cristal-mdai\/","url":"https:\/\/medicinasinc.com\/fr\/product\/acheter-poudre-de-cristal-mdai\/","name":"Acheter MDAI Crystal &amp; Poudre pas cher en ligne - Meilleurs m\u00e9dicaments mondiaux","isPartOf":{"@id":"https:\/\/medicinasinc.com\/fr\/#website"},"primaryImageOfPage":{"@id":"https:\/\/medicinasinc.com\/fr\/product\/acheter-poudre-de-cristal-mdai\/#primaryimage"},"image":{"@id":"https:\/\/medicinasinc.com\/fr\/product\/acheter-poudre-de-cristal-mdai\/#primaryimage"},"thumbnailUrl":"https:\/\/medicinasinc.com\/fr\/wp-content\/uploads\/sites\/5\/2022\/02\/buy-mdai-crystal-powder-cheap-online.jpg","datePublished":"2022-02-22T01:48:50+00:00","dateModified":"2022-03-17T11:50:43+00:00","description":"Acheter MDAI Crystal &amp; Poudre \u00e0 vendre au Royaume-Uni, Europe pas cher en ligne. MDAI ou 5,6-M\u00e9thyl\u00e8nedioxy-2-aminoindaneAcheter MDAI ou 5,6-M\u00e9thyl\u00e8nedioxy-2-aminoindane .","breadcrumb":{"@id":"https:\/\/medicinasinc.com\/fr\/product\/acheter-poudre-de-cristal-mdai\/#breadcrumb"},"inLanguage":"en-US","potentialAction":[{"@type":"ReadAction","target":["https:\/\/medicinasinc.com\/fr\/product\/acheter-poudre-de-cristal-mdai\/"]}]},{"@type":"ImageObject","inLanguage":"en-US","@id":"https:\/\/medicinasinc.com\/fr\/product\/acheter-poudre-de-cristal-mdai\/#primaryimage","url":"https:\/\/medicinasinc.com\/fr\/wp-content\/uploads\/sites\/5\/2022\/02\/buy-mdai-crystal-powder-cheap-online.jpg","contentUrl":"https:\/\/medicinasinc.com\/fr\/wp-content\/uploads\/sites\/5\/2022\/02\/buy-mdai-crystal-powder-cheap-online.jpg","width":600,"height":600},{"@type":"BreadcrumbList","@id":"https:\/\/medicinasinc.com\/fr\/product\/acheter-poudre-de-cristal-mdai\/#breadcrumb","itemListElement":[{"@type":"ListItem","position":1,"name":"Boutique","item":"https:\/\/medicinasinc.com\/fr\/boutique\/"},{"@type":"ListItem","position":2,"name":"Acheter MDAI Crystal &amp; Poudre"}]},{"@type":"WebSite","@id":"https:\/\/medicinasinc.com\/fr\/#website","url":"https:\/\/medicinasinc.com\/fr\/","name":"Medicinas Inc","description":"Health Medical Clinic","potentialAction":[{"@type":"SearchAction","target":{"@type":"EntryPoint","urlTemplate":"https:\/\/medicinasinc.com\/fr\/?s={search_term_string}"},"query-input":{"@type":"PropertyValueSpecification","valueRequired":true,"valueName":"search_term_string"}}],"inLanguage":"en-US"}]}},"_links":{"self":[{"href":"https:\/\/medicinasinc.com\/fr\/wp-json\/wp\/v2\/product\/5564","targetHints":{"allow":["GET"]}}],"collection":[{"href":"https:\/\/medicinasinc.com\/fr\/wp-json\/wp\/v2\/product"}],"about":[{"href":"https:\/\/medicinasinc.com\/fr\/wp-json\/wp\/v2\/types\/product"}],"replies":[{"embeddable":true,"href":"https:\/\/medicinasinc.com\/fr\/wp-json\/wp\/v2\/comments?post=5564"}],"wp:featuredmedia":[{"embeddable":true,"href":"https:\/\/medicinasinc.com\/fr\/wp-json\/wp\/v2\/media\/5574"}],"wp:attachment":[{"href":"https:\/\/medicinasinc.com\/fr\/wp-json\/wp\/v2\/media?parent=5564"}],"wp:term":[{"taxonomy":"product_brand","embeddable":true,"href":"https:\/\/medicinasinc.com\/fr\/wp-json\/wp\/v2\/product_brand?post=5564"},{"taxonomy":"product_cat","embeddable":true,"href":"https:\/\/medicinasinc.com\/fr\/wp-json\/wp\/v2\/product_cat?post=5564"},{"taxonomy":"product_tag","embeddable":true,"href":"https:\/\/medicinasinc.com\/fr\/wp-json\/wp\/v2\/product_tag?post=5564"}],"curies":[{"name":"wp","href":"https:\/\/api.w.org\/{rel}","templated":true}]}}