{"id":5549,"date":"2022-02-22T01:34:03","date_gmt":"2022-02-22T01:34:03","guid":{"rendered":"https:\/\/medicinasinc.com\/fr\/?post_type=product&#038;p=5549"},"modified":"2022-03-17T11:51:07","modified_gmt":"2022-03-17T11:51:07","slug":"acheter-jwh-210-poudre-chimique","status":"publish","type":"product","link":"https:\/\/medicinasinc.com\/fr\/product\/acheter-jwh-210-poudre-chimique\/","title":{"rendered":"Acheter de la poudre chimique JWH-210"},"content":{"rendered":"<p>La poudre chimique de JWH-210 peut \u00eatre achet\u00e9e en ligne.<\/p>\n<p>Achetez la poudre chimique JWH-210 sur Internet. L&#8217;un des antid\u00e9presseurs les plus couramment utilis\u00e9s aux \u00c9tats-Unis est le JWH-210. Le cannabino\u00efde a un effet puissant.<\/p>\n<p>Poudre WH-210 en ligne<\/p>\n<p>Pour le soulagement de la douleur, la poudre JWH-210 de la famille des naphtoylindoles agit comme un agoniste des cannabino\u00efdes au niveau des r\u00e9cepteurs CB1 et CB2. , avec une valeur Ki de 0,46 nM pour CB1 et 0,69 nM pour CB2. En tant que d\u00e9riv\u00e9 naphtoyle 4-substitu\u00e9, il a une affinit\u00e9 de liaison plus forte (c&#8217;est-\u00e0-dire un Ki inf\u00e9rieur) \u00e0 CB1 que ses homologues 4-m\u00e9thyle et 4-N-propyle, JWH-122 (CB1 Ki 0,69 nM) ainsi que JWH-182 (CB1 Ki 0,65 nM) et la mol\u00e9cule 4-m\u00e9thoxy JWH-081 (CB1 Ki 1,2 nM). John W. Huffman, qui a fait la d\u00e9couverte, a eu l&#8217;honneur d&#8217;avoir sa trouvaille portant son nom.<\/p>\n<p>Il existe deux types de r\u00e9cepteurs cannabino\u00efdes dans le corps\u00a0: CB1 et CB2. JWH-210 est analg\u00e9sique et agit comme un agoniste pour les deux. CB1 Ki est \u00e0 0,46 nM et CB2 Ki \u00e0 0,69 nM. D\u00e9riv\u00e9 naphtoyl 4-substitu\u00e9 puissant de la s\u00e9rie naphtoylindole, il a une plus grande affinit\u00e9 pour la liaison CB1 que JWH-122, JWH-182 et JWH-081 des cannabino\u00efdes synth\u00e9tiques de premi\u00e8re g\u00e9n\u00e9ration (1).<\/p>\n<p> Voies m\u00e9taboliques\u00a0: JWH-210 poss\u00e8de plusieurs m\u00e9tabolites connus, dont le m\u00e9tabolite de l&#8217;acide N-pentano\u00efque (d\u00e9tectable dans l&#8217;urine), le m\u00e9tabolite N-(4-hydroxypentyl) (d\u00e9tectable dans l&#8217;urine et le s\u00e9rum), le m\u00e9tabolite N-(5-hydroxypentyl) (d\u00e9tectable dans urine et s\u00e9rum) et le m\u00e9tabolite 5-hydroxyindole (d\u00e9tectable dans l&#8217;urine et le s\u00e9rum) (d\u00e9tectable dans l&#8217;urine et le s\u00e9rum). Il a \u00e9galement \u00e9t\u00e9 d\u00e9clar\u00e9 que le cycle naphhoyl a \u00e9t\u00e9 hydroxyl\u00e9 (2).<\/p>\n<p>Lorsqu&#8217;il est pulv\u00e9ris\u00e9 sur les plantes, le JWH-210 a les m\u00eames effets et la m\u00eame toxicit\u00e9 que la marijuana, selon les utilisateurs. Dans les 2 \u00e0 5 minutes suivant l&#8217;injection, les effets commencent \u00e0 se faire sentir. On sait peu de choses sur les effets du JWH-210 seul, mais les cannabino\u00efdes synth\u00e9tiques provoquent g\u00e9n\u00e9ralement des changements d&#8217;humeur et de perception, des attaques de panique et de l&#8217;agitation, un high similaire \u00e0 celui du cannabis et des effets hallucinog\u00e8nes mineurs (visuels et auditifs).<\/p>\n","protected":false},"excerpt":{"rendered":"<p>Acheter de la poudre chimique JWH-210 \u00e0 vendre en ligne au Royaume-Uni, en Europe et dans l&#8217;UE. JWH-210 Chemical Powder est un produit chimique analg\u00e9sique de la famille des naphtoylindoles. <\/p>\n<h3 class=\"product_title\"> JWH-210 poudre en ligne acheter original JWH-210 99% puret\u00e9 <\/h3>\n","protected":false},"featured_media":5560,"comment_status":"open","ping_status":"closed","template":"","meta":[],"product_brand":[],"product_cat":[59],"product_tag":[3070,3071,3072,3073,3080,3034,3074,3077,3078,3076,3047,3075,3079],"class_list":{"0":"post-5549","1":"product","2":"type-product","3":"status-publish","4":"has-post-thumbnail","6":"product_cat-produits-chimiques-de-recherche","7":"product_tag-acheter-jwh-210","8":"product_tag-acheter-jwh-210-europe","9":"product_tag-acheter-jwh-210-fr","10":"product_tag-buy-jwh-210-usa","11":"product_tag-jwh-210-revue","12":"product_tag-jwh-018","13":"product_tag-jwh-210-acheter","14":"product_tag-jwh-210-order","15":"product_tag-jwh-210-psychonaut","16":"product_tag-jwh-210-statut-juridique-etats-unis","17":"product_tag-jwh-250","18":"product_tag-jwh-210-dosage","19":"product_tag-jwh-210-reddit","21":"first","22":"instock","23":"shipping-taxable","24":"purchasable","25":"product-type-variable","26":"has-default-attributes"},"yoast_head":"<!-- This site is optimized with the Yoast SEO plugin v27.3 - https:\/\/yoast.com\/product\/yoast-seo-wordpress\/ -->\n<title>Acheter de la poudre chimique JWH-210 - Best Global Meds<\/title>\n<meta name=\"description\" content=\"Acheter de la poudre chimique JWH-210 \u00e0 vendre en ligne au Royaume-Uni, en Europe. La poudre chimique JWH-210 est un produit chimique analg\u00e9sique de la famille des naphtoylindoles.\" \/>\n<meta name=\"robots\" content=\"index, follow, max-snippet:-1, max-image-preview:large, max-video-preview:-1\" \/>\n<link rel=\"canonical\" href=\"https:\/\/medicinasinc.com\/fr\/product\/acheter-jwh-210-poudre-chimique\/\" \/>\n<meta property=\"og:locale\" content=\"en_US\" \/>\n<meta property=\"og:type\" content=\"article\" \/>\n<meta property=\"og:title\" content=\"Acheter de la poudre chimique JWH-210 - Best Global Meds\" \/>\n<meta property=\"og:description\" content=\"Acheter de la poudre chimique JWH-210 \u00e0 vendre en ligne au Royaume-Uni, en Europe. La poudre chimique JWH-210 est un produit chimique analg\u00e9sique de la famille des naphtoylindoles.\" \/>\n<meta property=\"og:url\" content=\"https:\/\/medicinasinc.com\/fr\/product\/acheter-jwh-210-poudre-chimique\/\" \/>\n<meta property=\"og:site_name\" content=\"Medicinas Inc\" \/>\n<meta property=\"article:modified_time\" content=\"2022-03-17T11:51:07+00:00\" \/>\n<meta property=\"og:image\" content=\"https:\/\/medicinasinc.com\/fr\/wp-content\/uploads\/sites\/5\/2022\/02\/Buy-JWH-210-Chemical-Powder-Online.jpg\" \/>\n\t<meta property=\"og:image:width\" content=\"600\" \/>\n\t<meta property=\"og:image:height\" content=\"600\" \/>\n\t<meta property=\"og:image:type\" content=\"image\/jpeg\" \/>\n<meta name=\"twitter:card\" content=\"summary_large_image\" \/>\n<meta name=\"twitter:label1\" content=\"Est. reading time\" \/>\n\t<meta name=\"twitter:data1\" content=\"2 minutes\" \/>\n<script type=\"application\/ld+json\" class=\"yoast-schema-graph\">{\"@context\":\"https:\\\/\\\/schema.org\",\"@graph\":[{\"@type\":\"WebPage\",\"@id\":\"https:\\\/\\\/medicinasinc.com\\\/fr\\\/product\\\/acheter-jwh-210-poudre-chimique\\\/\",\"url\":\"https:\\\/\\\/medicinasinc.com\\\/fr\\\/product\\\/acheter-jwh-210-poudre-chimique\\\/\",\"name\":\"Acheter de la poudre chimique JWH-210 - Best Global Meds\",\"isPartOf\":{\"@id\":\"https:\\\/\\\/medicinasinc.com\\\/fr\\\/#website\"},\"primaryImageOfPage\":{\"@id\":\"https:\\\/\\\/medicinasinc.com\\\/fr\\\/product\\\/acheter-jwh-210-poudre-chimique\\\/#primaryimage\"},\"image\":{\"@id\":\"https:\\\/\\\/medicinasinc.com\\\/fr\\\/product\\\/acheter-jwh-210-poudre-chimique\\\/#primaryimage\"},\"thumbnailUrl\":\"https:\\\/\\\/medicinasinc.com\\\/fr\\\/wp-content\\\/uploads\\\/sites\\\/5\\\/2022\\\/02\\\/Buy-JWH-210-Chemical-Powder-Online.jpg\",\"datePublished\":\"2022-02-22T01:34:03+00:00\",\"dateModified\":\"2022-03-17T11:51:07+00:00\",\"description\":\"Acheter de la poudre chimique JWH-210 \u00e0 vendre en ligne au Royaume-Uni, en Europe. La poudre chimique JWH-210 est un produit chimique analg\u00e9sique de la famille des naphtoylindoles.\",\"breadcrumb\":{\"@id\":\"https:\\\/\\\/medicinasinc.com\\\/fr\\\/product\\\/acheter-jwh-210-poudre-chimique\\\/#breadcrumb\"},\"inLanguage\":\"en-US\",\"potentialAction\":[{\"@type\":\"ReadAction\",\"target\":[\"https:\\\/\\\/medicinasinc.com\\\/fr\\\/product\\\/acheter-jwh-210-poudre-chimique\\\/\"]}]},{\"@type\":\"ImageObject\",\"inLanguage\":\"en-US\",\"@id\":\"https:\\\/\\\/medicinasinc.com\\\/fr\\\/product\\\/acheter-jwh-210-poudre-chimique\\\/#primaryimage\",\"url\":\"https:\\\/\\\/medicinasinc.com\\\/fr\\\/wp-content\\\/uploads\\\/sites\\\/5\\\/2022\\\/02\\\/Buy-JWH-210-Chemical-Powder-Online.jpg\",\"contentUrl\":\"https:\\\/\\\/medicinasinc.com\\\/fr\\\/wp-content\\\/uploads\\\/sites\\\/5\\\/2022\\\/02\\\/Buy-JWH-210-Chemical-Powder-Online.jpg\",\"width\":600,\"height\":600},{\"@type\":\"BreadcrumbList\",\"@id\":\"https:\\\/\\\/medicinasinc.com\\\/fr\\\/product\\\/acheter-jwh-210-poudre-chimique\\\/#breadcrumb\",\"itemListElement\":[{\"@type\":\"ListItem\",\"position\":1,\"name\":\"Boutique\",\"item\":\"https:\\\/\\\/medicinasinc.com\\\/fr\\\/boutique\\\/\"},{\"@type\":\"ListItem\",\"position\":2,\"name\":\"Acheter de la poudre chimique JWH-210\"}]},{\"@type\":\"WebSite\",\"@id\":\"https:\\\/\\\/medicinasinc.com\\\/fr\\\/#website\",\"url\":\"https:\\\/\\\/medicinasinc.com\\\/fr\\\/\",\"name\":\"Medicinas Inc\",\"description\":\"Health Medical Clinic\",\"potentialAction\":[{\"@type\":\"SearchAction\",\"target\":{\"@type\":\"EntryPoint\",\"urlTemplate\":\"https:\\\/\\\/medicinasinc.com\\\/fr\\\/?s={search_term_string}\"},\"query-input\":{\"@type\":\"PropertyValueSpecification\",\"valueRequired\":true,\"valueName\":\"search_term_string\"}}],\"inLanguage\":\"en-US\"}]}<\/script>\n<!-- \/ Yoast SEO plugin. -->","yoast_head_json":{"title":"Acheter de la poudre chimique JWH-210 - Best Global Meds","description":"Acheter de la poudre chimique JWH-210 \u00e0 vendre en ligne au Royaume-Uni, en Europe. La poudre chimique JWH-210 est un produit chimique analg\u00e9sique de la famille des naphtoylindoles.","robots":{"index":"index","follow":"follow","max-snippet":"max-snippet:-1","max-image-preview":"max-image-preview:large","max-video-preview":"max-video-preview:-1"},"canonical":"https:\/\/medicinasinc.com\/fr\/product\/acheter-jwh-210-poudre-chimique\/","og_locale":"en_US","og_type":"article","og_title":"Acheter de la poudre chimique JWH-210 - Best Global Meds","og_description":"Acheter de la poudre chimique JWH-210 \u00e0 vendre en ligne au Royaume-Uni, en Europe. La poudre chimique JWH-210 est un produit chimique analg\u00e9sique de la famille des naphtoylindoles.","og_url":"https:\/\/medicinasinc.com\/fr\/product\/acheter-jwh-210-poudre-chimique\/","og_site_name":"Medicinas Inc","article_modified_time":"2022-03-17T11:51:07+00:00","og_image":[{"width":600,"height":600,"url":"https:\/\/medicinasinc.com\/fr\/wp-content\/uploads\/sites\/5\/2022\/02\/Buy-JWH-210-Chemical-Powder-Online.jpg","type":"image\/jpeg"}],"twitter_card":"summary_large_image","twitter_misc":{"Est. reading time":"2 minutes"},"schema":{"@context":"https:\/\/schema.org","@graph":[{"@type":"WebPage","@id":"https:\/\/medicinasinc.com\/fr\/product\/acheter-jwh-210-poudre-chimique\/","url":"https:\/\/medicinasinc.com\/fr\/product\/acheter-jwh-210-poudre-chimique\/","name":"Acheter de la poudre chimique JWH-210 - Best Global Meds","isPartOf":{"@id":"https:\/\/medicinasinc.com\/fr\/#website"},"primaryImageOfPage":{"@id":"https:\/\/medicinasinc.com\/fr\/product\/acheter-jwh-210-poudre-chimique\/#primaryimage"},"image":{"@id":"https:\/\/medicinasinc.com\/fr\/product\/acheter-jwh-210-poudre-chimique\/#primaryimage"},"thumbnailUrl":"https:\/\/medicinasinc.com\/fr\/wp-content\/uploads\/sites\/5\/2022\/02\/Buy-JWH-210-Chemical-Powder-Online.jpg","datePublished":"2022-02-22T01:34:03+00:00","dateModified":"2022-03-17T11:51:07+00:00","description":"Acheter de la poudre chimique JWH-210 \u00e0 vendre en ligne au Royaume-Uni, en Europe. La poudre chimique JWH-210 est un produit chimique analg\u00e9sique de la famille des naphtoylindoles.","breadcrumb":{"@id":"https:\/\/medicinasinc.com\/fr\/product\/acheter-jwh-210-poudre-chimique\/#breadcrumb"},"inLanguage":"en-US","potentialAction":[{"@type":"ReadAction","target":["https:\/\/medicinasinc.com\/fr\/product\/acheter-jwh-210-poudre-chimique\/"]}]},{"@type":"ImageObject","inLanguage":"en-US","@id":"https:\/\/medicinasinc.com\/fr\/product\/acheter-jwh-210-poudre-chimique\/#primaryimage","url":"https:\/\/medicinasinc.com\/fr\/wp-content\/uploads\/sites\/5\/2022\/02\/Buy-JWH-210-Chemical-Powder-Online.jpg","contentUrl":"https:\/\/medicinasinc.com\/fr\/wp-content\/uploads\/sites\/5\/2022\/02\/Buy-JWH-210-Chemical-Powder-Online.jpg","width":600,"height":600},{"@type":"BreadcrumbList","@id":"https:\/\/medicinasinc.com\/fr\/product\/acheter-jwh-210-poudre-chimique\/#breadcrumb","itemListElement":[{"@type":"ListItem","position":1,"name":"Boutique","item":"https:\/\/medicinasinc.com\/fr\/boutique\/"},{"@type":"ListItem","position":2,"name":"Acheter de la poudre chimique JWH-210"}]},{"@type":"WebSite","@id":"https:\/\/medicinasinc.com\/fr\/#website","url":"https:\/\/medicinasinc.com\/fr\/","name":"Medicinas Inc","description":"Health Medical Clinic","potentialAction":[{"@type":"SearchAction","target":{"@type":"EntryPoint","urlTemplate":"https:\/\/medicinasinc.com\/fr\/?s={search_term_string}"},"query-input":{"@type":"PropertyValueSpecification","valueRequired":true,"valueName":"search_term_string"}}],"inLanguage":"en-US"}]}},"_links":{"self":[{"href":"https:\/\/medicinasinc.com\/fr\/wp-json\/wp\/v2\/product\/5549","targetHints":{"allow":["GET"]}}],"collection":[{"href":"https:\/\/medicinasinc.com\/fr\/wp-json\/wp\/v2\/product"}],"about":[{"href":"https:\/\/medicinasinc.com\/fr\/wp-json\/wp\/v2\/types\/product"}],"replies":[{"embeddable":true,"href":"https:\/\/medicinasinc.com\/fr\/wp-json\/wp\/v2\/comments?post=5549"}],"wp:featuredmedia":[{"embeddable":true,"href":"https:\/\/medicinasinc.com\/fr\/wp-json\/wp\/v2\/media\/5560"}],"wp:attachment":[{"href":"https:\/\/medicinasinc.com\/fr\/wp-json\/wp\/v2\/media?parent=5549"}],"wp:term":[{"taxonomy":"product_brand","embeddable":true,"href":"https:\/\/medicinasinc.com\/fr\/wp-json\/wp\/v2\/product_brand?post=5549"},{"taxonomy":"product_cat","embeddable":true,"href":"https:\/\/medicinasinc.com\/fr\/wp-json\/wp\/v2\/product_cat?post=5549"},{"taxonomy":"product_tag","embeddable":true,"href":"https:\/\/medicinasinc.com\/fr\/wp-json\/wp\/v2\/product_tag?post=5549"}],"curies":[{"name":"wp","href":"https:\/\/api.w.org\/{rel}","templated":true}]}}