{"id":5548,"date":"2022-02-22T01:32:32","date_gmt":"2022-02-22T01:32:32","guid":{"rendered":"https:\/\/medicinasinc.com\/fr\/?post_type=product&#038;p=5548"},"modified":"2022-08-05T10:48:56","modified_gmt":"2022-08-05T10:48:56","slug":"acheter-jwh-018-chimique","status":"publish","type":"product","link":"https:\/\/medicinasinc.com\/fr\/product\/acheter-jwh-018-chimique\/","title":{"rendered":"Acheter JWH-018 Chimique"},"content":{"rendered":"<p>La poudre JWH-018 peut \u00eatre achet\u00e9e en utilisant Western Union\/MoneyGram ou des bitcoins ici m\u00eame sur notre site. Il est garanti pur \u00e0 au moins 99,8 %. Tout lot de nos produits chimiques de recherche peut \u00eatre fourni avec un certificat d&#8217;analyse (COA).<\/p>\n<p>Un gramme de JWH-018 chaque unit\u00e9 de commande contient un minimum de 99,8\u00a0% de JWH-018 pur.<\/p>\n<p>Le spray JWH 018 est en vente.<\/p>\n<p>Avant d&#8217;aborder le JWH-018, nous aimerions vous donner une br\u00e8ve introduction au CBD.<br \/>\nSelon la US Public Library of Medicine, Le CBD, abr\u00e9viation de cannabidiol, est un produit chimique synth\u00e9tique d\u00e9riv\u00e9 de la plante Cannabis sativa, parfois appel\u00e9e cannabis ou aide.<br \/>\nDans des produits tels que les huiles et les produits comestibles, il est utilis\u00e9 pour induire une sensation de calme et de relaxation. Comme son cousin, le THC (delta-9-t\u00e9trahydrocannabino\u00efdes), le CBD n&#8217;a pas d&#8217;effet psychotrope sur le corps.<br \/>\nLe m\u00e9lange maison de Zest &#8220;Zest&#8221; contient un cannabino\u00efde modifi\u00e9 connu sous le nom de JWH-018. En raison de ses effets intoxicants similaires \u00e0 ceux du 9-THC, ce cannabino\u00efde Zest est utilis\u00e9 ill\u00e9galement. Bien que le JWH-018 soit nettement plus puissant que les mesures \u00e9quivalentes de cannabis, il pr\u00e9sente \u00e9galement d&#8217;\u00e9normes d\u00e9fis pour la d\u00e9tection par les \u00e9tudes de test standard du 9-THC. JWH-018<br \/>\nJWH-018 a \u00e9t\u00e9 ajout\u00e9 \u00e0 la liste des m\u00e9dicaments et synth\u00e9tiques pr\u00e9occupants de la DEA en juillet 2009. Certaines juridictions ont pris des mesures pour interdire la vente ou la propri\u00e9t\u00e9 de Flavor (JWH-018), y compris l&#8217;Alabama, l&#8217;Arkansas , G\u00e9orgie, Kansas, Kentucky, Dakota du Nord et Tennessee, malgr\u00e9 les captures signal\u00e9es de Flavor dans l&#8217;Ohio et la Floride.<br \/>\nEn ce qui concerne le spray jwh-018, vous \u00eates au bon endroit si vous voulez le meilleur. Nous exp\u00e9dions des produits de haute qualit\u00e9 en grandes quantit\u00e9s dans le monde entier. Le spray jwh-018 peut \u00eatre \u00e0 vous dans les cinq prochains jours ouvrables si vous commandez maintenant. Achat en ligne de jwh-018.<\/p>\n","protected":false},"excerpt":{"rendered":"<div class=\"woocommerce-product-details__short-description\">\n<p>Nous avons JWH-018 \u00e0 vendre sur notre site Web. Des d\u00e9penses in\u00e9dites. Une version en spray et en poudre de l&#8217;essence Best JWH-018 est d\u00e9sormais disponible \u00e0 l&#8217;achat. Bestglobalmeds.com est l&#8217;endroit o\u00f9 acheter JWH-018 en ligne.<\/p>\n<p>Achetez JWH-018 aupr\u00e8s d&#8217;un d\u00e9taillant r\u00e9put\u00e9 en ligne. Vous voulez acheter du jwh-018 de haute qualit\u00e9 \u00e0 un prix avantageux. Commandez chez nous et rejoignez les rangs des clients satisfaits.<\/p>\n<p>JWH-018<\/p>\n<p>Le produit est neuf.<\/p>\n<p>Achetez JWH-018<\/p>\n<p>Substance active\u00a0:<br \/>\nActif apr\u00e8s\u00a0:<br \/>\nTemps d&#8217;action\u00a0:<br \/>\nUne unit\u00e9 de commande\u00a0:<\/p>\n<p>JWH-018<br \/>\n20-30 min. apr\u00e8s utilisation<br \/>\n4-5 heures<br \/>\n1g de min 99<\/p>\n<\/div>\n","protected":false},"featured_media":5558,"comment_status":"open","ping_status":"closed","template":"","meta":[],"product_brand":[],"product_cat":[59],"product_tag":[3050,3051,3052,3055,3059,3053,3063,3054,3034,3057,3056,3058,3060,3064,3065,3067,3068,3061,3069,3062],"class_list":{"0":"post-5548","1":"product","2":"type-product","3":"status-publish","4":"has-post-thumbnail","6":"product_cat-produits-chimiques-de-recherche","7":"product_tag-acheter-jwh-018","8":"product_tag-acheter-jwh-018-chimique","9":"product_tag-acheter-jwh-018-poudre","10":"product_tag-jwh-018-alternative","11":"product_tag-jwh-018-commande","12":"product_tag-comment-faire-jwh-018-spray","13":"product_tag-jwh-018-revue","14":"product_tag-jwh-poudre","15":"product_tag-jwh-018","16":"product_tag-jwh-018--vendre","17":"product_tag-jwh-018-acheter","18":"product_tag-jwh-018-achat-en-ligne","19":"product_tag-jwh-018-prix-poudre","20":"product_tag-jwh-018-sale","21":"product_tag-jwh-018-spray-for-sale-uk","22":"product_tag-jwh-018-vente-en-gros","23":"product_tag-jwh-250-spray","24":"product_tag-jwh-018-prix","25":"product_tag-produits-qui-contiennent-jwh-018","26":"product_tag-jwh-018-reddit","28":"first","29":"instock","30":"shipping-taxable","31":"purchasable","32":"product-type-variable","33":"has-default-attributes"},"yoast_head":"<!-- This site is optimized with the Yoast SEO plugin v27.3 - https:\/\/yoast.com\/product\/yoast-seo-wordpress\/ -->\n<title>Acheter JWH-018 Chemical - JWH-018 Chemical Online - Best Global Meds<\/title>\n<meta name=\"description\" content=\"Achetez JWH-018 Chemical Powder UK, UAE, Europe, China dans notre boutique en ligne medicinasinc.com avec une livraison rapide dans le monde entier! Le meilleur JWH-018 pour la commande que vous trouverez ici\u00a0!\" \/>\n<meta name=\"robots\" content=\"index, follow, max-snippet:-1, max-image-preview:large, max-video-preview:-1\" \/>\n<link rel=\"canonical\" href=\"https:\/\/medicinasinc.com\/fr\/product\/acheter-jwh-018-chimique\/\" \/>\n<meta property=\"og:locale\" content=\"en_US\" \/>\n<meta property=\"og:type\" content=\"article\" \/>\n<meta property=\"og:title\" content=\"Acheter JWH-018 Chemical - JWH-018 Chemical Online - Best Global Meds\" \/>\n<meta property=\"og:description\" content=\"Achetez JWH-018 Chemical Powder UK, UAE, Europe, China dans notre boutique en ligne medicinasinc.com avec une livraison rapide dans le monde entier! Le meilleur JWH-018 pour la commande que vous trouverez ici\u00a0!\" \/>\n<meta property=\"og:url\" content=\"https:\/\/medicinasinc.com\/fr\/product\/acheter-jwh-018-chimique\/\" \/>\n<meta property=\"og:site_name\" content=\"Medicinas Inc\" \/>\n<meta property=\"article:modified_time\" content=\"2022-08-05T10:48:56+00:00\" \/>\n<meta property=\"og:image\" content=\"https:\/\/medicinasinc.com\/fr\/wp-content\/uploads\/sites\/5\/2022\/02\/Buy-JWH-018-Chemical.jpg\" \/>\n\t<meta property=\"og:image:width\" content=\"593\" \/>\n\t<meta property=\"og:image:height\" content=\"400\" \/>\n\t<meta property=\"og:image:type\" content=\"image\/jpeg\" \/>\n<meta name=\"twitter:card\" content=\"summary_large_image\" \/>\n<meta name=\"twitter:label1\" content=\"Est. reading time\" \/>\n\t<meta name=\"twitter:data1\" content=\"2 minutes\" \/>\n<script type=\"application\/ld+json\" class=\"yoast-schema-graph\">{\"@context\":\"https:\\\/\\\/schema.org\",\"@graph\":[{\"@type\":\"WebPage\",\"@id\":\"https:\\\/\\\/medicinasinc.com\\\/fr\\\/product\\\/acheter-jwh-018-chimique\\\/\",\"url\":\"https:\\\/\\\/medicinasinc.com\\\/fr\\\/product\\\/acheter-jwh-018-chimique\\\/\",\"name\":\"Acheter JWH-018 Chemical - JWH-018 Chemical Online - Best Global Meds\",\"isPartOf\":{\"@id\":\"https:\\\/\\\/medicinasinc.com\\\/fr\\\/#website\"},\"primaryImageOfPage\":{\"@id\":\"https:\\\/\\\/medicinasinc.com\\\/fr\\\/product\\\/acheter-jwh-018-chimique\\\/#primaryimage\"},\"image\":{\"@id\":\"https:\\\/\\\/medicinasinc.com\\\/fr\\\/product\\\/acheter-jwh-018-chimique\\\/#primaryimage\"},\"thumbnailUrl\":\"https:\\\/\\\/medicinasinc.com\\\/fr\\\/wp-content\\\/uploads\\\/sites\\\/5\\\/2022\\\/02\\\/Buy-JWH-018-Chemical.jpg\",\"datePublished\":\"2022-02-22T01:32:32+00:00\",\"dateModified\":\"2022-08-05T10:48:56+00:00\",\"description\":\"Achetez JWH-018 Chemical Powder UK, UAE, Europe, China dans notre boutique en ligne medicinasinc.com avec une livraison rapide dans le monde entier! Le meilleur JWH-018 pour la commande que vous trouverez ici\u00a0!\",\"breadcrumb\":{\"@id\":\"https:\\\/\\\/medicinasinc.com\\\/fr\\\/product\\\/acheter-jwh-018-chimique\\\/#breadcrumb\"},\"inLanguage\":\"en-US\",\"potentialAction\":[{\"@type\":\"ReadAction\",\"target\":[\"https:\\\/\\\/medicinasinc.com\\\/fr\\\/product\\\/acheter-jwh-018-chimique\\\/\"]}]},{\"@type\":\"ImageObject\",\"inLanguage\":\"en-US\",\"@id\":\"https:\\\/\\\/medicinasinc.com\\\/fr\\\/product\\\/acheter-jwh-018-chimique\\\/#primaryimage\",\"url\":\"https:\\\/\\\/medicinasinc.com\\\/fr\\\/wp-content\\\/uploads\\\/sites\\\/5\\\/2022\\\/02\\\/Buy-JWH-018-Chemical.jpg\",\"contentUrl\":\"https:\\\/\\\/medicinasinc.com\\\/fr\\\/wp-content\\\/uploads\\\/sites\\\/5\\\/2022\\\/02\\\/Buy-JWH-018-Chemical.jpg\",\"width\":593,\"height\":400},{\"@type\":\"BreadcrumbList\",\"@id\":\"https:\\\/\\\/medicinasinc.com\\\/fr\\\/product\\\/acheter-jwh-018-chimique\\\/#breadcrumb\",\"itemListElement\":[{\"@type\":\"ListItem\",\"position\":1,\"name\":\"Boutique\",\"item\":\"https:\\\/\\\/medicinasinc.com\\\/fr\\\/boutique\\\/\"},{\"@type\":\"ListItem\",\"position\":2,\"name\":\"Acheter JWH-018 Chimique\"}]},{\"@type\":\"WebSite\",\"@id\":\"https:\\\/\\\/medicinasinc.com\\\/fr\\\/#website\",\"url\":\"https:\\\/\\\/medicinasinc.com\\\/fr\\\/\",\"name\":\"Medicinas Inc\",\"description\":\"Health Medical Clinic\",\"potentialAction\":[{\"@type\":\"SearchAction\",\"target\":{\"@type\":\"EntryPoint\",\"urlTemplate\":\"https:\\\/\\\/medicinasinc.com\\\/fr\\\/?s={search_term_string}\"},\"query-input\":{\"@type\":\"PropertyValueSpecification\",\"valueRequired\":true,\"valueName\":\"search_term_string\"}}],\"inLanguage\":\"en-US\"}]}<\/script>\n<!-- \/ Yoast SEO plugin. -->","yoast_head_json":{"title":"Acheter JWH-018 Chemical - JWH-018 Chemical Online - Best Global Meds","description":"Achetez JWH-018 Chemical Powder UK, UAE, Europe, China dans notre boutique en ligne medicinasinc.com avec une livraison rapide dans le monde entier! Le meilleur JWH-018 pour la commande que vous trouverez ici\u00a0!","robots":{"index":"index","follow":"follow","max-snippet":"max-snippet:-1","max-image-preview":"max-image-preview:large","max-video-preview":"max-video-preview:-1"},"canonical":"https:\/\/medicinasinc.com\/fr\/product\/acheter-jwh-018-chimique\/","og_locale":"en_US","og_type":"article","og_title":"Acheter JWH-018 Chemical - JWH-018 Chemical Online - Best Global Meds","og_description":"Achetez JWH-018 Chemical Powder UK, UAE, Europe, China dans notre boutique en ligne medicinasinc.com avec une livraison rapide dans le monde entier! Le meilleur JWH-018 pour la commande que vous trouverez ici\u00a0!","og_url":"https:\/\/medicinasinc.com\/fr\/product\/acheter-jwh-018-chimique\/","og_site_name":"Medicinas Inc","article_modified_time":"2022-08-05T10:48:56+00:00","og_image":[{"width":593,"height":400,"url":"https:\/\/medicinasinc.com\/fr\/wp-content\/uploads\/sites\/5\/2022\/02\/Buy-JWH-018-Chemical.jpg","type":"image\/jpeg"}],"twitter_card":"summary_large_image","twitter_misc":{"Est. reading time":"2 minutes"},"schema":{"@context":"https:\/\/schema.org","@graph":[{"@type":"WebPage","@id":"https:\/\/medicinasinc.com\/fr\/product\/acheter-jwh-018-chimique\/","url":"https:\/\/medicinasinc.com\/fr\/product\/acheter-jwh-018-chimique\/","name":"Acheter JWH-018 Chemical - JWH-018 Chemical Online - Best Global Meds","isPartOf":{"@id":"https:\/\/medicinasinc.com\/fr\/#website"},"primaryImageOfPage":{"@id":"https:\/\/medicinasinc.com\/fr\/product\/acheter-jwh-018-chimique\/#primaryimage"},"image":{"@id":"https:\/\/medicinasinc.com\/fr\/product\/acheter-jwh-018-chimique\/#primaryimage"},"thumbnailUrl":"https:\/\/medicinasinc.com\/fr\/wp-content\/uploads\/sites\/5\/2022\/02\/Buy-JWH-018-Chemical.jpg","datePublished":"2022-02-22T01:32:32+00:00","dateModified":"2022-08-05T10:48:56+00:00","description":"Achetez JWH-018 Chemical Powder UK, UAE, Europe, China dans notre boutique en ligne medicinasinc.com avec une livraison rapide dans le monde entier! Le meilleur JWH-018 pour la commande que vous trouverez ici\u00a0!","breadcrumb":{"@id":"https:\/\/medicinasinc.com\/fr\/product\/acheter-jwh-018-chimique\/#breadcrumb"},"inLanguage":"en-US","potentialAction":[{"@type":"ReadAction","target":["https:\/\/medicinasinc.com\/fr\/product\/acheter-jwh-018-chimique\/"]}]},{"@type":"ImageObject","inLanguage":"en-US","@id":"https:\/\/medicinasinc.com\/fr\/product\/acheter-jwh-018-chimique\/#primaryimage","url":"https:\/\/medicinasinc.com\/fr\/wp-content\/uploads\/sites\/5\/2022\/02\/Buy-JWH-018-Chemical.jpg","contentUrl":"https:\/\/medicinasinc.com\/fr\/wp-content\/uploads\/sites\/5\/2022\/02\/Buy-JWH-018-Chemical.jpg","width":593,"height":400},{"@type":"BreadcrumbList","@id":"https:\/\/medicinasinc.com\/fr\/product\/acheter-jwh-018-chimique\/#breadcrumb","itemListElement":[{"@type":"ListItem","position":1,"name":"Boutique","item":"https:\/\/medicinasinc.com\/fr\/boutique\/"},{"@type":"ListItem","position":2,"name":"Acheter JWH-018 Chimique"}]},{"@type":"WebSite","@id":"https:\/\/medicinasinc.com\/fr\/#website","url":"https:\/\/medicinasinc.com\/fr\/","name":"Medicinas Inc","description":"Health Medical Clinic","potentialAction":[{"@type":"SearchAction","target":{"@type":"EntryPoint","urlTemplate":"https:\/\/medicinasinc.com\/fr\/?s={search_term_string}"},"query-input":{"@type":"PropertyValueSpecification","valueRequired":true,"valueName":"search_term_string"}}],"inLanguage":"en-US"}]}},"_links":{"self":[{"href":"https:\/\/medicinasinc.com\/fr\/wp-json\/wp\/v2\/product\/5548","targetHints":{"allow":["GET"]}}],"collection":[{"href":"https:\/\/medicinasinc.com\/fr\/wp-json\/wp\/v2\/product"}],"about":[{"href":"https:\/\/medicinasinc.com\/fr\/wp-json\/wp\/v2\/types\/product"}],"replies":[{"embeddable":true,"href":"https:\/\/medicinasinc.com\/fr\/wp-json\/wp\/v2\/comments?post=5548"}],"wp:featuredmedia":[{"embeddable":true,"href":"https:\/\/medicinasinc.com\/fr\/wp-json\/wp\/v2\/media\/5558"}],"wp:attachment":[{"href":"https:\/\/medicinasinc.com\/fr\/wp-json\/wp\/v2\/media?parent=5548"}],"wp:term":[{"taxonomy":"product_brand","embeddable":true,"href":"https:\/\/medicinasinc.com\/fr\/wp-json\/wp\/v2\/product_brand?post=5548"},{"taxonomy":"product_cat","embeddable":true,"href":"https:\/\/medicinasinc.com\/fr\/wp-json\/wp\/v2\/product_cat?post=5548"},{"taxonomy":"product_tag","embeddable":true,"href":"https:\/\/medicinasinc.com\/fr\/wp-json\/wp\/v2\/product_tag?post=5548"}],"curies":[{"name":"wp","href":"https:\/\/api.w.org\/{rel}","templated":true}]}}