{"id":5547,"date":"2022-02-22T01:30:48","date_gmt":"2022-02-22T01:30:48","guid":{"rendered":"https:\/\/medicinasinc.com\/fr\/?post_type=product&#038;p=5547"},"modified":"2022-03-17T11:53:47","modified_gmt":"2022-03-17T11:53:47","slug":"acheter-jwh-200-chimique","status":"publish","type":"product","link":"https:\/\/medicinasinc.com\/fr\/product\/acheter-jwh-200-chimique\/","title":{"rendered":"Acheter JWH-200 Chimique"},"content":{"rendered":"<p>Se renseigner sur l&#8217;achat du produit chimique JWH-200<\/p>\n<p>Dans la famille des naphtoylindoles, l&#8217;AM-678 (1-pentyl-3-(1-naphtoyl)indole) est un analg\u00e9sique qui est un agoniste complet au les r\u00e9cepteurs cannabino\u00efdes CB1 et CB2, avec une l\u00e9g\u00e8re pr\u00e9f\u00e9rence pour le r\u00e9cepteur CB2. Il est utilis\u00e9 dans les produits \u00e0 base de cannabis synth\u00e9tique vendus l\u00e9galement sous forme de &#8220;m\u00e9langes d&#8217;encens&#8221; dans certains pays car il a des effets sur les animaux comparables \u00e0 ceux du t\u00e9trahydrocannabinol (THC), un cannabino\u00efde naturellement pr\u00e9sent dans le cannabis. Produits chimiques de recherche JWH-200<\/p>\n<p>En utilisant des rats Wistar qui avaient re\u00e7u un extrait \u00e9thanolique contenant du JWH-200, l&#8217;activit\u00e9 m\u00e9tabolique du m\u00e9dicament a \u00e9t\u00e9 \u00e9tudi\u00e9e. Cela a \u00e9t\u00e9 suivi par l&#8217;extraction des m\u00e9tabolites JWH-200 \u00e0 partir d&#8217;\u00e9chantillons d&#8217;urine de 24 heures en utilisant \u00e0 la fois les phases liquide et solide de s\u00e9paration. Les produits chimiques extraits ont \u00e9t\u00e9 s\u00e9par\u00e9s et identifi\u00e9s par GC-MS. Le signal principal \u00e9tait les m\u00e9tabolites N-d\u00e9salkyl\u00e9s hydroxyl\u00e9s, et non le JWH-200 ou son m\u00e9tabolite N-d\u00e9salkyl\u00e9. Le d\u00e9placement de masse observ\u00e9 sugg\u00e8re que les groupes hydroxyle naphtal\u00e8ne et indole de la mol\u00e9cule sont susceptibles de subir une hydroxylation. Les m\u00e9tabolites hydroxyl\u00e9s \u00e9taient largement conjugu\u00e9s au glucuronide chez l&#8217;homme, bien que le cycle indole et la cha\u00eene lat\u00e9rale pentyle aient \u00e9t\u00e9 les principaux sites de m\u00e9tabolisme.<\/p>\n<p>Recherche sur l&#8217;utilisation chimique du JWH-200<\/p>\n<p>Les m\u00e9dias ont ont rapport\u00e9 au moins un cas de d\u00e9pendance au JWH-200. Pendant huit mois, l&#8217;utilisateur a bu quotidiennement du JWH-018. En comparaison avec les effets de la d\u00e9pendance au cannabis, les sympt\u00f4mes de sevrage \u00e9taient ici plus s\u00e9v\u00e8res. Apr\u00e8s traitement, il a \u00e9t\u00e9 d\u00e9montr\u00e9 que JWH-200 g\u00e9n\u00e8re des alt\u00e9rations significatives de la densit\u00e9 des r\u00e9cepteurs CB1. Moins rapidement que des cannabino\u00efdes comparables, il provoque une tol\u00e9rance \u00e0 ses effets.<\/p>\n","protected":false},"excerpt":{"rendered":"<div class=\"woocommerce-product-details__short-description\">\n<p>Achetez JWH-200 Poudre chimique \u00e0 vendre au Royaume-Uni et en Europe en ligne. (1-(2-morpholin-4-yl\u00e9thyl)indol-3-yl)-naphtal\u00e8ne-1-ylm\u00e9thanone est un autre nom. Venez acheter maintenant!. Nous avons la meilleure m\u00e9thode d&#8217;emballage et d&#8217;exp\u00e9dition discr\u00e8te.<\/p>\n<\/p><\/div>\n","protected":false},"featured_media":5556,"comment_status":"open","ping_status":"closed","template":"","meta":[],"product_brand":[],"product_cat":[59],"product_tag":[3032,3048,3030,3031,3029,3040,3033,3037,3038,3043,3034,3035,3039,3036,3042,3046,3045,3044,3047,3049,3041],"class_list":{"0":"post-5547","1":"product","2":"type-product","3":"status-publish","4":"has-post-thumbnail","6":"product_cat-produits-chimiques-de-recherche","7":"product_tag-acheter-jwh-200-produits-chimiques-de-recherche","8":"product_tag-achat-jwh-200-produits-chimiques-de-recherche","9":"product_tag-acheter-jwh-200-chimique","10":"product_tag-acheter-jwh-200-en-ligne","11":"product_tag-am-2233","12":"product_tag-jwh-200-commande","13":"product_tag-comment-commander-jwh-200-en-ligne","14":"product_tag-effet-jwh-200","15":"product_tag-jwh-200-effets","16":"product_tag-jwh-200-revue","17":"product_tag-jwh-018","18":"product_tag-jwh-073","19":"product_tag-jwh-200--vendre","20":"product_tag-jwh-200-acheter","21":"product_tag-jwh-200-retail","22":"product_tag-jwh-200-vente-en-gros","23":"product_tag-jwh-200-sell","24":"product_tag-jwh-200-vente","25":"product_tag-jwh-250","26":"product_tag-o-commander-jwh-200-research-chemicals","27":"product_tag-jwh-200-reddit","29":"first","30":"instock","31":"shipping-taxable","32":"purchasable","33":"product-type-variable","34":"has-default-attributes"},"yoast_head":"<!-- This site is optimized with the Yoast SEO plugin v27.3 - https:\/\/yoast.com\/product\/yoast-seo-wordpress\/ -->\n<title>Acheter JWH-200 Chemical - JWH-200 Chemical - Best Global Meds<\/title>\n<meta name=\"description\" content=\"Achetez JWH-200 Poudre chimique \u00e0 vendre au Royaume-Uni et en Europe en ligne. (1-(2-morpholin-4-yl\u00e9thyl)indol-3-yl)-naphtal\u00e8ne-1-ylm\u00e9thanone est un autre nom. Venez acheter maintenant!. Nous avons la meilleure m\u00e9thode d&#039;emballage et d&#039;exp\u00e9dition discr\u00e8te.\" \/>\n<meta name=\"robots\" content=\"index, follow, max-snippet:-1, max-image-preview:large, max-video-preview:-1\" \/>\n<link rel=\"canonical\" href=\"https:\/\/medicinasinc.com\/fr\/product\/acheter-jwh-200-chimique\/\" \/>\n<meta property=\"og:locale\" content=\"en_US\" \/>\n<meta property=\"og:type\" content=\"article\" \/>\n<meta property=\"og:title\" content=\"Acheter JWH-200 Chemical - JWH-200 Chemical - Best Global Meds\" \/>\n<meta property=\"og:description\" content=\"Achetez JWH-200 Poudre chimique \u00e0 vendre au Royaume-Uni et en Europe en ligne. (1-(2-morpholin-4-yl\u00e9thyl)indol-3-yl)-naphtal\u00e8ne-1-ylm\u00e9thanone est un autre nom. Venez acheter maintenant!. Nous avons la meilleure m\u00e9thode d&#039;emballage et d&#039;exp\u00e9dition discr\u00e8te.\" \/>\n<meta property=\"og:url\" content=\"https:\/\/medicinasinc.com\/fr\/product\/acheter-jwh-200-chimique\/\" \/>\n<meta property=\"og:site_name\" content=\"Medicinas Inc\" \/>\n<meta property=\"article:modified_time\" content=\"2022-03-17T11:53:47+00:00\" \/>\n<meta property=\"og:image\" content=\"https:\/\/medicinasinc.com\/fr\/wp-content\/uploads\/sites\/5\/2022\/02\/Buy-JWH-200-Chemical.jpg\" \/>\n\t<meta property=\"og:image:width\" content=\"458\" \/>\n\t<meta property=\"og:image:height\" content=\"458\" \/>\n\t<meta property=\"og:image:type\" content=\"image\/jpeg\" \/>\n<meta name=\"twitter:card\" content=\"summary_large_image\" \/>\n<meta name=\"twitter:label1\" content=\"Est. reading time\" \/>\n\t<meta name=\"twitter:data1\" content=\"2 minutes\" \/>\n<script type=\"application\/ld+json\" class=\"yoast-schema-graph\">{\"@context\":\"https:\\\/\\\/schema.org\",\"@graph\":[{\"@type\":\"WebPage\",\"@id\":\"https:\\\/\\\/medicinasinc.com\\\/fr\\\/product\\\/acheter-jwh-200-chimique\\\/\",\"url\":\"https:\\\/\\\/medicinasinc.com\\\/fr\\\/product\\\/acheter-jwh-200-chimique\\\/\",\"name\":\"Acheter JWH-200 Chemical - JWH-200 Chemical - Best Global Meds\",\"isPartOf\":{\"@id\":\"https:\\\/\\\/medicinasinc.com\\\/fr\\\/#website\"},\"primaryImageOfPage\":{\"@id\":\"https:\\\/\\\/medicinasinc.com\\\/fr\\\/product\\\/acheter-jwh-200-chimique\\\/#primaryimage\"},\"image\":{\"@id\":\"https:\\\/\\\/medicinasinc.com\\\/fr\\\/product\\\/acheter-jwh-200-chimique\\\/#primaryimage\"},\"thumbnailUrl\":\"https:\\\/\\\/medicinasinc.com\\\/fr\\\/wp-content\\\/uploads\\\/sites\\\/5\\\/2022\\\/02\\\/Buy-JWH-200-Chemical.jpg\",\"datePublished\":\"2022-02-22T01:30:48+00:00\",\"dateModified\":\"2022-03-17T11:53:47+00:00\",\"description\":\"Achetez JWH-200 Poudre chimique \u00e0 vendre au Royaume-Uni et en Europe en ligne. (1-(2-morpholin-4-yl\u00e9thyl)indol-3-yl)-naphtal\u00e8ne-1-ylm\u00e9thanone est un autre nom. Venez acheter maintenant!. Nous avons la meilleure m\u00e9thode d'emballage et d'exp\u00e9dition discr\u00e8te.\",\"breadcrumb\":{\"@id\":\"https:\\\/\\\/medicinasinc.com\\\/fr\\\/product\\\/acheter-jwh-200-chimique\\\/#breadcrumb\"},\"inLanguage\":\"en-US\",\"potentialAction\":[{\"@type\":\"ReadAction\",\"target\":[\"https:\\\/\\\/medicinasinc.com\\\/fr\\\/product\\\/acheter-jwh-200-chimique\\\/\"]}]},{\"@type\":\"ImageObject\",\"inLanguage\":\"en-US\",\"@id\":\"https:\\\/\\\/medicinasinc.com\\\/fr\\\/product\\\/acheter-jwh-200-chimique\\\/#primaryimage\",\"url\":\"https:\\\/\\\/medicinasinc.com\\\/fr\\\/wp-content\\\/uploads\\\/sites\\\/5\\\/2022\\\/02\\\/Buy-JWH-200-Chemical.jpg\",\"contentUrl\":\"https:\\\/\\\/medicinasinc.com\\\/fr\\\/wp-content\\\/uploads\\\/sites\\\/5\\\/2022\\\/02\\\/Buy-JWH-200-Chemical.jpg\",\"width\":458,\"height\":458},{\"@type\":\"BreadcrumbList\",\"@id\":\"https:\\\/\\\/medicinasinc.com\\\/fr\\\/product\\\/acheter-jwh-200-chimique\\\/#breadcrumb\",\"itemListElement\":[{\"@type\":\"ListItem\",\"position\":1,\"name\":\"Boutique\",\"item\":\"https:\\\/\\\/medicinasinc.com\\\/fr\\\/boutique\\\/\"},{\"@type\":\"ListItem\",\"position\":2,\"name\":\"Acheter JWH-200 Chimique\"}]},{\"@type\":\"WebSite\",\"@id\":\"https:\\\/\\\/medicinasinc.com\\\/fr\\\/#website\",\"url\":\"https:\\\/\\\/medicinasinc.com\\\/fr\\\/\",\"name\":\"Medicinas Inc\",\"description\":\"Health Medical Clinic\",\"potentialAction\":[{\"@type\":\"SearchAction\",\"target\":{\"@type\":\"EntryPoint\",\"urlTemplate\":\"https:\\\/\\\/medicinasinc.com\\\/fr\\\/?s={search_term_string}\"},\"query-input\":{\"@type\":\"PropertyValueSpecification\",\"valueRequired\":true,\"valueName\":\"search_term_string\"}}],\"inLanguage\":\"en-US\"}]}<\/script>\n<!-- \/ Yoast SEO plugin. -->","yoast_head_json":{"title":"Acheter JWH-200 Chemical - JWH-200 Chemical - Best Global Meds","description":"Achetez JWH-200 Poudre chimique \u00e0 vendre au Royaume-Uni et en Europe en ligne. (1-(2-morpholin-4-yl\u00e9thyl)indol-3-yl)-naphtal\u00e8ne-1-ylm\u00e9thanone est un autre nom. Venez acheter maintenant!. Nous avons la meilleure m\u00e9thode d'emballage et d'exp\u00e9dition discr\u00e8te.","robots":{"index":"index","follow":"follow","max-snippet":"max-snippet:-1","max-image-preview":"max-image-preview:large","max-video-preview":"max-video-preview:-1"},"canonical":"https:\/\/medicinasinc.com\/fr\/product\/acheter-jwh-200-chimique\/","og_locale":"en_US","og_type":"article","og_title":"Acheter JWH-200 Chemical - JWH-200 Chemical - Best Global Meds","og_description":"Achetez JWH-200 Poudre chimique \u00e0 vendre au Royaume-Uni et en Europe en ligne. (1-(2-morpholin-4-yl\u00e9thyl)indol-3-yl)-naphtal\u00e8ne-1-ylm\u00e9thanone est un autre nom. Venez acheter maintenant!. Nous avons la meilleure m\u00e9thode d'emballage et d'exp\u00e9dition discr\u00e8te.","og_url":"https:\/\/medicinasinc.com\/fr\/product\/acheter-jwh-200-chimique\/","og_site_name":"Medicinas Inc","article_modified_time":"2022-03-17T11:53:47+00:00","og_image":[{"width":458,"height":458,"url":"https:\/\/medicinasinc.com\/fr\/wp-content\/uploads\/sites\/5\/2022\/02\/Buy-JWH-200-Chemical.jpg","type":"image\/jpeg"}],"twitter_card":"summary_large_image","twitter_misc":{"Est. reading time":"2 minutes"},"schema":{"@context":"https:\/\/schema.org","@graph":[{"@type":"WebPage","@id":"https:\/\/medicinasinc.com\/fr\/product\/acheter-jwh-200-chimique\/","url":"https:\/\/medicinasinc.com\/fr\/product\/acheter-jwh-200-chimique\/","name":"Acheter JWH-200 Chemical - JWH-200 Chemical - Best Global Meds","isPartOf":{"@id":"https:\/\/medicinasinc.com\/fr\/#website"},"primaryImageOfPage":{"@id":"https:\/\/medicinasinc.com\/fr\/product\/acheter-jwh-200-chimique\/#primaryimage"},"image":{"@id":"https:\/\/medicinasinc.com\/fr\/product\/acheter-jwh-200-chimique\/#primaryimage"},"thumbnailUrl":"https:\/\/medicinasinc.com\/fr\/wp-content\/uploads\/sites\/5\/2022\/02\/Buy-JWH-200-Chemical.jpg","datePublished":"2022-02-22T01:30:48+00:00","dateModified":"2022-03-17T11:53:47+00:00","description":"Achetez JWH-200 Poudre chimique \u00e0 vendre au Royaume-Uni et en Europe en ligne. (1-(2-morpholin-4-yl\u00e9thyl)indol-3-yl)-naphtal\u00e8ne-1-ylm\u00e9thanone est un autre nom. Venez acheter maintenant!. Nous avons la meilleure m\u00e9thode d'emballage et d'exp\u00e9dition discr\u00e8te.","breadcrumb":{"@id":"https:\/\/medicinasinc.com\/fr\/product\/acheter-jwh-200-chimique\/#breadcrumb"},"inLanguage":"en-US","potentialAction":[{"@type":"ReadAction","target":["https:\/\/medicinasinc.com\/fr\/product\/acheter-jwh-200-chimique\/"]}]},{"@type":"ImageObject","inLanguage":"en-US","@id":"https:\/\/medicinasinc.com\/fr\/product\/acheter-jwh-200-chimique\/#primaryimage","url":"https:\/\/medicinasinc.com\/fr\/wp-content\/uploads\/sites\/5\/2022\/02\/Buy-JWH-200-Chemical.jpg","contentUrl":"https:\/\/medicinasinc.com\/fr\/wp-content\/uploads\/sites\/5\/2022\/02\/Buy-JWH-200-Chemical.jpg","width":458,"height":458},{"@type":"BreadcrumbList","@id":"https:\/\/medicinasinc.com\/fr\/product\/acheter-jwh-200-chimique\/#breadcrumb","itemListElement":[{"@type":"ListItem","position":1,"name":"Boutique","item":"https:\/\/medicinasinc.com\/fr\/boutique\/"},{"@type":"ListItem","position":2,"name":"Acheter JWH-200 Chimique"}]},{"@type":"WebSite","@id":"https:\/\/medicinasinc.com\/fr\/#website","url":"https:\/\/medicinasinc.com\/fr\/","name":"Medicinas Inc","description":"Health Medical Clinic","potentialAction":[{"@type":"SearchAction","target":{"@type":"EntryPoint","urlTemplate":"https:\/\/medicinasinc.com\/fr\/?s={search_term_string}"},"query-input":{"@type":"PropertyValueSpecification","valueRequired":true,"valueName":"search_term_string"}}],"inLanguage":"en-US"}]}},"_links":{"self":[{"href":"https:\/\/medicinasinc.com\/fr\/wp-json\/wp\/v2\/product\/5547","targetHints":{"allow":["GET"]}}],"collection":[{"href":"https:\/\/medicinasinc.com\/fr\/wp-json\/wp\/v2\/product"}],"about":[{"href":"https:\/\/medicinasinc.com\/fr\/wp-json\/wp\/v2\/types\/product"}],"replies":[{"embeddable":true,"href":"https:\/\/medicinasinc.com\/fr\/wp-json\/wp\/v2\/comments?post=5547"}],"wp:featuredmedia":[{"embeddable":true,"href":"https:\/\/medicinasinc.com\/fr\/wp-json\/wp\/v2\/media\/5556"}],"wp:attachment":[{"href":"https:\/\/medicinasinc.com\/fr\/wp-json\/wp\/v2\/media?parent=5547"}],"wp:term":[{"taxonomy":"product_brand","embeddable":true,"href":"https:\/\/medicinasinc.com\/fr\/wp-json\/wp\/v2\/product_brand?post=5547"},{"taxonomy":"product_cat","embeddable":true,"href":"https:\/\/medicinasinc.com\/fr\/wp-json\/wp\/v2\/product_cat?post=5547"},{"taxonomy":"product_tag","embeddable":true,"href":"https:\/\/medicinasinc.com\/fr\/wp-json\/wp\/v2\/product_tag?post=5547"}],"curies":[{"name":"wp","href":"https:\/\/api.w.org\/{rel}","templated":true}]}}