{"id":5523,"date":"2022-02-22T01:06:52","date_gmt":"2022-02-22T01:06:52","guid":{"rendered":"https:\/\/medicinasinc.com\/fr\/?post_type=product&#038;p=5523"},"modified":"2022-03-17T11:53:58","modified_gmt":"2022-03-17T11:53:58","slug":"acheter-hdep-28-roman-ethylnaphthidate","status":"publish","type":"product","link":"https:\/\/medicinasinc.com\/fr\/product\/acheter-hdep-28-roman-ethylnaphthidate\/","title":{"rendered":"Acheter hdep-28 Novel Ethylnaphthidate"},"content":{"rendered":"<p>Ethylnaphthidate HDEP-28 \u00e0 vendre<\/p>\n<p>3,4-m\u00e9thyl\u00e8nedioxy-N-\u00e9thylcathinone est fr\u00e9quemment cit\u00e9 comme un \u00e9nergisant entactog\u00e8ne. 1-(1,3-Benzodioxol-5-yl)- 2-(\u00e9thylamino)- 1-propanone est le nom donn\u00e9 \u00e0 Ethylone. La masse ordinaire de C12H15NO3 est de 221,251999 Da, tandis que la masse monoisotopique est de 221,104996 Da. C&#8217;est la formule subnucl\u00e9aire. Achetez de l&#8217;\u00e9thyl\u00e8ne chinois. Ethylone est une pierre pr\u00e9cieuse inestimable qui peut \u00eatre achet\u00e9e. Des pierres pr\u00e9cieuses d&#8217;\u00e9thyl\u00e8ne peuvent \u00eatre achet\u00e9es. Fournisseur d&#8217;Ethylone. Ethylone est en vente. rabais Ethylone<\/p>\n<p>ACD\/Labs et ChemAxon ont collabor\u00e9 pour mener une \u00e9valuation d&#8217;Ethylone. En ce qui concerne les propri\u00e9t\u00e9s pr\u00e9dites par ACD\/Labs, ils ont trouv\u00e9 quatre accepteurs de s\u00e9curit\u00e9 #H, quatre titres \u00e0 rotation libre, un record de r\u00e9fraction \u00e0 1,54 avec un facteur de pression de surface de 44,3470001220703dyne\/cm, une motivation d&#8217;\u00e9clatement de 172,845\u00b0C, et une restriction de 362,188\u00a0\u00b0C \u00e0 760\u00a0mmHg.<\/p>\n<p>Il s&#8217;agit d&#8217;un ph\u00e9nom\u00e8ne courant dans les logiciels logiques et scientifiques.<\/p>\n<p>Ce produit a \u00e9t\u00e9 d\u00e9velopp\u00e9 dans le but de r\u00e9pondre aux exigences de la norme ISO17025\u00a0:\u00a02005 et Guide 34:2009.<\/p>\n<p>Vous pouvez compter sur nous pour faire le travail rapidement et efficacement puisque nous sommes la meilleure organisation au monde. Les clients ne peuvent s&#8217;attendre qu&#8217;\u00e0 des produits de la meilleure qualit\u00e9 de notre part\u00a0! D&#8217;une mani\u00e8re qui correspond essentiellement \u00e0 ce \u00e0 quoi nous nous attendons souvent lorsque nous achetons quoi que ce soit<\/p>\n<p>Ainsi, nous pouvons acheter les produits de la plus haute qualit\u00e9 aux prix les plus raisonnables, et nous pouvons vous faire profiter des \u00e9conomies\u00a0!<\/p>\n<p>En cons\u00e9quence, nous demandons \u00e0 tous nos clients de GC\/MS leurs articles afin d&#8217;assurer l&#8217;exactitude et la l\u00e9galit\u00e9. Parce que nous nous soucions de nos clients et de leur satisfaction, nous effectuons nos propres tests sur chaque exp\u00e9dition pour v\u00e9rifier que la qualit\u00e9 des pi\u00e8ces restantes est \u00e0 100 %.<\/p>\n<p>L&#8217;avenir de notre entreprise d\u00e9pend de notre r\u00e9ponse \u00e0 votre sollicitation dans de mani\u00e8re amicale, aussi urgente soit-elle. Quelle que soit la situation, vous pouvez toujours compter sur nous pour vous fournir les meilleurs m\u00e9dicaments et feux d&#8217;artifice d\u00e9licats aux meilleurs prix, le tout livr\u00e9 de la mani\u00e8re la plus discr\u00e8te imaginable ! Si cela ne vous pose pas trop de probl\u00e8mes, ayez confiance et pr\u00e9sentez votre demande avec conviction\u00a0!<\/p>\n<p>Gr\u00e2ce \u00e0 notre force d\u00e9montr\u00e9e, vous pouvez nous faire confiance et continuer \u00e0 faire affaire avec nous quand vous le souhaitez, tant que nous &#8216;re autour. Votre chute ne sera pas tol\u00e9r\u00e9e.<\/p>\n<p>Suivre le voyage de votre forfait est simple gr\u00e2ce aux num\u00e9ros d&#8217;accompagnement que nous incluons avec votre envoi.<\/p>\n","protected":false},"excerpt":{"rendered":"<p>Acheter Ethylnaphthidate HDEP-28 \u00e0 vendre au Royaume-Uni, en Europe. Ac\u00e9tate de 2-(naphtal\u00e8ne-2-yl)-2-(pip\u00e9ridin-2-yle) d&#8217;\u00e9thyle. Renseignez-vous sur hdep-28, le nouvel \u00e9thylnaphthidate.<\/p>\n<p>Achetez hdep-28 Novel Ethylnaphthidate 1 oz sur Amazon.com<\/p>\n<p>Ethylnapthidate, ou HDEP-28, est un substitut du ph\u00e9nidate interdit s\u00e9rie.<\/p>\n<p>Les clients peuvent d\u00e9sormais acheter de l&#8217;\u00e9thylnaphthidate.<br \/> Le HDEP-28, \u00e9galement connu sous le nom d&#8217;\u00e9thylnapthidate, est destin\u00e9 \u00e0 jouer le r\u00f4le de la s\u00e9rie chimique Phenidate nouvellement interdite.<br \/> Par rapport \u00e0 &amp; #8216;Ph\u00e9nidates,&#8217; les clients utilisant ce produit en laboratoire devraient s&#8217;attendre \u00e0 un \u00e9ventail de r\u00e9sultats similaire.<br \/> L&#8217;IUPAC pr\u00e9dit que les chercheurs trouveront le HDEP 28 \/ Ethylnaphhidate comme un excellent substitut \u00e0 l&#8217;\u00e9thylph\u00e9nidate. Ac\u00e9tate de 2-(naphtal\u00e8ne-2-yl)-2-(pip\u00e9ridin-2-yle)<br \/> N\/A<br \/> Formule C19H23NO2<br \/> Le poids mol\u00e9culaire est de 297,40<\/p>\n","protected":false},"featured_media":5535,"comment_status":"open","ping_status":"closed","template":"","meta":[],"product_brand":[],"product_cat":[59],"product_tag":[],"class_list":{"0":"post-5523","1":"product","2":"type-product","3":"status-publish","4":"has-post-thumbnail","6":"product_cat-produits-chimiques-de-recherche","8":"first","9":"instock","10":"shipping-taxable","11":"purchasable","12":"product-type-variable","13":"has-default-attributes"},"yoast_head":"<!-- This site is optimized with the Yoast SEO plugin v27.3 - https:\/\/yoast.com\/product\/yoast-seo-wordpress\/ -->\n<title>Acheter hdep-28 Novel Ethylnaphthidate - Best Global Meds<\/title>\n<meta name=\"description\" content=\"Acheter hdep-28 Novel Ethylnaphthidate \u00e0 vendre au Royaume-Uni, en Europe en ligne. IUPAC\u00a0: 2-(naphtal\u00e8ne-2-yl)-2-(pip\u00e9ridin-2-yl)ac\u00e9tate d&#039;\u00e9thyle. Commander hdep-28 Novel Ethylnaphthidate\" \/>\n<meta name=\"robots\" content=\"index, follow, max-snippet:-1, max-image-preview:large, max-video-preview:-1\" \/>\n<link rel=\"canonical\" href=\"https:\/\/medicinasinc.com\/fr\/product\/acheter-hdep-28-roman-ethylnaphthidate\/\" \/>\n<meta property=\"og:locale\" content=\"en_US\" \/>\n<meta property=\"og:type\" content=\"article\" \/>\n<meta property=\"og:title\" content=\"Acheter hdep-28 Novel Ethylnaphthidate - Best Global Meds\" \/>\n<meta property=\"og:description\" content=\"Acheter hdep-28 Novel Ethylnaphthidate \u00e0 vendre au Royaume-Uni, en Europe en ligne. IUPAC\u00a0: 2-(naphtal\u00e8ne-2-yl)-2-(pip\u00e9ridin-2-yl)ac\u00e9tate d&#039;\u00e9thyle. Commander hdep-28 Novel Ethylnaphthidate\" \/>\n<meta property=\"og:url\" content=\"https:\/\/medicinasinc.com\/fr\/product\/acheter-hdep-28-roman-ethylnaphthidate\/\" \/>\n<meta property=\"og:site_name\" content=\"Medicinas Inc\" \/>\n<meta property=\"article:modified_time\" content=\"2022-03-17T11:53:58+00:00\" \/>\n<meta property=\"og:image\" content=\"https:\/\/medicinasinc.com\/fr\/wp-content\/uploads\/sites\/5\/2022\/02\/Buy-hdep-28-Novel-Ethylnaphthidate.jpg\" \/>\n\t<meta property=\"og:image:width\" content=\"600\" \/>\n\t<meta property=\"og:image:height\" content=\"600\" \/>\n\t<meta property=\"og:image:type\" content=\"image\/jpeg\" \/>\n<meta name=\"twitter:card\" content=\"summary_large_image\" \/>\n<meta name=\"twitter:label1\" content=\"Est. reading time\" \/>\n\t<meta name=\"twitter:data1\" content=\"2 minutes\" \/>\n<script type=\"application\/ld+json\" class=\"yoast-schema-graph\">{\"@context\":\"https:\\\/\\\/schema.org\",\"@graph\":[{\"@type\":\"WebPage\",\"@id\":\"https:\\\/\\\/medicinasinc.com\\\/fr\\\/product\\\/acheter-hdep-28-roman-ethylnaphthidate\\\/\",\"url\":\"https:\\\/\\\/medicinasinc.com\\\/fr\\\/product\\\/acheter-hdep-28-roman-ethylnaphthidate\\\/\",\"name\":\"Acheter hdep-28 Novel Ethylnaphthidate - Best Global Meds\",\"isPartOf\":{\"@id\":\"https:\\\/\\\/medicinasinc.com\\\/fr\\\/#website\"},\"primaryImageOfPage\":{\"@id\":\"https:\\\/\\\/medicinasinc.com\\\/fr\\\/product\\\/acheter-hdep-28-roman-ethylnaphthidate\\\/#primaryimage\"},\"image\":{\"@id\":\"https:\\\/\\\/medicinasinc.com\\\/fr\\\/product\\\/acheter-hdep-28-roman-ethylnaphthidate\\\/#primaryimage\"},\"thumbnailUrl\":\"https:\\\/\\\/medicinasinc.com\\\/fr\\\/wp-content\\\/uploads\\\/sites\\\/5\\\/2022\\\/02\\\/Buy-hdep-28-Novel-Ethylnaphthidate.jpg\",\"datePublished\":\"2022-02-22T01:06:52+00:00\",\"dateModified\":\"2022-03-17T11:53:58+00:00\",\"description\":\"Acheter hdep-28 Novel Ethylnaphthidate \u00e0 vendre au Royaume-Uni, en Europe en ligne. IUPAC\u00a0: 2-(naphtal\u00e8ne-2-yl)-2-(pip\u00e9ridin-2-yl)ac\u00e9tate d'\u00e9thyle. Commander hdep-28 Novel Ethylnaphthidate\",\"breadcrumb\":{\"@id\":\"https:\\\/\\\/medicinasinc.com\\\/fr\\\/product\\\/acheter-hdep-28-roman-ethylnaphthidate\\\/#breadcrumb\"},\"inLanguage\":\"en-US\",\"potentialAction\":[{\"@type\":\"ReadAction\",\"target\":[\"https:\\\/\\\/medicinasinc.com\\\/fr\\\/product\\\/acheter-hdep-28-roman-ethylnaphthidate\\\/\"]}]},{\"@type\":\"ImageObject\",\"inLanguage\":\"en-US\",\"@id\":\"https:\\\/\\\/medicinasinc.com\\\/fr\\\/product\\\/acheter-hdep-28-roman-ethylnaphthidate\\\/#primaryimage\",\"url\":\"https:\\\/\\\/medicinasinc.com\\\/fr\\\/wp-content\\\/uploads\\\/sites\\\/5\\\/2022\\\/02\\\/Buy-hdep-28-Novel-Ethylnaphthidate.jpg\",\"contentUrl\":\"https:\\\/\\\/medicinasinc.com\\\/fr\\\/wp-content\\\/uploads\\\/sites\\\/5\\\/2022\\\/02\\\/Buy-hdep-28-Novel-Ethylnaphthidate.jpg\",\"width\":600,\"height\":600},{\"@type\":\"BreadcrumbList\",\"@id\":\"https:\\\/\\\/medicinasinc.com\\\/fr\\\/product\\\/acheter-hdep-28-roman-ethylnaphthidate\\\/#breadcrumb\",\"itemListElement\":[{\"@type\":\"ListItem\",\"position\":1,\"name\":\"Boutique\",\"item\":\"https:\\\/\\\/medicinasinc.com\\\/fr\\\/boutique\\\/\"},{\"@type\":\"ListItem\",\"position\":2,\"name\":\"Acheter hdep-28 Novel Ethylnaphthidate\"}]},{\"@type\":\"WebSite\",\"@id\":\"https:\\\/\\\/medicinasinc.com\\\/fr\\\/#website\",\"url\":\"https:\\\/\\\/medicinasinc.com\\\/fr\\\/\",\"name\":\"Medicinas Inc\",\"description\":\"Health Medical Clinic\",\"potentialAction\":[{\"@type\":\"SearchAction\",\"target\":{\"@type\":\"EntryPoint\",\"urlTemplate\":\"https:\\\/\\\/medicinasinc.com\\\/fr\\\/?s={search_term_string}\"},\"query-input\":{\"@type\":\"PropertyValueSpecification\",\"valueRequired\":true,\"valueName\":\"search_term_string\"}}],\"inLanguage\":\"en-US\"}]}<\/script>\n<!-- \/ Yoast SEO plugin. -->","yoast_head_json":{"title":"Acheter hdep-28 Novel Ethylnaphthidate - Best Global Meds","description":"Acheter hdep-28 Novel Ethylnaphthidate \u00e0 vendre au Royaume-Uni, en Europe en ligne. IUPAC\u00a0: 2-(naphtal\u00e8ne-2-yl)-2-(pip\u00e9ridin-2-yl)ac\u00e9tate d'\u00e9thyle. Commander hdep-28 Novel Ethylnaphthidate","robots":{"index":"index","follow":"follow","max-snippet":"max-snippet:-1","max-image-preview":"max-image-preview:large","max-video-preview":"max-video-preview:-1"},"canonical":"https:\/\/medicinasinc.com\/fr\/product\/acheter-hdep-28-roman-ethylnaphthidate\/","og_locale":"en_US","og_type":"article","og_title":"Acheter hdep-28 Novel Ethylnaphthidate - Best Global Meds","og_description":"Acheter hdep-28 Novel Ethylnaphthidate \u00e0 vendre au Royaume-Uni, en Europe en ligne. IUPAC\u00a0: 2-(naphtal\u00e8ne-2-yl)-2-(pip\u00e9ridin-2-yl)ac\u00e9tate d'\u00e9thyle. Commander hdep-28 Novel Ethylnaphthidate","og_url":"https:\/\/medicinasinc.com\/fr\/product\/acheter-hdep-28-roman-ethylnaphthidate\/","og_site_name":"Medicinas Inc","article_modified_time":"2022-03-17T11:53:58+00:00","og_image":[{"width":600,"height":600,"url":"https:\/\/medicinasinc.com\/fr\/wp-content\/uploads\/sites\/5\/2022\/02\/Buy-hdep-28-Novel-Ethylnaphthidate.jpg","type":"image\/jpeg"}],"twitter_card":"summary_large_image","twitter_misc":{"Est. reading time":"2 minutes"},"schema":{"@context":"https:\/\/schema.org","@graph":[{"@type":"WebPage","@id":"https:\/\/medicinasinc.com\/fr\/product\/acheter-hdep-28-roman-ethylnaphthidate\/","url":"https:\/\/medicinasinc.com\/fr\/product\/acheter-hdep-28-roman-ethylnaphthidate\/","name":"Acheter hdep-28 Novel Ethylnaphthidate - Best Global Meds","isPartOf":{"@id":"https:\/\/medicinasinc.com\/fr\/#website"},"primaryImageOfPage":{"@id":"https:\/\/medicinasinc.com\/fr\/product\/acheter-hdep-28-roman-ethylnaphthidate\/#primaryimage"},"image":{"@id":"https:\/\/medicinasinc.com\/fr\/product\/acheter-hdep-28-roman-ethylnaphthidate\/#primaryimage"},"thumbnailUrl":"https:\/\/medicinasinc.com\/fr\/wp-content\/uploads\/sites\/5\/2022\/02\/Buy-hdep-28-Novel-Ethylnaphthidate.jpg","datePublished":"2022-02-22T01:06:52+00:00","dateModified":"2022-03-17T11:53:58+00:00","description":"Acheter hdep-28 Novel Ethylnaphthidate \u00e0 vendre au Royaume-Uni, en Europe en ligne. IUPAC\u00a0: 2-(naphtal\u00e8ne-2-yl)-2-(pip\u00e9ridin-2-yl)ac\u00e9tate d'\u00e9thyle. Commander hdep-28 Novel Ethylnaphthidate","breadcrumb":{"@id":"https:\/\/medicinasinc.com\/fr\/product\/acheter-hdep-28-roman-ethylnaphthidate\/#breadcrumb"},"inLanguage":"en-US","potentialAction":[{"@type":"ReadAction","target":["https:\/\/medicinasinc.com\/fr\/product\/acheter-hdep-28-roman-ethylnaphthidate\/"]}]},{"@type":"ImageObject","inLanguage":"en-US","@id":"https:\/\/medicinasinc.com\/fr\/product\/acheter-hdep-28-roman-ethylnaphthidate\/#primaryimage","url":"https:\/\/medicinasinc.com\/fr\/wp-content\/uploads\/sites\/5\/2022\/02\/Buy-hdep-28-Novel-Ethylnaphthidate.jpg","contentUrl":"https:\/\/medicinasinc.com\/fr\/wp-content\/uploads\/sites\/5\/2022\/02\/Buy-hdep-28-Novel-Ethylnaphthidate.jpg","width":600,"height":600},{"@type":"BreadcrumbList","@id":"https:\/\/medicinasinc.com\/fr\/product\/acheter-hdep-28-roman-ethylnaphthidate\/#breadcrumb","itemListElement":[{"@type":"ListItem","position":1,"name":"Boutique","item":"https:\/\/medicinasinc.com\/fr\/boutique\/"},{"@type":"ListItem","position":2,"name":"Acheter hdep-28 Novel Ethylnaphthidate"}]},{"@type":"WebSite","@id":"https:\/\/medicinasinc.com\/fr\/#website","url":"https:\/\/medicinasinc.com\/fr\/","name":"Medicinas Inc","description":"Health Medical Clinic","potentialAction":[{"@type":"SearchAction","target":{"@type":"EntryPoint","urlTemplate":"https:\/\/medicinasinc.com\/fr\/?s={search_term_string}"},"query-input":{"@type":"PropertyValueSpecification","valueRequired":true,"valueName":"search_term_string"}}],"inLanguage":"en-US"}]}},"_links":{"self":[{"href":"https:\/\/medicinasinc.com\/fr\/wp-json\/wp\/v2\/product\/5523","targetHints":{"allow":["GET"]}}],"collection":[{"href":"https:\/\/medicinasinc.com\/fr\/wp-json\/wp\/v2\/product"}],"about":[{"href":"https:\/\/medicinasinc.com\/fr\/wp-json\/wp\/v2\/types\/product"}],"replies":[{"embeddable":true,"href":"https:\/\/medicinasinc.com\/fr\/wp-json\/wp\/v2\/comments?post=5523"}],"wp:featuredmedia":[{"embeddable":true,"href":"https:\/\/medicinasinc.com\/fr\/wp-json\/wp\/v2\/media\/5535"}],"wp:attachment":[{"href":"https:\/\/medicinasinc.com\/fr\/wp-json\/wp\/v2\/media?parent=5523"}],"wp:term":[{"taxonomy":"product_brand","embeddable":true,"href":"https:\/\/medicinasinc.com\/fr\/wp-json\/wp\/v2\/product_brand?post=5523"},{"taxonomy":"product_cat","embeddable":true,"href":"https:\/\/medicinasinc.com\/fr\/wp-json\/wp\/v2\/product_cat?post=5523"},{"taxonomy":"product_tag","embeddable":true,"href":"https:\/\/medicinasinc.com\/fr\/wp-json\/wp\/v2\/product_tag?post=5523"}],"curies":[{"name":"wp","href":"https:\/\/api.w.org\/{rel}","templated":true}]}}