{"id":5522,"date":"2022-02-22T01:05:36","date_gmt":"2022-02-22T01:05:36","guid":{"rendered":"https:\/\/medicinasinc.com\/fr\/?post_type=product&#038;p=5522"},"modified":"2022-03-17T11:54:15","modified_gmt":"2022-03-17T11:54:15","slug":"acheter-fub-akb48-poudre","status":"publish","type":"product","link":"https:\/\/medicinasinc.com\/fr\/product\/acheter-fub-akb48-poudre\/","title":{"rendered":"Acheter Fub Akb48 Poudre"},"content":{"rendered":"<p>Pure Fub Akb48 Powder to Buy<\/p>\n<p>Si vous souhaitez en savoir plus sur les effets de FUB-AKB48 (\u00e9galement connu sous le nom d&#8217;AFUBINACA ou FUB-APINACA) sur le r\u00e9cepteur CB1, c&#8217;est le synth\u00e9tique cannabino\u00efde pour vous.<\/p>\n<p>Pour la formule chimique, utilisez ce qui suit\u00a0: C25H26FN3O.<br \/> Dans la nomenclature IUPAC\u00a0: N-[(4-fluoroph\u00e9nyl)m\u00e9thyl]-1-adamantan-1-yl<br \/> -1H-indazole<br \/> -3-carboxamide<br \/> Apparence\u00a0:<br \/> Puret\u00e9\u00a0:<\/p>\n","protected":false},"excerpt":{"rendered":"<p>Payez avec Bitcoin pour la livraison de poudre FUB-AKB48 en Europe. Achetez la poudre FUB-AKB48 en Europe aupr\u00e8s d&#8217;un fournisseur britannique \u00e0 bas prix. Un magasin europ\u00e9en de poudre FUB-AKB48, o\u00f9 vous pouvez obtenir de la poudre FUB-AKB48 avec une puret\u00e9 de 99 %.<\/p>\n<p>Acqu\u00e9rir 1 oz. de poudre Pure Fub Akb48 de notre part aujourd&#8217;hui\u00a0! La fausse herbe est un indole qui a \u00e9t\u00e9 utilis\u00e9 dans la cr\u00e9ation de m\u00e9dicaments et est maintenant disponible \u00e0 la vente avec des composants actifs combin\u00e9s de marijuana synth\u00e9tique.<\/p>\n<p>Avec Bitcoin, vous pouvez obtenir en ligne de la poudre FUB-AKB48 pure et de haute qualit\u00e9, comme ainsi que des m\u00e9dicaments l\u00e9gaux, des produits chimiques de recherche et des poudres m\u00e9dicinales brutes.<\/p>\n","protected":false},"featured_media":5533,"comment_status":"open","ping_status":"closed","template":"","meta":[],"product_brand":[],"product_cat":[2596],"product_tag":[3014,3013,3023,3016,3017,3026,3020,3028,3027,3015,3018,3021,3019,3022,3024,3025],"class_list":{"0":"post-5522","1":"product","2":"type-product","3":"status-publish","4":"has-post-thumbnail","6":"product_cat-cannabinoides-a-vendre","7":"product_tag-acheter-fub-akb48-poudre","8":"product_tag-acheter-fub-akb48-eu","9":"product_tag-fub-akb48-commande-de-poudre","10":"product_tag-effet-fub-akb48","11":"product_tag-fub-akb48--vendre","12":"product_tag-fub-akb48-revue","13":"product_tag-fub-akb48-effet-poudre","14":"product_tag-fub-akb48-vente-en-gros","15":"product_tag-fub-akb48-livraison","16":"product_tag-fub-akb48-chine-fournisseur","17":"product_tag-fub-akb48-poudre","18":"product_tag-fub-akb48-poudre-a-vendre","19":"product_tag-fub-akb48-poudre-acheter","20":"product_tag-fub-akb48-poudre-en-ligne","21":"product_tag-fub-akb48-enduits-en-poudre","22":"product_tag-rendus-fub-akb48","24":"first","25":"instock","26":"shipping-taxable","27":"purchasable","28":"product-type-variable","29":"has-default-attributes"},"yoast_head":"<!-- This site is optimized with the Yoast SEO plugin v27.3 - https:\/\/yoast.com\/product\/yoast-seo-wordpress\/ -->\n<title>Acheter Fub Akb48 Powder - Fub Akb48 Online - Best Global Meds<\/title>\n<meta name=\"description\" content=\"Acheter de la poudre FUB-AKB48 \u00e0 vendre Exp\u00e9dition dans l&#039;UE, paiement Bitcoin. Fournisseur de poudre FUB-AKB48 bon march\u00e9 au Royaume-Uni - achetez des produits chimiques de recherche en Europe. FUB-AKB48 Magasin de poudre en Europe\" \/>\n<meta name=\"robots\" content=\"index, follow, max-snippet:-1, max-image-preview:large, max-video-preview:-1\" \/>\n<link rel=\"canonical\" href=\"https:\/\/medicinasinc.com\/fr\/product\/acheter-fub-akb48-poudre\/\" \/>\n<meta property=\"og:locale\" content=\"en_US\" \/>\n<meta property=\"og:type\" content=\"article\" \/>\n<meta property=\"og:title\" content=\"Acheter Fub Akb48 Powder - Fub Akb48 Online - Best Global Meds\" \/>\n<meta property=\"og:description\" content=\"Acheter de la poudre FUB-AKB48 \u00e0 vendre Exp\u00e9dition dans l&#039;UE, paiement Bitcoin. Fournisseur de poudre FUB-AKB48 bon march\u00e9 au Royaume-Uni - achetez des produits chimiques de recherche en Europe. FUB-AKB48 Magasin de poudre en Europe\" \/>\n<meta property=\"og:url\" content=\"https:\/\/medicinasinc.com\/fr\/product\/acheter-fub-akb48-poudre\/\" \/>\n<meta property=\"og:site_name\" content=\"Medicinas Inc\" \/>\n<meta property=\"article:modified_time\" content=\"2022-03-17T11:54:15+00:00\" \/>\n<meta property=\"og:image\" content=\"https:\/\/medicinasinc.com\/fr\/wp-content\/uploads\/sites\/5\/2022\/02\/Buy-Fub-Akb48-Powder.jpeg\" \/>\n\t<meta property=\"og:image:width\" content=\"800\" \/>\n\t<meta property=\"og:image:height\" content=\"438\" \/>\n\t<meta property=\"og:image:type\" content=\"image\/jpeg\" \/>\n<meta name=\"twitter:card\" content=\"summary_large_image\" \/>\n<meta name=\"twitter:label1\" content=\"Est. reading time\" \/>\n\t<meta name=\"twitter:data1\" content=\"1 minute\" \/>\n<script type=\"application\/ld+json\" class=\"yoast-schema-graph\">{\"@context\":\"https:\\\/\\\/schema.org\",\"@graph\":[{\"@type\":\"WebPage\",\"@id\":\"https:\\\/\\\/medicinasinc.com\\\/fr\\\/product\\\/acheter-fub-akb48-poudre\\\/\",\"url\":\"https:\\\/\\\/medicinasinc.com\\\/fr\\\/product\\\/acheter-fub-akb48-poudre\\\/\",\"name\":\"Acheter Fub Akb48 Powder - Fub Akb48 Online - Best Global Meds\",\"isPartOf\":{\"@id\":\"https:\\\/\\\/medicinasinc.com\\\/fr\\\/#website\"},\"primaryImageOfPage\":{\"@id\":\"https:\\\/\\\/medicinasinc.com\\\/fr\\\/product\\\/acheter-fub-akb48-poudre\\\/#primaryimage\"},\"image\":{\"@id\":\"https:\\\/\\\/medicinasinc.com\\\/fr\\\/product\\\/acheter-fub-akb48-poudre\\\/#primaryimage\"},\"thumbnailUrl\":\"https:\\\/\\\/medicinasinc.com\\\/fr\\\/wp-content\\\/uploads\\\/sites\\\/5\\\/2022\\\/02\\\/Buy-Fub-Akb48-Powder.jpeg\",\"datePublished\":\"2022-02-22T01:05:36+00:00\",\"dateModified\":\"2022-03-17T11:54:15+00:00\",\"description\":\"Acheter de la poudre FUB-AKB48 \u00e0 vendre Exp\u00e9dition dans l'UE, paiement Bitcoin. Fournisseur de poudre FUB-AKB48 bon march\u00e9 au Royaume-Uni - achetez des produits chimiques de recherche en Europe. FUB-AKB48 Magasin de poudre en Europe\",\"breadcrumb\":{\"@id\":\"https:\\\/\\\/medicinasinc.com\\\/fr\\\/product\\\/acheter-fub-akb48-poudre\\\/#breadcrumb\"},\"inLanguage\":\"en-US\",\"potentialAction\":[{\"@type\":\"ReadAction\",\"target\":[\"https:\\\/\\\/medicinasinc.com\\\/fr\\\/product\\\/acheter-fub-akb48-poudre\\\/\"]}]},{\"@type\":\"ImageObject\",\"inLanguage\":\"en-US\",\"@id\":\"https:\\\/\\\/medicinasinc.com\\\/fr\\\/product\\\/acheter-fub-akb48-poudre\\\/#primaryimage\",\"url\":\"https:\\\/\\\/medicinasinc.com\\\/fr\\\/wp-content\\\/uploads\\\/sites\\\/5\\\/2022\\\/02\\\/Buy-Fub-Akb48-Powder.jpeg\",\"contentUrl\":\"https:\\\/\\\/medicinasinc.com\\\/fr\\\/wp-content\\\/uploads\\\/sites\\\/5\\\/2022\\\/02\\\/Buy-Fub-Akb48-Powder.jpeg\",\"width\":800,\"height\":438},{\"@type\":\"BreadcrumbList\",\"@id\":\"https:\\\/\\\/medicinasinc.com\\\/fr\\\/product\\\/acheter-fub-akb48-poudre\\\/#breadcrumb\",\"itemListElement\":[{\"@type\":\"ListItem\",\"position\":1,\"name\":\"Boutique\",\"item\":\"https:\\\/\\\/medicinasinc.com\\\/fr\\\/boutique\\\/\"},{\"@type\":\"ListItem\",\"position\":2,\"name\":\"Acheter Fub Akb48 Poudre\"}]},{\"@type\":\"WebSite\",\"@id\":\"https:\\\/\\\/medicinasinc.com\\\/fr\\\/#website\",\"url\":\"https:\\\/\\\/medicinasinc.com\\\/fr\\\/\",\"name\":\"Medicinas Inc\",\"description\":\"Health Medical Clinic\",\"potentialAction\":[{\"@type\":\"SearchAction\",\"target\":{\"@type\":\"EntryPoint\",\"urlTemplate\":\"https:\\\/\\\/medicinasinc.com\\\/fr\\\/?s={search_term_string}\"},\"query-input\":{\"@type\":\"PropertyValueSpecification\",\"valueRequired\":true,\"valueName\":\"search_term_string\"}}],\"inLanguage\":\"en-US\"}]}<\/script>\n<!-- \/ Yoast SEO plugin. -->","yoast_head_json":{"title":"Acheter Fub Akb48 Powder - Fub Akb48 Online - Best Global Meds","description":"Acheter de la poudre FUB-AKB48 \u00e0 vendre Exp\u00e9dition dans l'UE, paiement Bitcoin. Fournisseur de poudre FUB-AKB48 bon march\u00e9 au Royaume-Uni - achetez des produits chimiques de recherche en Europe. FUB-AKB48 Magasin de poudre en Europe","robots":{"index":"index","follow":"follow","max-snippet":"max-snippet:-1","max-image-preview":"max-image-preview:large","max-video-preview":"max-video-preview:-1"},"canonical":"https:\/\/medicinasinc.com\/fr\/product\/acheter-fub-akb48-poudre\/","og_locale":"en_US","og_type":"article","og_title":"Acheter Fub Akb48 Powder - Fub Akb48 Online - Best Global Meds","og_description":"Acheter de la poudre FUB-AKB48 \u00e0 vendre Exp\u00e9dition dans l'UE, paiement Bitcoin. Fournisseur de poudre FUB-AKB48 bon march\u00e9 au Royaume-Uni - achetez des produits chimiques de recherche en Europe. FUB-AKB48 Magasin de poudre en Europe","og_url":"https:\/\/medicinasinc.com\/fr\/product\/acheter-fub-akb48-poudre\/","og_site_name":"Medicinas Inc","article_modified_time":"2022-03-17T11:54:15+00:00","og_image":[{"width":800,"height":438,"url":"https:\/\/medicinasinc.com\/fr\/wp-content\/uploads\/sites\/5\/2022\/02\/Buy-Fub-Akb48-Powder.jpeg","type":"image\/jpeg"}],"twitter_card":"summary_large_image","twitter_misc":{"Est. reading time":"1 minute"},"schema":{"@context":"https:\/\/schema.org","@graph":[{"@type":"WebPage","@id":"https:\/\/medicinasinc.com\/fr\/product\/acheter-fub-akb48-poudre\/","url":"https:\/\/medicinasinc.com\/fr\/product\/acheter-fub-akb48-poudre\/","name":"Acheter Fub Akb48 Powder - Fub Akb48 Online - Best Global Meds","isPartOf":{"@id":"https:\/\/medicinasinc.com\/fr\/#website"},"primaryImageOfPage":{"@id":"https:\/\/medicinasinc.com\/fr\/product\/acheter-fub-akb48-poudre\/#primaryimage"},"image":{"@id":"https:\/\/medicinasinc.com\/fr\/product\/acheter-fub-akb48-poudre\/#primaryimage"},"thumbnailUrl":"https:\/\/medicinasinc.com\/fr\/wp-content\/uploads\/sites\/5\/2022\/02\/Buy-Fub-Akb48-Powder.jpeg","datePublished":"2022-02-22T01:05:36+00:00","dateModified":"2022-03-17T11:54:15+00:00","description":"Acheter de la poudre FUB-AKB48 \u00e0 vendre Exp\u00e9dition dans l'UE, paiement Bitcoin. Fournisseur de poudre FUB-AKB48 bon march\u00e9 au Royaume-Uni - achetez des produits chimiques de recherche en Europe. FUB-AKB48 Magasin de poudre en Europe","breadcrumb":{"@id":"https:\/\/medicinasinc.com\/fr\/product\/acheter-fub-akb48-poudre\/#breadcrumb"},"inLanguage":"en-US","potentialAction":[{"@type":"ReadAction","target":["https:\/\/medicinasinc.com\/fr\/product\/acheter-fub-akb48-poudre\/"]}]},{"@type":"ImageObject","inLanguage":"en-US","@id":"https:\/\/medicinasinc.com\/fr\/product\/acheter-fub-akb48-poudre\/#primaryimage","url":"https:\/\/medicinasinc.com\/fr\/wp-content\/uploads\/sites\/5\/2022\/02\/Buy-Fub-Akb48-Powder.jpeg","contentUrl":"https:\/\/medicinasinc.com\/fr\/wp-content\/uploads\/sites\/5\/2022\/02\/Buy-Fub-Akb48-Powder.jpeg","width":800,"height":438},{"@type":"BreadcrumbList","@id":"https:\/\/medicinasinc.com\/fr\/product\/acheter-fub-akb48-poudre\/#breadcrumb","itemListElement":[{"@type":"ListItem","position":1,"name":"Boutique","item":"https:\/\/medicinasinc.com\/fr\/boutique\/"},{"@type":"ListItem","position":2,"name":"Acheter Fub Akb48 Poudre"}]},{"@type":"WebSite","@id":"https:\/\/medicinasinc.com\/fr\/#website","url":"https:\/\/medicinasinc.com\/fr\/","name":"Medicinas Inc","description":"Health Medical Clinic","potentialAction":[{"@type":"SearchAction","target":{"@type":"EntryPoint","urlTemplate":"https:\/\/medicinasinc.com\/fr\/?s={search_term_string}"},"query-input":{"@type":"PropertyValueSpecification","valueRequired":true,"valueName":"search_term_string"}}],"inLanguage":"en-US"}]}},"_links":{"self":[{"href":"https:\/\/medicinasinc.com\/fr\/wp-json\/wp\/v2\/product\/5522","targetHints":{"allow":["GET"]}}],"collection":[{"href":"https:\/\/medicinasinc.com\/fr\/wp-json\/wp\/v2\/product"}],"about":[{"href":"https:\/\/medicinasinc.com\/fr\/wp-json\/wp\/v2\/types\/product"}],"replies":[{"embeddable":true,"href":"https:\/\/medicinasinc.com\/fr\/wp-json\/wp\/v2\/comments?post=5522"}],"wp:featuredmedia":[{"embeddable":true,"href":"https:\/\/medicinasinc.com\/fr\/wp-json\/wp\/v2\/media\/5533"}],"wp:attachment":[{"href":"https:\/\/medicinasinc.com\/fr\/wp-json\/wp\/v2\/media?parent=5522"}],"wp:term":[{"taxonomy":"product_brand","embeddable":true,"href":"https:\/\/medicinasinc.com\/fr\/wp-json\/wp\/v2\/product_brand?post=5522"},{"taxonomy":"product_cat","embeddable":true,"href":"https:\/\/medicinasinc.com\/fr\/wp-json\/wp\/v2\/product_cat?post=5522"},{"taxonomy":"product_tag","embeddable":true,"href":"https:\/\/medicinasinc.com\/fr\/wp-json\/wp\/v2\/product_tag?post=5522"}],"curies":[{"name":"wp","href":"https:\/\/api.w.org\/{rel}","templated":true}]}}