{"id":5521,"date":"2022-02-22T01:04:16","date_gmt":"2022-02-22T01:04:16","guid":{"rendered":"https:\/\/medicinasinc.com\/fr\/?post_type=product&#038;p=5521"},"modified":"2022-03-17T11:54:38","modified_gmt":"2022-03-17T11:54:38","slug":"acheter-flubromazepam-4mg-pastilles","status":"publish","type":"product","link":"https:\/\/medicinasinc.com\/fr\/product\/acheter-flubromazepam-4mg-pastilles\/","title":{"rendered":"Acheter Flubromazepam 4mg Pastilles"},"content":{"rendered":"<p>GRANUL\u00c9S DE FLUBROMAZEPAM 4MG ABORDABLES LIVR\u00c9ES DANS L&#8217;UE<\/p>\n<p>Les pastilles de flubromaz\u00e9pam 4mg sont disponibles \u00e0 l&#8217;achat en Europe \u00e0 cet endroit.<\/p>\n<p>Vous pouvez utiliser Bitcoin pour payer les pastilles de flubromaz\u00e9pam 4 mg. <\/p>\n<p>Le flubromaz\u00e9pam, d\u00e9riv\u00e9 des benzodiaz\u00e9pines, est le premier du genre. 7-Bromo-5-(2-fluoroph\u00e9nyl)-1,3-dihydro-1,4-benzodiaz\u00e9pine-2-one est le nom chimique complet. Ce m\u00e9dicament est structurellement similaire au bromaz\u00e9pam, un s\u00e9datif, un anxiolytique et un somnif\u00e8re \u00e9galement connu sous le nom de benzodiaz\u00e9pine.<\/p>\n<p>Un aspect orange en forme de pastille indique la pr\u00e9sence de 7-bromo-5-(2 -fluoroph\u00e9nyl)-1,3-dihydro-1,4 benzodiaz\u00e9pine-2-one.<\/p>\n<p>Les pastilles de flubromaz\u00e9pam 4mg peuvent \u00eatre achet\u00e9es en ligne en utilisant une adresse Bitcoin.<\/p>\n<p>Les pastilles de 4mg de flubromaz\u00e9pam pour Vente<\/p>\n<p>&nbsp;<\/p>\n<p>Les pastilles de flubromaz\u00e9pam 4\u00a0mg peuvent \u00eatre achet\u00e9es sur Internet.<br \/> \u00c0 quoi sert le flubromaz\u00e9pam\u00a0?<\/p>\n<p>Un d\u00e9riv\u00e9 de la benzodiaz\u00e9pine, le flubromaz\u00e9pam a existe depuis 1960, date de sa premi\u00e8re fabrication. Jusqu&#8217;en 2012, date \u00e0 laquelle il a commenc\u00e9 \u00e0 \u00eatre promu comme mat\u00e9riel d&#8217;examen, il n&#8217;avait jamais \u00e9t\u00e9 annonc\u00e9 comme un m\u00e9dicament, et beaucoup l&#8217;avaient oubli\u00e9 jusqu&#8217;en 2012. La formule du flubromaz\u00e9pam est pratiquement identique \u00e0 celle du ph\u00e9naz\u00e9pam, une autre benzodiaz\u00e9pine popularis\u00e9e par les soci\u00e9t\u00e9s pharmaceutiques. dans plusieurs pays.<\/p>\n","protected":false},"excerpt":{"rendered":"<div class=\"woocommerce-product-details__short-description\">\n<p>Acheter Flubromazepam 4mg Pellets \u00e0 vendre EU, UK, Europe shipping, Bitcoin payment. Fournisseur bon march\u00e9 de pastilles Flubromazepam 4mg &#8211; acheter des produits chimiques de recherche en Europe.<\/p>\n<p><em>Achetez du flubromaz\u00e9pam<\/em>\u00a0(<em>4mg<\/em>)\u00a0<em>granul\u00e9s<\/em>\u00a0au meilleur prix. Nous garantissons une exp\u00e9dition s\u00fbre et s\u00e9curis\u00e9e dans le monde entier.<\/p>\n<p>Achetez Flubromazepam 4mg Pastilles en ligne. Le flubromaz\u00e9pam est en vente sous forme de pastilles de 4 mg, de couleur jaune vif, une teinte de jaune l\u00e9g\u00e8rement diff\u00e9rente du lot actuel de pyrazolam actuellement disponible aux \u00c9tats-Unis.<\/p>\n<\/p><\/div>\n","protected":false},"featured_media":5531,"comment_status":"open","ping_status":"closed","template":"","meta":[],"product_brand":[],"product_cat":[59],"product_tag":[2999,2998,3009,3004,3000,3001,3002,3003,3005,3006,3008,3012,3007,3010,3011],"class_list":{"0":"post-5521","1":"product","2":"type-product","3":"status-publish","4":"has-post-thumbnail","6":"product_cat-produits-chimiques-de-recherche","7":"product_tag-acheter-granules-de-flubromazepam","8":"product_tag-acheter-flubromazepam","9":"product_tag-commander-flubromazepam","10":"product_tag-effet-flubromazpam","11":"product_tag-flubromazepam","12":"product_tag-flubromazpam-4-mg","13":"product_tag-flubromazpam-4mg","14":"product_tag-flubromazepam-4mg-en-vente","15":"product_tag-flubromazepam-europe-acheter","16":"product_tag-flubromazpam-google","17":"product_tag-flubromazpam-reddit","18":"product_tag-o-acheter-acheter-des-pastilles-de-flubromazepam","19":"product_tag-pastilles-de-flubromazpam","20":"product_tag-qualit-flubromazepam-4mg","21":"product_tag-shipping-flubromazepam-4mg-pallet","23":"first","24":"instock","25":"shipping-taxable","26":"purchasable","27":"product-type-variable","28":"has-default-attributes"},"yoast_head":"<!-- This site is optimized with the Yoast SEO plugin v27.3 - https:\/\/yoast.com\/product\/yoast-seo-wordpress\/ -->\n<title>Acheter Flubromazepam 4mg Pastilles - Best Best Global Meds<\/title>\n<meta name=\"description\" content=\"Acheter Flubromazepam 4mg Pellets \u00e0 vendre UE, Royaume-Uni, exp\u00e9dition en Europe, paiement Bitcoin. Fournisseur de pastilles Flubromazepam 4mg bon march\u00e9 - acheter des produits chimiques de recherche en Europe.\" \/>\n<meta name=\"robots\" content=\"index, follow, max-snippet:-1, max-image-preview:large, max-video-preview:-1\" \/>\n<link rel=\"canonical\" href=\"https:\/\/medicinasinc.com\/fr\/product\/acheter-flubromazepam-4mg-pastilles\/\" \/>\n<meta property=\"og:locale\" content=\"en_US\" \/>\n<meta property=\"og:type\" content=\"article\" \/>\n<meta property=\"og:title\" content=\"Acheter Flubromazepam 4mg Pastilles - Best Best Global Meds\" \/>\n<meta property=\"og:description\" content=\"Acheter Flubromazepam 4mg Pellets \u00e0 vendre UE, Royaume-Uni, exp\u00e9dition en Europe, paiement Bitcoin. Fournisseur de pastilles Flubromazepam 4mg bon march\u00e9 - acheter des produits chimiques de recherche en Europe.\" \/>\n<meta property=\"og:url\" content=\"https:\/\/medicinasinc.com\/fr\/product\/acheter-flubromazepam-4mg-pastilles\/\" \/>\n<meta property=\"og:site_name\" content=\"Medicinas Inc\" \/>\n<meta property=\"article:modified_time\" content=\"2022-03-17T11:54:38+00:00\" \/>\n<meta property=\"og:image\" content=\"https:\/\/medicinasinc.com\/fr\/wp-content\/uploads\/sites\/5\/2022\/02\/Buy-Flubromazepam-4mg-Pellets-1.jpg\" \/>\n\t<meta property=\"og:image:width\" content=\"350\" \/>\n\t<meta property=\"og:image:height\" content=\"350\" \/>\n\t<meta property=\"og:image:type\" content=\"image\/jpeg\" \/>\n<meta name=\"twitter:card\" content=\"summary_large_image\" \/>\n<meta name=\"twitter:label1\" content=\"Est. reading time\" \/>\n\t<meta name=\"twitter:data1\" content=\"1 minute\" \/>\n<script type=\"application\/ld+json\" class=\"yoast-schema-graph\">{\"@context\":\"https:\\\/\\\/schema.org\",\"@graph\":[{\"@type\":\"WebPage\",\"@id\":\"https:\\\/\\\/medicinasinc.com\\\/fr\\\/product\\\/acheter-flubromazepam-4mg-pastilles\\\/\",\"url\":\"https:\\\/\\\/medicinasinc.com\\\/fr\\\/product\\\/acheter-flubromazepam-4mg-pastilles\\\/\",\"name\":\"Acheter Flubromazepam 4mg Pastilles - Best Best Global Meds\",\"isPartOf\":{\"@id\":\"https:\\\/\\\/medicinasinc.com\\\/fr\\\/#website\"},\"primaryImageOfPage\":{\"@id\":\"https:\\\/\\\/medicinasinc.com\\\/fr\\\/product\\\/acheter-flubromazepam-4mg-pastilles\\\/#primaryimage\"},\"image\":{\"@id\":\"https:\\\/\\\/medicinasinc.com\\\/fr\\\/product\\\/acheter-flubromazepam-4mg-pastilles\\\/#primaryimage\"},\"thumbnailUrl\":\"https:\\\/\\\/medicinasinc.com\\\/fr\\\/wp-content\\\/uploads\\\/sites\\\/5\\\/2022\\\/02\\\/Buy-Flubromazepam-4mg-Pellets-1.jpg\",\"datePublished\":\"2022-02-22T01:04:16+00:00\",\"dateModified\":\"2022-03-17T11:54:38+00:00\",\"description\":\"Acheter Flubromazepam 4mg Pellets \u00e0 vendre UE, Royaume-Uni, exp\u00e9dition en Europe, paiement Bitcoin. Fournisseur de pastilles Flubromazepam 4mg bon march\u00e9 - acheter des produits chimiques de recherche en Europe.\",\"breadcrumb\":{\"@id\":\"https:\\\/\\\/medicinasinc.com\\\/fr\\\/product\\\/acheter-flubromazepam-4mg-pastilles\\\/#breadcrumb\"},\"inLanguage\":\"en-US\",\"potentialAction\":[{\"@type\":\"ReadAction\",\"target\":[\"https:\\\/\\\/medicinasinc.com\\\/fr\\\/product\\\/acheter-flubromazepam-4mg-pastilles\\\/\"]}]},{\"@type\":\"ImageObject\",\"inLanguage\":\"en-US\",\"@id\":\"https:\\\/\\\/medicinasinc.com\\\/fr\\\/product\\\/acheter-flubromazepam-4mg-pastilles\\\/#primaryimage\",\"url\":\"https:\\\/\\\/medicinasinc.com\\\/fr\\\/wp-content\\\/uploads\\\/sites\\\/5\\\/2022\\\/02\\\/Buy-Flubromazepam-4mg-Pellets-1.jpg\",\"contentUrl\":\"https:\\\/\\\/medicinasinc.com\\\/fr\\\/wp-content\\\/uploads\\\/sites\\\/5\\\/2022\\\/02\\\/Buy-Flubromazepam-4mg-Pellets-1.jpg\",\"width\":350,\"height\":350},{\"@type\":\"BreadcrumbList\",\"@id\":\"https:\\\/\\\/medicinasinc.com\\\/fr\\\/product\\\/acheter-flubromazepam-4mg-pastilles\\\/#breadcrumb\",\"itemListElement\":[{\"@type\":\"ListItem\",\"position\":1,\"name\":\"Boutique\",\"item\":\"https:\\\/\\\/medicinasinc.com\\\/fr\\\/boutique\\\/\"},{\"@type\":\"ListItem\",\"position\":2,\"name\":\"Acheter Flubromazepam 4mg Pastilles\"}]},{\"@type\":\"WebSite\",\"@id\":\"https:\\\/\\\/medicinasinc.com\\\/fr\\\/#website\",\"url\":\"https:\\\/\\\/medicinasinc.com\\\/fr\\\/\",\"name\":\"Medicinas Inc\",\"description\":\"Health Medical Clinic\",\"potentialAction\":[{\"@type\":\"SearchAction\",\"target\":{\"@type\":\"EntryPoint\",\"urlTemplate\":\"https:\\\/\\\/medicinasinc.com\\\/fr\\\/?s={search_term_string}\"},\"query-input\":{\"@type\":\"PropertyValueSpecification\",\"valueRequired\":true,\"valueName\":\"search_term_string\"}}],\"inLanguage\":\"en-US\"}]}<\/script>\n<!-- \/ Yoast SEO plugin. -->","yoast_head_json":{"title":"Acheter Flubromazepam 4mg Pastilles - Best Best Global Meds","description":"Acheter Flubromazepam 4mg Pellets \u00e0 vendre UE, Royaume-Uni, exp\u00e9dition en Europe, paiement Bitcoin. Fournisseur de pastilles Flubromazepam 4mg bon march\u00e9 - acheter des produits chimiques de recherche en Europe.","robots":{"index":"index","follow":"follow","max-snippet":"max-snippet:-1","max-image-preview":"max-image-preview:large","max-video-preview":"max-video-preview:-1"},"canonical":"https:\/\/medicinasinc.com\/fr\/product\/acheter-flubromazepam-4mg-pastilles\/","og_locale":"en_US","og_type":"article","og_title":"Acheter Flubromazepam 4mg Pastilles - Best Best Global Meds","og_description":"Acheter Flubromazepam 4mg Pellets \u00e0 vendre UE, Royaume-Uni, exp\u00e9dition en Europe, paiement Bitcoin. Fournisseur de pastilles Flubromazepam 4mg bon march\u00e9 - acheter des produits chimiques de recherche en Europe.","og_url":"https:\/\/medicinasinc.com\/fr\/product\/acheter-flubromazepam-4mg-pastilles\/","og_site_name":"Medicinas Inc","article_modified_time":"2022-03-17T11:54:38+00:00","og_image":[{"width":350,"height":350,"url":"https:\/\/medicinasinc.com\/fr\/wp-content\/uploads\/sites\/5\/2022\/02\/Buy-Flubromazepam-4mg-Pellets-1.jpg","type":"image\/jpeg"}],"twitter_card":"summary_large_image","twitter_misc":{"Est. reading time":"1 minute"},"schema":{"@context":"https:\/\/schema.org","@graph":[{"@type":"WebPage","@id":"https:\/\/medicinasinc.com\/fr\/product\/acheter-flubromazepam-4mg-pastilles\/","url":"https:\/\/medicinasinc.com\/fr\/product\/acheter-flubromazepam-4mg-pastilles\/","name":"Acheter Flubromazepam 4mg Pastilles - Best Best Global Meds","isPartOf":{"@id":"https:\/\/medicinasinc.com\/fr\/#website"},"primaryImageOfPage":{"@id":"https:\/\/medicinasinc.com\/fr\/product\/acheter-flubromazepam-4mg-pastilles\/#primaryimage"},"image":{"@id":"https:\/\/medicinasinc.com\/fr\/product\/acheter-flubromazepam-4mg-pastilles\/#primaryimage"},"thumbnailUrl":"https:\/\/medicinasinc.com\/fr\/wp-content\/uploads\/sites\/5\/2022\/02\/Buy-Flubromazepam-4mg-Pellets-1.jpg","datePublished":"2022-02-22T01:04:16+00:00","dateModified":"2022-03-17T11:54:38+00:00","description":"Acheter Flubromazepam 4mg Pellets \u00e0 vendre UE, Royaume-Uni, exp\u00e9dition en Europe, paiement Bitcoin. Fournisseur de pastilles Flubromazepam 4mg bon march\u00e9 - acheter des produits chimiques de recherche en Europe.","breadcrumb":{"@id":"https:\/\/medicinasinc.com\/fr\/product\/acheter-flubromazepam-4mg-pastilles\/#breadcrumb"},"inLanguage":"en-US","potentialAction":[{"@type":"ReadAction","target":["https:\/\/medicinasinc.com\/fr\/product\/acheter-flubromazepam-4mg-pastilles\/"]}]},{"@type":"ImageObject","inLanguage":"en-US","@id":"https:\/\/medicinasinc.com\/fr\/product\/acheter-flubromazepam-4mg-pastilles\/#primaryimage","url":"https:\/\/medicinasinc.com\/fr\/wp-content\/uploads\/sites\/5\/2022\/02\/Buy-Flubromazepam-4mg-Pellets-1.jpg","contentUrl":"https:\/\/medicinasinc.com\/fr\/wp-content\/uploads\/sites\/5\/2022\/02\/Buy-Flubromazepam-4mg-Pellets-1.jpg","width":350,"height":350},{"@type":"BreadcrumbList","@id":"https:\/\/medicinasinc.com\/fr\/product\/acheter-flubromazepam-4mg-pastilles\/#breadcrumb","itemListElement":[{"@type":"ListItem","position":1,"name":"Boutique","item":"https:\/\/medicinasinc.com\/fr\/boutique\/"},{"@type":"ListItem","position":2,"name":"Acheter Flubromazepam 4mg Pastilles"}]},{"@type":"WebSite","@id":"https:\/\/medicinasinc.com\/fr\/#website","url":"https:\/\/medicinasinc.com\/fr\/","name":"Medicinas Inc","description":"Health Medical Clinic","potentialAction":[{"@type":"SearchAction","target":{"@type":"EntryPoint","urlTemplate":"https:\/\/medicinasinc.com\/fr\/?s={search_term_string}"},"query-input":{"@type":"PropertyValueSpecification","valueRequired":true,"valueName":"search_term_string"}}],"inLanguage":"en-US"}]}},"_links":{"self":[{"href":"https:\/\/medicinasinc.com\/fr\/wp-json\/wp\/v2\/product\/5521","targetHints":{"allow":["GET"]}}],"collection":[{"href":"https:\/\/medicinasinc.com\/fr\/wp-json\/wp\/v2\/product"}],"about":[{"href":"https:\/\/medicinasinc.com\/fr\/wp-json\/wp\/v2\/types\/product"}],"replies":[{"embeddable":true,"href":"https:\/\/medicinasinc.com\/fr\/wp-json\/wp\/v2\/comments?post=5521"}],"wp:featuredmedia":[{"embeddable":true,"href":"https:\/\/medicinasinc.com\/fr\/wp-json\/wp\/v2\/media\/5531"}],"wp:attachment":[{"href":"https:\/\/medicinasinc.com\/fr\/wp-json\/wp\/v2\/media?parent=5521"}],"wp:term":[{"taxonomy":"product_brand","embeddable":true,"href":"https:\/\/medicinasinc.com\/fr\/wp-json\/wp\/v2\/product_brand?post=5521"},{"taxonomy":"product_cat","embeddable":true,"href":"https:\/\/medicinasinc.com\/fr\/wp-json\/wp\/v2\/product_cat?post=5521"},{"taxonomy":"product_tag","embeddable":true,"href":"https:\/\/medicinasinc.com\/fr\/wp-json\/wp\/v2\/product_tag?post=5521"}],"curies":[{"name":"wp","href":"https:\/\/api.w.org\/{rel}","templated":true}]}}