{"id":5520,"date":"2022-02-22T01:02:44","date_gmt":"2022-02-22T01:02:44","guid":{"rendered":"https:\/\/medicinasinc.com\/fr\/?post_type=product&#038;p=5520"},"modified":"2022-03-17T11:54:57","modified_gmt":"2022-03-17T11:54:57","slug":"acheter-comprimes-de-fentanyl","status":"publish","type":"product","link":"https:\/\/medicinasinc.com\/fr\/product\/acheter-comprimes-de-fentanyl\/","title":{"rendered":"Acheter des comprim\u00e9s de fentanyl"},"content":{"rendered":"<p>Fentanyl Pills, \u00e9galement connu sous le nom de fentanil, est un analg\u00e9sique opio\u00efde synth\u00e9tique tr\u00e8s puissant avec une courte dur\u00e9e d&#8217;action et un effet rapide. Les r\u00e9cepteurs opio\u00efdes sont fortement stimul\u00e9s par ce m\u00e9dicament. La puissance du fentanyl serait 50 \u00e0 100 fois sup\u00e9rieure \u00e0 celle de la morphine.<\/p>\n<p>Form\u00e9es en 1960, les pilules de fentanyl de Paul Janssen ont connu un succ\u00e8s imm\u00e9diat, suivant les traces de la p\u00e9thidine de Demerol. Le fentanyl a \u00e9t\u00e9 cr\u00e9\u00e9 en testant des analogues de la substance active opio\u00efde, la p\u00e9thidine, qui est structurellement li\u00e9e au fentanyl.<\/p>\n<p>Citrate de fentanyl (citrate de fentanyl, qui est le sel g\u00e9n\u00e9r\u00e9 en m\u00e9langeant du fentanyl et de l&#8217;acide citrique avec un rapport 1:1 ratio) a fait son apparition sur le march\u00e9 m\u00e9dical au d\u00e9but des ann\u00e9es 60 sous le nom commercial de Sublimaze en raison de son utilisation intensive. Le sufentanil, l&#8217;alfentanil, le r\u00e9mifentanil et le lofentanil ne sont que quelques-uns des nombreux analogues du fentanyl qui ont depuis \u00e9t\u00e9 cr\u00e9\u00e9s et mis en usage clinique.<\/p>\n<p>Pilules contenant du fentanyl L&#8217;utilisation palliative du fentanyl a commenc\u00e9 au milieu des ann\u00e9es 1990 avec la d\u00e9veloppement du patch de fentanyl, qui a \u00e9t\u00e9 rapidement suivi par les pastilles de fentanyl, les comprim\u00e9s dissolvants et le spray sublingual, qui sont tous absorb\u00e9s par la surface de la bouche. Le fentanyl \u00e9tait l&#8217;opio\u00efde synth\u00e9tique le plus couramment prescrit aux \u00c9tats-Unis en 2012. Dans le monde, on estime que 1\u00a0700\u00a0kg de plastique ont \u00e9t\u00e9 consomm\u00e9s en 2013.<\/p>\n<p>L&#8217;utilisation r\u00e9cr\u00e9ative du fentanyl a entra\u00een\u00e9 des milliers de d\u00e9c\u00e8s par surdose par an. L&#8217;utilisation m\u00e9dicale inappropri\u00e9e a \u00e9galement entra\u00een\u00e9 des d\u00e9c\u00e8s. En raison de son index th\u00e9rapeutique \u00e9lev\u00e9 (270), le fentanyl est un anesth\u00e9sique chirurgical tr\u00e8s s\u00fbr lorsqu&#8217;il est administr\u00e9 sous \u00e9troite surveillance ; mais, en raison de sa force \u00e9norme, des mesures pr\u00e9cises d&#8217;une solution extr\u00eamement dilu\u00e9e sont n\u00e9cessaires.<\/p>\n<p>une dose efficace et une dose l\u00e9tale de fentanyl en poudre seraient difficiles ou impossibles \u00e0 distinguer \u00e0 l&#8217;\u0153il nu si elles \u00e9taient plac\u00e9es \u00e0 c\u00f4t\u00e9 de L&#8217;une et l&#8217;autre; c&#8217;est pourquoi il n&#8217;est pas pratique de quantifier avec pr\u00e9cision une dose de poudre de fentanyl pur sans \u00e9quipement scientifique moderne.<\/p>\n<p>Commandez des pilules, de la poudre, des patchs et du liquide de fentanyl en ligne d\u00e8s maintenant\u00a0!<\/p>\n<div class=\"product -next-previous\">\n<div class=\"product-prev\"><\/div><\/div>\n","protected":false},"excerpt":{"rendered":"<p>Notre entreprise en ligne vend des comprim\u00e9s de Fentanyl au Royaume-Uni, dans l&#8217;UE et en Europe avec une livraison rapide dans le monde entier\u00a0! Vous trouverez le meilleur Fentanyl pour l&#8217;achat en ligne ici\u00a0!<\/p>\n<p>Achetez des pilules de Fentanyl en ligne au Royaume-Uni, en Europe et dans le reste du monde avec une livraison internationale rapide depuis notre pharmacie en ligne d\u00e8s aujourd&#8217;hui\u00a0! Vous trouverez ici le meilleur Fentanyl \u00e0 acheter en ligne\u00a0! Renseignez-vous pour savoir o\u00f9 acheter des comprim\u00e9s de fentanyl.<\/p>\n<p>Pilules contenant du fentanyl Le patch de fentanyl a \u00e9t\u00e9 propos\u00e9 pour la premi\u00e8re fois \u00e0 des fins palliatives au milieu des ann\u00e9es 1990, et la sucette de fentanyl, les pilules dissolvantes et le spray sublingual ont tous \u00e9t\u00e9 commercialis\u00e9s dans les ann\u00e9es suivantes d\u00e9cennie par absorption \u00e0 travers la peau dans la bouche.<\/p>\n","protected":false},"featured_media":5529,"comment_status":"open","ping_status":"closed","template":"","meta":[],"product_brand":[],"product_cat":[59],"product_tag":[2977,2843,2973,2978,2841,2976,2975,2974,2993,2979,2992,2991,2990,2988,2981,2982,2980,2983,2984,2985,2986,2987,2995,2996,2997,2850,2989,2994],"class_list":{"0":"post-5520","1":"product","2":"type-product","3":"status-publish","4":"has-post-thumbnail","6":"product_cat-produits-chimiques-de-recherche","7":"product_tag-acheter-fentanyl-poudre","8":"product_tag-acheter-fentanyl-poudre-en-ligne","9":"product_tag-acheter-fentanyl-citrate-en-ligne","10":"product_tag-achat-fentanyl-en-ligne","11":"product_tag-acheter-fentanyl-en-ligne","12":"product_tag-acheter-fentanyl-en-ligne-france","13":"product_tag-acheter-fentanyl-sans-prescription","14":"product_tag-acheter-fentanyl-liquide-en-ligne","15":"product_tag-achat-fentanyl-liquide-en-ligne","16":"product_tag-carfentanil--vendre","17":"product_tag-commander-des-patchs-de-fentanyl-en-ligne","18":"product_tag-commander-fentanyl-en-ligne","19":"product_tag-commander-le-fentanyl-liquide-en-ligne","20":"product_tag-comment-acheter-le-fentanyl-liquide-en-ligne","21":"product_tag-fentanyl--vendre","22":"product_tag-fentanyl-en-vente-en-ligne","23":"product_tag-fentanyl-acheter-en-ligne","24":"product_tag-fentanyl-liquide-a-vendre","25":"product_tag-fentanyl-patch-online-pharmacy","26":"product_tag-fentanyl-patches-for-sale","27":"product_tag-fentanyl-pills-for-sale","28":"product_tag-fentanyl-powder-price","29":"product_tag-pur-fentanyl","30":"product_tag-le-meilleur-endroit-pour-acheter-du-fentanyl-liquide-en-ligne","31":"product_tag-o-acheter-le-fentanyl-liquide-en-ligne","32":"product_tag-fentanyl-poudre-a-vendre","33":"product_tag-opiacs-recherche-chimiques--vendre","34":"product_tag-purchase-fentanyl-online","36":"first","37":"instock","38":"shipping-taxable","39":"purchasable","40":"product-type-variable","41":"has-default-attributes"},"yoast_head":"<!-- This site is optimized with the Yoast SEO plugin v27.3 - https:\/\/yoast.com\/product\/yoast-seo-wordpress\/ -->\n<title>Acheter des comprim\u00e9s de fentanyl - Pilules de fentanyl - Best Global Meds<\/title>\n<meta name=\"description\" content=\"Achetez des comprim\u00e9s de Fentanyl \u00e0 vendre au Royaume-Uni, en Europe de l&#039;UE dans notre boutique en ligne avec une livraison rapide dans le monde entier\u00a0! Le meilleur Fentanyl pour commander, vous trouverez ici!\" \/>\n<meta name=\"robots\" content=\"index, follow, max-snippet:-1, max-image-preview:large, max-video-preview:-1\" \/>\n<link rel=\"canonical\" href=\"https:\/\/medicinasinc.com\/fr\/product\/acheter-comprimes-de-fentanyl\/\" \/>\n<meta property=\"og:locale\" content=\"en_US\" \/>\n<meta property=\"og:type\" content=\"article\" \/>\n<meta property=\"og:title\" content=\"Acheter des comprim\u00e9s de fentanyl - Pilules de fentanyl - Best Global Meds\" \/>\n<meta property=\"og:description\" content=\"Achetez des comprim\u00e9s de Fentanyl \u00e0 vendre au Royaume-Uni, en Europe de l&#039;UE dans notre boutique en ligne avec une livraison rapide dans le monde entier\u00a0! Le meilleur Fentanyl pour commander, vous trouverez ici!\" \/>\n<meta property=\"og:url\" content=\"https:\/\/medicinasinc.com\/fr\/product\/acheter-comprimes-de-fentanyl\/\" \/>\n<meta property=\"og:site_name\" content=\"Medicinas Inc\" \/>\n<meta property=\"article:modified_time\" content=\"2022-03-17T11:54:57+00:00\" \/>\n<meta property=\"og:image\" content=\"https:\/\/medicinasinc.com\/fr\/wp-content\/uploads\/sites\/5\/2022\/02\/Buy-Fentanyl-Tablets.jpg\" \/>\n\t<meta property=\"og:image:width\" content=\"600\" \/>\n\t<meta property=\"og:image:height\" content=\"600\" \/>\n\t<meta property=\"og:image:type\" content=\"image\/jpeg\" \/>\n<meta name=\"twitter:card\" content=\"summary_large_image\" \/>\n<meta name=\"twitter:label1\" content=\"Est. reading time\" \/>\n\t<meta name=\"twitter:data1\" content=\"2 minutes\" \/>\n<script type=\"application\/ld+json\" class=\"yoast-schema-graph\">{\"@context\":\"https:\\\/\\\/schema.org\",\"@graph\":[{\"@type\":\"WebPage\",\"@id\":\"https:\\\/\\\/medicinasinc.com\\\/fr\\\/product\\\/acheter-comprimes-de-fentanyl\\\/\",\"url\":\"https:\\\/\\\/medicinasinc.com\\\/fr\\\/product\\\/acheter-comprimes-de-fentanyl\\\/\",\"name\":\"Acheter des comprim\u00e9s de fentanyl - Pilules de fentanyl - Best Global Meds\",\"isPartOf\":{\"@id\":\"https:\\\/\\\/medicinasinc.com\\\/fr\\\/#website\"},\"primaryImageOfPage\":{\"@id\":\"https:\\\/\\\/medicinasinc.com\\\/fr\\\/product\\\/acheter-comprimes-de-fentanyl\\\/#primaryimage\"},\"image\":{\"@id\":\"https:\\\/\\\/medicinasinc.com\\\/fr\\\/product\\\/acheter-comprimes-de-fentanyl\\\/#primaryimage\"},\"thumbnailUrl\":\"https:\\\/\\\/medicinasinc.com\\\/fr\\\/wp-content\\\/uploads\\\/sites\\\/5\\\/2022\\\/02\\\/Buy-Fentanyl-Tablets.jpg\",\"datePublished\":\"2022-02-22T01:02:44+00:00\",\"dateModified\":\"2022-03-17T11:54:57+00:00\",\"description\":\"Achetez des comprim\u00e9s de Fentanyl \u00e0 vendre au Royaume-Uni, en Europe de l'UE dans notre boutique en ligne avec une livraison rapide dans le monde entier\u00a0! Le meilleur Fentanyl pour commander, vous trouverez ici!\",\"breadcrumb\":{\"@id\":\"https:\\\/\\\/medicinasinc.com\\\/fr\\\/product\\\/acheter-comprimes-de-fentanyl\\\/#breadcrumb\"},\"inLanguage\":\"en-US\",\"potentialAction\":[{\"@type\":\"ReadAction\",\"target\":[\"https:\\\/\\\/medicinasinc.com\\\/fr\\\/product\\\/acheter-comprimes-de-fentanyl\\\/\"]}]},{\"@type\":\"ImageObject\",\"inLanguage\":\"en-US\",\"@id\":\"https:\\\/\\\/medicinasinc.com\\\/fr\\\/product\\\/acheter-comprimes-de-fentanyl\\\/#primaryimage\",\"url\":\"https:\\\/\\\/medicinasinc.com\\\/fr\\\/wp-content\\\/uploads\\\/sites\\\/5\\\/2022\\\/02\\\/Buy-Fentanyl-Tablets.jpg\",\"contentUrl\":\"https:\\\/\\\/medicinasinc.com\\\/fr\\\/wp-content\\\/uploads\\\/sites\\\/5\\\/2022\\\/02\\\/Buy-Fentanyl-Tablets.jpg\",\"width\":600,\"height\":600},{\"@type\":\"BreadcrumbList\",\"@id\":\"https:\\\/\\\/medicinasinc.com\\\/fr\\\/product\\\/acheter-comprimes-de-fentanyl\\\/#breadcrumb\",\"itemListElement\":[{\"@type\":\"ListItem\",\"position\":1,\"name\":\"Boutique\",\"item\":\"https:\\\/\\\/medicinasinc.com\\\/fr\\\/boutique\\\/\"},{\"@type\":\"ListItem\",\"position\":2,\"name\":\"Acheter des comprim\u00e9s de fentanyl\"}]},{\"@type\":\"WebSite\",\"@id\":\"https:\\\/\\\/medicinasinc.com\\\/fr\\\/#website\",\"url\":\"https:\\\/\\\/medicinasinc.com\\\/fr\\\/\",\"name\":\"Medicinas Inc\",\"description\":\"Health Medical Clinic\",\"potentialAction\":[{\"@type\":\"SearchAction\",\"target\":{\"@type\":\"EntryPoint\",\"urlTemplate\":\"https:\\\/\\\/medicinasinc.com\\\/fr\\\/?s={search_term_string}\"},\"query-input\":{\"@type\":\"PropertyValueSpecification\",\"valueRequired\":true,\"valueName\":\"search_term_string\"}}],\"inLanguage\":\"en-US\"}]}<\/script>\n<!-- \/ Yoast SEO plugin. -->","yoast_head_json":{"title":"Acheter des comprim\u00e9s de fentanyl - Pilules de fentanyl - Best Global Meds","description":"Achetez des comprim\u00e9s de Fentanyl \u00e0 vendre au Royaume-Uni, en Europe de l'UE dans notre boutique en ligne avec une livraison rapide dans le monde entier\u00a0! Le meilleur Fentanyl pour commander, vous trouverez ici!","robots":{"index":"index","follow":"follow","max-snippet":"max-snippet:-1","max-image-preview":"max-image-preview:large","max-video-preview":"max-video-preview:-1"},"canonical":"https:\/\/medicinasinc.com\/fr\/product\/acheter-comprimes-de-fentanyl\/","og_locale":"en_US","og_type":"article","og_title":"Acheter des comprim\u00e9s de fentanyl - Pilules de fentanyl - Best Global Meds","og_description":"Achetez des comprim\u00e9s de Fentanyl \u00e0 vendre au Royaume-Uni, en Europe de l'UE dans notre boutique en ligne avec une livraison rapide dans le monde entier\u00a0! Le meilleur Fentanyl pour commander, vous trouverez ici!","og_url":"https:\/\/medicinasinc.com\/fr\/product\/acheter-comprimes-de-fentanyl\/","og_site_name":"Medicinas Inc","article_modified_time":"2022-03-17T11:54:57+00:00","og_image":[{"width":600,"height":600,"url":"https:\/\/medicinasinc.com\/fr\/wp-content\/uploads\/sites\/5\/2022\/02\/Buy-Fentanyl-Tablets.jpg","type":"image\/jpeg"}],"twitter_card":"summary_large_image","twitter_misc":{"Est. reading time":"2 minutes"},"schema":{"@context":"https:\/\/schema.org","@graph":[{"@type":"WebPage","@id":"https:\/\/medicinasinc.com\/fr\/product\/acheter-comprimes-de-fentanyl\/","url":"https:\/\/medicinasinc.com\/fr\/product\/acheter-comprimes-de-fentanyl\/","name":"Acheter des comprim\u00e9s de fentanyl - Pilules de fentanyl - Best Global Meds","isPartOf":{"@id":"https:\/\/medicinasinc.com\/fr\/#website"},"primaryImageOfPage":{"@id":"https:\/\/medicinasinc.com\/fr\/product\/acheter-comprimes-de-fentanyl\/#primaryimage"},"image":{"@id":"https:\/\/medicinasinc.com\/fr\/product\/acheter-comprimes-de-fentanyl\/#primaryimage"},"thumbnailUrl":"https:\/\/medicinasinc.com\/fr\/wp-content\/uploads\/sites\/5\/2022\/02\/Buy-Fentanyl-Tablets.jpg","datePublished":"2022-02-22T01:02:44+00:00","dateModified":"2022-03-17T11:54:57+00:00","description":"Achetez des comprim\u00e9s de Fentanyl \u00e0 vendre au Royaume-Uni, en Europe de l'UE dans notre boutique en ligne avec une livraison rapide dans le monde entier\u00a0! Le meilleur Fentanyl pour commander, vous trouverez ici!","breadcrumb":{"@id":"https:\/\/medicinasinc.com\/fr\/product\/acheter-comprimes-de-fentanyl\/#breadcrumb"},"inLanguage":"en-US","potentialAction":[{"@type":"ReadAction","target":["https:\/\/medicinasinc.com\/fr\/product\/acheter-comprimes-de-fentanyl\/"]}]},{"@type":"ImageObject","inLanguage":"en-US","@id":"https:\/\/medicinasinc.com\/fr\/product\/acheter-comprimes-de-fentanyl\/#primaryimage","url":"https:\/\/medicinasinc.com\/fr\/wp-content\/uploads\/sites\/5\/2022\/02\/Buy-Fentanyl-Tablets.jpg","contentUrl":"https:\/\/medicinasinc.com\/fr\/wp-content\/uploads\/sites\/5\/2022\/02\/Buy-Fentanyl-Tablets.jpg","width":600,"height":600},{"@type":"BreadcrumbList","@id":"https:\/\/medicinasinc.com\/fr\/product\/acheter-comprimes-de-fentanyl\/#breadcrumb","itemListElement":[{"@type":"ListItem","position":1,"name":"Boutique","item":"https:\/\/medicinasinc.com\/fr\/boutique\/"},{"@type":"ListItem","position":2,"name":"Acheter des comprim\u00e9s de fentanyl"}]},{"@type":"WebSite","@id":"https:\/\/medicinasinc.com\/fr\/#website","url":"https:\/\/medicinasinc.com\/fr\/","name":"Medicinas Inc","description":"Health Medical Clinic","potentialAction":[{"@type":"SearchAction","target":{"@type":"EntryPoint","urlTemplate":"https:\/\/medicinasinc.com\/fr\/?s={search_term_string}"},"query-input":{"@type":"PropertyValueSpecification","valueRequired":true,"valueName":"search_term_string"}}],"inLanguage":"en-US"}]}},"_links":{"self":[{"href":"https:\/\/medicinasinc.com\/fr\/wp-json\/wp\/v2\/product\/5520","targetHints":{"allow":["GET"]}}],"collection":[{"href":"https:\/\/medicinasinc.com\/fr\/wp-json\/wp\/v2\/product"}],"about":[{"href":"https:\/\/medicinasinc.com\/fr\/wp-json\/wp\/v2\/types\/product"}],"replies":[{"embeddable":true,"href":"https:\/\/medicinasinc.com\/fr\/wp-json\/wp\/v2\/comments?post=5520"}],"wp:featuredmedia":[{"embeddable":true,"href":"https:\/\/medicinasinc.com\/fr\/wp-json\/wp\/v2\/media\/5529"}],"wp:attachment":[{"href":"https:\/\/medicinasinc.com\/fr\/wp-json\/wp\/v2\/media?parent=5520"}],"wp:term":[{"taxonomy":"product_brand","embeddable":true,"href":"https:\/\/medicinasinc.com\/fr\/wp-json\/wp\/v2\/product_brand?post=5520"},{"taxonomy":"product_cat","embeddable":true,"href":"https:\/\/medicinasinc.com\/fr\/wp-json\/wp\/v2\/product_cat?post=5520"},{"taxonomy":"product_tag","embeddable":true,"href":"https:\/\/medicinasinc.com\/fr\/wp-json\/wp\/v2\/product_tag?post=5520"}],"curies":[{"name":"wp","href":"https:\/\/api.w.org\/{rel}","templated":true}]}}