{"id":5497,"date":"2022-02-22T00:36:43","date_gmt":"2022-02-22T00:36:43","guid":{"rendered":"https:\/\/medicinasinc.com\/fr\/?post_type=product&#038;p=5497"},"modified":"2022-08-05T10:24:31","modified_gmt":"2022-08-05T10:24:31","slug":"acheter-etizolam-poudre","status":"publish","type":"product","link":"https:\/\/medicinasinc.com\/fr\/product\/acheter-etizolam-poudre\/","title":{"rendered":"Acheter de la poudre d&#8217;\u00e9tizolam"},"content":{"rendered":"<p>Chimie de l&#8217;\u00e9tizolam<\/p>\n<p>Le nom chimique de l&#8217;\u00e9tizolam est &#8220;4-(2-chloroph\u00e9nyl)-2-\u00e9thyl-9-m\u00e9thyl-6H-thi\u00e9no[3,2-f][1,2,4] triazolo[4,3-a][1,4]diaz\u00e9pine.&#8221; Le poids mol\u00e9culaire de ce m\u00e9dicament a \u00e9t\u00e9 d\u00e9termin\u00e9 \u00e0 342,07 g \/ mol et sa puret\u00e9 a \u00e9t\u00e9 estim\u00e9e \u00e0 99,5% ou plus dans ses formes les plus fines. La mol\u00e9cule de ce m\u00e9dicament s&#8217;est av\u00e9r\u00e9e stable pendant au moins deux ou trois ans \u00e0 temp\u00e9rature ambiante ou entre 20oC et 25oC, qui est la temp\u00e9rature de stockage recommand\u00e9e. Malgr\u00e9 son statut de produit chimique de recherche, les m\u00e9decins ont prescrit l&#8217;\u00e9tizolam pour traiter les patients anxieux.<\/p>\n<p>Origines et d\u00e9veloppement de l&#8217;\u00e9tizolam<\/p>\n<p>Un produit chimique de recherche gris, l&#8217;\u00e9tizolam a fait ses d\u00e9buts en 2011 en tant que sur- s\u00e9datif en vente libre. En raison de son faible co\u00fbt, de sa large s\u00e9lection de produits et de ses nombreuses applications, il est devenu par la suite un choix populaire pour de nombreuses personnes. On ne sait pas d&#8217;o\u00f9 vient la formule, mais elle a \u00e9t\u00e9 li\u00e9e \u00e0 la recherche des ann\u00e9es 1990.<\/p>\n<p>Pour traiter ce qui vous fait mal, l&#8217;\u00e9tizolam peut \u00eatre prescrit.<\/p>\n<p>Antid\u00e9presseur , des effets relaxants musculaires et anti-anxi\u00e9t\u00e9 sont connus pour se produire lorsque l&#8217;\u00e9tizolam est administr\u00e9, et il a \u00e9t\u00e9 prescrit \u00e0 des fins m\u00e9dicales dans de tels cas. Bien que cet effet ne se manifeste pas chez tous les utilisateurs, le m\u00e9dicament a le potentiel d&#8217;augmenter la faim. Le soulagement du stress et la r\u00e9organisation de la m\u00e9moire sont deux autres utilisations bien document\u00e9es de ce m\u00e9dicament. Pour des raisons r\u00e9cr\u00e9atives, la drogue est connue pour provoquer des effets tels que le gonflement de l&#8217;ego, la r\u00e9pression \u00e9motionnelle et un sentiment accru de sobri\u00e9t\u00e9, entre autres. Les gens l&#8217;ont \u00e9galement utilis\u00e9 \u00e0 des fins r\u00e9cr\u00e9atives.<\/p>\n<p>Ce que l&#8217;\u00e9tizolam fait \u00e0 votre corps<\/p>\n<p>Une grande vari\u00e9t\u00e9 de personnes, des scientifiques au grand public, ont utilis\u00e9 le m\u00e9dicament. Lorsqu&#8217;il est utilis\u00e9, le m\u00e9dicament a une vari\u00e9t\u00e9 d&#8217;effets sur le corps, l&#8217;esprit et la perception de soi-m\u00eame. Le m\u00e9dicament vous fait vous sentir faible et incapable de r\u00e9guler votre corps. Il y a une augmentation de la capacit\u00e9 de la personne \u00e0 respirer librement, ainsi qu&#8217;un bonheur physique. La somnolence et la privation de sommeil peuvent \u00e9galement survenir en tant qu&#8217;effet secondaire du m\u00e9dicament. De plus, la substance a des impacts cognitifs puisqu&#8217;elle affecte la capacit\u00e9 du corps \u00e0 effectuer des op\u00e9rations r\u00e9guli\u00e8res en interf\u00e9rant avec le fonctionnement du nerf moteur. La r\u00e9gion hippocampique du cerveau peut \u00eatre affect\u00e9e, ce qui peut entra\u00eener une perte de m\u00e9moire \u00e0 court terme.<\/p>\n<p>Le m\u00e9dicament r\u00e9duit \u00e9galement la motivation et les niveaux d&#8217;\u00e9nergie, et il a \u00e9galement un effet sur la capacit\u00e9 du cerveau \u00e0 comprendre les pens\u00e9es .<\/p>\n<p>La toxicit\u00e9 peut \u00e9galement \u00eatre caus\u00e9e par la pr\u00e9sence de contaminants dans le m\u00e9dicament.<\/p>\n<p>\u00c9tizolam\u00a0: Posologie recommand\u00e9e et effets ind\u00e9sirables dans la pratique clinique<\/p>\n<p>De 0,2\u00a0mg \u00e0 5mg, les options de dose du m\u00e9dicament sont tr\u00e8s vari\u00e9es. Les doses l\u00e9g\u00e8res du m\u00e9dicament se situent entre 0,2 mg et 1 mg, tandis que la quantit\u00e9 la plus couramment prescrite se situe entre 1 et 2 mg. Une dose \u00e9lev\u00e9e est une dose sup\u00e9rieure ou \u00e9gale \u00e0 5 milligrammes.<\/p>\n<p>En cons\u00e9quence, de nombreuses personnes finissent par prendre une dose plus \u00e9lev\u00e9e afin de ressentir tout le spectre des effets favorables pour lesquels le m\u00e9dicament a \u00e9t\u00e9 r\u00e9pertori\u00e9. . Une dose plus \u00e9lev\u00e9e peut avoir une gamme d&#8217;effets plus large, mais elle a \u00e9galement des effets secondaires plus dangereux, tels que des dommages importants ou la mort dans les circonstances les plus extr\u00eames.<\/p>\n<p>Il est l\u00e9gal de prendre de l&#8217;\u00e9tizolam<\/p>\n<p>Malgr\u00e9 sa classification en tant que substance contr\u00f4l\u00e9e et class\u00e9e I, la fabrication, la fourniture et la possession du m\u00e9dicament ne sont pas interdites dans la majorit\u00e9 des pays.<\/p>\n<p>Savez-vous o\u00f9 vous procurer la poudre d&#8217;\u00e9tizolam\u00a0?<\/p>\n<p>Pour les laboratoires, les pharmacies, les instituts de recherche et les particuliers, notre magasin de m\u00e9dicaments en ligne propose des FUB &#8211; AKB48 de haute qualit\u00e9 \u00e0 un prix \u00e9quitable.<\/p>\n","protected":false},"excerpt":{"rendered":"<div class=\"woocommerce-product-details__short-description\">\n<p>Achetez de la poudre d&#8217;\u00e9tizolam \u00e0 vendre au Royaume-Uni, dans l&#8217;UE et en Europe au prix le plus bas. La poudre d&#8217;\u00e9tizolam est utilis\u00e9e comme m\u00e9dicament pour traiter l&#8217;anxi\u00e9t\u00e9, l&#8217;insomnie et les attaques de panique.<\/p>\n<p>La poudre d&#8217;\u00e9tizolam peut \u00eatre achet\u00e9e en ligne. O\u00f9 acheter de la poudre d&#8217;\u00e9tizolam en ligne\u00a0?<\/p>\n<p>La poudre d&#8217;\u00e9tizolam de la plus haute qualit\u00e9 est disponible sur medicinasinc.com, la pharmacie Internet la plus fiable.<\/p>\n<p>En plus d&#8217;\u00e9tizolam, d&#8217;autres noms de marque pour cela comprennent Etilaam et Etizest. L&#8217;\u00e9tizolam est un analogue synth\u00e9tique de conception de la thi\u00e9nodiaz\u00e9pine qui poss\u00e8de des propri\u00e9t\u00e9s d\u00e9pressives comparables aux benzodiaz\u00e9pines en termes de r\u00e9duction de l&#8217;anxi\u00e9t\u00e9, du stress et de promotion de la relaxation musculaire. En plus des comprim\u00e9s, de la poudre et de la solution, c&#8217;est un produit chimique de recherche populaire.<\/p>\n<\/div>\n","protected":false},"featured_media":5509,"comment_status":"open","ping_status":"closed","template":"","meta":[],"product_brand":[],"product_cat":[59],"product_tag":[2898,2966,2899,2903,2904,2906,2907,2908,2905,2909,2913,2901,2902,2900,2914,2910,2911,2912,2925,2957,2915,2916,2918,2919,2923,2930,2921,2922,2927,2928,2933,2934,2935,2938,2940,2941,2942,2947,2948,2949,2950,2954,2955,2956,2943,2959,2958,2972,2970,2969,2971,2917,2926,2936,2931,2932,2920,2952,2944,2929,2946,2961,2939,2945,2960,2953,2964,2937,2965,2968,2963,2951,2962,2924],"class_list":{"0":"post-5497","1":"product","2":"type-product","3":"status-publish","4":"has-post-thumbnail","6":"product_cat-produits-chimiques-de-recherche","7":"product_tag-etizolam-poudre-1g","8":"product_tag--quoi-ressemble-ltizolam","9":"product_tag-acheter-anacetam-poudre","10":"product_tag-acheter-etizolam-poudre","11":"product_tag-acheter-etizolam-poudre-au-gramme-usa","12":"product_tag-acheter-etizolam-poudre-france","13":"product_tag-acheter-etizolam-poudre-usa","14":"product_tag-acheter-etizolam-poudre-usa-avec-carte-de-credit","15":"product_tag-acheter-etizolam-poudre-en-ligne","16":"product_tag-acheter-etizolam-poudres","17":"product_tag-acheter-etizolam-avec-paypal","18":"product_tag-acheter-etizolam-en-ligne-etats-unis","19":"product_tag-acheter-etizolam-en-ligne-usa","20":"product_tag-acheter-etizolam-japon","21":"product_tag-acheter-liquide-etizolam-usa","22":"product_tag-acheter-etizolam-power","23":"product_tag-acheter-etizolam-usa-domestique","24":"product_tag-acheter-etizolam-usa-livraison-le-lendemain","25":"product_tag-etizolam-poudre-carte-de-credit","26":"product_tag-comment-ingrer-etizolam-poudre","27":"product_tag-etizolam-1","28":"product_tag-etizolam-30ml","29":"product_tag-etizolam--vendre-usa","30":"product_tag-tizolam-liquide","31":"product_tag-etizolam-poudre-chine","32":"product_tag-etizolam-poudre-europe","33":"product_tag-etizolam-powder-buy","34":"product_tag-etizolam-powder-canada","35":"product_tag-etizolam-powder-dose","36":"product_tag-etizolam-powder-dosing","37":"product_tag-etizolam-powder-for-sale-reviews","38":"product_tag-etizolam-powder-high","39":"product_tag-etizolam-powder-measurement","40":"product_tag-etizolam-powder-prices","41":"product_tag-etizolam-powder-review","42":"product_tag-etizolam-powder-site","43":"product_tag-etizolam-powder-solubility","44":"product_tag-etizolam-powder-usa","45":"product_tag-etizolam-powder-usa-supplier","46":"product_tag-etizolam-powder-usa-vendor","47":"product_tag-etizolam-powder-uses","48":"product_tag-etizolam-solution-buy","49":"product_tag-etizolam-tablets","50":"product_tag-etizolam-xanax-powder","51":"product_tag-tizolam-poudre-got","52":"product_tag-is-etizolam-safe","53":"product_tag-est-etizolam-addictif-et-pourquoi-est-abus-etizolam","54":"product_tag-volont-tizolam-poudre-dissoudre-dans-lhuile-dolive","55":"product_tag-o-acheter-etizolam-en-ligne","56":"product_tag-o-acheter-etizolam","57":"product_tag-o-acheter-etizolam-poudre","58":"product_tag-tizolam-dosage","59":"product_tag-etizolam-poudre-dosage","60":"product_tag-etizolam-poudre-en-ligne","61":"product_tag-etizolam-poudre-a-vendre","62":"product_tag-etizolam-poudre--vendre-chine","63":"product_tag-etizolam-poudre-australie","64":"product_tag-etizolam-poudre-vente-en-gros","65":"product_tag-tizolam-poudre-en-solution","66":"product_tag-etizolam-poudre-eu","67":"product_tag-etizolam-poudre-nous","68":"product_tag-poudre-dtizolam-pure","69":"product_tag-etizolam-poudre-reddit","70":"product_tag-etizolam-poudre-fr","71":"product_tag-poudre-en-solution","72":"product_tag-poudres-dtizolam","73":"product_tag-pourquoi-les-gens-utilisent-habituellement-etizolam","74":"product_tag-etizolam-poudre-prix","75":"product_tag-quel-got-a-la-poudre-d-etizolam","76":"product_tag-quelle-est-l-importance-de-l-etizolam-liquide","77":"product_tag-quels-sont-les-solvants-utilises-pour-convertir-etizolam","78":"product_tag-etizolam-poudre-vendeur","79":"product_tag-reddit-etizolam-vendeurs","80":"product_tag-etizolam-poudre-ville","82":"first","83":"instock","84":"shipping-taxable","85":"purchasable","86":"product-type-variable","87":"has-default-attributes"},"yoast_head":"<!-- This site is optimized with the Yoast SEO plugin v27.3 - https:\/\/yoast.com\/product\/yoast-seo-wordpress\/ -->\n<title>Acheter de la poudre d&#039;\u00e9tizolam - Poudre d&#039;\u00e9tizolam Europe - Best Global Meds<\/title>\n<meta name=\"description\" content=\"Acheter de la poudre d&#039;\u00e9tizolam \u00e0 vendre au Royaume-Uni, dans l&#039;UE et en Europe\u00a0disponible au prix le plus bas. La poudre d&#039;\u00e9tizolam est utilis\u00e9e comme m\u00e9dicament pour traiter l&#039;anxi\u00e9t\u00e9, l&#039;insomnie et les crises de panique.\" \/>\n<meta name=\"robots\" content=\"index, follow, max-snippet:-1, max-image-preview:large, max-video-preview:-1\" \/>\n<link rel=\"canonical\" href=\"https:\/\/medicinasinc.com\/fr\/product\/acheter-etizolam-poudre\/\" \/>\n<meta property=\"og:locale\" content=\"en_US\" \/>\n<meta property=\"og:type\" content=\"article\" \/>\n<meta property=\"og:title\" content=\"Acheter de la poudre d&#039;\u00e9tizolam - Poudre d&#039;\u00e9tizolam Europe - Best Global Meds\" \/>\n<meta property=\"og:description\" content=\"Acheter de la poudre d&#039;\u00e9tizolam \u00e0 vendre au Royaume-Uni, dans l&#039;UE et en Europe\u00a0disponible au prix le plus bas. La poudre d&#039;\u00e9tizolam est utilis\u00e9e comme m\u00e9dicament pour traiter l&#039;anxi\u00e9t\u00e9, l&#039;insomnie et les crises de panique.\" \/>\n<meta property=\"og:url\" content=\"https:\/\/medicinasinc.com\/fr\/product\/acheter-etizolam-poudre\/\" \/>\n<meta property=\"og:site_name\" content=\"Medicinas Inc\" \/>\n<meta property=\"article:modified_time\" content=\"2022-08-05T10:24:31+00:00\" \/>\n<meta property=\"og:image\" content=\"https:\/\/medicinasinc.com\/fr\/wp-content\/uploads\/sites\/5\/2022\/02\/Buy_Etizolam_powder.jpg\" \/>\n\t<meta property=\"og:image:width\" content=\"500\" \/>\n\t<meta property=\"og:image:height\" content=\"500\" \/>\n\t<meta property=\"og:image:type\" content=\"image\/jpeg\" \/>\n<meta name=\"twitter:card\" content=\"summary_large_image\" \/>\n<meta name=\"twitter:label1\" content=\"Est. reading time\" \/>\n\t<meta name=\"twitter:data1\" content=\"3 minutes\" \/>\n<script type=\"application\/ld+json\" class=\"yoast-schema-graph\">{\"@context\":\"https:\\\/\\\/schema.org\",\"@graph\":[{\"@type\":\"WebPage\",\"@id\":\"https:\\\/\\\/medicinasinc.com\\\/fr\\\/product\\\/acheter-etizolam-poudre\\\/\",\"url\":\"https:\\\/\\\/medicinasinc.com\\\/fr\\\/product\\\/acheter-etizolam-poudre\\\/\",\"name\":\"Acheter de la poudre d'\u00e9tizolam - Poudre d'\u00e9tizolam Europe - Best Global Meds\",\"isPartOf\":{\"@id\":\"https:\\\/\\\/medicinasinc.com\\\/fr\\\/#website\"},\"primaryImageOfPage\":{\"@id\":\"https:\\\/\\\/medicinasinc.com\\\/fr\\\/product\\\/acheter-etizolam-poudre\\\/#primaryimage\"},\"image\":{\"@id\":\"https:\\\/\\\/medicinasinc.com\\\/fr\\\/product\\\/acheter-etizolam-poudre\\\/#primaryimage\"},\"thumbnailUrl\":\"https:\\\/\\\/medicinasinc.com\\\/fr\\\/wp-content\\\/uploads\\\/sites\\\/5\\\/2022\\\/02\\\/Buy_Etizolam_powder.jpg\",\"datePublished\":\"2022-02-22T00:36:43+00:00\",\"dateModified\":\"2022-08-05T10:24:31+00:00\",\"description\":\"Acheter de la poudre d'\u00e9tizolam \u00e0 vendre au Royaume-Uni, dans l'UE et en Europe\u00a0disponible au prix le plus bas. La poudre d'\u00e9tizolam est utilis\u00e9e comme m\u00e9dicament pour traiter l'anxi\u00e9t\u00e9, l'insomnie et les crises de panique.\",\"breadcrumb\":{\"@id\":\"https:\\\/\\\/medicinasinc.com\\\/fr\\\/product\\\/acheter-etizolam-poudre\\\/#breadcrumb\"},\"inLanguage\":\"en-US\",\"potentialAction\":[{\"@type\":\"ReadAction\",\"target\":[\"https:\\\/\\\/medicinasinc.com\\\/fr\\\/product\\\/acheter-etizolam-poudre\\\/\"]}]},{\"@type\":\"ImageObject\",\"inLanguage\":\"en-US\",\"@id\":\"https:\\\/\\\/medicinasinc.com\\\/fr\\\/product\\\/acheter-etizolam-poudre\\\/#primaryimage\",\"url\":\"https:\\\/\\\/medicinasinc.com\\\/fr\\\/wp-content\\\/uploads\\\/sites\\\/5\\\/2022\\\/02\\\/Buy_Etizolam_powder.jpg\",\"contentUrl\":\"https:\\\/\\\/medicinasinc.com\\\/fr\\\/wp-content\\\/uploads\\\/sites\\\/5\\\/2022\\\/02\\\/Buy_Etizolam_powder.jpg\",\"width\":500,\"height\":500},{\"@type\":\"BreadcrumbList\",\"@id\":\"https:\\\/\\\/medicinasinc.com\\\/fr\\\/product\\\/acheter-etizolam-poudre\\\/#breadcrumb\",\"itemListElement\":[{\"@type\":\"ListItem\",\"position\":1,\"name\":\"Boutique\",\"item\":\"https:\\\/\\\/medicinasinc.com\\\/fr\\\/boutique\\\/\"},{\"@type\":\"ListItem\",\"position\":2,\"name\":\"Acheter de la poudre d&#8217;\u00e9tizolam\"}]},{\"@type\":\"WebSite\",\"@id\":\"https:\\\/\\\/medicinasinc.com\\\/fr\\\/#website\",\"url\":\"https:\\\/\\\/medicinasinc.com\\\/fr\\\/\",\"name\":\"Medicinas Inc\",\"description\":\"Health Medical Clinic\",\"potentialAction\":[{\"@type\":\"SearchAction\",\"target\":{\"@type\":\"EntryPoint\",\"urlTemplate\":\"https:\\\/\\\/medicinasinc.com\\\/fr\\\/?s={search_term_string}\"},\"query-input\":{\"@type\":\"PropertyValueSpecification\",\"valueRequired\":true,\"valueName\":\"search_term_string\"}}],\"inLanguage\":\"en-US\"}]}<\/script>\n<!-- \/ Yoast SEO plugin. -->","yoast_head_json":{"title":"Acheter de la poudre d'\u00e9tizolam - Poudre d'\u00e9tizolam Europe - Best Global Meds","description":"Acheter de la poudre d'\u00e9tizolam \u00e0 vendre au Royaume-Uni, dans l'UE et en Europe\u00a0disponible au prix le plus bas. La poudre d'\u00e9tizolam est utilis\u00e9e comme m\u00e9dicament pour traiter l'anxi\u00e9t\u00e9, l'insomnie et les crises de panique.","robots":{"index":"index","follow":"follow","max-snippet":"max-snippet:-1","max-image-preview":"max-image-preview:large","max-video-preview":"max-video-preview:-1"},"canonical":"https:\/\/medicinasinc.com\/fr\/product\/acheter-etizolam-poudre\/","og_locale":"en_US","og_type":"article","og_title":"Acheter de la poudre d'\u00e9tizolam - Poudre d'\u00e9tizolam Europe - Best Global Meds","og_description":"Acheter de la poudre d'\u00e9tizolam \u00e0 vendre au Royaume-Uni, dans l'UE et en Europe\u00a0disponible au prix le plus bas. La poudre d'\u00e9tizolam est utilis\u00e9e comme m\u00e9dicament pour traiter l'anxi\u00e9t\u00e9, l'insomnie et les crises de panique.","og_url":"https:\/\/medicinasinc.com\/fr\/product\/acheter-etizolam-poudre\/","og_site_name":"Medicinas Inc","article_modified_time":"2022-08-05T10:24:31+00:00","og_image":[{"width":500,"height":500,"url":"https:\/\/medicinasinc.com\/fr\/wp-content\/uploads\/sites\/5\/2022\/02\/Buy_Etizolam_powder.jpg","type":"image\/jpeg"}],"twitter_card":"summary_large_image","twitter_misc":{"Est. reading time":"3 minutes"},"schema":{"@context":"https:\/\/schema.org","@graph":[{"@type":"WebPage","@id":"https:\/\/medicinasinc.com\/fr\/product\/acheter-etizolam-poudre\/","url":"https:\/\/medicinasinc.com\/fr\/product\/acheter-etizolam-poudre\/","name":"Acheter de la poudre d'\u00e9tizolam - Poudre d'\u00e9tizolam Europe - Best Global Meds","isPartOf":{"@id":"https:\/\/medicinasinc.com\/fr\/#website"},"primaryImageOfPage":{"@id":"https:\/\/medicinasinc.com\/fr\/product\/acheter-etizolam-poudre\/#primaryimage"},"image":{"@id":"https:\/\/medicinasinc.com\/fr\/product\/acheter-etizolam-poudre\/#primaryimage"},"thumbnailUrl":"https:\/\/medicinasinc.com\/fr\/wp-content\/uploads\/sites\/5\/2022\/02\/Buy_Etizolam_powder.jpg","datePublished":"2022-02-22T00:36:43+00:00","dateModified":"2022-08-05T10:24:31+00:00","description":"Acheter de la poudre d'\u00e9tizolam \u00e0 vendre au Royaume-Uni, dans l'UE et en Europe\u00a0disponible au prix le plus bas. La poudre d'\u00e9tizolam est utilis\u00e9e comme m\u00e9dicament pour traiter l'anxi\u00e9t\u00e9, l'insomnie et les crises de panique.","breadcrumb":{"@id":"https:\/\/medicinasinc.com\/fr\/product\/acheter-etizolam-poudre\/#breadcrumb"},"inLanguage":"en-US","potentialAction":[{"@type":"ReadAction","target":["https:\/\/medicinasinc.com\/fr\/product\/acheter-etizolam-poudre\/"]}]},{"@type":"ImageObject","inLanguage":"en-US","@id":"https:\/\/medicinasinc.com\/fr\/product\/acheter-etizolam-poudre\/#primaryimage","url":"https:\/\/medicinasinc.com\/fr\/wp-content\/uploads\/sites\/5\/2022\/02\/Buy_Etizolam_powder.jpg","contentUrl":"https:\/\/medicinasinc.com\/fr\/wp-content\/uploads\/sites\/5\/2022\/02\/Buy_Etizolam_powder.jpg","width":500,"height":500},{"@type":"BreadcrumbList","@id":"https:\/\/medicinasinc.com\/fr\/product\/acheter-etizolam-poudre\/#breadcrumb","itemListElement":[{"@type":"ListItem","position":1,"name":"Boutique","item":"https:\/\/medicinasinc.com\/fr\/boutique\/"},{"@type":"ListItem","position":2,"name":"Acheter de la poudre d&#8217;\u00e9tizolam"}]},{"@type":"WebSite","@id":"https:\/\/medicinasinc.com\/fr\/#website","url":"https:\/\/medicinasinc.com\/fr\/","name":"Medicinas Inc","description":"Health Medical Clinic","potentialAction":[{"@type":"SearchAction","target":{"@type":"EntryPoint","urlTemplate":"https:\/\/medicinasinc.com\/fr\/?s={search_term_string}"},"query-input":{"@type":"PropertyValueSpecification","valueRequired":true,"valueName":"search_term_string"}}],"inLanguage":"en-US"}]}},"_links":{"self":[{"href":"https:\/\/medicinasinc.com\/fr\/wp-json\/wp\/v2\/product\/5497","targetHints":{"allow":["GET"]}}],"collection":[{"href":"https:\/\/medicinasinc.com\/fr\/wp-json\/wp\/v2\/product"}],"about":[{"href":"https:\/\/medicinasinc.com\/fr\/wp-json\/wp\/v2\/types\/product"}],"replies":[{"embeddable":true,"href":"https:\/\/medicinasinc.com\/fr\/wp-json\/wp\/v2\/comments?post=5497"}],"wp:featuredmedia":[{"embeddable":true,"href":"https:\/\/medicinasinc.com\/fr\/wp-json\/wp\/v2\/media\/5509"}],"wp:attachment":[{"href":"https:\/\/medicinasinc.com\/fr\/wp-json\/wp\/v2\/media?parent=5497"}],"wp:term":[{"taxonomy":"product_brand","embeddable":true,"href":"https:\/\/medicinasinc.com\/fr\/wp-json\/wp\/v2\/product_brand?post=5497"},{"taxonomy":"product_cat","embeddable":true,"href":"https:\/\/medicinasinc.com\/fr\/wp-json\/wp\/v2\/product_cat?post=5497"},{"taxonomy":"product_tag","embeddable":true,"href":"https:\/\/medicinasinc.com\/fr\/wp-json\/wp\/v2\/product_tag?post=5497"}],"curies":[{"name":"wp","href":"https:\/\/api.w.org\/{rel}","templated":true}]}}