{"id":5496,"date":"2022-02-22T00:34:51","date_gmt":"2022-02-22T00:34:51","guid":{"rendered":"https:\/\/medicinasinc.com\/fr\/?post_type=product&#038;p=5496"},"modified":"2022-03-17T11:55:34","modified_gmt":"2022-03-17T11:55:34","slug":"acheter-fentanyl-citrate-injection","status":"publish","type":"product","link":"https:\/\/medicinasinc.com\/fr\/product\/acheter-fentanyl-citrate-injection\/","title":{"rendered":"Acheter une injection de citrate de fentanyl"},"content":{"rendered":"<p>Il contient un citrate de fentanyl \u00e9quivalent \u00e0 une dose de 50 microgrammes par millilitre.<\/p>\n<p>Le citrate de fentanyl, 100 microgrammes par ampoule de 2 ml, est le principe actif de chaque ampoule.<\/p>\n<p> Environ 500 microgrammes de citrate de fentanyl sont contenus dans chaque ampoule de 10 ml.<\/p>\n<p>Le citrate de fentanyl, 2500 microgrammes par flacon, est contenu dans chaque flacon.<\/p>\n<p>&nbsp;<\/p>\n<p> Ce m\u00e9dicament contient les \u00e9l\u00e9ments suivants\u00a0:<\/p>\n<p>\u2022 Chaque ampoule de 2\u00a0ml contient 7,1\u00a0mg (ou 0,31 mmol) de sodium, ce qui la rend essentiellement &#8220;sans sodium&#8221;.<\/p>\n<p>Chaque ampoule de 10\u00a0ml contient 35,4 mg (ou 1,54 mmol) de sodium, ce qui \u00e9quivaut \u00e0 2\u00a0% de l&#8217;apport quotidien maximal recommand\u00e9 par l&#8217;OMS pour un adulte de 2\u00a0g de sodium.<\/p>\n<p>9\u00a0% de la consommation quotidienne maximale recommand\u00e9e par l&#8217;Organisation mondiale de la sant\u00e9 de 2 grammes de sodium pour un adulte se trouve dans un flacon de 50 ml contenant 177 mg de sodium.<\/p>\n<p>Le fentanyl analg\u00e9sique opio\u00efde est utilis\u00e9 :<\/p>\n<p>&#8211; \u00e0 doses modestes pour des interventions chirurgicales courtes afin de fournir des analg\u00e9siques<\/p>\n<p>au cours de la vie -traitement salvateur pour les patients d\u00e9pendants des ventilateurs<\/p>\n<p>utilisant des neuroleptiques dans le cadre de l&#8217;approche neuroleptanalg\u00e9sie<\/p>\n<p>les sympt\u00f4mes douloureux de l&#8217;infarctus du myocarde peuvent \u00eatre soulag\u00e9s gr\u00e2ce \u00e0 l&#8217;utilisation d&#8217;opio\u00efdes<\/p>\n<p>Discuter avec les patients de la n\u00e9cessit\u00e9 d&#8217;une strat\u00e9gie de fin de traitement avec le fentanyl avant de commencer un traitement aux opio\u00efdes, afin de minimiser le risque d&#8217;addiction et de syndrome de sevrage m\u00e9dicamenteux (voir rubrique 4.4).<\/p>\n<p>Bolus intraveineux ou perfusion administration.<\/p>\n<p>Injection sous-cutan\u00e9e.<\/p>\n<p>Tant que les voies respiratoires du patient peuvent \u00eatre r\u00e9gul\u00e9es, le fentanyl doit \u00eatre administr\u00e9 uniquement dans un environnement contr\u00f4l\u00e9 (voir rubrique 4.4 Mises en garde sp\u00e9ciales et pr\u00e9cautions d&#8217;emploi). <\/p>\n<p>Il est sugg\u00e9r\u00e9 d&#8217;administrer une courte dose intraveineuse d&#8217;un anticholinergique juste avant l&#8217;induction de l&#8217;anesth\u00e9sie afin d&#8217;\u00e9viter la bradycardie.<\/p>\n<p>Il est sugg\u00e9r\u00e9 de porter des gants lors de l&#8217;ouverture de l&#8217;ampoule.<\/p>\n","protected":false},"excerpt":{"rendered":"<p>Achetez l&#8217;injection de citrate de fentanyl 50 microgrammes\/ml en vente aupr\u00e8s des meilleurs laboratoires de recherche au Royaume-Uni, en Europe, en Chine et dans l&#8217;UE. Exp\u00e9dition discr\u00e8te sur toute commande %100 garantie, Commandez Fentanyl 50 ml<\/p>\n<p>Achetez 50 microgrammes\/ml de citrate de fentanyl injectable aupr\u00e8s des principaux laboratoires de recherche au Royaume-Uni, en Europe, en Chine et dans l&#8217;UE. Commandez du Fentanyl 50 mg en toute confiance en sachant que votre colis arrivera discr\u00e8tement.<\/p>\n<p>Injection de Fentanyl 50 microgrammes\/ml.<br \/> Injection de Fentanyl, 100 microgrammes dans 2 millilitres de liquide<br \/> Injection de Fentanyl 250 microgrammes\/ml.<br \/> Injection de Fentanyl 500 microgrammes\/10 ml<br \/> Injection de Fentanyl 1000 microgrammes\/20 ml<br \/> Injection de Fentanyl 2500 microgrammes\/50 ml<\/p>\n<p>Il contient un citrate de fentanyl \u00e9quivalent \u00e0 une dose de 50 microgrammes par millilitre.<\/p>\n<p>Le citrate de fentanyl, 100 microgrammes par ampoule de 2 ml, est le principe actif de chaque ampoule.<\/p>\n<p>Environ 500 microgrammes de citrate de fentanyl sont contenus dans chaque ampoule de 10 ml.<\/p>\n<p>Le citrate de fentanyl, 2500 microgrammes par flacon, est contenu dans chaque flacon.<\/p>\n","protected":false},"featured_media":5507,"comment_status":"open","ping_status":"closed","template":"","meta":[],"product_brand":[],"product_cat":[59],"product_tag":[2867,2868,2869,2870,2872,2871,2873,2874,2875,2876,2877,2878,2879,2892,2893,2890,2891,2880,2881,2882,2883,2884,2885,2886,2887,2889,2888,2895,2896,2897,2894],"class_list":{"0":"post-5496","1":"product","2":"type-product","3":"status-publish","4":"has-post-thumbnail","6":"product_cat-produits-chimiques-de-recherche","7":"product_tag-acheter-fentanyl-100-microgramme-2ml-injection","8":"product_tag-acheter-fentanyl-100-microgrammes-2ml-injection-en-ligne","9":"product_tag-acheter-fentanyl-1000-microgramme-20ml-injection","10":"product_tag-acheter-fentanyl-1000-microgramme-20ml-injection-en-ligne","11":"product_tag-acheter-fentanyl-250-microgrammes-5ml-injection-en-ligne","12":"product_tag-acheter-fentanyl-250-microgrammes-5ml-injection","13":"product_tag-acheter-fentanyl-2500-microgram-50ml-injection","14":"product_tag-acheter-fentanyl-2500-microgrammes-50ml-injection-en-ligne","15":"product_tag-acheter-fentanyl-50-microgrammes-ml-injection-en-ligne","16":"product_tag-acheter-fentanyl-500-microgrammes-10ml-injection","17":"product_tag-acheter-fentanyl-500-microgrammes-10ml-injection-en-ligne","18":"product_tag-acheter-fentanyl-citrate-injection","19":"product_tag-acheter-citrate-de-fentanyl-injection-en-ligne","20":"product_tag-commander-fentanyl-citrate-injection","21":"product_tag-commander-injection-de-citrate-de-fentanyl-en-ligne","22":"product_tag-comment-acheter-citrate-de-fentanyl-injection-en-ligne","23":"product_tag-comment-commander-l-injection-de-citrate-de-fentanyl-en-ligne","24":"product_tag-fentanyl-100-microgramme-2ml-injection","25":"product_tag-fentanyl-1000-microgram-20ml-injection","26":"product_tag-fentanyl-250-microgrammes-5ml-injection","27":"product_tag-fentanyl-2500-microgrammes-50ml-injection","28":"product_tag-injection-de-fentanyl-50-microgrammes-ml","29":"product_tag-fentanyl-50-microgrammes-ml-injection","30":"product_tag-fentanyl-50-microgrammes-ml-solution-pour-injection","31":"product_tag-fentanyl-500-microgramme-10ml-injection","32":"product_tag-fentanyl-citrate-injection-prices","33":"product_tag-injection-de-citrate-de-fentanyl","34":"product_tag-o-acheter-injection-de-citrate-de-fentanyl","35":"product_tag-o-acheter-le-citrate-de-fentanyl-injection-en-ligne","36":"product_tag-o-commander-l-injection-de-citrate-de-fentanyl-en-ligne","37":"product_tag-prix-de-l-injection-de-citrate-de-fentanyl","39":"first","40":"instock","41":"shipping-taxable","42":"purchasable","43":"product-type-variable"},"yoast_head":"<!-- This site is optimized with the Yoast SEO plugin v27.3 - https:\/\/yoast.com\/product\/yoast-seo-wordpress\/ -->\n<title>Acheter l&#039;injection de citrate de fentanyl - Meilleurs meilleurs m\u00e9dicaments mondiaux<\/title>\n<meta name=\"description\" content=\"Acheter Citrate de Fentanyl Injection 50 microgrammes\/ml Injection \u00e0 vendre aupr\u00e8s des meilleurs laboratoires de recherche au Royaume-Uni, en Europe, en Chine et dans l&#039;UE. Envoi discret sur toute commande 0 garantie, Commandez Fentanyl 50ml\" \/>\n<meta name=\"robots\" content=\"index, follow, max-snippet:-1, max-image-preview:large, max-video-preview:-1\" \/>\n<link rel=\"canonical\" href=\"https:\/\/medicinasinc.com\/fr\/product\/acheter-fentanyl-citrate-injection\/\" \/>\n<meta property=\"og:locale\" content=\"en_US\" \/>\n<meta property=\"og:type\" content=\"article\" \/>\n<meta property=\"og:title\" content=\"Acheter l&#039;injection de citrate de fentanyl - Meilleurs meilleurs m\u00e9dicaments mondiaux\" \/>\n<meta property=\"og:description\" content=\"Acheter Citrate de Fentanyl Injection 50 microgrammes\/ml Injection \u00e0 vendre aupr\u00e8s des meilleurs laboratoires de recherche au Royaume-Uni, en Europe, en Chine et dans l&#039;UE. Envoi discret sur toute commande 0 garantie, Commandez Fentanyl 50ml\" \/>\n<meta property=\"og:url\" content=\"https:\/\/medicinasinc.com\/fr\/product\/acheter-fentanyl-citrate-injection\/\" \/>\n<meta property=\"og:site_name\" content=\"Medicinas Inc\" \/>\n<meta property=\"article:modified_time\" content=\"2022-03-17T11:55:34+00:00\" \/>\n<meta property=\"og:image\" content=\"https:\/\/medicinasinc.com\/fr\/wp-content\/uploads\/sites\/5\/2022\/02\/Fentanyl-50-microgram.jpg\" \/>\n\t<meta property=\"og:image:width\" content=\"1996\" \/>\n\t<meta property=\"og:image:height\" content=\"1128\" \/>\n\t<meta property=\"og:image:type\" content=\"image\/jpeg\" \/>\n<meta name=\"twitter:card\" content=\"summary_large_image\" \/>\n<meta name=\"twitter:label1\" content=\"Est. reading time\" \/>\n\t<meta name=\"twitter:data1\" content=\"2 minutes\" \/>\n<script type=\"application\/ld+json\" class=\"yoast-schema-graph\">{\"@context\":\"https:\\\/\\\/schema.org\",\"@graph\":[{\"@type\":\"WebPage\",\"@id\":\"https:\\\/\\\/medicinasinc.com\\\/fr\\\/product\\\/acheter-fentanyl-citrate-injection\\\/\",\"url\":\"https:\\\/\\\/medicinasinc.com\\\/fr\\\/product\\\/acheter-fentanyl-citrate-injection\\\/\",\"name\":\"Acheter l'injection de citrate de fentanyl - Meilleurs meilleurs m\u00e9dicaments mondiaux\",\"isPartOf\":{\"@id\":\"https:\\\/\\\/medicinasinc.com\\\/fr\\\/#website\"},\"primaryImageOfPage\":{\"@id\":\"https:\\\/\\\/medicinasinc.com\\\/fr\\\/product\\\/acheter-fentanyl-citrate-injection\\\/#primaryimage\"},\"image\":{\"@id\":\"https:\\\/\\\/medicinasinc.com\\\/fr\\\/product\\\/acheter-fentanyl-citrate-injection\\\/#primaryimage\"},\"thumbnailUrl\":\"https:\\\/\\\/medicinasinc.com\\\/fr\\\/wp-content\\\/uploads\\\/sites\\\/5\\\/2022\\\/02\\\/Fentanyl-50-microgram.jpg\",\"datePublished\":\"2022-02-22T00:34:51+00:00\",\"dateModified\":\"2022-03-17T11:55:34+00:00\",\"description\":\"Acheter Citrate de Fentanyl Injection 50 microgrammes\\\/ml Injection \u00e0 vendre aupr\u00e8s des meilleurs laboratoires de recherche au Royaume-Uni, en Europe, en Chine et dans l'UE. Envoi discret sur toute commande 0 garantie, Commandez Fentanyl 50ml\",\"breadcrumb\":{\"@id\":\"https:\\\/\\\/medicinasinc.com\\\/fr\\\/product\\\/acheter-fentanyl-citrate-injection\\\/#breadcrumb\"},\"inLanguage\":\"en-US\",\"potentialAction\":[{\"@type\":\"ReadAction\",\"target\":[\"https:\\\/\\\/medicinasinc.com\\\/fr\\\/product\\\/acheter-fentanyl-citrate-injection\\\/\"]}]},{\"@type\":\"ImageObject\",\"inLanguage\":\"en-US\",\"@id\":\"https:\\\/\\\/medicinasinc.com\\\/fr\\\/product\\\/acheter-fentanyl-citrate-injection\\\/#primaryimage\",\"url\":\"https:\\\/\\\/medicinasinc.com\\\/fr\\\/wp-content\\\/uploads\\\/sites\\\/5\\\/2022\\\/02\\\/Fentanyl-50-microgram.jpg\",\"contentUrl\":\"https:\\\/\\\/medicinasinc.com\\\/fr\\\/wp-content\\\/uploads\\\/sites\\\/5\\\/2022\\\/02\\\/Fentanyl-50-microgram.jpg\",\"width\":1996,\"height\":1128},{\"@type\":\"BreadcrumbList\",\"@id\":\"https:\\\/\\\/medicinasinc.com\\\/fr\\\/product\\\/acheter-fentanyl-citrate-injection\\\/#breadcrumb\",\"itemListElement\":[{\"@type\":\"ListItem\",\"position\":1,\"name\":\"Boutique\",\"item\":\"https:\\\/\\\/medicinasinc.com\\\/fr\\\/boutique\\\/\"},{\"@type\":\"ListItem\",\"position\":2,\"name\":\"Acheter une injection de citrate de fentanyl\"}]},{\"@type\":\"WebSite\",\"@id\":\"https:\\\/\\\/medicinasinc.com\\\/fr\\\/#website\",\"url\":\"https:\\\/\\\/medicinasinc.com\\\/fr\\\/\",\"name\":\"Medicinas Inc\",\"description\":\"Health Medical Clinic\",\"potentialAction\":[{\"@type\":\"SearchAction\",\"target\":{\"@type\":\"EntryPoint\",\"urlTemplate\":\"https:\\\/\\\/medicinasinc.com\\\/fr\\\/?s={search_term_string}\"},\"query-input\":{\"@type\":\"PropertyValueSpecification\",\"valueRequired\":true,\"valueName\":\"search_term_string\"}}],\"inLanguage\":\"en-US\"}]}<\/script>\n<!-- \/ Yoast SEO plugin. -->","yoast_head_json":{"title":"Acheter l'injection de citrate de fentanyl - Meilleurs meilleurs m\u00e9dicaments mondiaux","description":"Acheter Citrate de Fentanyl Injection 50 microgrammes\/ml Injection \u00e0 vendre aupr\u00e8s des meilleurs laboratoires de recherche au Royaume-Uni, en Europe, en Chine et dans l'UE. Envoi discret sur toute commande 0 garantie, Commandez Fentanyl 50ml","robots":{"index":"index","follow":"follow","max-snippet":"max-snippet:-1","max-image-preview":"max-image-preview:large","max-video-preview":"max-video-preview:-1"},"canonical":"https:\/\/medicinasinc.com\/fr\/product\/acheter-fentanyl-citrate-injection\/","og_locale":"en_US","og_type":"article","og_title":"Acheter l'injection de citrate de fentanyl - Meilleurs meilleurs m\u00e9dicaments mondiaux","og_description":"Acheter Citrate de Fentanyl Injection 50 microgrammes\/ml Injection \u00e0 vendre aupr\u00e8s des meilleurs laboratoires de recherche au Royaume-Uni, en Europe, en Chine et dans l'UE. Envoi discret sur toute commande 0 garantie, Commandez Fentanyl 50ml","og_url":"https:\/\/medicinasinc.com\/fr\/product\/acheter-fentanyl-citrate-injection\/","og_site_name":"Medicinas Inc","article_modified_time":"2022-03-17T11:55:34+00:00","og_image":[{"width":1996,"height":1128,"url":"https:\/\/medicinasinc.com\/fr\/wp-content\/uploads\/sites\/5\/2022\/02\/Fentanyl-50-microgram.jpg","type":"image\/jpeg"}],"twitter_card":"summary_large_image","twitter_misc":{"Est. reading time":"2 minutes"},"schema":{"@context":"https:\/\/schema.org","@graph":[{"@type":"WebPage","@id":"https:\/\/medicinasinc.com\/fr\/product\/acheter-fentanyl-citrate-injection\/","url":"https:\/\/medicinasinc.com\/fr\/product\/acheter-fentanyl-citrate-injection\/","name":"Acheter l'injection de citrate de fentanyl - Meilleurs meilleurs m\u00e9dicaments mondiaux","isPartOf":{"@id":"https:\/\/medicinasinc.com\/fr\/#website"},"primaryImageOfPage":{"@id":"https:\/\/medicinasinc.com\/fr\/product\/acheter-fentanyl-citrate-injection\/#primaryimage"},"image":{"@id":"https:\/\/medicinasinc.com\/fr\/product\/acheter-fentanyl-citrate-injection\/#primaryimage"},"thumbnailUrl":"https:\/\/medicinasinc.com\/fr\/wp-content\/uploads\/sites\/5\/2022\/02\/Fentanyl-50-microgram.jpg","datePublished":"2022-02-22T00:34:51+00:00","dateModified":"2022-03-17T11:55:34+00:00","description":"Acheter Citrate de Fentanyl Injection 50 microgrammes\/ml Injection \u00e0 vendre aupr\u00e8s des meilleurs laboratoires de recherche au Royaume-Uni, en Europe, en Chine et dans l'UE. Envoi discret sur toute commande 0 garantie, Commandez Fentanyl 50ml","breadcrumb":{"@id":"https:\/\/medicinasinc.com\/fr\/product\/acheter-fentanyl-citrate-injection\/#breadcrumb"},"inLanguage":"en-US","potentialAction":[{"@type":"ReadAction","target":["https:\/\/medicinasinc.com\/fr\/product\/acheter-fentanyl-citrate-injection\/"]}]},{"@type":"ImageObject","inLanguage":"en-US","@id":"https:\/\/medicinasinc.com\/fr\/product\/acheter-fentanyl-citrate-injection\/#primaryimage","url":"https:\/\/medicinasinc.com\/fr\/wp-content\/uploads\/sites\/5\/2022\/02\/Fentanyl-50-microgram.jpg","contentUrl":"https:\/\/medicinasinc.com\/fr\/wp-content\/uploads\/sites\/5\/2022\/02\/Fentanyl-50-microgram.jpg","width":1996,"height":1128},{"@type":"BreadcrumbList","@id":"https:\/\/medicinasinc.com\/fr\/product\/acheter-fentanyl-citrate-injection\/#breadcrumb","itemListElement":[{"@type":"ListItem","position":1,"name":"Boutique","item":"https:\/\/medicinasinc.com\/fr\/boutique\/"},{"@type":"ListItem","position":2,"name":"Acheter une injection de citrate de fentanyl"}]},{"@type":"WebSite","@id":"https:\/\/medicinasinc.com\/fr\/#website","url":"https:\/\/medicinasinc.com\/fr\/","name":"Medicinas Inc","description":"Health Medical Clinic","potentialAction":[{"@type":"SearchAction","target":{"@type":"EntryPoint","urlTemplate":"https:\/\/medicinasinc.com\/fr\/?s={search_term_string}"},"query-input":{"@type":"PropertyValueSpecification","valueRequired":true,"valueName":"search_term_string"}}],"inLanguage":"en-US"}]}},"_links":{"self":[{"href":"https:\/\/medicinasinc.com\/fr\/wp-json\/wp\/v2\/product\/5496","targetHints":{"allow":["GET"]}}],"collection":[{"href":"https:\/\/medicinasinc.com\/fr\/wp-json\/wp\/v2\/product"}],"about":[{"href":"https:\/\/medicinasinc.com\/fr\/wp-json\/wp\/v2\/types\/product"}],"replies":[{"embeddable":true,"href":"https:\/\/medicinasinc.com\/fr\/wp-json\/wp\/v2\/comments?post=5496"}],"wp:featuredmedia":[{"embeddable":true,"href":"https:\/\/medicinasinc.com\/fr\/wp-json\/wp\/v2\/media\/5507"}],"wp:attachment":[{"href":"https:\/\/medicinasinc.com\/fr\/wp-json\/wp\/v2\/media?parent=5496"}],"wp:term":[{"taxonomy":"product_brand","embeddable":true,"href":"https:\/\/medicinasinc.com\/fr\/wp-json\/wp\/v2\/product_brand?post=5496"},{"taxonomy":"product_cat","embeddable":true,"href":"https:\/\/medicinasinc.com\/fr\/wp-json\/wp\/v2\/product_cat?post=5496"},{"taxonomy":"product_tag","embeddable":true,"href":"https:\/\/medicinasinc.com\/fr\/wp-json\/wp\/v2\/product_tag?post=5496"}],"curies":[{"name":"wp","href":"https:\/\/api.w.org\/{rel}","templated":true}]}}