{"id":5495,"date":"2022-02-22T00:33:03","date_gmt":"2022-02-22T00:33:03","guid":{"rendered":"https:\/\/medicinasinc.com\/fr\/?post_type=product&#038;p=5495"},"modified":"2022-03-17T11:55:57","modified_gmt":"2022-03-17T11:55:57","slug":"acheter-fentanyl-poudre","status":"publish","type":"product","link":"https:\/\/medicinasinc.com\/fr\/product\/acheter-fentanyl-poudre\/","title":{"rendered":"Acheter de la poudre de fentanyl"},"content":{"rendered":"<p>Achat de poudre de fentanyl en ligne<\/p>\n<p>Vous pouvez obtenir de la poudre de fentanyl \u00e0 vendre chez nous \u00e0 un bon prix. La poudre de fentanyl est disponible en haute puret\u00e9. C&#8217;est une affaire fantastique ! Les m\u00e9dicaments les plus efficaces dans le monde<\/p>\n<p>Qu&#8217;est-ce que la poudre de fentanyl\u00a0?<\/p>\n<p>Le fentanyl, \u00e9galement connu sous le nom de fentanil, est un opio\u00efde utilis\u00e9 comme analg\u00e9sique et en association avec d&#8217;autres m\u00e9dicaments pour l&#8217;anesth\u00e9sie . Pour la plupart, les effets durent moins d&#8217;une heure ou deux. Le fentanyl est disponible sous diverses formes, y compris les injections, les patchs cutan\u00e9s et l&#8217;absorption orale. Le fentanyl est \u00e9galement parfois disponible sous forme de poudre. Les laboratoires utilisent couramment la P\u043ewd\u0435r.<\/p>\n<p>&nbsp;<\/p>\n<p>Achetez de la poudre de Fentanyl en ligne sur Best global meds<\/p>\n<p>Vous vous demandez peut-\u00eatre \u00e0 ce stade ce qu&#8217;est un opio\u00efde. Les opio\u00efdes sont une classe de m\u00e9dicaments. Les opio\u00efdes sont des substances qui interagissent avec les r\u00e9cepteurs opio\u00efdes pour produire des effets semblables \u00e0 ceux de l&#8217;opium. La vicodine, l&#8217;oxycontin, l&#8217;oxycodone et le percocet entrent tous dans cette cat\u00e9gorie. Le fentanyl est \u00e9galement inclus dans les s\u00e9datifs. Un s\u00e9datif est un type de m\u00e9dicament ou de substance utilis\u00e9 pour calmer le syst\u00e8me nerveux central. On pourrait dire que le fentanyl est utilis\u00e9 pour calmer le syst\u00e8me nerveux central. La poudre u-47700 est \u00e9galement un bon d\u00e9presseur. Le meilleur endroit pour obtenir du Fentanyl est en ligne.<\/p>\n<p>Les naus\u00e9es, la constipation, la fatigue et la confusion sont parmi les effets secondaires les plus courants. La r\u00e9duction de l&#8217;effort respiratoire (d\u00e9pression respiratoire), le syndrome s\u00e9roton\u00e9inique et l&#8217;hypotension art\u00e9rielle sont autant d&#8217;effets secondaires possibles du m\u00e9dicament. En activant les r\u00e9cepteurs -opio\u00efdes, le fentanyl agit en partie. Pour une quantit\u00e9 donn\u00e9e, il est 75 fois plus fort que la morph. Certains analogues du fentanyl peuvent \u00eatre 10 000 fois plus puissants que la morphine. Poudre de fentanyl \u00e0 vendre<\/p>\n","protected":false},"excerpt":{"rendered":"<p>Avec l&#8217;aide de notre site Web Bestglobalmeds.com, vous pouvez acheter de la POUDRE DE FENTANYL \u00e0 vendre au Royaume-Uni et dans l&#8217;Union europ\u00e9enne. Vous d\u00e9couvrirez ici le FENTANYL le plus abordable\u00a0!<\/p>\n<p>Le fentanyl en poudre, le papier buvard et la fabrication en vrac en Chine sont quelques-unes des fa\u00e7ons dont le fentanyl non pharmaceutique est vendu.<\/p>\n<p>Fentanyl est utilis\u00e9 pour traiter la douleur qui ne peut \u00eatre soulag\u00e9e par d&#8217;autres m\u00e9dicaments, comme la douleur chronique ou atroce. Un analg\u00e9sique narcotique, ce m\u00e9dicament est prescrit.<br \/> Nous exp\u00e9dions discr\u00e8tement et offrons une garantie de remboursement lorsque vous commandez votre Fentanyl chez nous.<\/p>\n","protected":false},"featured_media":5505,"comment_status":"open","ping_status":"closed","template":"","meta":[],"product_brand":[],"product_cat":[59],"product_tag":[2845,2846,2843,2844,2840,2847,2842,2841,2839,2856,2857,2858,2859,2855,2848,2853,2854,2861,2863,2865,2866,2864,2862,2850,2851,2849,2852,2860],"class_list":{"0":"post-5495","1":"product","2":"type-product","3":"status-publish","4":"has-post-thumbnail","6":"product_cat-produits-chimiques-de-recherche","7":"product_tag-acheter-fentanyl-poudre-usa","8":"product_tag-acheter-fentanyl-poudre-avec-paypal","9":"product_tag-acheter-fentanyl-poudre-en-ligne","10":"product_tag-acheter-fentanyl-poudre-sr","11":"product_tag-acheter-fentanyl-hcl-poudre-en-ligne","12":"product_tag-acheter-pure-fentanyl-poudre-en-ligne","13":"product_tag-acheter-fentanyl-poudre-sur-dark-web","14":"product_tag-acheter-fentanyl-en-ligne","15":"product_tag-acheter-fentanyl-hcl-en-ligne","16":"product_tag-commander-du-fentanyl-en-poudre-pres-de-moi","17":"product_tag-commander-fentanyl-poudre-en-ligne","18":"product_tag-commander-pure-fentanyl-hcl-poudre-en-ligne","19":"product_tag-commander-pure-fentanyl-poudre-en-ligne","20":"product_tag-comment-acheter-fentanyl-poudre-en-ligne","21":"product_tag-fentanyl-powder-effect","22":"product_tag-fentanyl-powder-reddit","23":"product_tag-fentanyl-powder-shipping","24":"product_tag-le-meilleur-endroit-pour-acheter-de-la-poudre-de-fentanyl-en-ligne","25":"product_tag-o-acheter-fentanyl-hcl-poudre-en-ligne","26":"product_tag-o-acheter-pure-fentanyl-hcl-poudre-en-ligne","27":"product_tag-o-acheter-de-la-poudre-de-fentanyl-pur-en-ligne","28":"product_tag-o-acheter-fentanyl-poudre-en-ligne","29":"product_tag-o-puis-je-acheter-fentanyl-poudre-en-ligne","30":"product_tag-fentanyl-poudre-a-vendre","31":"product_tag-fentanyl-poudre-en-vente-en-ligne","32":"product_tag-fentanyl-poudre-europe","33":"product_tag-fentanyl-poudre-nuit","34":"product_tag-purchase-fentanyl-powder-online","36":"first","37":"instock","38":"shipping-taxable","39":"purchasable","40":"product-type-variable","41":"has-default-attributes"},"yoast_head":"<!-- This site is optimized with the Yoast SEO plugin v27.3 - https:\/\/yoast.com\/product\/yoast-seo-wordpress\/ -->\n<title>Acheter de la poudre de fentanyl en ligne - Meilleurs meilleurs m\u00e9dicaments mondiaux<\/title>\n<meta name=\"description\" content=\"Achetez FENTANYL POUDRE \u00e0 vendre au Royaume-Uni, Europe de l&#039;UE dans notre boutique en ligne Bestglobalmeds.com avec une livraison rapide dans le monde entier ! Le meilleur FENTANYL pour commander vous trouverez ici !\" \/>\n<meta name=\"robots\" content=\"index, follow, max-snippet:-1, max-image-preview:large, max-video-preview:-1\" \/>\n<link rel=\"canonical\" href=\"https:\/\/medicinasinc.com\/fr\/product\/acheter-fentanyl-poudre\/\" \/>\n<meta property=\"og:locale\" content=\"en_US\" \/>\n<meta property=\"og:type\" content=\"article\" \/>\n<meta property=\"og:title\" content=\"Acheter de la poudre de fentanyl en ligne - Meilleurs meilleurs m\u00e9dicaments mondiaux\" \/>\n<meta property=\"og:description\" content=\"Achetez FENTANYL POUDRE \u00e0 vendre au Royaume-Uni, Europe de l&#039;UE dans notre boutique en ligne Bestglobalmeds.com avec une livraison rapide dans le monde entier ! Le meilleur FENTANYL pour commander vous trouverez ici !\" \/>\n<meta property=\"og:url\" content=\"https:\/\/medicinasinc.com\/fr\/product\/acheter-fentanyl-poudre\/\" \/>\n<meta property=\"og:site_name\" content=\"Medicinas Inc\" \/>\n<meta property=\"article:modified_time\" content=\"2022-03-17T11:55:57+00:00\" \/>\n<meta property=\"og:image\" content=\"https:\/\/medicinasinc.com\/fr\/wp-content\/uploads\/sites\/5\/2022\/02\/Buy-Fentanyl-Powder-Online.jpg\" \/>\n\t<meta property=\"og:image:width\" content=\"768\" \/>\n\t<meta property=\"og:image:height\" content=\"768\" \/>\n\t<meta property=\"og:image:type\" content=\"image\/jpeg\" \/>\n<meta name=\"twitter:card\" content=\"summary_large_image\" \/>\n<meta name=\"twitter:label1\" content=\"Est. reading time\" \/>\n\t<meta name=\"twitter:data1\" content=\"2 minutes\" \/>\n<script type=\"application\/ld+json\" class=\"yoast-schema-graph\">{\"@context\":\"https:\\\/\\\/schema.org\",\"@graph\":[{\"@type\":\"WebPage\",\"@id\":\"https:\\\/\\\/medicinasinc.com\\\/fr\\\/product\\\/acheter-fentanyl-poudre\\\/\",\"url\":\"https:\\\/\\\/medicinasinc.com\\\/fr\\\/product\\\/acheter-fentanyl-poudre\\\/\",\"name\":\"Acheter de la poudre de fentanyl en ligne - Meilleurs meilleurs m\u00e9dicaments mondiaux\",\"isPartOf\":{\"@id\":\"https:\\\/\\\/medicinasinc.com\\\/fr\\\/#website\"},\"primaryImageOfPage\":{\"@id\":\"https:\\\/\\\/medicinasinc.com\\\/fr\\\/product\\\/acheter-fentanyl-poudre\\\/#primaryimage\"},\"image\":{\"@id\":\"https:\\\/\\\/medicinasinc.com\\\/fr\\\/product\\\/acheter-fentanyl-poudre\\\/#primaryimage\"},\"thumbnailUrl\":\"https:\\\/\\\/medicinasinc.com\\\/fr\\\/wp-content\\\/uploads\\\/sites\\\/5\\\/2022\\\/02\\\/Buy-Fentanyl-Powder-Online.jpg\",\"datePublished\":\"2022-02-22T00:33:03+00:00\",\"dateModified\":\"2022-03-17T11:55:57+00:00\",\"description\":\"Achetez FENTANYL POUDRE \u00e0 vendre au Royaume-Uni, Europe de l'UE dans notre boutique en ligne Bestglobalmeds.com avec une livraison rapide dans le monde entier ! Le meilleur FENTANYL pour commander vous trouverez ici !\",\"breadcrumb\":{\"@id\":\"https:\\\/\\\/medicinasinc.com\\\/fr\\\/product\\\/acheter-fentanyl-poudre\\\/#breadcrumb\"},\"inLanguage\":\"en-US\",\"potentialAction\":[{\"@type\":\"ReadAction\",\"target\":[\"https:\\\/\\\/medicinasinc.com\\\/fr\\\/product\\\/acheter-fentanyl-poudre\\\/\"]}]},{\"@type\":\"ImageObject\",\"inLanguage\":\"en-US\",\"@id\":\"https:\\\/\\\/medicinasinc.com\\\/fr\\\/product\\\/acheter-fentanyl-poudre\\\/#primaryimage\",\"url\":\"https:\\\/\\\/medicinasinc.com\\\/fr\\\/wp-content\\\/uploads\\\/sites\\\/5\\\/2022\\\/02\\\/Buy-Fentanyl-Powder-Online.jpg\",\"contentUrl\":\"https:\\\/\\\/medicinasinc.com\\\/fr\\\/wp-content\\\/uploads\\\/sites\\\/5\\\/2022\\\/02\\\/Buy-Fentanyl-Powder-Online.jpg\",\"width\":768,\"height\":768},{\"@type\":\"BreadcrumbList\",\"@id\":\"https:\\\/\\\/medicinasinc.com\\\/fr\\\/product\\\/acheter-fentanyl-poudre\\\/#breadcrumb\",\"itemListElement\":[{\"@type\":\"ListItem\",\"position\":1,\"name\":\"Boutique\",\"item\":\"https:\\\/\\\/medicinasinc.com\\\/fr\\\/boutique\\\/\"},{\"@type\":\"ListItem\",\"position\":2,\"name\":\"Acheter de la poudre de fentanyl\"}]},{\"@type\":\"WebSite\",\"@id\":\"https:\\\/\\\/medicinasinc.com\\\/fr\\\/#website\",\"url\":\"https:\\\/\\\/medicinasinc.com\\\/fr\\\/\",\"name\":\"Medicinas Inc\",\"description\":\"Health Medical Clinic\",\"potentialAction\":[{\"@type\":\"SearchAction\",\"target\":{\"@type\":\"EntryPoint\",\"urlTemplate\":\"https:\\\/\\\/medicinasinc.com\\\/fr\\\/?s={search_term_string}\"},\"query-input\":{\"@type\":\"PropertyValueSpecification\",\"valueRequired\":true,\"valueName\":\"search_term_string\"}}],\"inLanguage\":\"en-US\"}]}<\/script>\n<!-- \/ Yoast SEO plugin. -->","yoast_head_json":{"title":"Acheter de la poudre de fentanyl en ligne - Meilleurs meilleurs m\u00e9dicaments mondiaux","description":"Achetez FENTANYL POUDRE \u00e0 vendre au Royaume-Uni, Europe de l'UE dans notre boutique en ligne Bestglobalmeds.com avec une livraison rapide dans le monde entier ! Le meilleur FENTANYL pour commander vous trouverez ici !","robots":{"index":"index","follow":"follow","max-snippet":"max-snippet:-1","max-image-preview":"max-image-preview:large","max-video-preview":"max-video-preview:-1"},"canonical":"https:\/\/medicinasinc.com\/fr\/product\/acheter-fentanyl-poudre\/","og_locale":"en_US","og_type":"article","og_title":"Acheter de la poudre de fentanyl en ligne - Meilleurs meilleurs m\u00e9dicaments mondiaux","og_description":"Achetez FENTANYL POUDRE \u00e0 vendre au Royaume-Uni, Europe de l'UE dans notre boutique en ligne Bestglobalmeds.com avec une livraison rapide dans le monde entier ! Le meilleur FENTANYL pour commander vous trouverez ici !","og_url":"https:\/\/medicinasinc.com\/fr\/product\/acheter-fentanyl-poudre\/","og_site_name":"Medicinas Inc","article_modified_time":"2022-03-17T11:55:57+00:00","og_image":[{"width":768,"height":768,"url":"https:\/\/medicinasinc.com\/fr\/wp-content\/uploads\/sites\/5\/2022\/02\/Buy-Fentanyl-Powder-Online.jpg","type":"image\/jpeg"}],"twitter_card":"summary_large_image","twitter_misc":{"Est. reading time":"2 minutes"},"schema":{"@context":"https:\/\/schema.org","@graph":[{"@type":"WebPage","@id":"https:\/\/medicinasinc.com\/fr\/product\/acheter-fentanyl-poudre\/","url":"https:\/\/medicinasinc.com\/fr\/product\/acheter-fentanyl-poudre\/","name":"Acheter de la poudre de fentanyl en ligne - Meilleurs meilleurs m\u00e9dicaments mondiaux","isPartOf":{"@id":"https:\/\/medicinasinc.com\/fr\/#website"},"primaryImageOfPage":{"@id":"https:\/\/medicinasinc.com\/fr\/product\/acheter-fentanyl-poudre\/#primaryimage"},"image":{"@id":"https:\/\/medicinasinc.com\/fr\/product\/acheter-fentanyl-poudre\/#primaryimage"},"thumbnailUrl":"https:\/\/medicinasinc.com\/fr\/wp-content\/uploads\/sites\/5\/2022\/02\/Buy-Fentanyl-Powder-Online.jpg","datePublished":"2022-02-22T00:33:03+00:00","dateModified":"2022-03-17T11:55:57+00:00","description":"Achetez FENTANYL POUDRE \u00e0 vendre au Royaume-Uni, Europe de l'UE dans notre boutique en ligne Bestglobalmeds.com avec une livraison rapide dans le monde entier ! Le meilleur FENTANYL pour commander vous trouverez ici !","breadcrumb":{"@id":"https:\/\/medicinasinc.com\/fr\/product\/acheter-fentanyl-poudre\/#breadcrumb"},"inLanguage":"en-US","potentialAction":[{"@type":"ReadAction","target":["https:\/\/medicinasinc.com\/fr\/product\/acheter-fentanyl-poudre\/"]}]},{"@type":"ImageObject","inLanguage":"en-US","@id":"https:\/\/medicinasinc.com\/fr\/product\/acheter-fentanyl-poudre\/#primaryimage","url":"https:\/\/medicinasinc.com\/fr\/wp-content\/uploads\/sites\/5\/2022\/02\/Buy-Fentanyl-Powder-Online.jpg","contentUrl":"https:\/\/medicinasinc.com\/fr\/wp-content\/uploads\/sites\/5\/2022\/02\/Buy-Fentanyl-Powder-Online.jpg","width":768,"height":768},{"@type":"BreadcrumbList","@id":"https:\/\/medicinasinc.com\/fr\/product\/acheter-fentanyl-poudre\/#breadcrumb","itemListElement":[{"@type":"ListItem","position":1,"name":"Boutique","item":"https:\/\/medicinasinc.com\/fr\/boutique\/"},{"@type":"ListItem","position":2,"name":"Acheter de la poudre de fentanyl"}]},{"@type":"WebSite","@id":"https:\/\/medicinasinc.com\/fr\/#website","url":"https:\/\/medicinasinc.com\/fr\/","name":"Medicinas Inc","description":"Health Medical Clinic","potentialAction":[{"@type":"SearchAction","target":{"@type":"EntryPoint","urlTemplate":"https:\/\/medicinasinc.com\/fr\/?s={search_term_string}"},"query-input":{"@type":"PropertyValueSpecification","valueRequired":true,"valueName":"search_term_string"}}],"inLanguage":"en-US"}]}},"_links":{"self":[{"href":"https:\/\/medicinasinc.com\/fr\/wp-json\/wp\/v2\/product\/5495","targetHints":{"allow":["GET"]}}],"collection":[{"href":"https:\/\/medicinasinc.com\/fr\/wp-json\/wp\/v2\/product"}],"about":[{"href":"https:\/\/medicinasinc.com\/fr\/wp-json\/wp\/v2\/types\/product"}],"replies":[{"embeddable":true,"href":"https:\/\/medicinasinc.com\/fr\/wp-json\/wp\/v2\/comments?post=5495"}],"wp:featuredmedia":[{"embeddable":true,"href":"https:\/\/medicinasinc.com\/fr\/wp-json\/wp\/v2\/media\/5505"}],"wp:attachment":[{"href":"https:\/\/medicinasinc.com\/fr\/wp-json\/wp\/v2\/media?parent=5495"}],"wp:term":[{"taxonomy":"product_brand","embeddable":true,"href":"https:\/\/medicinasinc.com\/fr\/wp-json\/wp\/v2\/product_brand?post=5495"},{"taxonomy":"product_cat","embeddable":true,"href":"https:\/\/medicinasinc.com\/fr\/wp-json\/wp\/v2\/product_cat?post=5495"},{"taxonomy":"product_tag","embeddable":true,"href":"https:\/\/medicinasinc.com\/fr\/wp-json\/wp\/v2\/product_tag?post=5495"}],"curies":[{"name":"wp","href":"https:\/\/api.w.org\/{rel}","templated":true}]}}