{"id":5494,"date":"2022-02-22T00:31:52","date_gmt":"2022-02-22T00:31:52","guid":{"rendered":"https:\/\/medicinasinc.com\/fr\/?post_type=product&#038;p=5494"},"modified":"2022-03-17T11:56:21","modified_gmt":"2022-03-17T11:56:21","slug":"acheter-diclazepam-2-mg-granules","status":"publish","type":"product","link":"https:\/\/medicinasinc.com\/fr\/product\/acheter-diclazepam-2-mg-granules\/","title":{"rendered":"Acheter Diclaz\u00e9pam 2 mg granul\u00e9s"},"content":{"rendered":"<p><strong>O\u00d9 PUIS-JE OBTENIR DES PASTILLES DE DICLAZEPAM 2MG DANS L&#8217;UE\u00a0?<\/strong><\/p>\n<p>2\u00a0mg de Diclaz\u00e9pam En Europe, vous trouverez peut-\u00eatre une installation qui stocke des pastilles. Le bitcoin peut \u00eatre utilis\u00e9 pour acheter des pastilles de diclaz\u00e9pam de 2 mg en ligne.<\/p>\n<p>L&#8217;une des benzodiaz\u00e9pines les plus r\u00e9centes \u00e0 \u00eatre disponible pour essai est le diclaz\u00e9pam, ou chlorodiaz\u00e9pam. En outre, cette substance est l&#8217;homologue 1-m\u00e9thyle du diaz\u00e9pam et du d\u00e9cloraz\u00e9pam. Son nom chimique complet est 7-chloro-5-(2-cloroph\u00e9nyl)-1-m\u00e9thyl-1,3-dihydro-2H-1,4-benzodiaz\u00e9pine-2-one. Parce que cette mol\u00e9cule est si nouvelle, il existe de nombreuses voies de recherche.<\/p>\n<p>La nomenclature IUPAC pour ce compos\u00e9 se lit comme suit\u00a0: 7,5-chloro-5-(2-chloroph\u00e9nyl)-1-m\u00e9thyl-1 ,3-dihydro-2H-1,4-benzodiazepin-2-one<br \/> Num\u00e9ro CAS\u00a0: 2894-68-0 0<br \/> Synonymes\u00a0: la benzodiaz\u00e9pine chlorodiaz\u00e9poxide (2\u2032-chloro-diaz\u00e9poxide)<br \/> Il s&#8217;agit de la formule chimique du C16H12Cl2-N2O<br \/> 95,8\u00a0% de sa forme originale.<br \/> Les pastilles blanches sont la couleur la plus courante.<\/p>\n<p>Acheter des pastilles de diclaz\u00e9pam 2mg en ligne avec Bitcoin est facile.<\/p>\n<p>Le co\u00fbt des pastilles de Diclaz\u00e9pam 2mg<\/p>\n","protected":false},"excerpt":{"rendered":"<p>Acheter des pastilles de diclaz\u00e9pam, des pastilles de diclaz\u00e9pam 2mg bon march\u00e9 \u00e0 vendre au Royaume-Uni, en Europe, acheter du diclaz\u00e9pam de haute qualit\u00e9 au Royaume-Uni, livraison le lendemain, prix du diclaz\u00e9pam.<\/p>\n<p>Acheter des pastilles de diclaz\u00e9pam 2mg avec la livraison gratuite dans l&#8217;Union europ\u00e9enne. Le plus grand d\u00e9taillant europ\u00e9en de pastilles de diclaz\u00e9pam 2 mg. Les pastilles de diclaz\u00e9pam de 2 mg peuvent \u00eatre achet\u00e9es en ligne en utilisant Bitcoin.<\/p>\n<p>Le diclaz\u00e9pam est g\u00e9n\u00e9ralement propos\u00e9 en ligne par des \u00ab headshops \u00bb ; ou&#8217;produit chimique de recherche&#8217; sous forme de pastilles blanches de 1 mg et, plus rarement, de pastilles violettes de 2 mg.<\/p>\n<p>Acheter des pastilles de diclaz\u00e9pam 2 mg en ligne est un terme familier pour le 7-chloro-5-1-m\u00e9thyl-1 ,3-dihydro-2H-1,4-benzodiazepin-2-one.<\/p>\n<p>Achat en ligne de Diclazepam Pellets 2mg. Le diclaz\u00e9pam (\u00e9galement connu sous le nom de chlorodiaz\u00e9pam) est un d\u00e9presseur benzodiaz\u00e9pine synth\u00e9tique qui, lorsqu&#8217;il est pris, pr\u00e9sente des effets comparables au diaz\u00e9pam, notamment la suppression de l&#8217;anxi\u00e9t\u00e9, la d\u00e9sinhibition, l&#8217;anticonvulsivant, l&#8217;hypnotique, la relaxation musculaire et l&#8217;amn\u00e9sie. [2<\/p>\n","protected":false},"featured_media":5503,"comment_status":"open","ping_status":"closed","template":"","meta":[],"product_brand":[],"product_cat":[1117],"product_tag":[2834,2836,2835,2838,2837],"class_list":{"0":"post-5494","1":"product","2":"type-product","3":"status-publish","4":"has-post-thumbnail","6":"product_cat-acheter-douleur-sommeil-sexe-pilules","7":"product_tag-acheter-diclazepam-2-mg-granules","8":"product_tag-commander-diclazepam-2-mg","9":"product_tag-diclazpam-2-mg","10":"product_tag-ou-acheter-diclazepam-2-mg-granules","11":"product_tag-qualit-diclazpam-2-mg","13":"first","14":"instock","15":"shipping-taxable","16":"purchasable","17":"product-type-variable","18":"has-default-attributes"},"yoast_head":"<!-- This site is optimized with the Yoast SEO plugin v27.3 - https:\/\/yoast.com\/product\/yoast-seo-wordpress\/ -->\n<title>Acheter des pastilles de diclaz\u00e9pam 2 mg - Diclaz\u00e9pam \u00e0 vendre - Best Global Meds<\/title>\n<meta name=\"description\" content=\"Achetez des pastilles de diclaz\u00e9pam, pas cher des pastilles de diclaz\u00e9pam 2 mg \u00e0 vendre au Royaume-Uni, en Europe, achetez du diclaz\u00e9pam de haute qualit\u00e9 au Royaume-Uni, livraison le lendemain, prix du diclaz\u00e9pam.\" \/>\n<meta name=\"robots\" content=\"index, follow, max-snippet:-1, max-image-preview:large, max-video-preview:-1\" \/>\n<link rel=\"canonical\" href=\"https:\/\/medicinasinc.com\/fr\/product\/acheter-diclazepam-2-mg-granules\/\" \/>\n<meta property=\"og:locale\" content=\"en_US\" \/>\n<meta property=\"og:type\" content=\"article\" \/>\n<meta property=\"og:title\" content=\"Acheter des pastilles de diclaz\u00e9pam 2 mg - Diclaz\u00e9pam \u00e0 vendre - Best Global Meds\" \/>\n<meta property=\"og:description\" content=\"Achetez des pastilles de diclaz\u00e9pam, pas cher des pastilles de diclaz\u00e9pam 2 mg \u00e0 vendre au Royaume-Uni, en Europe, achetez du diclaz\u00e9pam de haute qualit\u00e9 au Royaume-Uni, livraison le lendemain, prix du diclaz\u00e9pam.\" \/>\n<meta property=\"og:url\" content=\"https:\/\/medicinasinc.com\/fr\/product\/acheter-diclazepam-2-mg-granules\/\" \/>\n<meta property=\"og:site_name\" content=\"Medicinas Inc\" \/>\n<meta property=\"article:modified_time\" content=\"2022-03-17T11:56:21+00:00\" \/>\n<meta property=\"og:image\" content=\"https:\/\/medicinasinc.com\/fr\/wp-content\/uploads\/sites\/5\/2022\/02\/Buy-Diclazepam-Pellets-2mg.jpg\" \/>\n\t<meta property=\"og:image:width\" content=\"566\" \/>\n\t<meta property=\"og:image:height\" content=\"462\" \/>\n\t<meta property=\"og:image:type\" content=\"image\/jpeg\" \/>\n<meta name=\"twitter:card\" content=\"summary_large_image\" \/>\n<meta name=\"twitter:label1\" content=\"Est. reading time\" \/>\n\t<meta name=\"twitter:data1\" content=\"1 minute\" \/>\n<script type=\"application\/ld+json\" class=\"yoast-schema-graph\">{\"@context\":\"https:\\\/\\\/schema.org\",\"@graph\":[{\"@type\":\"WebPage\",\"@id\":\"https:\\\/\\\/medicinasinc.com\\\/fr\\\/product\\\/acheter-diclazepam-2-mg-granules\\\/\",\"url\":\"https:\\\/\\\/medicinasinc.com\\\/fr\\\/product\\\/acheter-diclazepam-2-mg-granules\\\/\",\"name\":\"Acheter des pastilles de diclaz\u00e9pam 2 mg - Diclaz\u00e9pam \u00e0 vendre - Best Global Meds\",\"isPartOf\":{\"@id\":\"https:\\\/\\\/medicinasinc.com\\\/fr\\\/#website\"},\"primaryImageOfPage\":{\"@id\":\"https:\\\/\\\/medicinasinc.com\\\/fr\\\/product\\\/acheter-diclazepam-2-mg-granules\\\/#primaryimage\"},\"image\":{\"@id\":\"https:\\\/\\\/medicinasinc.com\\\/fr\\\/product\\\/acheter-diclazepam-2-mg-granules\\\/#primaryimage\"},\"thumbnailUrl\":\"https:\\\/\\\/medicinasinc.com\\\/fr\\\/wp-content\\\/uploads\\\/sites\\\/5\\\/2022\\\/02\\\/Buy-Diclazepam-Pellets-2mg.jpg\",\"datePublished\":\"2022-02-22T00:31:52+00:00\",\"dateModified\":\"2022-03-17T11:56:21+00:00\",\"description\":\"Achetez des pastilles de diclaz\u00e9pam, pas cher des pastilles de diclaz\u00e9pam 2 mg \u00e0 vendre au Royaume-Uni, en Europe, achetez du diclaz\u00e9pam de haute qualit\u00e9 au Royaume-Uni, livraison le lendemain, prix du diclaz\u00e9pam.\",\"breadcrumb\":{\"@id\":\"https:\\\/\\\/medicinasinc.com\\\/fr\\\/product\\\/acheter-diclazepam-2-mg-granules\\\/#breadcrumb\"},\"inLanguage\":\"en-US\",\"potentialAction\":[{\"@type\":\"ReadAction\",\"target\":[\"https:\\\/\\\/medicinasinc.com\\\/fr\\\/product\\\/acheter-diclazepam-2-mg-granules\\\/\"]}]},{\"@type\":\"ImageObject\",\"inLanguage\":\"en-US\",\"@id\":\"https:\\\/\\\/medicinasinc.com\\\/fr\\\/product\\\/acheter-diclazepam-2-mg-granules\\\/#primaryimage\",\"url\":\"https:\\\/\\\/medicinasinc.com\\\/fr\\\/wp-content\\\/uploads\\\/sites\\\/5\\\/2022\\\/02\\\/Buy-Diclazepam-Pellets-2mg.jpg\",\"contentUrl\":\"https:\\\/\\\/medicinasinc.com\\\/fr\\\/wp-content\\\/uploads\\\/sites\\\/5\\\/2022\\\/02\\\/Buy-Diclazepam-Pellets-2mg.jpg\",\"width\":566,\"height\":462},{\"@type\":\"BreadcrumbList\",\"@id\":\"https:\\\/\\\/medicinasinc.com\\\/fr\\\/product\\\/acheter-diclazepam-2-mg-granules\\\/#breadcrumb\",\"itemListElement\":[{\"@type\":\"ListItem\",\"position\":1,\"name\":\"Boutique\",\"item\":\"https:\\\/\\\/medicinasinc.com\\\/fr\\\/boutique\\\/\"},{\"@type\":\"ListItem\",\"position\":2,\"name\":\"Acheter Diclaz\u00e9pam 2 mg granul\u00e9s\"}]},{\"@type\":\"WebSite\",\"@id\":\"https:\\\/\\\/medicinasinc.com\\\/fr\\\/#website\",\"url\":\"https:\\\/\\\/medicinasinc.com\\\/fr\\\/\",\"name\":\"Medicinas Inc\",\"description\":\"Health Medical Clinic\",\"potentialAction\":[{\"@type\":\"SearchAction\",\"target\":{\"@type\":\"EntryPoint\",\"urlTemplate\":\"https:\\\/\\\/medicinasinc.com\\\/fr\\\/?s={search_term_string}\"},\"query-input\":{\"@type\":\"PropertyValueSpecification\",\"valueRequired\":true,\"valueName\":\"search_term_string\"}}],\"inLanguage\":\"en-US\"}]}<\/script>\n<!-- \/ Yoast SEO plugin. -->","yoast_head_json":{"title":"Acheter des pastilles de diclaz\u00e9pam 2 mg - Diclaz\u00e9pam \u00e0 vendre - Best Global Meds","description":"Achetez des pastilles de diclaz\u00e9pam, pas cher des pastilles de diclaz\u00e9pam 2 mg \u00e0 vendre au Royaume-Uni, en Europe, achetez du diclaz\u00e9pam de haute qualit\u00e9 au Royaume-Uni, livraison le lendemain, prix du diclaz\u00e9pam.","robots":{"index":"index","follow":"follow","max-snippet":"max-snippet:-1","max-image-preview":"max-image-preview:large","max-video-preview":"max-video-preview:-1"},"canonical":"https:\/\/medicinasinc.com\/fr\/product\/acheter-diclazepam-2-mg-granules\/","og_locale":"en_US","og_type":"article","og_title":"Acheter des pastilles de diclaz\u00e9pam 2 mg - Diclaz\u00e9pam \u00e0 vendre - Best Global Meds","og_description":"Achetez des pastilles de diclaz\u00e9pam, pas cher des pastilles de diclaz\u00e9pam 2 mg \u00e0 vendre au Royaume-Uni, en Europe, achetez du diclaz\u00e9pam de haute qualit\u00e9 au Royaume-Uni, livraison le lendemain, prix du diclaz\u00e9pam.","og_url":"https:\/\/medicinasinc.com\/fr\/product\/acheter-diclazepam-2-mg-granules\/","og_site_name":"Medicinas Inc","article_modified_time":"2022-03-17T11:56:21+00:00","og_image":[{"width":566,"height":462,"url":"https:\/\/medicinasinc.com\/fr\/wp-content\/uploads\/sites\/5\/2022\/02\/Buy-Diclazepam-Pellets-2mg.jpg","type":"image\/jpeg"}],"twitter_card":"summary_large_image","twitter_misc":{"Est. reading time":"1 minute"},"schema":{"@context":"https:\/\/schema.org","@graph":[{"@type":"WebPage","@id":"https:\/\/medicinasinc.com\/fr\/product\/acheter-diclazepam-2-mg-granules\/","url":"https:\/\/medicinasinc.com\/fr\/product\/acheter-diclazepam-2-mg-granules\/","name":"Acheter des pastilles de diclaz\u00e9pam 2 mg - Diclaz\u00e9pam \u00e0 vendre - Best Global Meds","isPartOf":{"@id":"https:\/\/medicinasinc.com\/fr\/#website"},"primaryImageOfPage":{"@id":"https:\/\/medicinasinc.com\/fr\/product\/acheter-diclazepam-2-mg-granules\/#primaryimage"},"image":{"@id":"https:\/\/medicinasinc.com\/fr\/product\/acheter-diclazepam-2-mg-granules\/#primaryimage"},"thumbnailUrl":"https:\/\/medicinasinc.com\/fr\/wp-content\/uploads\/sites\/5\/2022\/02\/Buy-Diclazepam-Pellets-2mg.jpg","datePublished":"2022-02-22T00:31:52+00:00","dateModified":"2022-03-17T11:56:21+00:00","description":"Achetez des pastilles de diclaz\u00e9pam, pas cher des pastilles de diclaz\u00e9pam 2 mg \u00e0 vendre au Royaume-Uni, en Europe, achetez du diclaz\u00e9pam de haute qualit\u00e9 au Royaume-Uni, livraison le lendemain, prix du diclaz\u00e9pam.","breadcrumb":{"@id":"https:\/\/medicinasinc.com\/fr\/product\/acheter-diclazepam-2-mg-granules\/#breadcrumb"},"inLanguage":"en-US","potentialAction":[{"@type":"ReadAction","target":["https:\/\/medicinasinc.com\/fr\/product\/acheter-diclazepam-2-mg-granules\/"]}]},{"@type":"ImageObject","inLanguage":"en-US","@id":"https:\/\/medicinasinc.com\/fr\/product\/acheter-diclazepam-2-mg-granules\/#primaryimage","url":"https:\/\/medicinasinc.com\/fr\/wp-content\/uploads\/sites\/5\/2022\/02\/Buy-Diclazepam-Pellets-2mg.jpg","contentUrl":"https:\/\/medicinasinc.com\/fr\/wp-content\/uploads\/sites\/5\/2022\/02\/Buy-Diclazepam-Pellets-2mg.jpg","width":566,"height":462},{"@type":"BreadcrumbList","@id":"https:\/\/medicinasinc.com\/fr\/product\/acheter-diclazepam-2-mg-granules\/#breadcrumb","itemListElement":[{"@type":"ListItem","position":1,"name":"Boutique","item":"https:\/\/medicinasinc.com\/fr\/boutique\/"},{"@type":"ListItem","position":2,"name":"Acheter Diclaz\u00e9pam 2 mg granul\u00e9s"}]},{"@type":"WebSite","@id":"https:\/\/medicinasinc.com\/fr\/#website","url":"https:\/\/medicinasinc.com\/fr\/","name":"Medicinas Inc","description":"Health Medical Clinic","potentialAction":[{"@type":"SearchAction","target":{"@type":"EntryPoint","urlTemplate":"https:\/\/medicinasinc.com\/fr\/?s={search_term_string}"},"query-input":{"@type":"PropertyValueSpecification","valueRequired":true,"valueName":"search_term_string"}}],"inLanguage":"en-US"}]}},"_links":{"self":[{"href":"https:\/\/medicinasinc.com\/fr\/wp-json\/wp\/v2\/product\/5494","targetHints":{"allow":["GET"]}}],"collection":[{"href":"https:\/\/medicinasinc.com\/fr\/wp-json\/wp\/v2\/product"}],"about":[{"href":"https:\/\/medicinasinc.com\/fr\/wp-json\/wp\/v2\/types\/product"}],"replies":[{"embeddable":true,"href":"https:\/\/medicinasinc.com\/fr\/wp-json\/wp\/v2\/comments?post=5494"}],"wp:featuredmedia":[{"embeddable":true,"href":"https:\/\/medicinasinc.com\/fr\/wp-json\/wp\/v2\/media\/5503"}],"wp:attachment":[{"href":"https:\/\/medicinasinc.com\/fr\/wp-json\/wp\/v2\/media?parent=5494"}],"wp:term":[{"taxonomy":"product_brand","embeddable":true,"href":"https:\/\/medicinasinc.com\/fr\/wp-json\/wp\/v2\/product_brand?post=5494"},{"taxonomy":"product_cat","embeddable":true,"href":"https:\/\/medicinasinc.com\/fr\/wp-json\/wp\/v2\/product_cat?post=5494"},{"taxonomy":"product_tag","embeddable":true,"href":"https:\/\/medicinasinc.com\/fr\/wp-json\/wp\/v2\/product_tag?post=5494"}],"curies":[{"name":"wp","href":"https:\/\/api.w.org\/{rel}","templated":true}]}}