{"id":5471,"date":"2022-02-22T00:08:30","date_gmt":"2022-02-22T00:08:30","guid":{"rendered":"https:\/\/medicinasinc.com\/fr\/?post_type=product&#038;p=5471"},"modified":"2022-08-05T10:39:52","modified_gmt":"2022-08-05T10:39:52","slug":"acheter-crystal-meth-methamphetamine","status":"publish","type":"product","link":"https:\/\/medicinasinc.com\/fr\/product\/acheter-crystal-meth-methamphetamine\/","title":{"rendered":"Acheter du Crystal Meth (m\u00e9thamph\u00e9tamine)"},"content":{"rendered":"<p><strong>O\u00f9 acheter du Crystal Meth &#8211; M\u00e9thamph\u00e9tamine<\/strong><\/p>\n<p>Pr\u00eat \u00e0 acheter du Crystal Meth, souvent connu sous le nom de m\u00e9thamph\u00e9tamine pr\u00e9cieuse, est un stimulant du syst\u00e8me nerveux central (SNC) qui a un impact important des similitudes avec les amph\u00e9tamines, la deuxi\u00e8me classe de m\u00e9dicaments ill\u00e9gaux la plus populaire au monde, derri\u00e8re la maryjane.<br \/>\nComme pour l&#8217;amph\u00e9tamine, elle favorise une activit\u00e9 accrue, une diminution de l&#8217;app\u00e9tit et un sentiment g\u00e9n\u00e9ral de bien-\u00eatre.<\/p>\n<p>Il existe quelques utilisations pharmaceutiques reconnues du Crystal Meth \u2013 M\u00e9thamph\u00e9tamine, y compris le traitement de la narcolepsie, le manque de capacit\u00e9 \u00e0 se concentrer r\u00e9guli\u00e8rement et pour une utilisation transitoire, comme l&#8217;ob\u00e9sit\u00e9\u00a0; n\u00e9anmoins, ces usages m\u00e9dicinaux sont limit\u00e9s.<\/p>\n<p>Le Crystal Meth, comme la coca\u00efne, peut \u00eatre fum\u00e9. Chemical Inc. vend du Crystal Meth &#8211; M\u00e9thamph\u00e9tamine.<\/p>\n<p>Quelles sont les caract\u00e9ristiques du Crystal Meth &#8211; M\u00e9thamph\u00e9tamines\u00a0?<\/p>\n<p>Les m\u00e9thamph\u00e9tamines sont utilis\u00e9es pour traiter les affections suivantes\u00a0:<\/p>\n<p>TDAHNarcolepsie<\/p>\n<p>Les applications m\u00e9dicales sont limit\u00e9es.<\/p>\n<p>Crystal Meth &#8211; La m\u00e9thamph\u00e9tamine, comme la coca\u00efne, peut \u00eatre fum\u00e9e.<\/p>\n<figure class=\"wp-caption alignleft\"><img loading=\"lazy\" decoding=\"async\" class=\" n3VNCb\" src=\"https:\/\/www.detoxplusuk.com\/wp-content\/uploads\/sites\/5\/2019\/01\/Crystal-meth-e1546508093797.png\" alt=\"Crystal Meth - M\u00e9thamph\u00e9tamine | Chemical Inc\" width=\"600\" height=\"351\" data-iml=\"71374\" \/><figcaption class=\"wp-caption-text\">Acheter du Crystal Meth avec des Bitcoins<\/figcaption><\/figure>\n<h2><strong>Que sont les caract\u00e9ristiques des m\u00e9thamph\u00e9tamines\u00a0?<\/strong><\/h2>\n<p><span class=\"tagify__tag-text\">Crystal\u00a0Meth\u00a0\u2013\u00a0M\u00e9tamph\u00e9tamine<\/span>\u00a0sont destin\u00e9s au traitement de\u00a0:<\/p>\n<ul>\n<li>TDAH Narcolepsie<\/li>\n<li>Ob\u00e9sit\u00e9 Ainsi, il provoque une action \u00e9largie, une diminution de la faim et un sentiment g\u00e9n\u00e9ral de prosp\u00e9rit\u00e9. Lorsqu&#8217;il est utilis\u00e9 en surabondance, il a des effets progressivement destructeurs sur le syst\u00e8me sensoriel focal.<\/li>\n<\/ul>\n<h2><\/h2>\n<h2><\/h2>\n<h2><strong>Quels sont les pr\u00e9cautions de\u00a0<\/strong>Crystal Meth<strong>\u00a0?<\/strong><\/h2>\n<ul>\n<li>Si vous pensez \u00eatre enceinte pendant l&#8217;utilisation du m\u00e9dicament, informez-en imm\u00e9diatement votre sp\u00e9cialiste afin de maintenir un distance strat\u00e9gique des difficult\u00e9s.<\/li>\n<li>Si vous souffrez de maladies cardiaques,<\/li>\n<\/ul>\n<h2><strong>Quels sont les effets secondaires de\u00a0<\/strong>Crystal Meth<strong>\u00a0? <\/strong><\/h2>\n<p>Les effets n\u00e9fastes des m\u00e9thamph\u00e9tamines incluent\u00a0:<\/p>\n<ul>\n<li>Une augmentation du pouls<\/li>\n<li>Une augmentation de la temp\u00e9rature corporelle<\/li>\n<li>Une augmentation du taux de relaxation<\/li>\n<li>\u00c9l\u00e8ves dilat\u00e9s<\/li>\n<li>Tremblements Sentiments de ravissement<\/li>\n<li>Augmentation de l&#8217;anxi\u00e9t\u00e9<\/li>\n<li>Irritabilit\u00e9<\/li>\n<li>Parano\u00efa<\/li>\n<li>Comportement violent et volage<\/li>\n<li>Hyperactivit\u00e9 temporaire Consulter un sp\u00e9cialiste pour un traitement th\u00e9rapeutique.<\/li>\n<\/ul>\n<h2><strong>Que se passe-t-il n si vous manquez ou faites une overdose\u00a0<\/strong>Crystal Meth<strong>\u00a0?<\/strong><\/h2>\n<p>\u00c9viter une portion de m\u00e9thamph\u00e9tamines est tout sauf une \u00e9preuve majeure, mais vous pouvez prendre le temps dont vous vous souvenez \u00e0 ce sujet, mais doit s&#8217;abstenir de prendre des mesures doubles.<\/p>\n<p>&nbsp;<\/p>\n<p><span class=\"tagify__tag-text\">La m\u00e9thamph\u00e9tamine<\/span>\u00a0sont propos\u00e9es pour garder le centre, en cas de surdosage, il pourrait directement provoquer de v\u00e9ritables conditions m\u00e9dicales, donc la recherche d&#8217;une assistance en cas de crise aupr\u00e8s d&#8217;experts en bien-\u00eatre est la meilleure option. <span class=\"tagify__tag-text\">Commander du Crystal Meth\u00a0\u2013\u00a0M\u00e9tamph\u00e9tamine en ligne<\/span>\u00a0chez Chemical Inc<\/p>\n<h2><strong>Comment conserver les m\u00e9thamph\u00e9tamines\u00a0?<\/strong><\/h2>\n<p>De plus, l\u00e0 o\u00f9 il n&#8217;y a ni lumi\u00e8re ni chaleur, conservez les m\u00e9thamph\u00e9tamines \u00e0 temp\u00e9rature ambiante. De m\u00eame, ne rincez pas ce m\u00e9dicament. Vos enfants et vos animaux de compagnie ne doivent en aucun cas connecter ce m\u00e9dicament.<\/p>\n<h2><strong>O\u00f9 acheter\u00a0<\/strong>Crystal Meth\u00a0<strong>en ligne\u00a0?<\/strong><\/h2>\n<p>Cependant, vous pouvez acheter de la m\u00e9thamph\u00e9tamine en cristal &#8211; m\u00e9thamph\u00e9tamine en ligne dans la boutique en ligne la plus r\u00e9put\u00e9e &#8211; Chemical Inc.<\/p>\n<p>Acheter des m\u00e9thamph\u00e9tamines sans rem\u00e8de, des m\u00e9thamph\u00e9tamines disponibles \u00e0 l&#8217;achat en ligne, au meilleur co\u00fbt du sc\u00e9nario.<br \/>\nAchetez le meilleur m\u00e9dicaments ici \u00e0 ce stade\u00a0! <span class=\"tagify__tag-text\">Acheter du Crystal Meth en ligne<\/span><\/p>\n<h3><b>Les utilisateurs de meth ne devraient pas attendre pour se faire soigner<\/b><\/h3>\n<p>Alors que de nombreux les sympt\u00f4mes peuvent \u00eatre invers\u00e9s avec un traitement appropri\u00e9, les effets du vieillissement avanc\u00e9 et la carie dentaire sont difficiles \u00e0 inverser et les dommages sont souvent permanents.<\/p>\n<p>En outre, la consommation de m\u00e9thamph\u00e9tamine peut provoquer une psychose ou un comportement psychotique, dans lequel les utilisateurs perdent le contact avec la r\u00e9alit\u00e9 et \u00e9prouvent de fortes illusions, de la parano\u00efa, des hallucinations et un comportement obsessionnel qui les emp\u00eachent de vraiment r\u00e9aliser les dommages qu&#8217;ils se causent.<\/p>\n<p>Il est imp\u00e9ratif que le toxicomane tende la main et trouve de l&#8217;aide imm\u00e9diatement, ou subisse ces effets physiques et psychologiques, et autres sympt\u00f4mes courants tels que relations d\u00e9truites, d\u00e9nuement financier et accusations criminelles.<\/p>\n<p>La d\u00e9pendance touche presque toutes les familles, ravageant la sant\u00e9 physique et mentale, les relations et les finances personnelles. M\u00e8res, p\u00e8res, fr\u00e8res, s\u0153urs, filles et fils.<\/p>\n<p>Personne n&#8217;est \u00e0 l&#8217;abri de l&#8217;effrayant impact \u00e0 long terme de l&#8217;abus de drogues dures.<br \/>\nCe qui suit est une description qui donne \u00e0 r\u00e9fl\u00e9chir d&#8217;individus VRAIS.<\/p>\n<p>Wo`ve a \u00e9t\u00e9 victime de la tentation de la consommation de drogues &#8211; dans ce cas, la m\u00e9thamph\u00e9tamine &#8211; avec ses effets d\u00e9vastateurs qui ne sont que trop apparents.<br \/>\nSi vous ou un proche souffrez d&#8217;une d\u00e9pendance \u00e0 la m\u00e9thamph\u00e9tamine, ou Si vous souhaitez en savoir plus, veuillez consulter les sites Web suivants pour obtenir de l&#8217;aide sur l&#8217;obtention d&#8217;une assistance \u00e0 la r\u00e9cup\u00e9ration.<\/p>\n","protected":false},"excerpt":{"rendered":"<div class=\"woocommerce-product-details__short-description\">\n<p>Achetez du Crystal Meth \u00e0 vendre au Royaume-Uni, dans l&#8217;UE, en Europe, aux \u00c9tats-Unis et en Chine pour traiter le cancer avec l&#8217;aide de medicinasinc.com. Le meilleur endroit o\u00f9 vous pouvez acheter de la m\u00e9thamph\u00e9tamine en ligne \u00e0 bas prix.<\/p>\n<p>Acheter du Crystal Meth \u00e0 bas prix en ligne Sans ordonnance, nous vendons du Crystal Meth en ligne et l&#8217;envoyons dans le monde entier dans les 24\/48 heures. Commandez maintenant.<\/p>\n<p>Le terme \u201ccrystal meth\u201d fait r\u00e9f\u00e9rence \u00e0 la m\u00e9thamph\u00e9tamine en cristaux, un stimulant puissant et hautement addictif qui affecte le syst\u00e8me nerveux central.<\/p>\n<p>Vous pouvez maintenant acheter de la m\u00e9thamph\u00e9tamine en cristaux en ligne et vous la faire livrer le lendemain. La forme la plus courante ou la plus pure de m\u00e9thamph\u00e9tamine en cristaux est presque pure. Il est inodore et non toxique.<\/p>\n<p>La m\u00e9thamph\u00e9tamine est un puissant stimulant du syst\u00e8me nerveux central que j&#8217;utilisais principalement comme drogue r\u00e9cr\u00e9ative et le plus souvent comme traitement de deuxi\u00e8me ligne<\/p>\n<\/div>\n","protected":false},"featured_media":5483,"comment_status":"open","ping_status":"closed","template":"","meta":[],"product_brand":[],"product_cat":[59],"product_tag":[2799,2801,2800,2817,2823,2814,2825,2802,2803,2830,2829,2804,2832,712,2811,2807,2808,2809,2812,2816,2819,2818,2820,2821,2828,2831,2805,2822,2806,2824,2826,2815,2827,2833],"class_list":{"0":"post-5471","1":"product","2":"type-product","3":"status-publish","4":"has-post-thumbnail","6":"product_cat-produits-chimiques-de-recherche","7":"product_tag-acheter-crystal-med-en-australieale-pres-de-vous","8":"product_tag-bu-rtl-meth-on-deepweb","9":"product_tag-bu-cristal-mth-nln","10":"product_tag-aller-vite","11":"product_tag-n-dz","12":"product_tag-ctrek","13":"product_tag-carburant-de-fuse","14":"product_tag-chrtn","15":"product_tag-chlk","16":"product_tag-rdr-rtl-mth-n-drknt","17":"product_tag-rdr-crystal-mth-n-tr","18":"product_tag-cotton-candy","19":"product_tag-rtl-mth-pour-l-en-ligne","20":"product_tag-crystal-meth-allemagne","21":"product_tag-cristal-mth-reddit","22":"product_tag-crystal-mth-effect","23":"product_tag-crystal-mth-europe","24":"product_tag-crystal-mth-for-sale","25":"product_tag-cristal-mth-livraison","26":"product_tag-fr","27":"product_tag-gk","28":"product_tag-allez-y-ju","29":"product_tag-glace","30":"product_tag-l-a-gl","31":"product_tag-en-d0-b0-d1-95h","32":"product_tag-rtl-meth-h","33":"product_tag-manivelle","34":"product_tag-mthamphtamine","35":"product_tag-cristal-mth-australie","36":"product_tag-pk","37":"product_tag-sb-collations","38":"product_tag-tremper","39":"product_tag-tweek","40":"product_tag-rtl-mth-vndr-n-tats-unis","42":"first","43":"instock","44":"shipping-taxable","45":"purchasable","46":"product-type-variable","47":"has-default-attributes"},"yoast_head":"<!-- This site is optimized with the Yoast SEO plugin v27.3 - https:\/\/yoast.com\/product\/yoast-seo-wordpress\/ -->\n<title>Acheter Crystal Meth (m\u00e9thamph\u00e9tamine) - Meilleurs meilleurs m\u00e9dicaments mondiaux<\/title>\n<meta name=\"description\" content=\"Acheter du Crystal Meth \u00e0 vendre au Royaume-Uni, dans l&#039;UE, en Europe, aux \u00c9tats-Unis et en Chine pour traiter le cancer avec l&#039;aide de medicinasinc.com. Le meilleur endroit o\u00f9 vous pouvez acheter de la m\u00e9thamph\u00e9tamine en ligne \u00e0 bas prix.\" \/>\n<meta name=\"robots\" content=\"index, follow, max-snippet:-1, max-image-preview:large, max-video-preview:-1\" \/>\n<link rel=\"canonical\" href=\"https:\/\/medicinasinc.com\/fr\/product\/acheter-crystal-meth-methamphetamine\/\" \/>\n<meta property=\"og:locale\" content=\"en_US\" \/>\n<meta property=\"og:type\" content=\"article\" \/>\n<meta property=\"og:title\" content=\"Acheter Crystal Meth (m\u00e9thamph\u00e9tamine) - Meilleurs meilleurs m\u00e9dicaments mondiaux\" \/>\n<meta property=\"og:description\" content=\"Acheter du Crystal Meth \u00e0 vendre au Royaume-Uni, dans l&#039;UE, en Europe, aux \u00c9tats-Unis et en Chine pour traiter le cancer avec l&#039;aide de medicinasinc.com. Le meilleur endroit o\u00f9 vous pouvez acheter de la m\u00e9thamph\u00e9tamine en ligne \u00e0 bas prix.\" \/>\n<meta property=\"og:url\" content=\"https:\/\/medicinasinc.com\/fr\/product\/acheter-crystal-meth-methamphetamine\/\" \/>\n<meta property=\"og:site_name\" content=\"Medicinas Inc\" \/>\n<meta property=\"article:modified_time\" content=\"2022-08-05T10:39:52+00:00\" \/>\n<meta property=\"og:image\" content=\"https:\/\/medicinasinc.com\/fr\/wp-content\/uploads\/sites\/5\/2022\/02\/Buy-Crystal-Meth.jpg\" \/>\n\t<meta property=\"og:image:width\" content=\"1024\" \/>\n\t<meta property=\"og:image:height\" content=\"768\" \/>\n\t<meta property=\"og:image:type\" content=\"image\/jpeg\" \/>\n<meta name=\"twitter:card\" content=\"summary_large_image\" \/>\n<meta name=\"twitter:label1\" content=\"Est. reading time\" \/>\n\t<meta name=\"twitter:data1\" content=\"4 minutes\" \/>\n<script type=\"application\/ld+json\" class=\"yoast-schema-graph\">{\"@context\":\"https:\\\/\\\/schema.org\",\"@graph\":[{\"@type\":\"WebPage\",\"@id\":\"https:\\\/\\\/medicinasinc.com\\\/fr\\\/product\\\/acheter-crystal-meth-methamphetamine\\\/\",\"url\":\"https:\\\/\\\/medicinasinc.com\\\/fr\\\/product\\\/acheter-crystal-meth-methamphetamine\\\/\",\"name\":\"Acheter Crystal Meth (m\u00e9thamph\u00e9tamine) - Meilleurs meilleurs m\u00e9dicaments mondiaux\",\"isPartOf\":{\"@id\":\"https:\\\/\\\/medicinasinc.com\\\/fr\\\/#website\"},\"primaryImageOfPage\":{\"@id\":\"https:\\\/\\\/medicinasinc.com\\\/fr\\\/product\\\/acheter-crystal-meth-methamphetamine\\\/#primaryimage\"},\"image\":{\"@id\":\"https:\\\/\\\/medicinasinc.com\\\/fr\\\/product\\\/acheter-crystal-meth-methamphetamine\\\/#primaryimage\"},\"thumbnailUrl\":\"https:\\\/\\\/medicinasinc.com\\\/fr\\\/wp-content\\\/uploads\\\/sites\\\/5\\\/2022\\\/02\\\/Buy-Crystal-Meth.jpg\",\"datePublished\":\"2022-02-22T00:08:30+00:00\",\"dateModified\":\"2022-08-05T10:39:52+00:00\",\"description\":\"Acheter du Crystal Meth \u00e0 vendre au Royaume-Uni, dans l'UE, en Europe, aux \u00c9tats-Unis et en Chine pour traiter le cancer avec l'aide de medicinasinc.com. Le meilleur endroit o\u00f9 vous pouvez acheter de la m\u00e9thamph\u00e9tamine en ligne \u00e0 bas prix.\",\"breadcrumb\":{\"@id\":\"https:\\\/\\\/medicinasinc.com\\\/fr\\\/product\\\/acheter-crystal-meth-methamphetamine\\\/#breadcrumb\"},\"inLanguage\":\"en-US\",\"potentialAction\":[{\"@type\":\"ReadAction\",\"target\":[\"https:\\\/\\\/medicinasinc.com\\\/fr\\\/product\\\/acheter-crystal-meth-methamphetamine\\\/\"]}]},{\"@type\":\"ImageObject\",\"inLanguage\":\"en-US\",\"@id\":\"https:\\\/\\\/medicinasinc.com\\\/fr\\\/product\\\/acheter-crystal-meth-methamphetamine\\\/#primaryimage\",\"url\":\"https:\\\/\\\/medicinasinc.com\\\/fr\\\/wp-content\\\/uploads\\\/sites\\\/5\\\/2022\\\/02\\\/Buy-Crystal-Meth.jpg\",\"contentUrl\":\"https:\\\/\\\/medicinasinc.com\\\/fr\\\/wp-content\\\/uploads\\\/sites\\\/5\\\/2022\\\/02\\\/Buy-Crystal-Meth.jpg\",\"width\":1024,\"height\":768},{\"@type\":\"BreadcrumbList\",\"@id\":\"https:\\\/\\\/medicinasinc.com\\\/fr\\\/product\\\/acheter-crystal-meth-methamphetamine\\\/#breadcrumb\",\"itemListElement\":[{\"@type\":\"ListItem\",\"position\":1,\"name\":\"Boutique\",\"item\":\"https:\\\/\\\/medicinasinc.com\\\/fr\\\/boutique\\\/\"},{\"@type\":\"ListItem\",\"position\":2,\"name\":\"Acheter du Crystal Meth (m\u00e9thamph\u00e9tamine)\"}]},{\"@type\":\"WebSite\",\"@id\":\"https:\\\/\\\/medicinasinc.com\\\/fr\\\/#website\",\"url\":\"https:\\\/\\\/medicinasinc.com\\\/fr\\\/\",\"name\":\"Medicinas Inc\",\"description\":\"Health Medical Clinic\",\"potentialAction\":[{\"@type\":\"SearchAction\",\"target\":{\"@type\":\"EntryPoint\",\"urlTemplate\":\"https:\\\/\\\/medicinasinc.com\\\/fr\\\/?s={search_term_string}\"},\"query-input\":{\"@type\":\"PropertyValueSpecification\",\"valueRequired\":true,\"valueName\":\"search_term_string\"}}],\"inLanguage\":\"en-US\"}]}<\/script>\n<!-- \/ Yoast SEO plugin. -->","yoast_head_json":{"title":"Acheter Crystal Meth (m\u00e9thamph\u00e9tamine) - Meilleurs meilleurs m\u00e9dicaments mondiaux","description":"Acheter du Crystal Meth \u00e0 vendre au Royaume-Uni, dans l'UE, en Europe, aux \u00c9tats-Unis et en Chine pour traiter le cancer avec l'aide de medicinasinc.com. Le meilleur endroit o\u00f9 vous pouvez acheter de la m\u00e9thamph\u00e9tamine en ligne \u00e0 bas prix.","robots":{"index":"index","follow":"follow","max-snippet":"max-snippet:-1","max-image-preview":"max-image-preview:large","max-video-preview":"max-video-preview:-1"},"canonical":"https:\/\/medicinasinc.com\/fr\/product\/acheter-crystal-meth-methamphetamine\/","og_locale":"en_US","og_type":"article","og_title":"Acheter Crystal Meth (m\u00e9thamph\u00e9tamine) - Meilleurs meilleurs m\u00e9dicaments mondiaux","og_description":"Acheter du Crystal Meth \u00e0 vendre au Royaume-Uni, dans l'UE, en Europe, aux \u00c9tats-Unis et en Chine pour traiter le cancer avec l'aide de medicinasinc.com. Le meilleur endroit o\u00f9 vous pouvez acheter de la m\u00e9thamph\u00e9tamine en ligne \u00e0 bas prix.","og_url":"https:\/\/medicinasinc.com\/fr\/product\/acheter-crystal-meth-methamphetamine\/","og_site_name":"Medicinas Inc","article_modified_time":"2022-08-05T10:39:52+00:00","og_image":[{"width":1024,"height":768,"url":"https:\/\/medicinasinc.com\/fr\/wp-content\/uploads\/sites\/5\/2022\/02\/Buy-Crystal-Meth.jpg","type":"image\/jpeg"}],"twitter_card":"summary_large_image","twitter_misc":{"Est. reading time":"4 minutes"},"schema":{"@context":"https:\/\/schema.org","@graph":[{"@type":"WebPage","@id":"https:\/\/medicinasinc.com\/fr\/product\/acheter-crystal-meth-methamphetamine\/","url":"https:\/\/medicinasinc.com\/fr\/product\/acheter-crystal-meth-methamphetamine\/","name":"Acheter Crystal Meth (m\u00e9thamph\u00e9tamine) - Meilleurs meilleurs m\u00e9dicaments mondiaux","isPartOf":{"@id":"https:\/\/medicinasinc.com\/fr\/#website"},"primaryImageOfPage":{"@id":"https:\/\/medicinasinc.com\/fr\/product\/acheter-crystal-meth-methamphetamine\/#primaryimage"},"image":{"@id":"https:\/\/medicinasinc.com\/fr\/product\/acheter-crystal-meth-methamphetamine\/#primaryimage"},"thumbnailUrl":"https:\/\/medicinasinc.com\/fr\/wp-content\/uploads\/sites\/5\/2022\/02\/Buy-Crystal-Meth.jpg","datePublished":"2022-02-22T00:08:30+00:00","dateModified":"2022-08-05T10:39:52+00:00","description":"Acheter du Crystal Meth \u00e0 vendre au Royaume-Uni, dans l'UE, en Europe, aux \u00c9tats-Unis et en Chine pour traiter le cancer avec l'aide de medicinasinc.com. Le meilleur endroit o\u00f9 vous pouvez acheter de la m\u00e9thamph\u00e9tamine en ligne \u00e0 bas prix.","breadcrumb":{"@id":"https:\/\/medicinasinc.com\/fr\/product\/acheter-crystal-meth-methamphetamine\/#breadcrumb"},"inLanguage":"en-US","potentialAction":[{"@type":"ReadAction","target":["https:\/\/medicinasinc.com\/fr\/product\/acheter-crystal-meth-methamphetamine\/"]}]},{"@type":"ImageObject","inLanguage":"en-US","@id":"https:\/\/medicinasinc.com\/fr\/product\/acheter-crystal-meth-methamphetamine\/#primaryimage","url":"https:\/\/medicinasinc.com\/fr\/wp-content\/uploads\/sites\/5\/2022\/02\/Buy-Crystal-Meth.jpg","contentUrl":"https:\/\/medicinasinc.com\/fr\/wp-content\/uploads\/sites\/5\/2022\/02\/Buy-Crystal-Meth.jpg","width":1024,"height":768},{"@type":"BreadcrumbList","@id":"https:\/\/medicinasinc.com\/fr\/product\/acheter-crystal-meth-methamphetamine\/#breadcrumb","itemListElement":[{"@type":"ListItem","position":1,"name":"Boutique","item":"https:\/\/medicinasinc.com\/fr\/boutique\/"},{"@type":"ListItem","position":2,"name":"Acheter du Crystal Meth (m\u00e9thamph\u00e9tamine)"}]},{"@type":"WebSite","@id":"https:\/\/medicinasinc.com\/fr\/#website","url":"https:\/\/medicinasinc.com\/fr\/","name":"Medicinas Inc","description":"Health Medical Clinic","potentialAction":[{"@type":"SearchAction","target":{"@type":"EntryPoint","urlTemplate":"https:\/\/medicinasinc.com\/fr\/?s={search_term_string}"},"query-input":{"@type":"PropertyValueSpecification","valueRequired":true,"valueName":"search_term_string"}}],"inLanguage":"en-US"}]}},"_links":{"self":[{"href":"https:\/\/medicinasinc.com\/fr\/wp-json\/wp\/v2\/product\/5471","targetHints":{"allow":["GET"]}}],"collection":[{"href":"https:\/\/medicinasinc.com\/fr\/wp-json\/wp\/v2\/product"}],"about":[{"href":"https:\/\/medicinasinc.com\/fr\/wp-json\/wp\/v2\/types\/product"}],"replies":[{"embeddable":true,"href":"https:\/\/medicinasinc.com\/fr\/wp-json\/wp\/v2\/comments?post=5471"}],"wp:featuredmedia":[{"embeddable":true,"href":"https:\/\/medicinasinc.com\/fr\/wp-json\/wp\/v2\/media\/5483"}],"wp:attachment":[{"href":"https:\/\/medicinasinc.com\/fr\/wp-json\/wp\/v2\/media?parent=5471"}],"wp:term":[{"taxonomy":"product_brand","embeddable":true,"href":"https:\/\/medicinasinc.com\/fr\/wp-json\/wp\/v2\/product_brand?post=5471"},{"taxonomy":"product_cat","embeddable":true,"href":"https:\/\/medicinasinc.com\/fr\/wp-json\/wp\/v2\/product_cat?post=5471"},{"taxonomy":"product_tag","embeddable":true,"href":"https:\/\/medicinasinc.com\/fr\/wp-json\/wp\/v2\/product_tag?post=5471"}],"curies":[{"name":"wp","href":"https:\/\/api.w.org\/{rel}","templated":true}]}}