{"id":5470,"date":"2022-02-22T00:06:57","date_gmt":"2022-02-22T00:06:57","guid":{"rendered":"https:\/\/medicinasinc.com\/fr\/?post_type=product&#038;p=5470"},"modified":"2022-08-05T10:39:48","modified_gmt":"2022-08-05T10:39:48","slug":"acheter-th-pvp-cristal","status":"publish","type":"product","link":"https:\/\/medicinasinc.com\/fr\/product\/acheter-th-pvp-cristal\/","title":{"rendered":"Acheter du cristal TH-PVP"},"content":{"rendered":"<p>Achetez du cristal TH-PVP \u00e0 prix r\u00e9duit en ligne.<\/p>\n<p>Achetez du cristal TH-PVP \u00e0 prix r\u00e9duit en ligne.<\/p>\n<p>Achetez du TH-PVP en ligne aupr\u00e8s de la soci\u00e9t\u00e9 de transport de bureau la plus r\u00e9put\u00e9e au monde .<\/p>\n<p>TH-PVP, comme PVP, est un \u00e9nergisant. On sait peu de choses sur ce produit chimique \u00e0 cet \u00e9gard, ce qui cr\u00e9e une \u00e9norme opportunit\u00e9 de recherche.<\/p>\n<p>Nous sommes le meilleur fournisseur de TH-PVP en Chine et sommes largement consid\u00e9r\u00e9s comme le meilleur revendeur TH-PVP Reddit. Si vous \u00eates \u00e0 la recherche d&#8217;un vendeur l\u00e9gitime TH-PVP, n&#8217;allez pas plus loin que nous.<\/p>\n<p>ACHETER TH-PVP EN LIGNE DE NOTRE MAGASIN<\/p>\n<p>Si vous cherchez un TH &#8211; Boutique PVP sur le Web qui vous permet d&#8217;acheter en toute s\u00e9curit\u00e9 un joyau TH-PVP, Classicarabians est votre meilleur pari. Nous disposons d&#8217;une vari\u00e9t\u00e9 de produits synth\u00e9tiques \u00e0 des fins de recherche, ainsi que de TH-PVP et d&#8217;autres \u00e9quivalents TH-PVP. Notre technique est assez claire et simple pour utiliser l&#8217;entr\u00e9e avanc\u00e9e pour obtenir des gemmes TH-PVP en ligne \u00e0 moindre co\u00fbt aupr\u00e8s des fabricants et fournisseurs en Chine.<\/p>\n<p>Si vous vivez aux \u00c9tats-Unis d&#8217;Am\u00e9rique, au Canada, au Royaume-Uni, Australie ou Europe et avez besoin d&#8217;un article de toute urgence, nous offrons la livraison dans le monde entier. Quoi qu&#8217;il en soit, nous vous invitons \u00e0 vous familiariser avec les utilisations et les sympt\u00f4mes du TH-PVP avant de le demander. De plus, vous devez \u00eatre conscient de certaines cons\u00e9quences r\u00e9elles associ\u00e9es \u00e0 l&#8217;achat de gemmes TH-PVP en ligne sans traitement dans votre \u00e9tat. Classicarabians est le plus grand vendeur de TH-PVP en ligne, vous permettant de compl\u00e9ter votre enqu\u00eate logique avec les mat\u00e9riaux de substance les plus facilement accessibles. Quoi qu&#8217;il en soit, nous vous invitons \u00e0 vous familiariser avec les utilisations et les sympt\u00f4mes du TH-PVP avant de le demander. De plus, vous devez \u00eatre conscient de certaines cons\u00e9quences r\u00e9elles associ\u00e9es \u00e0 l&#8217;achat de gemmes TH-PVP en ligne sans rem\u00e8de dans votre \u00e9tat.<\/p>\n<p>Nous fournissons la plus grande quantit\u00e9 et qualit\u00e9 de choses. Faites un effort pour ne pas gaspiller votre temps. Soumettez votre demande maintenant et l&#8217;article sera livr\u00e9 \u00e0 votre domicile. De plus, nous avons de la cire d&#8217;\u00e9toile de la mort.<\/p>\n","protected":false},"excerpt":{"rendered":"<div class=\"woocommerce-product-details__short-description\">\n<div class=\"char\">SPECIFICATION<\/div>\n<div class=\"specification\">\n<div class=\"sprow\"><span class=\"spname\">Nom du produit\u00a0:<\/span><span class=\"sptext\">TH-PVP<\/span><\/div>\n<div class=\"sprow\"><span class=\"spname\">Nom IUPAC\u00a0:<\/span> <span class=\"sptext\">2-(pyrrolidin-1-yl)-1-(5,6,7,8-t\u00e9trahydronaphtal\u00e8ne-2-yl)pentan-1-one<\/span><\/div>\n<div class=\"sprow\"><span class=\"spname\">Autres noms\u00a0:<\/span><span class=\"sptext\">TH-\u03b1-PVP<\/span><\/div>\n<div class=\"sprow\"><span class=\"spname\">Num\u00e9ro de cas\u00a0:<\/span><span class=\"sptext\">583123-2-1<\/span><\/div>\n<div class=\"sprow\"><span class=\"spname \">Formule mol\u00e9culaire\u00a0:<\/span><span class=\"sptext\">C19H27NO<\/span><\/div>\n<div class=\"sprow\"><span class=\"spname\">Effet\u00a0:<\/span><span class=\"sptext\">stimulant, psych\u00e9d\u00e9lique<\/span><\/div>\n<div class=\"sprow\"><span class=\"spname\">Puret\u00e9 de la substance\u00a0:<\/span><span class=\"sptext\"> 99,9\u00a0%<\/span><\/div>\n<div class=\"sprow\"><\/div>\n<\/div>\n<p><em>Achetez<\/em>\u00a0de haute qualit\u00e9\u00a0<em>TH pvp sur ligne<\/em>\u00a0au prix de gros Chine\u00a0<em>TH pvp<\/em>\u00a0fournisseur. \u2026 o\u00f9 vous pouvez\u00a0<em>acheter<\/em>\u00a0th-pvp\u00a0<em>cristal en ligne pas cher<\/em>\u00a0aux\u00a0<em>prix de gros<\/em><\/p>\n<p><em>Acheter TH<\/em> \u2013<em>PVP<\/em>\u00a0Rock\u00a0<em>Crystal<\/em> de Approved Drug Supplies au meilleur prix sur medicinasinc.com<\/p>\n<p>Achetez TH-PVP Crystal au prix le plus bas en ligne. L&#8217;exp\u00e9dition dans le monde entier est garantie d&#8217;\u00eatre s\u00fbre et s\u00e9curis\u00e9e avec nous. th-pvp\u00a0review<\/p>\n<p>O\u00f9 acheter du cristal TH-PVP bon march\u00e9\u00a0?<\/p>\n<p>Cristaux \u00e0 vendre | Acheter du cristal TH-PVP en ligne | Acheter de la poudre de cristal TH-PVP \u00e0 vendre | Acheter de la poudre de cristal TH-PVP pas cher | O\u00f9 acheter de la poudre de cristal TH-PVP en ligne | V\u00e9ritable cristal TH-PVP en ligne.<\/p>\n<\/div>\n","protected":false},"featured_media":5481,"comment_status":"open","ping_status":"closed","template":"","meta":[],"product_brand":[],"product_cat":[59],"product_tag":[2786,2780,2778,2779,2781,2783,2785,2784,2787,2793,2796,2782,2798,2794,2795,2789,2790,2788,2792,2797],"class_list":{"0":"post-5470","1":"product","2":"type-product","3":"status-publish","4":"has-post-thumbnail","6":"product_cat-produits-chimiques-de-recherche","7":"product_tag-achet-th-pvp-rock-crystal","8":"product_tag-buy-th-pvp-rock-crystal-stimulants","9":"product_tag-acheter-th-pvp-rock-crystal","10":"product_tag-achat-pvp-rock-crystal-en-ligne","11":"product_tag-acheter-th-pvp-rock-crystal-usa","12":"product_tag-ordre-th-pvp-rock-crystal","13":"product_tag-commander-e-pvp-rock-crystal-en-ligne","14":"product_tag-ordre-th-pvp-rock-crystal-eu","15":"product_tag-th-pvp-rock-crystal","16":"product_tag-e-pvp-rock-crystal-review","17":"product_tag-e-pvp-fournisseur-de-cristal-de-roche","18":"product_tag-mail-th-pvp-rock-crystal","19":"product_tag-o-acheter-le-pvp-rock-crystal","20":"product_tag-th-pvp-rock-crystal-stimulants","21":"product_tag-th-pvp-rock-crystal-stimulants-a-vendre","22":"product_tag-th-pvp-rock-crystal-a-vendre","23":"product_tag-th-pvp-rock-crystal-a-vendre-royaume-uni","24":"product_tag-th-pvp-rock-crystal-australie","25":"product_tag-th-pvp-rock-crystal-reddit","26":"product_tag-th-pvp-rock-cristal-vendor","28":"first","29":"instock","30":"shipping-taxable","31":"purchasable","32":"product-type-variable","33":"has-default-attributes"},"yoast_head":"<!-- This site is optimized with the Yoast SEO plugin v27.3 - https:\/\/yoast.com\/product\/yoast-seo-wordpress\/ -->\n<title>Acheter du cristal TH-PVP pas cher en ligne - Best Global Medicina<\/title>\n<meta name=\"description\" content=\"Acheter du cristal TH-PVP pas cher en ligne. V\u00e9ritable cristal TH-PVP en ligne \u2013 Cristal TH-PVP \u00e0 vendre | Acheter du cristal TH-PVP en ligne | Acheter de la poudre de cristal TH-PVP \u00e0 vendre | Acheter de la poudre de cristal TH-PVP pas cher | O\u00f9 acheter de la poudre de cristal TH-PVP en ligne.\" \/>\n<meta name=\"robots\" content=\"index, follow, max-snippet:-1, max-image-preview:large, max-video-preview:-1\" \/>\n<link rel=\"canonical\" href=\"https:\/\/medicinasinc.com\/fr\/product\/acheter-th-pvp-cristal\/\" \/>\n<meta property=\"og:locale\" content=\"en_US\" \/>\n<meta property=\"og:type\" content=\"article\" \/>\n<meta property=\"og:title\" content=\"Acheter du cristal TH-PVP pas cher en ligne - Best Global Medicina\" \/>\n<meta property=\"og:description\" content=\"Acheter du cristal TH-PVP pas cher en ligne. V\u00e9ritable cristal TH-PVP en ligne \u2013 Cristal TH-PVP \u00e0 vendre | Acheter du cristal TH-PVP en ligne | Acheter de la poudre de cristal TH-PVP \u00e0 vendre | Acheter de la poudre de cristal TH-PVP pas cher | O\u00f9 acheter de la poudre de cristal TH-PVP en ligne.\" \/>\n<meta property=\"og:url\" content=\"https:\/\/medicinasinc.com\/fr\/product\/acheter-th-pvp-cristal\/\" \/>\n<meta property=\"og:site_name\" content=\"Medicinas Inc\" \/>\n<meta property=\"article:modified_time\" content=\"2022-08-05T10:39:48+00:00\" \/>\n<meta property=\"og:image\" content=\"https:\/\/medicinasinc.com\/fr\/wp-content\/uploads\/sites\/5\/2022\/02\/buy-cheap-th-pvp-crystal-online.jpg\" \/>\n\t<meta property=\"og:image:width\" content=\"600\" \/>\n\t<meta property=\"og:image:height\" content=\"600\" \/>\n\t<meta property=\"og:image:type\" content=\"image\/jpeg\" \/>\n<meta name=\"twitter:card\" content=\"summary_large_image\" \/>\n<meta name=\"twitter:label1\" content=\"Est. reading time\" \/>\n\t<meta name=\"twitter:data1\" content=\"2 minutes\" \/>\n<script type=\"application\/ld+json\" class=\"yoast-schema-graph\">{\"@context\":\"https:\\\/\\\/schema.org\",\"@graph\":[{\"@type\":\"WebPage\",\"@id\":\"https:\\\/\\\/medicinasinc.com\\\/fr\\\/product\\\/acheter-th-pvp-cristal\\\/\",\"url\":\"https:\\\/\\\/medicinasinc.com\\\/fr\\\/product\\\/acheter-th-pvp-cristal\\\/\",\"name\":\"Acheter du cristal TH-PVP pas cher en ligne - Best Global Medicina\",\"isPartOf\":{\"@id\":\"https:\\\/\\\/medicinasinc.com\\\/fr\\\/#website\"},\"primaryImageOfPage\":{\"@id\":\"https:\\\/\\\/medicinasinc.com\\\/fr\\\/product\\\/acheter-th-pvp-cristal\\\/#primaryimage\"},\"image\":{\"@id\":\"https:\\\/\\\/medicinasinc.com\\\/fr\\\/product\\\/acheter-th-pvp-cristal\\\/#primaryimage\"},\"thumbnailUrl\":\"https:\\\/\\\/medicinasinc.com\\\/fr\\\/wp-content\\\/uploads\\\/sites\\\/5\\\/2022\\\/02\\\/buy-cheap-th-pvp-crystal-online.jpg\",\"datePublished\":\"2022-02-22T00:06:57+00:00\",\"dateModified\":\"2022-08-05T10:39:48+00:00\",\"description\":\"Acheter du cristal TH-PVP pas cher en ligne. V\u00e9ritable cristal TH-PVP en ligne \u2013 Cristal TH-PVP \u00e0 vendre | Acheter du cristal TH-PVP en ligne | Acheter de la poudre de cristal TH-PVP \u00e0 vendre | Acheter de la poudre de cristal TH-PVP pas cher | O\u00f9 acheter de la poudre de cristal TH-PVP en ligne.\",\"breadcrumb\":{\"@id\":\"https:\\\/\\\/medicinasinc.com\\\/fr\\\/product\\\/acheter-th-pvp-cristal\\\/#breadcrumb\"},\"inLanguage\":\"en-US\",\"potentialAction\":[{\"@type\":\"ReadAction\",\"target\":[\"https:\\\/\\\/medicinasinc.com\\\/fr\\\/product\\\/acheter-th-pvp-cristal\\\/\"]}]},{\"@type\":\"ImageObject\",\"inLanguage\":\"en-US\",\"@id\":\"https:\\\/\\\/medicinasinc.com\\\/fr\\\/product\\\/acheter-th-pvp-cristal\\\/#primaryimage\",\"url\":\"https:\\\/\\\/medicinasinc.com\\\/fr\\\/wp-content\\\/uploads\\\/sites\\\/5\\\/2022\\\/02\\\/buy-cheap-th-pvp-crystal-online.jpg\",\"contentUrl\":\"https:\\\/\\\/medicinasinc.com\\\/fr\\\/wp-content\\\/uploads\\\/sites\\\/5\\\/2022\\\/02\\\/buy-cheap-th-pvp-crystal-online.jpg\",\"width\":600,\"height\":600},{\"@type\":\"BreadcrumbList\",\"@id\":\"https:\\\/\\\/medicinasinc.com\\\/fr\\\/product\\\/acheter-th-pvp-cristal\\\/#breadcrumb\",\"itemListElement\":[{\"@type\":\"ListItem\",\"position\":1,\"name\":\"Boutique\",\"item\":\"https:\\\/\\\/medicinasinc.com\\\/fr\\\/boutique\\\/\"},{\"@type\":\"ListItem\",\"position\":2,\"name\":\"Acheter du cristal TH-PVP\"}]},{\"@type\":\"WebSite\",\"@id\":\"https:\\\/\\\/medicinasinc.com\\\/fr\\\/#website\",\"url\":\"https:\\\/\\\/medicinasinc.com\\\/fr\\\/\",\"name\":\"Medicinas Inc\",\"description\":\"Health Medical Clinic\",\"potentialAction\":[{\"@type\":\"SearchAction\",\"target\":{\"@type\":\"EntryPoint\",\"urlTemplate\":\"https:\\\/\\\/medicinasinc.com\\\/fr\\\/?s={search_term_string}\"},\"query-input\":{\"@type\":\"PropertyValueSpecification\",\"valueRequired\":true,\"valueName\":\"search_term_string\"}}],\"inLanguage\":\"en-US\"}]}<\/script>\n<!-- \/ Yoast SEO plugin. -->","yoast_head_json":{"title":"Acheter du cristal TH-PVP pas cher en ligne - Best Global Medicina","description":"Acheter du cristal TH-PVP pas cher en ligne. V\u00e9ritable cristal TH-PVP en ligne \u2013 Cristal TH-PVP \u00e0 vendre | Acheter du cristal TH-PVP en ligne | Acheter de la poudre de cristal TH-PVP \u00e0 vendre | Acheter de la poudre de cristal TH-PVP pas cher | O\u00f9 acheter de la poudre de cristal TH-PVP en ligne.","robots":{"index":"index","follow":"follow","max-snippet":"max-snippet:-1","max-image-preview":"max-image-preview:large","max-video-preview":"max-video-preview:-1"},"canonical":"https:\/\/medicinasinc.com\/fr\/product\/acheter-th-pvp-cristal\/","og_locale":"en_US","og_type":"article","og_title":"Acheter du cristal TH-PVP pas cher en ligne - Best Global Medicina","og_description":"Acheter du cristal TH-PVP pas cher en ligne. V\u00e9ritable cristal TH-PVP en ligne \u2013 Cristal TH-PVP \u00e0 vendre | Acheter du cristal TH-PVP en ligne | Acheter de la poudre de cristal TH-PVP \u00e0 vendre | Acheter de la poudre de cristal TH-PVP pas cher | O\u00f9 acheter de la poudre de cristal TH-PVP en ligne.","og_url":"https:\/\/medicinasinc.com\/fr\/product\/acheter-th-pvp-cristal\/","og_site_name":"Medicinas Inc","article_modified_time":"2022-08-05T10:39:48+00:00","og_image":[{"width":600,"height":600,"url":"https:\/\/medicinasinc.com\/fr\/wp-content\/uploads\/sites\/5\/2022\/02\/buy-cheap-th-pvp-crystal-online.jpg","type":"image\/jpeg"}],"twitter_card":"summary_large_image","twitter_misc":{"Est. reading time":"2 minutes"},"schema":{"@context":"https:\/\/schema.org","@graph":[{"@type":"WebPage","@id":"https:\/\/medicinasinc.com\/fr\/product\/acheter-th-pvp-cristal\/","url":"https:\/\/medicinasinc.com\/fr\/product\/acheter-th-pvp-cristal\/","name":"Acheter du cristal TH-PVP pas cher en ligne - Best Global Medicina","isPartOf":{"@id":"https:\/\/medicinasinc.com\/fr\/#website"},"primaryImageOfPage":{"@id":"https:\/\/medicinasinc.com\/fr\/product\/acheter-th-pvp-cristal\/#primaryimage"},"image":{"@id":"https:\/\/medicinasinc.com\/fr\/product\/acheter-th-pvp-cristal\/#primaryimage"},"thumbnailUrl":"https:\/\/medicinasinc.com\/fr\/wp-content\/uploads\/sites\/5\/2022\/02\/buy-cheap-th-pvp-crystal-online.jpg","datePublished":"2022-02-22T00:06:57+00:00","dateModified":"2022-08-05T10:39:48+00:00","description":"Acheter du cristal TH-PVP pas cher en ligne. V\u00e9ritable cristal TH-PVP en ligne \u2013 Cristal TH-PVP \u00e0 vendre | Acheter du cristal TH-PVP en ligne | Acheter de la poudre de cristal TH-PVP \u00e0 vendre | Acheter de la poudre de cristal TH-PVP pas cher | O\u00f9 acheter de la poudre de cristal TH-PVP en ligne.","breadcrumb":{"@id":"https:\/\/medicinasinc.com\/fr\/product\/acheter-th-pvp-cristal\/#breadcrumb"},"inLanguage":"en-US","potentialAction":[{"@type":"ReadAction","target":["https:\/\/medicinasinc.com\/fr\/product\/acheter-th-pvp-cristal\/"]}]},{"@type":"ImageObject","inLanguage":"en-US","@id":"https:\/\/medicinasinc.com\/fr\/product\/acheter-th-pvp-cristal\/#primaryimage","url":"https:\/\/medicinasinc.com\/fr\/wp-content\/uploads\/sites\/5\/2022\/02\/buy-cheap-th-pvp-crystal-online.jpg","contentUrl":"https:\/\/medicinasinc.com\/fr\/wp-content\/uploads\/sites\/5\/2022\/02\/buy-cheap-th-pvp-crystal-online.jpg","width":600,"height":600},{"@type":"BreadcrumbList","@id":"https:\/\/medicinasinc.com\/fr\/product\/acheter-th-pvp-cristal\/#breadcrumb","itemListElement":[{"@type":"ListItem","position":1,"name":"Boutique","item":"https:\/\/medicinasinc.com\/fr\/boutique\/"},{"@type":"ListItem","position":2,"name":"Acheter du cristal TH-PVP"}]},{"@type":"WebSite","@id":"https:\/\/medicinasinc.com\/fr\/#website","url":"https:\/\/medicinasinc.com\/fr\/","name":"Medicinas Inc","description":"Health Medical Clinic","potentialAction":[{"@type":"SearchAction","target":{"@type":"EntryPoint","urlTemplate":"https:\/\/medicinasinc.com\/fr\/?s={search_term_string}"},"query-input":{"@type":"PropertyValueSpecification","valueRequired":true,"valueName":"search_term_string"}}],"inLanguage":"en-US"}]}},"_links":{"self":[{"href":"https:\/\/medicinasinc.com\/fr\/wp-json\/wp\/v2\/product\/5470","targetHints":{"allow":["GET"]}}],"collection":[{"href":"https:\/\/medicinasinc.com\/fr\/wp-json\/wp\/v2\/product"}],"about":[{"href":"https:\/\/medicinasinc.com\/fr\/wp-json\/wp\/v2\/types\/product"}],"replies":[{"embeddable":true,"href":"https:\/\/medicinasinc.com\/fr\/wp-json\/wp\/v2\/comments?post=5470"}],"wp:featuredmedia":[{"embeddable":true,"href":"https:\/\/medicinasinc.com\/fr\/wp-json\/wp\/v2\/media\/5481"}],"wp:attachment":[{"href":"https:\/\/medicinasinc.com\/fr\/wp-json\/wp\/v2\/media?parent=5470"}],"wp:term":[{"taxonomy":"product_brand","embeddable":true,"href":"https:\/\/medicinasinc.com\/fr\/wp-json\/wp\/v2\/product_brand?post=5470"},{"taxonomy":"product_cat","embeddable":true,"href":"https:\/\/medicinasinc.com\/fr\/wp-json\/wp\/v2\/product_cat?post=5470"},{"taxonomy":"product_tag","embeddable":true,"href":"https:\/\/medicinasinc.com\/fr\/wp-json\/wp\/v2\/product_tag?post=5470"}],"curies":[{"name":"wp","href":"https:\/\/api.w.org\/{rel}","templated":true}]}}