{"id":5469,"date":"2022-02-22T00:05:12","date_gmt":"2022-02-22T00:05:12","guid":{"rendered":"https:\/\/medicinasinc.com\/fr\/?post_type=product&#038;p=5469"},"modified":"2022-03-17T11:57:20","modified_gmt":"2022-03-17T11:57:20","slug":"acheter-clonazolam-poudre","status":"publish","type":"product","link":"https:\/\/medicinasinc.com\/fr\/product\/acheter-clonazolam-poudre\/","title":{"rendered":"Acheter de la poudre de clonazolam"},"content":{"rendered":"<h1><b><strong>Acheter de la poudre de clonazolam\u00a0<\/strong><\/b><\/h1>\n<p>High Store\u00a0Le clonazolam leader en Europe Fournisseur en gros de produits chimiques<\/p>\n<h2>Fournisseur de l&#8217;UE en poudre de CLONAZOLAM, Royaume-Uni<\/h2>\n<ul>\n<li>Suivi\u00a0 &#8211; Suivi assur\u00e9 ou normal livraison<\/li>\n<li>D\u00e9tails des paiements par virement bancaire ou bitcoin au moment du paiement.<\/li>\n<li>Exp\u00e9dition du lundi au vendredi<\/li>\n<li><b><strong>Veuillez noter que vous n&#8217;\u00eates couvert qu&#8217;en cas de perte apr\u00e8s 30 jours 1 x Reship gratuite sur un service assur\u00e9 suivi &#8211; D\u00e9sol\u00e9 aucune exception !<\/strong><\/b><\/li>\n<\/ul>\n<h3 style=\"font-weight: 600\"><\/h3>\n<h3><b><strong>Poudre de clonazolam\u00a0<\/strong><\/b><\/h3>\n<ul>\n<li><b><a href=\"https:\/\/psychonautwiki.org\/wiki\/Sedation\">S\u00e9dation<\/a><\/b>\u00a0&#8211; Le clonazolam a le potentiel d&#8217;\u00eatre extr\u00eamement s\u00e9datif et entra\u00eene souvent un \u00e9tat extr\u00eamement l\u00e9thargique. \u00c0 des niveaux plus \u00e9lev\u00e9s, cela am\u00e8ne les utilisateurs \u00e0 se sentir soudainement comme s&#8217;ils \u00e9taient extr\u00eamement priv\u00e9s de sommeil et n&#8217;avaient pas dormi depuis des jours, les for\u00e7ant \u00e0 s&#8217;asseoir et se sentant g\u00e9n\u00e9ralement comme s&#8217;ils \u00e9taient constamment sur le point de s&#8217;\u00e9vanouir au lieu de s&#8217;engager dans des activit\u00e9s physiques. Ce sentiment de privation de sommeil augmente proportionnellement au dosage et finit par devenir suffisamment puissant pour forcer une personne \u00e0 une inconscience compl\u00e8te.<\/li>\n<li><b><a href=\"https:\/\/psychonautwiki.org\/wiki\/Muscle_relaxation\"> Relaxation musculaire<\/a><\/b>\u00a0&#8211; Cet effet est particuli\u00e8rement fort par rapport \u00e0 d&#8217;autres benzodiaz\u00e9pines telles que\u00a0<a href=\"https:\/\/psychonautwiki.org\/wiki\/Alprazolam\">alprazolam<\/a>.<\/li>\n<li><b><a href=\"https:\/\/psychonautwiki.org\/wiki\/Motor_control_loss\">Perte de contr\u00f4le moteur<\/a><\/b><\/li>\n<li><b><a href=\"https:\/\/psychonautwiki.org\/wiki\/Dizziness\">Dizziness<\/a><\/b><\/li>\n<li><b><a href=\"https:\/\/psychonautwiki.org\/wiki\/Increased_libido\">Libido augment\u00e9e<\/a><\/b><\/li>\n<li><b><a href=\"https:\/\/psychonautwiki.org\/wiki\/Respiratory_depression\">D\u00e9pression respiratoire<\/a><\/b><\/li>\n<\/ul>\n<p><b><strong>Le clonazolam\u00a0<\/strong><\/b>fait partie de la classe des benzodiaz\u00e9pines. Les benzodiaz\u00e9pines contiennent un cycle benz\u00e8ne fusionn\u00e9 \u00e0 un cycle diaz\u00e9pine, qui est un cycle \u00e0 sept cha\u00eenons dont les deux constituants azot\u00e9s sont situ\u00e9s en R1 et R4. Le cycle benzyle du clonazolam est substitu\u00e9 en R8 par un groupe nitro NO2-. Le cycle diaz\u00e9pine est \u00e9galement li\u00e9 en R6, \u00e0 un cycle ph\u00e9nyle 2-chlor\u00e9.<\/p>\n<p style=\"font-weight: 400\"><a href=\"https:\/\/www.bestglobalmeds.com\/product\/ research-chemicals\/buy-clonazolam-powder\/\">Clonazolam<\/a> contient un cycle triazole 1-m\u00e9thyl\u00e9 fusionn\u00e9 \u00e0, et incorporant R1 et R2 de son cycle diaz\u00e9pine. Le clonazolam appartient \u00e0 une classe de benzodiaz\u00e9pines contenant ce cycle triazole fusionn\u00e9, appel\u00e9es triazolobenzodiaz\u00e9pines, distingu\u00e9es par le suffixe -zolam. Les autres nitrobenzodiaz\u00e9pines comprennent le clonaz\u00e9pam et le flunitraz\u00e9pam.<\/p>\n<p style=\"font-weight: 400\">6-(2-chloroph\u00e9nyl)-1-m\u00e9thyl-8-nitro-4H-s-triazolo- (4,3- a)-(1,4)-benzodiaz\u00e9pine<\/p>\n<p>Ce produit est vendu \u00e0 des fins de recherche uniquement et ne doit pas \u00eatre utilis\u00e9 \u00e0 d&#8217;autres fins, y compris, mais sans s&#8217;y limiter, \u00e0 des fins de diagnostic in vivo, dans les aliments, dans les m\u00e9dicaments, les dispositifs m\u00e9dicaux et\/ou les cosm\u00e9tiques pour humains et\/ou animaux.<\/p>\n<p style=\"font-weight: 400\">Avant de commander, veuillez vous assurer que vous \u00eates correctement \u00e9quip\u00e9 pour les produits chimiques de recherche et que votre espace de travail est bien ventil\u00e9.<\/p>\n<p style=\"font-weight: 400\">Vous devez avoir 18 ans ou plus pour commander ce produit.<\/p>\n","protected":false},"excerpt":{"rendered":"<div class=\"woocommerce-product-details__short-description\">\n<p>Achetez de la poudre de clonazolam pur de haute qualit\u00e9 Europe, Royaume-Uni, UE en ligne avec Bitcoin &#8211; Achetez des m\u00e9dicaments l\u00e9gaux en ligne, achetez des produits chimiques \u00e0 base de clonazolam, achetez des poudres pharmaceutiques brutes.<\/p>\n<p>Avec Bitcoin, vous pouvez acheter en ligne de la poudre de clonazolam pure et de haute qualit\u00e9. Vous pouvez acheter des m\u00e9dicaments l\u00e9gaux, des produits chimiques de recherche et des poudres brutes pharmaceutiques partout sur Internet.<\/p>\n<p>Achetez du clonazolam pour r\u00e9duire votre anxi\u00e9t\u00e9 et vos crises de panique. Il a un effet positif sur votre bien-\u00eatre mental.<\/p>\n<p>O\u00f9 puis-je me procurer du clonazolam aux \u00c9tats-Unis\u00a0? Vendeur de clonazolam, livraison rapide, excellente qualit\u00e9 et possibilit\u00e9 d&#8217;\u00e9viter facilement les douanes<\/p>\n<p>Achetez de la poudre de clonazolam sur Internet. Le clonazolam est structurellement identique au clonaz\u00e9pam, \u00e0 l&#8217;exception du cycle 1,2,4-triazole fusionn\u00e9 au cycle benz\u00e9nique. \u00c0 quoi sert le clonazolam et comment aide-t-il les gens? En attendant, le clonazolam est uniquement disponible \u00e0 des fins de recherche et non pour la consommation humaine.<\/p>\n<\/p><\/div>\n","protected":false},"featured_media":5479,"comment_status":"open","ping_status":"closed","template":"","meta":[],"product_brand":[],"product_cat":[59],"product_tag":[2750,2751,2752,2753,2748,2754,2749,2755,2757,2756,2760,2761,2766,2772,2771,2769,2770,2767,2759,2775,2776,2777,2768,2762,2758,2773,2763,2764,2774,2765],"class_list":{"0":"post-5469","1":"product","2":"type-product","3":"status-publish","4":"has-post-thumbnail","6":"product_cat-produits-chimiques-de-recherche","7":"product_tag-acheter-clonazolam","8":"product_tag-acheter-clonazolam-en-ligne","9":"product_tag-acheter-clonazolam-poudre","10":"product_tag-acheter-poudre-clonazolam-en-ligne","11":"product_tag-acheter-clonazolam-poudre-pas-cher-en-ligne","12":"product_tag-acheter-poudre-de-clonazolam-pure-en-ligne","13":"product_tag-acheter-clon-clam-poudre","14":"product_tag-clonazolam","15":"product_tag-clonazolam--vendre","16":"product_tag-clonazolam-buy","17":"product_tag-clonazolam-powder-eu","18":"product_tag-clonazolam-powder-in-canada","19":"product_tag-clonitrazolam-powder-best-price-online","20":"product_tag-commande-c-lam-trott-2019-poudre","21":"product_tag-comment-commander-la-poudre-de-clonazolam-en-ligne","22":"product_tag-comment-consommer-la-poudre-de-clonazolam","23":"product_tag-comment-obtenir-de-la-poudre-de-clonazolam-pure-en-ligne","24":"product_tag-crystalline-clonazolam-powder","25":"product_tag-clonazolam-poudre-education","26":"product_tag-o-acheter-de-la-poudre-de-clonazolam","27":"product_tag-o-acheter-de-la-poudre-de-clonazolam-en-ligne","28":"product_tag-o-acheter-clonitrazolam-poudre-en-ligne","29":"product_tag-eclonazolam-poudre-a-vendre","30":"product_tag-clonazolam-poudre-en-ligne","31":"product_tag-poudre-de-clonazolam","32":"product_tag-poudre-de-clonazolam-pur","33":"product_tag-clonazolam-poudre-prix","34":"product_tag-prix-du-clonazolam","35":"product_tag-quality-clonazolam-powder","36":"product_tag-recherche-sur-le-clonazolam","38":"first","39":"instock","40":"shipping-taxable","41":"purchasable","42":"product-type-variable","43":"has-default-attributes"},"yoast_head":"<!-- This site is optimized with the Yoast SEO plugin v27.3 - https:\/\/yoast.com\/product\/yoast-seo-wordpress\/ -->\n<title>Acheter de la poudre de clonazolam - Poudre de clonazolam - Meilleurs meilleurs m\u00e9dicaments mondiaux<\/title>\n<meta name=\"description\" content=\"Achetez de la poudre de clonazolam pure de haute qualit\u00e9 Europe, Royaume-Uni, UE en ligne avec Bitcoin - Achetez des m\u00e9dicaments l\u00e9gaux en ligne, achetez des produits chimiques clonazolam, achetez des poudres pharmaceutiques brutes.\" \/>\n<meta name=\"robots\" content=\"index, follow, max-snippet:-1, max-image-preview:large, max-video-preview:-1\" \/>\n<link rel=\"canonical\" href=\"https:\/\/medicinasinc.com\/fr\/product\/acheter-clonazolam-poudre\/\" \/>\n<meta property=\"og:locale\" content=\"en_US\" \/>\n<meta property=\"og:type\" content=\"article\" \/>\n<meta property=\"og:title\" content=\"Acheter de la poudre de clonazolam - Poudre de clonazolam - Meilleurs meilleurs m\u00e9dicaments mondiaux\" \/>\n<meta property=\"og:description\" content=\"Achetez de la poudre de clonazolam pure de haute qualit\u00e9 Europe, Royaume-Uni, UE en ligne avec Bitcoin - Achetez des m\u00e9dicaments l\u00e9gaux en ligne, achetez des produits chimiques clonazolam, achetez des poudres pharmaceutiques brutes.\" \/>\n<meta property=\"og:url\" content=\"https:\/\/medicinasinc.com\/fr\/product\/acheter-clonazolam-poudre\/\" \/>\n<meta property=\"og:site_name\" content=\"Medicinas Inc\" \/>\n<meta property=\"article:modified_time\" content=\"2022-03-17T11:57:20+00:00\" \/>\n<meta property=\"og:image\" content=\"https:\/\/medicinasinc.com\/fr\/wp-content\/uploads\/sites\/5\/2022\/02\/Buy-Clonazolam-Powder.jpeg\" \/>\n\t<meta property=\"og:image:width\" content=\"566\" \/>\n\t<meta property=\"og:image:height\" content=\"600\" \/>\n\t<meta property=\"og:image:type\" content=\"image\/jpeg\" \/>\n<meta name=\"twitter:card\" content=\"summary_large_image\" \/>\n<meta name=\"twitter:label1\" content=\"Est. reading time\" \/>\n\t<meta name=\"twitter:data1\" content=\"2 minutes\" \/>\n<script type=\"application\/ld+json\" class=\"yoast-schema-graph\">{\"@context\":\"https:\\\/\\\/schema.org\",\"@graph\":[{\"@type\":\"WebPage\",\"@id\":\"https:\\\/\\\/medicinasinc.com\\\/fr\\\/product\\\/acheter-clonazolam-poudre\\\/\",\"url\":\"https:\\\/\\\/medicinasinc.com\\\/fr\\\/product\\\/acheter-clonazolam-poudre\\\/\",\"name\":\"Acheter de la poudre de clonazolam - Poudre de clonazolam - Meilleurs meilleurs m\u00e9dicaments mondiaux\",\"isPartOf\":{\"@id\":\"https:\\\/\\\/medicinasinc.com\\\/fr\\\/#website\"},\"primaryImageOfPage\":{\"@id\":\"https:\\\/\\\/medicinasinc.com\\\/fr\\\/product\\\/acheter-clonazolam-poudre\\\/#primaryimage\"},\"image\":{\"@id\":\"https:\\\/\\\/medicinasinc.com\\\/fr\\\/product\\\/acheter-clonazolam-poudre\\\/#primaryimage\"},\"thumbnailUrl\":\"https:\\\/\\\/medicinasinc.com\\\/fr\\\/wp-content\\\/uploads\\\/sites\\\/5\\\/2022\\\/02\\\/Buy-Clonazolam-Powder.jpeg\",\"datePublished\":\"2022-02-22T00:05:12+00:00\",\"dateModified\":\"2022-03-17T11:57:20+00:00\",\"description\":\"Achetez de la poudre de clonazolam pure de haute qualit\u00e9 Europe, Royaume-Uni, UE en ligne avec Bitcoin - Achetez des m\u00e9dicaments l\u00e9gaux en ligne, achetez des produits chimiques clonazolam, achetez des poudres pharmaceutiques brutes.\",\"breadcrumb\":{\"@id\":\"https:\\\/\\\/medicinasinc.com\\\/fr\\\/product\\\/acheter-clonazolam-poudre\\\/#breadcrumb\"},\"inLanguage\":\"en-US\",\"potentialAction\":[{\"@type\":\"ReadAction\",\"target\":[\"https:\\\/\\\/medicinasinc.com\\\/fr\\\/product\\\/acheter-clonazolam-poudre\\\/\"]}]},{\"@type\":\"ImageObject\",\"inLanguage\":\"en-US\",\"@id\":\"https:\\\/\\\/medicinasinc.com\\\/fr\\\/product\\\/acheter-clonazolam-poudre\\\/#primaryimage\",\"url\":\"https:\\\/\\\/medicinasinc.com\\\/fr\\\/wp-content\\\/uploads\\\/sites\\\/5\\\/2022\\\/02\\\/Buy-Clonazolam-Powder.jpeg\",\"contentUrl\":\"https:\\\/\\\/medicinasinc.com\\\/fr\\\/wp-content\\\/uploads\\\/sites\\\/5\\\/2022\\\/02\\\/Buy-Clonazolam-Powder.jpeg\",\"width\":566,\"height\":600},{\"@type\":\"BreadcrumbList\",\"@id\":\"https:\\\/\\\/medicinasinc.com\\\/fr\\\/product\\\/acheter-clonazolam-poudre\\\/#breadcrumb\",\"itemListElement\":[{\"@type\":\"ListItem\",\"position\":1,\"name\":\"Boutique\",\"item\":\"https:\\\/\\\/medicinasinc.com\\\/fr\\\/boutique\\\/\"},{\"@type\":\"ListItem\",\"position\":2,\"name\":\"Acheter de la poudre de clonazolam\"}]},{\"@type\":\"WebSite\",\"@id\":\"https:\\\/\\\/medicinasinc.com\\\/fr\\\/#website\",\"url\":\"https:\\\/\\\/medicinasinc.com\\\/fr\\\/\",\"name\":\"Medicinas Inc\",\"description\":\"Health Medical Clinic\",\"potentialAction\":[{\"@type\":\"SearchAction\",\"target\":{\"@type\":\"EntryPoint\",\"urlTemplate\":\"https:\\\/\\\/medicinasinc.com\\\/fr\\\/?s={search_term_string}\"},\"query-input\":{\"@type\":\"PropertyValueSpecification\",\"valueRequired\":true,\"valueName\":\"search_term_string\"}}],\"inLanguage\":\"en-US\"}]}<\/script>\n<!-- \/ Yoast SEO plugin. -->","yoast_head_json":{"title":"Acheter de la poudre de clonazolam - Poudre de clonazolam - Meilleurs meilleurs m\u00e9dicaments mondiaux","description":"Achetez de la poudre de clonazolam pure de haute qualit\u00e9 Europe, Royaume-Uni, UE en ligne avec Bitcoin - Achetez des m\u00e9dicaments l\u00e9gaux en ligne, achetez des produits chimiques clonazolam, achetez des poudres pharmaceutiques brutes.","robots":{"index":"index","follow":"follow","max-snippet":"max-snippet:-1","max-image-preview":"max-image-preview:large","max-video-preview":"max-video-preview:-1"},"canonical":"https:\/\/medicinasinc.com\/fr\/product\/acheter-clonazolam-poudre\/","og_locale":"en_US","og_type":"article","og_title":"Acheter de la poudre de clonazolam - Poudre de clonazolam - Meilleurs meilleurs m\u00e9dicaments mondiaux","og_description":"Achetez de la poudre de clonazolam pure de haute qualit\u00e9 Europe, Royaume-Uni, UE en ligne avec Bitcoin - Achetez des m\u00e9dicaments l\u00e9gaux en ligne, achetez des produits chimiques clonazolam, achetez des poudres pharmaceutiques brutes.","og_url":"https:\/\/medicinasinc.com\/fr\/product\/acheter-clonazolam-poudre\/","og_site_name":"Medicinas Inc","article_modified_time":"2022-03-17T11:57:20+00:00","og_image":[{"width":566,"height":600,"url":"https:\/\/medicinasinc.com\/fr\/wp-content\/uploads\/sites\/5\/2022\/02\/Buy-Clonazolam-Powder.jpeg","type":"image\/jpeg"}],"twitter_card":"summary_large_image","twitter_misc":{"Est. reading time":"2 minutes"},"schema":{"@context":"https:\/\/schema.org","@graph":[{"@type":"WebPage","@id":"https:\/\/medicinasinc.com\/fr\/product\/acheter-clonazolam-poudre\/","url":"https:\/\/medicinasinc.com\/fr\/product\/acheter-clonazolam-poudre\/","name":"Acheter de la poudre de clonazolam - Poudre de clonazolam - Meilleurs meilleurs m\u00e9dicaments mondiaux","isPartOf":{"@id":"https:\/\/medicinasinc.com\/fr\/#website"},"primaryImageOfPage":{"@id":"https:\/\/medicinasinc.com\/fr\/product\/acheter-clonazolam-poudre\/#primaryimage"},"image":{"@id":"https:\/\/medicinasinc.com\/fr\/product\/acheter-clonazolam-poudre\/#primaryimage"},"thumbnailUrl":"https:\/\/medicinasinc.com\/fr\/wp-content\/uploads\/sites\/5\/2022\/02\/Buy-Clonazolam-Powder.jpeg","datePublished":"2022-02-22T00:05:12+00:00","dateModified":"2022-03-17T11:57:20+00:00","description":"Achetez de la poudre de clonazolam pure de haute qualit\u00e9 Europe, Royaume-Uni, UE en ligne avec Bitcoin - Achetez des m\u00e9dicaments l\u00e9gaux en ligne, achetez des produits chimiques clonazolam, achetez des poudres pharmaceutiques brutes.","breadcrumb":{"@id":"https:\/\/medicinasinc.com\/fr\/product\/acheter-clonazolam-poudre\/#breadcrumb"},"inLanguage":"en-US","potentialAction":[{"@type":"ReadAction","target":["https:\/\/medicinasinc.com\/fr\/product\/acheter-clonazolam-poudre\/"]}]},{"@type":"ImageObject","inLanguage":"en-US","@id":"https:\/\/medicinasinc.com\/fr\/product\/acheter-clonazolam-poudre\/#primaryimage","url":"https:\/\/medicinasinc.com\/fr\/wp-content\/uploads\/sites\/5\/2022\/02\/Buy-Clonazolam-Powder.jpeg","contentUrl":"https:\/\/medicinasinc.com\/fr\/wp-content\/uploads\/sites\/5\/2022\/02\/Buy-Clonazolam-Powder.jpeg","width":566,"height":600},{"@type":"BreadcrumbList","@id":"https:\/\/medicinasinc.com\/fr\/product\/acheter-clonazolam-poudre\/#breadcrumb","itemListElement":[{"@type":"ListItem","position":1,"name":"Boutique","item":"https:\/\/medicinasinc.com\/fr\/boutique\/"},{"@type":"ListItem","position":2,"name":"Acheter de la poudre de clonazolam"}]},{"@type":"WebSite","@id":"https:\/\/medicinasinc.com\/fr\/#website","url":"https:\/\/medicinasinc.com\/fr\/","name":"Medicinas Inc","description":"Health Medical Clinic","potentialAction":[{"@type":"SearchAction","target":{"@type":"EntryPoint","urlTemplate":"https:\/\/medicinasinc.com\/fr\/?s={search_term_string}"},"query-input":{"@type":"PropertyValueSpecification","valueRequired":true,"valueName":"search_term_string"}}],"inLanguage":"en-US"}]}},"_links":{"self":[{"href":"https:\/\/medicinasinc.com\/fr\/wp-json\/wp\/v2\/product\/5469","targetHints":{"allow":["GET"]}}],"collection":[{"href":"https:\/\/medicinasinc.com\/fr\/wp-json\/wp\/v2\/product"}],"about":[{"href":"https:\/\/medicinasinc.com\/fr\/wp-json\/wp\/v2\/types\/product"}],"replies":[{"embeddable":true,"href":"https:\/\/medicinasinc.com\/fr\/wp-json\/wp\/v2\/comments?post=5469"}],"wp:featuredmedia":[{"embeddable":true,"href":"https:\/\/medicinasinc.com\/fr\/wp-json\/wp\/v2\/media\/5479"}],"wp:attachment":[{"href":"https:\/\/medicinasinc.com\/fr\/wp-json\/wp\/v2\/media?parent=5469"}],"wp:term":[{"taxonomy":"product_brand","embeddable":true,"href":"https:\/\/medicinasinc.com\/fr\/wp-json\/wp\/v2\/product_brand?post=5469"},{"taxonomy":"product_cat","embeddable":true,"href":"https:\/\/medicinasinc.com\/fr\/wp-json\/wp\/v2\/product_cat?post=5469"},{"taxonomy":"product_tag","embeddable":true,"href":"https:\/\/medicinasinc.com\/fr\/wp-json\/wp\/v2\/product_tag?post=5469"}],"curies":[{"name":"wp","href":"https:\/\/api.w.org\/{rel}","templated":true}]}}