{"id":5468,"date":"2022-02-22T00:04:03","date_gmt":"2022-02-22T00:04:03","guid":{"rendered":"https:\/\/medicinasinc.com\/fr\/?post_type=product&#038;p=5468"},"modified":"2022-03-17T11:57:35","modified_gmt":"2022-03-17T11:57:35","slug":"acheter-4-cl-pvp-cristaux","status":"publish","type":"product","link":"https:\/\/medicinasinc.com\/fr\/product\/acheter-4-cl-pvp-cristaux\/","title":{"rendered":"Acheter des cristaux 4-CL-PVP"},"content":{"rendered":"<p>Qu&#8217;est-ce que le 4-CL-PVP\u00a0?<\/p>\n<p>L&#8217;\u00e9quivalent cristallin de l&#8217;a-PVP est le 4-CL-PVP. C&#8217;est un stimulant classique. Les recherches sur le 4-CL-PVP produisent fr\u00e9quemment des r\u00e9sultats de bavardage, de vigilance accrue, d&#8217;\u00e9nergie accrue et d&#8217;autres effets stimulants. Les PVP \u00e0 effets 4-CL durent souvent moins de trois heures. De plus, il a \u00e9t\u00e9 rapport\u00e9 que la substance g\u00e9n\u00e8re des effets euphoriques l\u00e9gers \u00e0 s\u00e9v\u00e8res. Les chercheurs \u00e0 la recherche d&#8217;un substitut \u00e0 l&#8217;a-PVP trouveront que le 4-CL-PVP est un substitut acceptable. Le 4-CL-PVP est un inhibiteur de la recapture de la noradr\u00e9naline et de la dopamine. Ce fait contribue de mani\u00e8re significative aux propri\u00e9t\u00e9s stimulantes de ce produit chimique.<\/p>\n<p>O\u00f9 puis-je acheter du 4-CL-PVP\u00a0?<\/p>\n<p>Chemical Planet vend du 4-CL-PVP de tr\u00e8s haute qualit\u00e9. En r\u00e8gle g\u00e9n\u00e9rale, notre 4-CL-PVP est fourni sous forme de cristaux. Si vous ne voyez pas le formulaire que vous recherchez, veuillez nous contacter pour savoir quand il sera \u00e0 nouveau disponible.<\/p>\n<p>Si vous souhaitez acheter du 4-Cl-PVP aupr\u00e8s de Chemical Planet, vous devez \u00eatre \u00e0 \u00e2g\u00e9 d&#8217;au moins 18 ans et enti\u00e8rement conforme \u00e0 toutes les lois locales sur les produits chimiques de recherche. Nos compos\u00e9s sont destin\u00e9s \u00e0 la recherche uniquement et ne sont pas destin\u00e9s \u00e0 la consommation humaine ou animale.<\/p>\n<p>&nbsp;<\/p>\n<p>L\u00e9galit\u00e9 du 4-CL-PVP<\/p>\n<p>La majorit\u00e9 des des pays du monde entier se sont abstenus de d\u00e9clarer le 4-CL-PVP comme un produit chimique interdit. Cela signifie qu&#8217;il n&#8217;est pas planifi\u00e9 dans la majorit\u00e9 des endroits. Si vous avez besoin d&#8217;informations suppl\u00e9mentaires sur le statut l\u00e9gal du 4-CL-PVP, veuillez contacter vos autorit\u00e9s f\u00e9d\u00e9rales.<\/p>\n<p>Toujours stocker dans un endroit frais et sec pour assurer la plus longue dur\u00e9e de conservation possible. Ce produit est destin\u00e9 uniquement \u00e0 des fins m\u00e9dico-l\u00e9gales et de recherche. En tant que tel, il n&#8217;est PAS destin\u00e9 \u00e0 la consommation humaine ou \u00e0 tout type d&#8217;exp\u00e9rimentation in vivo sur des animaux ou toute autre entit\u00e9 vivante.<\/p>\n","protected":false},"excerpt":{"rendered":"<p>Cristaux de 4-CL-PVP en vente au Royaume-Uni, en Europe et dans l&#8217;Union europ\u00e9enne. Achetez des cristaux 4-CL-PVP en ligne au meilleur prix, avec la livraison gratuite disponible dans le monde entier.<\/p>\n<p>Les cristaux 4-CL-PVP sont en vente.<\/p>\n<p>Achetez des cristaux 4-CL-PVP en ligne au meilleur prix, avec livraison gratuite disponible dans le monde entier.<\/p>\n<p>Achetez des cristaux de 4-CL-PVP \u00e0 prix r\u00e9duit en ligne.<\/p>\n<p>Le cristal de 4-CL-PVP est un nouveau stimulant et son homologue du tr\u00e8s populaire a-PVP.<\/p>\n","protected":false},"featured_media":5477,"comment_status":"open","ping_status":"closed","template":"","meta":[],"product_brand":[],"product_cat":[59],"product_tag":[2741,2739,2740,2744,2745,2746,2742,2738,2747,2743],"class_list":{"0":"post-5468","1":"product","2":"type-product","3":"status-publish","4":"has-post-thumbnail","6":"product_cat-produits-chimiques-de-recherche","7":"product_tag-4-cl-pvp-a-vendre","8":"product_tag-4-cl-pvp-effect","9":"product_tag-4-cl-pvp-europe","10":"product_tag-acheter-4-cl-pvp","11":"product_tag-acheter-4-cl-pvp-cristal-en-ligne","12":"product_tag-acheter-cristaux-4-cl-pvp-en-ligne","13":"product_tag-4-cl-pvp-commande","14":"product_tag-4-cl-pvp-cristaux-a-vendre","15":"product_tag-o-acheter-4-cl-pvp-cristaux-en-ligne","16":"product_tag-4-cl-pvp-reddit","18":"first","19":"instock","20":"shipping-taxable","21":"purchasable","22":"product-type-variable","23":"has-default-attributes"},"yoast_head":"<!-- This site is optimized with the Yoast SEO plugin v27.3 - https:\/\/yoast.com\/product\/yoast-seo-wordpress\/ -->\n<title>Acheter des cristaux 4-CL-PVP - Cristaux 4-CL-PVP - Best Global Meds<\/title>\n<meta name=\"description\" content=\"Achetez des cristaux 4-CL-PVP \u00e0 vendre au Royaume-Uni, en Europe et dans l&#039;UE. Achetez des cristaux 4-CL-PVP en ligne, livraison gratuite de qualit\u00e9 sup\u00e9rieure disponible dans le monde entier, moins cher jamais, meilleur prix \u00e0 la commande.\" \/>\n<meta name=\"robots\" content=\"index, follow, max-snippet:-1, max-image-preview:large, max-video-preview:-1\" \/>\n<link rel=\"canonical\" href=\"https:\/\/medicinasinc.com\/fr\/product\/acheter-4-cl-pvp-cristaux\/\" \/>\n<meta property=\"og:locale\" content=\"en_US\" \/>\n<meta property=\"og:type\" content=\"article\" \/>\n<meta property=\"og:title\" content=\"Acheter des cristaux 4-CL-PVP - Cristaux 4-CL-PVP - Best Global Meds\" \/>\n<meta property=\"og:description\" content=\"Achetez des cristaux 4-CL-PVP \u00e0 vendre au Royaume-Uni, en Europe et dans l&#039;UE. Achetez des cristaux 4-CL-PVP en ligne, livraison gratuite de qualit\u00e9 sup\u00e9rieure disponible dans le monde entier, moins cher jamais, meilleur prix \u00e0 la commande.\" \/>\n<meta property=\"og:url\" content=\"https:\/\/medicinasinc.com\/fr\/product\/acheter-4-cl-pvp-cristaux\/\" \/>\n<meta property=\"og:site_name\" content=\"Medicinas Inc\" \/>\n<meta property=\"article:modified_time\" content=\"2022-03-17T11:57:35+00:00\" \/>\n<meta property=\"og:image\" content=\"https:\/\/medicinasinc.com\/fr\/wp-content\/uploads\/sites\/5\/2022\/02\/Buy-4-CL-PVP-Crystals.jpg\" \/>\n\t<meta property=\"og:image:width\" content=\"275\" \/>\n\t<meta property=\"og:image:height\" content=\"183\" \/>\n\t<meta property=\"og:image:type\" content=\"image\/jpeg\" \/>\n<meta name=\"twitter:card\" content=\"summary_large_image\" \/>\n<meta name=\"twitter:label1\" content=\"Est. reading time\" \/>\n\t<meta name=\"twitter:data1\" content=\"2 minutes\" \/>\n<script type=\"application\/ld+json\" class=\"yoast-schema-graph\">{\"@context\":\"https:\\\/\\\/schema.org\",\"@graph\":[{\"@type\":\"WebPage\",\"@id\":\"https:\\\/\\\/medicinasinc.com\\\/fr\\\/product\\\/acheter-4-cl-pvp-cristaux\\\/\",\"url\":\"https:\\\/\\\/medicinasinc.com\\\/fr\\\/product\\\/acheter-4-cl-pvp-cristaux\\\/\",\"name\":\"Acheter des cristaux 4-CL-PVP - Cristaux 4-CL-PVP - Best Global Meds\",\"isPartOf\":{\"@id\":\"https:\\\/\\\/medicinasinc.com\\\/fr\\\/#website\"},\"primaryImageOfPage\":{\"@id\":\"https:\\\/\\\/medicinasinc.com\\\/fr\\\/product\\\/acheter-4-cl-pvp-cristaux\\\/#primaryimage\"},\"image\":{\"@id\":\"https:\\\/\\\/medicinasinc.com\\\/fr\\\/product\\\/acheter-4-cl-pvp-cristaux\\\/#primaryimage\"},\"thumbnailUrl\":\"https:\\\/\\\/medicinasinc.com\\\/fr\\\/wp-content\\\/uploads\\\/sites\\\/5\\\/2022\\\/02\\\/Buy-4-CL-PVP-Crystals.jpg\",\"datePublished\":\"2022-02-22T00:04:03+00:00\",\"dateModified\":\"2022-03-17T11:57:35+00:00\",\"description\":\"Achetez des cristaux 4-CL-PVP \u00e0 vendre au Royaume-Uni, en Europe et dans l'UE. Achetez des cristaux 4-CL-PVP en ligne, livraison gratuite de qualit\u00e9 sup\u00e9rieure disponible dans le monde entier, moins cher jamais, meilleur prix \u00e0 la commande.\",\"breadcrumb\":{\"@id\":\"https:\\\/\\\/medicinasinc.com\\\/fr\\\/product\\\/acheter-4-cl-pvp-cristaux\\\/#breadcrumb\"},\"inLanguage\":\"en-US\",\"potentialAction\":[{\"@type\":\"ReadAction\",\"target\":[\"https:\\\/\\\/medicinasinc.com\\\/fr\\\/product\\\/acheter-4-cl-pvp-cristaux\\\/\"]}]},{\"@type\":\"ImageObject\",\"inLanguage\":\"en-US\",\"@id\":\"https:\\\/\\\/medicinasinc.com\\\/fr\\\/product\\\/acheter-4-cl-pvp-cristaux\\\/#primaryimage\",\"url\":\"https:\\\/\\\/medicinasinc.com\\\/fr\\\/wp-content\\\/uploads\\\/sites\\\/5\\\/2022\\\/02\\\/Buy-4-CL-PVP-Crystals.jpg\",\"contentUrl\":\"https:\\\/\\\/medicinasinc.com\\\/fr\\\/wp-content\\\/uploads\\\/sites\\\/5\\\/2022\\\/02\\\/Buy-4-CL-PVP-Crystals.jpg\",\"width\":275,\"height\":183},{\"@type\":\"BreadcrumbList\",\"@id\":\"https:\\\/\\\/medicinasinc.com\\\/fr\\\/product\\\/acheter-4-cl-pvp-cristaux\\\/#breadcrumb\",\"itemListElement\":[{\"@type\":\"ListItem\",\"position\":1,\"name\":\"Boutique\",\"item\":\"https:\\\/\\\/medicinasinc.com\\\/fr\\\/boutique\\\/\"},{\"@type\":\"ListItem\",\"position\":2,\"name\":\"Acheter des cristaux 4-CL-PVP\"}]},{\"@type\":\"WebSite\",\"@id\":\"https:\\\/\\\/medicinasinc.com\\\/fr\\\/#website\",\"url\":\"https:\\\/\\\/medicinasinc.com\\\/fr\\\/\",\"name\":\"Medicinas Inc\",\"description\":\"Health Medical Clinic\",\"potentialAction\":[{\"@type\":\"SearchAction\",\"target\":{\"@type\":\"EntryPoint\",\"urlTemplate\":\"https:\\\/\\\/medicinasinc.com\\\/fr\\\/?s={search_term_string}\"},\"query-input\":{\"@type\":\"PropertyValueSpecification\",\"valueRequired\":true,\"valueName\":\"search_term_string\"}}],\"inLanguage\":\"en-US\"}]}<\/script>\n<!-- \/ Yoast SEO plugin. -->","yoast_head_json":{"title":"Acheter des cristaux 4-CL-PVP - Cristaux 4-CL-PVP - Best Global Meds","description":"Achetez des cristaux 4-CL-PVP \u00e0 vendre au Royaume-Uni, en Europe et dans l'UE. Achetez des cristaux 4-CL-PVP en ligne, livraison gratuite de qualit\u00e9 sup\u00e9rieure disponible dans le monde entier, moins cher jamais, meilleur prix \u00e0 la commande.","robots":{"index":"index","follow":"follow","max-snippet":"max-snippet:-1","max-image-preview":"max-image-preview:large","max-video-preview":"max-video-preview:-1"},"canonical":"https:\/\/medicinasinc.com\/fr\/product\/acheter-4-cl-pvp-cristaux\/","og_locale":"en_US","og_type":"article","og_title":"Acheter des cristaux 4-CL-PVP - Cristaux 4-CL-PVP - Best Global Meds","og_description":"Achetez des cristaux 4-CL-PVP \u00e0 vendre au Royaume-Uni, en Europe et dans l'UE. Achetez des cristaux 4-CL-PVP en ligne, livraison gratuite de qualit\u00e9 sup\u00e9rieure disponible dans le monde entier, moins cher jamais, meilleur prix \u00e0 la commande.","og_url":"https:\/\/medicinasinc.com\/fr\/product\/acheter-4-cl-pvp-cristaux\/","og_site_name":"Medicinas Inc","article_modified_time":"2022-03-17T11:57:35+00:00","og_image":[{"width":275,"height":183,"url":"https:\/\/medicinasinc.com\/fr\/wp-content\/uploads\/sites\/5\/2022\/02\/Buy-4-CL-PVP-Crystals.jpg","type":"image\/jpeg"}],"twitter_card":"summary_large_image","twitter_misc":{"Est. reading time":"2 minutes"},"schema":{"@context":"https:\/\/schema.org","@graph":[{"@type":"WebPage","@id":"https:\/\/medicinasinc.com\/fr\/product\/acheter-4-cl-pvp-cristaux\/","url":"https:\/\/medicinasinc.com\/fr\/product\/acheter-4-cl-pvp-cristaux\/","name":"Acheter des cristaux 4-CL-PVP - Cristaux 4-CL-PVP - Best Global Meds","isPartOf":{"@id":"https:\/\/medicinasinc.com\/fr\/#website"},"primaryImageOfPage":{"@id":"https:\/\/medicinasinc.com\/fr\/product\/acheter-4-cl-pvp-cristaux\/#primaryimage"},"image":{"@id":"https:\/\/medicinasinc.com\/fr\/product\/acheter-4-cl-pvp-cristaux\/#primaryimage"},"thumbnailUrl":"https:\/\/medicinasinc.com\/fr\/wp-content\/uploads\/sites\/5\/2022\/02\/Buy-4-CL-PVP-Crystals.jpg","datePublished":"2022-02-22T00:04:03+00:00","dateModified":"2022-03-17T11:57:35+00:00","description":"Achetez des cristaux 4-CL-PVP \u00e0 vendre au Royaume-Uni, en Europe et dans l'UE. Achetez des cristaux 4-CL-PVP en ligne, livraison gratuite de qualit\u00e9 sup\u00e9rieure disponible dans le monde entier, moins cher jamais, meilleur prix \u00e0 la commande.","breadcrumb":{"@id":"https:\/\/medicinasinc.com\/fr\/product\/acheter-4-cl-pvp-cristaux\/#breadcrumb"},"inLanguage":"en-US","potentialAction":[{"@type":"ReadAction","target":["https:\/\/medicinasinc.com\/fr\/product\/acheter-4-cl-pvp-cristaux\/"]}]},{"@type":"ImageObject","inLanguage":"en-US","@id":"https:\/\/medicinasinc.com\/fr\/product\/acheter-4-cl-pvp-cristaux\/#primaryimage","url":"https:\/\/medicinasinc.com\/fr\/wp-content\/uploads\/sites\/5\/2022\/02\/Buy-4-CL-PVP-Crystals.jpg","contentUrl":"https:\/\/medicinasinc.com\/fr\/wp-content\/uploads\/sites\/5\/2022\/02\/Buy-4-CL-PVP-Crystals.jpg","width":275,"height":183},{"@type":"BreadcrumbList","@id":"https:\/\/medicinasinc.com\/fr\/product\/acheter-4-cl-pvp-cristaux\/#breadcrumb","itemListElement":[{"@type":"ListItem","position":1,"name":"Boutique","item":"https:\/\/medicinasinc.com\/fr\/boutique\/"},{"@type":"ListItem","position":2,"name":"Acheter des cristaux 4-CL-PVP"}]},{"@type":"WebSite","@id":"https:\/\/medicinasinc.com\/fr\/#website","url":"https:\/\/medicinasinc.com\/fr\/","name":"Medicinas Inc","description":"Health Medical Clinic","potentialAction":[{"@type":"SearchAction","target":{"@type":"EntryPoint","urlTemplate":"https:\/\/medicinasinc.com\/fr\/?s={search_term_string}"},"query-input":{"@type":"PropertyValueSpecification","valueRequired":true,"valueName":"search_term_string"}}],"inLanguage":"en-US"}]}},"_links":{"self":[{"href":"https:\/\/medicinasinc.com\/fr\/wp-json\/wp\/v2\/product\/5468","targetHints":{"allow":["GET"]}}],"collection":[{"href":"https:\/\/medicinasinc.com\/fr\/wp-json\/wp\/v2\/product"}],"about":[{"href":"https:\/\/medicinasinc.com\/fr\/wp-json\/wp\/v2\/types\/product"}],"replies":[{"embeddable":true,"href":"https:\/\/medicinasinc.com\/fr\/wp-json\/wp\/v2\/comments?post=5468"}],"wp:featuredmedia":[{"embeddable":true,"href":"https:\/\/medicinasinc.com\/fr\/wp-json\/wp\/v2\/media\/5477"}],"wp:attachment":[{"href":"https:\/\/medicinasinc.com\/fr\/wp-json\/wp\/v2\/media?parent=5468"}],"wp:term":[{"taxonomy":"product_brand","embeddable":true,"href":"https:\/\/medicinasinc.com\/fr\/wp-json\/wp\/v2\/product_brand?post=5468"},{"taxonomy":"product_cat","embeddable":true,"href":"https:\/\/medicinasinc.com\/fr\/wp-json\/wp\/v2\/product_cat?post=5468"},{"taxonomy":"product_tag","embeddable":true,"href":"https:\/\/medicinasinc.com\/fr\/wp-json\/wp\/v2\/product_tag?post=5468"}],"curies":[{"name":"wp","href":"https:\/\/api.w.org\/{rel}","templated":true}]}}