{"id":5443,"date":"2022-02-21T23:37:16","date_gmt":"2022-02-21T23:37:16","guid":{"rendered":"https:\/\/medicinasinc.com\/fr\/?post_type=product&#038;p=5443"},"modified":"2022-03-17T11:57:44","modified_gmt":"2022-03-17T11:57:44","slug":"acheter-buphedrone-poudre","status":"publish","type":"product","link":"https:\/\/medicinasinc.com\/fr\/product\/acheter-buphedrone-poudre\/","title":{"rendered":"Acheter de la poudre de buph\u00e9drone"},"content":{"rendered":"<p>Acheter de la poudre de buph\u00e9drone<\/p>\n<p>Parcourir notre catalogue en ligne Acheter de la poudre ou des cristaux de buph\u00e9drone. Nous offrons des produits de haute qualit\u00e9 \u00e0 des prix raisonnables. Les commandes avec un &#8220;sous-total&#8221; d&#8217;au moins 10\u00a0g b\u00e9n\u00e9ficieront d&#8217;une remise de 25\u00a0%.<\/p>\n<p>Qu&#8217;est-ce que la buph\u00e9drone\u00a0?<br \/> Ce produit chimique de recherche bien connu est un stimulant des classes chimiques de la ph\u00e9n\u00e9thylamine et de la cathinone. La buph\u00e9drone est une b\u00eata-c\u00e9tone apparent\u00e9e aux compos\u00e9s naturels cathinone et cathine. Il est \u00e9galement connu sous le nom de -m\u00e9thylamino-butyroph\u00e9none ou ph\u00e9nylac\u00e9to\u00e9thyl-m\u00e9thylamine.<\/p>\n<p>Poudre de buph\u00e9drone\/Buy Buphedrone Powder<\/p>\n<p>Buphedrone en poudre<\/p>\n<p>Il est \u00e9galement li\u00e9 \u00e0 la m\u00e9thamph\u00e9tamine, avec le substituant -c\u00e9tone (au niveau du carbone b\u00eata) et un groupe \u00e9thyle rempla\u00e7ant le groupe m\u00e9thyle au niveau du carbone alpha de l&#8217;amine. Ses effets sur les sujets test\u00e9s ont \u00e9t\u00e9 compar\u00e9s \u00e0 ceux de la m\u00e9thamph\u00e9tamine, avec plus d&#8217;euphorie et moins de stimulation physique observ\u00e9e dans les \u00e9tudes. Il augmente la lib\u00e9ration de dopamine par les terminaisons nerveuses dopaminergiques dans le cerveau.<\/p>\n<p>Buph\u00e9dron en poudre<\/p>\n<p>Les substituts de cathinone, comme l&#8217;\u00e9thcathinone, sont des compos\u00e9s psychoactifs couramment utilis\u00e9s comme drogues r\u00e9cr\u00e9atives.<\/p>\n<p>Certains d&#8217;entre eux ont des effets semblables \u00e0 ceux de l&#8217;amph\u00e9tamine.<\/p>\n<p>3 La buph\u00e9drone (chlorhydrate) est une cathinone substitu\u00e9e avec un groupe \u00e9thyle en position alpha et un groupe m\u00e9thyle \u00e0 l&#8217;extr\u00e9mit\u00e9 N-terminale. Ce compos\u00e9 a \u00e9t\u00e9 trouv\u00e9 dans des produits li\u00e9s aux stimulants. 2 Ses propri\u00e9t\u00e9s biologiques et toxicologiques restent \u00e0 d\u00e9terminer. Ce produit est destin\u00e9 \u00e0 un usage m\u00e9dico-l\u00e9gal.<\/p>\n","protected":false},"excerpt":{"rendered":"<div class=\"woocommerce-product-details__short-description\">\n<p><em>Achetez<\/em>\u00a0de la\u00a0<em>poudre de buph\u00e9drone<\/em> pure de haute qualit\u00e9\u00a0en ligne avec Bitcoin &#8211; <em>Achetez<\/em>\u00a0des m\u00e9dicaments l\u00e9gaux en ligne,\u00a0<em>achetez<\/em>\u00a0des produits chimiques de recherche,\u00a0<em>achetez<\/em>\u00a0des\u00a0<em>poudres<\/em> pharmaceutiques brutes.<\/p>\n<p>Achetez Poudre de buph\u00e9drone aux \u00c9tats-Unis Acheter en vrac La buph\u00e9drone, \u00e9galement connue sous le nom de MABP, est un stimulant de la classe chimique de la ph\u00e9n\u00e9thylamine et de la cathinone.<\/p>\n<p>Achetez de la poudre de buph\u00e9drone en ligne.<\/p>\n<p>Buph\u00e9drone, \u00e9galement connue sous le nom de -m\u00e9thylamino -butyroph\u00e9none (MABP), est un stimulant de la ph\u00e9n\u00e9thylamine et de la cathinone qui a \u00e9t\u00e9 synth\u00e9tis\u00e9 pour la premi\u00e8re fois en 1928.<\/p>\n<\/p><\/div>\n","protected":false},"featured_media":5455,"comment_status":"open","ping_status":"closed","template":"","meta":[],"product_brand":[],"product_cat":[59],"product_tag":[2734,2728,2729,2735,2727,2737,2726,2730,2736,2731,2732,2733],"class_list":{"0":"post-5443","1":"product","2":"type-product","3":"status-publish","4":"has-post-thumbnail","6":"product_cat-produits-chimiques-de-recherche","7":"product_tag-acheter-buphedrone-poudre","8":"product_tag-buphedrone-powder-europe","9":"product_tag-buphedrone-powder-for-sale","10":"product_tag-commande-buphedrone-poudre","11":"product_tag-buphedrone-poudre-effet","12":"product_tag-o-acheter-la-poudre-de-buphedrone","13":"product_tag-poudre-de-buphdrone","14":"product_tag-buphedrone-poudre-allemagne","15":"product_tag-qualit-buphedrone-poudre","16":"product_tag-buphedrone-poudre-italie","17":"product_tag-buphedrone-poudre-reddit","18":"product_tag-buphedrone-poudre-fr","20":"first","21":"instock","22":"shipping-taxable","23":"purchasable","24":"product-type-variable"},"yoast_head":"<!-- This site is optimized with the Yoast SEO plugin v27.3 - https:\/\/yoast.com\/product\/yoast-seo-wordpress\/ -->\n<title>Acheter de la poudre de buph\u00e9drone - Poudre de buph\u00e9drone - Best Global Meds<\/title>\n<meta name=\"description\" content=\"Acheter de la poudre de buph\u00e9drone \u00e0 vendre au Royaume-Uni, dans l&#039;UE, en Europe (\u03b1-m\u00e9thylamino-butyroph\u00e9none ou MABP) Cristal et poudre avec une puret\u00e9 de 99,9% en ligne avec s\u00e9curit\u00e9.\" \/>\n<meta name=\"robots\" content=\"index, follow, max-snippet:-1, max-image-preview:large, max-video-preview:-1\" \/>\n<link rel=\"canonical\" href=\"https:\/\/medicinasinc.com\/fr\/product\/acheter-buphedrone-poudre\/\" \/>\n<meta property=\"og:locale\" content=\"en_US\" \/>\n<meta property=\"og:type\" content=\"article\" \/>\n<meta property=\"og:title\" content=\"Acheter de la poudre de buph\u00e9drone - Poudre de buph\u00e9drone - Best Global Meds\" \/>\n<meta property=\"og:description\" content=\"Acheter de la poudre de buph\u00e9drone \u00e0 vendre au Royaume-Uni, dans l&#039;UE, en Europe (\u03b1-m\u00e9thylamino-butyroph\u00e9none ou MABP) Cristal et poudre avec une puret\u00e9 de 99,9% en ligne avec s\u00e9curit\u00e9.\" \/>\n<meta property=\"og:url\" content=\"https:\/\/medicinasinc.com\/fr\/product\/acheter-buphedrone-poudre\/\" \/>\n<meta property=\"og:site_name\" content=\"Medicinas Inc\" \/>\n<meta property=\"article:modified_time\" content=\"2022-03-17T11:57:44+00:00\" \/>\n<meta property=\"og:image\" content=\"https:\/\/medicinasinc.com\/fr\/wp-content\/uploads\/sites\/5\/2022\/02\/Buy-Buphedrone-powder.png\" \/>\n\t<meta property=\"og:image:width\" content=\"600\" \/>\n\t<meta property=\"og:image:height\" content=\"400\" \/>\n\t<meta property=\"og:image:type\" content=\"image\/png\" \/>\n<meta name=\"twitter:card\" content=\"summary_large_image\" \/>\n<meta name=\"twitter:label1\" content=\"Est. reading time\" \/>\n\t<meta name=\"twitter:data1\" content=\"1 minute\" \/>\n<script type=\"application\/ld+json\" class=\"yoast-schema-graph\">{\"@context\":\"https:\\\/\\\/schema.org\",\"@graph\":[{\"@type\":\"WebPage\",\"@id\":\"https:\\\/\\\/medicinasinc.com\\\/fr\\\/product\\\/acheter-buphedrone-poudre\\\/\",\"url\":\"https:\\\/\\\/medicinasinc.com\\\/fr\\\/product\\\/acheter-buphedrone-poudre\\\/\",\"name\":\"Acheter de la poudre de buph\u00e9drone - Poudre de buph\u00e9drone - Best Global Meds\",\"isPartOf\":{\"@id\":\"https:\\\/\\\/medicinasinc.com\\\/fr\\\/#website\"},\"primaryImageOfPage\":{\"@id\":\"https:\\\/\\\/medicinasinc.com\\\/fr\\\/product\\\/acheter-buphedrone-poudre\\\/#primaryimage\"},\"image\":{\"@id\":\"https:\\\/\\\/medicinasinc.com\\\/fr\\\/product\\\/acheter-buphedrone-poudre\\\/#primaryimage\"},\"thumbnailUrl\":\"https:\\\/\\\/medicinasinc.com\\\/fr\\\/wp-content\\\/uploads\\\/sites\\\/5\\\/2022\\\/02\\\/Buy-Buphedrone-powder.png\",\"datePublished\":\"2022-02-21T23:37:16+00:00\",\"dateModified\":\"2022-03-17T11:57:44+00:00\",\"description\":\"Acheter de la poudre de buph\u00e9drone \u00e0 vendre au Royaume-Uni, dans l'UE, en Europe (\u03b1-m\u00e9thylamino-butyroph\u00e9none ou MABP) Cristal et poudre avec une puret\u00e9 de 99,9% en ligne avec s\u00e9curit\u00e9.\",\"breadcrumb\":{\"@id\":\"https:\\\/\\\/medicinasinc.com\\\/fr\\\/product\\\/acheter-buphedrone-poudre\\\/#breadcrumb\"},\"inLanguage\":\"en-US\",\"potentialAction\":[{\"@type\":\"ReadAction\",\"target\":[\"https:\\\/\\\/medicinasinc.com\\\/fr\\\/product\\\/acheter-buphedrone-poudre\\\/\"]}]},{\"@type\":\"ImageObject\",\"inLanguage\":\"en-US\",\"@id\":\"https:\\\/\\\/medicinasinc.com\\\/fr\\\/product\\\/acheter-buphedrone-poudre\\\/#primaryimage\",\"url\":\"https:\\\/\\\/medicinasinc.com\\\/fr\\\/wp-content\\\/uploads\\\/sites\\\/5\\\/2022\\\/02\\\/Buy-Buphedrone-powder.png\",\"contentUrl\":\"https:\\\/\\\/medicinasinc.com\\\/fr\\\/wp-content\\\/uploads\\\/sites\\\/5\\\/2022\\\/02\\\/Buy-Buphedrone-powder.png\",\"width\":600,\"height\":400},{\"@type\":\"BreadcrumbList\",\"@id\":\"https:\\\/\\\/medicinasinc.com\\\/fr\\\/product\\\/acheter-buphedrone-poudre\\\/#breadcrumb\",\"itemListElement\":[{\"@type\":\"ListItem\",\"position\":1,\"name\":\"Boutique\",\"item\":\"https:\\\/\\\/medicinasinc.com\\\/fr\\\/boutique\\\/\"},{\"@type\":\"ListItem\",\"position\":2,\"name\":\"Acheter de la poudre de buph\u00e9drone\"}]},{\"@type\":\"WebSite\",\"@id\":\"https:\\\/\\\/medicinasinc.com\\\/fr\\\/#website\",\"url\":\"https:\\\/\\\/medicinasinc.com\\\/fr\\\/\",\"name\":\"Medicinas Inc\",\"description\":\"Health Medical Clinic\",\"potentialAction\":[{\"@type\":\"SearchAction\",\"target\":{\"@type\":\"EntryPoint\",\"urlTemplate\":\"https:\\\/\\\/medicinasinc.com\\\/fr\\\/?s={search_term_string}\"},\"query-input\":{\"@type\":\"PropertyValueSpecification\",\"valueRequired\":true,\"valueName\":\"search_term_string\"}}],\"inLanguage\":\"en-US\"}]}<\/script>\n<!-- \/ Yoast SEO plugin. -->","yoast_head_json":{"title":"Acheter de la poudre de buph\u00e9drone - Poudre de buph\u00e9drone - Best Global Meds","description":"Acheter de la poudre de buph\u00e9drone \u00e0 vendre au Royaume-Uni, dans l'UE, en Europe (\u03b1-m\u00e9thylamino-butyroph\u00e9none ou MABP) Cristal et poudre avec une puret\u00e9 de 99,9% en ligne avec s\u00e9curit\u00e9.","robots":{"index":"index","follow":"follow","max-snippet":"max-snippet:-1","max-image-preview":"max-image-preview:large","max-video-preview":"max-video-preview:-1"},"canonical":"https:\/\/medicinasinc.com\/fr\/product\/acheter-buphedrone-poudre\/","og_locale":"en_US","og_type":"article","og_title":"Acheter de la poudre de buph\u00e9drone - Poudre de buph\u00e9drone - Best Global Meds","og_description":"Acheter de la poudre de buph\u00e9drone \u00e0 vendre au Royaume-Uni, dans l'UE, en Europe (\u03b1-m\u00e9thylamino-butyroph\u00e9none ou MABP) Cristal et poudre avec une puret\u00e9 de 99,9% en ligne avec s\u00e9curit\u00e9.","og_url":"https:\/\/medicinasinc.com\/fr\/product\/acheter-buphedrone-poudre\/","og_site_name":"Medicinas Inc","article_modified_time":"2022-03-17T11:57:44+00:00","og_image":[{"width":600,"height":400,"url":"https:\/\/medicinasinc.com\/fr\/wp-content\/uploads\/sites\/5\/2022\/02\/Buy-Buphedrone-powder.png","type":"image\/png"}],"twitter_card":"summary_large_image","twitter_misc":{"Est. reading time":"1 minute"},"schema":{"@context":"https:\/\/schema.org","@graph":[{"@type":"WebPage","@id":"https:\/\/medicinasinc.com\/fr\/product\/acheter-buphedrone-poudre\/","url":"https:\/\/medicinasinc.com\/fr\/product\/acheter-buphedrone-poudre\/","name":"Acheter de la poudre de buph\u00e9drone - Poudre de buph\u00e9drone - Best Global Meds","isPartOf":{"@id":"https:\/\/medicinasinc.com\/fr\/#website"},"primaryImageOfPage":{"@id":"https:\/\/medicinasinc.com\/fr\/product\/acheter-buphedrone-poudre\/#primaryimage"},"image":{"@id":"https:\/\/medicinasinc.com\/fr\/product\/acheter-buphedrone-poudre\/#primaryimage"},"thumbnailUrl":"https:\/\/medicinasinc.com\/fr\/wp-content\/uploads\/sites\/5\/2022\/02\/Buy-Buphedrone-powder.png","datePublished":"2022-02-21T23:37:16+00:00","dateModified":"2022-03-17T11:57:44+00:00","description":"Acheter de la poudre de buph\u00e9drone \u00e0 vendre au Royaume-Uni, dans l'UE, en Europe (\u03b1-m\u00e9thylamino-butyroph\u00e9none ou MABP) Cristal et poudre avec une puret\u00e9 de 99,9% en ligne avec s\u00e9curit\u00e9.","breadcrumb":{"@id":"https:\/\/medicinasinc.com\/fr\/product\/acheter-buphedrone-poudre\/#breadcrumb"},"inLanguage":"en-US","potentialAction":[{"@type":"ReadAction","target":["https:\/\/medicinasinc.com\/fr\/product\/acheter-buphedrone-poudre\/"]}]},{"@type":"ImageObject","inLanguage":"en-US","@id":"https:\/\/medicinasinc.com\/fr\/product\/acheter-buphedrone-poudre\/#primaryimage","url":"https:\/\/medicinasinc.com\/fr\/wp-content\/uploads\/sites\/5\/2022\/02\/Buy-Buphedrone-powder.png","contentUrl":"https:\/\/medicinasinc.com\/fr\/wp-content\/uploads\/sites\/5\/2022\/02\/Buy-Buphedrone-powder.png","width":600,"height":400},{"@type":"BreadcrumbList","@id":"https:\/\/medicinasinc.com\/fr\/product\/acheter-buphedrone-poudre\/#breadcrumb","itemListElement":[{"@type":"ListItem","position":1,"name":"Boutique","item":"https:\/\/medicinasinc.com\/fr\/boutique\/"},{"@type":"ListItem","position":2,"name":"Acheter de la poudre de buph\u00e9drone"}]},{"@type":"WebSite","@id":"https:\/\/medicinasinc.com\/fr\/#website","url":"https:\/\/medicinasinc.com\/fr\/","name":"Medicinas Inc","description":"Health Medical Clinic","potentialAction":[{"@type":"SearchAction","target":{"@type":"EntryPoint","urlTemplate":"https:\/\/medicinasinc.com\/fr\/?s={search_term_string}"},"query-input":{"@type":"PropertyValueSpecification","valueRequired":true,"valueName":"search_term_string"}}],"inLanguage":"en-US"}]}},"_links":{"self":[{"href":"https:\/\/medicinasinc.com\/fr\/wp-json\/wp\/v2\/product\/5443","targetHints":{"allow":["GET"]}}],"collection":[{"href":"https:\/\/medicinasinc.com\/fr\/wp-json\/wp\/v2\/product"}],"about":[{"href":"https:\/\/medicinasinc.com\/fr\/wp-json\/wp\/v2\/types\/product"}],"replies":[{"embeddable":true,"href":"https:\/\/medicinasinc.com\/fr\/wp-json\/wp\/v2\/comments?post=5443"}],"wp:featuredmedia":[{"embeddable":true,"href":"https:\/\/medicinasinc.com\/fr\/wp-json\/wp\/v2\/media\/5455"}],"wp:attachment":[{"href":"https:\/\/medicinasinc.com\/fr\/wp-json\/wp\/v2\/media?parent=5443"}],"wp:term":[{"taxonomy":"product_brand","embeddable":true,"href":"https:\/\/medicinasinc.com\/fr\/wp-json\/wp\/v2\/product_brand?post=5443"},{"taxonomy":"product_cat","embeddable":true,"href":"https:\/\/medicinasinc.com\/fr\/wp-json\/wp\/v2\/product_cat?post=5443"},{"taxonomy":"product_tag","embeddable":true,"href":"https:\/\/medicinasinc.com\/fr\/wp-json\/wp\/v2\/product_tag?post=5443"}],"curies":[{"name":"wp","href":"https:\/\/api.w.org\/{rel}","templated":true}]}}