{"id":5442,"date":"2022-02-21T23:35:16","date_gmt":"2022-02-21T23:35:16","guid":{"rendered":"https:\/\/medicinasinc.com\/fr\/?post_type=product&#038;p=5442"},"modified":"2022-08-05T10:23:16","modified_gmt":"2022-08-05T10:23:16","slug":"acheter-alprazolam-poudre","status":"publish","type":"product","link":"https:\/\/medicinasinc.com\/fr\/product\/acheter-alprazolam-poudre\/","title":{"rendered":"Acheter de la poudre d&#8217;Alprazolam"},"content":{"rendered":"<p>Vente d&#8217;Alprazolam<\/p>\n<p>L&#8217;Alprazolam est une benzodiaz\u00e9pine puissante \u00e0 demi-vie courte qui d\u00e9tend le syst\u00e8me nerveux central. Ce m\u00e9dicament est principalement utilis\u00e9 pour traiter les troubles anxieux et paniques. L&#8217;augmentation de la population g\u00e9riatrique vuln\u00e9rable \u00e0 la d\u00e9pression, ainsi que la pr\u00e9valence des troubles anxieux tels que la phobie et les angoisses g\u00e9n\u00e9ralis\u00e9es, stimulent la demande de poudre d&#8217;Alprazolam. De plus, la croissance de l&#8217;industrie est aliment\u00e9e par le style de vie rapide et stressant qui m\u00e8ne \u00e0 la d\u00e9pression. De plus, au cours de la p\u00e9riode de pr\u00e9vision, des travaux de recherche et d\u00e9veloppement sur l&#8217;Alprazolam sont pr\u00e9vus pour explorer de nouvelles opportunit\u00e9s. D&#8217;autre part, des r\u00e9glementations gouvernementales strictes et des effets d\u00e9favorables des m\u00e9dicaments tels que la toxicomanie entravent la croissance. L&#8217;ALPRAZOLAM peut \u00eatre achet\u00e9 en ligne, ainsi que l&#8217;ALPRAZOLAM en vente.<\/p>\n<p>Utilisation<\/p>\n<p>L&#8217;Alprazolam est utilis\u00e9 pour traiter l&#8217;anxi\u00e9t\u00e9 et les troubles paniques (\u00e9pisodes soudains et impr\u00e9visibles de peur intense et d&#8217;inqui\u00e9tude \u00e0 propos de ces \u00e9pisodes ). L&#8217;alprazolam appartient \u00e0 la classe des benzodiaz\u00e9pines. Cela r\u00e9duit l&#8217;excitation excessive dans le cerveau. L&#8217;alprazolam est \u00e9galement utilis\u00e9 pour traiter la d\u00e9pression, l&#8217;anxi\u00e9t\u00e9 en public et le syndrome pr\u00e9menstruel. Il peut \u00eatre utilis\u00e9 dans des situations douloureuses. Discutez avec votre m\u00e9decin des risques potentiels pour votre \u00e9tat si vous utilisez ce m\u00e9dicament.<\/p>\n<p>Dosage<\/p>\n<p>Alprazolam se pr\u00e9sente sous forme de comprim\u00e9s, de comprim\u00e9s \u00e0 lib\u00e9ration prolong\u00e9e et de comprim\u00e9s \u00e0 d\u00e9composition orale (un comprim\u00e9 qui se dissout dans la bouche). Le comprim\u00e9, le comprim\u00e9 \u00e0 d\u00e9sint\u00e9gration orale et les solutions concentr\u00e9es sont g\u00e9n\u00e9ralement pris deux \u00e0 quatre fois par jour. Le comprim\u00e9 \u00e0 distance est g\u00e9n\u00e9ralement pris une fois par jour, le matin. Portez une attention particuli\u00e8re aux notes sur votre tableau de prescription et demandez \u00e0 votre pharmacien ou \u00e0 votre m\u00e9decin de vous expliquer tout ce que vous ne comprenez pas. Prenez l&#8217;alprazolam exactement comme indiqu\u00e9. Pour prendre le liquide concentr\u00e9, utilisez uniquement le compte-gouttes fourni avec la prescription. Remplissez le compte-gouttes avec la dose requise. Pressez le compte-gouttes dans les aliments liquides ou semi-solides tels que le th\u00e9, le lait, les sodas, la soupe aux pommes ou le pudding. M\u00e9langez doucement le liquide ou la nourriture pendant quelques secondes. Le liquide est compl\u00e8tement absorb\u00e9 par les aliments. Buvez ou mangez imm\u00e9diatement tout le m\u00e9lange. Prenez le comprim\u00e9 du flacon par voie orale juste avant la dose pr\u00e9vue. Avec les paumes s\u00e8ches, ouvrez le flacon, retirez le comprim\u00e9 et placez-le imm\u00e9diatement sur votre langue. Le comprim\u00e9 peut se dissoudre et \u00eatre aval\u00e9 avec de la salive.<\/p>\n","protected":false},"excerpt":{"rendered":"<div class=\"woocommerce-product-details__short-description\">\n<p><em>Acheter<\/em> Alprazolam en ligne \u2013 medicinasinc.com est le meilleur fournisseur et vendeur de <em>poudre d&#8217;Alprazolam<\/em>\u00a0o\u00f9 vous pouvez\u00a0<em>acheter<\/em>\u00a0la poudre de Xanax en gros. <em>Commandez<\/em>\u00a0maintenant\u00a0!<\/p>\n<p>La poudre d&#8217;alprazolam peut \u00eatre achet\u00e9e en ligne. V\u00e9ritable poudre d&#8217;Alprazolam \u00e0 vendre en ligne \u2013 Poudre d&#8217;Alprazolam \u00e0 vendre en ligne | Acheter de la poudre d&#8217;Alprazolam en ligne | Acheter de la poudre d&#8217;Alprazolam en vente en ligne | Acheter de la poudre d&#8217;alprazolam pas cher en ligne | O\u00f9 acheter de la poudre d&#8217;Alprazolam en ligne<\/p>\n<\/div>\n","protected":false},"featured_media":5453,"comment_status":"open","ping_status":"closed","template":"","meta":[],"product_brand":[],"product_cat":[59],"product_tag":[2719,2725,2721,1153,2722,2720,1152,2723],"class_list":{"0":"post-5442","1":"product","2":"type-product","3":"status-publish","4":"has-post-thumbnail","6":"product_cat-produits-chimiques-de-recherche","7":"product_tag-alprazolam-poudre-acheter","8":"product_tag-acheter-alprazolam-poudre-europe","9":"product_tag-alprazolam-poudre-europe","10":"product_tag-alprazolam-powder-for-sale","11":"product_tag-alprazolam-powder-reddit","12":"product_tag-alprazolam-effet-poudre","13":"product_tag-poudre-dalprazolam","14":"product_tag-alprazolam-poudre-fr","16":"first","17":"instock","18":"shipping-taxable","19":"purchasable","20":"product-type-variable","21":"has-default-attributes"},"yoast_head":"<!-- This site is optimized with the Yoast SEO plugin v27.3 - https:\/\/yoast.com\/product\/yoast-seo-wordpress\/ -->\n<title>Acheter de la poudre d&#039;Alprazolam - Poudre d&#039;Alprazolam - Best Global Meds<\/title>\n<meta name=\"description\" content=\"Acheter de la poudre d&#039;Alprazolam en ligne. V\u00e9ritable poudre d&#039;Alprazolam en ligne \u2013 Poudre d&#039;Alprazolam \u00e0 vendre | Acheter de la poudre d&#039;Alprazolam en ligne | Acheter de la poudre d&#039;Alprazolam \u00e0 vendre| Acheter de la poudre d&#039;alprazolam pas cher | O\u00f9 acheter de la poudre d&#039;Alprazolam en ligne\" \/>\n<meta name=\"robots\" content=\"index, follow, max-snippet:-1, max-image-preview:large, max-video-preview:-1\" \/>\n<link rel=\"canonical\" href=\"https:\/\/medicinasinc.com\/fr\/product\/acheter-alprazolam-poudre\/\" \/>\n<meta property=\"og:locale\" content=\"en_US\" \/>\n<meta property=\"og:type\" content=\"article\" \/>\n<meta property=\"og:title\" content=\"Acheter de la poudre d&#039;Alprazolam - Poudre d&#039;Alprazolam - Best Global Meds\" \/>\n<meta property=\"og:description\" content=\"Acheter de la poudre d&#039;Alprazolam en ligne. V\u00e9ritable poudre d&#039;Alprazolam en ligne \u2013 Poudre d&#039;Alprazolam \u00e0 vendre | Acheter de la poudre d&#039;Alprazolam en ligne | Acheter de la poudre d&#039;Alprazolam \u00e0 vendre| Acheter de la poudre d&#039;alprazolam pas cher | O\u00f9 acheter de la poudre d&#039;Alprazolam en ligne\" \/>\n<meta property=\"og:url\" content=\"https:\/\/medicinasinc.com\/fr\/product\/acheter-alprazolam-poudre\/\" \/>\n<meta property=\"og:site_name\" content=\"Medicinas Inc\" \/>\n<meta property=\"article:modified_time\" content=\"2022-08-05T10:23:16+00:00\" \/>\n<meta property=\"og:image\" content=\"https:\/\/medicinasinc.com\/fr\/wp-content\/uploads\/sites\/5\/2022\/02\/Buy-Alprazolam-powder.jpg\" \/>\n\t<meta property=\"og:image:width\" content=\"259\" \/>\n\t<meta property=\"og:image:height\" content=\"194\" \/>\n\t<meta property=\"og:image:type\" content=\"image\/jpeg\" \/>\n<meta name=\"twitter:card\" content=\"summary_large_image\" \/>\n<meta name=\"twitter:label1\" content=\"Est. reading time\" \/>\n\t<meta name=\"twitter:data1\" content=\"2 minutes\" \/>\n<script type=\"application\/ld+json\" class=\"yoast-schema-graph\">{\"@context\":\"https:\\\/\\\/schema.org\",\"@graph\":[{\"@type\":\"WebPage\",\"@id\":\"https:\\\/\\\/medicinasinc.com\\\/fr\\\/product\\\/acheter-alprazolam-poudre\\\/\",\"url\":\"https:\\\/\\\/medicinasinc.com\\\/fr\\\/product\\\/acheter-alprazolam-poudre\\\/\",\"name\":\"Acheter de la poudre d'Alprazolam - Poudre d'Alprazolam - Best Global Meds\",\"isPartOf\":{\"@id\":\"https:\\\/\\\/medicinasinc.com\\\/fr\\\/#website\"},\"primaryImageOfPage\":{\"@id\":\"https:\\\/\\\/medicinasinc.com\\\/fr\\\/product\\\/acheter-alprazolam-poudre\\\/#primaryimage\"},\"image\":{\"@id\":\"https:\\\/\\\/medicinasinc.com\\\/fr\\\/product\\\/acheter-alprazolam-poudre\\\/#primaryimage\"},\"thumbnailUrl\":\"https:\\\/\\\/medicinasinc.com\\\/fr\\\/wp-content\\\/uploads\\\/sites\\\/5\\\/2022\\\/02\\\/Buy-Alprazolam-powder.jpg\",\"datePublished\":\"2022-02-21T23:35:16+00:00\",\"dateModified\":\"2022-08-05T10:23:16+00:00\",\"description\":\"Acheter de la poudre d'Alprazolam en ligne. V\u00e9ritable poudre d'Alprazolam en ligne \u2013 Poudre d'Alprazolam \u00e0 vendre | Acheter de la poudre d'Alprazolam en ligne | Acheter de la poudre d'Alprazolam \u00e0 vendre| Acheter de la poudre d'alprazolam pas cher | O\u00f9 acheter de la poudre d'Alprazolam en ligne\",\"breadcrumb\":{\"@id\":\"https:\\\/\\\/medicinasinc.com\\\/fr\\\/product\\\/acheter-alprazolam-poudre\\\/#breadcrumb\"},\"inLanguage\":\"en-US\",\"potentialAction\":[{\"@type\":\"ReadAction\",\"target\":[\"https:\\\/\\\/medicinasinc.com\\\/fr\\\/product\\\/acheter-alprazolam-poudre\\\/\"]}]},{\"@type\":\"ImageObject\",\"inLanguage\":\"en-US\",\"@id\":\"https:\\\/\\\/medicinasinc.com\\\/fr\\\/product\\\/acheter-alprazolam-poudre\\\/#primaryimage\",\"url\":\"https:\\\/\\\/medicinasinc.com\\\/fr\\\/wp-content\\\/uploads\\\/sites\\\/5\\\/2022\\\/02\\\/Buy-Alprazolam-powder.jpg\",\"contentUrl\":\"https:\\\/\\\/medicinasinc.com\\\/fr\\\/wp-content\\\/uploads\\\/sites\\\/5\\\/2022\\\/02\\\/Buy-Alprazolam-powder.jpg\",\"width\":259,\"height\":194},{\"@type\":\"BreadcrumbList\",\"@id\":\"https:\\\/\\\/medicinasinc.com\\\/fr\\\/product\\\/acheter-alprazolam-poudre\\\/#breadcrumb\",\"itemListElement\":[{\"@type\":\"ListItem\",\"position\":1,\"name\":\"Boutique\",\"item\":\"https:\\\/\\\/medicinasinc.com\\\/fr\\\/boutique\\\/\"},{\"@type\":\"ListItem\",\"position\":2,\"name\":\"Acheter de la poudre d&#8217;Alprazolam\"}]},{\"@type\":\"WebSite\",\"@id\":\"https:\\\/\\\/medicinasinc.com\\\/fr\\\/#website\",\"url\":\"https:\\\/\\\/medicinasinc.com\\\/fr\\\/\",\"name\":\"Medicinas Inc\",\"description\":\"Health Medical Clinic\",\"potentialAction\":[{\"@type\":\"SearchAction\",\"target\":{\"@type\":\"EntryPoint\",\"urlTemplate\":\"https:\\\/\\\/medicinasinc.com\\\/fr\\\/?s={search_term_string}\"},\"query-input\":{\"@type\":\"PropertyValueSpecification\",\"valueRequired\":true,\"valueName\":\"search_term_string\"}}],\"inLanguage\":\"en-US\"}]}<\/script>\n<!-- \/ Yoast SEO plugin. -->","yoast_head_json":{"title":"Acheter de la poudre d'Alprazolam - Poudre d'Alprazolam - Best Global Meds","description":"Acheter de la poudre d'Alprazolam en ligne. V\u00e9ritable poudre d'Alprazolam en ligne \u2013 Poudre d'Alprazolam \u00e0 vendre | Acheter de la poudre d'Alprazolam en ligne | Acheter de la poudre d'Alprazolam \u00e0 vendre| Acheter de la poudre d'alprazolam pas cher | O\u00f9 acheter de la poudre d'Alprazolam en ligne","robots":{"index":"index","follow":"follow","max-snippet":"max-snippet:-1","max-image-preview":"max-image-preview:large","max-video-preview":"max-video-preview:-1"},"canonical":"https:\/\/medicinasinc.com\/fr\/product\/acheter-alprazolam-poudre\/","og_locale":"en_US","og_type":"article","og_title":"Acheter de la poudre d'Alprazolam - Poudre d'Alprazolam - Best Global Meds","og_description":"Acheter de la poudre d'Alprazolam en ligne. V\u00e9ritable poudre d'Alprazolam en ligne \u2013 Poudre d'Alprazolam \u00e0 vendre | Acheter de la poudre d'Alprazolam en ligne | Acheter de la poudre d'Alprazolam \u00e0 vendre| Acheter de la poudre d'alprazolam pas cher | O\u00f9 acheter de la poudre d'Alprazolam en ligne","og_url":"https:\/\/medicinasinc.com\/fr\/product\/acheter-alprazolam-poudre\/","og_site_name":"Medicinas Inc","article_modified_time":"2022-08-05T10:23:16+00:00","og_image":[{"width":259,"height":194,"url":"https:\/\/medicinasinc.com\/fr\/wp-content\/uploads\/sites\/5\/2022\/02\/Buy-Alprazolam-powder.jpg","type":"image\/jpeg"}],"twitter_card":"summary_large_image","twitter_misc":{"Est. reading time":"2 minutes"},"schema":{"@context":"https:\/\/schema.org","@graph":[{"@type":"WebPage","@id":"https:\/\/medicinasinc.com\/fr\/product\/acheter-alprazolam-poudre\/","url":"https:\/\/medicinasinc.com\/fr\/product\/acheter-alprazolam-poudre\/","name":"Acheter de la poudre d'Alprazolam - Poudre d'Alprazolam - Best Global Meds","isPartOf":{"@id":"https:\/\/medicinasinc.com\/fr\/#website"},"primaryImageOfPage":{"@id":"https:\/\/medicinasinc.com\/fr\/product\/acheter-alprazolam-poudre\/#primaryimage"},"image":{"@id":"https:\/\/medicinasinc.com\/fr\/product\/acheter-alprazolam-poudre\/#primaryimage"},"thumbnailUrl":"https:\/\/medicinasinc.com\/fr\/wp-content\/uploads\/sites\/5\/2022\/02\/Buy-Alprazolam-powder.jpg","datePublished":"2022-02-21T23:35:16+00:00","dateModified":"2022-08-05T10:23:16+00:00","description":"Acheter de la poudre d'Alprazolam en ligne. V\u00e9ritable poudre d'Alprazolam en ligne \u2013 Poudre d'Alprazolam \u00e0 vendre | Acheter de la poudre d'Alprazolam en ligne | Acheter de la poudre d'Alprazolam \u00e0 vendre| Acheter de la poudre d'alprazolam pas cher | O\u00f9 acheter de la poudre d'Alprazolam en ligne","breadcrumb":{"@id":"https:\/\/medicinasinc.com\/fr\/product\/acheter-alprazolam-poudre\/#breadcrumb"},"inLanguage":"en-US","potentialAction":[{"@type":"ReadAction","target":["https:\/\/medicinasinc.com\/fr\/product\/acheter-alprazolam-poudre\/"]}]},{"@type":"ImageObject","inLanguage":"en-US","@id":"https:\/\/medicinasinc.com\/fr\/product\/acheter-alprazolam-poudre\/#primaryimage","url":"https:\/\/medicinasinc.com\/fr\/wp-content\/uploads\/sites\/5\/2022\/02\/Buy-Alprazolam-powder.jpg","contentUrl":"https:\/\/medicinasinc.com\/fr\/wp-content\/uploads\/sites\/5\/2022\/02\/Buy-Alprazolam-powder.jpg","width":259,"height":194},{"@type":"BreadcrumbList","@id":"https:\/\/medicinasinc.com\/fr\/product\/acheter-alprazolam-poudre\/#breadcrumb","itemListElement":[{"@type":"ListItem","position":1,"name":"Boutique","item":"https:\/\/medicinasinc.com\/fr\/boutique\/"},{"@type":"ListItem","position":2,"name":"Acheter de la poudre d&#8217;Alprazolam"}]},{"@type":"WebSite","@id":"https:\/\/medicinasinc.com\/fr\/#website","url":"https:\/\/medicinasinc.com\/fr\/","name":"Medicinas Inc","description":"Health Medical Clinic","potentialAction":[{"@type":"SearchAction","target":{"@type":"EntryPoint","urlTemplate":"https:\/\/medicinasinc.com\/fr\/?s={search_term_string}"},"query-input":{"@type":"PropertyValueSpecification","valueRequired":true,"valueName":"search_term_string"}}],"inLanguage":"en-US"}]}},"_links":{"self":[{"href":"https:\/\/medicinasinc.com\/fr\/wp-json\/wp\/v2\/product\/5442","targetHints":{"allow":["GET"]}}],"collection":[{"href":"https:\/\/medicinasinc.com\/fr\/wp-json\/wp\/v2\/product"}],"about":[{"href":"https:\/\/medicinasinc.com\/fr\/wp-json\/wp\/v2\/types\/product"}],"replies":[{"embeddable":true,"href":"https:\/\/medicinasinc.com\/fr\/wp-json\/wp\/v2\/comments?post=5442"}],"wp:featuredmedia":[{"embeddable":true,"href":"https:\/\/medicinasinc.com\/fr\/wp-json\/wp\/v2\/media\/5453"}],"wp:attachment":[{"href":"https:\/\/medicinasinc.com\/fr\/wp-json\/wp\/v2\/media?parent=5442"}],"wp:term":[{"taxonomy":"product_brand","embeddable":true,"href":"https:\/\/medicinasinc.com\/fr\/wp-json\/wp\/v2\/product_brand?post=5442"},{"taxonomy":"product_cat","embeddable":true,"href":"https:\/\/medicinasinc.com\/fr\/wp-json\/wp\/v2\/product_cat?post=5442"},{"taxonomy":"product_tag","embeddable":true,"href":"https:\/\/medicinasinc.com\/fr\/wp-json\/wp\/v2\/product_tag?post=5442"}],"curies":[{"name":"wp","href":"https:\/\/api.w.org\/{rel}","templated":true}]}}