{"id":5441,"date":"2022-02-21T23:32:20","date_gmt":"2022-02-21T23:32:20","guid":{"rendered":"https:\/\/medicinasinc.com\/fr\/?post_type=product&#038;p=5441"},"modified":"2022-08-05T10:14:17","modified_gmt":"2022-08-05T10:14:17","slug":"acheter-alpha-pvp","status":"publish","type":"product","link":"https:\/\/medicinasinc.com\/fr\/product\/acheter-alpha-pvp\/","title":{"rendered":"Acheter Alpha-PVP"},"content":{"rendered":"<p>Achat Alpha-PVP en ligne<\/p>\n<p>Alpha-PVP est un stimulant synth\u00e9tique utilis\u00e9 dans le domaine m\u00e9dical pour traiter une vari\u00e9t\u00e9 de maladies. Alpha est class\u00e9 comme un prom\u00e9dicament dans la classe des cathinones. Alpha PVP a d&#8217;abord \u00e9t\u00e9 cr\u00e9\u00e9 en tant que drogue de synth\u00e8se. Il est maintenant tr\u00e8s populaire parmi les gens \u00e0 d&#8217;autres fins, comme le soulagement de la douleur. Ce stimulant de synth\u00e8se est utilis\u00e9 pour satisfaire les besoins des toxicomanes. Il a gagn\u00e9 en popularit\u00e9 40 ans apr\u00e8s la sortie de son premier produit, en l&#8217;an 2000. La chose la plus importante \u00e0 retenir est qu&#8217;il n&#8217;a pas \u00e9t\u00e9 utilis\u00e9 m\u00eame par une petite communaut\u00e9 de personnes entre ces ann\u00e9es. Cependant, depuis 2000 et jusqu&#8217;\u00e0 pr\u00e9sent, il a gagn\u00e9 en popularit\u00e9 au point qu&#8217;il est utilis\u00e9 par pr\u00e8s de 70\u00a0% de la population mondiale.<\/p>\n<p>La raison de la popularit\u00e9 des drogues psych\u00e9d\u00e9liques Alpha-PVP<\/p>\n<p>O\u00f9 puis-je obtenir du PVP\u00a0? Alpha-PVP<\/p>\n<p>Alpha-PVP fait partie de la classe la plus courante de pro-m\u00e9dicaments et est largement utilis\u00e9. La principale raison de sa popularit\u00e9 est sa grande puissance et sa rapidit\u00e9 d&#8217;action. Il fonctionne de la m\u00eame mani\u00e8re que d&#8217;autres stimulants en ce sens qu&#8217;il agit directement sur le syst\u00e8me nerveux central.<\/p>\n<p>Cependant, il agit rapidement et lib\u00e8re des hormones pour effectuer les actions souhait\u00e9es. En raison de son mode d&#8217;action, Alpha PVP est \u00e9galement connu comme stimulant du syst\u00e8me nerveux central.<\/p>\n<p>Alpha-PVP M\u00e9dicaments psych\u00e9d\u00e9liques \u00e0 des fins m\u00e9dicales<\/p>\n<p>Alpha-PVP aide \u00e9galement l&#8217;esprit humain \u00e0 contr\u00f4ler les \u00e9motions passag\u00e8res telles que le bonheur, la tristesse ou la douleur. Ce m\u00e9dicament aide l&#8217;esprit \u00e0 imaginer un cadre normal dans lequel fonctionner normalement et sans difficult\u00e9. De cette mani\u00e8re, l&#8217;Alpha-PVP est utilis\u00e9 pour att\u00e9nuer tout type de choc.<\/p>\n<p>Ce pro-m\u00e9dicament est utilis\u00e9 dans les clubs de danse et les bars. Cependant, cela n&#8217;est utilis\u00e9 que dans certains traitements selon les ordres du m\u00e9decin.<\/p>\n<p>Les m\u00e9decins traitent les patients avec des m\u00e9dicaments \u00e0 base d&#8217;Alpha-PVP. L&#8217;application principale est de traiter la d\u00e9pression et l&#8217;anxi\u00e9t\u00e9.<\/p>\n<p>Ce sont quelques-unes des caract\u00e9ristiques cl\u00e9s qui entra\u00eenent l&#8217;augmentation de l&#8217;utilisation d&#8217;Alpha-PVP. Il gagne en popularit\u00e9 dans les deux domaines d&#8217;activit\u00e9.<\/p>\n<p>Comment acheter un a-PVP en toute s\u00e9curit\u00e9 &#8211; Description<\/p>\n<p>Nom IUPAC syst\u00e9matique\u00a0: 1-Phenyl-2-(1-pyrrolidinyl)-1 -pentanone Nom chimique complet : alpha-pyrrolidinopentioph\u00e9none<br \/>\nN\u00b0 CAS 14530-33-7<br \/>\nFormule mol\u00e9culaireC15H21NO Masse mol\u00e9culaire231,333 g\/mol Num\u00e9ro ChemSpider9324063<\/p>\n<p>Pyrrolidinopentiophenone (alpha-pyrrolidinovalerophenone, &#8211; PVP, alpha-PVP, O-2387, -c\u00e9tone-prolintane) est un compos\u00e9 stimulant d\u00e9couvert dans les ann\u00e9es 1960 qui est apparent\u00e9 \u00e0 la pyroval\u00e9rone et est l&#8217;analogue c\u00e9tonique du prolintane.<\/p>\n<p>\u00c0 grande \u00e9chelle, notre magasin traite avec Alpha-PVP. Vous pouvez obtenir les produits que vous souhaitez \u00e0 des prix tr\u00e8s bas. Vous recevrez \u00e9galement le produit dans un court laps de temps gr\u00e2ce \u00e0 nos services de livraison en ligne.<\/p>\n","protected":false},"excerpt":{"rendered":"<div class=\"woocommerce-product-details__short-description\">\n<p>vous cherchez \u00e0 acheter de l&#8217;A-pvp pas cher, achetez de l&#8217;alpha-pyrrolidinopentioph\u00e9none \u00e0 vendre au Royaume-Uni, en Europe dans notre boutique medicinasinc.com avec une livraison rapide dans le monde entier ! Le meilleur A-pvp pour la commande que vous trouverez ici ! <em>\u03b1<\/em>\u2013<em>PVP<\/em>(le nom complet est\u00a0:<em>\u03b1<\/em>\u2013<em>Pyrrolidinopentioph\u00e9none<\/em>) \u00e9galement connu sous le nom de\u00a0<em>alpha<\/em>-pyrrolidinovalerophenone, A-<em>PVP<\/em>,\u00a0<em>alpha<\/em>\u2013<em>PVP<\/em>,<\/p>\n<p>Que est exactement a-PVP\u00a0?<br \/>\nA-PVP (alpha-pyrrolidinovalerophenone, -PVP, alpha-PVP, O-2387, -ketone-prolintane) est un compos\u00e9 stimulant d\u00e9velopp\u00e9 dans les ann\u00e9es 1960 qui est apparent\u00e9 \u00e0 la pyroval\u00e9rone et est le analogue c\u00e9tonique du prolintane.<\/p>\n<\/div>\n","protected":false},"featured_media":5451,"comment_status":"open","ping_status":"closed","template":"","meta":[],"product_brand":[],"product_cat":[59],"product_tag":[2665,2666,2667,2679,2680,2668,2671,2670,2675,2676,2677,2682,2683,2690,2691,2699,2697,2701,2692,2694,2707,2708,2695,2696,2702,2704,2705,2703,2693,2706,2700,2698,2709,2686,2689,2713,2712,2711,2669,2673,2715,2672,2688,2674,2716,2710,2717,2718,2681,2714,2684,2685,2663,2664,2678,2687],"class_list":{"0":"post-5441","1":"product","2":"type-product","3":"status-publish","4":"has-post-thumbnail","6":"product_cat-produits-chimiques-de-recherche","7":"product_tag-a-pvp-powder-or-crystals","8":"product_tag-a-pvp","9":"product_tag-a-pvp-poudre","10":"product_tag-a-pvp--vendre","11":"product_tag-a-pvp--vendre-en-ligne","12":"product_tag-a-pvp-acheter-usa","13":"product_tag-a-pvp-crystal-canada","14":"product_tag-a-pvp-crystal-australia","15":"product_tag-a-pvp-crystal-supplier","16":"product_tag-a-pvp-crystal-uk","17":"product_tag-a-pvp-crystal-usa","18":"product_tag-a-pvp-reddit","19":"product_tag-a-pvp-review","20":"product_tag-acheter-un-pvp","21":"product_tag-acheter-une-pvp-poudre-a-vendre","22":"product_tag-acheter-un-pvp-big-crystalxp-net","23":"product_tag-acheter-un-pvp-gros-cristaux-fait","24":"product_tag-acheter-un-pvp-en-ligne","25":"product_tag-acheter-un-pvp-gros-cristal","26":"product_tag-acheter-un-pvp-gros-cristaux","27":"product_tag-acheter-alpha-pvp","28":"product_tag-acheter-apvp-expdition-de-nuit","29":"product_tag-acheter-un-pvp-gros-cristaux-a-vendre","30":"product_tag-acheter-un-pvp-gros-cristaux-gratuit","31":"product_tag-acheter-une-pvp-poudre","32":"product_tag-achetez-un-pvp-poudre-avis","33":"product_tag-buy-a-pvp-poudres","34":"product_tag-acheter-un-pvp-poudre-produits","35":"product_tag-buy-a-pvp-big-crystal-rapports","36":"product_tag-buy-a-pvp-stimulants","37":"product_tag-acheter-un-pvp-crystal-en-ligne","38":"product_tag-acheter-un-pvp-gros-cristaux-en-ligne","39":"product_tag-acheter-apvp-usa-carte-de-credit","40":"product_tag-alpha-pvp-for-sale","41":"product_tag-apvp-poudre","42":"product_tag-commander-un-pvp-en-ligne","43":"product_tag-commander-un-cristal-pvp","44":"product_tag-commander-un-pvp","45":"product_tag-a-pvp-cristal","46":"product_tag-a-pvp-cristal-a-vendre","47":"product_tag-cristal-pur-a-pvp","48":"product_tag-a-pvp-crystal-dosage","49":"product_tag-effet-pvp-alpha","50":"product_tag-a-pvp-cristal-examen","51":"product_tag-le-meilleur-endroit-pour-acheter-un-pvp-en-ligne","52":"product_tag-mail-a-pvp","53":"product_tag-o-acheter-un-pvp","54":"product_tag-o-acheter-un-pvp-en-ligne","55":"product_tag-a-pvp-poudres","56":"product_tag-purchase-a-pvp-online","57":"product_tag-a-pvp-stimulants","58":"product_tag-a-pvp-stimulants-a-vendre","59":"product_tag-a-pvp-acheter","60":"product_tag-a-pvp-poudre--vendre","61":"product_tag-un-pvp-cristal-vendor","62":"product_tag-alpha-pvp-wiki","64":"first","65":"instock","66":"shipping-taxable","67":"purchasable","68":"product-type-variable"},"yoast_head":"<!-- This site is optimized with the Yoast SEO plugin v27.3 - https:\/\/yoast.com\/product\/yoast-seo-wordpress\/ -->\n<title>Acheter Alpha-PVP - Alpha-PVP \u00e0 vendre - Meilleurs meilleurs m\u00e9dicaments mondiaux<\/title>\n<meta name=\"description\" content=\"Achetez A-pvp, achetez de l&#039;alpha-pyrrolidinopentioph\u00e9none \u00e0 vendre au Royaume-Uni, en Europe dans notre boutique medicinasinc.com avec une livraison rapide dans le monde entier\u00a0! Le meilleur A-pvp pour la commande que vous trouverez ici !\" \/>\n<meta name=\"robots\" content=\"index, follow, max-snippet:-1, max-image-preview:large, max-video-preview:-1\" \/>\n<link rel=\"canonical\" href=\"https:\/\/medicinasinc.com\/fr\/product\/acheter-alpha-pvp\/\" \/>\n<meta property=\"og:locale\" content=\"en_US\" \/>\n<meta property=\"og:type\" content=\"article\" \/>\n<meta property=\"og:title\" content=\"Acheter Alpha-PVP - Alpha-PVP \u00e0 vendre - Meilleurs meilleurs m\u00e9dicaments mondiaux\" \/>\n<meta property=\"og:description\" content=\"Achetez A-pvp, achetez de l&#039;alpha-pyrrolidinopentioph\u00e9none \u00e0 vendre au Royaume-Uni, en Europe dans notre boutique medicinasinc.com avec une livraison rapide dans le monde entier\u00a0! Le meilleur A-pvp pour la commande que vous trouverez ici !\" \/>\n<meta property=\"og:url\" content=\"https:\/\/medicinasinc.com\/fr\/product\/acheter-alpha-pvp\/\" \/>\n<meta property=\"og:site_name\" content=\"Medicinas Inc\" \/>\n<meta property=\"article:modified_time\" content=\"2022-08-05T10:14:17+00:00\" \/>\n<meta property=\"og:image\" content=\"https:\/\/medicinasinc.com\/fr\/wp-content\/uploads\/sites\/5\/2022\/02\/Buy-alpha-pvp.jpg\" \/>\n\t<meta property=\"og:image:width\" content=\"458\" \/>\n\t<meta property=\"og:image:height\" content=\"458\" \/>\n\t<meta property=\"og:image:type\" content=\"image\/jpeg\" \/>\n<meta name=\"twitter:card\" content=\"summary_large_image\" \/>\n<meta name=\"twitter:label1\" content=\"Est. reading time\" \/>\n\t<meta name=\"twitter:data1\" content=\"2 minutes\" \/>\n<script type=\"application\/ld+json\" class=\"yoast-schema-graph\">{\"@context\":\"https:\\\/\\\/schema.org\",\"@graph\":[{\"@type\":\"WebPage\",\"@id\":\"https:\\\/\\\/medicinasinc.com\\\/fr\\\/product\\\/acheter-alpha-pvp\\\/\",\"url\":\"https:\\\/\\\/medicinasinc.com\\\/fr\\\/product\\\/acheter-alpha-pvp\\\/\",\"name\":\"Acheter Alpha-PVP - Alpha-PVP \u00e0 vendre - Meilleurs meilleurs m\u00e9dicaments mondiaux\",\"isPartOf\":{\"@id\":\"https:\\\/\\\/medicinasinc.com\\\/fr\\\/#website\"},\"primaryImageOfPage\":{\"@id\":\"https:\\\/\\\/medicinasinc.com\\\/fr\\\/product\\\/acheter-alpha-pvp\\\/#primaryimage\"},\"image\":{\"@id\":\"https:\\\/\\\/medicinasinc.com\\\/fr\\\/product\\\/acheter-alpha-pvp\\\/#primaryimage\"},\"thumbnailUrl\":\"https:\\\/\\\/medicinasinc.com\\\/fr\\\/wp-content\\\/uploads\\\/sites\\\/5\\\/2022\\\/02\\\/Buy-alpha-pvp.jpg\",\"datePublished\":\"2022-02-21T23:32:20+00:00\",\"dateModified\":\"2022-08-05T10:14:17+00:00\",\"description\":\"Achetez A-pvp, achetez de l'alpha-pyrrolidinopentioph\u00e9none \u00e0 vendre au Royaume-Uni, en Europe dans notre boutique medicinasinc.com avec une livraison rapide dans le monde entier\u00a0! Le meilleur A-pvp pour la commande que vous trouverez ici !\",\"breadcrumb\":{\"@id\":\"https:\\\/\\\/medicinasinc.com\\\/fr\\\/product\\\/acheter-alpha-pvp\\\/#breadcrumb\"},\"inLanguage\":\"en-US\",\"potentialAction\":[{\"@type\":\"ReadAction\",\"target\":[\"https:\\\/\\\/medicinasinc.com\\\/fr\\\/product\\\/acheter-alpha-pvp\\\/\"]}]},{\"@type\":\"ImageObject\",\"inLanguage\":\"en-US\",\"@id\":\"https:\\\/\\\/medicinasinc.com\\\/fr\\\/product\\\/acheter-alpha-pvp\\\/#primaryimage\",\"url\":\"https:\\\/\\\/medicinasinc.com\\\/fr\\\/wp-content\\\/uploads\\\/sites\\\/5\\\/2022\\\/02\\\/Buy-alpha-pvp.jpg\",\"contentUrl\":\"https:\\\/\\\/medicinasinc.com\\\/fr\\\/wp-content\\\/uploads\\\/sites\\\/5\\\/2022\\\/02\\\/Buy-alpha-pvp.jpg\",\"width\":458,\"height\":458},{\"@type\":\"BreadcrumbList\",\"@id\":\"https:\\\/\\\/medicinasinc.com\\\/fr\\\/product\\\/acheter-alpha-pvp\\\/#breadcrumb\",\"itemListElement\":[{\"@type\":\"ListItem\",\"position\":1,\"name\":\"Boutique\",\"item\":\"https:\\\/\\\/medicinasinc.com\\\/fr\\\/boutique\\\/\"},{\"@type\":\"ListItem\",\"position\":2,\"name\":\"Acheter Alpha-PVP\"}]},{\"@type\":\"WebSite\",\"@id\":\"https:\\\/\\\/medicinasinc.com\\\/fr\\\/#website\",\"url\":\"https:\\\/\\\/medicinasinc.com\\\/fr\\\/\",\"name\":\"Medicinas Inc\",\"description\":\"Health Medical Clinic\",\"potentialAction\":[{\"@type\":\"SearchAction\",\"target\":{\"@type\":\"EntryPoint\",\"urlTemplate\":\"https:\\\/\\\/medicinasinc.com\\\/fr\\\/?s={search_term_string}\"},\"query-input\":{\"@type\":\"PropertyValueSpecification\",\"valueRequired\":true,\"valueName\":\"search_term_string\"}}],\"inLanguage\":\"en-US\"}]}<\/script>\n<!-- \/ Yoast SEO plugin. -->","yoast_head_json":{"title":"Acheter Alpha-PVP - Alpha-PVP \u00e0 vendre - Meilleurs meilleurs m\u00e9dicaments mondiaux","description":"Achetez A-pvp, achetez de l'alpha-pyrrolidinopentioph\u00e9none \u00e0 vendre au Royaume-Uni, en Europe dans notre boutique medicinasinc.com avec une livraison rapide dans le monde entier\u00a0! Le meilleur A-pvp pour la commande que vous trouverez ici !","robots":{"index":"index","follow":"follow","max-snippet":"max-snippet:-1","max-image-preview":"max-image-preview:large","max-video-preview":"max-video-preview:-1"},"canonical":"https:\/\/medicinasinc.com\/fr\/product\/acheter-alpha-pvp\/","og_locale":"en_US","og_type":"article","og_title":"Acheter Alpha-PVP - Alpha-PVP \u00e0 vendre - Meilleurs meilleurs m\u00e9dicaments mondiaux","og_description":"Achetez A-pvp, achetez de l'alpha-pyrrolidinopentioph\u00e9none \u00e0 vendre au Royaume-Uni, en Europe dans notre boutique medicinasinc.com avec une livraison rapide dans le monde entier\u00a0! Le meilleur A-pvp pour la commande que vous trouverez ici !","og_url":"https:\/\/medicinasinc.com\/fr\/product\/acheter-alpha-pvp\/","og_site_name":"Medicinas Inc","article_modified_time":"2022-08-05T10:14:17+00:00","og_image":[{"width":458,"height":458,"url":"https:\/\/medicinasinc.com\/fr\/wp-content\/uploads\/sites\/5\/2022\/02\/Buy-alpha-pvp.jpg","type":"image\/jpeg"}],"twitter_card":"summary_large_image","twitter_misc":{"Est. reading time":"2 minutes"},"schema":{"@context":"https:\/\/schema.org","@graph":[{"@type":"WebPage","@id":"https:\/\/medicinasinc.com\/fr\/product\/acheter-alpha-pvp\/","url":"https:\/\/medicinasinc.com\/fr\/product\/acheter-alpha-pvp\/","name":"Acheter Alpha-PVP - Alpha-PVP \u00e0 vendre - Meilleurs meilleurs m\u00e9dicaments mondiaux","isPartOf":{"@id":"https:\/\/medicinasinc.com\/fr\/#website"},"primaryImageOfPage":{"@id":"https:\/\/medicinasinc.com\/fr\/product\/acheter-alpha-pvp\/#primaryimage"},"image":{"@id":"https:\/\/medicinasinc.com\/fr\/product\/acheter-alpha-pvp\/#primaryimage"},"thumbnailUrl":"https:\/\/medicinasinc.com\/fr\/wp-content\/uploads\/sites\/5\/2022\/02\/Buy-alpha-pvp.jpg","datePublished":"2022-02-21T23:32:20+00:00","dateModified":"2022-08-05T10:14:17+00:00","description":"Achetez A-pvp, achetez de l'alpha-pyrrolidinopentioph\u00e9none \u00e0 vendre au Royaume-Uni, en Europe dans notre boutique medicinasinc.com avec une livraison rapide dans le monde entier\u00a0! Le meilleur A-pvp pour la commande que vous trouverez ici !","breadcrumb":{"@id":"https:\/\/medicinasinc.com\/fr\/product\/acheter-alpha-pvp\/#breadcrumb"},"inLanguage":"en-US","potentialAction":[{"@type":"ReadAction","target":["https:\/\/medicinasinc.com\/fr\/product\/acheter-alpha-pvp\/"]}]},{"@type":"ImageObject","inLanguage":"en-US","@id":"https:\/\/medicinasinc.com\/fr\/product\/acheter-alpha-pvp\/#primaryimage","url":"https:\/\/medicinasinc.com\/fr\/wp-content\/uploads\/sites\/5\/2022\/02\/Buy-alpha-pvp.jpg","contentUrl":"https:\/\/medicinasinc.com\/fr\/wp-content\/uploads\/sites\/5\/2022\/02\/Buy-alpha-pvp.jpg","width":458,"height":458},{"@type":"BreadcrumbList","@id":"https:\/\/medicinasinc.com\/fr\/product\/acheter-alpha-pvp\/#breadcrumb","itemListElement":[{"@type":"ListItem","position":1,"name":"Boutique","item":"https:\/\/medicinasinc.com\/fr\/boutique\/"},{"@type":"ListItem","position":2,"name":"Acheter Alpha-PVP"}]},{"@type":"WebSite","@id":"https:\/\/medicinasinc.com\/fr\/#website","url":"https:\/\/medicinasinc.com\/fr\/","name":"Medicinas Inc","description":"Health Medical Clinic","potentialAction":[{"@type":"SearchAction","target":{"@type":"EntryPoint","urlTemplate":"https:\/\/medicinasinc.com\/fr\/?s={search_term_string}"},"query-input":{"@type":"PropertyValueSpecification","valueRequired":true,"valueName":"search_term_string"}}],"inLanguage":"en-US"}]}},"_links":{"self":[{"href":"https:\/\/medicinasinc.com\/fr\/wp-json\/wp\/v2\/product\/5441","targetHints":{"allow":["GET"]}}],"collection":[{"href":"https:\/\/medicinasinc.com\/fr\/wp-json\/wp\/v2\/product"}],"about":[{"href":"https:\/\/medicinasinc.com\/fr\/wp-json\/wp\/v2\/types\/product"}],"replies":[{"embeddable":true,"href":"https:\/\/medicinasinc.com\/fr\/wp-json\/wp\/v2\/comments?post=5441"}],"wp:featuredmedia":[{"embeddable":true,"href":"https:\/\/medicinasinc.com\/fr\/wp-json\/wp\/v2\/media\/5451"}],"wp:attachment":[{"href":"https:\/\/medicinasinc.com\/fr\/wp-json\/wp\/v2\/media?parent=5441"}],"wp:term":[{"taxonomy":"product_brand","embeddable":true,"href":"https:\/\/medicinasinc.com\/fr\/wp-json\/wp\/v2\/product_brand?post=5441"},{"taxonomy":"product_cat","embeddable":true,"href":"https:\/\/medicinasinc.com\/fr\/wp-json\/wp\/v2\/product_cat?post=5441"},{"taxonomy":"product_tag","embeddable":true,"href":"https:\/\/medicinasinc.com\/fr\/wp-json\/wp\/v2\/product_tag?post=5441"}],"curies":[{"name":"wp","href":"https:\/\/api.w.org\/{rel}","templated":true}]}}