{"id":5440,"date":"2022-02-21T23:30:16","date_gmt":"2022-02-21T23:30:16","guid":{"rendered":"https:\/\/medicinasinc.com\/fr\/?post_type=product&#038;p=5440"},"modified":"2022-03-17T11:58:19","modified_gmt":"2022-03-17T11:58:19","slug":"acheter-ald-52-buvards","status":"publish","type":"product","link":"https:\/\/medicinasinc.com\/fr\/product\/acheter-ald-52-buvards\/","title":{"rendered":"Acheter des buvards ALD-52"},"content":{"rendered":"<p>Les buvards ALD-52 peuvent \u00eatre achet\u00e9s en ligne. Les buvards contenant 100mcg ALD-52<\/p>\n<p>Les buvards ALD-52 peuvent \u00eatre achet\u00e9s en ligne.<\/p>\n<p>Les buvards contenant 100mcg ALD-52<\/p>\n<p>Le buvard ALD 52, Acheter le buvard ALD 52 <\/p>\n<p>ALD-52 est un m\u00e9dicament \u00e0 la mode qui a \u00e9t\u00e9 consolid\u00e9 par divers res chems en raison d&#8217;un historique ALD-52 retard\u00e9 et de divers autres noms ALD-52. ALD-52 est achet\u00e9 en ligne par des chercheurs pour une utilisation dans les domaines de la m\u00e9dication, des loisirs et de la recherche. Les attributs psychotropes de l&#8217;ALD-52 l&#8217;ont rendu incontestable parmi les travailleurs de laboratoire et les experts en la mati\u00e8re. Un large \u00e9ventail de clients typiques choisissent d&#8217;acheter disponibles pour \u00eatre achet\u00e9s afin d&#8217;avoir de l&#8217;excitation, de la satisfaction, de maintenir l&#8217;\u00e9nergie et d&#8217;augmenter l&#8217;activit\u00e9 sexuelle.<\/p>\n<p>Il est important de s\u00e9lectionner ALD-52 fabriqu\u00e9 en utilisant les meilleurs types de progr\u00e8s par des m\u00e9thodes de mesure de collecte totalement ma\u00eetris\u00e9es. De vastes \u00e9tendues de contribution sur les m\u00e9langes manufactur\u00e9s d&#8217;enqu\u00eate disponibles \u00e0 l&#8217;achat sont rendues possibles par le march\u00e9 pour contr\u00f4ler l&#8217;\u00e9tat de fabrication cr\u00e9ant des mesures dans les laboratoires chinois o\u00f9 tous les sels de douche sont fabriqu\u00e9s.<\/p>\n<p>En tant que fournisseur in\u00e9gal\u00e9, notre organisation travaille directement avec organisations chinoises l\u00e9gitimes. Il vous permet d&#8217;\u00e9changer des sels de douche de la plus haute qualit\u00e9 et sans faille. ALD-52 est m\u00e9lang\u00e9 sous stricte surveillance et conform\u00e9ment \u00e0 tous les principes. En utilisant les donn\u00e9es coh\u00e9rentes les plus r\u00e9centes disponibles pour fournir le prix le plus \u00e9blouissant sur le meilleur site pour acheter des mat\u00e9riaux d&#8217;ing\u00e9nierie de recherche. Les pastilles d&#8217;ALD-52, les surfaces de taches ALD-52 et les poudres d&#8217;ALD-52 sont transport\u00e9es dans des laboratoires chinois. L&#8217;exp\u00e9diteur de l&#8217;ALD-52 exp\u00e9die l&#8217;ALD-52 dans n&#8217;importe quel pays. Travailler en \u00e9troite collaboration avec des fournisseurs ALD-52 l\u00e9gitimes garantit que les r\u00e9sultats de vos tests et investigations sont r\u00e9alis\u00e9s en temps opportun.<\/p>\n<p>Pendant longtemps, le fournisseur a \u00e9t\u00e9 un producteur fiable de produits chimiques d&#8217;\u00e9valuation. Les clients ont donn\u00e9 au site une r\u00e9putation \u00e9crasante dans tout le r\u00e9seau res chems. ald 52 \u00e0 vendre, ald 52 achat, ald 52 achat, ald-52 achat En tant que fournisseurs RC fiables, ils fournissent tout au long de la journ\u00e9e une assistance \u00e0 l&#8217;organisation avec des cadres exp\u00e9riment\u00e9s via le chat en direct, qui disposent de donn\u00e9es importantes pour vous aider en cas de probl\u00e8me.<\/p>\n<p>Sur les conversations en ligne exceptionnelles d&#8217;ing\u00e9nierie d&#8217;enqu\u00eate disponibles \u00e0 l&#8217;achat, vous pouvez trouver des r\u00e9actions positives de la part de nos acheteurs, qui sont actuellement satisfaits des types d&#8217;aide propos\u00e9s et des meilleures choses achet\u00e9es sur ce site en ligne.<\/p>\n","protected":false},"excerpt":{"rendered":"<div class=\"char\">SPECIFICATION<\/div>\n<div class=\"specification\">\n<div class=\"sprow\"><span class=\"spname\">Nom du produit\u00a0:<\/span><span class=\"sptext \">ALD-52<\/span><\/div>\n<div class=\"sprow\"><span class=\"spname\">Nom IUPAC\u00a0:<\/span><span class=\"sptext\">1-Ac\u00e9tyl-N, N-di\u00e9thyllysergamide, ALD<\/span><\/div>\n<div class=\"sprow\"><span class=\"spname\">Autres noms\u00a0:<\/span><span class=\"sptext\">N-ac\u00e9tyl-LSD, Di\u00e9thylamide d&#8217;acide ac\u00e9tyllysergique, di\u00e9thylamide d&#8217;acide d-ac\u00e9tyllysergique, d-ac\u00e9tyldi\u00e9thyllysergamide<\/span><\/div>\n<div class=\"sprow\"><span class=\"spname\">Num\u00e9ro de cas\u00a0:<\/span><span class=\"sptext\">3270-02-8<\/span><\/div>\n<div class=\"sprow\"><span class=\"spname\">Formule mol\u00e9culaire\u00a0:<\/span><span class=\"sptext\">C22H27N3O2<\/span><\/div>\n<div class=\"sprow\"><span class=\"spname\">Masse molaire\u00a0:<\/span><span class=\"sptext\">365,477\u00a0g\u2022mol-1<\/span><\/div>\n<div class=\"sprow\"><span class=\"spname\">Effet\u00a0:<\/span><span class=\"sptext\">psych\u00e9d\u00e9lique, hallucinog\u00e8ne<\/span><\/div>\n<div class=\"sprow\"><\/div>\n<\/p><\/div>\n<p>Achetez des buvards ALD-52 en ligne. <em>ALD<\/em>\u2013<em>52<\/em>\u00a0est le d\u00e9riv\u00e9 N-ac\u00e9tyle du LSD. <strong>100mcg<\/strong>\u00a0ALD-52 Blotters.<\/p>\n<p>ALD-52 en vente en Europe, achetez avec Bitcoin et recevez une exp\u00e9dition discr\u00e8te depuis l&#8217;UE. Buvards ALD-52 \u00e0 vendre, poudre brute ALD-52 \u00e0 vendre, fournisseur de produits chimiques de recherche<\/p>\n<p>Commandez un \u00e9chantillon pour test ou achetez ALD-52 \u00e0 vendre avec livraison gratuite au Royaume-Uni, aux \u00c9tats-Unis ou en Europe.<\/p>\n","protected":false},"featured_media":5449,"comment_status":"open","ping_status":"closed","template":"","meta":[],"product_brand":[],"product_cat":[59],"product_tag":[2657,2654,2653,2655,2656,2650,2651,2652,2659,2660,2661,2662,2658],"class_list":{"0":"post-5440","1":"product","2":"type-product","3":"status-publish","4":"has-post-thumbnail","6":"product_cat-produits-chimiques-de-recherche","7":"product_tag-acheter-commande-ald-52-souffleurs-en-ligne","8":"product_tag-acheter-ald-52-buvards-en-ligne","9":"product_tag-acheter-ald-52-buvards-pour-la-revente","10":"product_tag-acheter-legit-ald-52-buvards-en-ligne","11":"product_tag-acheter-pure-ald-52-buvards-en-ligne","12":"product_tag-ald-52-blotters-for-sale","13":"product_tag-ald-52-buvards-vente-en-ligne","14":"product_tag-best-ald-52-blotters-online","15":"product_tag-commander-ald-52-buvards-en-ligne","16":"product_tag-o-acheter-les-buvards-ald-52-en-ligne","17":"product_tag-o-acheter-pure-ald-52-buvards-en-ligne","18":"product_tag-o-commander-legit-ald-52-buvards-en-ligne","19":"product_tag-vendeur-discret-ald-52","21":"first","22":"instock","23":"shipping-taxable","24":"purchasable","25":"product-type-variable","26":"has-default-attributes"},"yoast_head":"<!-- This site is optimized with the Yoast SEO plugin v27.3 - https:\/\/yoast.com\/product\/yoast-seo-wordpress\/ -->\n<title>Acheter ALD-52 Blotters - Qualit\u00e9 ALD-52 Blotters - Best Global Meds<\/title>\n<meta name=\"description\" content=\"Achetez des buvards ALD-52 en ligne. achetez de l&#039;ALD-52\u00a0\u00e0 vendre et b\u00e9n\u00e9ficiez d&#039;une livraison gratuite au Royaume-Uni, aux \u00c9tats-Unis ou en Europe. L&#039;ALD-52 est le d\u00e9riv\u00e9 N-ac\u00e9tyle du LSD. 100mcg ALD-52 buvards.\" \/>\n<meta name=\"robots\" content=\"index, follow, max-snippet:-1, max-image-preview:large, max-video-preview:-1\" \/>\n<link rel=\"canonical\" href=\"https:\/\/medicinasinc.com\/fr\/product\/acheter-ald-52-buvards\/\" \/>\n<meta property=\"og:locale\" content=\"en_US\" \/>\n<meta property=\"og:type\" content=\"article\" \/>\n<meta property=\"og:title\" content=\"Acheter ALD-52 Blotters - Qualit\u00e9 ALD-52 Blotters - Best Global Meds\" \/>\n<meta property=\"og:description\" content=\"Achetez des buvards ALD-52 en ligne. achetez de l&#039;ALD-52\u00a0\u00e0 vendre et b\u00e9n\u00e9ficiez d&#039;une livraison gratuite au Royaume-Uni, aux \u00c9tats-Unis ou en Europe. L&#039;ALD-52 est le d\u00e9riv\u00e9 N-ac\u00e9tyle du LSD. 100mcg ALD-52 buvards.\" \/>\n<meta property=\"og:url\" content=\"https:\/\/medicinasinc.com\/fr\/product\/acheter-ald-52-buvards\/\" \/>\n<meta property=\"og:site_name\" content=\"Medicinas Inc\" \/>\n<meta property=\"article:modified_time\" content=\"2022-03-17T11:58:19+00:00\" \/>\n<meta property=\"og:image\" content=\"https:\/\/medicinasinc.com\/fr\/wp-content\/uploads\/sites\/5\/2022\/02\/Buy-ALD-52-Blotters.jpg\" \/>\n\t<meta property=\"og:image:width\" content=\"350\" \/>\n\t<meta property=\"og:image:height\" content=\"350\" \/>\n\t<meta property=\"og:image:type\" content=\"image\/jpeg\" \/>\n<meta name=\"twitter:card\" content=\"summary_large_image\" \/>\n<meta name=\"twitter:label1\" content=\"Est. reading time\" \/>\n\t<meta name=\"twitter:data1\" content=\"2 minutes\" \/>\n<script type=\"application\/ld+json\" class=\"yoast-schema-graph\">{\"@context\":\"https:\\\/\\\/schema.org\",\"@graph\":[{\"@type\":\"WebPage\",\"@id\":\"https:\\\/\\\/medicinasinc.com\\\/fr\\\/product\\\/acheter-ald-52-buvards\\\/\",\"url\":\"https:\\\/\\\/medicinasinc.com\\\/fr\\\/product\\\/acheter-ald-52-buvards\\\/\",\"name\":\"Acheter ALD-52 Blotters - Qualit\u00e9 ALD-52 Blotters - Best Global Meds\",\"isPartOf\":{\"@id\":\"https:\\\/\\\/medicinasinc.com\\\/fr\\\/#website\"},\"primaryImageOfPage\":{\"@id\":\"https:\\\/\\\/medicinasinc.com\\\/fr\\\/product\\\/acheter-ald-52-buvards\\\/#primaryimage\"},\"image\":{\"@id\":\"https:\\\/\\\/medicinasinc.com\\\/fr\\\/product\\\/acheter-ald-52-buvards\\\/#primaryimage\"},\"thumbnailUrl\":\"https:\\\/\\\/medicinasinc.com\\\/fr\\\/wp-content\\\/uploads\\\/sites\\\/5\\\/2022\\\/02\\\/Buy-ALD-52-Blotters.jpg\",\"datePublished\":\"2022-02-21T23:30:16+00:00\",\"dateModified\":\"2022-03-17T11:58:19+00:00\",\"description\":\"Achetez des buvards ALD-52 en ligne. achetez de l'ALD-52\u00a0\u00e0 vendre et b\u00e9n\u00e9ficiez d'une livraison gratuite au Royaume-Uni, aux \u00c9tats-Unis ou en Europe. L'ALD-52 est le d\u00e9riv\u00e9 N-ac\u00e9tyle du LSD. 100mcg ALD-52 buvards.\",\"breadcrumb\":{\"@id\":\"https:\\\/\\\/medicinasinc.com\\\/fr\\\/product\\\/acheter-ald-52-buvards\\\/#breadcrumb\"},\"inLanguage\":\"en-US\",\"potentialAction\":[{\"@type\":\"ReadAction\",\"target\":[\"https:\\\/\\\/medicinasinc.com\\\/fr\\\/product\\\/acheter-ald-52-buvards\\\/\"]}]},{\"@type\":\"ImageObject\",\"inLanguage\":\"en-US\",\"@id\":\"https:\\\/\\\/medicinasinc.com\\\/fr\\\/product\\\/acheter-ald-52-buvards\\\/#primaryimage\",\"url\":\"https:\\\/\\\/medicinasinc.com\\\/fr\\\/wp-content\\\/uploads\\\/sites\\\/5\\\/2022\\\/02\\\/Buy-ALD-52-Blotters.jpg\",\"contentUrl\":\"https:\\\/\\\/medicinasinc.com\\\/fr\\\/wp-content\\\/uploads\\\/sites\\\/5\\\/2022\\\/02\\\/Buy-ALD-52-Blotters.jpg\",\"width\":350,\"height\":350},{\"@type\":\"BreadcrumbList\",\"@id\":\"https:\\\/\\\/medicinasinc.com\\\/fr\\\/product\\\/acheter-ald-52-buvards\\\/#breadcrumb\",\"itemListElement\":[{\"@type\":\"ListItem\",\"position\":1,\"name\":\"Boutique\",\"item\":\"https:\\\/\\\/medicinasinc.com\\\/fr\\\/boutique\\\/\"},{\"@type\":\"ListItem\",\"position\":2,\"name\":\"Acheter des buvards ALD-52\"}]},{\"@type\":\"WebSite\",\"@id\":\"https:\\\/\\\/medicinasinc.com\\\/fr\\\/#website\",\"url\":\"https:\\\/\\\/medicinasinc.com\\\/fr\\\/\",\"name\":\"Medicinas Inc\",\"description\":\"Health Medical Clinic\",\"potentialAction\":[{\"@type\":\"SearchAction\",\"target\":{\"@type\":\"EntryPoint\",\"urlTemplate\":\"https:\\\/\\\/medicinasinc.com\\\/fr\\\/?s={search_term_string}\"},\"query-input\":{\"@type\":\"PropertyValueSpecification\",\"valueRequired\":true,\"valueName\":\"search_term_string\"}}],\"inLanguage\":\"en-US\"}]}<\/script>\n<!-- \/ Yoast SEO plugin. -->","yoast_head_json":{"title":"Acheter ALD-52 Blotters - Qualit\u00e9 ALD-52 Blotters - Best Global Meds","description":"Achetez des buvards ALD-52 en ligne. achetez de l'ALD-52\u00a0\u00e0 vendre et b\u00e9n\u00e9ficiez d'une livraison gratuite au Royaume-Uni, aux \u00c9tats-Unis ou en Europe. L'ALD-52 est le d\u00e9riv\u00e9 N-ac\u00e9tyle du LSD. 100mcg ALD-52 buvards.","robots":{"index":"index","follow":"follow","max-snippet":"max-snippet:-1","max-image-preview":"max-image-preview:large","max-video-preview":"max-video-preview:-1"},"canonical":"https:\/\/medicinasinc.com\/fr\/product\/acheter-ald-52-buvards\/","og_locale":"en_US","og_type":"article","og_title":"Acheter ALD-52 Blotters - Qualit\u00e9 ALD-52 Blotters - Best Global Meds","og_description":"Achetez des buvards ALD-52 en ligne. achetez de l'ALD-52\u00a0\u00e0 vendre et b\u00e9n\u00e9ficiez d'une livraison gratuite au Royaume-Uni, aux \u00c9tats-Unis ou en Europe. L'ALD-52 est le d\u00e9riv\u00e9 N-ac\u00e9tyle du LSD. 100mcg ALD-52 buvards.","og_url":"https:\/\/medicinasinc.com\/fr\/product\/acheter-ald-52-buvards\/","og_site_name":"Medicinas Inc","article_modified_time":"2022-03-17T11:58:19+00:00","og_image":[{"width":350,"height":350,"url":"https:\/\/medicinasinc.com\/fr\/wp-content\/uploads\/sites\/5\/2022\/02\/Buy-ALD-52-Blotters.jpg","type":"image\/jpeg"}],"twitter_card":"summary_large_image","twitter_misc":{"Est. reading time":"2 minutes"},"schema":{"@context":"https:\/\/schema.org","@graph":[{"@type":"WebPage","@id":"https:\/\/medicinasinc.com\/fr\/product\/acheter-ald-52-buvards\/","url":"https:\/\/medicinasinc.com\/fr\/product\/acheter-ald-52-buvards\/","name":"Acheter ALD-52 Blotters - Qualit\u00e9 ALD-52 Blotters - Best Global Meds","isPartOf":{"@id":"https:\/\/medicinasinc.com\/fr\/#website"},"primaryImageOfPage":{"@id":"https:\/\/medicinasinc.com\/fr\/product\/acheter-ald-52-buvards\/#primaryimage"},"image":{"@id":"https:\/\/medicinasinc.com\/fr\/product\/acheter-ald-52-buvards\/#primaryimage"},"thumbnailUrl":"https:\/\/medicinasinc.com\/fr\/wp-content\/uploads\/sites\/5\/2022\/02\/Buy-ALD-52-Blotters.jpg","datePublished":"2022-02-21T23:30:16+00:00","dateModified":"2022-03-17T11:58:19+00:00","description":"Achetez des buvards ALD-52 en ligne. achetez de l'ALD-52\u00a0\u00e0 vendre et b\u00e9n\u00e9ficiez d'une livraison gratuite au Royaume-Uni, aux \u00c9tats-Unis ou en Europe. L'ALD-52 est le d\u00e9riv\u00e9 N-ac\u00e9tyle du LSD. 100mcg ALD-52 buvards.","breadcrumb":{"@id":"https:\/\/medicinasinc.com\/fr\/product\/acheter-ald-52-buvards\/#breadcrumb"},"inLanguage":"en-US","potentialAction":[{"@type":"ReadAction","target":["https:\/\/medicinasinc.com\/fr\/product\/acheter-ald-52-buvards\/"]}]},{"@type":"ImageObject","inLanguage":"en-US","@id":"https:\/\/medicinasinc.com\/fr\/product\/acheter-ald-52-buvards\/#primaryimage","url":"https:\/\/medicinasinc.com\/fr\/wp-content\/uploads\/sites\/5\/2022\/02\/Buy-ALD-52-Blotters.jpg","contentUrl":"https:\/\/medicinasinc.com\/fr\/wp-content\/uploads\/sites\/5\/2022\/02\/Buy-ALD-52-Blotters.jpg","width":350,"height":350},{"@type":"BreadcrumbList","@id":"https:\/\/medicinasinc.com\/fr\/product\/acheter-ald-52-buvards\/#breadcrumb","itemListElement":[{"@type":"ListItem","position":1,"name":"Boutique","item":"https:\/\/medicinasinc.com\/fr\/boutique\/"},{"@type":"ListItem","position":2,"name":"Acheter des buvards ALD-52"}]},{"@type":"WebSite","@id":"https:\/\/medicinasinc.com\/fr\/#website","url":"https:\/\/medicinasinc.com\/fr\/","name":"Medicinas Inc","description":"Health Medical Clinic","potentialAction":[{"@type":"SearchAction","target":{"@type":"EntryPoint","urlTemplate":"https:\/\/medicinasinc.com\/fr\/?s={search_term_string}"},"query-input":{"@type":"PropertyValueSpecification","valueRequired":true,"valueName":"search_term_string"}}],"inLanguage":"en-US"}]}},"_links":{"self":[{"href":"https:\/\/medicinasinc.com\/fr\/wp-json\/wp\/v2\/product\/5440","targetHints":{"allow":["GET"]}}],"collection":[{"href":"https:\/\/medicinasinc.com\/fr\/wp-json\/wp\/v2\/product"}],"about":[{"href":"https:\/\/medicinasinc.com\/fr\/wp-json\/wp\/v2\/types\/product"}],"replies":[{"embeddable":true,"href":"https:\/\/medicinasinc.com\/fr\/wp-json\/wp\/v2\/comments?post=5440"}],"wp:featuredmedia":[{"embeddable":true,"href":"https:\/\/medicinasinc.com\/fr\/wp-json\/wp\/v2\/media\/5449"}],"wp:attachment":[{"href":"https:\/\/medicinasinc.com\/fr\/wp-json\/wp\/v2\/media?parent=5440"}],"wp:term":[{"taxonomy":"product_brand","embeddable":true,"href":"https:\/\/medicinasinc.com\/fr\/wp-json\/wp\/v2\/product_brand?post=5440"},{"taxonomy":"product_cat","embeddable":true,"href":"https:\/\/medicinasinc.com\/fr\/wp-json\/wp\/v2\/product_cat?post=5440"},{"taxonomy":"product_tag","embeddable":true,"href":"https:\/\/medicinasinc.com\/fr\/wp-json\/wp\/v2\/product_tag?post=5440"}],"curies":[{"name":"wp","href":"https:\/\/api.w.org\/{rel}","templated":true}]}}