{"id":5419,"date":"2022-02-21T23:00:46","date_gmt":"2022-02-21T23:00:46","guid":{"rendered":"https:\/\/medicinasinc.com\/fr\/?post_type=product&#038;p=5419"},"modified":"2022-03-17T11:58:32","modified_gmt":"2022-03-17T11:58:32","slug":"acheter-poudre-de-pinaca-adb","status":"publish","type":"product","link":"https:\/\/medicinasinc.com\/fr\/product\/acheter-poudre-de-pinaca-adb\/","title":{"rendered":"Acheter ADB-PINACA Poudre"},"content":{"rendered":"<p><strong>La poudre ADB-Pinaca de haute puret\u00e9 est disponible<\/strong><\/p>\n<p>La poudre et le cristal Methiopropamine \/ MPA peuvent \u00eatre achet\u00e9s aupr\u00e8s d&#8217;ADB-Pinaca Powder Purity 98% Chemical Stock<\/p>\n<p>Puret\u00e9 de la poudre ADB-Pinaca<\/p>\n<p>ProName\u00a0: 5F-MDMB-PINACA 5F-ADB 5FADB ADB powder<br \/> CasNo\u00a0: 68585-34-2<br \/> Formule mol\u00e9culaire\u00a0: ADB<br \/> Apparence\u00a0: poudre cristalline blanche<br \/> Application\u00a0: interm\u00e9diaire pharmaceutique<br \/> D\u00e9lai de livraison\u00a0: 4 \u00e0 7\u00a0jours pour les marchandises pr\u00eates<br \/> Emballage\u00a0: 1\u00a0kg\/sac en aluminium<br \/> Port\u00a0: Tianjin<br \/> Capacit\u00e9 de production : 10 000 kilogrammes\/mois<br \/> Puret\u00e9 : &gt; 99,5 %<br \/> Stockage : rester au frais, au sec et bien scell\u00e9<br \/> Transport : par EMS, DHL, FEDEX<br \/> Teneur en humidit\u00e9 : \u2264 0,01<\/p>\n<p>Acheter <a href=\"https:\/\/en.wikipedia.org\/wiki\/ADB-PINACA\">ADB-Pinaca<\/a> Poudre Puret\u00e9 98\u00a0% \u00e0 vendre, rechercher des fournisseurs de produits chimiques, acheter produits chimiques de recherche en Chine, meilleur site pour acheter des produits chimiques de recherche, produits chimiques de recherche reddit, produits chimiques de recherche en musculation, produits chimiques de recherche bon march\u00e9 aux \u00c9tats-Unis, acheter des produits de recherche c hemicals online europe<\/p>\n<p>&nbsp;<\/p>\n<div class=\"product-next-previous\">\n<div class=\"product-prev\"><\/div><\/div>\n","protected":false},"excerpt":{"rendered":"<p>Acheter ADB-Pinaca Poudre Haute Puret\u00e9. Achetez ADB-Pinaca Powder Purity 98% Chemical Stock disponible en Powder &amp; Cristal<\/p>\n<p>Acheter de la poudre ADB-Pinaca\u00a0\u00e0 vendre en Europe, au Royaume-Uni, dans l&#8217;UE et en Chine Puret\u00e9 98\u00a0% Stock chimique disponible en\u00a0poudre\u00a0&amp;amp\u00a0; CrystalMethiopropamine \/ MPA\u00a0ADB-Pinaca Powder\u00a0Puret\u00e9.<\/p>\n","protected":false},"featured_media":5431,"comment_status":"open","ping_status":"closed","template":"","meta":[],"product_brand":[],"product_cat":[59],"product_tag":[2639,2636,2637,2647,2632,2634,2644,2641,2648,2642,2638,2640,2635,2643,2646,2633,2649,2645],"class_list":{"0":"post-5419","1":"product","2":"type-product","3":"status-publish","4":"has-post-thumbnail","6":"product_cat-produits-chimiques-de-recherche","7":"product_tag-a-vendre-adb-fubinaca","8":"product_tag-acheter-adb-fubinaca","9":"product_tag-acheter-en-ligne-adb-fubinaca","10":"product_tag-achat-en-ligne-adb-fubinaca","11":"product_tag-adb-fubinaca-par-gramme","12":"product_tag-adb-fubinaca-review","13":"product_tag-petit-prix-adb-fubinaca","14":"product_tag-combien-coute-la-vitesse-adb-fubinaca","15":"product_tag-commande-adb-fubinaca","16":"product_tag-comment-acheter-adb-fubinaca","17":"product_tag-description-adb-fubinaca","18":"product_tag-effets-fubinaca","19":"product_tag-fournisseurs-adb-fubinaca","20":"product_tag-how-to-purchase-adb-fubinaca","21":"product_tag-mdmb-fubinaca","22":"product_tag-adb-fubinaca-prix","23":"product_tag-revue-adb-fubinaca","24":"product_tag-bas-taux-adb-fubinaca","26":"first","27":"instock","28":"shipping-taxable","29":"purchasable","30":"product-type-variable","31":"has-default-attributes"},"yoast_head":"<!-- This site is optimized with the Yoast SEO plugin v27.3 - https:\/\/yoast.com\/product\/yoast-seo-wordpress\/ -->\n<title>Acheter ADB-PINACA Poudre - ADB-PINACA - Best Best Global Meds<\/title>\n<meta name=\"description\" content=\"Acheter de la poudre ADB-Pinaca\u00a0\u00e0 vendre en Europe, au Royaume-Uni, dans l&#039;UE et en Chine Puret\u00e9 98\u00a0% Stock chimique en poudre\u00a0&amp;amp\u00a0; CrystalMethiopropamine \/ MPA ADB-Pinaca Poudre.\" \/>\n<meta name=\"robots\" content=\"index, follow, max-snippet:-1, max-image-preview:large, max-video-preview:-1\" \/>\n<link rel=\"canonical\" href=\"https:\/\/medicinasinc.com\/fr\/product\/acheter-poudre-de-pinaca-adb\/\" \/>\n<meta property=\"og:locale\" content=\"en_US\" \/>\n<meta property=\"og:type\" content=\"article\" \/>\n<meta property=\"og:title\" content=\"Acheter ADB-PINACA Poudre - ADB-PINACA - Best Best Global Meds\" \/>\n<meta property=\"og:description\" content=\"Acheter de la poudre ADB-Pinaca\u00a0\u00e0 vendre en Europe, au Royaume-Uni, dans l&#039;UE et en Chine Puret\u00e9 98\u00a0% Stock chimique en poudre\u00a0&amp;amp\u00a0; CrystalMethiopropamine \/ MPA ADB-Pinaca Poudre.\" \/>\n<meta property=\"og:url\" content=\"https:\/\/medicinasinc.com\/fr\/product\/acheter-poudre-de-pinaca-adb\/\" \/>\n<meta property=\"og:site_name\" content=\"Medicinas Inc\" \/>\n<meta property=\"article:modified_time\" content=\"2022-03-17T11:58:32+00:00\" \/>\n<meta property=\"og:image\" content=\"https:\/\/medicinasinc.com\/fr\/wp-content\/uploads\/sites\/5\/2022\/02\/Buy-ADB-Pinaca-Powder.png\" \/>\n\t<meta property=\"og:image:width\" content=\"600\" \/>\n\t<meta property=\"og:image:height\" content=\"400\" \/>\n\t<meta property=\"og:image:type\" content=\"image\/png\" \/>\n<meta name=\"twitter:card\" content=\"summary_large_image\" \/>\n<meta name=\"twitter:label1\" content=\"Est. reading time\" \/>\n\t<meta name=\"twitter:data1\" content=\"1 minute\" \/>\n<script type=\"application\/ld+json\" class=\"yoast-schema-graph\">{\"@context\":\"https:\\\/\\\/schema.org\",\"@graph\":[{\"@type\":\"WebPage\",\"@id\":\"https:\\\/\\\/medicinasinc.com\\\/fr\\\/product\\\/acheter-poudre-de-pinaca-adb\\\/\",\"url\":\"https:\\\/\\\/medicinasinc.com\\\/fr\\\/product\\\/acheter-poudre-de-pinaca-adb\\\/\",\"name\":\"Acheter ADB-PINACA Poudre - ADB-PINACA - Best Best Global Meds\",\"isPartOf\":{\"@id\":\"https:\\\/\\\/medicinasinc.com\\\/fr\\\/#website\"},\"primaryImageOfPage\":{\"@id\":\"https:\\\/\\\/medicinasinc.com\\\/fr\\\/product\\\/acheter-poudre-de-pinaca-adb\\\/#primaryimage\"},\"image\":{\"@id\":\"https:\\\/\\\/medicinasinc.com\\\/fr\\\/product\\\/acheter-poudre-de-pinaca-adb\\\/#primaryimage\"},\"thumbnailUrl\":\"https:\\\/\\\/medicinasinc.com\\\/fr\\\/wp-content\\\/uploads\\\/sites\\\/5\\\/2022\\\/02\\\/Buy-ADB-Pinaca-Powder.png\",\"datePublished\":\"2022-02-21T23:00:46+00:00\",\"dateModified\":\"2022-03-17T11:58:32+00:00\",\"description\":\"Acheter de la poudre ADB-Pinaca\u00a0\u00e0 vendre en Europe, au Royaume-Uni, dans l'UE et en Chine Puret\u00e9 98\u00a0% Stock chimique en poudre\u00a0&amp\u00a0; CrystalMethiopropamine \\\/ MPA ADB-Pinaca Poudre.\",\"breadcrumb\":{\"@id\":\"https:\\\/\\\/medicinasinc.com\\\/fr\\\/product\\\/acheter-poudre-de-pinaca-adb\\\/#breadcrumb\"},\"inLanguage\":\"en-US\",\"potentialAction\":[{\"@type\":\"ReadAction\",\"target\":[\"https:\\\/\\\/medicinasinc.com\\\/fr\\\/product\\\/acheter-poudre-de-pinaca-adb\\\/\"]}]},{\"@type\":\"ImageObject\",\"inLanguage\":\"en-US\",\"@id\":\"https:\\\/\\\/medicinasinc.com\\\/fr\\\/product\\\/acheter-poudre-de-pinaca-adb\\\/#primaryimage\",\"url\":\"https:\\\/\\\/medicinasinc.com\\\/fr\\\/wp-content\\\/uploads\\\/sites\\\/5\\\/2022\\\/02\\\/Buy-ADB-Pinaca-Powder.png\",\"contentUrl\":\"https:\\\/\\\/medicinasinc.com\\\/fr\\\/wp-content\\\/uploads\\\/sites\\\/5\\\/2022\\\/02\\\/Buy-ADB-Pinaca-Powder.png\",\"width\":600,\"height\":400},{\"@type\":\"BreadcrumbList\",\"@id\":\"https:\\\/\\\/medicinasinc.com\\\/fr\\\/product\\\/acheter-poudre-de-pinaca-adb\\\/#breadcrumb\",\"itemListElement\":[{\"@type\":\"ListItem\",\"position\":1,\"name\":\"Boutique\",\"item\":\"https:\\\/\\\/medicinasinc.com\\\/fr\\\/boutique\\\/\"},{\"@type\":\"ListItem\",\"position\":2,\"name\":\"Acheter ADB-PINACA Poudre\"}]},{\"@type\":\"WebSite\",\"@id\":\"https:\\\/\\\/medicinasinc.com\\\/fr\\\/#website\",\"url\":\"https:\\\/\\\/medicinasinc.com\\\/fr\\\/\",\"name\":\"Medicinas Inc\",\"description\":\"Health Medical Clinic\",\"potentialAction\":[{\"@type\":\"SearchAction\",\"target\":{\"@type\":\"EntryPoint\",\"urlTemplate\":\"https:\\\/\\\/medicinasinc.com\\\/fr\\\/?s={search_term_string}\"},\"query-input\":{\"@type\":\"PropertyValueSpecification\",\"valueRequired\":true,\"valueName\":\"search_term_string\"}}],\"inLanguage\":\"en-US\"}]}<\/script>\n<!-- \/ Yoast SEO plugin. -->","yoast_head_json":{"title":"Acheter ADB-PINACA Poudre - ADB-PINACA - Best Best Global Meds","description":"Acheter de la poudre ADB-Pinaca\u00a0\u00e0 vendre en Europe, au Royaume-Uni, dans l'UE et en Chine Puret\u00e9 98\u00a0% Stock chimique en poudre\u00a0&amp\u00a0; CrystalMethiopropamine \/ MPA ADB-Pinaca Poudre.","robots":{"index":"index","follow":"follow","max-snippet":"max-snippet:-1","max-image-preview":"max-image-preview:large","max-video-preview":"max-video-preview:-1"},"canonical":"https:\/\/medicinasinc.com\/fr\/product\/acheter-poudre-de-pinaca-adb\/","og_locale":"en_US","og_type":"article","og_title":"Acheter ADB-PINACA Poudre - ADB-PINACA - Best Best Global Meds","og_description":"Acheter de la poudre ADB-Pinaca\u00a0\u00e0 vendre en Europe, au Royaume-Uni, dans l'UE et en Chine Puret\u00e9 98\u00a0% Stock chimique en poudre\u00a0&amp\u00a0; CrystalMethiopropamine \/ MPA ADB-Pinaca Poudre.","og_url":"https:\/\/medicinasinc.com\/fr\/product\/acheter-poudre-de-pinaca-adb\/","og_site_name":"Medicinas Inc","article_modified_time":"2022-03-17T11:58:32+00:00","og_image":[{"width":600,"height":400,"url":"https:\/\/medicinasinc.com\/fr\/wp-content\/uploads\/sites\/5\/2022\/02\/Buy-ADB-Pinaca-Powder.png","type":"image\/png"}],"twitter_card":"summary_large_image","twitter_misc":{"Est. reading time":"1 minute"},"schema":{"@context":"https:\/\/schema.org","@graph":[{"@type":"WebPage","@id":"https:\/\/medicinasinc.com\/fr\/product\/acheter-poudre-de-pinaca-adb\/","url":"https:\/\/medicinasinc.com\/fr\/product\/acheter-poudre-de-pinaca-adb\/","name":"Acheter ADB-PINACA Poudre - ADB-PINACA - Best Best Global Meds","isPartOf":{"@id":"https:\/\/medicinasinc.com\/fr\/#website"},"primaryImageOfPage":{"@id":"https:\/\/medicinasinc.com\/fr\/product\/acheter-poudre-de-pinaca-adb\/#primaryimage"},"image":{"@id":"https:\/\/medicinasinc.com\/fr\/product\/acheter-poudre-de-pinaca-adb\/#primaryimage"},"thumbnailUrl":"https:\/\/medicinasinc.com\/fr\/wp-content\/uploads\/sites\/5\/2022\/02\/Buy-ADB-Pinaca-Powder.png","datePublished":"2022-02-21T23:00:46+00:00","dateModified":"2022-03-17T11:58:32+00:00","description":"Acheter de la poudre ADB-Pinaca\u00a0\u00e0 vendre en Europe, au Royaume-Uni, dans l'UE et en Chine Puret\u00e9 98\u00a0% Stock chimique en poudre\u00a0&amp\u00a0; CrystalMethiopropamine \/ MPA ADB-Pinaca Poudre.","breadcrumb":{"@id":"https:\/\/medicinasinc.com\/fr\/product\/acheter-poudre-de-pinaca-adb\/#breadcrumb"},"inLanguage":"en-US","potentialAction":[{"@type":"ReadAction","target":["https:\/\/medicinasinc.com\/fr\/product\/acheter-poudre-de-pinaca-adb\/"]}]},{"@type":"ImageObject","inLanguage":"en-US","@id":"https:\/\/medicinasinc.com\/fr\/product\/acheter-poudre-de-pinaca-adb\/#primaryimage","url":"https:\/\/medicinasinc.com\/fr\/wp-content\/uploads\/sites\/5\/2022\/02\/Buy-ADB-Pinaca-Powder.png","contentUrl":"https:\/\/medicinasinc.com\/fr\/wp-content\/uploads\/sites\/5\/2022\/02\/Buy-ADB-Pinaca-Powder.png","width":600,"height":400},{"@type":"BreadcrumbList","@id":"https:\/\/medicinasinc.com\/fr\/product\/acheter-poudre-de-pinaca-adb\/#breadcrumb","itemListElement":[{"@type":"ListItem","position":1,"name":"Boutique","item":"https:\/\/medicinasinc.com\/fr\/boutique\/"},{"@type":"ListItem","position":2,"name":"Acheter ADB-PINACA Poudre"}]},{"@type":"WebSite","@id":"https:\/\/medicinasinc.com\/fr\/#website","url":"https:\/\/medicinasinc.com\/fr\/","name":"Medicinas Inc","description":"Health Medical Clinic","potentialAction":[{"@type":"SearchAction","target":{"@type":"EntryPoint","urlTemplate":"https:\/\/medicinasinc.com\/fr\/?s={search_term_string}"},"query-input":{"@type":"PropertyValueSpecification","valueRequired":true,"valueName":"search_term_string"}}],"inLanguage":"en-US"}]}},"_links":{"self":[{"href":"https:\/\/medicinasinc.com\/fr\/wp-json\/wp\/v2\/product\/5419","targetHints":{"allow":["GET"]}}],"collection":[{"href":"https:\/\/medicinasinc.com\/fr\/wp-json\/wp\/v2\/product"}],"about":[{"href":"https:\/\/medicinasinc.com\/fr\/wp-json\/wp\/v2\/types\/product"}],"replies":[{"embeddable":true,"href":"https:\/\/medicinasinc.com\/fr\/wp-json\/wp\/v2\/comments?post=5419"}],"wp:featuredmedia":[{"embeddable":true,"href":"https:\/\/medicinasinc.com\/fr\/wp-json\/wp\/v2\/media\/5431"}],"wp:attachment":[{"href":"https:\/\/medicinasinc.com\/fr\/wp-json\/wp\/v2\/media?parent=5419"}],"wp:term":[{"taxonomy":"product_brand","embeddable":true,"href":"https:\/\/medicinasinc.com\/fr\/wp-json\/wp\/v2\/product_brand?post=5419"},{"taxonomy":"product_cat","embeddable":true,"href":"https:\/\/medicinasinc.com\/fr\/wp-json\/wp\/v2\/product_cat?post=5419"},{"taxonomy":"product_tag","embeddable":true,"href":"https:\/\/medicinasinc.com\/fr\/wp-json\/wp\/v2\/product_tag?post=5419"}],"curies":[{"name":"wp","href":"https:\/\/api.w.org\/{rel}","templated":true}]}}