{"id":5417,"date":"2022-02-21T22:57:54","date_gmt":"2022-02-21T22:57:54","guid":{"rendered":"https:\/\/medicinasinc.com\/fr\/?post_type=product&#038;p=5417"},"modified":"2022-03-17T11:59:18","modified_gmt":"2022-03-17T11:59:18","slug":"acheter-5f-mdmb-2201-5f-mmb-pica-5f-amb-pica","status":"publish","type":"product","link":"https:\/\/medicinasinc.com\/fr\/product\/acheter-5f-mdmb-2201-5f-mmb-pica-5f-amb-pica\/","title":{"rendered":"Acheter 5F MDMB 2201 &#8211; 5F-MMB-PICA, 5F-AMB-PICA"},"content":{"rendered":"<h1>Achetez des cristaux 5f MDMB 2201 en ligne.<\/h1>\n<p>Achetez des cristaux 5f MDMB 2201 en ligne.<\/p>\n<p>Il s&#8217;agit d&#8217;un indazole 3 carboxamide qui commence \u00e0 \u00eatre vu dans les produits \u00e0 base de cannabis synth\u00e9tique dans le monde entier. .<\/p>\n<p>Pharmacologie\u00a0:<br \/> 5F-MDMB-2201 est consid\u00e9r\u00e9 comme un agoniste CB1 tr\u00e8s puissant, mais on ne sait pas s&#8217;il a une forte s\u00e9lectivit\u00e9 pour CB1, ou m\u00eame s&#8217;il est s\u00e9lectif \u00e0 tous. D&#8217;autres tests seront n\u00e9cessaires dans ce domaine.<\/p>\n<p>Compos\u00e9s similaires\u00a0:<br \/> 5F-AB-PINACA<br \/> PX-3<br \/> MDMB-FUBINACA<br \/> MDMB-CHMICA<br \/> APINACA<br \/> APICA<br \/> BAD-PINACA<br \/> ADBICA<br \/> BAD-FUBINACA<br \/> BAD-CHMINACA<br \/> AB-PINACA<br \/> AB-FUBINACA<br \/> AB-CHMINACA<br \/> AB-CHFUPYCA<br \/> 5F-APINACA<br \/> 5F-AMB<\/p>\n<p>L\u00e9galit\u00e9\u00a0:<br \/> 5F-MDMB-2201 n&#8217;est pas connu pour \u00eatre consid\u00e9r\u00e9 comme une substance contr\u00f4l\u00e9e dans n&#8217;importe quel pays ou juridiction majeure pour le moment, mais il peut \u00eatre consid\u00e9r\u00e9 comme un analogue du 5F-ADB ou de compos\u00e9s apparent\u00e9s. Cela pourrait rendre sa vente ou sa possession ill\u00e9gale dans certaines juridictions, il convient donc d&#8217;\u00eatre prudent lors de l&#8217;importation de ce produit chimique.<br \/> Le 5F-MDMB-2201 est vendu uniquement comme produit chimique de recherche et est donc impropre \u00e0 la consommation humaine ou animale. Il ne doit \u00eatre utilis\u00e9 que par du personnel qualifi\u00e9 dans un laboratoire ou un environnement m\u00e9dico-l\u00e9gal.<\/p>\n","protected":false},"excerpt":{"rendered":"<p>Acheter MMB-2201, 5F MDMB 2201 \u00e0 vendre au Royaume-Uni, en Europe (\u00e9galement connu sous le nom de 5F-MMB-PICA, 5F-AMB-PICA et I-AMB) est un puissant cannabino\u00efde synth\u00e9tique \u00e0 base d&#8217;indole-3-carboxamide, qui a \u00e9t\u00e9 vendu comme drogue de synth\u00e8se et comme ingr\u00e9dient actif dans des m\u00e9langes de cannabis synth\u00e9tique<\/p>\n<p>Achat en ligne de 5f MDMB 2201 Crystals. 5F-MDMB-2201 est un cannabino\u00efde synth\u00e9tique de la famille des indazoles qui est tr\u00e8s similaire au 5F-MDMB-PINACA plus connu.<\/p>\n<p>Achetez de la poudre 5F-MDMB-2201 pure de haute qualit\u00e9 en ligne avec Bitcoin &amp; #8211; Achetez des m\u00e9dicaments l\u00e9gaux, des produits chimiques de recherche et des poudres pharmaceutiques brutes en ligne.<\/p>\n<p>5F-MDMB-2201<\/p>\n<p>Commandez un \u00e9chantillon pour test ou achetez 5f-mdmb-2201 \u00e0 vendre avec livraison gratuite \u00e0 au Royaume-Uni, aux \u00c9tats-Unis ou en Europe.<\/p>\n","protected":false},"featured_media":5427,"comment_status":"open","ping_status":"closed","template":"","meta":[],"product_brand":[],"product_cat":[2596],"product_tag":[2598,2599,2600,2603,2616,2601,2604,2605,2606,2607,2612,2613,2609,2614,2615,2617,2618,2619,2621,2622,2620,2623,2597,2624,2602,2626,2627,2628,2625,2608,2610,2611,2631,2629,2630],"class_list":{"0":"post-5417","1":"product","2":"type-product","3":"status-publish","4":"has-post-thumbnail","6":"product_cat-cannabinoides-a-vendre","7":"product_tag-4f-mdmb-binaca-uk","8":"product_tag-5f-poudre","9":"product_tag-5f-mdmb-2201","10":"product_tag-5f-mdmb-2201--vendre","11":"product_tag-5f-mdmb-2201-revue","12":"product_tag-5f-mdmb-2201-cannabinoids","13":"product_tag-5f-mdmb-2201-for-sale-online","14":"product_tag-5f-mdmb-2201-poudre","15":"product_tag-5f-mdmb-2201-poudre-australie","16":"product_tag-5f-mdmb-2201-poudre-canada","17":"product_tag-5f-mdmb-2201-poudre-uk","18":"product_tag-5f-mdmb-2201-poudre-usa","19":"product_tag-5f-mdmb-2201-powder-for-sale","20":"product_tag-5f-mdmb-2201-powder-vendor","21":"product_tag-5f-mdmb-2201-reddit","22":"product_tag-5f-mdmb-pinaca-acheter","23":"product_tag-5f-sgt-151","24":"product_tag-acheter-5f-mdmb-2201","25":"product_tag-acheter-5f-mdmb-2201-en-ligne","26":"product_tag-acheter-5f-mdmb-2201-poudre-en-ligne","27":"product_tag-acheter-5f-mdmb-2201-cannabinodes","28":"product_tag-acheter-diclazepam-france","29":"product_tag-4f-adb-revue","30":"product_tag-c-liquide-chimique-suspension","31":"product_tag-5f-mdmb-2201-cannabinodes--vendre","32":"product_tag-commande-5f-mdmb-2201","33":"product_tag-commande-5f-mdmb-2201-en-ligne","34":"product_tag-commande-5f-mdmb-2201-poudre","35":"product_tag-mail-5f-mdmb-2201","36":"product_tag-5f-mdmb-2201-poudre-dosage","37":"product_tag-5f-mdmb-2201-examen-poudre","38":"product_tag-5f-mdmb-2201-fournisseur-de-poudre","39":"product_tag-o-acheter-5f-mdmb-2201","40":"product_tag-pure-5f-mdmb-2201-poudre","41":"product_tag-sgt-151-juridique","43":"first","44":"instock","45":"shipping-taxable","46":"purchasable","47":"product-type-variable","48":"has-default-attributes"},"yoast_head":"<!-- This site is optimized with the Yoast SEO plugin v27.3 - https:\/\/yoast.com\/product\/yoast-seo-wordpress\/ -->\n<title>Acheter 5F MDMB 2201 - 5F-MMB-PICA, 5F-AMB-PICA et I-AMB<\/title>\n<meta name=\"description\" content=\"Acheter MMB-2201, 5F MDMB 2201 \u00e0 vendre au Royaume-Uni, en Europe (\u00e9galement connu sous le nom de 5F-MMB-PICA, 5F-AMB-PICA et I-AMB) est un puissant cannabino\u00efde synth\u00e9tique \u00e0 base d&#039;indole-3-carboxamide, qui a \u00e9t\u00e9 vendu comme drogue de synth\u00e8se et comme ingr\u00e9dient actif dans les m\u00e9langes de cannabis synth\u00e9tique\" \/>\n<meta name=\"robots\" content=\"index, follow, max-snippet:-1, max-image-preview:large, max-video-preview:-1\" \/>\n<link rel=\"canonical\" href=\"https:\/\/medicinasinc.com\/fr\/product\/acheter-5f-mdmb-2201-5f-mmb-pica-5f-amb-pica\/\" \/>\n<meta property=\"og:locale\" content=\"en_US\" \/>\n<meta property=\"og:type\" content=\"article\" \/>\n<meta property=\"og:title\" content=\"Acheter 5F MDMB 2201 - 5F-MMB-PICA, 5F-AMB-PICA et I-AMB\" \/>\n<meta property=\"og:description\" content=\"Acheter MMB-2201, 5F MDMB 2201 \u00e0 vendre au Royaume-Uni, en Europe (\u00e9galement connu sous le nom de 5F-MMB-PICA, 5F-AMB-PICA et I-AMB) est un puissant cannabino\u00efde synth\u00e9tique \u00e0 base d&#039;indole-3-carboxamide, qui a \u00e9t\u00e9 vendu comme drogue de synth\u00e8se et comme ingr\u00e9dient actif dans les m\u00e9langes de cannabis synth\u00e9tique\" \/>\n<meta property=\"og:url\" content=\"https:\/\/medicinasinc.com\/fr\/product\/acheter-5f-mdmb-2201-5f-mmb-pica-5f-amb-pica\/\" \/>\n<meta property=\"og:site_name\" content=\"Medicinas Inc\" \/>\n<meta property=\"article:modified_time\" content=\"2022-03-17T11:59:18+00:00\" \/>\n<meta property=\"og:image\" content=\"https:\/\/medicinasinc.com\/fr\/wp-content\/uploads\/sites\/5\/2022\/02\/Buy-5f-MDMB-2201.jpg\" \/>\n\t<meta property=\"og:image:width\" content=\"232\" \/>\n\t<meta property=\"og:image:height\" content=\"217\" \/>\n\t<meta property=\"og:image:type\" content=\"image\/jpeg\" \/>\n<meta name=\"twitter:card\" content=\"summary_large_image\" \/>\n<meta name=\"twitter:label1\" content=\"Est. reading time\" \/>\n\t<meta name=\"twitter:data1\" content=\"1 minute\" \/>\n<script type=\"application\/ld+json\" class=\"yoast-schema-graph\">{\"@context\":\"https:\\\/\\\/schema.org\",\"@graph\":[{\"@type\":\"WebPage\",\"@id\":\"https:\\\/\\\/medicinasinc.com\\\/fr\\\/product\\\/acheter-5f-mdmb-2201-5f-mmb-pica-5f-amb-pica\\\/\",\"url\":\"https:\\\/\\\/medicinasinc.com\\\/fr\\\/product\\\/acheter-5f-mdmb-2201-5f-mmb-pica-5f-amb-pica\\\/\",\"name\":\"Acheter 5F MDMB 2201 - 5F-MMB-PICA, 5F-AMB-PICA et I-AMB\",\"isPartOf\":{\"@id\":\"https:\\\/\\\/medicinasinc.com\\\/fr\\\/#website\"},\"primaryImageOfPage\":{\"@id\":\"https:\\\/\\\/medicinasinc.com\\\/fr\\\/product\\\/acheter-5f-mdmb-2201-5f-mmb-pica-5f-amb-pica\\\/#primaryimage\"},\"image\":{\"@id\":\"https:\\\/\\\/medicinasinc.com\\\/fr\\\/product\\\/acheter-5f-mdmb-2201-5f-mmb-pica-5f-amb-pica\\\/#primaryimage\"},\"thumbnailUrl\":\"https:\\\/\\\/medicinasinc.com\\\/fr\\\/wp-content\\\/uploads\\\/sites\\\/5\\\/2022\\\/02\\\/Buy-5f-MDMB-2201.jpg\",\"datePublished\":\"2022-02-21T22:57:54+00:00\",\"dateModified\":\"2022-03-17T11:59:18+00:00\",\"description\":\"Acheter MMB-2201, 5F MDMB 2201 \u00e0 vendre au Royaume-Uni, en Europe (\u00e9galement connu sous le nom de 5F-MMB-PICA, 5F-AMB-PICA et I-AMB) est un puissant cannabino\u00efde synth\u00e9tique \u00e0 base d'indole-3-carboxamide, qui a \u00e9t\u00e9 vendu comme drogue de synth\u00e8se et comme ingr\u00e9dient actif dans les m\u00e9langes de cannabis synth\u00e9tique\",\"breadcrumb\":{\"@id\":\"https:\\\/\\\/medicinasinc.com\\\/fr\\\/product\\\/acheter-5f-mdmb-2201-5f-mmb-pica-5f-amb-pica\\\/#breadcrumb\"},\"inLanguage\":\"en-US\",\"potentialAction\":[{\"@type\":\"ReadAction\",\"target\":[\"https:\\\/\\\/medicinasinc.com\\\/fr\\\/product\\\/acheter-5f-mdmb-2201-5f-mmb-pica-5f-amb-pica\\\/\"]}]},{\"@type\":\"ImageObject\",\"inLanguage\":\"en-US\",\"@id\":\"https:\\\/\\\/medicinasinc.com\\\/fr\\\/product\\\/acheter-5f-mdmb-2201-5f-mmb-pica-5f-amb-pica\\\/#primaryimage\",\"url\":\"https:\\\/\\\/medicinasinc.com\\\/fr\\\/wp-content\\\/uploads\\\/sites\\\/5\\\/2022\\\/02\\\/Buy-5f-MDMB-2201.jpg\",\"contentUrl\":\"https:\\\/\\\/medicinasinc.com\\\/fr\\\/wp-content\\\/uploads\\\/sites\\\/5\\\/2022\\\/02\\\/Buy-5f-MDMB-2201.jpg\",\"width\":232,\"height\":217},{\"@type\":\"BreadcrumbList\",\"@id\":\"https:\\\/\\\/medicinasinc.com\\\/fr\\\/product\\\/acheter-5f-mdmb-2201-5f-mmb-pica-5f-amb-pica\\\/#breadcrumb\",\"itemListElement\":[{\"@type\":\"ListItem\",\"position\":1,\"name\":\"Boutique\",\"item\":\"https:\\\/\\\/medicinasinc.com\\\/fr\\\/boutique\\\/\"},{\"@type\":\"ListItem\",\"position\":2,\"name\":\"Acheter 5F MDMB 2201 &#8211; 5F-MMB-PICA, 5F-AMB-PICA\"}]},{\"@type\":\"WebSite\",\"@id\":\"https:\\\/\\\/medicinasinc.com\\\/fr\\\/#website\",\"url\":\"https:\\\/\\\/medicinasinc.com\\\/fr\\\/\",\"name\":\"Medicinas Inc\",\"description\":\"Health Medical Clinic\",\"potentialAction\":[{\"@type\":\"SearchAction\",\"target\":{\"@type\":\"EntryPoint\",\"urlTemplate\":\"https:\\\/\\\/medicinasinc.com\\\/fr\\\/?s={search_term_string}\"},\"query-input\":{\"@type\":\"PropertyValueSpecification\",\"valueRequired\":true,\"valueName\":\"search_term_string\"}}],\"inLanguage\":\"en-US\"}]}<\/script>\n<!-- \/ Yoast SEO plugin. -->","yoast_head_json":{"title":"Acheter 5F MDMB 2201 - 5F-MMB-PICA, 5F-AMB-PICA et I-AMB","description":"Acheter MMB-2201, 5F MDMB 2201 \u00e0 vendre au Royaume-Uni, en Europe (\u00e9galement connu sous le nom de 5F-MMB-PICA, 5F-AMB-PICA et I-AMB) est un puissant cannabino\u00efde synth\u00e9tique \u00e0 base d'indole-3-carboxamide, qui a \u00e9t\u00e9 vendu comme drogue de synth\u00e8se et comme ingr\u00e9dient actif dans les m\u00e9langes de cannabis synth\u00e9tique","robots":{"index":"index","follow":"follow","max-snippet":"max-snippet:-1","max-image-preview":"max-image-preview:large","max-video-preview":"max-video-preview:-1"},"canonical":"https:\/\/medicinasinc.com\/fr\/product\/acheter-5f-mdmb-2201-5f-mmb-pica-5f-amb-pica\/","og_locale":"en_US","og_type":"article","og_title":"Acheter 5F MDMB 2201 - 5F-MMB-PICA, 5F-AMB-PICA et I-AMB","og_description":"Acheter MMB-2201, 5F MDMB 2201 \u00e0 vendre au Royaume-Uni, en Europe (\u00e9galement connu sous le nom de 5F-MMB-PICA, 5F-AMB-PICA et I-AMB) est un puissant cannabino\u00efde synth\u00e9tique \u00e0 base d'indole-3-carboxamide, qui a \u00e9t\u00e9 vendu comme drogue de synth\u00e8se et comme ingr\u00e9dient actif dans les m\u00e9langes de cannabis synth\u00e9tique","og_url":"https:\/\/medicinasinc.com\/fr\/product\/acheter-5f-mdmb-2201-5f-mmb-pica-5f-amb-pica\/","og_site_name":"Medicinas Inc","article_modified_time":"2022-03-17T11:59:18+00:00","og_image":[{"width":232,"height":217,"url":"https:\/\/medicinasinc.com\/fr\/wp-content\/uploads\/sites\/5\/2022\/02\/Buy-5f-MDMB-2201.jpg","type":"image\/jpeg"}],"twitter_card":"summary_large_image","twitter_misc":{"Est. reading time":"1 minute"},"schema":{"@context":"https:\/\/schema.org","@graph":[{"@type":"WebPage","@id":"https:\/\/medicinasinc.com\/fr\/product\/acheter-5f-mdmb-2201-5f-mmb-pica-5f-amb-pica\/","url":"https:\/\/medicinasinc.com\/fr\/product\/acheter-5f-mdmb-2201-5f-mmb-pica-5f-amb-pica\/","name":"Acheter 5F MDMB 2201 - 5F-MMB-PICA, 5F-AMB-PICA et I-AMB","isPartOf":{"@id":"https:\/\/medicinasinc.com\/fr\/#website"},"primaryImageOfPage":{"@id":"https:\/\/medicinasinc.com\/fr\/product\/acheter-5f-mdmb-2201-5f-mmb-pica-5f-amb-pica\/#primaryimage"},"image":{"@id":"https:\/\/medicinasinc.com\/fr\/product\/acheter-5f-mdmb-2201-5f-mmb-pica-5f-amb-pica\/#primaryimage"},"thumbnailUrl":"https:\/\/medicinasinc.com\/fr\/wp-content\/uploads\/sites\/5\/2022\/02\/Buy-5f-MDMB-2201.jpg","datePublished":"2022-02-21T22:57:54+00:00","dateModified":"2022-03-17T11:59:18+00:00","description":"Acheter MMB-2201, 5F MDMB 2201 \u00e0 vendre au Royaume-Uni, en Europe (\u00e9galement connu sous le nom de 5F-MMB-PICA, 5F-AMB-PICA et I-AMB) est un puissant cannabino\u00efde synth\u00e9tique \u00e0 base d'indole-3-carboxamide, qui a \u00e9t\u00e9 vendu comme drogue de synth\u00e8se et comme ingr\u00e9dient actif dans les m\u00e9langes de cannabis synth\u00e9tique","breadcrumb":{"@id":"https:\/\/medicinasinc.com\/fr\/product\/acheter-5f-mdmb-2201-5f-mmb-pica-5f-amb-pica\/#breadcrumb"},"inLanguage":"en-US","potentialAction":[{"@type":"ReadAction","target":["https:\/\/medicinasinc.com\/fr\/product\/acheter-5f-mdmb-2201-5f-mmb-pica-5f-amb-pica\/"]}]},{"@type":"ImageObject","inLanguage":"en-US","@id":"https:\/\/medicinasinc.com\/fr\/product\/acheter-5f-mdmb-2201-5f-mmb-pica-5f-amb-pica\/#primaryimage","url":"https:\/\/medicinasinc.com\/fr\/wp-content\/uploads\/sites\/5\/2022\/02\/Buy-5f-MDMB-2201.jpg","contentUrl":"https:\/\/medicinasinc.com\/fr\/wp-content\/uploads\/sites\/5\/2022\/02\/Buy-5f-MDMB-2201.jpg","width":232,"height":217},{"@type":"BreadcrumbList","@id":"https:\/\/medicinasinc.com\/fr\/product\/acheter-5f-mdmb-2201-5f-mmb-pica-5f-amb-pica\/#breadcrumb","itemListElement":[{"@type":"ListItem","position":1,"name":"Boutique","item":"https:\/\/medicinasinc.com\/fr\/boutique\/"},{"@type":"ListItem","position":2,"name":"Acheter 5F MDMB 2201 &#8211; 5F-MMB-PICA, 5F-AMB-PICA"}]},{"@type":"WebSite","@id":"https:\/\/medicinasinc.com\/fr\/#website","url":"https:\/\/medicinasinc.com\/fr\/","name":"Medicinas Inc","description":"Health Medical Clinic","potentialAction":[{"@type":"SearchAction","target":{"@type":"EntryPoint","urlTemplate":"https:\/\/medicinasinc.com\/fr\/?s={search_term_string}"},"query-input":{"@type":"PropertyValueSpecification","valueRequired":true,"valueName":"search_term_string"}}],"inLanguage":"en-US"}]}},"_links":{"self":[{"href":"https:\/\/medicinasinc.com\/fr\/wp-json\/wp\/v2\/product\/5417","targetHints":{"allow":["GET"]}}],"collection":[{"href":"https:\/\/medicinasinc.com\/fr\/wp-json\/wp\/v2\/product"}],"about":[{"href":"https:\/\/medicinasinc.com\/fr\/wp-json\/wp\/v2\/types\/product"}],"replies":[{"embeddable":true,"href":"https:\/\/medicinasinc.com\/fr\/wp-json\/wp\/v2\/comments?post=5417"}],"wp:featuredmedia":[{"embeddable":true,"href":"https:\/\/medicinasinc.com\/fr\/wp-json\/wp\/v2\/media\/5427"}],"wp:attachment":[{"href":"https:\/\/medicinasinc.com\/fr\/wp-json\/wp\/v2\/media?parent=5417"}],"wp:term":[{"taxonomy":"product_brand","embeddable":true,"href":"https:\/\/medicinasinc.com\/fr\/wp-json\/wp\/v2\/product_brand?post=5417"},{"taxonomy":"product_cat","embeddable":true,"href":"https:\/\/medicinasinc.com\/fr\/wp-json\/wp\/v2\/product_cat?post=5417"},{"taxonomy":"product_tag","embeddable":true,"href":"https:\/\/medicinasinc.com\/fr\/wp-json\/wp\/v2\/product_tag?post=5417"}],"curies":[{"name":"wp","href":"https:\/\/api.w.org\/{rel}","templated":true}]}}