{"id":5416,"date":"2022-02-21T22:57:03","date_gmt":"2022-02-21T22:57:03","guid":{"rendered":"https:\/\/medicinasinc.com\/fr\/?post_type=product&#038;p=5416"},"modified":"2022-03-17T11:59:38","modified_gmt":"2022-03-17T11:59:38","slug":"acheter-50mcg-comprimes-lsd-en-ligne","status":"publish","type":"product","link":"https:\/\/medicinasinc.com\/fr\/product\/acheter-50mcg-comprimes-lsd-en-ligne\/","title":{"rendered":"Acheter des comprim\u00e9s de LSD de 50 mcg en ligne"},"content":{"rendered":"<p><strong>Achetez des comprim\u00e9s de LSD 50mcg en ligne.<\/strong><\/p>\n<p>Les comprim\u00e9s de LSD 50mcg peuvent \u00eatre achet\u00e9s en ligne.<\/p>\n<p>Pour acheter ou commander des comprim\u00e9s de LSD, vous pouvez le faire sur notre magasin de tablettes LSD : Si vous recherchez des tablettes LSD de haute qualit\u00e9, n&#8217;allez pas plus loin. Vous l&#8217;avez trouv\u00e9. Les meilleurs comprim\u00e9s de LSD actuellement sur le march\u00e9 sont ceux que nous fabriquons.<br \/> Le di\u00e9thylamide de l&#8217;acide lysergique est son nom g\u00e9n\u00e9rique.<br \/> Plus de 80 noms communs ou de rue sont utilis\u00e9s pour d\u00e9crire le LSD. Ceux-ci incluent l&#8217;acide, le buvard (alias &#8220;le cid&#8221;), les doses (alias &#8220;les points&#8221;) et les trajets (alias les trajets).<\/p>\n","protected":false},"excerpt":{"rendered":"<div class=\"woocommerce-product-details__short-description\">\n<p>Vrais comprim\u00e9s de LSD 50mcg en ligne \u2013 Comprim\u00e9s de LSD 50mcg \u00e0 vendre | Acheter des comprim\u00e9s de LSD en ligne | Acheter des comprim\u00e9s de LSD 50mcg \u00e0 vendre | Acheter des comprim\u00e9s de LSD 50mcg bon march\u00e9 | O\u00f9 acheter des comprim\u00e9s de LSD de 50\u00a0mcg en ligne.<\/p>\n<\/p><\/div>\n","protected":false},"featured_media":5425,"comment_status":"open","ping_status":"closed","template":"","meta":[],"product_brand":[],"product_cat":[703],"product_tag":[],"class_list":{"0":"post-5416","1":"product","2":"type-product","3":"status-publish","4":"has-post-thumbnail","6":"product_cat-acheter-des-medicaments-psychedeliques","8":"first","9":"instock","10":"shipping-taxable","11":"purchasable","12":"product-type-variable","13":"has-default-attributes"},"yoast_head":"<!-- This site is optimized with the Yoast SEO plugin v27.3 - https:\/\/yoast.com\/product\/yoast-seo-wordpress\/ -->\n<title>Acheter des comprim\u00e9s de LSD 50mcg en ligne - Best Best Global Meds<\/title>\n<meta name=\"description\" content=\"Vrais comprim\u00e9s de LSD 50mcg en ligne \u2013 Comprim\u00e9s de LSD 50mcg \u00e0 vendre | Acheter des comprim\u00e9s de LSD en ligne | Acheter des comprim\u00e9s de LSD 50mcg \u00e0 vendre | Acheter des comprim\u00e9s de LSD 50mcg bon march\u00e9 | O\u00f9 acheter des comprim\u00e9s de LSD de 50 mcg en ligne.\" \/>\n<meta name=\"robots\" content=\"index, follow, max-snippet:-1, max-image-preview:large, max-video-preview:-1\" \/>\n<link rel=\"canonical\" href=\"https:\/\/medicinasinc.com\/fr\/product\/acheter-50mcg-comprimes-lsd-en-ligne\/\" \/>\n<meta property=\"og:locale\" content=\"en_US\" \/>\n<meta property=\"og:type\" content=\"article\" \/>\n<meta property=\"og:title\" content=\"Acheter des comprim\u00e9s de LSD 50mcg en ligne - Best Best Global Meds\" \/>\n<meta property=\"og:description\" content=\"Vrais comprim\u00e9s de LSD 50mcg en ligne \u2013 Comprim\u00e9s de LSD 50mcg \u00e0 vendre | Acheter des comprim\u00e9s de LSD en ligne | Acheter des comprim\u00e9s de LSD 50mcg \u00e0 vendre | Acheter des comprim\u00e9s de LSD 50mcg bon march\u00e9 | O\u00f9 acheter des comprim\u00e9s de LSD de 50 mcg en ligne.\" \/>\n<meta property=\"og:url\" content=\"https:\/\/medicinasinc.com\/fr\/product\/acheter-50mcg-comprimes-lsd-en-ligne\/\" \/>\n<meta property=\"og:site_name\" content=\"Medicinas Inc\" \/>\n<meta property=\"article:modified_time\" content=\"2022-03-17T11:59:38+00:00\" \/>\n<meta property=\"og:image\" content=\"https:\/\/medicinasinc.com\/fr\/wp-content\/uploads\/sites\/5\/2022\/02\/buy-50mcg-lsd-tablets-online.jpg\" \/>\n\t<meta property=\"og:image:width\" content=\"600\" \/>\n\t<meta property=\"og:image:height\" content=\"600\" \/>\n\t<meta property=\"og:image:type\" content=\"image\/jpeg\" \/>\n<meta name=\"twitter:card\" content=\"summary_large_image\" \/>\n<meta name=\"twitter:label1\" content=\"Est. reading time\" \/>\n\t<meta name=\"twitter:data1\" content=\"1 minute\" \/>\n<script type=\"application\/ld+json\" class=\"yoast-schema-graph\">{\"@context\":\"https:\\\/\\\/schema.org\",\"@graph\":[{\"@type\":\"WebPage\",\"@id\":\"https:\\\/\\\/medicinasinc.com\\\/fr\\\/product\\\/acheter-50mcg-comprimes-lsd-en-ligne\\\/\",\"url\":\"https:\\\/\\\/medicinasinc.com\\\/fr\\\/product\\\/acheter-50mcg-comprimes-lsd-en-ligne\\\/\",\"name\":\"Acheter des comprim\u00e9s de LSD 50mcg en ligne - Best Best Global Meds\",\"isPartOf\":{\"@id\":\"https:\\\/\\\/medicinasinc.com\\\/fr\\\/#website\"},\"primaryImageOfPage\":{\"@id\":\"https:\\\/\\\/medicinasinc.com\\\/fr\\\/product\\\/acheter-50mcg-comprimes-lsd-en-ligne\\\/#primaryimage\"},\"image\":{\"@id\":\"https:\\\/\\\/medicinasinc.com\\\/fr\\\/product\\\/acheter-50mcg-comprimes-lsd-en-ligne\\\/#primaryimage\"},\"thumbnailUrl\":\"https:\\\/\\\/medicinasinc.com\\\/fr\\\/wp-content\\\/uploads\\\/sites\\\/5\\\/2022\\\/02\\\/buy-50mcg-lsd-tablets-online.jpg\",\"datePublished\":\"2022-02-21T22:57:03+00:00\",\"dateModified\":\"2022-03-17T11:59:38+00:00\",\"description\":\"Vrais comprim\u00e9s de LSD 50mcg en ligne \u2013 Comprim\u00e9s de LSD 50mcg \u00e0 vendre | Acheter des comprim\u00e9s de LSD en ligne | Acheter des comprim\u00e9s de LSD 50mcg \u00e0 vendre | Acheter des comprim\u00e9s de LSD 50mcg bon march\u00e9 | O\u00f9 acheter des comprim\u00e9s de LSD de 50 mcg en ligne.\",\"breadcrumb\":{\"@id\":\"https:\\\/\\\/medicinasinc.com\\\/fr\\\/product\\\/acheter-50mcg-comprimes-lsd-en-ligne\\\/#breadcrumb\"},\"inLanguage\":\"en-US\",\"potentialAction\":[{\"@type\":\"ReadAction\",\"target\":[\"https:\\\/\\\/medicinasinc.com\\\/fr\\\/product\\\/acheter-50mcg-comprimes-lsd-en-ligne\\\/\"]}]},{\"@type\":\"ImageObject\",\"inLanguage\":\"en-US\",\"@id\":\"https:\\\/\\\/medicinasinc.com\\\/fr\\\/product\\\/acheter-50mcg-comprimes-lsd-en-ligne\\\/#primaryimage\",\"url\":\"https:\\\/\\\/medicinasinc.com\\\/fr\\\/wp-content\\\/uploads\\\/sites\\\/5\\\/2022\\\/02\\\/buy-50mcg-lsd-tablets-online.jpg\",\"contentUrl\":\"https:\\\/\\\/medicinasinc.com\\\/fr\\\/wp-content\\\/uploads\\\/sites\\\/5\\\/2022\\\/02\\\/buy-50mcg-lsd-tablets-online.jpg\",\"width\":600,\"height\":600},{\"@type\":\"BreadcrumbList\",\"@id\":\"https:\\\/\\\/medicinasinc.com\\\/fr\\\/product\\\/acheter-50mcg-comprimes-lsd-en-ligne\\\/#breadcrumb\",\"itemListElement\":[{\"@type\":\"ListItem\",\"position\":1,\"name\":\"Boutique\",\"item\":\"https:\\\/\\\/medicinasinc.com\\\/fr\\\/boutique\\\/\"},{\"@type\":\"ListItem\",\"position\":2,\"name\":\"Acheter des comprim\u00e9s de LSD de 50 mcg en ligne\"}]},{\"@type\":\"WebSite\",\"@id\":\"https:\\\/\\\/medicinasinc.com\\\/fr\\\/#website\",\"url\":\"https:\\\/\\\/medicinasinc.com\\\/fr\\\/\",\"name\":\"Medicinas Inc\",\"description\":\"Health Medical Clinic\",\"potentialAction\":[{\"@type\":\"SearchAction\",\"target\":{\"@type\":\"EntryPoint\",\"urlTemplate\":\"https:\\\/\\\/medicinasinc.com\\\/fr\\\/?s={search_term_string}\"},\"query-input\":{\"@type\":\"PropertyValueSpecification\",\"valueRequired\":true,\"valueName\":\"search_term_string\"}}],\"inLanguage\":\"en-US\"}]}<\/script>\n<!-- \/ Yoast SEO plugin. -->","yoast_head_json":{"title":"Acheter des comprim\u00e9s de LSD 50mcg en ligne - Best Best Global Meds","description":"Vrais comprim\u00e9s de LSD 50mcg en ligne \u2013 Comprim\u00e9s de LSD 50mcg \u00e0 vendre | Acheter des comprim\u00e9s de LSD en ligne | Acheter des comprim\u00e9s de LSD 50mcg \u00e0 vendre | Acheter des comprim\u00e9s de LSD 50mcg bon march\u00e9 | O\u00f9 acheter des comprim\u00e9s de LSD de 50 mcg en ligne.","robots":{"index":"index","follow":"follow","max-snippet":"max-snippet:-1","max-image-preview":"max-image-preview:large","max-video-preview":"max-video-preview:-1"},"canonical":"https:\/\/medicinasinc.com\/fr\/product\/acheter-50mcg-comprimes-lsd-en-ligne\/","og_locale":"en_US","og_type":"article","og_title":"Acheter des comprim\u00e9s de LSD 50mcg en ligne - Best Best Global Meds","og_description":"Vrais comprim\u00e9s de LSD 50mcg en ligne \u2013 Comprim\u00e9s de LSD 50mcg \u00e0 vendre | Acheter des comprim\u00e9s de LSD en ligne | Acheter des comprim\u00e9s de LSD 50mcg \u00e0 vendre | Acheter des comprim\u00e9s de LSD 50mcg bon march\u00e9 | O\u00f9 acheter des comprim\u00e9s de LSD de 50 mcg en ligne.","og_url":"https:\/\/medicinasinc.com\/fr\/product\/acheter-50mcg-comprimes-lsd-en-ligne\/","og_site_name":"Medicinas Inc","article_modified_time":"2022-03-17T11:59:38+00:00","og_image":[{"width":600,"height":600,"url":"https:\/\/medicinasinc.com\/fr\/wp-content\/uploads\/sites\/5\/2022\/02\/buy-50mcg-lsd-tablets-online.jpg","type":"image\/jpeg"}],"twitter_card":"summary_large_image","twitter_misc":{"Est. reading time":"1 minute"},"schema":{"@context":"https:\/\/schema.org","@graph":[{"@type":"WebPage","@id":"https:\/\/medicinasinc.com\/fr\/product\/acheter-50mcg-comprimes-lsd-en-ligne\/","url":"https:\/\/medicinasinc.com\/fr\/product\/acheter-50mcg-comprimes-lsd-en-ligne\/","name":"Acheter des comprim\u00e9s de LSD 50mcg en ligne - Best Best Global Meds","isPartOf":{"@id":"https:\/\/medicinasinc.com\/fr\/#website"},"primaryImageOfPage":{"@id":"https:\/\/medicinasinc.com\/fr\/product\/acheter-50mcg-comprimes-lsd-en-ligne\/#primaryimage"},"image":{"@id":"https:\/\/medicinasinc.com\/fr\/product\/acheter-50mcg-comprimes-lsd-en-ligne\/#primaryimage"},"thumbnailUrl":"https:\/\/medicinasinc.com\/fr\/wp-content\/uploads\/sites\/5\/2022\/02\/buy-50mcg-lsd-tablets-online.jpg","datePublished":"2022-02-21T22:57:03+00:00","dateModified":"2022-03-17T11:59:38+00:00","description":"Vrais comprim\u00e9s de LSD 50mcg en ligne \u2013 Comprim\u00e9s de LSD 50mcg \u00e0 vendre | Acheter des comprim\u00e9s de LSD en ligne | Acheter des comprim\u00e9s de LSD 50mcg \u00e0 vendre | Acheter des comprim\u00e9s de LSD 50mcg bon march\u00e9 | O\u00f9 acheter des comprim\u00e9s de LSD de 50 mcg en ligne.","breadcrumb":{"@id":"https:\/\/medicinasinc.com\/fr\/product\/acheter-50mcg-comprimes-lsd-en-ligne\/#breadcrumb"},"inLanguage":"en-US","potentialAction":[{"@type":"ReadAction","target":["https:\/\/medicinasinc.com\/fr\/product\/acheter-50mcg-comprimes-lsd-en-ligne\/"]}]},{"@type":"ImageObject","inLanguage":"en-US","@id":"https:\/\/medicinasinc.com\/fr\/product\/acheter-50mcg-comprimes-lsd-en-ligne\/#primaryimage","url":"https:\/\/medicinasinc.com\/fr\/wp-content\/uploads\/sites\/5\/2022\/02\/buy-50mcg-lsd-tablets-online.jpg","contentUrl":"https:\/\/medicinasinc.com\/fr\/wp-content\/uploads\/sites\/5\/2022\/02\/buy-50mcg-lsd-tablets-online.jpg","width":600,"height":600},{"@type":"BreadcrumbList","@id":"https:\/\/medicinasinc.com\/fr\/product\/acheter-50mcg-comprimes-lsd-en-ligne\/#breadcrumb","itemListElement":[{"@type":"ListItem","position":1,"name":"Boutique","item":"https:\/\/medicinasinc.com\/fr\/boutique\/"},{"@type":"ListItem","position":2,"name":"Acheter des comprim\u00e9s de LSD de 50 mcg en ligne"}]},{"@type":"WebSite","@id":"https:\/\/medicinasinc.com\/fr\/#website","url":"https:\/\/medicinasinc.com\/fr\/","name":"Medicinas Inc","description":"Health Medical Clinic","potentialAction":[{"@type":"SearchAction","target":{"@type":"EntryPoint","urlTemplate":"https:\/\/medicinasinc.com\/fr\/?s={search_term_string}"},"query-input":{"@type":"PropertyValueSpecification","valueRequired":true,"valueName":"search_term_string"}}],"inLanguage":"en-US"}]}},"_links":{"self":[{"href":"https:\/\/medicinasinc.com\/fr\/wp-json\/wp\/v2\/product\/5416","targetHints":{"allow":["GET"]}}],"collection":[{"href":"https:\/\/medicinasinc.com\/fr\/wp-json\/wp\/v2\/product"}],"about":[{"href":"https:\/\/medicinasinc.com\/fr\/wp-json\/wp\/v2\/types\/product"}],"replies":[{"embeddable":true,"href":"https:\/\/medicinasinc.com\/fr\/wp-json\/wp\/v2\/comments?post=5416"}],"wp:featuredmedia":[{"embeddable":true,"href":"https:\/\/medicinasinc.com\/fr\/wp-json\/wp\/v2\/media\/5425"}],"wp:attachment":[{"href":"https:\/\/medicinasinc.com\/fr\/wp-json\/wp\/v2\/media?parent=5416"}],"wp:term":[{"taxonomy":"product_brand","embeddable":true,"href":"https:\/\/medicinasinc.com\/fr\/wp-json\/wp\/v2\/product_brand?post=5416"},{"taxonomy":"product_cat","embeddable":true,"href":"https:\/\/medicinasinc.com\/fr\/wp-json\/wp\/v2\/product_cat?post=5416"},{"taxonomy":"product_tag","embeddable":true,"href":"https:\/\/medicinasinc.com\/fr\/wp-json\/wp\/v2\/product_tag?post=5416"}],"curies":[{"name":"wp","href":"https:\/\/api.w.org\/{rel}","templated":true}]}}