{"id":5368,"date":"2022-02-21T21:54:21","date_gmt":"2022-02-21T21:54:21","guid":{"rendered":"https:\/\/medicinasinc.com\/fr\/?post_type=product&#038;p=5368"},"modified":"2022-08-05T10:12:22","modified_gmt":"2022-08-05T10:12:22","slug":"acheter-4-emc-4-ethylmethcathinone","status":"publish","type":"product","link":"https:\/\/medicinasinc.com\/fr\/product\/acheter-4-emc-4-ethylmethcathinone\/","title":{"rendered":"Acheter 4-EMC 4-Ethylmethcathinone"},"content":{"rendered":"<h1 class=\"product_title entry-title\">Acheter 4-EMC 4-Ethylmethcathinone Powder en ligne<\/h1>\n<p><strong>4-EMC est disponible \u00e0 l&#8217;achat en ligne.<\/strong><\/p>\n<p>Le 2-m\u00e9thylaminopropan-1-one, monochlorhydrate est le nom IUPAC complet du 4-EMC, qui appartient \u00e0 la classe des compos\u00e9s de recherche connus sous le nom de stimulants du syst\u00e8me nerveux central. Le 4-EMC est \u00e9galement connu sous le nom de 4-\u00e9thylph\u00e9nol.<\/p>\n<p>Entactog\u00e8ne et stimulant, le 4-\u00e9thylm\u00e9thcathinone (4-EMC) est une drogue de synth\u00e8se r\u00e9cr\u00e9ative. est un isom\u00e8re structurel du 4-MEC<\/p>\n<p>C12H17NO est la formule mol\u00e9culaire du 4-EMC, qui appartient aux familles chimiques de la ph\u00e9n\u00e9thylamine et de l&#8217;amph\u00e9tamine. Il y a 191,270 g\/mois dans la recette. O\u00f9 acheter 4-EMC<\/p>\n<p>Nous introduisons un nouveau produit cathinone qui peut \u00eatre utilis\u00e9 pour des \u00e9tudes scientifiques sophistiqu\u00e9es en raison de la forte demande du march\u00e9. La 4-\u00e9thylm\u00e9thcathinone est une version isom\u00e9rique de la m\u00e9ph\u00e9drone, qui est actuellement interdite, et tous les compos\u00e9s mentionn\u00e9s ont des effets stimulants et entactog\u00e8nes.<\/p>\n<p>La dopamine et la s\u00e9rotonine sont les principales cibles les plus probables du 4-EMC, qui est typique de cette classe chimique et consid\u00e9r\u00e9e comme emp\u00eachant la recapture sur la fente synaptique d&#8217;importants neurotransmetteurs.<\/p>\n<p>Une poudre cristalline, la substance peut \u00eatre facilement fabriqu\u00e9e pour des tests sans risque d&#8217;introduire des impuret\u00e9s dans des conditions normales. Le 4-EMC soluble dans l&#8217;eau doit \u00eatre stock\u00e9 dans un environnement sec et herm\u00e9tique.<\/p>\n<p>Les chercheurs ont une occasion unique de cartographier le profil de la substance \u00e0 partir de z\u00e9ro, car elle n&#8217;a pas \u00e9t\u00e9 examin\u00e9e en profondeur dans le pass\u00e9 et la plupart de ce qui nous en savons par le biais de parall\u00e8les avec des substances similaires. Lors de la r\u00e9alisation d&#8217;exp\u00e9riences, il est important de garder \u00e0 l&#8217;esprit la nouveaut\u00e9 du produit chimique et de laisser une marge d&#8217;erreur. Affiliation \u00e0 4-EMC<\/p>\n","protected":false},"excerpt":{"rendered":"<p>O\u00f9 acheter du 4-EMC 4-\u00e9thylm\u00e9thcathinone en poudre\u00a0? Stimulant et entactog\u00e8ne, il entre dans cette derni\u00e8re cat\u00e9gorie. Les isom\u00e8res structuraux du 4-MEC peuvent \u00eatre trouv\u00e9s ici.<\/p>\n<p>4-EMC 4-Ethylmethcathinone Crystal Powder en vente en Europe, dans l&#8217;UE et au Royaume-Uni. Stimulant et entactog\u00e8ne, il entre dans cette derni\u00e8re cat\u00e9gorie. Le 4-MEC est un isom\u00e8re structurel de ce compos\u00e9.<\/p>\n<p>La famille des cathinones comprend le 4-EMC (\u00e9galement connu sous le nom de 4-Ethylmethcathinone), une nouvelle mol\u00e9cule de recherche. Parmi les chercheurs en chimie, 4-EMC est un choix pr\u00e9f\u00e9r\u00e9 en raison de ses propri\u00e9t\u00e9s stimulantes et entactog\u00e8nes.<\/p>\n<h1>Achetez 4-EMC en ligne<\/h1>\n<p>lorsque vous achetez 4-EMC en ligne, le souhait est une qualit\u00e9 Drug Online est des produits chimiques de recherche de haute qualit\u00e9. Vous pouvez acheter 4-EMC en vente en ligne au prix de gros aupr\u00e8s du fournisseur de confiance Top mark chemical.com Exp\u00e9dition s\u00e9curis\u00e9e 4-EMC aux \u00c9tats-Unis, aux Pays-Bas, en Irlande, dans l&#8217;UE, au Royaume-Uni et dans d&#8217;autres pays. <a href=\"https:\/\/medicinasinc.com\/fr\/product\/acheter-4-emc-4-ethylmethcathinone\/\">Acheter 4-EMC en ligne<\/a><\/p>\n<p>Cas No\u00a0: 1225622-14- 9<br \/>\nFormule\u00a0: C12H17NO<br \/>\nIUPAC\u00a0: 1-(4-\u00e9thylph\u00e9nyl)-2-(m\u00e9thylamino)propan-1-one<br \/>\nApparence\u00a0: Cristaux blancs\/jaun\u00e2tres<br \/>\nPuret\u00e9\u00a0:<\/p>\n","protected":false},"featured_media":5380,"comment_status":"open","ping_status":"closed","template":"","meta":[],"product_brand":[],"product_cat":[59],"product_tag":[2485,2487,2488,2491,2492,2494,2493,2495,2489,2490,2497,2498,2496,2486,2499,2500,2501],"class_list":{"0":"post-5368","1":"product","2":"type-product","3":"status-publish","4":"has-post-thumbnail","6":"product_cat-produits-chimiques-de-recherche","7":"product_tag-4-mec--vendre","8":"product_tag-4-mecfournisseur-en-ligne","9":"product_tag-acheter-4-mec","10":"product_tag-acheter-4-mec-en-ligne","11":"product_tag-acheter-4-mec-en-ligne-pour-la-vente","12":"product_tag-acheter-4-meconline-usa","13":"product_tag-acheter-4-mec-recherche-produits-chimiques-en-ligne","14":"product_tag-acheter-des-produits-chimiques-de-recherche-a-vendre-en-ligne","15":"product_tag-acheter-4-mec-crystal-en-ligne","16":"product_tag-acheter-4-mec-crystals-avec-expdition-mondiale","17":"product_tag-commande-4-mec-en-ligne","18":"product_tag-commander-pas-cher-4-mec-en-ligne","19":"product_tag-comment-puis-je-obtenir-4-mec-research-chemicals","20":"product_tag-4-mec-fournisseur","21":"product_tag-fournisseur-de-confiance-pour-4-mec-en-ligne","22":"product_tag-o-acheter-4-mec-en-ligne","23":"product_tag-o-obtenir-4-mec-crystals-en-ligne","25":"first","26":"instock","27":"shipping-taxable","28":"purchasable","29":"product-type-variable","30":"has-default-attributes"},"yoast_head":"<!-- This site is optimized with the Yoast SEO plugin v27.3 - https:\/\/yoast.com\/product\/yoast-seo-wordpress\/ -->\n<title>Acheter 4-Ethylmethcathinone - Acheter 4-EMC - Meilleurs meilleurs m\u00e9dicaments mondiaux<\/title>\n<meta name=\"description\" content=\"Acheter 4-EMC 4-Ethylmethcathinone Crystal Powder \u00e0 vendre en ligne en Europe, UE, Royaume-Uni. Il appartient \u00e0 la classe des stimulants et des entactog\u00e8nes. C&#039;est un isom\u00e8re structurel du 4-MEC.\" \/>\n<meta name=\"robots\" content=\"index, follow, max-snippet:-1, max-image-preview:large, max-video-preview:-1\" \/>\n<link rel=\"canonical\" href=\"https:\/\/medicinasinc.com\/fr\/product\/acheter-4-emc-4-ethylmethcathinone\/\" \/>\n<meta property=\"og:locale\" content=\"en_US\" \/>\n<meta property=\"og:type\" content=\"article\" \/>\n<meta property=\"og:title\" content=\"Acheter 4-Ethylmethcathinone - Acheter 4-EMC - Meilleurs meilleurs m\u00e9dicaments mondiaux\" \/>\n<meta property=\"og:description\" content=\"Acheter 4-EMC 4-Ethylmethcathinone Crystal Powder \u00e0 vendre en ligne en Europe, UE, Royaume-Uni. Il appartient \u00e0 la classe des stimulants et des entactog\u00e8nes. C&#039;est un isom\u00e8re structurel du 4-MEC.\" \/>\n<meta property=\"og:url\" content=\"https:\/\/medicinasinc.com\/fr\/product\/acheter-4-emc-4-ethylmethcathinone\/\" \/>\n<meta property=\"og:site_name\" content=\"Medicinas Inc\" \/>\n<meta property=\"article:modified_time\" content=\"2022-08-05T10:12:22+00:00\" \/>\n<meta property=\"og:image\" content=\"https:\/\/medicinasinc.com\/fr\/wp-content\/uploads\/sites\/5\/2022\/02\/Buy-4-EMC.jpg\" \/>\n\t<meta property=\"og:image:width\" content=\"230\" \/>\n\t<meta property=\"og:image:height\" content=\"230\" \/>\n\t<meta property=\"og:image:type\" content=\"image\/jpeg\" \/>\n<meta name=\"twitter:card\" content=\"summary_large_image\" \/>\n<meta name=\"twitter:label1\" content=\"Est. reading time\" \/>\n\t<meta name=\"twitter:data1\" content=\"2 minutes\" \/>\n<script type=\"application\/ld+json\" class=\"yoast-schema-graph\">{\"@context\":\"https:\\\/\\\/schema.org\",\"@graph\":[{\"@type\":\"WebPage\",\"@id\":\"https:\\\/\\\/medicinasinc.com\\\/fr\\\/product\\\/acheter-4-emc-4-ethylmethcathinone\\\/\",\"url\":\"https:\\\/\\\/medicinasinc.com\\\/fr\\\/product\\\/acheter-4-emc-4-ethylmethcathinone\\\/\",\"name\":\"Acheter 4-Ethylmethcathinone - Acheter 4-EMC - Meilleurs meilleurs m\u00e9dicaments mondiaux\",\"isPartOf\":{\"@id\":\"https:\\\/\\\/medicinasinc.com\\\/fr\\\/#website\"},\"primaryImageOfPage\":{\"@id\":\"https:\\\/\\\/medicinasinc.com\\\/fr\\\/product\\\/acheter-4-emc-4-ethylmethcathinone\\\/#primaryimage\"},\"image\":{\"@id\":\"https:\\\/\\\/medicinasinc.com\\\/fr\\\/product\\\/acheter-4-emc-4-ethylmethcathinone\\\/#primaryimage\"},\"thumbnailUrl\":\"https:\\\/\\\/medicinasinc.com\\\/fr\\\/wp-content\\\/uploads\\\/sites\\\/5\\\/2022\\\/02\\\/Buy-4-EMC.jpg\",\"datePublished\":\"2022-02-21T21:54:21+00:00\",\"dateModified\":\"2022-08-05T10:12:22+00:00\",\"description\":\"Acheter 4-EMC 4-Ethylmethcathinone Crystal Powder \u00e0 vendre en ligne en Europe, UE, Royaume-Uni. Il appartient \u00e0 la classe des stimulants et des entactog\u00e8nes. C'est un isom\u00e8re structurel du 4-MEC.\",\"breadcrumb\":{\"@id\":\"https:\\\/\\\/medicinasinc.com\\\/fr\\\/product\\\/acheter-4-emc-4-ethylmethcathinone\\\/#breadcrumb\"},\"inLanguage\":\"en-US\",\"potentialAction\":[{\"@type\":\"ReadAction\",\"target\":[\"https:\\\/\\\/medicinasinc.com\\\/fr\\\/product\\\/acheter-4-emc-4-ethylmethcathinone\\\/\"]}]},{\"@type\":\"ImageObject\",\"inLanguage\":\"en-US\",\"@id\":\"https:\\\/\\\/medicinasinc.com\\\/fr\\\/product\\\/acheter-4-emc-4-ethylmethcathinone\\\/#primaryimage\",\"url\":\"https:\\\/\\\/medicinasinc.com\\\/fr\\\/wp-content\\\/uploads\\\/sites\\\/5\\\/2022\\\/02\\\/Buy-4-EMC.jpg\",\"contentUrl\":\"https:\\\/\\\/medicinasinc.com\\\/fr\\\/wp-content\\\/uploads\\\/sites\\\/5\\\/2022\\\/02\\\/Buy-4-EMC.jpg\",\"width\":230,\"height\":230},{\"@type\":\"BreadcrumbList\",\"@id\":\"https:\\\/\\\/medicinasinc.com\\\/fr\\\/product\\\/acheter-4-emc-4-ethylmethcathinone\\\/#breadcrumb\",\"itemListElement\":[{\"@type\":\"ListItem\",\"position\":1,\"name\":\"Boutique\",\"item\":\"https:\\\/\\\/medicinasinc.com\\\/fr\\\/boutique\\\/\"},{\"@type\":\"ListItem\",\"position\":2,\"name\":\"Acheter 4-EMC 4-Ethylmethcathinone\"}]},{\"@type\":\"WebSite\",\"@id\":\"https:\\\/\\\/medicinasinc.com\\\/fr\\\/#website\",\"url\":\"https:\\\/\\\/medicinasinc.com\\\/fr\\\/\",\"name\":\"Medicinas Inc\",\"description\":\"Health Medical Clinic\",\"potentialAction\":[{\"@type\":\"SearchAction\",\"target\":{\"@type\":\"EntryPoint\",\"urlTemplate\":\"https:\\\/\\\/medicinasinc.com\\\/fr\\\/?s={search_term_string}\"},\"query-input\":{\"@type\":\"PropertyValueSpecification\",\"valueRequired\":true,\"valueName\":\"search_term_string\"}}],\"inLanguage\":\"en-US\"}]}<\/script>\n<!-- \/ Yoast SEO plugin. -->","yoast_head_json":{"title":"Acheter 4-Ethylmethcathinone - Acheter 4-EMC - Meilleurs meilleurs m\u00e9dicaments mondiaux","description":"Acheter 4-EMC 4-Ethylmethcathinone Crystal Powder \u00e0 vendre en ligne en Europe, UE, Royaume-Uni. Il appartient \u00e0 la classe des stimulants et des entactog\u00e8nes. C'est un isom\u00e8re structurel du 4-MEC.","robots":{"index":"index","follow":"follow","max-snippet":"max-snippet:-1","max-image-preview":"max-image-preview:large","max-video-preview":"max-video-preview:-1"},"canonical":"https:\/\/medicinasinc.com\/fr\/product\/acheter-4-emc-4-ethylmethcathinone\/","og_locale":"en_US","og_type":"article","og_title":"Acheter 4-Ethylmethcathinone - Acheter 4-EMC - Meilleurs meilleurs m\u00e9dicaments mondiaux","og_description":"Acheter 4-EMC 4-Ethylmethcathinone Crystal Powder \u00e0 vendre en ligne en Europe, UE, Royaume-Uni. Il appartient \u00e0 la classe des stimulants et des entactog\u00e8nes. C'est un isom\u00e8re structurel du 4-MEC.","og_url":"https:\/\/medicinasinc.com\/fr\/product\/acheter-4-emc-4-ethylmethcathinone\/","og_site_name":"Medicinas Inc","article_modified_time":"2022-08-05T10:12:22+00:00","og_image":[{"width":230,"height":230,"url":"https:\/\/medicinasinc.com\/fr\/wp-content\/uploads\/sites\/5\/2022\/02\/Buy-4-EMC.jpg","type":"image\/jpeg"}],"twitter_card":"summary_large_image","twitter_misc":{"Est. reading time":"2 minutes"},"schema":{"@context":"https:\/\/schema.org","@graph":[{"@type":"WebPage","@id":"https:\/\/medicinasinc.com\/fr\/product\/acheter-4-emc-4-ethylmethcathinone\/","url":"https:\/\/medicinasinc.com\/fr\/product\/acheter-4-emc-4-ethylmethcathinone\/","name":"Acheter 4-Ethylmethcathinone - Acheter 4-EMC - Meilleurs meilleurs m\u00e9dicaments mondiaux","isPartOf":{"@id":"https:\/\/medicinasinc.com\/fr\/#website"},"primaryImageOfPage":{"@id":"https:\/\/medicinasinc.com\/fr\/product\/acheter-4-emc-4-ethylmethcathinone\/#primaryimage"},"image":{"@id":"https:\/\/medicinasinc.com\/fr\/product\/acheter-4-emc-4-ethylmethcathinone\/#primaryimage"},"thumbnailUrl":"https:\/\/medicinasinc.com\/fr\/wp-content\/uploads\/sites\/5\/2022\/02\/Buy-4-EMC.jpg","datePublished":"2022-02-21T21:54:21+00:00","dateModified":"2022-08-05T10:12:22+00:00","description":"Acheter 4-EMC 4-Ethylmethcathinone Crystal Powder \u00e0 vendre en ligne en Europe, UE, Royaume-Uni. Il appartient \u00e0 la classe des stimulants et des entactog\u00e8nes. C'est un isom\u00e8re structurel du 4-MEC.","breadcrumb":{"@id":"https:\/\/medicinasinc.com\/fr\/product\/acheter-4-emc-4-ethylmethcathinone\/#breadcrumb"},"inLanguage":"en-US","potentialAction":[{"@type":"ReadAction","target":["https:\/\/medicinasinc.com\/fr\/product\/acheter-4-emc-4-ethylmethcathinone\/"]}]},{"@type":"ImageObject","inLanguage":"en-US","@id":"https:\/\/medicinasinc.com\/fr\/product\/acheter-4-emc-4-ethylmethcathinone\/#primaryimage","url":"https:\/\/medicinasinc.com\/fr\/wp-content\/uploads\/sites\/5\/2022\/02\/Buy-4-EMC.jpg","contentUrl":"https:\/\/medicinasinc.com\/fr\/wp-content\/uploads\/sites\/5\/2022\/02\/Buy-4-EMC.jpg","width":230,"height":230},{"@type":"BreadcrumbList","@id":"https:\/\/medicinasinc.com\/fr\/product\/acheter-4-emc-4-ethylmethcathinone\/#breadcrumb","itemListElement":[{"@type":"ListItem","position":1,"name":"Boutique","item":"https:\/\/medicinasinc.com\/fr\/boutique\/"},{"@type":"ListItem","position":2,"name":"Acheter 4-EMC 4-Ethylmethcathinone"}]},{"@type":"WebSite","@id":"https:\/\/medicinasinc.com\/fr\/#website","url":"https:\/\/medicinasinc.com\/fr\/","name":"Medicinas Inc","description":"Health Medical Clinic","potentialAction":[{"@type":"SearchAction","target":{"@type":"EntryPoint","urlTemplate":"https:\/\/medicinasinc.com\/fr\/?s={search_term_string}"},"query-input":{"@type":"PropertyValueSpecification","valueRequired":true,"valueName":"search_term_string"}}],"inLanguage":"en-US"}]}},"_links":{"self":[{"href":"https:\/\/medicinasinc.com\/fr\/wp-json\/wp\/v2\/product\/5368","targetHints":{"allow":["GET"]}}],"collection":[{"href":"https:\/\/medicinasinc.com\/fr\/wp-json\/wp\/v2\/product"}],"about":[{"href":"https:\/\/medicinasinc.com\/fr\/wp-json\/wp\/v2\/types\/product"}],"replies":[{"embeddable":true,"href":"https:\/\/medicinasinc.com\/fr\/wp-json\/wp\/v2\/comments?post=5368"}],"wp:featuredmedia":[{"embeddable":true,"href":"https:\/\/medicinasinc.com\/fr\/wp-json\/wp\/v2\/media\/5380"}],"wp:attachment":[{"href":"https:\/\/medicinasinc.com\/fr\/wp-json\/wp\/v2\/media?parent=5368"}],"wp:term":[{"taxonomy":"product_brand","embeddable":true,"href":"https:\/\/medicinasinc.com\/fr\/wp-json\/wp\/v2\/product_brand?post=5368"},{"taxonomy":"product_cat","embeddable":true,"href":"https:\/\/medicinasinc.com\/fr\/wp-json\/wp\/v2\/product_cat?post=5368"},{"taxonomy":"product_tag","embeddable":true,"href":"https:\/\/medicinasinc.com\/fr\/wp-json\/wp\/v2\/product_tag?post=5368"}],"curies":[{"name":"wp","href":"https:\/\/api.w.org\/{rel}","templated":true}]}}