{"id":5366,"date":"2022-02-21T21:52:02","date_gmt":"2022-02-21T21:52:02","guid":{"rendered":"https:\/\/medicinasinc.com\/fr\/?post_type=product&#038;p=5366"},"modified":"2022-08-05T10:09:12","modified_gmt":"2022-08-05T10:09:12","slug":"acheter-3f-phenmetrazine","status":"publish","type":"product","link":"https:\/\/medicinasinc.com\/fr\/product\/acheter-3f-phenmetrazine\/","title":{"rendered":"Acheter 3F-Phenm\u00e9trazine"},"content":{"rendered":"<p>Que signifie 3-FPM\u00a0?<\/p>\n<p>3-FPM est l&#8217;abr\u00e9viation de 3-Fluoroph\u00e9nm\u00e9trazine, et cela signifie 3-Fluoroph\u00e9nm\u00e9trazine. Le 3-FPM est un produit chimique utilis\u00e9 dans la recherche qui a beaucoup de pouvoir pour faire avancer les gens. Le 3-FPM fait partie de la classe de produits chimiques appel\u00e9s ph\u00e9nol morpholine et peut nuire \u00e0 votre corps. On pense g\u00e9n\u00e9ralement que les r\u00e9sultats des exp\u00e9riences sur les 3-FPM sont tr\u00e8s similaires ou presque identiques aux r\u00e9sultats des exp\u00e9riences sur les amph\u00e9tamines. Les exp\u00e9riences avec 3-FPM montrent g\u00e9n\u00e9ralement que les gens sont plus concentr\u00e9s et motiv\u00e9s, que leurs pens\u00e9es bougent plus vite et qu&#8217;ils se sentent heureux. Cependant, on dit souvent que ces r\u00e9sultats sont moins intenses que ceux de l&#8217;amph\u00e9tamine ou d&#8217;autres drogues qui vous rendent plus alerte. Beaucoup de gens ne deviennent pas nerveux ou somnolents lorsqu&#8217;ils utilisent 3-FPM.<\/p>\n<p>O\u00f9 puis-je acheter 3-FPM\u00a0?<\/p>\n<p>Chez Best Globel Med, nous avons beaucoup de tr\u00e8s bon 3-FPM \u00e0 vendre. Notre 3-FPM se pr\u00e9sente sous forme de poudre et de granul\u00e9s, vous pouvez donc l&#8217;obtenir. Peu importe lequel de ces deux \u00e9tats chimiques vous pr\u00e9f\u00e9rez. Nous avons ce qu&#8217;il vous faut.<\/p>\n<p>Nous avons un 3-FPM \u00e0 vendre uniquement pour la recherche, pas \u00e0 vendre. Il n&#8217;est pas destin\u00e9 \u00e0 \u00eatre utilis\u00e9 \u00e0 la maison. Les personnes qui ach\u00e8tent du 3-FPM chez nous doivent \u00eatre \u00e2g\u00e9es d&#8217;au moins 18\u00a0ans et respecter pleinement les lois de leur pays.<\/p>\n<p>3-FPM est l\u00e9gal.<\/p>\n<p>3-FPM est il n&#8217;est pas l\u00e9gal d&#8217;acheter, de vendre ou de poss\u00e9der en Isra\u00ebl, en Suisse ou aux \u00c9tats-Unis, vous ne pouvez donc pas le faire. Au Royaume-Uni, on pense qu&#8217;il est similaire \u00e0 la phenm\u00e9trazine, qui est un m\u00e9dicament qui n&#8217;est pas s\u00fbr \u00e0 prendre.<\/p>\n<p>Un endroit frais et sec est toujours pr\u00e9f\u00e9rable pour une meilleure dur\u00e9e de conservation. Ce produit est uniquement destin\u00e9 \u00e0 un usage m\u00e9dico-l\u00e9gal et de recherche. Il n&#8217;est pas destin\u00e9 \u00e0 \u00eatre mang\u00e9 par des humains ou test\u00e9 sur des animaux ou tout autre \u00eatre vivant.<\/p>\n","protected":false},"excerpt":{"rendered":"<div class=\"woocommerce-product-details__short-description\">\n<p>ACHETER 3-FPM3-FPM (\u00e9galement connu sous le nom de 3-fluoroph\u00e9nm\u00e9trazine, 3F-ph\u00e9nm\u00e9trazine et PAL-593) est un nouveau stimulant \u00e0 base de ph\u00e9nylmorpholine.<\/p>\n<p>3-Fluoroph\u00e9nm\u00e9trazine, \u00e9galement connue sous le nom de 3F-Phenm\u00e9trazine, PAL-593 et \u200b\u200b3-FPM, est un nouveau stimulant de la classe des ph\u00e9nylmorpholines.<\/p>\n<p>Achetez 3-FPM en ligne<\/p>\n<p>3F-Phenmetrazine peut \u00eatre achet\u00e9 en ligne.<\/p>\n<p>3F-Phenmetrazine est disponible sous forme de substance blanche cristalline ou en poudre. La 3F-ph\u00e9nm\u00e9trazine est soluble dans les solvants organiques tels que le m\u00e9thanol, l&#8217;\u00e9thanol, le dim\u00e9thylformamide (DMF) et le dichlorom\u00e9thane (DCM), qui doivent \u00eatre purg\u00e9s avec un gaz inerte.<\/p>\n<\/div>\n","protected":false},"featured_media":5376,"comment_status":"open","ping_status":"closed","template":"","meta":[],"product_brand":[],"product_cat":[59],"product_tag":[],"class_list":{"0":"post-5366","1":"product","2":"type-product","3":"status-publish","4":"has-post-thumbnail","6":"product_cat-produits-chimiques-de-recherche","8":"first","9":"instock","10":"shipping-taxable","11":"purchasable","12":"product-type-variable","13":"has-default-attributes"},"yoast_head":"<!-- This site is optimized with the Yoast SEO plugin v27.3 - https:\/\/yoast.com\/product\/yoast-seo-wordpress\/ -->\n<title>Acheter 3F-Phenm\u00e9trazine - Meilleurs meilleurs m\u00e9dicaments mondiaux<\/title>\n<meta name=\"description\" content=\"ACHETER 3-FPM3-FPM \u00e0 vendre (\u00e9galement connu sous le nom de 3-fluoroph\u00e9nm\u00e9trazine, 3F-ph\u00e9nm\u00e9trazine et PAL-593) est une nouvelle substance stimulante de la classe des ph\u00e9nylmorpholines.\" \/>\n<meta name=\"robots\" content=\"index, follow, max-snippet:-1, max-image-preview:large, max-video-preview:-1\" \/>\n<link rel=\"canonical\" href=\"https:\/\/medicinasinc.com\/fr\/product\/acheter-3f-phenmetrazine\/\" \/>\n<meta property=\"og:locale\" content=\"en_US\" \/>\n<meta property=\"og:type\" content=\"article\" \/>\n<meta property=\"og:title\" content=\"Acheter 3F-Phenm\u00e9trazine - Meilleurs meilleurs m\u00e9dicaments mondiaux\" \/>\n<meta property=\"og:description\" content=\"ACHETER 3-FPM3-FPM \u00e0 vendre (\u00e9galement connu sous le nom de 3-fluoroph\u00e9nm\u00e9trazine, 3F-ph\u00e9nm\u00e9trazine et PAL-593) est une nouvelle substance stimulante de la classe des ph\u00e9nylmorpholines.\" \/>\n<meta property=\"og:url\" content=\"https:\/\/medicinasinc.com\/fr\/product\/acheter-3f-phenmetrazine\/\" \/>\n<meta property=\"og:site_name\" content=\"Medicinas Inc\" \/>\n<meta property=\"article:modified_time\" content=\"2022-08-05T10:09:12+00:00\" \/>\n<meta property=\"og:image\" content=\"https:\/\/medicinasinc.com\/fr\/wp-content\/uploads\/sites\/5\/2022\/02\/3fpm.jpg\" \/>\n\t<meta property=\"og:image:width\" content=\"600\" \/>\n\t<meta property=\"og:image:height\" content=\"600\" \/>\n\t<meta property=\"og:image:type\" content=\"image\/jpeg\" \/>\n<meta name=\"twitter:card\" content=\"summary_large_image\" \/>\n<meta name=\"twitter:label1\" content=\"Est. reading time\" \/>\n\t<meta name=\"twitter:data1\" content=\"2 minutes\" \/>\n<script type=\"application\/ld+json\" class=\"yoast-schema-graph\">{\"@context\":\"https:\\\/\\\/schema.org\",\"@graph\":[{\"@type\":\"WebPage\",\"@id\":\"https:\\\/\\\/medicinasinc.com\\\/fr\\\/product\\\/acheter-3f-phenmetrazine\\\/\",\"url\":\"https:\\\/\\\/medicinasinc.com\\\/fr\\\/product\\\/acheter-3f-phenmetrazine\\\/\",\"name\":\"Acheter 3F-Phenm\u00e9trazine - Meilleurs meilleurs m\u00e9dicaments mondiaux\",\"isPartOf\":{\"@id\":\"https:\\\/\\\/medicinasinc.com\\\/fr\\\/#website\"},\"primaryImageOfPage\":{\"@id\":\"https:\\\/\\\/medicinasinc.com\\\/fr\\\/product\\\/acheter-3f-phenmetrazine\\\/#primaryimage\"},\"image\":{\"@id\":\"https:\\\/\\\/medicinasinc.com\\\/fr\\\/product\\\/acheter-3f-phenmetrazine\\\/#primaryimage\"},\"thumbnailUrl\":\"https:\\\/\\\/medicinasinc.com\\\/fr\\\/wp-content\\\/uploads\\\/sites\\\/5\\\/2022\\\/02\\\/3fpm.jpg\",\"datePublished\":\"2022-02-21T21:52:02+00:00\",\"dateModified\":\"2022-08-05T10:09:12+00:00\",\"description\":\"ACHETER 3-FPM3-FPM \u00e0 vendre (\u00e9galement connu sous le nom de 3-fluoroph\u00e9nm\u00e9trazine, 3F-ph\u00e9nm\u00e9trazine et PAL-593) est une nouvelle substance stimulante de la classe des ph\u00e9nylmorpholines.\",\"breadcrumb\":{\"@id\":\"https:\\\/\\\/medicinasinc.com\\\/fr\\\/product\\\/acheter-3f-phenmetrazine\\\/#breadcrumb\"},\"inLanguage\":\"en-US\",\"potentialAction\":[{\"@type\":\"ReadAction\",\"target\":[\"https:\\\/\\\/medicinasinc.com\\\/fr\\\/product\\\/acheter-3f-phenmetrazine\\\/\"]}]},{\"@type\":\"ImageObject\",\"inLanguage\":\"en-US\",\"@id\":\"https:\\\/\\\/medicinasinc.com\\\/fr\\\/product\\\/acheter-3f-phenmetrazine\\\/#primaryimage\",\"url\":\"https:\\\/\\\/medicinasinc.com\\\/fr\\\/wp-content\\\/uploads\\\/sites\\\/5\\\/2022\\\/02\\\/3fpm.jpg\",\"contentUrl\":\"https:\\\/\\\/medicinasinc.com\\\/fr\\\/wp-content\\\/uploads\\\/sites\\\/5\\\/2022\\\/02\\\/3fpm.jpg\",\"width\":600,\"height\":600},{\"@type\":\"BreadcrumbList\",\"@id\":\"https:\\\/\\\/medicinasinc.com\\\/fr\\\/product\\\/acheter-3f-phenmetrazine\\\/#breadcrumb\",\"itemListElement\":[{\"@type\":\"ListItem\",\"position\":1,\"name\":\"Boutique\",\"item\":\"https:\\\/\\\/medicinasinc.com\\\/fr\\\/boutique\\\/\"},{\"@type\":\"ListItem\",\"position\":2,\"name\":\"Acheter 3F-Phenm\u00e9trazine\"}]},{\"@type\":\"WebSite\",\"@id\":\"https:\\\/\\\/medicinasinc.com\\\/fr\\\/#website\",\"url\":\"https:\\\/\\\/medicinasinc.com\\\/fr\\\/\",\"name\":\"Medicinas Inc\",\"description\":\"Health Medical Clinic\",\"potentialAction\":[{\"@type\":\"SearchAction\",\"target\":{\"@type\":\"EntryPoint\",\"urlTemplate\":\"https:\\\/\\\/medicinasinc.com\\\/fr\\\/?s={search_term_string}\"},\"query-input\":{\"@type\":\"PropertyValueSpecification\",\"valueRequired\":true,\"valueName\":\"search_term_string\"}}],\"inLanguage\":\"en-US\"}]}<\/script>\n<!-- \/ Yoast SEO plugin. -->","yoast_head_json":{"title":"Acheter 3F-Phenm\u00e9trazine - Meilleurs meilleurs m\u00e9dicaments mondiaux","description":"ACHETER 3-FPM3-FPM \u00e0 vendre (\u00e9galement connu sous le nom de 3-fluoroph\u00e9nm\u00e9trazine, 3F-ph\u00e9nm\u00e9trazine et PAL-593) est une nouvelle substance stimulante de la classe des ph\u00e9nylmorpholines.","robots":{"index":"index","follow":"follow","max-snippet":"max-snippet:-1","max-image-preview":"max-image-preview:large","max-video-preview":"max-video-preview:-1"},"canonical":"https:\/\/medicinasinc.com\/fr\/product\/acheter-3f-phenmetrazine\/","og_locale":"en_US","og_type":"article","og_title":"Acheter 3F-Phenm\u00e9trazine - Meilleurs meilleurs m\u00e9dicaments mondiaux","og_description":"ACHETER 3-FPM3-FPM \u00e0 vendre (\u00e9galement connu sous le nom de 3-fluoroph\u00e9nm\u00e9trazine, 3F-ph\u00e9nm\u00e9trazine et PAL-593) est une nouvelle substance stimulante de la classe des ph\u00e9nylmorpholines.","og_url":"https:\/\/medicinasinc.com\/fr\/product\/acheter-3f-phenmetrazine\/","og_site_name":"Medicinas Inc","article_modified_time":"2022-08-05T10:09:12+00:00","og_image":[{"width":600,"height":600,"url":"https:\/\/medicinasinc.com\/fr\/wp-content\/uploads\/sites\/5\/2022\/02\/3fpm.jpg","type":"image\/jpeg"}],"twitter_card":"summary_large_image","twitter_misc":{"Est. reading time":"2 minutes"},"schema":{"@context":"https:\/\/schema.org","@graph":[{"@type":"WebPage","@id":"https:\/\/medicinasinc.com\/fr\/product\/acheter-3f-phenmetrazine\/","url":"https:\/\/medicinasinc.com\/fr\/product\/acheter-3f-phenmetrazine\/","name":"Acheter 3F-Phenm\u00e9trazine - Meilleurs meilleurs m\u00e9dicaments mondiaux","isPartOf":{"@id":"https:\/\/medicinasinc.com\/fr\/#website"},"primaryImageOfPage":{"@id":"https:\/\/medicinasinc.com\/fr\/product\/acheter-3f-phenmetrazine\/#primaryimage"},"image":{"@id":"https:\/\/medicinasinc.com\/fr\/product\/acheter-3f-phenmetrazine\/#primaryimage"},"thumbnailUrl":"https:\/\/medicinasinc.com\/fr\/wp-content\/uploads\/sites\/5\/2022\/02\/3fpm.jpg","datePublished":"2022-02-21T21:52:02+00:00","dateModified":"2022-08-05T10:09:12+00:00","description":"ACHETER 3-FPM3-FPM \u00e0 vendre (\u00e9galement connu sous le nom de 3-fluoroph\u00e9nm\u00e9trazine, 3F-ph\u00e9nm\u00e9trazine et PAL-593) est une nouvelle substance stimulante de la classe des ph\u00e9nylmorpholines.","breadcrumb":{"@id":"https:\/\/medicinasinc.com\/fr\/product\/acheter-3f-phenmetrazine\/#breadcrumb"},"inLanguage":"en-US","potentialAction":[{"@type":"ReadAction","target":["https:\/\/medicinasinc.com\/fr\/product\/acheter-3f-phenmetrazine\/"]}]},{"@type":"ImageObject","inLanguage":"en-US","@id":"https:\/\/medicinasinc.com\/fr\/product\/acheter-3f-phenmetrazine\/#primaryimage","url":"https:\/\/medicinasinc.com\/fr\/wp-content\/uploads\/sites\/5\/2022\/02\/3fpm.jpg","contentUrl":"https:\/\/medicinasinc.com\/fr\/wp-content\/uploads\/sites\/5\/2022\/02\/3fpm.jpg","width":600,"height":600},{"@type":"BreadcrumbList","@id":"https:\/\/medicinasinc.com\/fr\/product\/acheter-3f-phenmetrazine\/#breadcrumb","itemListElement":[{"@type":"ListItem","position":1,"name":"Boutique","item":"https:\/\/medicinasinc.com\/fr\/boutique\/"},{"@type":"ListItem","position":2,"name":"Acheter 3F-Phenm\u00e9trazine"}]},{"@type":"WebSite","@id":"https:\/\/medicinasinc.com\/fr\/#website","url":"https:\/\/medicinasinc.com\/fr\/","name":"Medicinas Inc","description":"Health Medical Clinic","potentialAction":[{"@type":"SearchAction","target":{"@type":"EntryPoint","urlTemplate":"https:\/\/medicinasinc.com\/fr\/?s={search_term_string}"},"query-input":{"@type":"PropertyValueSpecification","valueRequired":true,"valueName":"search_term_string"}}],"inLanguage":"en-US"}]}},"_links":{"self":[{"href":"https:\/\/medicinasinc.com\/fr\/wp-json\/wp\/v2\/product\/5366","targetHints":{"allow":["GET"]}}],"collection":[{"href":"https:\/\/medicinasinc.com\/fr\/wp-json\/wp\/v2\/product"}],"about":[{"href":"https:\/\/medicinasinc.com\/fr\/wp-json\/wp\/v2\/types\/product"}],"replies":[{"embeddable":true,"href":"https:\/\/medicinasinc.com\/fr\/wp-json\/wp\/v2\/comments?post=5366"}],"wp:featuredmedia":[{"embeddable":true,"href":"https:\/\/medicinasinc.com\/fr\/wp-json\/wp\/v2\/media\/5376"}],"wp:attachment":[{"href":"https:\/\/medicinasinc.com\/fr\/wp-json\/wp\/v2\/media?parent=5366"}],"wp:term":[{"taxonomy":"product_brand","embeddable":true,"href":"https:\/\/medicinasinc.com\/fr\/wp-json\/wp\/v2\/product_brand?post=5366"},{"taxonomy":"product_cat","embeddable":true,"href":"https:\/\/medicinasinc.com\/fr\/wp-json\/wp\/v2\/product_cat?post=5366"},{"taxonomy":"product_tag","embeddable":true,"href":"https:\/\/medicinasinc.com\/fr\/wp-json\/wp\/v2\/product_tag?post=5366"}],"curies":[{"name":"wp","href":"https:\/\/api.w.org\/{rel}","templated":true}]}}