{"id":5341,"date":"2022-02-21T21:16:40","date_gmt":"2022-02-21T21:16:40","guid":{"rendered":"https:\/\/medicinasinc.com\/fr\/?post_type=product&#038;p=5341"},"modified":"2022-03-17T12:01:39","modified_gmt":"2022-03-17T12:01:39","slug":"acheter-2c-e-recherche-chimique","status":"publish","type":"product","link":"https:\/\/medicinasinc.com\/fr\/product\/acheter-2c-e-recherche-chimique\/","title":{"rendered":"Acheter le produit chimique de recherche 2C-E"},"content":{"rendered":"<p>Le produit chimique de recherche 2C-E peut \u00eatre achet\u00e9 en ligne.<\/p>\n<p>Le produit chimique de recherche 2C-E peut \u00eatre achet\u00e9 en ligne.<\/p>\n<p>Vendeur de 2c e, produit chimique de recherche 2ce, acheteur 2c e, 2c e \u00e0 vendre<\/p>\n<p>Achat en ligne de produits chimiques de recherche 2C-E<\/p>\n<p>Alexander Shulgin d\u00e9couvre le m\u00e9dicament 2C-E et attire un large public.<\/p>\n<p>Achat en ligne de Produits chimiques de recherche 2C-E<\/p>\n<p>L&#8217;agent chimique 2C-E (trip) est un membre de la famille 2C, qui comprend \u00e9galement 2C-I et 2C-H. Le 2C-E est un compos\u00e9 hallucinog\u00e8ne d\u00e9riv\u00e9 de la ph\u00e9nyl\u00e9thylamine. Suite \u00e0 une s\u00e9rie de tests de recherche, nous savons maintenant que la dose typique de poudre 2C-E pour administration intranasale ne doit pas d\u00e9passer 5 milligrammes. N\u00e9anmoins, la dose ne doit pas d\u00e9passer environ 10 \u00e0 20 milligrammes lorsqu&#8217;elle est utilis\u00e9e par voie orale. Il est rapport\u00e9 qu&#8217;apr\u00e8s environ 10 minutes d&#8217;inhalation par le nez, une br\u00fblure importante se produit. Shulgin fait r\u00e9f\u00e9rence au 2C-E, avec la mescaline, le 2C-T-2, le 2C-B et le 2C-T-7, comme la \u00ab\u00a0demi-douzaine magique\u00a0\u00bb dans son livre PiHKAL. L&#8217;achat en ligne de produits chimiques de recherche 2C-E<\/p>\n<p>Le 2C-E a les effets suivants\u00a0: une explosion d&#8217;\u00e9nergie, une augmentation de l&#8217;inventivit\u00e9, des effets visuels et une augmentation de la sensibilit\u00e9. De plus, il y a des changements dans la conscience, des difficult\u00e9s de concentration, le pouls s&#8217;acc\u00e9l\u00e8re et la temp\u00e9rature corporelle peut augmenter quelque peu. De plus, le 2C-E provoque des \u00e9tourdissements, des naus\u00e9es, une hypersensibilit\u00e9 au bruit et de la panique. 2C-E en vente sur internet<\/p>\n<p>La dur\u00e9e d&#8217;action du 2C-E est typiquement comprise entre 4 et 9 heures. Lorsque nous comparons le 2C-E au 2C-I lors des tests, nous d\u00e9couvrons que le 2C-E produit des impacts visuels et auditifs plus perceptibles.<\/p>\n<p>Vous pouvez acheter du 2C-E (voyage) sur notre site Web uniquement pour les investigations chimiques et tests de laboratoire; cependant, vous devez d&#8217;abord d\u00e9terminer si cette pr\u00e9paration est l\u00e9gale dans votre r\u00e9gion. Nous fournissons des mat\u00e9riaux de haute qualit\u00e9.<\/p>\n","protected":false},"excerpt":{"rendered":"<p>&nbsp;<\/p>\n<p>Acheter le produit chimique de recherche 2C-E \u00e0 vendre en ligne en Europe, au Royaume-Uni et dans l&#8217;UE. Achetez le produit chimique de recherche 2C-E. Sel\/poudre de 2C-E (4-\u00e9thyl-2,5-dim\u00e9thoxy)\u00a0: une amph\u00e9tamine psych\u00e9d\u00e9lique.<\/p>\n<p><em>Achetez 2C<\/em>&#8211;<em>E<\/em> Fournisseur agr\u00e9\u00e9 de produits chimiques de recherche. Puret\u00e9 de qualit\u00e9 sup\u00e9rieure, prix \u00e9quitables, livraison rapide garantie, politique de remboursement\/retour, excellent service client.<\/p>\n","protected":false},"featured_media":5352,"comment_status":"open","ping_status":"closed","template":"","meta":[],"product_brand":[],"product_cat":[59],"product_tag":[2027,2028,2040,2029,2041,2032,2033,2035,2042,2036,2038,2039,2043,2044,2030,2031,2046,2048,2049,2051,2052,2053,2055,2057,2058,2059,2061,2062,2063,2066,2067,2045,2071,2090,2072,2056,2068,2069,2075,2073,2064,2074,2065,2070,2087,2080,2081,2082,2083,2084,2076,2077,2060,2034,2037,2054,2079,2091,2078,2086,2088,2096,2095,2089,2047,2093,2094,2092,2050,2085],"class_list":{"0":"post-5341","1":"product","2":"type-product","3":"status-publish","4":"has-post-thumbnail","6":"product_cat-produits-chimiques-de-recherche","7":"product_tag-2c-e-buy-online","8":"product_tag-2c-e","9":"product_tag-2c-e-pour-la-vente-en-ligne","10":"product_tag-2c-e-buy","11":"product_tag-2c-e-dose-hroque","12":"product_tag-2c-e-drug-test","13":"product_tag-2c-e-effects","14":"product_tag-2c-e-erowid","15":"product_tag-2c-e-est-une-phnthylamine-psychdlique-de-la-famille-2c-elle-a-t-premire-synthtise-par-alexander-shulgin","16":"product_tag-2c-e-europe","17":"product_tag-2c-e-for-sale","18":"product_tag-2c-e-for-sale-chemical-element","19":"product_tag-2c-e-kaufen","20":"product_tag-2c-e-kopen","21":"product_tag-2c-e-drogue","22":"product_tag-2c-e-drogue--vendre","23":"product_tag-2c-e-online","24":"product_tag-2c-e-reddit","25":"product_tag-2c-e-sell","26":"product_tag-2c-e-wiki","27":"product_tag-2c-e-wikipedia","28":"product_tag-2c-e-nbome","29":"product_tag-2c-i","30":"product_tag-4-thyl-2","31":"product_tag-4-methyl-2-5-dimethoxyamphetamine","32":"product_tag-5-dimthoxy","33":"product_tag-acheter-2c-e","34":"product_tag-acheter-2c-e-4-thyl-2","35":"product_tag-acheter-2c-e-dosage-en-ligne","36":"product_tag-acheter-2c-e-en-ligne","37":"product_tag-acheter-2c-e-en-ligne-usa","38":"product_tag-2c-e-pays-bas-acheter-rc","39":"product_tag-acheter-2c-e2c-en-ligne-etats-unis","40":"product_tag-achat-2c-i","41":"product_tag-acheter-2c-i","42":"product_tag-2ce-acheter","43":"product_tag-acheter-2c-e-recherche-chimique","44":"product_tag-acheter-2c-e-research-chemicals-en-ligne","45":"product_tag-acheter-produits-chimiques-de-recherche-nederland-doc-2c-e-en-ligne","46":"product_tag-acheter-mdicament-hallucinogne-2c-e-en-ligne","47":"product_tag-acheter-2c-e-drogue","48":"product_tag-acheter-en-ligne-2c-e-research-chemicals","49":"product_tag-acheter-2c-e-tension-musculaire-en-ligne","50":"product_tag-buy-2c-e-with-next-day-eu-delivery","51":"product_tag-commande-2c-e-en-ligne","52":"product_tag-comment-acheter-2c-e-en-ligne","53":"product_tag-comment-acheter-2c-i","54":"product_tag-comment-acheter-des-produits-chimiques-de-recherche-en-ligne","55":"product_tag-comment-obtenir-des-produits-chimiques-de-recherche","56":"product_tag-comment-prendre-2c-e-research-chemicals","57":"product_tag-dmt","58":"product_tag-dmt-nexus-2c-e","59":"product_tag-et-autres-psychdliques","60":"product_tag-exprience-2c-e","61":"product_tag-2c-e-exprience","62":"product_tag-2c-ef-vendeur","63":"product_tag-get-2c-e-research-chemical-online","64":"product_tag-le-meilleur-endroit-pour-acheter-2c-i","65":"product_tag-do-ssris-interfere-with-shrooms","66":"product_tag-mescaline","67":"product_tag-order-2c-i","68":"product_tag-o-acheter-2c-i","69":"product_tag-o-puis-je-acheter-2c-e-en-ligne","70":"product_tag-prix-au-gramme-de-2c-e","71":"product_tag-2c-e-psychonaute","72":"product_tag-quelle-est-la-diffrence-entre-2c-i-et-2c-e","73":"product_tag-quelle-est-la-valeur-marchande-d-un-flacon-de-2c-e","74":"product_tag-quels-sont-exactement-les-effets-2c-es-et-pourquoi-est-il-populaire-parmi-les-consommateurs-de-drogues","75":"product_tag-2c-e-synthse","76":"product_tag-life-boostr-2c-e-rc-vendeur","78":"first","79":"instock","80":"shipping-taxable","81":"purchasable","82":"product-type-variable","83":"has-default-attributes"},"yoast_head":"<!-- This site is optimized with the Yoast SEO plugin v27.3 - https:\/\/yoast.com\/product\/yoast-seo-wordpress\/ -->\n<title>Acheter 2C-E Research Chemical - Best Best Global Meds<\/title>\n<meta name=\"description\" content=\"Achetez des produits chimiques de recherche 2C-E \u00e0 vendre en ligne en Europe, au Royaume-Uni et dans l&#039;UE. Achetez le produit chimique de recherche 2C-E. Sel\/poudre de 2C-E (4-\u00e9thyl-2,5-dim\u00e9thoxy) : une amph\u00e9tamine psych\u00e9d\u00e9lique.\" \/>\n<meta name=\"robots\" content=\"index, follow, max-snippet:-1, max-image-preview:large, max-video-preview:-1\" \/>\n<link rel=\"canonical\" href=\"https:\/\/medicinasinc.com\/fr\/product\/acheter-2c-e-recherche-chimique\/\" \/>\n<meta property=\"og:locale\" content=\"en_US\" \/>\n<meta property=\"og:type\" content=\"article\" \/>\n<meta property=\"og:title\" content=\"Acheter 2C-E Research Chemical - Best Best Global Meds\" \/>\n<meta property=\"og:description\" content=\"Achetez des produits chimiques de recherche 2C-E \u00e0 vendre en ligne en Europe, au Royaume-Uni et dans l&#039;UE. Achetez le produit chimique de recherche 2C-E. Sel\/poudre de 2C-E (4-\u00e9thyl-2,5-dim\u00e9thoxy) : une amph\u00e9tamine psych\u00e9d\u00e9lique.\" \/>\n<meta property=\"og:url\" content=\"https:\/\/medicinasinc.com\/fr\/product\/acheter-2c-e-recherche-chimique\/\" \/>\n<meta property=\"og:site_name\" content=\"Medicinas Inc\" \/>\n<meta property=\"article:modified_time\" content=\"2022-03-17T12:01:39+00:00\" \/>\n<meta property=\"og:image\" content=\"https:\/\/medicinasinc.com\/fr\/wp-content\/uploads\/sites\/5\/2022\/02\/Buy-2C-E.jpg\" \/>\n\t<meta property=\"og:image:width\" content=\"234\" \/>\n\t<meta property=\"og:image:height\" content=\"215\" \/>\n\t<meta property=\"og:image:type\" content=\"image\/jpeg\" \/>\n<meta name=\"twitter:card\" content=\"summary_large_image\" \/>\n<meta name=\"twitter:label1\" content=\"Est. reading time\" \/>\n\t<meta name=\"twitter:data1\" content=\"2 minutes\" \/>\n<script type=\"application\/ld+json\" class=\"yoast-schema-graph\">{\"@context\":\"https:\\\/\\\/schema.org\",\"@graph\":[{\"@type\":\"WebPage\",\"@id\":\"https:\\\/\\\/medicinasinc.com\\\/fr\\\/product\\\/acheter-2c-e-recherche-chimique\\\/\",\"url\":\"https:\\\/\\\/medicinasinc.com\\\/fr\\\/product\\\/acheter-2c-e-recherche-chimique\\\/\",\"name\":\"Acheter 2C-E Research Chemical - Best Best Global Meds\",\"isPartOf\":{\"@id\":\"https:\\\/\\\/medicinasinc.com\\\/fr\\\/#website\"},\"primaryImageOfPage\":{\"@id\":\"https:\\\/\\\/medicinasinc.com\\\/fr\\\/product\\\/acheter-2c-e-recherche-chimique\\\/#primaryimage\"},\"image\":{\"@id\":\"https:\\\/\\\/medicinasinc.com\\\/fr\\\/product\\\/acheter-2c-e-recherche-chimique\\\/#primaryimage\"},\"thumbnailUrl\":\"https:\\\/\\\/medicinasinc.com\\\/fr\\\/wp-content\\\/uploads\\\/sites\\\/5\\\/2022\\\/02\\\/Buy-2C-E.jpg\",\"datePublished\":\"2022-02-21T21:16:40+00:00\",\"dateModified\":\"2022-03-17T12:01:39+00:00\",\"description\":\"Achetez des produits chimiques de recherche 2C-E \u00e0 vendre en ligne en Europe, au Royaume-Uni et dans l'UE. Achetez le produit chimique de recherche 2C-E. Sel\\\/poudre de 2C-E (4-\u00e9thyl-2,5-dim\u00e9thoxy) : une amph\u00e9tamine psych\u00e9d\u00e9lique.\",\"breadcrumb\":{\"@id\":\"https:\\\/\\\/medicinasinc.com\\\/fr\\\/product\\\/acheter-2c-e-recherche-chimique\\\/#breadcrumb\"},\"inLanguage\":\"en-US\",\"potentialAction\":[{\"@type\":\"ReadAction\",\"target\":[\"https:\\\/\\\/medicinasinc.com\\\/fr\\\/product\\\/acheter-2c-e-recherche-chimique\\\/\"]}]},{\"@type\":\"ImageObject\",\"inLanguage\":\"en-US\",\"@id\":\"https:\\\/\\\/medicinasinc.com\\\/fr\\\/product\\\/acheter-2c-e-recherche-chimique\\\/#primaryimage\",\"url\":\"https:\\\/\\\/medicinasinc.com\\\/fr\\\/wp-content\\\/uploads\\\/sites\\\/5\\\/2022\\\/02\\\/Buy-2C-E.jpg\",\"contentUrl\":\"https:\\\/\\\/medicinasinc.com\\\/fr\\\/wp-content\\\/uploads\\\/sites\\\/5\\\/2022\\\/02\\\/Buy-2C-E.jpg\",\"width\":234,\"height\":215},{\"@type\":\"BreadcrumbList\",\"@id\":\"https:\\\/\\\/medicinasinc.com\\\/fr\\\/product\\\/acheter-2c-e-recherche-chimique\\\/#breadcrumb\",\"itemListElement\":[{\"@type\":\"ListItem\",\"position\":1,\"name\":\"Boutique\",\"item\":\"https:\\\/\\\/medicinasinc.com\\\/fr\\\/boutique\\\/\"},{\"@type\":\"ListItem\",\"position\":2,\"name\":\"Acheter le produit chimique de recherche 2C-E\"}]},{\"@type\":\"WebSite\",\"@id\":\"https:\\\/\\\/medicinasinc.com\\\/fr\\\/#website\",\"url\":\"https:\\\/\\\/medicinasinc.com\\\/fr\\\/\",\"name\":\"Medicinas Inc\",\"description\":\"Health Medical Clinic\",\"potentialAction\":[{\"@type\":\"SearchAction\",\"target\":{\"@type\":\"EntryPoint\",\"urlTemplate\":\"https:\\\/\\\/medicinasinc.com\\\/fr\\\/?s={search_term_string}\"},\"query-input\":{\"@type\":\"PropertyValueSpecification\",\"valueRequired\":true,\"valueName\":\"search_term_string\"}}],\"inLanguage\":\"en-US\"}]}<\/script>\n<!-- \/ Yoast SEO plugin. -->","yoast_head_json":{"title":"Acheter 2C-E Research Chemical - Best Best Global Meds","description":"Achetez des produits chimiques de recherche 2C-E \u00e0 vendre en ligne en Europe, au Royaume-Uni et dans l'UE. Achetez le produit chimique de recherche 2C-E. Sel\/poudre de 2C-E (4-\u00e9thyl-2,5-dim\u00e9thoxy) : une amph\u00e9tamine psych\u00e9d\u00e9lique.","robots":{"index":"index","follow":"follow","max-snippet":"max-snippet:-1","max-image-preview":"max-image-preview:large","max-video-preview":"max-video-preview:-1"},"canonical":"https:\/\/medicinasinc.com\/fr\/product\/acheter-2c-e-recherche-chimique\/","og_locale":"en_US","og_type":"article","og_title":"Acheter 2C-E Research Chemical - Best Best Global Meds","og_description":"Achetez des produits chimiques de recherche 2C-E \u00e0 vendre en ligne en Europe, au Royaume-Uni et dans l'UE. Achetez le produit chimique de recherche 2C-E. Sel\/poudre de 2C-E (4-\u00e9thyl-2,5-dim\u00e9thoxy) : une amph\u00e9tamine psych\u00e9d\u00e9lique.","og_url":"https:\/\/medicinasinc.com\/fr\/product\/acheter-2c-e-recherche-chimique\/","og_site_name":"Medicinas Inc","article_modified_time":"2022-03-17T12:01:39+00:00","og_image":[{"width":234,"height":215,"url":"https:\/\/medicinasinc.com\/fr\/wp-content\/uploads\/sites\/5\/2022\/02\/Buy-2C-E.jpg","type":"image\/jpeg"}],"twitter_card":"summary_large_image","twitter_misc":{"Est. reading time":"2 minutes"},"schema":{"@context":"https:\/\/schema.org","@graph":[{"@type":"WebPage","@id":"https:\/\/medicinasinc.com\/fr\/product\/acheter-2c-e-recherche-chimique\/","url":"https:\/\/medicinasinc.com\/fr\/product\/acheter-2c-e-recherche-chimique\/","name":"Acheter 2C-E Research Chemical - Best Best Global Meds","isPartOf":{"@id":"https:\/\/medicinasinc.com\/fr\/#website"},"primaryImageOfPage":{"@id":"https:\/\/medicinasinc.com\/fr\/product\/acheter-2c-e-recherche-chimique\/#primaryimage"},"image":{"@id":"https:\/\/medicinasinc.com\/fr\/product\/acheter-2c-e-recherche-chimique\/#primaryimage"},"thumbnailUrl":"https:\/\/medicinasinc.com\/fr\/wp-content\/uploads\/sites\/5\/2022\/02\/Buy-2C-E.jpg","datePublished":"2022-02-21T21:16:40+00:00","dateModified":"2022-03-17T12:01:39+00:00","description":"Achetez des produits chimiques de recherche 2C-E \u00e0 vendre en ligne en Europe, au Royaume-Uni et dans l'UE. Achetez le produit chimique de recherche 2C-E. Sel\/poudre de 2C-E (4-\u00e9thyl-2,5-dim\u00e9thoxy) : une amph\u00e9tamine psych\u00e9d\u00e9lique.","breadcrumb":{"@id":"https:\/\/medicinasinc.com\/fr\/product\/acheter-2c-e-recherche-chimique\/#breadcrumb"},"inLanguage":"en-US","potentialAction":[{"@type":"ReadAction","target":["https:\/\/medicinasinc.com\/fr\/product\/acheter-2c-e-recherche-chimique\/"]}]},{"@type":"ImageObject","inLanguage":"en-US","@id":"https:\/\/medicinasinc.com\/fr\/product\/acheter-2c-e-recherche-chimique\/#primaryimage","url":"https:\/\/medicinasinc.com\/fr\/wp-content\/uploads\/sites\/5\/2022\/02\/Buy-2C-E.jpg","contentUrl":"https:\/\/medicinasinc.com\/fr\/wp-content\/uploads\/sites\/5\/2022\/02\/Buy-2C-E.jpg","width":234,"height":215},{"@type":"BreadcrumbList","@id":"https:\/\/medicinasinc.com\/fr\/product\/acheter-2c-e-recherche-chimique\/#breadcrumb","itemListElement":[{"@type":"ListItem","position":1,"name":"Boutique","item":"https:\/\/medicinasinc.com\/fr\/boutique\/"},{"@type":"ListItem","position":2,"name":"Acheter le produit chimique de recherche 2C-E"}]},{"@type":"WebSite","@id":"https:\/\/medicinasinc.com\/fr\/#website","url":"https:\/\/medicinasinc.com\/fr\/","name":"Medicinas Inc","description":"Health Medical Clinic","potentialAction":[{"@type":"SearchAction","target":{"@type":"EntryPoint","urlTemplate":"https:\/\/medicinasinc.com\/fr\/?s={search_term_string}"},"query-input":{"@type":"PropertyValueSpecification","valueRequired":true,"valueName":"search_term_string"}}],"inLanguage":"en-US"}]}},"_links":{"self":[{"href":"https:\/\/medicinasinc.com\/fr\/wp-json\/wp\/v2\/product\/5341","targetHints":{"allow":["GET"]}}],"collection":[{"href":"https:\/\/medicinasinc.com\/fr\/wp-json\/wp\/v2\/product"}],"about":[{"href":"https:\/\/medicinasinc.com\/fr\/wp-json\/wp\/v2\/types\/product"}],"replies":[{"embeddable":true,"href":"https:\/\/medicinasinc.com\/fr\/wp-json\/wp\/v2\/comments?post=5341"}],"wp:featuredmedia":[{"embeddable":true,"href":"https:\/\/medicinasinc.com\/fr\/wp-json\/wp\/v2\/media\/5352"}],"wp:attachment":[{"href":"https:\/\/medicinasinc.com\/fr\/wp-json\/wp\/v2\/media?parent=5341"}],"wp:term":[{"taxonomy":"product_brand","embeddable":true,"href":"https:\/\/medicinasinc.com\/fr\/wp-json\/wp\/v2\/product_brand?post=5341"},{"taxonomy":"product_cat","embeddable":true,"href":"https:\/\/medicinasinc.com\/fr\/wp-json\/wp\/v2\/product_cat?post=5341"},{"taxonomy":"product_tag","embeddable":true,"href":"https:\/\/medicinasinc.com\/fr\/wp-json\/wp\/v2\/product_tag?post=5341"}],"curies":[{"name":"wp","href":"https:\/\/api.w.org\/{rel}","templated":true}]}}