{"id":5340,"date":"2022-02-21T21:15:28","date_gmt":"2022-02-21T21:15:28","guid":{"rendered":"https:\/\/medicinasinc.com\/fr\/?post_type=product&#038;p=5340"},"modified":"2022-08-05T10:38:05","modified_gmt":"2022-08-05T10:38:05","slug":"acheter-2-mppp-en-ligne","status":"publish","type":"product","link":"https:\/\/medicinasinc.com\/fr\/product\/acheter-2-mppp-en-ligne\/","title":{"rendered":"Acheter du 2-MPPP en ligne"},"content":{"rendered":"<p>Achetez du 2-MPPP en ligne<\/p>\n<p>Achetez du 2-MPPP en ligne<\/p>\n<p>2-m\u00e9thyl-1-ph\u00e9nyl-3-(pip\u00e9ridin-1-yl)<\/p>\n<p>Le propan-1-one est un produit chimique structurellement apparent\u00e9 au 2-aminopropan-1-one, sauf que l&#8217;azote est li\u00e9 au carbone en troisi\u00e8me position. Les effets physiologiques et toxicologiques de ce compos\u00e9 n&#8217;ont pas \u00e9t\u00e9 \u00e9tudi\u00e9s.<\/p>\n<p>2-methyl-1-phenyl-3-(piperidin-1-yl)<\/p>\n<p>Propan-1-one peut \u00eatre utilis\u00e9 comme \u00e9chantillon de r\u00e9f\u00e9rence pour les chercheurs effectuant des analyses de chromatographie en phase gazeuse\/spectrom\u00e9trie de masse (GC\/MS), de spectroscopie infrarouge \u00e0 transform\u00e9e de Fourier (FTIR) ou de r\u00e9sonance magn\u00e9tique nucl\u00e9aire (RMN).<\/p>\n<p>Proc\u00e9dures en laboratoire<\/p>\n<p>Nous recommandons de stocker la 2-m\u00e9thyl-1-ph\u00e9nyl-3-(pip\u00e9ridin-1-yl)propan-1-one \u00e0 -20\u00a0\u00b0C pour un stockage \u00e0 long terme. Il doit rester stable pendant au moins deux ans.<\/p>\n<p>La substance cristalline blanche 2-m\u00e9thyl-1-ph\u00e9nyl-3-(pip\u00e9ridin-1-yl)propan-1-one est fournie. La 2-m\u00e9thyl-1-ph\u00e9nyl-3-(pip\u00e9ridin-1-yl) propan-1-one est soluble dans les solvants organiques tels que le m\u00e9thanol, le dim\u00e9thylsulfoxyde (DMSO) et le dichlorom\u00e9thane (DCM), qui doivent \u00eatre purg\u00e9s avec un inerte gaz avant de l&#8217;utiliser. La 2-m\u00e9thyl-1-ph\u00e9nyl-3-(pip\u00e9ridin-1-yl)propan-1-one se dissout \u00e0 environ 22 mg\/ml dans l&#8217;\u00e9thanol et le DMF et \u00e0 environ 15 mg\/ml dans le DMSO.<\/p>\n<p>Avant de faire des tests, d&#8217;autres dilutions de la solution m\u00e8re dans des tampons aqueux ou une solution saline isotonique doivent \u00eatre faites. Assurez-vous qu&#8217;il ne reste pas de solvant organique, car les solvants organiques peuvent avoir des cons\u00e9quences physiologiques \u00e0 de faibles concentrations. Solutions aqueuses sans solvant organique Le solide cristallin 2-m\u00e9thyl-1-ph\u00e9nyl-3-(pip\u00e9ridin-1-yl)propan-1-one peut \u00eatre produit imm\u00e9diatement dans des tampons aqueux. La 2-m\u00e9thyl-1-ph\u00e9nyl-3-(pip\u00e9ridin-1-yl)propan-1-one se dissout \u00e0 une solubilit\u00e9 d&#8217;environ 11 mg\/ml dans du PBS, pH 6,4. Nous d\u00e9conseillons de conserver la solution aqueuse au r\u00e9frig\u00e9rateur plus d&#8217;une journ\u00e9e.<\/p>\n<div id=\"wb_Text13\"><strong>Sp\u00e9cifications<\/strong><\/div>\n<table id=\"Table1\" cellspacing=\"1\" cellpadding=\"0\">\n<tbody>\n<tr>\n<td class=\"cell0\">Synonymes<\/td>\n<td class=\"cell1\">2-MPPP<\/td>\n<\/tr>\n<tr>\n<td class=\"cell2\">IUPAC<\/td>\n<td class=\"cell3\">2-m\u00e9thyl-1-ph\u00e9nyl-3-(pip\u00e9ridin-1-yl)propan-1-one<\/td>\n<\/tr>\n<tr>\n<td class=\"cell0\">PubChem<\/td>\n<td class=\"cell1\">N\/A<\/td>\n<\/tr>\n<tr>\n<td class=\"cell4\">Cas#<\/td>\n<td class=\"cell5\">N\/A<\/td>\n<\/tr>\n<tr>\n<td class=\"cell0\">Formule mol\u00e9culaire<\/td>\n<td class=\"cell1\">C15H21NO<\/td>\n<\/tr>\n<tr>\n<td class=\"cell0\">Puret\u00e9<\/td>\n<td class=\"cell1\">99\u00a0%<\/td>\n<\/tr>\n<tr>\n<td class=\"cell0\">Formulation \/ Apparence<\/td>\n<td class=\"cell1\">Poudre de Cristal Blanc<\/td>\n<\/tr>\n<\/tbody>\n<\/table>\n<p><strong>R\u00e9f\u00e9rences<\/strong><\/p>\n<p>Journal indien de chimie, 1981, vol. 20\u00a0B,\u00a0#\u00a04\u00a0p. 303 \u2013 307<\/p>\n<p>Ruddy\u00a0; Buckley<br \/>\nJournal de l&#8217;American Chemical Society, 1950 ,\u00a0 vol. 72, p. 718\u00a0719<\/p>\n<p>Kjaer\u00a0; Petersen<br \/>\nActa Chemica Scandinavica (1947-1973), 1951 , vol. 5, p. 1145,1148<\/p>\n<p>Nasarow\u00a0; Tscherkasowa<br \/>\nZhurnal Obshchei Khimii, 1958 ,\u00a0vol. 28, p. 122,124, 125<\/p>\n<div class=\"product-next-previous\">\n<div class=\"product-prev\"><\/div>\n<\/div>\n","protected":false},"excerpt":{"rendered":"<div class=\"woocommerce-product-details__short-description\">\n<p>Achetez du 2-MPPP en ligne. Achetez 2-MPPP en ligne sur medicinasinc.com &#8211; 2-m\u00e9thyl-1-ph\u00e9nyl-3-(pip\u00e9ridin-1-yl)propan-1-one, poudre de cristal blanc 2mpp \u00e0 vendre. nous avons \u00e9galement la meilleure qualit\u00e9 et les meilleurs prix.<\/p>\n<p><em>Achetez 2<\/em>\u2013<em>MPPP Online en ligne<\/em> dans une pharmacie agr\u00e9\u00e9e Best Global Meds. Nous proposons une large gamme de m\u00e9dicaments \u00e0 la vente. Livraison dans le monde entier\u00a0!<\/p>\n<\/div>\n","protected":false},"featured_media":5350,"comment_status":"open","ping_status":"closed","template":"","meta":[],"product_brand":[],"product_cat":[59],"product_tag":[],"class_list":{"0":"post-5340","1":"product","2":"type-product","3":"status-publish","4":"has-post-thumbnail","6":"product_cat-produits-chimiques-de-recherche","8":"first","9":"instock","10":"shipping-taxable","11":"purchasable","12":"product-type-variable"},"yoast_head":"<!-- This site is optimized with the Yoast SEO plugin v27.3 - https:\/\/yoast.com\/product\/yoast-seo-wordpress\/ -->\n<title>Acheter du 2-MPPP en ligne - Best Best Global Meds<\/title>\n<meta name=\"description\" content=\"Acheter du 2-MPPP en ligne. Achetez 2-MPPP en ligne surmedicinasinc.com - 2-m\u00e9thyl-1-ph\u00e9nyl-3-(pip\u00e9ridin-1-yl)propan-1-one, poudre de cristal blanc 2mpp \u00e0 vendre. nous avons la meilleure qualit\u00e9 et les meilleurs prix\" \/>\n<meta name=\"robots\" content=\"index, follow, max-snippet:-1, max-image-preview:large, max-video-preview:-1\" \/>\n<link rel=\"canonical\" href=\"https:\/\/medicinasinc.com\/fr\/product\/acheter-2-mppp-en-ligne\/\" \/>\n<meta property=\"og:locale\" content=\"en_US\" \/>\n<meta property=\"og:type\" content=\"article\" \/>\n<meta property=\"og:title\" content=\"Acheter du 2-MPPP en ligne - Best Best Global Meds\" \/>\n<meta property=\"og:description\" content=\"Acheter du 2-MPPP en ligne. Achetez 2-MPPP en ligne surmedicinasinc.com - 2-m\u00e9thyl-1-ph\u00e9nyl-3-(pip\u00e9ridin-1-yl)propan-1-one, poudre de cristal blanc 2mpp \u00e0 vendre. nous avons la meilleure qualit\u00e9 et les meilleurs prix\" \/>\n<meta property=\"og:url\" content=\"https:\/\/medicinasinc.com\/fr\/product\/acheter-2-mppp-en-ligne\/\" \/>\n<meta property=\"og:site_name\" content=\"Medicinas Inc\" \/>\n<meta property=\"article:modified_time\" content=\"2022-08-05T10:38:05+00:00\" \/>\n<meta property=\"og:image\" content=\"https:\/\/medicinasinc.com\/fr\/wp-content\/uploads\/sites\/5\/2022\/02\/2mppp.jpg\" \/>\n\t<meta property=\"og:image:width\" content=\"600\" \/>\n\t<meta property=\"og:image:height\" content=\"600\" \/>\n\t<meta property=\"og:image:type\" content=\"image\/jpeg\" \/>\n<meta name=\"twitter:card\" content=\"summary_large_image\" \/>\n<meta name=\"twitter:label1\" content=\"Est. reading time\" \/>\n\t<meta name=\"twitter:data1\" content=\"2 minutes\" \/>\n<script type=\"application\/ld+json\" class=\"yoast-schema-graph\">{\"@context\":\"https:\\\/\\\/schema.org\",\"@graph\":[{\"@type\":\"WebPage\",\"@id\":\"https:\\\/\\\/medicinasinc.com\\\/fr\\\/product\\\/acheter-2-mppp-en-ligne\\\/\",\"url\":\"https:\\\/\\\/medicinasinc.com\\\/fr\\\/product\\\/acheter-2-mppp-en-ligne\\\/\",\"name\":\"Acheter du 2-MPPP en ligne - Best Best Global Meds\",\"isPartOf\":{\"@id\":\"https:\\\/\\\/medicinasinc.com\\\/fr\\\/#website\"},\"primaryImageOfPage\":{\"@id\":\"https:\\\/\\\/medicinasinc.com\\\/fr\\\/product\\\/acheter-2-mppp-en-ligne\\\/#primaryimage\"},\"image\":{\"@id\":\"https:\\\/\\\/medicinasinc.com\\\/fr\\\/product\\\/acheter-2-mppp-en-ligne\\\/#primaryimage\"},\"thumbnailUrl\":\"https:\\\/\\\/medicinasinc.com\\\/fr\\\/wp-content\\\/uploads\\\/sites\\\/5\\\/2022\\\/02\\\/2mppp.jpg\",\"datePublished\":\"2022-02-21T21:15:28+00:00\",\"dateModified\":\"2022-08-05T10:38:05+00:00\",\"description\":\"Acheter du 2-MPPP en ligne. Achetez 2-MPPP en ligne surmedicinasinc.com - 2-m\u00e9thyl-1-ph\u00e9nyl-3-(pip\u00e9ridin-1-yl)propan-1-one, poudre de cristal blanc 2mpp \u00e0 vendre. nous avons la meilleure qualit\u00e9 et les meilleurs prix\",\"breadcrumb\":{\"@id\":\"https:\\\/\\\/medicinasinc.com\\\/fr\\\/product\\\/acheter-2-mppp-en-ligne\\\/#breadcrumb\"},\"inLanguage\":\"en-US\",\"potentialAction\":[{\"@type\":\"ReadAction\",\"target\":[\"https:\\\/\\\/medicinasinc.com\\\/fr\\\/product\\\/acheter-2-mppp-en-ligne\\\/\"]}]},{\"@type\":\"ImageObject\",\"inLanguage\":\"en-US\",\"@id\":\"https:\\\/\\\/medicinasinc.com\\\/fr\\\/product\\\/acheter-2-mppp-en-ligne\\\/#primaryimage\",\"url\":\"https:\\\/\\\/medicinasinc.com\\\/fr\\\/wp-content\\\/uploads\\\/sites\\\/5\\\/2022\\\/02\\\/2mppp.jpg\",\"contentUrl\":\"https:\\\/\\\/medicinasinc.com\\\/fr\\\/wp-content\\\/uploads\\\/sites\\\/5\\\/2022\\\/02\\\/2mppp.jpg\",\"width\":600,\"height\":600},{\"@type\":\"BreadcrumbList\",\"@id\":\"https:\\\/\\\/medicinasinc.com\\\/fr\\\/product\\\/acheter-2-mppp-en-ligne\\\/#breadcrumb\",\"itemListElement\":[{\"@type\":\"ListItem\",\"position\":1,\"name\":\"Boutique\",\"item\":\"https:\\\/\\\/medicinasinc.com\\\/fr\\\/boutique\\\/\"},{\"@type\":\"ListItem\",\"position\":2,\"name\":\"Acheter du 2-MPPP en ligne\"}]},{\"@type\":\"WebSite\",\"@id\":\"https:\\\/\\\/medicinasinc.com\\\/fr\\\/#website\",\"url\":\"https:\\\/\\\/medicinasinc.com\\\/fr\\\/\",\"name\":\"Medicinas Inc\",\"description\":\"Health Medical Clinic\",\"potentialAction\":[{\"@type\":\"SearchAction\",\"target\":{\"@type\":\"EntryPoint\",\"urlTemplate\":\"https:\\\/\\\/medicinasinc.com\\\/fr\\\/?s={search_term_string}\"},\"query-input\":{\"@type\":\"PropertyValueSpecification\",\"valueRequired\":true,\"valueName\":\"search_term_string\"}}],\"inLanguage\":\"en-US\"}]}<\/script>\n<!-- \/ Yoast SEO plugin. -->","yoast_head_json":{"title":"Acheter du 2-MPPP en ligne - Best Best Global Meds","description":"Acheter du 2-MPPP en ligne. Achetez 2-MPPP en ligne surmedicinasinc.com - 2-m\u00e9thyl-1-ph\u00e9nyl-3-(pip\u00e9ridin-1-yl)propan-1-one, poudre de cristal blanc 2mpp \u00e0 vendre. nous avons la meilleure qualit\u00e9 et les meilleurs prix","robots":{"index":"index","follow":"follow","max-snippet":"max-snippet:-1","max-image-preview":"max-image-preview:large","max-video-preview":"max-video-preview:-1"},"canonical":"https:\/\/medicinasinc.com\/fr\/product\/acheter-2-mppp-en-ligne\/","og_locale":"en_US","og_type":"article","og_title":"Acheter du 2-MPPP en ligne - Best Best Global Meds","og_description":"Acheter du 2-MPPP en ligne. Achetez 2-MPPP en ligne surmedicinasinc.com - 2-m\u00e9thyl-1-ph\u00e9nyl-3-(pip\u00e9ridin-1-yl)propan-1-one, poudre de cristal blanc 2mpp \u00e0 vendre. nous avons la meilleure qualit\u00e9 et les meilleurs prix","og_url":"https:\/\/medicinasinc.com\/fr\/product\/acheter-2-mppp-en-ligne\/","og_site_name":"Medicinas Inc","article_modified_time":"2022-08-05T10:38:05+00:00","og_image":[{"width":600,"height":600,"url":"https:\/\/medicinasinc.com\/fr\/wp-content\/uploads\/sites\/5\/2022\/02\/2mppp.jpg","type":"image\/jpeg"}],"twitter_card":"summary_large_image","twitter_misc":{"Est. reading time":"2 minutes"},"schema":{"@context":"https:\/\/schema.org","@graph":[{"@type":"WebPage","@id":"https:\/\/medicinasinc.com\/fr\/product\/acheter-2-mppp-en-ligne\/","url":"https:\/\/medicinasinc.com\/fr\/product\/acheter-2-mppp-en-ligne\/","name":"Acheter du 2-MPPP en ligne - Best Best Global Meds","isPartOf":{"@id":"https:\/\/medicinasinc.com\/fr\/#website"},"primaryImageOfPage":{"@id":"https:\/\/medicinasinc.com\/fr\/product\/acheter-2-mppp-en-ligne\/#primaryimage"},"image":{"@id":"https:\/\/medicinasinc.com\/fr\/product\/acheter-2-mppp-en-ligne\/#primaryimage"},"thumbnailUrl":"https:\/\/medicinasinc.com\/fr\/wp-content\/uploads\/sites\/5\/2022\/02\/2mppp.jpg","datePublished":"2022-02-21T21:15:28+00:00","dateModified":"2022-08-05T10:38:05+00:00","description":"Acheter du 2-MPPP en ligne. Achetez 2-MPPP en ligne surmedicinasinc.com - 2-m\u00e9thyl-1-ph\u00e9nyl-3-(pip\u00e9ridin-1-yl)propan-1-one, poudre de cristal blanc 2mpp \u00e0 vendre. nous avons la meilleure qualit\u00e9 et les meilleurs prix","breadcrumb":{"@id":"https:\/\/medicinasinc.com\/fr\/product\/acheter-2-mppp-en-ligne\/#breadcrumb"},"inLanguage":"en-US","potentialAction":[{"@type":"ReadAction","target":["https:\/\/medicinasinc.com\/fr\/product\/acheter-2-mppp-en-ligne\/"]}]},{"@type":"ImageObject","inLanguage":"en-US","@id":"https:\/\/medicinasinc.com\/fr\/product\/acheter-2-mppp-en-ligne\/#primaryimage","url":"https:\/\/medicinasinc.com\/fr\/wp-content\/uploads\/sites\/5\/2022\/02\/2mppp.jpg","contentUrl":"https:\/\/medicinasinc.com\/fr\/wp-content\/uploads\/sites\/5\/2022\/02\/2mppp.jpg","width":600,"height":600},{"@type":"BreadcrumbList","@id":"https:\/\/medicinasinc.com\/fr\/product\/acheter-2-mppp-en-ligne\/#breadcrumb","itemListElement":[{"@type":"ListItem","position":1,"name":"Boutique","item":"https:\/\/medicinasinc.com\/fr\/boutique\/"},{"@type":"ListItem","position":2,"name":"Acheter du 2-MPPP en ligne"}]},{"@type":"WebSite","@id":"https:\/\/medicinasinc.com\/fr\/#website","url":"https:\/\/medicinasinc.com\/fr\/","name":"Medicinas Inc","description":"Health Medical Clinic","potentialAction":[{"@type":"SearchAction","target":{"@type":"EntryPoint","urlTemplate":"https:\/\/medicinasinc.com\/fr\/?s={search_term_string}"},"query-input":{"@type":"PropertyValueSpecification","valueRequired":true,"valueName":"search_term_string"}}],"inLanguage":"en-US"}]}},"_links":{"self":[{"href":"https:\/\/medicinasinc.com\/fr\/wp-json\/wp\/v2\/product\/5340","targetHints":{"allow":["GET"]}}],"collection":[{"href":"https:\/\/medicinasinc.com\/fr\/wp-json\/wp\/v2\/product"}],"about":[{"href":"https:\/\/medicinasinc.com\/fr\/wp-json\/wp\/v2\/types\/product"}],"replies":[{"embeddable":true,"href":"https:\/\/medicinasinc.com\/fr\/wp-json\/wp\/v2\/comments?post=5340"}],"wp:featuredmedia":[{"embeddable":true,"href":"https:\/\/medicinasinc.com\/fr\/wp-json\/wp\/v2\/media\/5350"}],"wp:attachment":[{"href":"https:\/\/medicinasinc.com\/fr\/wp-json\/wp\/v2\/media?parent=5340"}],"wp:term":[{"taxonomy":"product_brand","embeddable":true,"href":"https:\/\/medicinasinc.com\/fr\/wp-json\/wp\/v2\/product_brand?post=5340"},{"taxonomy":"product_cat","embeddable":true,"href":"https:\/\/medicinasinc.com\/fr\/wp-json\/wp\/v2\/product_cat?post=5340"},{"taxonomy":"product_tag","embeddable":true,"href":"https:\/\/medicinasinc.com\/fr\/wp-json\/wp\/v2\/product_tag?post=5340"}],"curies":[{"name":"wp","href":"https:\/\/api.w.org\/{rel}","templated":true}]}}