{"id":5332,"date":"2022-02-21T21:05:55","date_gmt":"2022-02-21T21:05:55","guid":{"rendered":"https:\/\/medicinasinc.com\/fr\/?post_type=product&#038;p=5332"},"modified":"2022-03-17T12:02:08","modified_gmt":"2022-03-17T12:02:08","slug":"acheter-2-fma-2-fluoromethamphetamine-chlorhydrate","status":"publish","type":"product","link":"https:\/\/medicinasinc.com\/fr\/product\/acheter-2-fma-2-fluoromethamphetamine-chlorhydrate\/","title":{"rendered":"Acheter 2-FMA 2-Fluorom\u00e9thamph\u00e9tamine (chlorhydrate)"},"content":{"rendered":"<p><strong>Achat en ligne de poudre de puret\u00e9 2-FMA<\/strong><\/p>\n<p>La 2-fluorom\u00e9thamph\u00e9tamine (2-FMA) est un stimulant de la m\u00eame famille que la m\u00e9thamph\u00e9tamine et la 2-fluoroamph\u00e9tamine. Bien que l&#8217;on ne sache rien sur les effets physiologiques des amph\u00e9tamines \u00e0 substitution fluorom\u00e9thoxy, le 2-FMA a \u00e9t\u00e9 d\u00e9couvert comme composant de m\u00e9dicaments de synth\u00e8se commercialis\u00e9s en tant que substituts &#8220;l\u00e9gaux&#8221; des substances contr\u00f4l\u00e9es.<\/p>\n<p>Le chlorhydrate de ce compos\u00e9 est con\u00e7ue pour \u00eatre utilis\u00e9e comme norme pour l&#8217;investigation m\u00e9dico-l\u00e9gale d&#8217;\u00e9chantillons contenant du 2-FMA.<\/p>\n<div class=\"mb-5 row\">\n<div class=\"w-100 col\">\n<h5>Synonymes<\/h5>\n<div class=\"row\">\n<div class=\"col\">\n<div class=\"row\" data-attribute=\"synonyms\">\n<div class=\"text-lg-right vertical-rule info-produit -left float-left pl-3 pr-2 pb-3 col-6 col-md-5 col-lg-4 col-xl-3\">Synonymes<\/div>\n<div class=\"float-right pl-3 text-xsm product-info-right col-6 col-md-7 col-lg-8 col-xl-9\">\n<ul class=\" p-0 mb-3 list-unstyled\">\n<li class=\"undefined text-lato-bold\"><span class=\"\">2-FMA<\/span><\/li>\n<\/ul><\/div><\/div><\/div><\/div><\/div><\/div>\n<div class=\"mb-5 row\">\n<div class=\"w-100 col\">\n<h5>Informations techniques<\/h5>\n<div class=\"row\">\n<div class=\"col\">\n<div class=\"row\" data-attribute=\"formalName\">\n<div class=\"text-lg-right vertical-rule product-info-left float-left pl-3 pr- 2 pb-3 col-6 col-md-5 col-lg-4 col-xl-3\">Nom formel<\/div>\n<div class=\"float-right pl-3 text-xsm product-info-right col -6 col-md-7 col-lg-8 col-xl-9\">2-fluoro-N-\u03b1-dim\u00e9thyl-benz\u00e8ne\u00e9thanamine, monochlorhydrate<\/div><\/div>\n<div class=\"row\" data-attribute=\"casNumber\">\n<div class=\"text-lg-right vertical-rule product-info-left float-left pl-3 pr-2 pb-3 col-6 col-md-5 col-lg-4 col- xl-3\">Num\u00e9ro CAS<\/div>\n<div class=\"float-right pl-3 text-xsm product-info-right col-6 col-md-7 col-lg-8 col-xl-9\"> 1780004-19-4<\/div><\/div>\n<div class=\"row\" data-attribute=\"molecularFormula\">\n<div class=\"text-lg-right vertical-rule product-info-left float-left pl -3 pr-2 pb-3 col-6 col-md-5 col-lg-4 col-xl-3\">Formule mol\u00e9culaire<\/div>\n<div class=\"float-right pl-3 text-xsm product- info-right col-6 col-md-7 col-lg-8 col-xl-9\">C<sub><small>10<\/small><\/sub>H<sub><small>14<\/small><\/sub>FN \u2022 HCl<\/div><\/div>\n<div class=\"row\" data-attribute=\"formulaWeight\">\n<div class=\"text-lg-right vertical-rule product-info-left float-left pl-3 pr-2 pb-3 col-6 col-md-5 col-lg-4 col-xl-3\">Poids de la formule<\/div>\n<div class=\"float-right pl-3 text-xsm produit -info-right col-6 col-md-7 col-lg-8 col-xl-9\">203.7<\/div><\/div>\n<div class=\"row\" data-attribute=\"purity\">\n<div class=\"text-lg-right vertical-rule product-info-left float-left pl-3 pr-2 pb-3 col-6 col-md-5 col-lg-4 col-xl-3\">Puret\u00e9<\/div>\n<div class=\"float-right pl-3 text-xsm product-info-right col-6 col-md-7 col-lg-8 col-xl-9\">\u226598\u00a0%<\/div><\/div>\n<div class=\"row\" data-attribute=\"formulation\">\n<div class=\"text-lg-right vertical-rule product-info-left float-left pl-3 pr-2 pb-3 col- 6 col-md-5 col-lg-4 col-xl-3\">Formulation<\/div>\n<div class=\"float-right pl-3 text-xsm product-info-right col-6 col-md-7 col-lg-8 col-xl-9\">Un solide cristallin<\/div><\/div>\n<div class=\"row\" data-attribute=\"solubility\">\n<div class=\"text-lg-right vertical- r\u00e9gner product-info-left float-left pl-3 pr-2 pb-3 col-6 col-md-5 col-lg-4 col-xl-3\">Solubilit\u00e9<small>(En savoir plus sur la variation de solubilit\u00e9)<\/div>\n<div class=\"float-right pl-3 text-xsm product-info-right col-6 col-md-7 col-lg-8 col-xl-9\">\n<ul class=\" p-0 mb-3 list-unstyled\">\n<li class=\"undefined text-lato-bold\"><span class=\"\">DMF\u00a0: 20\u00a0mg\/ml<\/span><\/li>\n<li class=\" undefined text-lato-bold\"><span class=\"\">DMSO\u00a0: 20\u00a0mg\/ml<\/span><\/li>\n<li class=\"undefined text-lato-bold\"><span class=\"\">\u00c9thanol : 30 mg\/ml<\/span><\/li>\n<li class=\"undefined text-lato-bold\"><span class=\"\">PBS (pH 7,2)\u00a0: 10 mg\/ml<\/span><\/li>\n<\/ul><\/div><\/div>\n<div class=\"row\" data-attribute=\"smiles\">\n<div class=\"text-lg-right vertical-rule product-info-left float-left pl -3 pr-2 pb-3 col-6 col-md-5 col-lg-4 col-xl-3\">SOURIRES<\/div>\n<div class=\"float-right pl-3 text-xsm info-produit -droit col-6 col-md-7 col-lg-8 col- xl-9\">FC1=CC=CC=C1CC(C)NC.Cl<\/div><\/div>\n<div class=\"row\" data-attribute=\"inchi\">\n<div class=\"text-lg- right vertical-rule product-info-left float-left pl-3 pr-2 pb-3 col-6 col-md-5 col-lg-4 col-xl-3\">InChi Code<\/div>\n<div class=\"float-right pl-3 text-xsm product-info-right col-6 col-md-7 col-lg-8 col-xl-9\">InChI=1S\/C10H14FN.ClH\/c1-8(12- 2)7-9-5-3-4-6-10(9)11;\/h3-6,8,12H,7H2,1-2H3;1H<\/div><\/div>\n<div class=\"ligne \" data-attribute=\"inchiKey\">\n<div class=\"text-lg-right vertical-rule product-info-left float-left pl-3 pr-2 pb-3 col-6 col-md-5 col-lg -4 col-xl-3\">InChi Key<\/div>\n<div class=\"float-right pl-3 text-xsm product-info-right col-6 col-md-7 col-lg-8 col-xl -9\">GTSVNAIEHCXQPM-UHFFFAOYSA-N<\/div><\/div><\/div><\/div><\/div><\/div>\n<div class=\"row\">\n<div class=\"col\">\n<h5>Informations d&#8217;exp\u00e9dition et de stockage<\/h5>\n<div class=\"row\">\n<div class=\"col\">\n<div class=\"row\" data-attribute=\"storageTemp\">\n<div class=\"text-lg -right vertical-rule product-info-left float-left pl-3 pr-2 pb-3 col-6 col-md-5 c ol-lg-4 col-xl-3\">Stockage<\/div>\n<div class=\"float-right pl-3 text-xsm product-info-right col-6 col-md-7 col-lg-8 col -xl-9\">-20\u00a0\u00b0C<\/div><\/div>\n<div class=\"row\" data-attribute=\"address\">\n<div class=\"text-lg-right vertical-rule info-produit- left float-left pl-3 pr-2 pb-3 col-6 col-md-5 col-lg-4 col-xl-3\">Livraison<\/div>\n<div class=\"float-right pl-3 text -xsm product-info-right col-6 col-md-7 col-lg-8 col-xl-9\">Temp\u00e9rature ambiante\u00a0aux \u00c9tats-Unis continentaux\u00a0; peut varier ailleurs<\/div><\/div>\n<div class=\"row\" data-attribute=\"stabilityDisplay\">\n<div class=\"text-lg-right vertical-rule product-info-left float-left pl-3 pr-2 pb-3 col-6 col-md-5 col-lg-4 col-xl-3\">Stabilit\u00e9<\/div>\n<div class=\"float-right pl-3 text-xsm product-info-right col-6 col-md-7 col-lg-8 col-xl-9\">\u2265\u00a02\u00a0ans<\/div><\/div><\/div><\/div><\/div><\/div>\n<div>\n<div class=\"product-prev\"><\/div><\/div>\n","protected":false},"excerpt":{"rendered":"<p>Acheter 2-FMA 2-Fluorom\u00e9thamph\u00e9tamine (chlorhydrate) \u00e0 vendre en poudre de haute puret\u00e9 en ligne. Poudre de 2-FMA en gros (99\u00a0% + pure) &#8211; Similaire \u00e0 la m\u00e9thamph\u00e9tamine Dose recommand\u00e9e 50-80 mg<\/p>\n<p>&nbsp;<\/p>\n","protected":false},"featured_media":5343,"comment_status":"open","ping_status":"closed","template":"","meta":[],"product_brand":[],"product_cat":[59],"product_tag":[2015,2017,2018,2016,2020,2021,2022,2024,2025,2026,2023,2019],"class_list":{"0":"post-5332","1":"product","2":"type-product","3":"status-publish","4":"has-post-thumbnail","6":"product_cat-produits-chimiques-de-recherche","7":"product_tag-2-couches","8":"product_tag-2-fma-lgalit-2-fma-poudre","9":"product_tag-2-fma-legality-usa","10":"product_tag-2-fma-legality","11":"product_tag-2-fma-poudre","12":"product_tag-2-fma-synthesis","13":"product_tag-2-fma-usa","14":"product_tag-4-fluoromthamphtamine","15":"product_tag-acheter-2-fma","16":"product_tag-fluoromethamphetamine-street-name","17":"product_tag-2-fma-perte-de-poids","18":"product_tag-2-fma-pilules","20":"first","21":"instock","22":"shipping-taxable","23":"purchasable","24":"product-type-variable","25":"has-default-attributes"},"yoast_head":"<!-- This site is optimized with the Yoast SEO plugin v27.3 - https:\/\/yoast.com\/product\/yoast-seo-wordpress\/ -->\n<title>Acheter 2-FMA 2-Fluorom\u00e9thamph\u00e9tamine (chlorhydrate) - Best Global Meds<\/title>\n<meta name=\"description\" content=\"Acheter 2-FMA 2-Fluorom\u00e9thamph\u00e9tamine (chlorhydrate) \u00e0 vendre en poudre de haute puret\u00e9 en ligne. Poudre de 2-FMA en gros (99\u00a0% + pure) - Similaire \u00e0 la m\u00e9thamph\u00e9tamine Dose recommand\u00e9e 50-80\u00a0mg\" \/>\n<meta name=\"robots\" content=\"index, follow, max-snippet:-1, max-image-preview:large, max-video-preview:-1\" \/>\n<link rel=\"canonical\" href=\"https:\/\/medicinasinc.com\/fr\/product\/acheter-2-fma-2-fluoromethamphetamine-chlorhydrate\/\" \/>\n<meta property=\"og:locale\" content=\"en_US\" \/>\n<meta property=\"og:type\" content=\"article\" \/>\n<meta property=\"og:title\" content=\"Acheter 2-FMA 2-Fluorom\u00e9thamph\u00e9tamine (chlorhydrate) - Best Global Meds\" \/>\n<meta property=\"og:description\" content=\"Acheter 2-FMA 2-Fluorom\u00e9thamph\u00e9tamine (chlorhydrate) \u00e0 vendre en poudre de haute puret\u00e9 en ligne. Poudre de 2-FMA en gros (99\u00a0% + pure) - Similaire \u00e0 la m\u00e9thamph\u00e9tamine Dose recommand\u00e9e 50-80\u00a0mg\" \/>\n<meta property=\"og:url\" content=\"https:\/\/medicinasinc.com\/fr\/product\/acheter-2-fma-2-fluoromethamphetamine-chlorhydrate\/\" \/>\n<meta property=\"og:site_name\" content=\"Medicinas Inc\" \/>\n<meta property=\"article:modified_time\" content=\"2022-03-17T12:02:08+00:00\" \/>\n<meta property=\"og:image\" content=\"https:\/\/medicinasinc.com\/fr\/wp-content\/uploads\/sites\/5\/2022\/02\/Buy-2-FMA.jpg\" \/>\n\t<meta property=\"og:image:width\" content=\"750\" \/>\n\t<meta property=\"og:image:height\" content=\"1000\" \/>\n\t<meta property=\"og:image:type\" content=\"image\/jpeg\" \/>\n<meta name=\"twitter:card\" content=\"summary_large_image\" \/>\n<meta name=\"twitter:label1\" content=\"Est. reading time\" \/>\n\t<meta name=\"twitter:data1\" content=\"1 minute\" \/>\n<script type=\"application\/ld+json\" class=\"yoast-schema-graph\">{\"@context\":\"https:\\\/\\\/schema.org\",\"@graph\":[{\"@type\":\"WebPage\",\"@id\":\"https:\\\/\\\/medicinasinc.com\\\/fr\\\/product\\\/acheter-2-fma-2-fluoromethamphetamine-chlorhydrate\\\/\",\"url\":\"https:\\\/\\\/medicinasinc.com\\\/fr\\\/product\\\/acheter-2-fma-2-fluoromethamphetamine-chlorhydrate\\\/\",\"name\":\"Acheter 2-FMA 2-Fluorom\u00e9thamph\u00e9tamine (chlorhydrate) - Best Global Meds\",\"isPartOf\":{\"@id\":\"https:\\\/\\\/medicinasinc.com\\\/fr\\\/#website\"},\"primaryImageOfPage\":{\"@id\":\"https:\\\/\\\/medicinasinc.com\\\/fr\\\/product\\\/acheter-2-fma-2-fluoromethamphetamine-chlorhydrate\\\/#primaryimage\"},\"image\":{\"@id\":\"https:\\\/\\\/medicinasinc.com\\\/fr\\\/product\\\/acheter-2-fma-2-fluoromethamphetamine-chlorhydrate\\\/#primaryimage\"},\"thumbnailUrl\":\"https:\\\/\\\/medicinasinc.com\\\/fr\\\/wp-content\\\/uploads\\\/sites\\\/5\\\/2022\\\/02\\\/Buy-2-FMA.jpg\",\"datePublished\":\"2022-02-21T21:05:55+00:00\",\"dateModified\":\"2022-03-17T12:02:08+00:00\",\"description\":\"Acheter 2-FMA 2-Fluorom\u00e9thamph\u00e9tamine (chlorhydrate) \u00e0 vendre en poudre de haute puret\u00e9 en ligne. Poudre de 2-FMA en gros (99\u00a0% + pure) - Similaire \u00e0 la m\u00e9thamph\u00e9tamine Dose recommand\u00e9e 50-80\u00a0mg\",\"breadcrumb\":{\"@id\":\"https:\\\/\\\/medicinasinc.com\\\/fr\\\/product\\\/acheter-2-fma-2-fluoromethamphetamine-chlorhydrate\\\/#breadcrumb\"},\"inLanguage\":\"en-US\",\"potentialAction\":[{\"@type\":\"ReadAction\",\"target\":[\"https:\\\/\\\/medicinasinc.com\\\/fr\\\/product\\\/acheter-2-fma-2-fluoromethamphetamine-chlorhydrate\\\/\"]}]},{\"@type\":\"ImageObject\",\"inLanguage\":\"en-US\",\"@id\":\"https:\\\/\\\/medicinasinc.com\\\/fr\\\/product\\\/acheter-2-fma-2-fluoromethamphetamine-chlorhydrate\\\/#primaryimage\",\"url\":\"https:\\\/\\\/medicinasinc.com\\\/fr\\\/wp-content\\\/uploads\\\/sites\\\/5\\\/2022\\\/02\\\/Buy-2-FMA.jpg\",\"contentUrl\":\"https:\\\/\\\/medicinasinc.com\\\/fr\\\/wp-content\\\/uploads\\\/sites\\\/5\\\/2022\\\/02\\\/Buy-2-FMA.jpg\",\"width\":750,\"height\":1000},{\"@type\":\"BreadcrumbList\",\"@id\":\"https:\\\/\\\/medicinasinc.com\\\/fr\\\/product\\\/acheter-2-fma-2-fluoromethamphetamine-chlorhydrate\\\/#breadcrumb\",\"itemListElement\":[{\"@type\":\"ListItem\",\"position\":1,\"name\":\"Boutique\",\"item\":\"https:\\\/\\\/medicinasinc.com\\\/fr\\\/boutique\\\/\"},{\"@type\":\"ListItem\",\"position\":2,\"name\":\"Acheter 2-FMA 2-Fluorom\u00e9thamph\u00e9tamine (chlorhydrate)\"}]},{\"@type\":\"WebSite\",\"@id\":\"https:\\\/\\\/medicinasinc.com\\\/fr\\\/#website\",\"url\":\"https:\\\/\\\/medicinasinc.com\\\/fr\\\/\",\"name\":\"Medicinas Inc\",\"description\":\"Health Medical Clinic\",\"potentialAction\":[{\"@type\":\"SearchAction\",\"target\":{\"@type\":\"EntryPoint\",\"urlTemplate\":\"https:\\\/\\\/medicinasinc.com\\\/fr\\\/?s={search_term_string}\"},\"query-input\":{\"@type\":\"PropertyValueSpecification\",\"valueRequired\":true,\"valueName\":\"search_term_string\"}}],\"inLanguage\":\"en-US\"}]}<\/script>\n<!-- \/ Yoast SEO plugin. -->","yoast_head_json":{"title":"Acheter 2-FMA 2-Fluorom\u00e9thamph\u00e9tamine (chlorhydrate) - Best Global Meds","description":"Acheter 2-FMA 2-Fluorom\u00e9thamph\u00e9tamine (chlorhydrate) \u00e0 vendre en poudre de haute puret\u00e9 en ligne. Poudre de 2-FMA en gros (99\u00a0% + pure) - Similaire \u00e0 la m\u00e9thamph\u00e9tamine Dose recommand\u00e9e 50-80\u00a0mg","robots":{"index":"index","follow":"follow","max-snippet":"max-snippet:-1","max-image-preview":"max-image-preview:large","max-video-preview":"max-video-preview:-1"},"canonical":"https:\/\/medicinasinc.com\/fr\/product\/acheter-2-fma-2-fluoromethamphetamine-chlorhydrate\/","og_locale":"en_US","og_type":"article","og_title":"Acheter 2-FMA 2-Fluorom\u00e9thamph\u00e9tamine (chlorhydrate) - Best Global Meds","og_description":"Acheter 2-FMA 2-Fluorom\u00e9thamph\u00e9tamine (chlorhydrate) \u00e0 vendre en poudre de haute puret\u00e9 en ligne. Poudre de 2-FMA en gros (99\u00a0% + pure) - Similaire \u00e0 la m\u00e9thamph\u00e9tamine Dose recommand\u00e9e 50-80\u00a0mg","og_url":"https:\/\/medicinasinc.com\/fr\/product\/acheter-2-fma-2-fluoromethamphetamine-chlorhydrate\/","og_site_name":"Medicinas Inc","article_modified_time":"2022-03-17T12:02:08+00:00","og_image":[{"width":750,"height":1000,"url":"https:\/\/medicinasinc.com\/fr\/wp-content\/uploads\/sites\/5\/2022\/02\/Buy-2-FMA.jpg","type":"image\/jpeg"}],"twitter_card":"summary_large_image","twitter_misc":{"Est. reading time":"1 minute"},"schema":{"@context":"https:\/\/schema.org","@graph":[{"@type":"WebPage","@id":"https:\/\/medicinasinc.com\/fr\/product\/acheter-2-fma-2-fluoromethamphetamine-chlorhydrate\/","url":"https:\/\/medicinasinc.com\/fr\/product\/acheter-2-fma-2-fluoromethamphetamine-chlorhydrate\/","name":"Acheter 2-FMA 2-Fluorom\u00e9thamph\u00e9tamine (chlorhydrate) - Best Global Meds","isPartOf":{"@id":"https:\/\/medicinasinc.com\/fr\/#website"},"primaryImageOfPage":{"@id":"https:\/\/medicinasinc.com\/fr\/product\/acheter-2-fma-2-fluoromethamphetamine-chlorhydrate\/#primaryimage"},"image":{"@id":"https:\/\/medicinasinc.com\/fr\/product\/acheter-2-fma-2-fluoromethamphetamine-chlorhydrate\/#primaryimage"},"thumbnailUrl":"https:\/\/medicinasinc.com\/fr\/wp-content\/uploads\/sites\/5\/2022\/02\/Buy-2-FMA.jpg","datePublished":"2022-02-21T21:05:55+00:00","dateModified":"2022-03-17T12:02:08+00:00","description":"Acheter 2-FMA 2-Fluorom\u00e9thamph\u00e9tamine (chlorhydrate) \u00e0 vendre en poudre de haute puret\u00e9 en ligne. Poudre de 2-FMA en gros (99\u00a0% + pure) - Similaire \u00e0 la m\u00e9thamph\u00e9tamine Dose recommand\u00e9e 50-80\u00a0mg","breadcrumb":{"@id":"https:\/\/medicinasinc.com\/fr\/product\/acheter-2-fma-2-fluoromethamphetamine-chlorhydrate\/#breadcrumb"},"inLanguage":"en-US","potentialAction":[{"@type":"ReadAction","target":["https:\/\/medicinasinc.com\/fr\/product\/acheter-2-fma-2-fluoromethamphetamine-chlorhydrate\/"]}]},{"@type":"ImageObject","inLanguage":"en-US","@id":"https:\/\/medicinasinc.com\/fr\/product\/acheter-2-fma-2-fluoromethamphetamine-chlorhydrate\/#primaryimage","url":"https:\/\/medicinasinc.com\/fr\/wp-content\/uploads\/sites\/5\/2022\/02\/Buy-2-FMA.jpg","contentUrl":"https:\/\/medicinasinc.com\/fr\/wp-content\/uploads\/sites\/5\/2022\/02\/Buy-2-FMA.jpg","width":750,"height":1000},{"@type":"BreadcrumbList","@id":"https:\/\/medicinasinc.com\/fr\/product\/acheter-2-fma-2-fluoromethamphetamine-chlorhydrate\/#breadcrumb","itemListElement":[{"@type":"ListItem","position":1,"name":"Boutique","item":"https:\/\/medicinasinc.com\/fr\/boutique\/"},{"@type":"ListItem","position":2,"name":"Acheter 2-FMA 2-Fluorom\u00e9thamph\u00e9tamine (chlorhydrate)"}]},{"@type":"WebSite","@id":"https:\/\/medicinasinc.com\/fr\/#website","url":"https:\/\/medicinasinc.com\/fr\/","name":"Medicinas Inc","description":"Health Medical Clinic","potentialAction":[{"@type":"SearchAction","target":{"@type":"EntryPoint","urlTemplate":"https:\/\/medicinasinc.com\/fr\/?s={search_term_string}"},"query-input":{"@type":"PropertyValueSpecification","valueRequired":true,"valueName":"search_term_string"}}],"inLanguage":"en-US"}]}},"_links":{"self":[{"href":"https:\/\/medicinasinc.com\/fr\/wp-json\/wp\/v2\/product\/5332","targetHints":{"allow":["GET"]}}],"collection":[{"href":"https:\/\/medicinasinc.com\/fr\/wp-json\/wp\/v2\/product"}],"about":[{"href":"https:\/\/medicinasinc.com\/fr\/wp-json\/wp\/v2\/types\/product"}],"replies":[{"embeddable":true,"href":"https:\/\/medicinasinc.com\/fr\/wp-json\/wp\/v2\/comments?post=5332"}],"wp:featuredmedia":[{"embeddable":true,"href":"https:\/\/medicinasinc.com\/fr\/wp-json\/wp\/v2\/media\/5343"}],"wp:attachment":[{"href":"https:\/\/medicinasinc.com\/fr\/wp-json\/wp\/v2\/media?parent=5332"}],"wp:term":[{"taxonomy":"product_brand","embeddable":true,"href":"https:\/\/medicinasinc.com\/fr\/wp-json\/wp\/v2\/product_brand?post=5332"},{"taxonomy":"product_cat","embeddable":true,"href":"https:\/\/medicinasinc.com\/fr\/wp-json\/wp\/v2\/product_cat?post=5332"},{"taxonomy":"product_tag","embeddable":true,"href":"https:\/\/medicinasinc.com\/fr\/wp-json\/wp\/v2\/product_tag?post=5332"}],"curies":[{"name":"wp","href":"https:\/\/api.w.org\/{rel}","templated":true}]}}