{"id":5324,"date":"2022-02-21T20:59:08","date_gmt":"2022-02-21T20:59:08","guid":{"rendered":"https:\/\/medicinasinc.com\/fr\/?post_type=product&#038;p=5324"},"modified":"2022-03-17T12:02:21","modified_gmt":"2022-03-17T12:02:21","slug":"acheter-vicodin","status":"publish","type":"product","link":"https:\/\/medicinasinc.com\/fr\/product\/acheter-vicodin\/","title":{"rendered":"Acheter Vicodin"},"content":{"rendered":"<p>Achat en ligne de comprim\u00e9s d&#8217;hydrocodone Vicodin<\/p>\n<p>VICODIN\u00ae (comprim\u00e9s de bitartrate d&#8217;hydrocodone et d&#8217;ac\u00e9taminoph\u00e8ne, USP 5\u00a0mg\/300\u00a0mg)\u00a0: un ou deux comprim\u00e9s toutes les quatre \u00e0 six heures selon les besoins pour la douleur chez l&#8217;adulte. La dose quotidienne maximale ne doit pas d\u00e9passer huit comprim\u00e9s.<\/p>\n<p>Achat en ligne de comprim\u00e9s d&#8217;hydrocodone Vicodin<br \/> Achetez Vicodin en ligne<\/p>\n<p>Vicodin contient une combinaison d&#8217;hydrocodone et d&#8217;ac\u00e9taminoph\u00e8ne. L&#8217;hydrocodone est un analg\u00e9sique opio\u00efde. Souvent, les opio\u00efdes sont appel\u00e9s narcotiques. L&#8217;ac\u00e9taminoph\u00e8ne est un analg\u00e9sique moins puissant qui renforce les effets de l&#8217;hydrocodone. Vicodin peut \u00eatre achet\u00e9 en ligne et vicodin est \u00e9galement disponible \u00e0 la vente en ligne. Les pilules Vicodin sont utilis\u00e9es pour traiter la douleur l\u00e9g\u00e8re \u00e0 mod\u00e9r\u00e9ment s\u00e9v\u00e8re. Vicodin peut \u00e9galement \u00eatre inclus pour une utilisation non indiqu\u00e9e dans ce guide de m\u00e9dicaments.<\/p>\n<p>Utilisation<\/p>\n<p>Le m\u00e9dicament combin\u00e9 est destin\u00e9 \u00e0 traiter la douleur l\u00e9g\u00e8re \u00e0 mod\u00e9r\u00e9ment s\u00e9v\u00e8re. Cela donne un soulagement de la douleur via la morphine (hydrocodone) et non opio\u00efde (ac\u00e9taminoph\u00e8ne). L&#8217;hydrocodone modifie la perception et la r\u00e9ponse de votre corps \u00e0 la douleur dans le cerveau. L&#8217;ac\u00e9taminoph\u00e8ne peut \u00e9galement aider \u00e0 r\u00e9duire la gravit\u00e9 de la fi\u00e8vre. Le m\u00e9dicament n&#8217;est pas autoris\u00e9 chez les enfants de moins de six ans en raison d&#8217;un risque accru d&#8217;effets ind\u00e9sirables (tels qu&#8217;une respiration lente et superficielle).<\/p>\n<p>Quel est le but de ce m\u00e9dicament\u00a0?<\/p>\n<p> L&#8217;hydrocodone est associ\u00e9e \u00e0 d&#8217;autres produits chimiques et, pour diverses indications, de nombreux m\u00e9dicaments combin\u00e9s sont administr\u00e9s. Certains m\u00e9dicaments combin\u00e9s \u00e0 base d&#8217;hydrocodone sont utilis\u00e9s pour traiter les douleurs l\u00e9g\u00e8res \u00e0 s\u00e9v\u00e8res. D&#8217;autres m\u00e9dicaments contenant une combinaison d&#8217;hydrocodone sont utilis\u00e9s pour r\u00e9duire la toux. L&#8217;hydrocodone est un analg\u00e9sique opio\u00efde (narcotique) et une famille de m\u00e9dicaments appel\u00e9s antitussifs. L&#8217;hydrocodone soulage la douleur en modifiant la r\u00e9ponse du cerveau et du syst\u00e8me nerveux \u00e0 la douleur. L&#8217;hydrocodone soulage la toux en inhibant l&#8217;activit\u00e9 c\u00e9r\u00e9brale associ\u00e9e \u00e0 la toux. Vous prenez de l&#8217;hydrocodone en association avec au moins un autre m\u00e9dicament, mais la monographie n&#8217;offre que des informations sur l&#8217;hydrocodone. Lisez \u00e0 propos des substances suppl\u00e9mentaires dans le m\u00e9dicament hydrocodone que vous prenez.<\/p>\n<p>Comment utiliser\u00a0?<\/p>\n<p>Les produits combin\u00e9s d&#8217;hydrocodone sont disponibles sous les formes suivantes\u00a0: pilule, gel, p\u00e2te, solution ( clarification du liquide), gel \u00e0 lib\u00e9ration prolong\u00e9e (action prolong\u00e9e) et suspension en suspension (liquide) \u00e0 action prolong\u00e9e pour administration orale. Le comprim\u00e9, la capsule, le sirop ou la solution peuvent \u00eatre pris toutes les 4 \u00e0 6 heures selon les besoins. Normalement, toutes les 12 heures, des g\u00e9lules \u00e0 lib\u00e9ration prolong\u00e9e et des suspensions \u00e0 lib\u00e9ration prolong\u00e9e sont prises au besoin. Si vous prenez r\u00e9guli\u00e8rement de l&#8217;hydrocodone, prenez-la \u00e0 la m\u00eame heure chaque jour. Suivez attentivement les instructions sur l&#8217;\u00e9tiquette de votre ordonnance et demandez des \u00e9claircissements \u00e0 votre pharmacien ou \u00e0 votre m\u00e9decin si n\u00e9cessaire. Bien agiter la suspension \u00e0 d\u00e9charge prolong\u00e9e avant utilisation pour s&#8217;assurer que la substance est uniform\u00e9ment r\u00e9partie. Il n&#8217;est pas recommand\u00e9 de combiner la suspension \u00e0 lib\u00e9ration prolong\u00e9e avec d&#8217;autres substances ou liquides, tels que l&#8217;eau.<\/p>\n<p>Si vous utilisez une combinaison d&#8217;hydrocodone, un sirop ou une suspension \u00e0 lib\u00e9ration prolong\u00e9e, n&#8217;utilisez pas de tasse \u00e0 th\u00e9 domestique pour mesurez votre dose. Les cuill\u00e8res \u00e0 caf\u00e9 domestiques ne sont pas des instruments de mesure pr\u00e9cis, et si vous testez vos doses \u00e0 l&#8217;aide d&#8217;une cuill\u00e8re \u00e0 caf\u00e9 domestique, vous risquez de prendre trop ou trop peu de pilules. Plut\u00f4t que cela, utilisez un appareil de mesure bien d\u00e9fini, tel qu&#8217;un compte-gouttes, une cuill\u00e8re \u00e0 m\u00e9dicament ou une seringue orale.<\/p>\n<p>Ce m\u00e9dicament combin\u00e9 est utilis\u00e9 pour traiter la douleur allant de l\u00e9g\u00e8re \u00e0 s\u00e9v\u00e8re. Il comprend un antalgique opio\u00efde (hydrocodone) ainsi qu&#8217;un antalgique non opio\u00efde (ac\u00e9taminoph\u00e8ne). L&#8217;hydrocodone modifie la fa\u00e7on dont votre corps per\u00e7oit et r\u00e9agit \u00e0 la douleur en agissant sur le cerveau. L&#8217;ac\u00e9taminoph\u00e8ne peut \u00e9galement aider \u00e0 r\u00e9duire la fi\u00e8vre.<\/p>\n<p>Ce produit n&#8217;est pas recommand\u00e9 pour les enfants de moins de six ans en raison d&#8217;un risque accru d&#8217;effets ind\u00e9sirables graves (tels qu&#8217;une respiration superficielle\/lente).<\/p>\n<p>L&#8217;hydrocodone est-elle de la vicodine\u00a0?, L&#8217;hydrocodone est-elle de la vicodine\u00a0?, L&#8217;hydrocodone est-elle de la vicodine\u00a0?, L&#8217;hydrocodone est-elle de la vicodine\u00a0?, L&#8217;hydrocodone est-elle de la vicodine\u00a0?, L&#8217;hydrocodone est-elle de la vicodine\u00a0?, L&#8217;hydrocodone est-elle vicodine?, L&#8217;hydrocodone est-elle la vicodine?, L&#8217;hydrocodone est-elle la vicodine? est la vicodine hydrocodone, est la vicodine hydrocodone, est la vicodine hydrocodone, est la vicodine hydrocodone, est la vicodine hydrocodone, est la vicodine hydrocodone, est l&#8217;hydrocodone identique \u00e0 la vicodine, quelle est la diff\u00e9rence entre la vicodine et l&#8217;hydrocodone, quelle est la diff\u00e9rence entre la vicodine et l&#8217;hydrocodone, la vicodine vs hydrocodone La vicodine et l&#8217;hydrocodone sont-elles interchangeables ? l&#8217;hydrocodone est-elle \u00e9quivalente \u00e0 la vicodine ou au percocet ? La vicodine est-elle plus forte que l&#8217;hydrocodone ? L&#8217;hydrocodone et la vicodine sont-elles la m\u00eame chose\u00a0? Quelle est la diff\u00e9rence entre la vicodine et l&#8217;hydrocodone, l&#8217;hydrocodone et la vicodine, la vicodine hydrocodone, l&#8217;hydrocodone est-elle la m\u00eame que la vicodine, la vicodine est-elle la m\u00eame que l&#8217;hydrocodone, l&#8217;hydrocodone ou la vicodine, la vicodine contre l&#8217;hydrocodone, l&#8217;hydrocodone est-elle la vicodine\u00a0?<\/p>\n","protected":false},"excerpt":{"rendered":"<div class=\"woocommerce-product-details__short-description\">\n<p>Chaque comprim\u00e9 Vicodin contient 300\u00a0mg d&#8217;ac\u00e9taminoph\u00e8ne et trois niveaux de dose diff\u00e9rents d&#8217;hydrocodone\u00a0: 5\u00a0mg, 7,5\u00a0mg et 10\u00a0mg.<\/p>\n<p>En ligne pharmacie o\u00f9 vous pouvez acheter Vicodin hydrocodone comprim\u00e9s.<\/p>\n<p>Informez votre m\u00e9decin ou votre pharmacien avant de prendre ce m\u00e9dicament si vous y \u00eates allergique ; ou \u00e0 tout autre stup\u00e9fiant (comme la morphine, la cod\u00e9ine)\u00a0; ou \u00e0 tout autre m\u00e9dicament.<\/p>\n<\/p><\/div>\n","protected":false},"featured_media":5335,"comment_status":"open","ping_status":"closed","template":"","meta":[],"product_brand":[],"product_cat":[1117],"product_tag":[1916,1917,1918,1919,1920,2010,2008,1921,1922,1923,1924,1996,1925,1926,1936,1939,1937,1938,1935,1927,1928,1968,1929,1978,1997,1930,1952,1931,1942,1932,1933,1934,1940,1982,1944,1973,1943,1979,1980,1985,1946,1947,1948,1949,1950,1778,1951,1994,1993,1995,1941,1999,1975,2012,2011,2009,2013,1953,1954,1956,1955,2000,1961,1962,1963,1964,1969,1970,1971,1976,1977,1981,1991,1986,1987,1988,1989,1992,1998,2001,2004,2005,2006,1957,1958,1959,1960,1965,1966,1967,1990,1972,1974,1984,1945,1983,2003,2002,1787,2007],"class_list":{"0":"post-5324","1":"product","2":"type-product","3":"status-publish","4":"has-post-thumbnail","6":"product_cat-acheter-douleur-sommeil-sexe-pilules","7":"product_tag-1p466-vicodin","8":"product_tag-20-mg-de-vicodine","9":"product_tag-2172-pilule-vicodin","10":"product_tag-5-325-vicodin","11":"product_tag-5mg-vicodin","12":"product_tag-a-quoi-ressemble-la-vicodin","13":"product_tag--quoi-ressemble-une-pilule-de-vicodine","14":"product_tag-acheter-vicodin","15":"product_tag-acheter-vicodin-du-canada","16":"product_tag-acheter-vicodin-en-ligne","17":"product_tag-acheter-vicodin-livraison-le-jour-nuit","18":"product_tag-calendrier-vicodin","19":"product_tag-can-you-take-advil-with-vicodin","20":"product_tag-can-you-take-vicodin-and-ibuprofen-together","21":"product_tag-combien-de-temps-dure-la-vicodine","22":"product_tag-combien-de-temps-la-vicodin-met-elle-au-travail","23":"product_tag-combien-de-temps-la-vicodine-reste-dans-votre-organisme","24":"product_tag-combien-de-temps-la-vicodine-reste-dans-votre-organisme-pour-un-test-de-drogue","25":"product_tag-comment-pelez-vous-vicodin","26":"product_tag-cwe-vicodin","27":"product_tag-darvocet-versus-vicodin","28":"product_tag-dpendance--la-vicodine","29":"product_tag-difference-between-norco-and-vicodin","30":"product_tag-doses-de-vicodine","31":"product_tag-vicodin-dure-de-conservation","32":"product_tag-effets-de-la-vicodine","33":"product_tag-effets-secondaires-de-la-vicodine","34":"product_tag-erowid-vicodin","35":"product_tag-is-hydrocodone-vicodine","36":"product_tag-flexeril-et-vicodin","37":"product_tag-gabapentine-et-vicodine","38":"product_tag-generic-name-for-vicodin","39":"product_tag-hydrocodone-vicodin","40":"product_tag-vicodin-es","41":"product_tag-est-vicodine-un-opiode","42":"product_tag-vicodine-et-oxycontin-sont-des-exemples-de","43":"product_tag-est-percocet-plus-fort-que-vicodin","44":"product_tag-vicodin-mdicament","45":"product_tag-vicodin-mdicaments","46":"product_tag-nom-gnrique-vicodin","47":"product_tag-norco-5-325-vs-vicodin","48":"product_tag-norco-vicodine","49":"product_tag-norco-vs-vicodin","50":"product_tag-oxycodone-vs-vicodine","51":"product_tag-percocet-et-vicodin","52":"product_tag-percocet-vs-vicodin","53":"product_tag-photos-de-vicodin","54":"product_tag-vicodin-pilule","55":"product_tag-analgsique-vicodin","56":"product_tag-vicodin-pilules","57":"product_tag-ip-109-pill-vicodin","58":"product_tag-vicodin-forces","59":"product_tag-vicodin-dosage","60":"product_tag-quest-ce-que-la-vicodine","61":"product_tag-quy-a-t-il-de-vicodin","62":"product_tag-que-fait-vicodin","63":"product_tag-quelle-est-la-diffrence-entre-vicodin-et-percocet","64":"product_tag-snorting-vicodin","65":"product_tag-symptmes-du-sevrage-de-la-vicodine","66":"product_tag-tramadol-vs-vicodin","67":"product_tag-tramadol-hcl-50mg-vs-vicodin","68":"product_tag-utilisations-de-la-vicodine","69":"product_tag-vicodin-30-mg","70":"product_tag-vicodin-5","71":"product_tag-vicodin-5-300","72":"product_tag-vicodin-5-300-mg","73":"product_tag-vicodin-alcohol","74":"product_tag-vicodin-alternatives","75":"product_tag-vicodin-and-advil","76":"product_tag-vicodin-dosage-5-325","77":"product_tag-vicodin-dose","78":"product_tag-vicodin-effects","79":"product_tag-vicodin-en-ligne-du-jour-au-lendemain","80":"product_tag-vicodin-high","81":"product_tag-vicodin-house","82":"product_tag-vicodin-hp","83":"product_tag-vicodin-mexique","84":"product_tag-vicodin-overdose","85":"product_tag-vicodin-side-effects","86":"product_tag-vicodin-vs-norco","87":"product_tag-vicodin-vs-tramadol","88":"product_tag-vicodin-vs-tylenol-3","89":"product_tag-vicodin-withdrawal","90":"product_tag-vicodine","91":"product_tag-vicodine-10","92":"product_tag-vicodine-10-milligramme","93":"product_tag-vicodine-10mg","94":"product_tag-vicodine-5-325-mg","95":"product_tag-vicodine-7-5","96":"product_tag-vicodine-750","97":"product_tag-vicodin-en-ligne","98":"product_tag-vicodine-et-alcool","99":"product_tag-vicodin-et-xanax","100":"product_tag-vicodin-gnrique","101":"product_tag-vicodin-naturel","102":"product_tag-vicodin-pour-migraines","103":"product_tag-vicodine-vs-morueine","104":"product_tag-vicodine-vs-oxycodone","105":"product_tag-vicodin-vs-percocet","106":"product_tag-vicodin-xanax","108":"first","109":"instock","110":"shipping-taxable","111":"purchasable","112":"product-type-variable","113":"has-default-attributes"},"yoast_head":"<!-- This site is optimized with the Yoast SEO plugin v27.3 - https:\/\/yoast.com\/product\/yoast-seo-wordpress\/ -->\n<title>Acheter des pilules d&#039;hydrocodone Vicodin en ligne - Best Global Meds<\/title>\n<meta name=\"description\" content=\"Acheter des pilules d&#039;hydrocodone Vicodin en ligne. Chaque\u00a0comprim\u00e9 de Vicodin\u00a0contient 300\u00a0mg\u00a0d&#039;ac\u00e9taminoph\u00e8ne et se d\u00e9cline en trois niveaux de dosage diff\u00e9rents d&#039;hydrocodone\u00a0: 5\u00a0mg, 7,5\u00a0mg et 10\u00a0mg.\" \/>\n<meta name=\"robots\" content=\"index, follow, max-snippet:-1, max-image-preview:large, max-video-preview:-1\" \/>\n<link rel=\"canonical\" href=\"https:\/\/medicinasinc.com\/fr\/product\/acheter-vicodin\/\" \/>\n<meta property=\"og:locale\" content=\"en_US\" \/>\n<meta property=\"og:type\" content=\"article\" \/>\n<meta property=\"og:title\" content=\"Acheter des pilules d&#039;hydrocodone Vicodin en ligne - Best Global Meds\" \/>\n<meta property=\"og:description\" content=\"Acheter des pilules d&#039;hydrocodone Vicodin en ligne. Chaque\u00a0comprim\u00e9 de Vicodin\u00a0contient 300\u00a0mg\u00a0d&#039;ac\u00e9taminoph\u00e8ne et se d\u00e9cline en trois niveaux de dosage diff\u00e9rents d&#039;hydrocodone\u00a0: 5\u00a0mg, 7,5\u00a0mg et 10\u00a0mg.\" \/>\n<meta property=\"og:url\" content=\"https:\/\/medicinasinc.com\/fr\/product\/acheter-vicodin\/\" \/>\n<meta property=\"og:site_name\" content=\"Medicinas Inc\" \/>\n<meta property=\"article:modified_time\" content=\"2022-03-17T12:02:21+00:00\" \/>\n<meta property=\"og:image\" content=\"https:\/\/medicinasinc.com\/fr\/wp-content\/uploads\/sites\/5\/2022\/02\/Buy-Vicodin.jpg\" \/>\n\t<meta property=\"og:image:width\" content=\"428\" \/>\n\t<meta property=\"og:image:height\" content=\"293\" \/>\n\t<meta property=\"og:image:type\" content=\"image\/jpeg\" \/>\n<meta name=\"twitter:card\" content=\"summary_large_image\" \/>\n<meta name=\"twitter:label1\" content=\"Est. reading time\" \/>\n\t<meta name=\"twitter:data1\" content=\"4 minutes\" \/>\n<script type=\"application\/ld+json\" class=\"yoast-schema-graph\">{\"@context\":\"https:\\\/\\\/schema.org\",\"@graph\":[{\"@type\":\"WebPage\",\"@id\":\"https:\\\/\\\/medicinasinc.com\\\/fr\\\/product\\\/acheter-vicodin\\\/\",\"url\":\"https:\\\/\\\/medicinasinc.com\\\/fr\\\/product\\\/acheter-vicodin\\\/\",\"name\":\"Acheter des pilules d'hydrocodone Vicodin en ligne - Best Global Meds\",\"isPartOf\":{\"@id\":\"https:\\\/\\\/medicinasinc.com\\\/fr\\\/#website\"},\"primaryImageOfPage\":{\"@id\":\"https:\\\/\\\/medicinasinc.com\\\/fr\\\/product\\\/acheter-vicodin\\\/#primaryimage\"},\"image\":{\"@id\":\"https:\\\/\\\/medicinasinc.com\\\/fr\\\/product\\\/acheter-vicodin\\\/#primaryimage\"},\"thumbnailUrl\":\"https:\\\/\\\/medicinasinc.com\\\/fr\\\/wp-content\\\/uploads\\\/sites\\\/5\\\/2022\\\/02\\\/Buy-Vicodin.jpg\",\"datePublished\":\"2022-02-21T20:59:08+00:00\",\"dateModified\":\"2022-03-17T12:02:21+00:00\",\"description\":\"Acheter des pilules d'hydrocodone Vicodin en ligne. Chaque\u00a0comprim\u00e9 de Vicodin\u00a0contient 300\u00a0mg\u00a0d'ac\u00e9taminoph\u00e8ne et se d\u00e9cline en trois niveaux de dosage diff\u00e9rents d'hydrocodone\u00a0: 5\u00a0mg, 7,5\u00a0mg et 10\u00a0mg.\",\"breadcrumb\":{\"@id\":\"https:\\\/\\\/medicinasinc.com\\\/fr\\\/product\\\/acheter-vicodin\\\/#breadcrumb\"},\"inLanguage\":\"en-US\",\"potentialAction\":[{\"@type\":\"ReadAction\",\"target\":[\"https:\\\/\\\/medicinasinc.com\\\/fr\\\/product\\\/acheter-vicodin\\\/\"]}]},{\"@type\":\"ImageObject\",\"inLanguage\":\"en-US\",\"@id\":\"https:\\\/\\\/medicinasinc.com\\\/fr\\\/product\\\/acheter-vicodin\\\/#primaryimage\",\"url\":\"https:\\\/\\\/medicinasinc.com\\\/fr\\\/wp-content\\\/uploads\\\/sites\\\/5\\\/2022\\\/02\\\/Buy-Vicodin.jpg\",\"contentUrl\":\"https:\\\/\\\/medicinasinc.com\\\/fr\\\/wp-content\\\/uploads\\\/sites\\\/5\\\/2022\\\/02\\\/Buy-Vicodin.jpg\",\"width\":428,\"height\":293},{\"@type\":\"BreadcrumbList\",\"@id\":\"https:\\\/\\\/medicinasinc.com\\\/fr\\\/product\\\/acheter-vicodin\\\/#breadcrumb\",\"itemListElement\":[{\"@type\":\"ListItem\",\"position\":1,\"name\":\"Boutique\",\"item\":\"https:\\\/\\\/medicinasinc.com\\\/fr\\\/boutique\\\/\"},{\"@type\":\"ListItem\",\"position\":2,\"name\":\"Acheter Vicodin\"}]},{\"@type\":\"WebSite\",\"@id\":\"https:\\\/\\\/medicinasinc.com\\\/fr\\\/#website\",\"url\":\"https:\\\/\\\/medicinasinc.com\\\/fr\\\/\",\"name\":\"Medicinas Inc\",\"description\":\"Health Medical Clinic\",\"potentialAction\":[{\"@type\":\"SearchAction\",\"target\":{\"@type\":\"EntryPoint\",\"urlTemplate\":\"https:\\\/\\\/medicinasinc.com\\\/fr\\\/?s={search_term_string}\"},\"query-input\":{\"@type\":\"PropertyValueSpecification\",\"valueRequired\":true,\"valueName\":\"search_term_string\"}}],\"inLanguage\":\"en-US\"}]}<\/script>\n<!-- \/ Yoast SEO plugin. -->","yoast_head_json":{"title":"Acheter des pilules d'hydrocodone Vicodin en ligne - Best Global Meds","description":"Acheter des pilules d'hydrocodone Vicodin en ligne. Chaque\u00a0comprim\u00e9 de Vicodin\u00a0contient 300\u00a0mg\u00a0d'ac\u00e9taminoph\u00e8ne et se d\u00e9cline en trois niveaux de dosage diff\u00e9rents d'hydrocodone\u00a0: 5\u00a0mg, 7,5\u00a0mg et 10\u00a0mg.","robots":{"index":"index","follow":"follow","max-snippet":"max-snippet:-1","max-image-preview":"max-image-preview:large","max-video-preview":"max-video-preview:-1"},"canonical":"https:\/\/medicinasinc.com\/fr\/product\/acheter-vicodin\/","og_locale":"en_US","og_type":"article","og_title":"Acheter des pilules d'hydrocodone Vicodin en ligne - Best Global Meds","og_description":"Acheter des pilules d'hydrocodone Vicodin en ligne. Chaque\u00a0comprim\u00e9 de Vicodin\u00a0contient 300\u00a0mg\u00a0d'ac\u00e9taminoph\u00e8ne et se d\u00e9cline en trois niveaux de dosage diff\u00e9rents d'hydrocodone\u00a0: 5\u00a0mg, 7,5\u00a0mg et 10\u00a0mg.","og_url":"https:\/\/medicinasinc.com\/fr\/product\/acheter-vicodin\/","og_site_name":"Medicinas Inc","article_modified_time":"2022-03-17T12:02:21+00:00","og_image":[{"width":428,"height":293,"url":"https:\/\/medicinasinc.com\/fr\/wp-content\/uploads\/sites\/5\/2022\/02\/Buy-Vicodin.jpg","type":"image\/jpeg"}],"twitter_card":"summary_large_image","twitter_misc":{"Est. reading time":"4 minutes"},"schema":{"@context":"https:\/\/schema.org","@graph":[{"@type":"WebPage","@id":"https:\/\/medicinasinc.com\/fr\/product\/acheter-vicodin\/","url":"https:\/\/medicinasinc.com\/fr\/product\/acheter-vicodin\/","name":"Acheter des pilules d'hydrocodone Vicodin en ligne - Best Global Meds","isPartOf":{"@id":"https:\/\/medicinasinc.com\/fr\/#website"},"primaryImageOfPage":{"@id":"https:\/\/medicinasinc.com\/fr\/product\/acheter-vicodin\/#primaryimage"},"image":{"@id":"https:\/\/medicinasinc.com\/fr\/product\/acheter-vicodin\/#primaryimage"},"thumbnailUrl":"https:\/\/medicinasinc.com\/fr\/wp-content\/uploads\/sites\/5\/2022\/02\/Buy-Vicodin.jpg","datePublished":"2022-02-21T20:59:08+00:00","dateModified":"2022-03-17T12:02:21+00:00","description":"Acheter des pilules d'hydrocodone Vicodin en ligne. Chaque\u00a0comprim\u00e9 de Vicodin\u00a0contient 300\u00a0mg\u00a0d'ac\u00e9taminoph\u00e8ne et se d\u00e9cline en trois niveaux de dosage diff\u00e9rents d'hydrocodone\u00a0: 5\u00a0mg, 7,5\u00a0mg et 10\u00a0mg.","breadcrumb":{"@id":"https:\/\/medicinasinc.com\/fr\/product\/acheter-vicodin\/#breadcrumb"},"inLanguage":"en-US","potentialAction":[{"@type":"ReadAction","target":["https:\/\/medicinasinc.com\/fr\/product\/acheter-vicodin\/"]}]},{"@type":"ImageObject","inLanguage":"en-US","@id":"https:\/\/medicinasinc.com\/fr\/product\/acheter-vicodin\/#primaryimage","url":"https:\/\/medicinasinc.com\/fr\/wp-content\/uploads\/sites\/5\/2022\/02\/Buy-Vicodin.jpg","contentUrl":"https:\/\/medicinasinc.com\/fr\/wp-content\/uploads\/sites\/5\/2022\/02\/Buy-Vicodin.jpg","width":428,"height":293},{"@type":"BreadcrumbList","@id":"https:\/\/medicinasinc.com\/fr\/product\/acheter-vicodin\/#breadcrumb","itemListElement":[{"@type":"ListItem","position":1,"name":"Boutique","item":"https:\/\/medicinasinc.com\/fr\/boutique\/"},{"@type":"ListItem","position":2,"name":"Acheter Vicodin"}]},{"@type":"WebSite","@id":"https:\/\/medicinasinc.com\/fr\/#website","url":"https:\/\/medicinasinc.com\/fr\/","name":"Medicinas Inc","description":"Health Medical Clinic","potentialAction":[{"@type":"SearchAction","target":{"@type":"EntryPoint","urlTemplate":"https:\/\/medicinasinc.com\/fr\/?s={search_term_string}"},"query-input":{"@type":"PropertyValueSpecification","valueRequired":true,"valueName":"search_term_string"}}],"inLanguage":"en-US"}]}},"_links":{"self":[{"href":"https:\/\/medicinasinc.com\/fr\/wp-json\/wp\/v2\/product\/5324","targetHints":{"allow":["GET"]}}],"collection":[{"href":"https:\/\/medicinasinc.com\/fr\/wp-json\/wp\/v2\/product"}],"about":[{"href":"https:\/\/medicinasinc.com\/fr\/wp-json\/wp\/v2\/types\/product"}],"replies":[{"embeddable":true,"href":"https:\/\/medicinasinc.com\/fr\/wp-json\/wp\/v2\/comments?post=5324"}],"wp:featuredmedia":[{"embeddable":true,"href":"https:\/\/medicinasinc.com\/fr\/wp-json\/wp\/v2\/media\/5335"}],"wp:attachment":[{"href":"https:\/\/medicinasinc.com\/fr\/wp-json\/wp\/v2\/media?parent=5324"}],"wp:term":[{"taxonomy":"product_brand","embeddable":true,"href":"https:\/\/medicinasinc.com\/fr\/wp-json\/wp\/v2\/product_brand?post=5324"},{"taxonomy":"product_cat","embeddable":true,"href":"https:\/\/medicinasinc.com\/fr\/wp-json\/wp\/v2\/product_cat?post=5324"},{"taxonomy":"product_tag","embeddable":true,"href":"https:\/\/medicinasinc.com\/fr\/wp-json\/wp\/v2\/product_tag?post=5324"}],"curies":[{"name":"wp","href":"https:\/\/api.w.org\/{rel}","templated":true}]}}