{"id":5323,"date":"2022-02-21T20:57:56","date_gmt":"2022-02-21T20:57:56","guid":{"rendered":"https:\/\/medicinasinc.com\/fr\/?post_type=product&#038;p=5323"},"modified":"2022-03-17T12:02:36","modified_gmt":"2022-03-17T12:02:36","slug":"acheter-ultram-tramadol-200-mg","status":"publish","type":"product","link":"https:\/\/medicinasinc.com\/fr\/product\/acheter-ultram-tramadol-200-mg\/","title":{"rendered":"Acheter Ultram Tramadol 200 mg"},"content":{"rendered":"<p>200\u00a0mg de tramadol<\/p>\n<p>Le tramadol est un relaxant musculaire vraiment unique avec un l\u00e9ger effet mu-opio\u00efde (par rapport aux autres opio\u00efdes) et un l\u00e9ger effet monoaminergique (par rapport aux antid\u00e9presseurs tricycliques). Le tramadol a un profil d&#8217;effets secondaires tol\u00e9rables par rapport aux antid\u00e9presseurs tricycliques et aux anti\u00e9pileptiques.<\/p>\n<p>La tol\u00e9rance et la d\u00e9pendance sont des cons\u00e9quences m\u00e9dicales rares, bien qu&#8217;elles existent. L&#8217;activit\u00e9 du tramadol ne se limite pas \u00e0 la neuropathie ; il diminue \u00e9galement les sensations d\u00e9sagr\u00e9ables (nociceptives), ce qui en fait l&#8217;un des quatre types de douleur.<\/p>\n<p>Description\u00a0:<\/p>\n<p>Le tramadol n&#8217;est pas pour les \u00e2mes sensibles, car c&#8217;est un puissant psychoactif substance. L&#8217;effet analg\u00e9sique prend 15 \u00e0 30 minutes pour faire effet et dure 6 heures. Il peut \u00e9galement \u00eatre utilis\u00e9 avec du parac\u00e9tamol. Le tramadol est un s\u00e9datif.<\/p>\n<p>Le tramadol, en tant que m\u00e9dicament extr\u00eamement puissant, doit \u00eatre pris exactement tel que prescrit. Le m\u00e9decin est responsable en dernier ressort de la d\u00e9termination de la dur\u00e9e du traitement. L&#8217;usage de drogues illicites peut avoir des r\u00e9percussions graves, voire mortelles. Pendant le traitement au tramadol, vous devez \u00e9viter de conduire une voiture ou d&#8217;effectuer d&#8217;autres t\u00e2ches qui n\u00e9cessitent un niveau de concentration \u00e9lev\u00e9.<\/p>\n<p>\u00c9tant donn\u00e9 que le tramadol est un agoniste des opio\u00efdes, il a le potentiel de cr\u00e9er des effets \u00e0 la fois mentaux et physiques. d\u00e9pendance. La Convention internationale classe ce produit chimique comme stup\u00e9fiant. Par cons\u00e9quent, il n&#8217;est disponible que sur ordonnance d&#8217;un m\u00e9decin. Les analg\u00e9siques non opio\u00efdes ne sont prescrits que lorsque les m\u00e9dicaments non opio\u00efdes sont inefficaces.<\/p>\n<p>M\u00e9dicaments\u00a0:<\/p>\n<p>Prenez du tramadol par voie orale selon les prescriptions de votre m\u00e9decin, souvent toutes les 4 \u00e0 6\u00a0heures, au besoin. Le tramadol peut \u00eatre pris sans danger avec ou sans nourriture. Si vous avez des naus\u00e9es, le tramadol pris avec de la nourriture peut vous aider. Des mesures suppl\u00e9mentaires de soulagement des naus\u00e9es peuvent \u00eatre abord\u00e9es avec votre m\u00e9decin ou votre pharmacien (comme s&#8217;allonger pendant 1 \u00e0 2 heures avec le moins de mouvements de t\u00eate possible). Notre site Web vous permet d&#8217;acheter du tramadol 200 mg en ligne.<\/p>\n<p>La dose est bas\u00e9e sur votre \u00e9tat de sant\u00e9 et votre r\u00e9action au traitement. Pour minimiser le risque d&#8217;effets ind\u00e9sirables, votre m\u00e9decin peut vous sugg\u00e9rer de commencer par une faible dose de tramadol et de l&#8217;augmenter progressivement. Respectez les conseils de votre m\u00e9decin. La dose quotidienne recommand\u00e9e la plus \u00e9lev\u00e9e est de 400 mg. La dose maximale recommand\u00e9e pour les personnes de plus de 75 ans est de 300 mg par jour. N&#8217;augmentez pas votre dose de tramadol, utilisez-le plus fr\u00e9quemment ou pendant une p\u00e9riode prolong\u00e9e que celle prescrite. Lorsque le tramadol est prescrit, il doit \u00eatre interrompu imm\u00e9diatement.<\/p>\n<p>Il est recommand\u00e9 d&#8217;utiliser le tramadol bon march\u00e9 en ligne avec une extr\u00eame prudence chez<\/p>\n<p>Les personnes d\u00e9pendantes aux opiac\u00e9s\u00a0; ceux qui ont subi une l\u00e9sion c\u00e9r\u00e9brale, un choc ou un niveau de conscience diminu\u00e9 pour une raison inconnue\u00a0; et<\/p>\n<p>En plus des troubles du centre respiratoire ou de la fonction respiratoire,<\/p>\n<p>une augmentation correspondante de la pression intracr\u00e2nienne (PIC).<br \/> dysfonctionnement des syst\u00e8mes r\u00e9nal et h\u00e9patique<\/p>\n<p>Le chlorhydrate de tramadol doit \u00eatre pris avec prudence chez les personnes sensibles aux opiac\u00e9s.<\/p>\n","protected":false},"excerpt":{"rendered":"<p>Pharmacie en ligne pour acheter des comprim\u00e9s Ultram Tramadol 200mg<\/p>\n<p>Tramadol Ultram Achetez en ligne.<\/p>\n<p>Commandez Tramadol Cod pendant la nuit. Livraison de tramadol bon march\u00e9 le lendemain<\/p>\n<p>D\u00e9couvrez o\u00f9\u00a0commander du tramadol\u00a0en ligne sans ordonnance au meilleur prix. &#8230; Comprim\u00e9s disponibles dans les dosages suivants\u00a0: 50\u00a0mg, 100\u00a0mg, 150\u00a0mg et 200\u00a0mg.<\/p>\n<div class=\"product-next-previous\">\n<div class=\"product-prev\"><\/div>\n<\/p><\/div>\n","protected":false},"featured_media":5333,"comment_status":"open","ping_status":"closed","template":"","meta":[],"product_brand":[],"product_cat":[1117],"product_tag":[1904,1906,1905,1907,1908,1912,1909,1910,1913,1911,1914,1915],"class_list":{"0":"post-5323","1":"product","2":"type-product","3":"status-publish","4":"has-post-thumbnail","6":"product_cat-acheter-douleur-sommeil-sexe-pilules","7":"product_tag-acheter-tramadol-en-floride","8":"product_tag-acheter-tramadol-en-ligne-du-jour-au-lendemain","9":"product_tag-acheter-tramadol-en-ligne-pas-cher","10":"product_tag-cheap-tramadol-without-a-prescription","11":"product_tag-cheap-ultram-no-prescription","12":"product_tag-tramadol-chlorhydrate-paractamol","13":"product_tag-generic-ultram-er","14":"product_tag-overnight-tramadol","15":"product_tag-tramadol-effets-secondaires-chiens","16":"product_tag-tramadol-hcl-50mg-utilis","17":"product_tag-ultram-drug-interactions","18":"product_tag-ultram-er-200","20":"first","21":"instock","22":"shipping-taxable","23":"purchasable","24":"product-type-variable","25":"has-default-attributes"},"yoast_head":"<!-- This site is optimized with the Yoast SEO plugin v27.2 - https:\/\/yoast.com\/product\/yoast-seo-wordpress\/ -->\n<title>Acheter des pilules Ultram Tramadol 200 mg en ligne - Best Global Meds<\/title>\n<meta name=\"description\" content=\"Achetez Tramadol Ultram 200 mg en ligne. Commandez Tramadol Overnight Cod. D\u00e9tails\u00a0:\u00a0Livraison de nuit en ligne Tramadol pas cher\" \/>\n<meta name=\"robots\" content=\"index, follow, max-snippet:-1, max-image-preview:large, max-video-preview:-1\" \/>\n<link rel=\"canonical\" href=\"https:\/\/medicinasinc.com\/fr\/product\/acheter-ultram-tramadol-200-mg\/\" \/>\n<meta property=\"og:locale\" content=\"en_US\" \/>\n<meta property=\"og:type\" content=\"article\" \/>\n<meta property=\"og:title\" content=\"Acheter des pilules Ultram Tramadol 200 mg en ligne - Best Global Meds\" \/>\n<meta property=\"og:description\" content=\"Achetez Tramadol Ultram 200 mg en ligne. Commandez Tramadol Overnight Cod. D\u00e9tails\u00a0:\u00a0Livraison de nuit en ligne Tramadol pas cher\" \/>\n<meta property=\"og:url\" content=\"https:\/\/medicinasinc.com\/fr\/product\/acheter-ultram-tramadol-200-mg\/\" \/>\n<meta property=\"og:site_name\" content=\"Medicinas Inc\" \/>\n<meta property=\"article:modified_time\" content=\"2022-03-17T12:02:36+00:00\" \/>\n<meta property=\"og:image\" content=\"https:\/\/medicinasinc.com\/fr\/wp-content\/uploads\/sites\/5\/2022\/02\/Buy-Ultram-Tramadol-200mg.jpg\" \/>\n\t<meta property=\"og:image:width\" content=\"300\" \/>\n\t<meta property=\"og:image:height\" content=\"225\" \/>\n\t<meta property=\"og:image:type\" content=\"image\/jpeg\" \/>\n<meta name=\"twitter:card\" content=\"summary_large_image\" \/>\n<meta name=\"twitter:label1\" content=\"Est. reading time\" \/>\n\t<meta name=\"twitter:data1\" content=\"2 minutes\" \/>\n<script type=\"application\/ld+json\" class=\"yoast-schema-graph\">{\"@context\":\"https:\/\/schema.org\",\"@graph\":[{\"@type\":\"WebPage\",\"@id\":\"https:\/\/medicinasinc.com\/fr\/product\/acheter-ultram-tramadol-200-mg\/\",\"url\":\"https:\/\/medicinasinc.com\/fr\/product\/acheter-ultram-tramadol-200-mg\/\",\"name\":\"Acheter des pilules Ultram Tramadol 200 mg en ligne - Best Global Meds\",\"isPartOf\":{\"@id\":\"https:\/\/medicinasinc.com\/fr\/#website\"},\"primaryImageOfPage\":{\"@id\":\"https:\/\/medicinasinc.com\/fr\/product\/acheter-ultram-tramadol-200-mg\/#primaryimage\"},\"image\":{\"@id\":\"https:\/\/medicinasinc.com\/fr\/product\/acheter-ultram-tramadol-200-mg\/#primaryimage\"},\"thumbnailUrl\":\"https:\/\/medicinasinc.com\/fr\/wp-content\/uploads\/sites\/5\/2022\/02\/Buy-Ultram-Tramadol-200mg.jpg\",\"datePublished\":\"2022-02-21T20:57:56+00:00\",\"dateModified\":\"2022-03-17T12:02:36+00:00\",\"description\":\"Achetez Tramadol Ultram 200 mg en ligne. Commandez Tramadol Overnight Cod. D\u00e9tails\u00a0:\u00a0Livraison de nuit en ligne Tramadol pas cher\",\"breadcrumb\":{\"@id\":\"https:\/\/medicinasinc.com\/fr\/product\/acheter-ultram-tramadol-200-mg\/#breadcrumb\"},\"inLanguage\":\"en-US\",\"potentialAction\":[{\"@type\":\"ReadAction\",\"target\":[\"https:\/\/medicinasinc.com\/fr\/product\/acheter-ultram-tramadol-200-mg\/\"]}]},{\"@type\":\"ImageObject\",\"inLanguage\":\"en-US\",\"@id\":\"https:\/\/medicinasinc.com\/fr\/product\/acheter-ultram-tramadol-200-mg\/#primaryimage\",\"url\":\"https:\/\/medicinasinc.com\/fr\/wp-content\/uploads\/sites\/5\/2022\/02\/Buy-Ultram-Tramadol-200mg.jpg\",\"contentUrl\":\"https:\/\/medicinasinc.com\/fr\/wp-content\/uploads\/sites\/5\/2022\/02\/Buy-Ultram-Tramadol-200mg.jpg\",\"width\":300,\"height\":225},{\"@type\":\"BreadcrumbList\",\"@id\":\"https:\/\/medicinasinc.com\/fr\/product\/acheter-ultram-tramadol-200-mg\/#breadcrumb\",\"itemListElement\":[{\"@type\":\"ListItem\",\"position\":1,\"name\":\"Boutique\",\"item\":\"https:\/\/medicinasinc.com\/fr\/boutique\/\"},{\"@type\":\"ListItem\",\"position\":2,\"name\":\"Acheter Ultram Tramadol 200 mg\"}]},{\"@type\":\"WebSite\",\"@id\":\"https:\/\/medicinasinc.com\/fr\/#website\",\"url\":\"https:\/\/medicinasinc.com\/fr\/\",\"name\":\"Medicinas Inc\",\"description\":\"Health Medical Clinic\",\"potentialAction\":[{\"@type\":\"SearchAction\",\"target\":{\"@type\":\"EntryPoint\",\"urlTemplate\":\"https:\/\/medicinasinc.com\/fr\/?s={search_term_string}\"},\"query-input\":{\"@type\":\"PropertyValueSpecification\",\"valueRequired\":true,\"valueName\":\"search_term_string\"}}],\"inLanguage\":\"en-US\"}]}<\/script>\n<!-- \/ Yoast SEO plugin. -->","yoast_head_json":{"title":"Acheter des pilules Ultram Tramadol 200 mg en ligne - Best Global Meds","description":"Achetez Tramadol Ultram 200 mg en ligne. Commandez Tramadol Overnight Cod. D\u00e9tails\u00a0:\u00a0Livraison de nuit en ligne Tramadol pas cher","robots":{"index":"index","follow":"follow","max-snippet":"max-snippet:-1","max-image-preview":"max-image-preview:large","max-video-preview":"max-video-preview:-1"},"canonical":"https:\/\/medicinasinc.com\/fr\/product\/acheter-ultram-tramadol-200-mg\/","og_locale":"en_US","og_type":"article","og_title":"Acheter des pilules Ultram Tramadol 200 mg en ligne - Best Global Meds","og_description":"Achetez Tramadol Ultram 200 mg en ligne. Commandez Tramadol Overnight Cod. D\u00e9tails\u00a0:\u00a0Livraison de nuit en ligne Tramadol pas cher","og_url":"https:\/\/medicinasinc.com\/fr\/product\/acheter-ultram-tramadol-200-mg\/","og_site_name":"Medicinas Inc","article_modified_time":"2022-03-17T12:02:36+00:00","og_image":[{"width":300,"height":225,"url":"https:\/\/medicinasinc.com\/fr\/wp-content\/uploads\/sites\/5\/2022\/02\/Buy-Ultram-Tramadol-200mg.jpg","type":"image\/jpeg"}],"twitter_card":"summary_large_image","twitter_misc":{"Est. reading time":"2 minutes"},"schema":{"@context":"https:\/\/schema.org","@graph":[{"@type":"WebPage","@id":"https:\/\/medicinasinc.com\/fr\/product\/acheter-ultram-tramadol-200-mg\/","url":"https:\/\/medicinasinc.com\/fr\/product\/acheter-ultram-tramadol-200-mg\/","name":"Acheter des pilules Ultram Tramadol 200 mg en ligne - Best Global Meds","isPartOf":{"@id":"https:\/\/medicinasinc.com\/fr\/#website"},"primaryImageOfPage":{"@id":"https:\/\/medicinasinc.com\/fr\/product\/acheter-ultram-tramadol-200-mg\/#primaryimage"},"image":{"@id":"https:\/\/medicinasinc.com\/fr\/product\/acheter-ultram-tramadol-200-mg\/#primaryimage"},"thumbnailUrl":"https:\/\/medicinasinc.com\/fr\/wp-content\/uploads\/sites\/5\/2022\/02\/Buy-Ultram-Tramadol-200mg.jpg","datePublished":"2022-02-21T20:57:56+00:00","dateModified":"2022-03-17T12:02:36+00:00","description":"Achetez Tramadol Ultram 200 mg en ligne. Commandez Tramadol Overnight Cod. D\u00e9tails\u00a0:\u00a0Livraison de nuit en ligne Tramadol pas cher","breadcrumb":{"@id":"https:\/\/medicinasinc.com\/fr\/product\/acheter-ultram-tramadol-200-mg\/#breadcrumb"},"inLanguage":"en-US","potentialAction":[{"@type":"ReadAction","target":["https:\/\/medicinasinc.com\/fr\/product\/acheter-ultram-tramadol-200-mg\/"]}]},{"@type":"ImageObject","inLanguage":"en-US","@id":"https:\/\/medicinasinc.com\/fr\/product\/acheter-ultram-tramadol-200-mg\/#primaryimage","url":"https:\/\/medicinasinc.com\/fr\/wp-content\/uploads\/sites\/5\/2022\/02\/Buy-Ultram-Tramadol-200mg.jpg","contentUrl":"https:\/\/medicinasinc.com\/fr\/wp-content\/uploads\/sites\/5\/2022\/02\/Buy-Ultram-Tramadol-200mg.jpg","width":300,"height":225},{"@type":"BreadcrumbList","@id":"https:\/\/medicinasinc.com\/fr\/product\/acheter-ultram-tramadol-200-mg\/#breadcrumb","itemListElement":[{"@type":"ListItem","position":1,"name":"Boutique","item":"https:\/\/medicinasinc.com\/fr\/boutique\/"},{"@type":"ListItem","position":2,"name":"Acheter Ultram Tramadol 200 mg"}]},{"@type":"WebSite","@id":"https:\/\/medicinasinc.com\/fr\/#website","url":"https:\/\/medicinasinc.com\/fr\/","name":"Medicinas Inc","description":"Health Medical Clinic","potentialAction":[{"@type":"SearchAction","target":{"@type":"EntryPoint","urlTemplate":"https:\/\/medicinasinc.com\/fr\/?s={search_term_string}"},"query-input":{"@type":"PropertyValueSpecification","valueRequired":true,"valueName":"search_term_string"}}],"inLanguage":"en-US"}]}},"_links":{"self":[{"href":"https:\/\/medicinasinc.com\/fr\/wp-json\/wp\/v2\/product\/5323","targetHints":{"allow":["GET"]}}],"collection":[{"href":"https:\/\/medicinasinc.com\/fr\/wp-json\/wp\/v2\/product"}],"about":[{"href":"https:\/\/medicinasinc.com\/fr\/wp-json\/wp\/v2\/types\/product"}],"replies":[{"embeddable":true,"href":"https:\/\/medicinasinc.com\/fr\/wp-json\/wp\/v2\/comments?post=5323"}],"wp:featuredmedia":[{"embeddable":true,"href":"https:\/\/medicinasinc.com\/fr\/wp-json\/wp\/v2\/media\/5333"}],"wp:attachment":[{"href":"https:\/\/medicinasinc.com\/fr\/wp-json\/wp\/v2\/media?parent=5323"}],"wp:term":[{"taxonomy":"product_brand","embeddable":true,"href":"https:\/\/medicinasinc.com\/fr\/wp-json\/wp\/v2\/product_brand?post=5323"},{"taxonomy":"product_cat","embeddable":true,"href":"https:\/\/medicinasinc.com\/fr\/wp-json\/wp\/v2\/product_cat?post=5323"},{"taxonomy":"product_tag","embeddable":true,"href":"https:\/\/medicinasinc.com\/fr\/wp-json\/wp\/v2\/product_tag?post=5323"}],"curies":[{"name":"wp","href":"https:\/\/api.w.org\/{rel}","templated":true}]}}