{"id":5322,"date":"2022-02-21T20:57:13","date_gmt":"2022-02-21T20:57:13","guid":{"rendered":"https:\/\/medicinasinc.com\/fr\/?post_type=product&#038;p=5322"},"modified":"2022-03-17T12:02:53","modified_gmt":"2022-03-17T12:02:53","slug":"tramadol-100mg","status":"publish","type":"product","link":"https:\/\/medicinasinc.com\/fr\/product\/tramadol-100mg\/","title":{"rendered":"Tramadol 100mg"},"content":{"rendered":"<p>Tramadol 100\u00a0mg pour les douleurs intenses<\/p>\n<p>Certaines blessures n\u00e9cessitent des ann\u00e9es pour gu\u00e9rir, p\u00e9riode pendant laquelle la victime doit endurer une g\u00eane. La douleur associ\u00e9e \u00e0 la blessure peut varier de l\u00e9g\u00e8re \u00e0 s\u00e9v\u00e8re, selon la profondeur et la taille de la plaie. Cependant, la douleur lancinante peut parfois perturber la routine habituelle de l&#8217;individu. Dans de tels cas, les gens devront trouver un moyen de survie. Ils peuvent atteindre la survie pr\u00e9vue en soulageant une partie de la douleur. Ils peuvent acheter du tramadol 100\u00a0mg en ligne aupr\u00e8s de diverses sources pour obtenir un soulagement imm\u00e9diat de la douleur.<\/p>\n<p>Le tramadol 100\u00a0mg est efficace<\/p>\n<p>Acheter du tramadol 100\u00a0mg en ligne pour aider \u00e0 soulager la douleur et leur permettre de continuer avec leur routine. Cependant, le tramadol agit diff\u00e9remment des autres m\u00e9dicaments. La fonction principale de la tablette est de soulager la douleur et non de gu\u00e9rir la blessure. Les comprim\u00e9s ont un effet sur les nerfs douloureux du cerveau. Il engourdit les veines, les emp\u00eachant de ressentir de la douleur. En cons\u00e9quence, l&#8217;engourdissement les aidera \u00e0 survivre \u00e0 la journ\u00e9e sans interf\u00e9rer avec leur routine normale.<\/p>\n<p>R\u00e9actions ind\u00e9sirables graves<\/p>\n<p>L&#8217;engourdissement de la douleur se produit dans le cerveau, et les comprim\u00e9s modifient la fa\u00e7on dont les fonctions c\u00e9r\u00e9brales, ce qui entra\u00eene diverses difficult\u00e9s. Les effets secondaires graves comprennent un engourdissement dans le cerveau, une perte de m\u00e9moire transitoire et d&#8217;autres troubles de cette nature. Les \u00e9tourdissements et autres difficult\u00e9s seront monnaie courante. En cons\u00e9quence, la dose individuelle des comprim\u00e9s devra \u00eatre ajust\u00e9e afin d&#8217;\u00e9viter des effets ind\u00e9sirables graves.<\/p>\n<p>La dose quotidienne recommand\u00e9e du comprim\u00e9 est comprise entre 50 et 300 mg, et il doit \u00eatre utilis\u00e9 uniquement une fois par jour. Vous pouvez obtenir du tramadol en ligne \u00e0 partir de divers sites Web, mais l&#8217;ingestion doit \u00eatre bas\u00e9e sur la recommandation d&#8217;un m\u00e9decin. Les conseils du m\u00e9decin seront essentiels pour pr\u00e9venir les cons\u00e9quences n\u00e9fastes.<\/p>\n","protected":false},"excerpt":{"rendered":"<div class=\"woocommerce-product-details__short-description\">\n<p>Les comprim\u00e9s de tramadol SR 100mg peuvent \u00eatre achet\u00e9s en ligne. Achetez Tramadol en ligne Tramal SR 100mg sans ordonnance \u00e0 un prix 80% inf\u00e9rieur \u00e0 celui que vous paieriez dans une pharmacie am\u00e9ricaine.<\/p>\n<\/p><\/div>\n","protected":false},"featured_media":5331,"comment_status":"open","ping_status":"closed","template":"","meta":[],"product_brand":[],"product_cat":[1117],"product_tag":[],"class_list":{"0":"post-5322","1":"product","2":"type-product","3":"status-publish","4":"has-post-thumbnail","6":"product_cat-acheter-douleur-sommeil-sexe-pilules","8":"first","9":"instock","10":"shipping-taxable","11":"purchasable","12":"product-type-variable","13":"has-default-attributes"},"yoast_head":"<!-- This site is optimized with the Yoast SEO plugin v27.3 - https:\/\/yoast.com\/product\/yoast-seo-wordpress\/ -->\n<title>Acheter des pilules Tramal SR 100mg en ligne - Best Best Global Meds<\/title>\n<meta name=\"description\" content=\"Acheter des pilules Tramal SR 100 mg en ligne. Acheter Tramadol en ligne Tramal SR 100mg sans ordonnance \u00e0 80% moins cher que les pharmacies am\u00e9ricaines.\" \/>\n<meta name=\"robots\" content=\"index, follow, max-snippet:-1, max-image-preview:large, max-video-preview:-1\" \/>\n<link rel=\"canonical\" href=\"https:\/\/medicinasinc.com\/fr\/product\/tramadol-100mg\/\" \/>\n<meta property=\"og:locale\" content=\"en_US\" \/>\n<meta property=\"og:type\" content=\"article\" \/>\n<meta property=\"og:title\" content=\"Acheter des pilules Tramal SR 100mg en ligne - Best Best Global Meds\" \/>\n<meta property=\"og:description\" content=\"Acheter des pilules Tramal SR 100 mg en ligne. Acheter Tramadol en ligne Tramal SR 100mg sans ordonnance \u00e0 80% moins cher que les pharmacies am\u00e9ricaines.\" \/>\n<meta property=\"og:url\" content=\"https:\/\/medicinasinc.com\/fr\/product\/tramadol-100mg\/\" \/>\n<meta property=\"og:site_name\" content=\"Medicinas Inc\" \/>\n<meta property=\"article:modified_time\" content=\"2022-03-17T12:02:53+00:00\" \/>\n<meta property=\"og:image\" content=\"https:\/\/medicinasinc.com\/fr\/wp-content\/uploads\/sites\/5\/2022\/02\/Tramadol-100mg-1.jpg\" \/>\n\t<meta property=\"og:image:width\" content=\"600\" \/>\n\t<meta property=\"og:image:height\" content=\"358\" \/>\n\t<meta property=\"og:image:type\" content=\"image\/jpeg\" \/>\n<meta name=\"twitter:card\" content=\"summary_large_image\" \/>\n<meta name=\"twitter:label1\" content=\"Est. reading time\" \/>\n\t<meta name=\"twitter:data1\" content=\"2 minutes\" \/>\n<script type=\"application\/ld+json\" class=\"yoast-schema-graph\">{\"@context\":\"https:\\\/\\\/schema.org\",\"@graph\":[{\"@type\":\"WebPage\",\"@id\":\"https:\\\/\\\/medicinasinc.com\\\/fr\\\/product\\\/tramadol-100mg\\\/\",\"url\":\"https:\\\/\\\/medicinasinc.com\\\/fr\\\/product\\\/tramadol-100mg\\\/\",\"name\":\"Acheter des pilules Tramal SR 100mg en ligne - Best Best Global Meds\",\"isPartOf\":{\"@id\":\"https:\\\/\\\/medicinasinc.com\\\/fr\\\/#website\"},\"primaryImageOfPage\":{\"@id\":\"https:\\\/\\\/medicinasinc.com\\\/fr\\\/product\\\/tramadol-100mg\\\/#primaryimage\"},\"image\":{\"@id\":\"https:\\\/\\\/medicinasinc.com\\\/fr\\\/product\\\/tramadol-100mg\\\/#primaryimage\"},\"thumbnailUrl\":\"https:\\\/\\\/medicinasinc.com\\\/fr\\\/wp-content\\\/uploads\\\/sites\\\/5\\\/2022\\\/02\\\/Tramadol-100mg-1.jpg\",\"datePublished\":\"2022-02-21T20:57:13+00:00\",\"dateModified\":\"2022-03-17T12:02:53+00:00\",\"description\":\"Acheter des pilules Tramal SR 100 mg en ligne. Acheter Tramadol en ligne Tramal SR 100mg sans ordonnance \u00e0 80% moins cher que les pharmacies am\u00e9ricaines.\",\"breadcrumb\":{\"@id\":\"https:\\\/\\\/medicinasinc.com\\\/fr\\\/product\\\/tramadol-100mg\\\/#breadcrumb\"},\"inLanguage\":\"en-US\",\"potentialAction\":[{\"@type\":\"ReadAction\",\"target\":[\"https:\\\/\\\/medicinasinc.com\\\/fr\\\/product\\\/tramadol-100mg\\\/\"]}]},{\"@type\":\"ImageObject\",\"inLanguage\":\"en-US\",\"@id\":\"https:\\\/\\\/medicinasinc.com\\\/fr\\\/product\\\/tramadol-100mg\\\/#primaryimage\",\"url\":\"https:\\\/\\\/medicinasinc.com\\\/fr\\\/wp-content\\\/uploads\\\/sites\\\/5\\\/2022\\\/02\\\/Tramadol-100mg-1.jpg\",\"contentUrl\":\"https:\\\/\\\/medicinasinc.com\\\/fr\\\/wp-content\\\/uploads\\\/sites\\\/5\\\/2022\\\/02\\\/Tramadol-100mg-1.jpg\",\"width\":600,\"height\":358},{\"@type\":\"BreadcrumbList\",\"@id\":\"https:\\\/\\\/medicinasinc.com\\\/fr\\\/product\\\/tramadol-100mg\\\/#breadcrumb\",\"itemListElement\":[{\"@type\":\"ListItem\",\"position\":1,\"name\":\"Boutique\",\"item\":\"https:\\\/\\\/medicinasinc.com\\\/fr\\\/boutique\\\/\"},{\"@type\":\"ListItem\",\"position\":2,\"name\":\"Tramadol 100mg\"}]},{\"@type\":\"WebSite\",\"@id\":\"https:\\\/\\\/medicinasinc.com\\\/fr\\\/#website\",\"url\":\"https:\\\/\\\/medicinasinc.com\\\/fr\\\/\",\"name\":\"Medicinas Inc\",\"description\":\"Health Medical Clinic\",\"potentialAction\":[{\"@type\":\"SearchAction\",\"target\":{\"@type\":\"EntryPoint\",\"urlTemplate\":\"https:\\\/\\\/medicinasinc.com\\\/fr\\\/?s={search_term_string}\"},\"query-input\":{\"@type\":\"PropertyValueSpecification\",\"valueRequired\":true,\"valueName\":\"search_term_string\"}}],\"inLanguage\":\"en-US\"}]}<\/script>\n<!-- \/ Yoast SEO plugin. -->","yoast_head_json":{"title":"Acheter des pilules Tramal SR 100mg en ligne - Best Best Global Meds","description":"Acheter des pilules Tramal SR 100 mg en ligne. Acheter Tramadol en ligne Tramal SR 100mg sans ordonnance \u00e0 80% moins cher que les pharmacies am\u00e9ricaines.","robots":{"index":"index","follow":"follow","max-snippet":"max-snippet:-1","max-image-preview":"max-image-preview:large","max-video-preview":"max-video-preview:-1"},"canonical":"https:\/\/medicinasinc.com\/fr\/product\/tramadol-100mg\/","og_locale":"en_US","og_type":"article","og_title":"Acheter des pilules Tramal SR 100mg en ligne - Best Best Global Meds","og_description":"Acheter des pilules Tramal SR 100 mg en ligne. Acheter Tramadol en ligne Tramal SR 100mg sans ordonnance \u00e0 80% moins cher que les pharmacies am\u00e9ricaines.","og_url":"https:\/\/medicinasinc.com\/fr\/product\/tramadol-100mg\/","og_site_name":"Medicinas Inc","article_modified_time":"2022-03-17T12:02:53+00:00","og_image":[{"width":600,"height":358,"url":"https:\/\/medicinasinc.com\/fr\/wp-content\/uploads\/sites\/5\/2022\/02\/Tramadol-100mg-1.jpg","type":"image\/jpeg"}],"twitter_card":"summary_large_image","twitter_misc":{"Est. reading time":"2 minutes"},"schema":{"@context":"https:\/\/schema.org","@graph":[{"@type":"WebPage","@id":"https:\/\/medicinasinc.com\/fr\/product\/tramadol-100mg\/","url":"https:\/\/medicinasinc.com\/fr\/product\/tramadol-100mg\/","name":"Acheter des pilules Tramal SR 100mg en ligne - Best Best Global Meds","isPartOf":{"@id":"https:\/\/medicinasinc.com\/fr\/#website"},"primaryImageOfPage":{"@id":"https:\/\/medicinasinc.com\/fr\/product\/tramadol-100mg\/#primaryimage"},"image":{"@id":"https:\/\/medicinasinc.com\/fr\/product\/tramadol-100mg\/#primaryimage"},"thumbnailUrl":"https:\/\/medicinasinc.com\/fr\/wp-content\/uploads\/sites\/5\/2022\/02\/Tramadol-100mg-1.jpg","datePublished":"2022-02-21T20:57:13+00:00","dateModified":"2022-03-17T12:02:53+00:00","description":"Acheter des pilules Tramal SR 100 mg en ligne. Acheter Tramadol en ligne Tramal SR 100mg sans ordonnance \u00e0 80% moins cher que les pharmacies am\u00e9ricaines.","breadcrumb":{"@id":"https:\/\/medicinasinc.com\/fr\/product\/tramadol-100mg\/#breadcrumb"},"inLanguage":"en-US","potentialAction":[{"@type":"ReadAction","target":["https:\/\/medicinasinc.com\/fr\/product\/tramadol-100mg\/"]}]},{"@type":"ImageObject","inLanguage":"en-US","@id":"https:\/\/medicinasinc.com\/fr\/product\/tramadol-100mg\/#primaryimage","url":"https:\/\/medicinasinc.com\/fr\/wp-content\/uploads\/sites\/5\/2022\/02\/Tramadol-100mg-1.jpg","contentUrl":"https:\/\/medicinasinc.com\/fr\/wp-content\/uploads\/sites\/5\/2022\/02\/Tramadol-100mg-1.jpg","width":600,"height":358},{"@type":"BreadcrumbList","@id":"https:\/\/medicinasinc.com\/fr\/product\/tramadol-100mg\/#breadcrumb","itemListElement":[{"@type":"ListItem","position":1,"name":"Boutique","item":"https:\/\/medicinasinc.com\/fr\/boutique\/"},{"@type":"ListItem","position":2,"name":"Tramadol 100mg"}]},{"@type":"WebSite","@id":"https:\/\/medicinasinc.com\/fr\/#website","url":"https:\/\/medicinasinc.com\/fr\/","name":"Medicinas Inc","description":"Health Medical Clinic","potentialAction":[{"@type":"SearchAction","target":{"@type":"EntryPoint","urlTemplate":"https:\/\/medicinasinc.com\/fr\/?s={search_term_string}"},"query-input":{"@type":"PropertyValueSpecification","valueRequired":true,"valueName":"search_term_string"}}],"inLanguage":"en-US"}]}},"_links":{"self":[{"href":"https:\/\/medicinasinc.com\/fr\/wp-json\/wp\/v2\/product\/5322","targetHints":{"allow":["GET"]}}],"collection":[{"href":"https:\/\/medicinasinc.com\/fr\/wp-json\/wp\/v2\/product"}],"about":[{"href":"https:\/\/medicinasinc.com\/fr\/wp-json\/wp\/v2\/types\/product"}],"replies":[{"embeddable":true,"href":"https:\/\/medicinasinc.com\/fr\/wp-json\/wp\/v2\/comments?post=5322"}],"wp:featuredmedia":[{"embeddable":true,"href":"https:\/\/medicinasinc.com\/fr\/wp-json\/wp\/v2\/media\/5331"}],"wp:attachment":[{"href":"https:\/\/medicinasinc.com\/fr\/wp-json\/wp\/v2\/media?parent=5322"}],"wp:term":[{"taxonomy":"product_brand","embeddable":true,"href":"https:\/\/medicinasinc.com\/fr\/wp-json\/wp\/v2\/product_brand?post=5322"},{"taxonomy":"product_cat","embeddable":true,"href":"https:\/\/medicinasinc.com\/fr\/wp-json\/wp\/v2\/product_cat?post=5322"},{"taxonomy":"product_tag","embeddable":true,"href":"https:\/\/medicinasinc.com\/fr\/wp-json\/wp\/v2\/product_tag?post=5322"}],"curies":[{"name":"wp","href":"https:\/\/api.w.org\/{rel}","templated":true}]}}