{"id":5309,"date":"2022-02-21T18:36:34","date_gmt":"2022-02-21T18:36:34","guid":{"rendered":"https:\/\/medicinasinc.com\/fr\/?post_type=product&#038;p=5309"},"modified":"2022-03-17T12:03:16","modified_gmt":"2022-03-17T12:03:16","slug":"acheter-restoril-30-mg-temazepam-pilules","status":"publish","type":"product","link":"https:\/\/medicinasinc.com\/fr\/product\/acheter-restoril-30-mg-temazepam-pilules\/","title":{"rendered":"Acheter Restoril 30 mg comprim\u00e9s de t\u00e9maz\u00e9pam"},"content":{"rendered":"<div class=\"product-next-previous\">\n<div>\n<p>Pharmacie en ligne pour acheter des comprim\u00e9s de Restoril Temezepam (30Mg)<br \/> Restoril\u00a0: qu&#8217;est-ce que c&#8217;est et comment est-il utilis\u00e9\u00a0?<\/p>\n<p> Restoril est un m\u00e9dicament d&#8217;ordonnance utilis\u00e9 pour traiter les probl\u00e8mes d&#8217;insomnie. Restoril peut \u00eatre pris seul ou en association avec d&#8217;autres m\u00e9dicaments.<\/p>\n<p>Restoril est un m\u00e9dicament s\u00e9datif\/hypnotique.<\/p>\n<p>Restoril n&#8217;est pas connu pour \u00eatre s\u00fbr ou efficace chez les enfants.<\/p>\n<p>Quels sont les risques probables associ\u00e9s \u00e0 Restoril\u00a0?<\/p>\n<p>Restoril peut avoir des effets ind\u00e9sirables majeurs, notamment\u00a0:<\/p>\n<p>Confusion, agitation, agressivit\u00e9, hallucinations, anxi\u00e9t\u00e9, probl\u00e8mes de m\u00e9moire, et l&#8217;humeur triste sont tous des sympt\u00f4mes de la schizophr\u00e9nie.<\/p>\n<p>&nbsp;<\/p>\n<p>Le t\u00e9maz\u00e9pam, comme de nombreuses autres benzodiaz\u00e9pines similaires et apparent\u00e9es, fonctionne comme un modulateur du GABA et est capable d&#8217;induire un certain nombre d&#8217;effets, y compris la somnolence, l&#8217;hypnose, la relaxation musculaire squelettique, l&#8217;activit\u00e9 anticonvulsivante et l&#8217;action anxiolytique 6,7,13,14.<\/p>\n<p>Bien que la synth\u00e8se chimique du t\u00e9maz\u00e9pam ait \u00e9t\u00e9 d\u00e9couverte en 1965 9, son utilisation moderne g\u00e9n\u00e9ralis\u00e9e n&#8217;a commenc\u00e9 que l&#8217;utilisation r\u00e9elle du m\u00e9dicament comme traitement de l&#8217;insomnie a \u00e9t\u00e9 reconnue et autoris\u00e9e plus tard. Avant que le t\u00e9maz\u00e9pam ne devienne un m\u00e9dicament couramment prescrit aux civils, il \u00e9tait &#8211; et continue d&#8217;\u00eatre &#8211; utilis\u00e9 par l&#8217;arm\u00e9e am\u00e9ricaine comme m\u00e9dicament s\u00e9datif-hypnotique \u00e0 prendre par les soldats, les pilotes et d&#8217;autres afin d&#8217;obtenir le repos n\u00e9cessaire \u00e0 la r\u00e9cup\u00e9ration m\u00e9dicale ou man\u0153uvres et op\u00e9rations programm\u00e9es 10. Quoi qu&#8217;il en soit, le t\u00e9maz\u00e9pam est devenu l&#8217;un des m\u00e9dicaments les plus souvent prescrits dans le monde, avec des millions d&#8217;ordonnances r\u00e9dig\u00e9es chaque ann\u00e9e. Malheureusement, en raison de son utilisation g\u00e9n\u00e9ralis\u00e9e et de la nature inh\u00e9rente de ses effets pharmacologiques, le t\u00e9maz\u00e9pam &#8211; comme de nombreuses autres benzodiaz\u00e9pines &#8211; pr\u00e9sente un potentiel d&#8217;abus important et peut amener les utilisateurs \u00e0 d\u00e9velopper une tol\u00e9rance aux drogues, une d\u00e9pendance physique et une d\u00e9pendance.<\/p>\n<p>GroupsApproved, InvestigationalStructureSmall Molecules<\/p>\n<div class=\"structure\"><a class=\"moldbi-vector-thumbnail\" href=\"https:\/\/go.drugbank.com\/structures\/DB00231\/image.svg\"><img decoding=\"async\" src=\"https:\/\/go.drugbank.com\/structures\/DB00231\/thumb.svg\" alt=\"Thumb\" \/><\/a><\/div>\n<dl class=\"right-dl col- xl-6 col-lg-12\"><\/dl>\n<\/p><\/div>\n<div class=\"product-prev\"><strong>t\u00e9maz\u00e9pam (restoril), t\u00e9maz\u00e9pam restoril, restoril t\u00e9maz\u00e9pam, effets secondaires du t\u00e9maz\u00e9pam (restoril), t\u00e9maz\u00e9pam (restoril, acheter restoril t\u00e9maz\u00e9pam en ligne, acheter t\u00e9maz\u00e9pam (restoril), g\u00e9n\u00e9rique restoril t\u00e9maz\u00e9pam, t\u00e9maz\u00e9pam restoril acheter, restoril (t\u00e9maz\u00e9pam) 30 mg \u00e0 vendre, le t\u00e9maz\u00e9pam est-il le m\u00eame que restoril, t\u00e9maz\u00e9pam (restoril) davis, t\u00e9maz\u00e9pam (restoril) pilule bottl e, o\u00f9 pouvez-vous acheter du t\u00e9maz\u00e9pam (restoril), du t\u00e9maz\u00e9pam (restoril) cvs, du t\u00e9maz\u00e9pam (restoril) acheter, du t\u00e9maz\u00e9pam identique au restoril, du t\u00e9maz\u00e9pam (restoril)\u00a0<img decoding=\"async\" class=\"emoji\" role=\"img\" src=\"https:\/ \/sworg\/images\/core\/emoji\/13.1.0\/svg\/2714.svg\" alt=\"\u2714\" \/>\u00a0<img decoding=\"async\" class=\"emoji\" role=\"img\" src=\"https:\/\/sworg\/images \/core\/emoji\/13.1.0\/svg\/2714.svg\" alt=\"\u2714\" \/>\u00a0<img decoding=\"async\" class=\"emoji\" role=\"img\" src=\"https:\/\/sworg\/images\/core\/emoji\/ 13.1.0\/svg\/2714.svg\" alt=\"\u2714\" \/>, restoril t\u00e9maz\u00e9pam 30mg, alternative s\u00fbre au restoril (t\u00e9maz\u00e9pam), prix du t\u00e9maz\u00e9pam (restoril), t\u00e9maz\u00e9pam (restoril) otc, effets secondaires du t\u00e9maz\u00e9pam restoril, t\u00e9maz\u00e9pam (marque nom restoril), restoril (t\u00e9maz\u00e9pam)<\/strong><\/div><\/div>\n<div class=\"product-next-previous\">\n<div class=\"product-prev\"><\/div><\/div>\n","protected":false},"excerpt":{"rendered":"<p>Acheter les comprim\u00e9s Restoril 30mg Temezepam peuvent \u00eatre achet\u00e9s en ligne.<\/p>\n<p>Nom de marque\u00a0:\u00a0<strong>Restoril<\/strong><br \/> G\u00e9n\u00e9rique\u00a0:\u00a0<strong>T\u00e9maz\u00e9pam<\/strong><br \/> Force Disponible : 30mg<br \/> Emballage : Blister<br \/> Fabriqu\u00e9 par : Novartis<\/p>\n<p>&nbsp;<\/p>\n","protected":false},"featured_media":5319,"comment_status":"open","ping_status":"closed","template":"","meta":[],"product_brand":[],"product_cat":[1117],"product_tag":[1852,1851,1863,1870,1872,1874,1854,1878,1877,1859,1871,1860,1856,1857,1858,1861,1862,1853,1855,1864,1865,1866,1867,1868,1869,1873,1876,1875],"class_list":{"0":"post-5309","1":"product","2":"type-product","3":"status-publish","4":"has-post-thumbnail","6":"product_cat-acheter-douleur-sommeil-sexe-pilules","7":"product_tag-acheter-temazepam-restoril","8":"product_tag-acheter-restoril-temazepam-en-ligne","9":"product_tag-alternative-sre-au-restoril-tmazpam","10":"product_tag-tmazpam-restoril-pilule-bouteille","11":"product_tag-temazepam-restoril-effets-secondaires","12":"product_tag-tmazpam-30-mg-effets-secondaires","13":"product_tag-est-tmazpam-le-mme-que-restoril","14":"product_tag-o-pouvez-vous-acheter-temazepam-restoril","15":"product_tag-tmazpam-perte-de-poids","16":"product_tag-restoril-30-mg-prix","17":"product_tag-temazepam-restoril-prix","18":"product_tag-restoril-tablette-en-ligne","19":"product_tag-restoril-temazepam-30mg-en-vente","20":"product_tag-restoril-15-mg","21":"product_tag-restoril-15-mg-en-ligne","22":"product_tag-restoril-tmazpam","23":"product_tag-restoril-tmazpam-30mg","24":"product_tag-gnrique-restoril-tmazpam","25":"product_tag-over-the-counter-substitut-pour-tmazpam","26":"product_tag-tmazpam-nom-de-marque-restoril","27":"product_tag-tmazpam-restoril","28":"product_tag-tmazpam-restoril---","29":"product_tag-tmazpam-restoril-cvs","30":"product_tag-tmazpam-restoril-davis","31":"product_tag-tmazpam-restoril-otc","32":"product_tag-tmazpam-30-mg","33":"product_tag-tmazpam-mme-que-restoril","34":"product_tag-temazepam-restoril-acheter","36":"first","37":"instock","38":"shipping-taxable","39":"purchasable","40":"product-type-variable","41":"has-default-attributes"},"yoast_head":"<!-- This site is optimized with the Yoast SEO plugin v27.3 - https:\/\/yoast.com\/product\/yoast-seo-wordpress\/ -->\n<title>Acheter des pilules de t\u00e9maz\u00e9pam Restoril 30 mg - Best Best Global Meds<\/title>\n<meta name=\"description\" content=\"La pilule avec impression RESTORIL 30 mg M POUR LE SOMMEIL est bleue \/ marron, en forme de capsule et a \u00e9t\u00e9 identifi\u00e9e comme Restoril 30 mg. Achetez RESTORIL 30 mg M POUR LE SOMMEIL.\" \/>\n<meta name=\"robots\" content=\"index, follow, max-snippet:-1, max-image-preview:large, max-video-preview:-1\" \/>\n<link rel=\"canonical\" href=\"https:\/\/medicinasinc.com\/fr\/product\/acheter-restoril-30-mg-temazepam-pilules\/\" \/>\n<meta property=\"og:locale\" content=\"en_US\" \/>\n<meta property=\"og:type\" content=\"article\" \/>\n<meta property=\"og:title\" content=\"Acheter des pilules de t\u00e9maz\u00e9pam Restoril 30 mg - Best Best Global Meds\" \/>\n<meta property=\"og:description\" content=\"La pilule avec impression RESTORIL 30 mg M POUR LE SOMMEIL est bleue \/ marron, en forme de capsule et a \u00e9t\u00e9 identifi\u00e9e comme Restoril 30 mg. Achetez RESTORIL 30 mg M POUR LE SOMMEIL.\" \/>\n<meta property=\"og:url\" content=\"https:\/\/medicinasinc.com\/fr\/product\/acheter-restoril-30-mg-temazepam-pilules\/\" \/>\n<meta property=\"og:site_name\" content=\"Medicinas Inc\" \/>\n<meta property=\"article:modified_time\" content=\"2022-03-17T12:03:16+00:00\" \/>\n<meta property=\"og:image\" content=\"https:\/\/medicinasinc.com\/fr\/wp-content\/uploads\/sites\/5\/2022\/02\/Buy-Restoril-30-mg-Temazepam-pills.jpg\" \/>\n\t<meta property=\"og:image:width\" content=\"2064\" \/>\n\t<meta property=\"og:image:height\" content=\"1073\" \/>\n\t<meta property=\"og:image:type\" content=\"image\/jpeg\" \/>\n<meta name=\"twitter:card\" content=\"summary_large_image\" \/>\n<meta name=\"twitter:label1\" content=\"Est. reading time\" \/>\n\t<meta name=\"twitter:data1\" content=\"3 minutes\" \/>\n<script type=\"application\/ld+json\" class=\"yoast-schema-graph\">{\"@context\":\"https:\\\/\\\/schema.org\",\"@graph\":[{\"@type\":\"WebPage\",\"@id\":\"https:\\\/\\\/medicinasinc.com\\\/fr\\\/product\\\/acheter-restoril-30-mg-temazepam-pilules\\\/\",\"url\":\"https:\\\/\\\/medicinasinc.com\\\/fr\\\/product\\\/acheter-restoril-30-mg-temazepam-pilules\\\/\",\"name\":\"Acheter des pilules de t\u00e9maz\u00e9pam Restoril 30 mg - Best Best Global Meds\",\"isPartOf\":{\"@id\":\"https:\\\/\\\/medicinasinc.com\\\/fr\\\/#website\"},\"primaryImageOfPage\":{\"@id\":\"https:\\\/\\\/medicinasinc.com\\\/fr\\\/product\\\/acheter-restoril-30-mg-temazepam-pilules\\\/#primaryimage\"},\"image\":{\"@id\":\"https:\\\/\\\/medicinasinc.com\\\/fr\\\/product\\\/acheter-restoril-30-mg-temazepam-pilules\\\/#primaryimage\"},\"thumbnailUrl\":\"https:\\\/\\\/medicinasinc.com\\\/fr\\\/wp-content\\\/uploads\\\/sites\\\/5\\\/2022\\\/02\\\/Buy-Restoril-30-mg-Temazepam-pills.jpg\",\"datePublished\":\"2022-02-21T18:36:34+00:00\",\"dateModified\":\"2022-03-17T12:03:16+00:00\",\"description\":\"La pilule avec impression RESTORIL 30 mg M POUR LE SOMMEIL est bleue \\\/ marron, en forme de capsule et a \u00e9t\u00e9 identifi\u00e9e comme Restoril 30 mg. Achetez RESTORIL 30 mg M POUR LE SOMMEIL.\",\"breadcrumb\":{\"@id\":\"https:\\\/\\\/medicinasinc.com\\\/fr\\\/product\\\/acheter-restoril-30-mg-temazepam-pilules\\\/#breadcrumb\"},\"inLanguage\":\"en-US\",\"potentialAction\":[{\"@type\":\"ReadAction\",\"target\":[\"https:\\\/\\\/medicinasinc.com\\\/fr\\\/product\\\/acheter-restoril-30-mg-temazepam-pilules\\\/\"]}]},{\"@type\":\"ImageObject\",\"inLanguage\":\"en-US\",\"@id\":\"https:\\\/\\\/medicinasinc.com\\\/fr\\\/product\\\/acheter-restoril-30-mg-temazepam-pilules\\\/#primaryimage\",\"url\":\"https:\\\/\\\/medicinasinc.com\\\/fr\\\/wp-content\\\/uploads\\\/sites\\\/5\\\/2022\\\/02\\\/Buy-Restoril-30-mg-Temazepam-pills.jpg\",\"contentUrl\":\"https:\\\/\\\/medicinasinc.com\\\/fr\\\/wp-content\\\/uploads\\\/sites\\\/5\\\/2022\\\/02\\\/Buy-Restoril-30-mg-Temazepam-pills.jpg\",\"width\":2064,\"height\":1073},{\"@type\":\"BreadcrumbList\",\"@id\":\"https:\\\/\\\/medicinasinc.com\\\/fr\\\/product\\\/acheter-restoril-30-mg-temazepam-pilules\\\/#breadcrumb\",\"itemListElement\":[{\"@type\":\"ListItem\",\"position\":1,\"name\":\"Boutique\",\"item\":\"https:\\\/\\\/medicinasinc.com\\\/fr\\\/boutique\\\/\"},{\"@type\":\"ListItem\",\"position\":2,\"name\":\"Acheter Restoril 30 mg comprim\u00e9s de t\u00e9maz\u00e9pam\"}]},{\"@type\":\"WebSite\",\"@id\":\"https:\\\/\\\/medicinasinc.com\\\/fr\\\/#website\",\"url\":\"https:\\\/\\\/medicinasinc.com\\\/fr\\\/\",\"name\":\"Medicinas Inc\",\"description\":\"Health Medical Clinic\",\"potentialAction\":[{\"@type\":\"SearchAction\",\"target\":{\"@type\":\"EntryPoint\",\"urlTemplate\":\"https:\\\/\\\/medicinasinc.com\\\/fr\\\/?s={search_term_string}\"},\"query-input\":{\"@type\":\"PropertyValueSpecification\",\"valueRequired\":true,\"valueName\":\"search_term_string\"}}],\"inLanguage\":\"en-US\"}]}<\/script>\n<!-- \/ Yoast SEO plugin. -->","yoast_head_json":{"title":"Acheter des pilules de t\u00e9maz\u00e9pam Restoril 30 mg - Best Best Global Meds","description":"La pilule avec impression RESTORIL 30 mg M POUR LE SOMMEIL est bleue \/ marron, en forme de capsule et a \u00e9t\u00e9 identifi\u00e9e comme Restoril 30 mg. Achetez RESTORIL 30 mg M POUR LE SOMMEIL.","robots":{"index":"index","follow":"follow","max-snippet":"max-snippet:-1","max-image-preview":"max-image-preview:large","max-video-preview":"max-video-preview:-1"},"canonical":"https:\/\/medicinasinc.com\/fr\/product\/acheter-restoril-30-mg-temazepam-pilules\/","og_locale":"en_US","og_type":"article","og_title":"Acheter des pilules de t\u00e9maz\u00e9pam Restoril 30 mg - Best Best Global Meds","og_description":"La pilule avec impression RESTORIL 30 mg M POUR LE SOMMEIL est bleue \/ marron, en forme de capsule et a \u00e9t\u00e9 identifi\u00e9e comme Restoril 30 mg. Achetez RESTORIL 30 mg M POUR LE SOMMEIL.","og_url":"https:\/\/medicinasinc.com\/fr\/product\/acheter-restoril-30-mg-temazepam-pilules\/","og_site_name":"Medicinas Inc","article_modified_time":"2022-03-17T12:03:16+00:00","og_image":[{"width":2064,"height":1073,"url":"https:\/\/medicinasinc.com\/fr\/wp-content\/uploads\/sites\/5\/2022\/02\/Buy-Restoril-30-mg-Temazepam-pills.jpg","type":"image\/jpeg"}],"twitter_card":"summary_large_image","twitter_misc":{"Est. reading time":"3 minutes"},"schema":{"@context":"https:\/\/schema.org","@graph":[{"@type":"WebPage","@id":"https:\/\/medicinasinc.com\/fr\/product\/acheter-restoril-30-mg-temazepam-pilules\/","url":"https:\/\/medicinasinc.com\/fr\/product\/acheter-restoril-30-mg-temazepam-pilules\/","name":"Acheter des pilules de t\u00e9maz\u00e9pam Restoril 30 mg - Best Best Global Meds","isPartOf":{"@id":"https:\/\/medicinasinc.com\/fr\/#website"},"primaryImageOfPage":{"@id":"https:\/\/medicinasinc.com\/fr\/product\/acheter-restoril-30-mg-temazepam-pilules\/#primaryimage"},"image":{"@id":"https:\/\/medicinasinc.com\/fr\/product\/acheter-restoril-30-mg-temazepam-pilules\/#primaryimage"},"thumbnailUrl":"https:\/\/medicinasinc.com\/fr\/wp-content\/uploads\/sites\/5\/2022\/02\/Buy-Restoril-30-mg-Temazepam-pills.jpg","datePublished":"2022-02-21T18:36:34+00:00","dateModified":"2022-03-17T12:03:16+00:00","description":"La pilule avec impression RESTORIL 30 mg M POUR LE SOMMEIL est bleue \/ marron, en forme de capsule et a \u00e9t\u00e9 identifi\u00e9e comme Restoril 30 mg. Achetez RESTORIL 30 mg M POUR LE SOMMEIL.","breadcrumb":{"@id":"https:\/\/medicinasinc.com\/fr\/product\/acheter-restoril-30-mg-temazepam-pilules\/#breadcrumb"},"inLanguage":"en-US","potentialAction":[{"@type":"ReadAction","target":["https:\/\/medicinasinc.com\/fr\/product\/acheter-restoril-30-mg-temazepam-pilules\/"]}]},{"@type":"ImageObject","inLanguage":"en-US","@id":"https:\/\/medicinasinc.com\/fr\/product\/acheter-restoril-30-mg-temazepam-pilules\/#primaryimage","url":"https:\/\/medicinasinc.com\/fr\/wp-content\/uploads\/sites\/5\/2022\/02\/Buy-Restoril-30-mg-Temazepam-pills.jpg","contentUrl":"https:\/\/medicinasinc.com\/fr\/wp-content\/uploads\/sites\/5\/2022\/02\/Buy-Restoril-30-mg-Temazepam-pills.jpg","width":2064,"height":1073},{"@type":"BreadcrumbList","@id":"https:\/\/medicinasinc.com\/fr\/product\/acheter-restoril-30-mg-temazepam-pilules\/#breadcrumb","itemListElement":[{"@type":"ListItem","position":1,"name":"Boutique","item":"https:\/\/medicinasinc.com\/fr\/boutique\/"},{"@type":"ListItem","position":2,"name":"Acheter Restoril 30 mg comprim\u00e9s de t\u00e9maz\u00e9pam"}]},{"@type":"WebSite","@id":"https:\/\/medicinasinc.com\/fr\/#website","url":"https:\/\/medicinasinc.com\/fr\/","name":"Medicinas Inc","description":"Health Medical Clinic","potentialAction":[{"@type":"SearchAction","target":{"@type":"EntryPoint","urlTemplate":"https:\/\/medicinasinc.com\/fr\/?s={search_term_string}"},"query-input":{"@type":"PropertyValueSpecification","valueRequired":true,"valueName":"search_term_string"}}],"inLanguage":"en-US"}]}},"_links":{"self":[{"href":"https:\/\/medicinasinc.com\/fr\/wp-json\/wp\/v2\/product\/5309","targetHints":{"allow":["GET"]}}],"collection":[{"href":"https:\/\/medicinasinc.com\/fr\/wp-json\/wp\/v2\/product"}],"about":[{"href":"https:\/\/medicinasinc.com\/fr\/wp-json\/wp\/v2\/types\/product"}],"replies":[{"embeddable":true,"href":"https:\/\/medicinasinc.com\/fr\/wp-json\/wp\/v2\/comments?post=5309"}],"wp:featuredmedia":[{"embeddable":true,"href":"https:\/\/medicinasinc.com\/fr\/wp-json\/wp\/v2\/media\/5319"}],"wp:attachment":[{"href":"https:\/\/medicinasinc.com\/fr\/wp-json\/wp\/v2\/media?parent=5309"}],"wp:term":[{"taxonomy":"product_brand","embeddable":true,"href":"https:\/\/medicinasinc.com\/fr\/wp-json\/wp\/v2\/product_brand?post=5309"},{"taxonomy":"product_cat","embeddable":true,"href":"https:\/\/medicinasinc.com\/fr\/wp-json\/wp\/v2\/product_cat?post=5309"},{"taxonomy":"product_tag","embeddable":true,"href":"https:\/\/medicinasinc.com\/fr\/wp-json\/wp\/v2\/product_tag?post=5309"}],"curies":[{"name":"wp","href":"https:\/\/api.w.org\/{rel}","templated":true}]}}