{"id":5296,"date":"2022-02-21T18:20:49","date_gmt":"2022-02-21T18:20:49","guid":{"rendered":"https:\/\/medicinasinc.com\/fr\/?post_type=product&#038;p=5296"},"modified":"2022-03-17T12:05:42","modified_gmt":"2022-03-17T12:05:42","slug":"acheter-phenida-10mg-pilules","status":"publish","type":"product","link":"https:\/\/medicinasinc.com\/fr\/product\/acheter-phenida-10mg-pilules\/","title":{"rendered":"Acheter des pilules Phenida 10mg"},"content":{"rendered":"<p>Phenida (methylphenidate hcl) 10mg Pills peut \u00eatre achet\u00e9 sur Internet.<\/p>\n<p>Nous avons la meilleure pharmacie en ligne o\u00f9 vous pouvez acheter Phenida, alors achetez-le maintenant.<\/p>\n<p>PHENIDA est un m\u00e9dicament qui aide les personnes atteintes de TDA\/TDAH. C&#8217;est ici que vous pouvez trouver plus d&#8217;informations sur le TDA\/TDAH et d&#8217;autres phenida.<\/p>\n<p>TDA\/TDAH\u00a0:<\/p>\n<p>Si vous souffrez de TDAH, vous ne pourrez peut-\u00eatre pas garder votre attention, soyez trop actif ou incapable de contr\u00f4ler votre comportement. L&#8217;\u00e2ge et le d\u00e9veloppement d&#8217;une personne ne peuvent pas cr\u00e9er ces probl\u00e8mes de TDAH s&#8217;ils se situent en dehors de la plage normale pour l&#8217;\u00e2ge ou le d\u00e9veloppement de cette personne.<\/p>\n<p>M\u00e9dicaments pour le TDA et le TDAH\u00a0? Ce site vend du phenida (methylphenidate hcl) 10mg.<\/p>\n<p>Le trouble d\u00e9ficitaire de l&#8217;attention avec hyperactivit\u00e9 (TDAH) est l&#8217;un des troubles infantiles les plus courants, et il peut \u00e9galement durer jusqu&#8217;\u00e0 l&#8217;adolescence et \u00e0 l&#8217;\u00e2ge adulte. Parmi les sympt\u00f4mes figurent la difficult\u00e9 \u00e0 rester concentr\u00e9 et \u00e0 pr\u00eater attention, la difficult\u00e9 \u00e0 contr\u00f4ler le comportement et l&#8217;hyperactivit\u00e9 (suractivit\u00e9).<\/p>\n<p>Pour acheter des comprim\u00e9s ADD (trouble d\u00e9ficitaire de l&#8217;attention) en ligne sans ordonnance, vous pouvez vous rendre sur le site Web .<\/p>\n<p>Les diff\u00e9rents types de m\u00e9thylph\u00e9nidate sont les suivants\u00a0: m\u00e9thylph\u00e9nidate HCL, m\u00e9thylph\u00e9nidate HCL, m\u00e9thylph\u00e9nidate HCL ER, m\u00e9thylph\u00e9nidate HCL, m\u00e9thylph\u00e9nidate HCL, m\u00e9thylph\u00e9nidate HCL, m\u00e9thylph\u00e9nidate HCL 20\u00a0mg, m\u00e9thylph\u00e9nidate HCL 10\u00a0mg et m\u00e9thylph\u00e9nidate HCL cd. Lorsque vous achetez des comprim\u00e9s de m\u00e9thylph\u00e9nidate hcl, quels sont-ils\u00a0? m\u00e9thylph\u00e9nidate hcl er 20 mg, m\u00e9thylph\u00e9nidate hcl 18 mg, m\u00e9thylph\u00e9nidate hcl er cd, m\u00e9thylph\u00e9nidate hcl er 10 mg, formes posologiques de m\u00e9thylph\u00e9nidate hcl et m\u00e9thylph\u00e9nidate hcl vs m\u00e9thylph\u00e9nidate hcl sont quelques-unes des questions que les gens me posent.<\/p>\n","protected":false},"excerpt":{"rendered":"<div class=\"woocommerce-product-details__short-description\">\n<p>Les pilules Phenida 10mg peuvent \u00eatre achet\u00e9es en ligne. somnif\u00e8res en vente libre, pharmacie en ligne au Royaume-Uni, pilules st\u00e9ro\u00efdes \u00e0 vendre, somnif\u00e8res puissants, analg\u00e9siques.<\/p>\n<\/p><\/div>\n","protected":false},"featured_media":5307,"comment_status":"open","ping_status":"closed","template":"","meta":[],"product_brand":[],"product_cat":[1117],"product_tag":[1794,1798,1799,1800,1801,1802,1803,1836,1810,1818,1819,1811,1820,1812,1821,1813,1814,1822,1823,1824,1815,1826,1827,1807,1835,1817,1806,1808,1809,1796,1816,1825,1828,1829,1830,1849,1832,1833,1834,1837,1804,1840,1841,1842,1843,1844,1838,1845,1831,1797,1839,1805,1848,1847,1846,1795,1850],"class_list":{"0":"post-5296","1":"product","2":"type-product","3":"status-publish","4":"has-post-thumbnail","6":"product_cat-acheter-douleur-sommeil-sexe-pilules","7":"product_tag-accepte-paypal","8":"product_tag-acheter-phenida","9":"product_tag-acheter-phenida-methylphenidate-hcl-10mg-en-ligne","10":"product_tag-acheter-phenida-en-ligne","11":"product_tag-acheter-phnidano-prescription","12":"product_tag-acheter-phenida-10mg","13":"product_tag-buyphenidacarte-de-crdit","14":"product_tag-bouteille-de-phenida","15":"product_tag-mthylphnidate-hcl","16":"product_tag-mthylphnidate-hcl-er","17":"product_tag-mthylphnidate-hcl-er-10-mg","18":"product_tag-mthylphnidate-hcl-10mg","19":"product_tag-mthylphnidate-hcl-er-18-mg","20":"product_tag-mthylphnidate-hcl-18mg","21":"product_tag-mthylphnidate-hcl-er-20-mg","22":"product_tag-mthylphnidate-hcl-20-mg","23":"product_tag-mthylphnidate-hcl-20mg","24":"product_tag-mthylphnidate-hcl-er-27-mg","25":"product_tag-mthylphnidate-hcl-er-36-mg","26":"product_tag-mthylphnidate-hcl-er-54-mg","27":"product_tag-mthylphnidate-hcl-5mg","28":"product_tag-comprims-de-mthylphnidate-hcl-er","29":"product_tag-effets-secondaires-du-mthylphnidate-hcl","30":"product_tag-est-phenida-mme-adderal","31":"product_tag-phenida-methylphenidate-hcl-10mg-review","32":"product_tag-mthylphnidate-hcl-formes-posologiques","33":"product_tag-is-focalin-also-called-phenida","34":"product_tag-is-phenida-same-as-ritalin","35":"product_tag-is-phenida-same-asadder","36":"product_tag-best-phenida-methylphenidate-hcl-10mg-online","37":"product_tag-mthylphnidate-hcl-cd","38":"product_tag-mthylphnidate-hcl-er-cd","39":"product_tag-mthylphnidate-vs-mthylphnidate-hcl","40":"product_tag-no-prescriptions","41":"product_tag-ordrephnide","42":"product_tag-o-acheter-phenida","43":"product_tag-phenida-methylphenidate-hcl-10mg","44":"product_tag-phenida-methylphenidate-hcl-10mg-en-vente-en-ligne","45":"product_tag-phenida-methylphenidate-hcl-10mg-price","46":"product_tag-phenida-bulgeria","47":"product_tag-gnrique-ritalin-phenida","48":"product_tag-phenida-pharmacie-de-confiance-en-ligne","49":"product_tag-phenida-pharmacie-de-confiance-en-ligne-bitcoin","50":"product_tag-phenida-reviews","51":"product_tag-phenida-ritalin","52":"product_tag-phenida-ritalin-zafa","53":"product_tag-phenida-sans-prescription","54":"product_tag-phenida-zafa","55":"product_tag-phnide","56":"product_tag-bulgarie-phenida","57":"product_tag-phenida-online","58":"product_tag-gnrique-phenida","59":"product_tag-quest-ce-que-phenida","60":"product_tag-quest-ce-que-le-methylphenidate-hcl","61":"product_tag-que-signifie-phenida","62":"product_tag-non","63":"product_tag-zafa-phenida","65":"first","66":"instock","67":"shipping-taxable","68":"purchasable","69":"product-type-variable","70":"has-default-attributes"},"yoast_head":"<!-- This site is optimized with the Yoast SEO plugin v27.2 - https:\/\/yoast.com\/product\/yoast-seo-wordpress\/ -->\n<title>Acheter des pilules Phenida 10mg - Meilleurs meilleurs m\u00e9dicaments mondiaux<\/title>\n<meta name=\"description\" content=\"Acheter des pilules Phenida 10 mg en ligne. somnif\u00e8res en vente libre, commander des pilules en ligne, pilules st\u00e9ro\u00efdes \u00e0 vendre, somnif\u00e8res puissants, analg\u00e9siques, pharmacie en ligne au Royaume-Uni.\" \/>\n<meta name=\"robots\" content=\"index, follow, max-snippet:-1, max-image-preview:large, max-video-preview:-1\" \/>\n<link rel=\"canonical\" href=\"https:\/\/medicinasinc.com\/fr\/product\/acheter-phenida-10mg-pilules\/\" \/>\n<meta property=\"og:locale\" content=\"en_US\" \/>\n<meta property=\"og:type\" content=\"article\" \/>\n<meta property=\"og:title\" content=\"Acheter des pilules Phenida 10mg - Meilleurs meilleurs m\u00e9dicaments mondiaux\" \/>\n<meta property=\"og:description\" content=\"Acheter des pilules Phenida 10 mg en ligne. somnif\u00e8res en vente libre, commander des pilules en ligne, pilules st\u00e9ro\u00efdes \u00e0 vendre, somnif\u00e8res puissants, analg\u00e9siques, pharmacie en ligne au Royaume-Uni.\" \/>\n<meta property=\"og:url\" content=\"https:\/\/medicinasinc.com\/fr\/product\/acheter-phenida-10mg-pilules\/\" \/>\n<meta property=\"og:site_name\" content=\"Medicinas Inc\" \/>\n<meta property=\"article:modified_time\" content=\"2022-03-17T12:05:42+00:00\" \/>\n<meta property=\"og:image\" content=\"https:\/\/medicinasinc.com\/fr\/wp-content\/uploads\/sites\/5\/2022\/02\/buy-phenida-10mg-pills-online.jpg\" \/>\n\t<meta property=\"og:image:width\" content=\"600\" \/>\n\t<meta property=\"og:image:height\" content=\"600\" \/>\n\t<meta property=\"og:image:type\" content=\"image\/jpeg\" \/>\n<meta name=\"twitter:card\" content=\"summary_large_image\" \/>\n<meta name=\"twitter:label1\" content=\"Est. reading time\" \/>\n\t<meta name=\"twitter:data1\" content=\"2 minutes\" \/>\n<script type=\"application\/ld+json\" class=\"yoast-schema-graph\">{\"@context\":\"https:\/\/schema.org\",\"@graph\":[{\"@type\":\"WebPage\",\"@id\":\"https:\/\/medicinasinc.com\/fr\/product\/acheter-phenida-10mg-pilules\/\",\"url\":\"https:\/\/medicinasinc.com\/fr\/product\/acheter-phenida-10mg-pilules\/\",\"name\":\"Acheter des pilules Phenida 10mg - Meilleurs meilleurs m\u00e9dicaments mondiaux\",\"isPartOf\":{\"@id\":\"https:\/\/medicinasinc.com\/fr\/#website\"},\"primaryImageOfPage\":{\"@id\":\"https:\/\/medicinasinc.com\/fr\/product\/acheter-phenida-10mg-pilules\/#primaryimage\"},\"image\":{\"@id\":\"https:\/\/medicinasinc.com\/fr\/product\/acheter-phenida-10mg-pilules\/#primaryimage\"},\"thumbnailUrl\":\"https:\/\/medicinasinc.com\/fr\/wp-content\/uploads\/sites\/5\/2022\/02\/buy-phenida-10mg-pills-online.jpg\",\"datePublished\":\"2022-02-21T18:20:49+00:00\",\"dateModified\":\"2022-03-17T12:05:42+00:00\",\"description\":\"Acheter des pilules Phenida 10 mg en ligne. somnif\u00e8res en vente libre, commander des pilules en ligne, pilules st\u00e9ro\u00efdes \u00e0 vendre, somnif\u00e8res puissants, analg\u00e9siques, pharmacie en ligne au Royaume-Uni.\",\"breadcrumb\":{\"@id\":\"https:\/\/medicinasinc.com\/fr\/product\/acheter-phenida-10mg-pilules\/#breadcrumb\"},\"inLanguage\":\"en-US\",\"potentialAction\":[{\"@type\":\"ReadAction\",\"target\":[\"https:\/\/medicinasinc.com\/fr\/product\/acheter-phenida-10mg-pilules\/\"]}]},{\"@type\":\"ImageObject\",\"inLanguage\":\"en-US\",\"@id\":\"https:\/\/medicinasinc.com\/fr\/product\/acheter-phenida-10mg-pilules\/#primaryimage\",\"url\":\"https:\/\/medicinasinc.com\/fr\/wp-content\/uploads\/sites\/5\/2022\/02\/buy-phenida-10mg-pills-online.jpg\",\"contentUrl\":\"https:\/\/medicinasinc.com\/fr\/wp-content\/uploads\/sites\/5\/2022\/02\/buy-phenida-10mg-pills-online.jpg\",\"width\":600,\"height\":600},{\"@type\":\"BreadcrumbList\",\"@id\":\"https:\/\/medicinasinc.com\/fr\/product\/acheter-phenida-10mg-pilules\/#breadcrumb\",\"itemListElement\":[{\"@type\":\"ListItem\",\"position\":1,\"name\":\"Boutique\",\"item\":\"https:\/\/medicinasinc.com\/fr\/boutique\/\"},{\"@type\":\"ListItem\",\"position\":2,\"name\":\"Acheter des pilules Phenida 10mg\"}]},{\"@type\":\"WebSite\",\"@id\":\"https:\/\/medicinasinc.com\/fr\/#website\",\"url\":\"https:\/\/medicinasinc.com\/fr\/\",\"name\":\"Medicinas Inc\",\"description\":\"Health Medical Clinic\",\"potentialAction\":[{\"@type\":\"SearchAction\",\"target\":{\"@type\":\"EntryPoint\",\"urlTemplate\":\"https:\/\/medicinasinc.com\/fr\/?s={search_term_string}\"},\"query-input\":{\"@type\":\"PropertyValueSpecification\",\"valueRequired\":true,\"valueName\":\"search_term_string\"}}],\"inLanguage\":\"en-US\"}]}<\/script>\n<!-- \/ Yoast SEO plugin. -->","yoast_head_json":{"title":"Acheter des pilules Phenida 10mg - Meilleurs meilleurs m\u00e9dicaments mondiaux","description":"Acheter des pilules Phenida 10 mg en ligne. somnif\u00e8res en vente libre, commander des pilules en ligne, pilules st\u00e9ro\u00efdes \u00e0 vendre, somnif\u00e8res puissants, analg\u00e9siques, pharmacie en ligne au Royaume-Uni.","robots":{"index":"index","follow":"follow","max-snippet":"max-snippet:-1","max-image-preview":"max-image-preview:large","max-video-preview":"max-video-preview:-1"},"canonical":"https:\/\/medicinasinc.com\/fr\/product\/acheter-phenida-10mg-pilules\/","og_locale":"en_US","og_type":"article","og_title":"Acheter des pilules Phenida 10mg - Meilleurs meilleurs m\u00e9dicaments mondiaux","og_description":"Acheter des pilules Phenida 10 mg en ligne. somnif\u00e8res en vente libre, commander des pilules en ligne, pilules st\u00e9ro\u00efdes \u00e0 vendre, somnif\u00e8res puissants, analg\u00e9siques, pharmacie en ligne au Royaume-Uni.","og_url":"https:\/\/medicinasinc.com\/fr\/product\/acheter-phenida-10mg-pilules\/","og_site_name":"Medicinas Inc","article_modified_time":"2022-03-17T12:05:42+00:00","og_image":[{"width":600,"height":600,"url":"https:\/\/medicinasinc.com\/fr\/wp-content\/uploads\/sites\/5\/2022\/02\/buy-phenida-10mg-pills-online.jpg","type":"image\/jpeg"}],"twitter_card":"summary_large_image","twitter_misc":{"Est. reading time":"2 minutes"},"schema":{"@context":"https:\/\/schema.org","@graph":[{"@type":"WebPage","@id":"https:\/\/medicinasinc.com\/fr\/product\/acheter-phenida-10mg-pilules\/","url":"https:\/\/medicinasinc.com\/fr\/product\/acheter-phenida-10mg-pilules\/","name":"Acheter des pilules Phenida 10mg - Meilleurs meilleurs m\u00e9dicaments mondiaux","isPartOf":{"@id":"https:\/\/medicinasinc.com\/fr\/#website"},"primaryImageOfPage":{"@id":"https:\/\/medicinasinc.com\/fr\/product\/acheter-phenida-10mg-pilules\/#primaryimage"},"image":{"@id":"https:\/\/medicinasinc.com\/fr\/product\/acheter-phenida-10mg-pilules\/#primaryimage"},"thumbnailUrl":"https:\/\/medicinasinc.com\/fr\/wp-content\/uploads\/sites\/5\/2022\/02\/buy-phenida-10mg-pills-online.jpg","datePublished":"2022-02-21T18:20:49+00:00","dateModified":"2022-03-17T12:05:42+00:00","description":"Acheter des pilules Phenida 10 mg en ligne. somnif\u00e8res en vente libre, commander des pilules en ligne, pilules st\u00e9ro\u00efdes \u00e0 vendre, somnif\u00e8res puissants, analg\u00e9siques, pharmacie en ligne au Royaume-Uni.","breadcrumb":{"@id":"https:\/\/medicinasinc.com\/fr\/product\/acheter-phenida-10mg-pilules\/#breadcrumb"},"inLanguage":"en-US","potentialAction":[{"@type":"ReadAction","target":["https:\/\/medicinasinc.com\/fr\/product\/acheter-phenida-10mg-pilules\/"]}]},{"@type":"ImageObject","inLanguage":"en-US","@id":"https:\/\/medicinasinc.com\/fr\/product\/acheter-phenida-10mg-pilules\/#primaryimage","url":"https:\/\/medicinasinc.com\/fr\/wp-content\/uploads\/sites\/5\/2022\/02\/buy-phenida-10mg-pills-online.jpg","contentUrl":"https:\/\/medicinasinc.com\/fr\/wp-content\/uploads\/sites\/5\/2022\/02\/buy-phenida-10mg-pills-online.jpg","width":600,"height":600},{"@type":"BreadcrumbList","@id":"https:\/\/medicinasinc.com\/fr\/product\/acheter-phenida-10mg-pilules\/#breadcrumb","itemListElement":[{"@type":"ListItem","position":1,"name":"Boutique","item":"https:\/\/medicinasinc.com\/fr\/boutique\/"},{"@type":"ListItem","position":2,"name":"Acheter des pilules Phenida 10mg"}]},{"@type":"WebSite","@id":"https:\/\/medicinasinc.com\/fr\/#website","url":"https:\/\/medicinasinc.com\/fr\/","name":"Medicinas Inc","description":"Health Medical Clinic","potentialAction":[{"@type":"SearchAction","target":{"@type":"EntryPoint","urlTemplate":"https:\/\/medicinasinc.com\/fr\/?s={search_term_string}"},"query-input":{"@type":"PropertyValueSpecification","valueRequired":true,"valueName":"search_term_string"}}],"inLanguage":"en-US"}]}},"_links":{"self":[{"href":"https:\/\/medicinasinc.com\/fr\/wp-json\/wp\/v2\/product\/5296","targetHints":{"allow":["GET"]}}],"collection":[{"href":"https:\/\/medicinasinc.com\/fr\/wp-json\/wp\/v2\/product"}],"about":[{"href":"https:\/\/medicinasinc.com\/fr\/wp-json\/wp\/v2\/types\/product"}],"replies":[{"embeddable":true,"href":"https:\/\/medicinasinc.com\/fr\/wp-json\/wp\/v2\/comments?post=5296"}],"wp:featuredmedia":[{"embeddable":true,"href":"https:\/\/medicinasinc.com\/fr\/wp-json\/wp\/v2\/media\/5307"}],"wp:attachment":[{"href":"https:\/\/medicinasinc.com\/fr\/wp-json\/wp\/v2\/media?parent=5296"}],"wp:term":[{"taxonomy":"product_brand","embeddable":true,"href":"https:\/\/medicinasinc.com\/fr\/wp-json\/wp\/v2\/product_brand?post=5296"},{"taxonomy":"product_cat","embeddable":true,"href":"https:\/\/medicinasinc.com\/fr\/wp-json\/wp\/v2\/product_cat?post=5296"},{"taxonomy":"product_tag","embeddable":true,"href":"https:\/\/medicinasinc.com\/fr\/wp-json\/wp\/v2\/product_tag?post=5296"}],"curies":[{"name":"wp","href":"https:\/\/api.w.org\/{rel}","templated":true}]}}