{"id":5295,"date":"2022-02-21T18:18:17","date_gmt":"2022-02-21T18:18:17","guid":{"rendered":"https:\/\/medicinasinc.com\/fr\/?post_type=product&#038;p=5295"},"modified":"2022-03-17T12:06:07","modified_gmt":"2022-03-17T12:06:07","slug":"acheter-percocet-10mg-pilules","status":"publish","type":"product","link":"https:\/\/medicinasinc.com\/fr\/product\/acheter-percocet-10mg-pilules\/","title":{"rendered":"Acheter des pilules de Percocet 10mg"},"content":{"rendered":"<h1 style=\"text-align: center\">Acheter des pilules de Percocet 10mg en ligne.<\/h1>\n<div class=\"Section\" style=\"text-align: center\">\n<h1>DESCRIPTION<\/h1>\n<p class=\"First\"><span class=\"Bold\">Le chlorhydrate d&#8217;oxycodone et l&#8217;ac\u00e9taminoph\u00e8ne sont disponibles en comprim\u00e9s pour administration orale.<\/span><\/p>\n<p>Chaque comprim\u00e9 pour administration orale contient du chlorhydrate d&#8217;oxycodone et de l&#8217;ac\u00e9taminoph\u00e8ne dans les dosages suivants\u00a0:<\/p>\n<p>Chlorhydrate d&#8217;oxycodone, USP\u00a0\u00a0\u00a0\u00a0\u00a0\u00a0\u00a0\u00a0\u00a0\u00a0\u00a0\u00a0 2,5 mg*<br \/> (*2,5 mg de chlorhydrate d&#8217;oxycodone \u00e9quivaut \u00e0 2,2409 mg d&#8217;oxycodone.)<br \/> Ac\u00e9taminoph\u00e8ne, USP\u00a0\u00a0\u00a0\u00a0\u00a0\u00a0\u00a0\u00a0\u00a0\u00a0\u00a0\u00a0\u00a0\u00a0\u00a0 \u00a0\u00a0\u00a0\u00a0\u00a0\u00a0\u00a0\u00a0\u00a0\u00a0\u00a0\u00a0 325 mg<\/p>\n<p> Chlorhydrate d&#8217;oxycodone\u00a0\u00a0\u00a0\u00a0\u00a0\u00a0\u00a0\u00a0\u00a0\u00a0\u00a0\u00a0 5\u00a0mg*<br \/> (*5\u00a0mg de chlorhydrate d&#8217;oxycodone \u00e9quivaut \u00e0 4,4815\u00a0mg d&#8217;oxycodone.)<br \/> Ac\u00e9taminoph\u00e8ne\u00a0\u00a0\u00a0\u00a0\u00a0\u00a0\u00a0\u00a0\u00a0\u00a0\u00a0\u00a0\u00a0\u00a0\u00a0 \u00a0\u00a0\u00a0\u00a0\u00a0\u00a0\u00a0\u00a0\u00a0\u00a0\u00a0\u00a0\u00a0 325\u00a0mg<\/p>\n<p>Chlorhydrate d&#8217;oxycodone, USP\u00a0br \/&gt; (*7,5\u00a0mg de chlorhydrate d&#8217;oxycodone \u00e9quivaut \u00e0 6,7228\u00a0mg d&#8217;oxycodone.)<br \/> Ac\u00e9taminoph\u00e8ne\u00a0\u00a0\u00a0\u00a0\u00a0\u00a0\u00a0\u00a0\u00a0\u00a0\u00a0\u00a0\u00a0\u00a0\u00a0 \u00a0\u00a0\u00a0\u00a0\u00a0\u00a0\u00a0\u00a0\u00a0\u00a0\u00a0\u00a0 325 mg<\/p>\n<p>Oxycodone H ydrochloride, USP\u00a0\u00a0\u00a0\u00a0\u00a0\u00a0\u00a0\u00a0\u00a0\u00a0\u00a0\u00a0 10\u00a0mg*<br \/> (*10\u00a0mg de chlorhydrate d&#8217;oxycodone \u00e9quivaut \u00e0 8,9637\u00a0mg d&#8217;oxycodone.)<br \/> Ac\u00e9taminoph\u00e8ne, USP\u00a0\u00a0\u00a0\u00a0\u00a0\u00a0\u00a0\u00a0\u00a0\u00a0\u00a0\u00a0\u00a0\u00a0\u00a0 \u00a0\u00a0\u00a0\u00a0\u00a0\u00a0\u00a0\u00a0\u00a0\u00a0\u00a0\u00a0 325\u00a0mg<\/p>\n<p>Tous les dosages de\u00a0<strong>PERCOCET<\/strong>\u00a0contiennent \u00e9galement les ingr\u00e9dients inactifs suivants\u00a0: dioxyde de silicium collo\u00efdal, croscarmellose sodique, cellulose microcristalline, povidone, amidon de ma\u00efs pr\u00e9g\u00e9latinis\u00e9 et acide st\u00e9arique. Peut \u00e9galement contenir de la crospovidone. De plus, le dosage de 2,5 mg\/325 mg contient la laque d&#8217;aluminium FD&amp;C rouge n\u00b0 40 et le dosage de 5 mg\/325 mg contient la laque d&#8217;aluminium FD&amp;C bleu n\u00b0 1. Le dosage de 7,5\u00a0mg\/325\u00a0mg contient la laque d&#8217;aluminium FD&amp;C jaune n\u00b0\u00a06. La concentration de 10 mg\/325 mg contient la laque d&#8217;aluminium D&amp;C jaune n\u00b0 10. Le dosage de 7,5\u00a0mg\/325\u00a0mg et le dosage de 10\u00a0mg\/325\u00a0mg peuvent \u00e9galement contenir de l&#8217;amidon de ma\u00efs.<\/p>\n<p>Les comprim\u00e9s de chlorhydrate d&#8217;oxycodone et d&#8217;ac\u00e9taminoph\u00e8ne contiennent de l&#8217;oxycodone, de la 14-hydroxydihydrocod\u00e9inone, un analg\u00e9sique opio\u00efde semi-synth\u00e9tique qui se pr\u00e9sente sous la forme d&#8217;un fine poudre cristalline blanc cass\u00e9. La formule mol\u00e9culaire du chlorhydrate d&#8217;oxycodone est C<span class=\"Sub\">18<\/span>H<span class=\"Sub\">21<\/span>NON<span class=\"Sub\">4<\/span>\u00a0\u2219 HCl et le poids mol\u00e9culaire est de 351,82. Il est d\u00e9riv\u00e9 de l&#8217;alcalo\u00efde de l&#8217;opium, la th\u00e9ba\u00efne, et peut \u00eatre repr\u00e9sent\u00e9 par la formule structurelle suivante\u00a0:<\/p>\n<div class=\"Figure\"><img decoding=\"async\" src=\"https:\/\/www.endo.com\/Image%20Library \/Endo\/EndoPharma\/Products\/Prescrire_Information\/pert-oxy-and-apap-tab-usp-1.jpg\" alt=\"structure chimique du chlorhydrate d'oxycodone\" \/><\/div>\n<p>Les comprim\u00e9s de chlorhydrate d&#8217;oxycodone et d&#8217;ac\u00e9taminoph\u00e8ne contiennent de l&#8217;ac\u00e9taminoph\u00e8ne, Le 4\u2032-hydroxyac\u00e9tanilide est un analg\u00e9sique et antipyr\u00e9tique non opiac\u00e9 et non salicyl\u00e9 qui se pr\u00e9sente sous la forme d&#8217;une poudre cristalline blanche et inodore. La formule mol\u00e9culaire de l&#8217;ac\u00e9taminoph\u00e8ne est C<span class=\"Sub\">8<\/span>H<span class=\"Sub\">9<\/span>NO<span class=\"Sub\">2<\/span>\u00a0et la le poids mol\u00e9culaire est de 151,16. Il peut \u00eatre repr\u00e9sent\u00e9 par la formule structurelle suivante\u00a0:<\/p>\n<div class=\"Figure\"><img decoding=\"async\" src=\"https:\/\/www.endo.com\/Image%20Library\/Endo\/EndoPharma\/Products\/Prescribe_Information\/pert -oxy-and-apap-tab-usp-2.jpg\" alt=\"Formule structurelle de l'ac\u00e9taminoph\u00e8ne\" \/>&nbsp;<\/p>\n<p class=\"MultiMediaCaption\">Formule structurelle de l&#8217;ac\u00e9taminoph\u00e8ne<\/p>\n<\/p><\/div><\/div>\n<div class=\"Section\" style=\"text-align: center\">\n<p>Chaque comprim\u00e9, pour administration orale, contient du chlorhydrate d&#8217;oxycodone et de l&#8217;ac\u00e9taminoph\u00e8ne dans les dosages suivants\u00a0:<\/p>\n<p>Chlorhydrate d&#8217;oxycodone, USP\u00a02,5\u00a0mg*<br \/> Ac\u00e9taminoph\u00e8ne, USP\u00a0325\u00a0mg<br \/> *2,5\u00a0mg de chlorhydrate d&#8217;oxycodone \u00e9quivaut \u00e0 2,2409\u00a0mg d&#8217;oxycodone.<\/p>\n<p>Chlorhydrate d&#8217;oxycodone, USP\u00a05\u00a0mg*<br \/> Ac\u00e9taminoph\u00e8ne, USP 325\u00a0mg<br \/> *5\u00a0mg de chlorhydrate d&#8217;oxycodone \u00e9quivaut \u00e0 4,4815\u00a0mg d&#8217;oxycodone.<\/p>\n<p>Chlorhydrate d&#8217;oxycodone, USP\u00a07,5\u00a0mg*<br \/> Ac\u00e9taminoph\u00e8ne, USP 325\u00a0mg<br \/> *7,5\u00a0mg le chlorhydrate d&#8217;oxycodone \u00e9quivaut \u00e0 6,7228\u00a0mg d&#8217;oxycodone.<\/p>\n<p>Chlorhydrate d&#8217;oxycodone, USP\u00a010\u00a0mg*<br \/> Ac\u00e9tami nophen, USP 325 mg<br \/> *10 mg de chlorhydrate d&#8217;oxycodone \u00e9quivaut \u00e0 8,9637 mg d&#8217;oxycodone.<\/p>\n<p>Tous les dosages de PERCOCET contiennent \u00e9galement les ingr\u00e9dients inactifs suivants\u00a0: Dioxyde de silicium collo\u00efdal, croscarmellose sodique, crospovidone, cellulose microcristalline, povidone, amidon de ma\u00efs pr\u00e9g\u00e9latinis\u00e9 et acide st\u00e9arique. De plus, le dosage de 2,5 mg\/325 mg contient la laque d&#8217;aluminium FD&amp;C rouge n\u00b0 40 et le dosage de 5 mg\/325 mg contient la laque d&#8217;aluminium FD&amp;C bleu n\u00b0 1. La concentration de 7,5 mg\/325 mg contient la laque d&#8217;aluminium FD&amp;C jaune n\u00b0 6. La concentration de 10 mg\/325 mg contient la laque d&#8217;aluminium D&amp;C jaune n\u00b0 10. Les dosages de 7,5\u00a0mg\/325\u00a0mg et 10\u00a0mg\/325\u00a0mg peuvent \u00e9galement contenir de l&#8217;amidon de ma\u00efs.<\/p>\n<p>L&#8217;oxycodone, la 14-hydroxydihydrocod\u00e9inone, est un analg\u00e9sique opio\u00efde semi-synth\u00e9tique qui se pr\u00e9sente sous la forme d&#8217;une poudre cristalline blanche, inodore ayant une solution saline. , go\u00fbt amer. La formule mol\u00e9culaire du chlorhydrate d&#8217;oxycodone est C<sub>18<\/sub>H<sub>21<\/sub>NO<sub>4<\/sub>\u2022HCl et le poids mol\u00e9culaire est de 351,82. Il est d\u00e9riv\u00e9 de la th\u00e9ba\u00efne, un alcalo\u00efde de l&#8217;opium, et peut \u00eatre repr\u00e9sent\u00e9 par la formule d\u00e9velopp\u00e9e suivante\u00a0:<\/p>\n<p>&nbsp;<\/p>\n<table class=\"blackpic\" width=\"256\" cellspacing=\"0\">\n<tbody>\n<tr>\n<td><img loading=\"lazy\" decoding=\"async\" title=\"Oxycodone - illustration de la formule structurelle\" src=\"https:\/\/images.rxlist.com\/images\/rxlist\/oxyapap1.gif\" alt=\"Oxycodone - illustration de la formule structurelle\" width=\"256\" height=\"154\" \/><\/td>\n<\/tr>\n<\/tbody>\n<\/table>\n<p>&nbsp;<\/p>\n<p>L&#8217;ac\u00e9taminoph\u00e8ne, le 4\u2032-hydroxyac\u00e9tanilide, est un\u00a0non -opiac\u00e9,\u00a0analg\u00e9sique non salicyl\u00e9 et\u00a0antipyr\u00e9tique\u00a0qui se pr\u00e9sente sous la forme d&#8217;une poudre cristalline blanche, inodore, poss\u00e9dant un go\u00fbt l\u00e9g\u00e8rement amer. La formule mol\u00e9culaire de l&#8217;ac\u00e9taminoph\u00e8ne est C<sub>8<\/sub>H<sub>9<\/sub>NO<sub>2<\/sub>\u00a0et le poids mol\u00e9culaire est de 151,17. Il peut \u00eatre repr\u00e9sent\u00e9 par la formule structurelle suivante\u00a0:<\/p>\n<p>&nbsp;<\/p>\n<table class=\"blackpic\" width=\"232\" cellspacing=\"0\">\n<tbody>\n<tr>\n<td> <img decoding=\"async\" title=\"Ac\u00e9taminoph\u00e8ne - illustration de la formule structurelle\" src=\"https:\/\/images.rxlist.com\/images\/rxlist\/oxyapap2.gif\" alt=\"Ac\u00e9taminoph\u00e8ne - illustration de la formule structurelle\" width=\"232\" height=\"106 \" \/><\/td>\n<\/tr>\n<\/tbody>\n<\/table><\/div>\n<p style=\"text-align: center\">Achetez des pilules de Percocet 10mg en ligne. D&#8217;autres pilules comme l&#8217;oxycodone sont \u00e9galement disponibles. Somnif\u00e8res en vente libre \u00e0 vendre \u00e0 des prix tr\u00e8s bas.<\/p>\n<p style=\"text-align: center\"><strong>combien de temps le percocet reste-t-il dans votre syst\u00e8me, combien de temps le percocet reste-t-il dans votre syst\u00e8me , \u00e0 quoi ressemble un percocet, \u00e0 quoi ressemble le percocet, combien de temps le percocet reste-t-il dans votre urine, qu&#8217;est-ce qu&#8217;un percocet, \u00e0 quoi ressemble le percocet, \u00e0 quoi sert le percocet, comment se faire prescrire du percocet, combien de temps dure le percocet rester dans l&#8217;urine, qu&#8217;y a-t-il dans le percocet, combien de temps dure le percocet, \u00e0 quoi ressemble un percocet 10, combien de temps dure le retrait du percocet, quelle est la couleur du percocet, pourquoi le percocet vous d\u00e9mange-t-il, qu&#8217;est-ce que le percocet vous fait, quoi \u00e0 quoi ressemble un percocet \u00e9lev\u00e9, \u00e0 quoi ressemblent les pilules de percocet, combien co\u00fbte le percocet, \u00e0 quoi ressemble un percocet 30, combien puis-je vendre du percocet 5 325, combien de percocet \u00e0 surdoser, qu&#8217;est-ce qui est plus fort norco ou percocet, percocet d\u00e9mangeaisons comment arr\u00eater, combien co\u00fbte le percocet sans assurance, combien de temps dure le percocet high, combien de temps un percocet reste-t-il dans votre syst\u00e8me, quel est l&#8217;oxycodone ou le percocet le plus fort, qu&#8217;est-ce qui est le vicodine ou le percocet le plus fort, o\u00f9 trouver le percocet, comment le percocet vous fait-il sentir<\/strong><\/p>\n","protected":false},"excerpt":{"rendered":"<div class=\"woocommerce-product-details__short-description\">\n<p>Achetez des pilules de Percocet 10 mg en ligne. Somnif\u00e8res puissants, analg\u00e9siques, pharmacie en ligne au Royaume-Uni, analg\u00e9siques \u00e0 vendre, analg\u00e9siques, achat de m\u00e9dicaments en ligne, acheter des analg\u00e9siques en ligne, acheter des analg\u00e9siques en ligne.<\/p>\n<\/p><\/div>\n","protected":false},"featured_media":5305,"comment_status":"open","ping_status":"closed","template":"","meta":[],"product_brand":[],"product_cat":[1117],"product_tag":[1721,1722,1790,1789,1788,1792,1724,1769,1735,1730,1731,1726,1742,1784,1728,1727,1733,1732,1734,1691,1736,1793,1738,1739,1740,1741,1743,1744,1745,1746,1747,1748,1749,1750,1751,1752,1753,1754,1756,1757,1758,1723,1777,1761,1762,1763,1765,1766,1768,1759,1760,1729,1767,1773,1783,1774,1775,1778,1780,1781,1782,1737,1770,1771,1772,1725,1755,1791,1779,1764,1786,1776,1785,1787],"class_list":{"0":"post-5295","1":"product","2":"type-product","3":"status-publish","4":"has-post-thumbnail","6":"product_cat-acheter-douleur-sommeil-sexe-pilules","7":"product_tag-30-mg-de-percocet","8":"product_tag-5mg-percocet","9":"product_tag--quoi-ressemble-le-percocet","10":"product_tag--quoi-ressemble-un-percocet","11":"product_tag--quoi-ressemblent-les-pilules-de-percocet","12":"product_tag--quoi-est-utilis-le-percocet","13":"product_tag-acheter-percocet-en-ligne","14":"product_tag-percocet-analgsiques","15":"product_tag-molly-percocet-chanson","16":"product_tag-combien-de-temps-le-percocet-reste-dans-votre-organisme","17":"product_tag-combien-de-temps-le-percocet-reste-t-il-dans-votre-urine","18":"product_tag-effets-du-percocet","19":"product_tag-effets-du-percocet-10-325","20":"product_tag-effets-secondaires-du-percocet","21":"product_tag-fausses-pilules-de-percocet","22":"product_tag-faux-percocet","23":"product_tag-itching-percocet","24":"product_tag-est-oxycodone-le-mme-que-percocet","25":"product_tag-molly-percocet","26":"product_tag-oxycodone-vs-percocet","27":"product_tag-oxycontin-vs-percocet","28":"product_tag-percoce-jaune","29":"product_tag-percocet-10","30":"product_tag-percocet-10-images","31":"product_tag-percocet-10-jaune","32":"product_tag-percocet-10-325","33":"product_tag-percocet-10-325-efectos-blanc","34":"product_tag-percocet-10-325-espanol","35":"product_tag-percocet-10mg","36":"product_tag-percocet-15","37":"product_tag-percocet-15-mg","38":"product_tag-percocet-20-mg","39":"product_tag-percocet-30","40":"product_tag-percocet-30-mg","41":"product_tag-percocet-325","42":"product_tag-percocet-5","43":"product_tag-percocet-5-mg","44":"product_tag-percocet-5-325","45":"product_tag-percocet-512","46":"product_tag-percocet-7-5","47":"product_tag-percocet-7-5-325-efectos","48":"product_tag-percocet-bleu","49":"product_tag-percocet-vs-tramadol","50":"product_tag-percocet-dosage","51":"product_tag-percocet-drug","52":"product_tag-percocet-effects","53":"product_tag-percocet-lev","54":"product_tag-percocet-en-espagnol","55":"product_tag-percocet-en-ligne","56":"product_tag-percocet-et-alcool","57":"product_tag-percocet-et-xanax","58":"product_tag-gnrique-percocet","59":"product_tag-percocet-molly","60":"product_tag-percocet-pills-images","61":"product_tag-percocet-rose","62":"product_tag-percocet-side-effects","63":"product_tag-percocet-song","64":"product_tag-percocet-vs-vicodin","65":"product_tag-photos-des-pilules-de-percocet","66":"product_tag-pills-that-look-like-percocet","67":"product_tag-pills-that-look-like-percocet-5mg","68":"product_tag-analgsiques--vendre-percocet","69":"product_tag-pilules--percussion","70":"product_tag-pilules-de-percocet","71":"product_tag-percocet-pilules-a-vendre","72":"product_tag-pilules-de-percocet-bon-march","73":"product_tag-percocet-5-325-prix","74":"product_tag-quest-ce-que-le-percocet","75":"product_tag-percocet-retrait","76":"product_tag-percocet-sentiment","77":"product_tag-tramadol-vs-percocet","78":"product_tag-valeur-rue-percocet","79":"product_tag-valeur-marchande-du-percocet","80":"product_tag-vicodin-vs-percocet","82":"first","83":"instock","84":"shipping-taxable","85":"purchasable","86":"product-type-variable","87":"has-default-attributes"},"yoast_head":"<!-- This site is optimized with the Yoast SEO plugin v27.3 - https:\/\/yoast.com\/product\/yoast-seo-wordpress\/ -->\n<title>Acheter des pilules de Percocet 10mg - Best Best Global Meds<\/title>\n<meta name=\"description\" content=\"Achetez des pilules de Percocet 10 mg en ligne. Somnif\u00e8res puissants, analg\u00e9siques, pharmacie en ligne au Royaume-Uni, analg\u00e9siques \u00e0 vendre, analg\u00e9siques, achat de m\u00e9dicaments en ligne, acheter des analg\u00e9siques en ligne, acheter des analg\u00e9siques en ligne.\" \/>\n<meta name=\"robots\" content=\"index, follow, max-snippet:-1, max-image-preview:large, max-video-preview:-1\" \/>\n<link rel=\"canonical\" href=\"https:\/\/medicinasinc.com\/fr\/product\/acheter-percocet-10mg-pilules\/\" \/>\n<meta property=\"og:locale\" content=\"en_US\" \/>\n<meta property=\"og:type\" content=\"article\" \/>\n<meta property=\"og:title\" content=\"Acheter des pilules de Percocet 10mg - Best Best Global Meds\" \/>\n<meta property=\"og:description\" content=\"Achetez des pilules de Percocet 10 mg en ligne. Somnif\u00e8res puissants, analg\u00e9siques, pharmacie en ligne au Royaume-Uni, analg\u00e9siques \u00e0 vendre, analg\u00e9siques, achat de m\u00e9dicaments en ligne, acheter des analg\u00e9siques en ligne, acheter des analg\u00e9siques en ligne.\" \/>\n<meta property=\"og:url\" content=\"https:\/\/medicinasinc.com\/fr\/product\/acheter-percocet-10mg-pilules\/\" \/>\n<meta property=\"og:site_name\" content=\"Medicinas Inc\" \/>\n<meta property=\"article:modified_time\" content=\"2022-03-17T12:06:07+00:00\" \/>\n<meta property=\"og:image\" content=\"https:\/\/medicinasinc.com\/fr\/wp-content\/uploads\/sites\/5\/2022\/02\/Buy-Percocet-10mg-pills.jpg\" \/>\n\t<meta property=\"og:image:width\" content=\"600\" \/>\n\t<meta property=\"og:image:height\" content=\"400\" \/>\n\t<meta property=\"og:image:type\" content=\"image\/jpeg\" \/>\n<meta name=\"twitter:card\" content=\"summary_large_image\" \/>\n<meta name=\"twitter:label1\" content=\"Est. reading time\" \/>\n\t<meta name=\"twitter:data1\" content=\"5 minutes\" \/>\n<script type=\"application\/ld+json\" class=\"yoast-schema-graph\">{\"@context\":\"https:\\\/\\\/schema.org\",\"@graph\":[{\"@type\":\"WebPage\",\"@id\":\"https:\\\/\\\/medicinasinc.com\\\/fr\\\/product\\\/acheter-percocet-10mg-pilules\\\/\",\"url\":\"https:\\\/\\\/medicinasinc.com\\\/fr\\\/product\\\/acheter-percocet-10mg-pilules\\\/\",\"name\":\"Acheter des pilules de Percocet 10mg - Best Best Global Meds\",\"isPartOf\":{\"@id\":\"https:\\\/\\\/medicinasinc.com\\\/fr\\\/#website\"},\"primaryImageOfPage\":{\"@id\":\"https:\\\/\\\/medicinasinc.com\\\/fr\\\/product\\\/acheter-percocet-10mg-pilules\\\/#primaryimage\"},\"image\":{\"@id\":\"https:\\\/\\\/medicinasinc.com\\\/fr\\\/product\\\/acheter-percocet-10mg-pilules\\\/#primaryimage\"},\"thumbnailUrl\":\"https:\\\/\\\/medicinasinc.com\\\/fr\\\/wp-content\\\/uploads\\\/sites\\\/5\\\/2022\\\/02\\\/Buy-Percocet-10mg-pills.jpg\",\"datePublished\":\"2022-02-21T18:18:17+00:00\",\"dateModified\":\"2022-03-17T12:06:07+00:00\",\"description\":\"Achetez des pilules de Percocet 10 mg en ligne. Somnif\u00e8res puissants, analg\u00e9siques, pharmacie en ligne au Royaume-Uni, analg\u00e9siques \u00e0 vendre, analg\u00e9siques, achat de m\u00e9dicaments en ligne, acheter des analg\u00e9siques en ligne, acheter des analg\u00e9siques en ligne.\",\"breadcrumb\":{\"@id\":\"https:\\\/\\\/medicinasinc.com\\\/fr\\\/product\\\/acheter-percocet-10mg-pilules\\\/#breadcrumb\"},\"inLanguage\":\"en-US\",\"potentialAction\":[{\"@type\":\"ReadAction\",\"target\":[\"https:\\\/\\\/medicinasinc.com\\\/fr\\\/product\\\/acheter-percocet-10mg-pilules\\\/\"]}]},{\"@type\":\"ImageObject\",\"inLanguage\":\"en-US\",\"@id\":\"https:\\\/\\\/medicinasinc.com\\\/fr\\\/product\\\/acheter-percocet-10mg-pilules\\\/#primaryimage\",\"url\":\"https:\\\/\\\/medicinasinc.com\\\/fr\\\/wp-content\\\/uploads\\\/sites\\\/5\\\/2022\\\/02\\\/Buy-Percocet-10mg-pills.jpg\",\"contentUrl\":\"https:\\\/\\\/medicinasinc.com\\\/fr\\\/wp-content\\\/uploads\\\/sites\\\/5\\\/2022\\\/02\\\/Buy-Percocet-10mg-pills.jpg\",\"width\":600,\"height\":400},{\"@type\":\"BreadcrumbList\",\"@id\":\"https:\\\/\\\/medicinasinc.com\\\/fr\\\/product\\\/acheter-percocet-10mg-pilules\\\/#breadcrumb\",\"itemListElement\":[{\"@type\":\"ListItem\",\"position\":1,\"name\":\"Boutique\",\"item\":\"https:\\\/\\\/medicinasinc.com\\\/fr\\\/boutique\\\/\"},{\"@type\":\"ListItem\",\"position\":2,\"name\":\"Acheter des pilules de Percocet 10mg\"}]},{\"@type\":\"WebSite\",\"@id\":\"https:\\\/\\\/medicinasinc.com\\\/fr\\\/#website\",\"url\":\"https:\\\/\\\/medicinasinc.com\\\/fr\\\/\",\"name\":\"Medicinas Inc\",\"description\":\"Health Medical Clinic\",\"potentialAction\":[{\"@type\":\"SearchAction\",\"target\":{\"@type\":\"EntryPoint\",\"urlTemplate\":\"https:\\\/\\\/medicinasinc.com\\\/fr\\\/?s={search_term_string}\"},\"query-input\":{\"@type\":\"PropertyValueSpecification\",\"valueRequired\":true,\"valueName\":\"search_term_string\"}}],\"inLanguage\":\"en-US\"}]}<\/script>\n<!-- \/ Yoast SEO plugin. -->","yoast_head_json":{"title":"Acheter des pilules de Percocet 10mg - Best Best Global Meds","description":"Achetez des pilules de Percocet 10 mg en ligne. Somnif\u00e8res puissants, analg\u00e9siques, pharmacie en ligne au Royaume-Uni, analg\u00e9siques \u00e0 vendre, analg\u00e9siques, achat de m\u00e9dicaments en ligne, acheter des analg\u00e9siques en ligne, acheter des analg\u00e9siques en ligne.","robots":{"index":"index","follow":"follow","max-snippet":"max-snippet:-1","max-image-preview":"max-image-preview:large","max-video-preview":"max-video-preview:-1"},"canonical":"https:\/\/medicinasinc.com\/fr\/product\/acheter-percocet-10mg-pilules\/","og_locale":"en_US","og_type":"article","og_title":"Acheter des pilules de Percocet 10mg - Best Best Global Meds","og_description":"Achetez des pilules de Percocet 10 mg en ligne. Somnif\u00e8res puissants, analg\u00e9siques, pharmacie en ligne au Royaume-Uni, analg\u00e9siques \u00e0 vendre, analg\u00e9siques, achat de m\u00e9dicaments en ligne, acheter des analg\u00e9siques en ligne, acheter des analg\u00e9siques en ligne.","og_url":"https:\/\/medicinasinc.com\/fr\/product\/acheter-percocet-10mg-pilules\/","og_site_name":"Medicinas Inc","article_modified_time":"2022-03-17T12:06:07+00:00","og_image":[{"width":600,"height":400,"url":"https:\/\/medicinasinc.com\/fr\/wp-content\/uploads\/sites\/5\/2022\/02\/Buy-Percocet-10mg-pills.jpg","type":"image\/jpeg"}],"twitter_card":"summary_large_image","twitter_misc":{"Est. reading time":"5 minutes"},"schema":{"@context":"https:\/\/schema.org","@graph":[{"@type":"WebPage","@id":"https:\/\/medicinasinc.com\/fr\/product\/acheter-percocet-10mg-pilules\/","url":"https:\/\/medicinasinc.com\/fr\/product\/acheter-percocet-10mg-pilules\/","name":"Acheter des pilules de Percocet 10mg - Best Best Global Meds","isPartOf":{"@id":"https:\/\/medicinasinc.com\/fr\/#website"},"primaryImageOfPage":{"@id":"https:\/\/medicinasinc.com\/fr\/product\/acheter-percocet-10mg-pilules\/#primaryimage"},"image":{"@id":"https:\/\/medicinasinc.com\/fr\/product\/acheter-percocet-10mg-pilules\/#primaryimage"},"thumbnailUrl":"https:\/\/medicinasinc.com\/fr\/wp-content\/uploads\/sites\/5\/2022\/02\/Buy-Percocet-10mg-pills.jpg","datePublished":"2022-02-21T18:18:17+00:00","dateModified":"2022-03-17T12:06:07+00:00","description":"Achetez des pilules de Percocet 10 mg en ligne. Somnif\u00e8res puissants, analg\u00e9siques, pharmacie en ligne au Royaume-Uni, analg\u00e9siques \u00e0 vendre, analg\u00e9siques, achat de m\u00e9dicaments en ligne, acheter des analg\u00e9siques en ligne, acheter des analg\u00e9siques en ligne.","breadcrumb":{"@id":"https:\/\/medicinasinc.com\/fr\/product\/acheter-percocet-10mg-pilules\/#breadcrumb"},"inLanguage":"en-US","potentialAction":[{"@type":"ReadAction","target":["https:\/\/medicinasinc.com\/fr\/product\/acheter-percocet-10mg-pilules\/"]}]},{"@type":"ImageObject","inLanguage":"en-US","@id":"https:\/\/medicinasinc.com\/fr\/product\/acheter-percocet-10mg-pilules\/#primaryimage","url":"https:\/\/medicinasinc.com\/fr\/wp-content\/uploads\/sites\/5\/2022\/02\/Buy-Percocet-10mg-pills.jpg","contentUrl":"https:\/\/medicinasinc.com\/fr\/wp-content\/uploads\/sites\/5\/2022\/02\/Buy-Percocet-10mg-pills.jpg","width":600,"height":400},{"@type":"BreadcrumbList","@id":"https:\/\/medicinasinc.com\/fr\/product\/acheter-percocet-10mg-pilules\/#breadcrumb","itemListElement":[{"@type":"ListItem","position":1,"name":"Boutique","item":"https:\/\/medicinasinc.com\/fr\/boutique\/"},{"@type":"ListItem","position":2,"name":"Acheter des pilules de Percocet 10mg"}]},{"@type":"WebSite","@id":"https:\/\/medicinasinc.com\/fr\/#website","url":"https:\/\/medicinasinc.com\/fr\/","name":"Medicinas Inc","description":"Health Medical Clinic","potentialAction":[{"@type":"SearchAction","target":{"@type":"EntryPoint","urlTemplate":"https:\/\/medicinasinc.com\/fr\/?s={search_term_string}"},"query-input":{"@type":"PropertyValueSpecification","valueRequired":true,"valueName":"search_term_string"}}],"inLanguage":"en-US"}]}},"_links":{"self":[{"href":"https:\/\/medicinasinc.com\/fr\/wp-json\/wp\/v2\/product\/5295","targetHints":{"allow":["GET"]}}],"collection":[{"href":"https:\/\/medicinasinc.com\/fr\/wp-json\/wp\/v2\/product"}],"about":[{"href":"https:\/\/medicinasinc.com\/fr\/wp-json\/wp\/v2\/types\/product"}],"replies":[{"embeddable":true,"href":"https:\/\/medicinasinc.com\/fr\/wp-json\/wp\/v2\/comments?post=5295"}],"wp:featuredmedia":[{"embeddable":true,"href":"https:\/\/medicinasinc.com\/fr\/wp-json\/wp\/v2\/media\/5305"}],"wp:attachment":[{"href":"https:\/\/medicinasinc.com\/fr\/wp-json\/wp\/v2\/media?parent=5295"}],"wp:term":[{"taxonomy":"product_brand","embeddable":true,"href":"https:\/\/medicinasinc.com\/fr\/wp-json\/wp\/v2\/product_brand?post=5295"},{"taxonomy":"product_cat","embeddable":true,"href":"https:\/\/medicinasinc.com\/fr\/wp-json\/wp\/v2\/product_cat?post=5295"},{"taxonomy":"product_tag","embeddable":true,"href":"https:\/\/medicinasinc.com\/fr\/wp-json\/wp\/v2\/product_tag?post=5295"}],"curies":[{"name":"wp","href":"https:\/\/api.w.org\/{rel}","templated":true}]}}