{"id":5294,"date":"2022-02-21T18:18:05","date_gmt":"2022-02-21T18:18:05","guid":{"rendered":"https:\/\/medicinasinc.com\/fr\/?post_type=product&#038;p=5294"},"modified":"2022-03-17T12:06:19","modified_gmt":"2022-03-17T12:06:19","slug":"acheter-oxycodone-80-mg","status":"publish","type":"product","link":"https:\/\/medicinasinc.com\/fr\/product\/acheter-oxycodone-80-mg\/","title":{"rendered":"Acheter Oxycodone 80 mg"},"content":{"rendered":"<div class=\"woocommerce-tabs wc-tabs-wrapper\">\n<div id=\"tab-description\" class=\"woocommerce-Tabs-panel woocommerce-Tabs-panel--description panel entry-content wc-tab\" style=\"text-align: center\" role=\"tabpanel\" aria-labelledby=\"tab-title-description\">\n<p>Pharmacie en ligne pour acheter des comprim\u00e9s d&#8217;oxycontin 80mg.<\/p>\n<p>Achat en ligne de comprim\u00e9s d&#8217;Oxycodone 80mg. De plus, des pilules d&#8217;oxycodone de 40 mg sont disponibles. N&#8217;achetez que des m\u00e9dicaments de la plus haute qualit\u00e9 chez nous.<\/p>\n<p>R\u00c9SUM\u00c9 L&#8217;oxycodone est un analg\u00e9sique opio\u00efde utilis\u00e9 pour traiter la douleur mod\u00e9r\u00e9e \u00e0 s\u00e9v\u00e8re.<br \/> NOMS DE MARQUE<br \/> Endocet et Endodan sont tous deux anti- m\u00e9dicaments contre la diarrh\u00e9e. Mai 2009, reformul\u00e9 Xolox, Xtampza, Nalocet, Oxaydo, Oxy.IR, Oxycontin, Oxyneo, Percocet, Prolate, Rivacocet, Roxicet, Roxicodone, Targin, Targiniq<br \/> NOM EN G\u00c9N\u00c9RAL<br \/> DRUGBANK ACCESS NUMBER DB00497 &#8211; Oxycodone <br \/> CONTEXTE<br \/> L&#8217;oxycodone est un analg\u00e9sique opio\u00efde semi-synth\u00e9tique qui a \u00e9t\u00e9 d\u00e9velopp\u00e9 en 1917 en Allemagne \u00e0 partir de la th\u00e9ba\u00efne.<br \/> 3<br \/> Il est maintenant approuv\u00e9 comme produit \u00e0 lib\u00e9ration imm\u00e9diate pour les douleurs mod\u00e9r\u00e9es \u00e0 s\u00e9v\u00e8res et en tant que produit \u00e0 lib\u00e9ration prolong\u00e9e pour les douleurs chroniques mod\u00e9r\u00e9es \u00e0 s\u00e9v\u00e8res n\u00e9cessitant des analg\u00e9siques opio\u00efdes continus pendant une p\u00e9riode prolong\u00e9e.<br \/> La FDA a approuv\u00e9 le premier m\u00e9dicament contenant de l&#8217;oxycodone, Percodan, le 12 avril 1950.<br \/> TYPES DE PETITES MOL\u00c9CULES<br \/> GROUPES<br \/> Approuv\u00e9, ill\u00e9gal et investigatif<\/p>\n<\/p><\/div><\/div>\n","protected":false},"excerpt":{"rendered":"<p>Achat en ligne de comprim\u00e9s d&#8217;Oxycodone 80mg.<\/p>\n<p>Achat en ligne de comprim\u00e9s d&#8217;Oxycodone 80mg. Oxycodone 80mg en vente au Royaume-Uni et en Europe. De plus, des pilules d&#8217;oxycodone de 80 mg sont disponibles. N&#8217;achetez que des m\u00e9dicaments de la plus haute qualit\u00e9 chez nous.<\/p>\n<p>Achat en ligne de comprim\u00e9s d&#8217;Oxycodone 80mg. De plus, des pilules d&#8217;oxycodone de 80 mg sont disponibles. N&#8217;achetez que des m\u00e9dicaments de la plus haute qualit\u00e9 chez nous.<\/p>\n","protected":false},"featured_media":5303,"comment_status":"open","ping_status":"closed","template":"","meta":[],"product_brand":[],"product_cat":[1117],"product_tag":[1638,1640,1639,1709,1682,1678,1683,1680,1643,1679,1677,1671,1653,1713,1699,1688,1685,1644,1654,1647,1649,1650,1651,1652,1657,1658,1659,1660,1661,1662,1663,1664,1665,1666,1667,1668,1669,1670,1684,1675,1676,1681,1672,1673,1674,1645,1689,1690,1691,1692,1693,1694,1696,1697,1056,1700,1701,1646,1703,1704,1705,1706,1708,1686,1655,1707,1656,1687,1698,1718,1719,1720,1717,1710,1711,1712,1714,1702,1716,1715],"class_list":{"0":"post-5294","1":"product","2":"type-product","3":"status-publish","4":"has-post-thumbnail","6":"product_cat-acheter-douleur-sommeil-sexe-pilules","7":"product_tag-15-mg-doxycodone","8":"product_tag-20mg-oxycodone","9":"product_tag-20-mg-oxycodone","10":"product_tag-analgsiques-sur-ordonnance","11":"product_tag-chlorhydrate-doxycodone","12":"product_tag-oxycodone-hcl","13":"product_tag-chlorhydrate-doxycodone-5-mg","14":"product_tag-oxycodone-hcl-5mg","15":"product_tag-combien-de-temps-dure-loxycodone","16":"product_tag-oxycodone-hcl-5-mg-comprim","17":"product_tag-demi-vie-de-loxycodone","18":"product_tag-dpendance--loxycodone","19":"product_tag-oxy-drogue","20":"product_tag-roxy-drogue","21":"product_tag-effets-oxycontin","22":"product_tag-effets-secondaires-de-loxycodone","23":"product_tag-ingrdients-oxycodone","24":"product_tag-est-oxycodone-un-opiode","25":"product_tag-oxy-drogues","26":"product_tag-opioid-painkillers","27":"product_tag-oxicodone","28":"product_tag-oxy","29":"product_tag-oxy-10","30":"product_tag-oxy-5-mg","31":"product_tag-oxycodine","32":"product_tag-oxycodon","33":"product_tag-oxycodone","34":"product_tag-oxycodone-10","35":"product_tag-oxycodone-10mg","36":"product_tag-oxycodone-10mg-rose","37":"product_tag-oxycodone-15-mg","38":"product_tag-oxycodone-15mg","39":"product_tag-oxycodone-20-mg","40":"product_tag-oxycodone-20mg","41":"product_tag-oxycodone-30mg","42":"product_tag-oxycodone-5","43":"product_tag-oxycodone-5-325","44":"product_tag-oxycodone-5-mg","45":"product_tag-oxycodone-libration-immdiate","46":"product_tag-oxycodone-doses","47":"product_tag-oxycodone-effects","48":"product_tag-oxycodone-lev","49":"product_tag-oxycodone-et-alcool","50":"product_tag-oxycodone-et-ibuprofne","51":"product_tag-oxycodone-et-tylenol","52":"product_tag-liquide-oxycodone","53":"product_tag-oxycodone-uses","54":"product_tag-oxycodone-vs-oxycontin","55":"product_tag-oxycodone-vs-percocet","56":"product_tag-oxycodone-actaminophne","57":"product_tag-oxycodone-actaminophne-5-325","58":"product_tag-oxycodone-apap","59":"product_tag-oxycontin","60":"product_tag-oxycontin-30-mg","61":"product_tag-oxycontin-80-mg","62":"product_tag-oxycontin-gnrique","63":"product_tag-oxycontin-ir","64":"product_tag-oxycontin-liquide","65":"product_tag-oxycontin-vs-oxycodone","66":"product_tag-oxycoton","67":"product_tag-oxycotton","68":"product_tag-oxys","69":"product_tag-pilule-20","70":"product_tag-pilule-doxycodone","71":"product_tag-oxy-pilule","72":"product_tag-pilules-docytocine","73":"product_tag-oxy-pilules","74":"product_tag-pilules-doxycodone","75":"product_tag-dosage-oxycontin","76":"product_tag-quest-ce-que-oxy","77":"product_tag-quest-ce-que-loxymorphone","78":"product_tag-quest-ce-que-la-roxicodone","79":"product_tag-que-fait-l-oxycodone","80":"product_tag-roxicodone-vs-oxycodone","81":"product_tag-roxy-10","82":"product_tag-roxy-30s","83":"product_tag-side-effects-of-oxycodone","84":"product_tag-surdosage-doxycontin","85":"product_tag-types-danalgsiques","86":"product_tag-types-dopiodes","88":"first","89":"instock","90":"shipping-taxable","91":"purchasable","92":"product-type-variable","93":"has-default-attributes"},"yoast_head":"<!-- This site is optimized with the Yoast SEO plugin v27.3 - https:\/\/yoast.com\/product\/yoast-seo-wordpress\/ -->\n<title>Acheter Oxycodone 80 mg - Meilleurs meilleurs m\u00e9dicaments mondiaux<\/title>\n<meta name=\"description\" content=\"Acheter des pilules d&#039;oxycodone 80 mg en ligne. Acheter Oxycodone 80mg \u00e0 vendre au Royaume-Uni, en Europe. Pilules d&#039;oxycodone 80 mg \u00e9galement disponibles. Achetez les meilleures pilules de qualit\u00e9 chez nous.\" \/>\n<meta name=\"robots\" content=\"index, follow, max-snippet:-1, max-image-preview:large, max-video-preview:-1\" \/>\n<link rel=\"canonical\" href=\"https:\/\/medicinasinc.com\/fr\/product\/acheter-oxycodone-80-mg\/\" \/>\n<meta property=\"og:locale\" content=\"en_US\" \/>\n<meta property=\"og:type\" content=\"article\" \/>\n<meta property=\"og:title\" content=\"Acheter Oxycodone 80 mg - Meilleurs meilleurs m\u00e9dicaments mondiaux\" \/>\n<meta property=\"og:description\" content=\"Acheter des pilules d&#039;oxycodone 80 mg en ligne. Acheter Oxycodone 80mg \u00e0 vendre au Royaume-Uni, en Europe. Pilules d&#039;oxycodone 80 mg \u00e9galement disponibles. Achetez les meilleures pilules de qualit\u00e9 chez nous.\" \/>\n<meta property=\"og:url\" content=\"https:\/\/medicinasinc.com\/fr\/product\/acheter-oxycodone-80-mg\/\" \/>\n<meta property=\"og:site_name\" content=\"Medicinas Inc\" \/>\n<meta property=\"article:modified_time\" content=\"2022-03-17T12:06:19+00:00\" \/>\n<meta property=\"og:image\" content=\"https:\/\/medicinasinc.com\/fr\/wp-content\/uploads\/sites\/5\/2022\/02\/Buy-Oxycodone-80mg.jpg\" \/>\n\t<meta property=\"og:image:width\" content=\"600\" \/>\n\t<meta property=\"og:image:height\" content=\"514\" \/>\n\t<meta property=\"og:image:type\" content=\"image\/jpeg\" \/>\n<meta name=\"twitter:card\" content=\"summary_large_image\" \/>\n<meta name=\"twitter:label1\" content=\"Est. reading time\" \/>\n\t<meta name=\"twitter:data1\" content=\"1 minute\" \/>\n<script type=\"application\/ld+json\" class=\"yoast-schema-graph\">{\"@context\":\"https:\\\/\\\/schema.org\",\"@graph\":[{\"@type\":\"WebPage\",\"@id\":\"https:\\\/\\\/medicinasinc.com\\\/fr\\\/product\\\/acheter-oxycodone-80-mg\\\/\",\"url\":\"https:\\\/\\\/medicinasinc.com\\\/fr\\\/product\\\/acheter-oxycodone-80-mg\\\/\",\"name\":\"Acheter Oxycodone 80 mg - Meilleurs meilleurs m\u00e9dicaments mondiaux\",\"isPartOf\":{\"@id\":\"https:\\\/\\\/medicinasinc.com\\\/fr\\\/#website\"},\"primaryImageOfPage\":{\"@id\":\"https:\\\/\\\/medicinasinc.com\\\/fr\\\/product\\\/acheter-oxycodone-80-mg\\\/#primaryimage\"},\"image\":{\"@id\":\"https:\\\/\\\/medicinasinc.com\\\/fr\\\/product\\\/acheter-oxycodone-80-mg\\\/#primaryimage\"},\"thumbnailUrl\":\"https:\\\/\\\/medicinasinc.com\\\/fr\\\/wp-content\\\/uploads\\\/sites\\\/5\\\/2022\\\/02\\\/Buy-Oxycodone-80mg.jpg\",\"datePublished\":\"2022-02-21T18:18:05+00:00\",\"dateModified\":\"2022-03-17T12:06:19+00:00\",\"description\":\"Acheter des pilules d'oxycodone 80 mg en ligne. Acheter Oxycodone 80mg \u00e0 vendre au Royaume-Uni, en Europe. Pilules d'oxycodone 80 mg \u00e9galement disponibles. Achetez les meilleures pilules de qualit\u00e9 chez nous.\",\"breadcrumb\":{\"@id\":\"https:\\\/\\\/medicinasinc.com\\\/fr\\\/product\\\/acheter-oxycodone-80-mg\\\/#breadcrumb\"},\"inLanguage\":\"en-US\",\"potentialAction\":[{\"@type\":\"ReadAction\",\"target\":[\"https:\\\/\\\/medicinasinc.com\\\/fr\\\/product\\\/acheter-oxycodone-80-mg\\\/\"]}]},{\"@type\":\"ImageObject\",\"inLanguage\":\"en-US\",\"@id\":\"https:\\\/\\\/medicinasinc.com\\\/fr\\\/product\\\/acheter-oxycodone-80-mg\\\/#primaryimage\",\"url\":\"https:\\\/\\\/medicinasinc.com\\\/fr\\\/wp-content\\\/uploads\\\/sites\\\/5\\\/2022\\\/02\\\/Buy-Oxycodone-80mg.jpg\",\"contentUrl\":\"https:\\\/\\\/medicinasinc.com\\\/fr\\\/wp-content\\\/uploads\\\/sites\\\/5\\\/2022\\\/02\\\/Buy-Oxycodone-80mg.jpg\",\"width\":600,\"height\":514},{\"@type\":\"BreadcrumbList\",\"@id\":\"https:\\\/\\\/medicinasinc.com\\\/fr\\\/product\\\/acheter-oxycodone-80-mg\\\/#breadcrumb\",\"itemListElement\":[{\"@type\":\"ListItem\",\"position\":1,\"name\":\"Boutique\",\"item\":\"https:\\\/\\\/medicinasinc.com\\\/fr\\\/boutique\\\/\"},{\"@type\":\"ListItem\",\"position\":2,\"name\":\"Acheter Oxycodone 80 mg\"}]},{\"@type\":\"WebSite\",\"@id\":\"https:\\\/\\\/medicinasinc.com\\\/fr\\\/#website\",\"url\":\"https:\\\/\\\/medicinasinc.com\\\/fr\\\/\",\"name\":\"Medicinas Inc\",\"description\":\"Health Medical Clinic\",\"potentialAction\":[{\"@type\":\"SearchAction\",\"target\":{\"@type\":\"EntryPoint\",\"urlTemplate\":\"https:\\\/\\\/medicinasinc.com\\\/fr\\\/?s={search_term_string}\"},\"query-input\":{\"@type\":\"PropertyValueSpecification\",\"valueRequired\":true,\"valueName\":\"search_term_string\"}}],\"inLanguage\":\"en-US\"}]}<\/script>\n<!-- \/ Yoast SEO plugin. -->","yoast_head_json":{"title":"Acheter Oxycodone 80 mg - Meilleurs meilleurs m\u00e9dicaments mondiaux","description":"Acheter des pilules d'oxycodone 80 mg en ligne. Acheter Oxycodone 80mg \u00e0 vendre au Royaume-Uni, en Europe. Pilules d'oxycodone 80 mg \u00e9galement disponibles. Achetez les meilleures pilules de qualit\u00e9 chez nous.","robots":{"index":"index","follow":"follow","max-snippet":"max-snippet:-1","max-image-preview":"max-image-preview:large","max-video-preview":"max-video-preview:-1"},"canonical":"https:\/\/medicinasinc.com\/fr\/product\/acheter-oxycodone-80-mg\/","og_locale":"en_US","og_type":"article","og_title":"Acheter Oxycodone 80 mg - Meilleurs meilleurs m\u00e9dicaments mondiaux","og_description":"Acheter des pilules d'oxycodone 80 mg en ligne. Acheter Oxycodone 80mg \u00e0 vendre au Royaume-Uni, en Europe. Pilules d'oxycodone 80 mg \u00e9galement disponibles. Achetez les meilleures pilules de qualit\u00e9 chez nous.","og_url":"https:\/\/medicinasinc.com\/fr\/product\/acheter-oxycodone-80-mg\/","og_site_name":"Medicinas Inc","article_modified_time":"2022-03-17T12:06:19+00:00","og_image":[{"width":600,"height":514,"url":"https:\/\/medicinasinc.com\/fr\/wp-content\/uploads\/sites\/5\/2022\/02\/Buy-Oxycodone-80mg.jpg","type":"image\/jpeg"}],"twitter_card":"summary_large_image","twitter_misc":{"Est. reading time":"1 minute"},"schema":{"@context":"https:\/\/schema.org","@graph":[{"@type":"WebPage","@id":"https:\/\/medicinasinc.com\/fr\/product\/acheter-oxycodone-80-mg\/","url":"https:\/\/medicinasinc.com\/fr\/product\/acheter-oxycodone-80-mg\/","name":"Acheter Oxycodone 80 mg - Meilleurs meilleurs m\u00e9dicaments mondiaux","isPartOf":{"@id":"https:\/\/medicinasinc.com\/fr\/#website"},"primaryImageOfPage":{"@id":"https:\/\/medicinasinc.com\/fr\/product\/acheter-oxycodone-80-mg\/#primaryimage"},"image":{"@id":"https:\/\/medicinasinc.com\/fr\/product\/acheter-oxycodone-80-mg\/#primaryimage"},"thumbnailUrl":"https:\/\/medicinasinc.com\/fr\/wp-content\/uploads\/sites\/5\/2022\/02\/Buy-Oxycodone-80mg.jpg","datePublished":"2022-02-21T18:18:05+00:00","dateModified":"2022-03-17T12:06:19+00:00","description":"Acheter des pilules d'oxycodone 80 mg en ligne. Acheter Oxycodone 80mg \u00e0 vendre au Royaume-Uni, en Europe. Pilules d'oxycodone 80 mg \u00e9galement disponibles. Achetez les meilleures pilules de qualit\u00e9 chez nous.","breadcrumb":{"@id":"https:\/\/medicinasinc.com\/fr\/product\/acheter-oxycodone-80-mg\/#breadcrumb"},"inLanguage":"en-US","potentialAction":[{"@type":"ReadAction","target":["https:\/\/medicinasinc.com\/fr\/product\/acheter-oxycodone-80-mg\/"]}]},{"@type":"ImageObject","inLanguage":"en-US","@id":"https:\/\/medicinasinc.com\/fr\/product\/acheter-oxycodone-80-mg\/#primaryimage","url":"https:\/\/medicinasinc.com\/fr\/wp-content\/uploads\/sites\/5\/2022\/02\/Buy-Oxycodone-80mg.jpg","contentUrl":"https:\/\/medicinasinc.com\/fr\/wp-content\/uploads\/sites\/5\/2022\/02\/Buy-Oxycodone-80mg.jpg","width":600,"height":514},{"@type":"BreadcrumbList","@id":"https:\/\/medicinasinc.com\/fr\/product\/acheter-oxycodone-80-mg\/#breadcrumb","itemListElement":[{"@type":"ListItem","position":1,"name":"Boutique","item":"https:\/\/medicinasinc.com\/fr\/boutique\/"},{"@type":"ListItem","position":2,"name":"Acheter Oxycodone 80 mg"}]},{"@type":"WebSite","@id":"https:\/\/medicinasinc.com\/fr\/#website","url":"https:\/\/medicinasinc.com\/fr\/","name":"Medicinas Inc","description":"Health Medical Clinic","potentialAction":[{"@type":"SearchAction","target":{"@type":"EntryPoint","urlTemplate":"https:\/\/medicinasinc.com\/fr\/?s={search_term_string}"},"query-input":{"@type":"PropertyValueSpecification","valueRequired":true,"valueName":"search_term_string"}}],"inLanguage":"en-US"}]}},"_links":{"self":[{"href":"https:\/\/medicinasinc.com\/fr\/wp-json\/wp\/v2\/product\/5294","targetHints":{"allow":["GET"]}}],"collection":[{"href":"https:\/\/medicinasinc.com\/fr\/wp-json\/wp\/v2\/product"}],"about":[{"href":"https:\/\/medicinasinc.com\/fr\/wp-json\/wp\/v2\/types\/product"}],"replies":[{"embeddable":true,"href":"https:\/\/medicinasinc.com\/fr\/wp-json\/wp\/v2\/comments?post=5294"}],"wp:featuredmedia":[{"embeddable":true,"href":"https:\/\/medicinasinc.com\/fr\/wp-json\/wp\/v2\/media\/5303"}],"wp:attachment":[{"href":"https:\/\/medicinasinc.com\/fr\/wp-json\/wp\/v2\/media?parent=5294"}],"wp:term":[{"taxonomy":"product_brand","embeddable":true,"href":"https:\/\/medicinasinc.com\/fr\/wp-json\/wp\/v2\/product_brand?post=5294"},{"taxonomy":"product_cat","embeddable":true,"href":"https:\/\/medicinasinc.com\/fr\/wp-json\/wp\/v2\/product_cat?post=5294"},{"taxonomy":"product_tag","embeddable":true,"href":"https:\/\/medicinasinc.com\/fr\/wp-json\/wp\/v2\/product_tag?post=5294"}],"curies":[{"name":"wp","href":"https:\/\/api.w.org\/{rel}","templated":true}]}}