{"id":5293,"date":"2022-02-21T18:15:16","date_gmt":"2022-02-21T18:15:16","guid":{"rendered":"https:\/\/medicinasinc.com\/fr\/?post_type=product&#038;p=5293"},"modified":"2022-03-17T12:06:29","modified_gmt":"2022-03-17T12:06:29","slug":"acheter-oxycodone-pilules-40mg","status":"publish","type":"product","link":"https:\/\/medicinasinc.com\/fr\/product\/acheter-oxycodone-pilules-40mg\/","title":{"rendered":"Acheter des pilules OxyCodone 40mg"},"content":{"rendered":"<p>Achat en ligne de comprim\u00e9s d&#8217;Oxycodone 40mg.<\/p>\n<p>Achat en ligne de comprim\u00e9s d&#8217;Oxycodone 40mg. De plus, nous vendons de la cod\u00e9ine. Dans le monde entier, des analg\u00e9siques et d&#8217;autres m\u00e9dicaments sont utilis\u00e9s.<\/p>\n<p>Pharmacie en ligne pour acheter des comprim\u00e9s d&#8217;OxyCodone 40 mg.<\/p>\n<p>Acheter Oxycodone en ligne | Achetez Oxycodone 40 mg sans ordonnance<\/p>\n<p>Vous pouvez obtenir une livraison express en utilisant une carte de cr\u00e9dit.<\/p>\n<p>Ce m\u00e9dicament est utilis\u00e9 pour aider \u00e0 soulager les douleurs intenses et persistantes (telles que celles dues \u00e0 cancer).<\/p>\n<p>L&#8217;oxycodone est un analg\u00e9sique opio\u00efde. Il agit en modifiant la fa\u00e7on dont votre corps per\u00e7oit et r\u00e9agit \u00e0 la douleur dans le cerveau.<\/p>\n<p>Les doses plus \u00e9lev\u00e9es de ce m\u00e9dicament (plus de 40 mg par comprim\u00e9) ne doivent \u00eatre utilis\u00e9es que si vous avez pris des doses mod\u00e9r\u00e9es \u00e0 \u00e9lev\u00e9es. d&#8217;analg\u00e9siques opio\u00efdes sur une base r\u00e9guli\u00e8re. Ces forces peuvent entra\u00eener une surdose (et peut-\u00eatre la mort) si elles sont prises par une personne qui n&#8217;a pas utilis\u00e9 d&#8217;opio\u00efdes de mani\u00e8re r\u00e9guli\u00e8re.<\/p>\n<p>\u00c9vitez d&#8217;utiliser l&#8217;oxycodone \u00e0 lib\u00e9ration prolong\u00e9e pour traiter une douleur minime ou qui dispara\u00eetra dans un d\u00e9lai d&#8217;un an. quelques jours. Ce m\u00e9dicament n&#8217;est pas destin\u00e9 \u00e0 \u00eatre utilis\u00e9 &#8220;au besoin&#8221;.<\/p>\n","protected":false},"excerpt":{"rendered":"<div class=\"woocommerce-product-details__short-description\">\n<p>Pharmacie en ligne pour acheter des comprim\u00e9s d&#8217;OxyCodone 40mg. Acheter Oxycodone en ligne | Achetez de l&#8217;oxycodone 40 mg sans ordonnance Vous pouvez obtenir une livraison express en utilisant un virement bancaire.<\/p>\n<p>Achetez des pilules d&#8217;oxycodone 40 mg en ligne au Royaume-Uni et en Europe, commandez des pilules d&#8217;oxycodone bon march\u00e9 en ligne avec # 8230; Vous pouvez acheter des comprim\u00e9s d&#8217;oxycodone en ligne sans ordonnance (pas de RX).<\/p>\n<\/p><\/div>\n","protected":false},"featured_media":5301,"comment_status":"open","ping_status":"closed","template":"","meta":[],"product_brand":[],"product_cat":[1117],"product_tag":[1638,1640,1639,1709,1682,1678,1683,1680,1643,1679,1677,1671,1641,1642,1653,1713,1699,1688,1685,1644,1654,1647,1648,1649,1650,1651,1652,1657,1658,1659,1660,1661,1662,1663,1664,1665,1666,1667,1668,1669,1670,1684,1675,1676,1681,1672,1673,1674,1645,1689,1690,1691,1692,1693,1694,1695,1696,1697,1056,1700,1701,1646,1703,1704,1705,1706,1708,1686,1655,1707,1656,1687,1698,1718,1719,1720,1717,1710,1711,1712,1714,1702,1716,1715],"class_list":{"0":"post-5293","1":"product","2":"type-product","3":"status-publish","4":"has-post-thumbnail","6":"product_cat-acheter-douleur-sommeil-sexe-pilules","7":"product_tag-15-mg-doxycodone","8":"product_tag-20mg-oxycodone","9":"product_tag-20-mg-oxycodone","10":"product_tag-analgsiques-sur-ordonnance","11":"product_tag-chlorhydrate-doxycodone","12":"product_tag-oxycodone-hcl","13":"product_tag-chlorhydrate-doxycodone-5-mg","14":"product_tag-oxycodone-hcl-5mg","15":"product_tag-combien-de-temps-dure-loxycodone","16":"product_tag-oxycodone-hcl-5-mg-comprim","17":"product_tag-demi-vie-de-loxycodone","18":"product_tag-dpendance--loxycodone","19":"product_tag-dihydrohydroxycodeinone","20":"product_tag-dihydroxycodinone","21":"product_tag-oxy-drogue","22":"product_tag-roxy-drogue","23":"product_tag-effets-oxycontin","24":"product_tag-effets-secondaires-de-loxycodone","25":"product_tag-ingrdients-oxycodone","26":"product_tag-est-oxycodone-un-opiode","27":"product_tag-oxy-drogues","28":"product_tag-opioid-painkillers","29":"product_tag-oxicodona","30":"product_tag-oxicodone","31":"product_tag-oxy","32":"product_tag-oxy-10","33":"product_tag-oxy-5-mg","34":"product_tag-oxycodine","35":"product_tag-oxycodon","36":"product_tag-oxycodone","37":"product_tag-oxycodone-10","38":"product_tag-oxycodone-10mg","39":"product_tag-oxycodone-10mg-rose","40":"product_tag-oxycodone-15-mg","41":"product_tag-oxycodone-15mg","42":"product_tag-oxycodone-20-mg","43":"product_tag-oxycodone-20mg","44":"product_tag-oxycodone-30mg","45":"product_tag-oxycodone-5","46":"product_tag-oxycodone-5-325","47":"product_tag-oxycodone-5-mg","48":"product_tag-oxycodone-libration-immdiate","49":"product_tag-oxycodone-doses","50":"product_tag-oxycodone-effects","51":"product_tag-oxycodone-lev","52":"product_tag-oxycodone-et-alcool","53":"product_tag-oxycodone-et-ibuprofne","54":"product_tag-oxycodone-et-tylenol","55":"product_tag-liquide-oxycodone","56":"product_tag-oxycodone-uses","57":"product_tag-oxycodone-vs-oxycontin","58":"product_tag-oxycodone-vs-percocet","59":"product_tag-oxycodone-actaminophne","60":"product_tag-oxycodone-actaminophne-5-325","61":"product_tag-oxycodone-apap","62":"product_tag-oxycodonum","63":"product_tag-oxycontin","64":"product_tag-oxycontin-30-mg","65":"product_tag-oxycontin-80-mg","66":"product_tag-oxycontin-gnrique","67":"product_tag-oxycontin-ir","68":"product_tag-oxycontin-liquide","69":"product_tag-oxycontin-vs-oxycodone","70":"product_tag-oxycoton","71":"product_tag-oxycotton","72":"product_tag-oxys","73":"product_tag-pilule-20","74":"product_tag-pilule-doxycodone","75":"product_tag-oxy-pilule","76":"product_tag-pilules-docytocine","77":"product_tag-oxy-pilules","78":"product_tag-pilules-doxycodone","79":"product_tag-dosage-oxycontin","80":"product_tag-quest-ce-que-oxy","81":"product_tag-quest-ce-que-loxymorphone","82":"product_tag-quest-ce-que-la-roxicodone","83":"product_tag-que-fait-l-oxycodone","84":"product_tag-roxicodone-vs-oxycodone","85":"product_tag-roxy-10","86":"product_tag-roxy-30s","87":"product_tag-side-effects-of-oxycodone","88":"product_tag-surdosage-doxycontin","89":"product_tag-types-danalgsiques","90":"product_tag-types-dopiodes","92":"first","93":"instock","94":"shipping-taxable","95":"purchasable","96":"product-type-variable","97":"has-default-attributes"},"yoast_head":"<!-- This site is optimized with the Yoast SEO plugin v27.3 - https:\/\/yoast.com\/product\/yoast-seo-wordpress\/ -->\n<title>Acheter des pilules OxyCodone 40 mg - Best Best Global Meds<\/title>\n<meta name=\"description\" content=\"Acheter des pilules d&#039;oxycodone \u00e0 40\u00a0mg \u00e0 vendre au Royaume-Uni, en Europe en ligne,\u00a0Commander des pilules d&#039;oxycodone \u00e0 40\u00a0mg bon march\u00e9 en ligne avec ... Vous pouvez\u00a0acheter des comprim\u00e9s d&#039;oxycodone en ligne\u00a0sans ordonnance (sans RX).\" \/>\n<meta name=\"robots\" content=\"index, follow, max-snippet:-1, max-image-preview:large, max-video-preview:-1\" \/>\n<link rel=\"canonical\" href=\"https:\/\/medicinasinc.com\/fr\/product\/acheter-oxycodone-pilules-40mg\/\" \/>\n<meta property=\"og:locale\" content=\"en_US\" \/>\n<meta property=\"og:type\" content=\"article\" \/>\n<meta property=\"og:title\" content=\"Acheter des pilules OxyCodone 40 mg - Best Best Global Meds\" \/>\n<meta property=\"og:description\" content=\"Acheter des pilules d&#039;oxycodone \u00e0 40\u00a0mg \u00e0 vendre au Royaume-Uni, en Europe en ligne,\u00a0Commander des pilules d&#039;oxycodone \u00e0 40\u00a0mg bon march\u00e9 en ligne avec ... Vous pouvez\u00a0acheter des comprim\u00e9s d&#039;oxycodone en ligne\u00a0sans ordonnance (sans RX).\" \/>\n<meta property=\"og:url\" content=\"https:\/\/medicinasinc.com\/fr\/product\/acheter-oxycodone-pilules-40mg\/\" \/>\n<meta property=\"og:site_name\" content=\"Medicinas Inc\" \/>\n<meta property=\"article:modified_time\" content=\"2022-03-17T12:06:29+00:00\" \/>\n<meta property=\"og:image\" content=\"https:\/\/medicinasinc.com\/fr\/wp-content\/uploads\/sites\/5\/2022\/02\/Buy-OxyCodone-40mg.jpg\" \/>\n\t<meta property=\"og:image:width\" content=\"600\" \/>\n\t<meta property=\"og:image:height\" content=\"400\" \/>\n\t<meta property=\"og:image:type\" content=\"image\/jpeg\" \/>\n<meta name=\"twitter:card\" content=\"summary_large_image\" \/>\n<meta name=\"twitter:label1\" content=\"Est. reading time\" \/>\n\t<meta name=\"twitter:data1\" content=\"1 minute\" \/>\n<script type=\"application\/ld+json\" class=\"yoast-schema-graph\">{\"@context\":\"https:\\\/\\\/schema.org\",\"@graph\":[{\"@type\":\"WebPage\",\"@id\":\"https:\\\/\\\/medicinasinc.com\\\/fr\\\/product\\\/acheter-oxycodone-pilules-40mg\\\/\",\"url\":\"https:\\\/\\\/medicinasinc.com\\\/fr\\\/product\\\/acheter-oxycodone-pilules-40mg\\\/\",\"name\":\"Acheter des pilules OxyCodone 40 mg - Best Best Global Meds\",\"isPartOf\":{\"@id\":\"https:\\\/\\\/medicinasinc.com\\\/fr\\\/#website\"},\"primaryImageOfPage\":{\"@id\":\"https:\\\/\\\/medicinasinc.com\\\/fr\\\/product\\\/acheter-oxycodone-pilules-40mg\\\/#primaryimage\"},\"image\":{\"@id\":\"https:\\\/\\\/medicinasinc.com\\\/fr\\\/product\\\/acheter-oxycodone-pilules-40mg\\\/#primaryimage\"},\"thumbnailUrl\":\"https:\\\/\\\/medicinasinc.com\\\/fr\\\/wp-content\\\/uploads\\\/sites\\\/5\\\/2022\\\/02\\\/Buy-OxyCodone-40mg.jpg\",\"datePublished\":\"2022-02-21T18:15:16+00:00\",\"dateModified\":\"2022-03-17T12:06:29+00:00\",\"description\":\"Acheter des pilules d'oxycodone \u00e0 40\u00a0mg \u00e0 vendre au Royaume-Uni, en Europe en ligne,\u00a0Commander des pilules d'oxycodone \u00e0 40\u00a0mg bon march\u00e9 en ligne avec ... Vous pouvez\u00a0acheter des comprim\u00e9s d'oxycodone en ligne\u00a0sans ordonnance (sans RX).\",\"breadcrumb\":{\"@id\":\"https:\\\/\\\/medicinasinc.com\\\/fr\\\/product\\\/acheter-oxycodone-pilules-40mg\\\/#breadcrumb\"},\"inLanguage\":\"en-US\",\"potentialAction\":[{\"@type\":\"ReadAction\",\"target\":[\"https:\\\/\\\/medicinasinc.com\\\/fr\\\/product\\\/acheter-oxycodone-pilules-40mg\\\/\"]}]},{\"@type\":\"ImageObject\",\"inLanguage\":\"en-US\",\"@id\":\"https:\\\/\\\/medicinasinc.com\\\/fr\\\/product\\\/acheter-oxycodone-pilules-40mg\\\/#primaryimage\",\"url\":\"https:\\\/\\\/medicinasinc.com\\\/fr\\\/wp-content\\\/uploads\\\/sites\\\/5\\\/2022\\\/02\\\/Buy-OxyCodone-40mg.jpg\",\"contentUrl\":\"https:\\\/\\\/medicinasinc.com\\\/fr\\\/wp-content\\\/uploads\\\/sites\\\/5\\\/2022\\\/02\\\/Buy-OxyCodone-40mg.jpg\",\"width\":600,\"height\":400},{\"@type\":\"BreadcrumbList\",\"@id\":\"https:\\\/\\\/medicinasinc.com\\\/fr\\\/product\\\/acheter-oxycodone-pilules-40mg\\\/#breadcrumb\",\"itemListElement\":[{\"@type\":\"ListItem\",\"position\":1,\"name\":\"Boutique\",\"item\":\"https:\\\/\\\/medicinasinc.com\\\/fr\\\/boutique\\\/\"},{\"@type\":\"ListItem\",\"position\":2,\"name\":\"Acheter des pilules OxyCodone 40mg\"}]},{\"@type\":\"WebSite\",\"@id\":\"https:\\\/\\\/medicinasinc.com\\\/fr\\\/#website\",\"url\":\"https:\\\/\\\/medicinasinc.com\\\/fr\\\/\",\"name\":\"Medicinas Inc\",\"description\":\"Health Medical Clinic\",\"potentialAction\":[{\"@type\":\"SearchAction\",\"target\":{\"@type\":\"EntryPoint\",\"urlTemplate\":\"https:\\\/\\\/medicinasinc.com\\\/fr\\\/?s={search_term_string}\"},\"query-input\":{\"@type\":\"PropertyValueSpecification\",\"valueRequired\":true,\"valueName\":\"search_term_string\"}}],\"inLanguage\":\"en-US\"}]}<\/script>\n<!-- \/ Yoast SEO plugin. -->","yoast_head_json":{"title":"Acheter des pilules OxyCodone 40 mg - Best Best Global Meds","description":"Acheter des pilules d'oxycodone \u00e0 40\u00a0mg \u00e0 vendre au Royaume-Uni, en Europe en ligne,\u00a0Commander des pilules d'oxycodone \u00e0 40\u00a0mg bon march\u00e9 en ligne avec ... Vous pouvez\u00a0acheter des comprim\u00e9s d'oxycodone en ligne\u00a0sans ordonnance (sans RX).","robots":{"index":"index","follow":"follow","max-snippet":"max-snippet:-1","max-image-preview":"max-image-preview:large","max-video-preview":"max-video-preview:-1"},"canonical":"https:\/\/medicinasinc.com\/fr\/product\/acheter-oxycodone-pilules-40mg\/","og_locale":"en_US","og_type":"article","og_title":"Acheter des pilules OxyCodone 40 mg - Best Best Global Meds","og_description":"Acheter des pilules d'oxycodone \u00e0 40\u00a0mg \u00e0 vendre au Royaume-Uni, en Europe en ligne,\u00a0Commander des pilules d'oxycodone \u00e0 40\u00a0mg bon march\u00e9 en ligne avec ... Vous pouvez\u00a0acheter des comprim\u00e9s d'oxycodone en ligne\u00a0sans ordonnance (sans RX).","og_url":"https:\/\/medicinasinc.com\/fr\/product\/acheter-oxycodone-pilules-40mg\/","og_site_name":"Medicinas Inc","article_modified_time":"2022-03-17T12:06:29+00:00","og_image":[{"width":600,"height":400,"url":"https:\/\/medicinasinc.com\/fr\/wp-content\/uploads\/sites\/5\/2022\/02\/Buy-OxyCodone-40mg.jpg","type":"image\/jpeg"}],"twitter_card":"summary_large_image","twitter_misc":{"Est. reading time":"1 minute"},"schema":{"@context":"https:\/\/schema.org","@graph":[{"@type":"WebPage","@id":"https:\/\/medicinasinc.com\/fr\/product\/acheter-oxycodone-pilules-40mg\/","url":"https:\/\/medicinasinc.com\/fr\/product\/acheter-oxycodone-pilules-40mg\/","name":"Acheter des pilules OxyCodone 40 mg - Best Best Global Meds","isPartOf":{"@id":"https:\/\/medicinasinc.com\/fr\/#website"},"primaryImageOfPage":{"@id":"https:\/\/medicinasinc.com\/fr\/product\/acheter-oxycodone-pilules-40mg\/#primaryimage"},"image":{"@id":"https:\/\/medicinasinc.com\/fr\/product\/acheter-oxycodone-pilules-40mg\/#primaryimage"},"thumbnailUrl":"https:\/\/medicinasinc.com\/fr\/wp-content\/uploads\/sites\/5\/2022\/02\/Buy-OxyCodone-40mg.jpg","datePublished":"2022-02-21T18:15:16+00:00","dateModified":"2022-03-17T12:06:29+00:00","description":"Acheter des pilules d'oxycodone \u00e0 40\u00a0mg \u00e0 vendre au Royaume-Uni, en Europe en ligne,\u00a0Commander des pilules d'oxycodone \u00e0 40\u00a0mg bon march\u00e9 en ligne avec ... Vous pouvez\u00a0acheter des comprim\u00e9s d'oxycodone en ligne\u00a0sans ordonnance (sans RX).","breadcrumb":{"@id":"https:\/\/medicinasinc.com\/fr\/product\/acheter-oxycodone-pilules-40mg\/#breadcrumb"},"inLanguage":"en-US","potentialAction":[{"@type":"ReadAction","target":["https:\/\/medicinasinc.com\/fr\/product\/acheter-oxycodone-pilules-40mg\/"]}]},{"@type":"ImageObject","inLanguage":"en-US","@id":"https:\/\/medicinasinc.com\/fr\/product\/acheter-oxycodone-pilules-40mg\/#primaryimage","url":"https:\/\/medicinasinc.com\/fr\/wp-content\/uploads\/sites\/5\/2022\/02\/Buy-OxyCodone-40mg.jpg","contentUrl":"https:\/\/medicinasinc.com\/fr\/wp-content\/uploads\/sites\/5\/2022\/02\/Buy-OxyCodone-40mg.jpg","width":600,"height":400},{"@type":"BreadcrumbList","@id":"https:\/\/medicinasinc.com\/fr\/product\/acheter-oxycodone-pilules-40mg\/#breadcrumb","itemListElement":[{"@type":"ListItem","position":1,"name":"Boutique","item":"https:\/\/medicinasinc.com\/fr\/boutique\/"},{"@type":"ListItem","position":2,"name":"Acheter des pilules OxyCodone 40mg"}]},{"@type":"WebSite","@id":"https:\/\/medicinasinc.com\/fr\/#website","url":"https:\/\/medicinasinc.com\/fr\/","name":"Medicinas Inc","description":"Health Medical Clinic","potentialAction":[{"@type":"SearchAction","target":{"@type":"EntryPoint","urlTemplate":"https:\/\/medicinasinc.com\/fr\/?s={search_term_string}"},"query-input":{"@type":"PropertyValueSpecification","valueRequired":true,"valueName":"search_term_string"}}],"inLanguage":"en-US"}]}},"_links":{"self":[{"href":"https:\/\/medicinasinc.com\/fr\/wp-json\/wp\/v2\/product\/5293","targetHints":{"allow":["GET"]}}],"collection":[{"href":"https:\/\/medicinasinc.com\/fr\/wp-json\/wp\/v2\/product"}],"about":[{"href":"https:\/\/medicinasinc.com\/fr\/wp-json\/wp\/v2\/types\/product"}],"replies":[{"embeddable":true,"href":"https:\/\/medicinasinc.com\/fr\/wp-json\/wp\/v2\/comments?post=5293"}],"wp:featuredmedia":[{"embeddable":true,"href":"https:\/\/medicinasinc.com\/fr\/wp-json\/wp\/v2\/media\/5301"}],"wp:attachment":[{"href":"https:\/\/medicinasinc.com\/fr\/wp-json\/wp\/v2\/media?parent=5293"}],"wp:term":[{"taxonomy":"product_brand","embeddable":true,"href":"https:\/\/medicinasinc.com\/fr\/wp-json\/wp\/v2\/product_brand?post=5293"},{"taxonomy":"product_cat","embeddable":true,"href":"https:\/\/medicinasinc.com\/fr\/wp-json\/wp\/v2\/product_cat?post=5293"},{"taxonomy":"product_tag","embeddable":true,"href":"https:\/\/medicinasinc.com\/fr\/wp-json\/wp\/v2\/product_tag?post=5293"}],"curies":[{"name":"wp","href":"https:\/\/api.w.org\/{rel}","templated":true}]}}