{"id":5265,"date":"2022-02-20T22:55:20","date_gmt":"2022-02-20T22:55:20","guid":{"rendered":"https:\/\/medicinasinc.com\/fr\/?post_type=product&#038;p=5265"},"modified":"2022-03-17T12:06:40","modified_gmt":"2022-03-17T12:06:40","slug":"acheter-mogadon-nitrazepam-5mg-pilules","status":"publish","type":"product","link":"https:\/\/medicinasinc.com\/fr\/product\/acheter-mogadon-nitrazepam-5mg-pilules\/","title":{"rendered":"Acheter des pilules de Mogadon Nitrazepam 5mg"},"content":{"rendered":"<p>Achat en ligne de pilules de Mogadon Nitrazepam 5mg<br \/> Mogadon co\u00fbte 0,31\u00a0$ par pilule chez PocketPills. Mogadon peut \u00eatre moins cher si votre assurance le couvre. Pour obtenir le co\u00fbt total de Mogadon, vous devez \u00e9galement inclure les frais de distribution et d&#8217;exp\u00e9dition.<\/p>\n<p>Combien co\u00fbtent les frais de distribution de Mogadon\u00a0?<\/p>\n<p>Le co\u00fbt de distribution de Mogadon avec nous est simplement de 7\u00a0$ . Pocketpills s&#8217;efforce de vous offrir les prix Mogadon les plus bas au Canada.<br \/> Gardez \u00e0 l&#8217;esprit que nous offrons la LIVRAISON GRATUITE sur toutes les commandes dans le monde.<\/p>\n<div>\n<div>\n<div>\n<div class=\"margin- tl\">\n<div class=\"drugcontent-wrapper\">\n<div class=\"h4\">\n<ul>\n<li>N&#8217;oubliez pas que nous vous offrons la livraison GRATUITE au Canada.<\/li>\n<\/ul><\/div><\/div><\/div><\/div><\/div><\/div>\n<div class=\"product-next-previous\">\n<div class=\"product-prev\"><\/div><\/div>\n","protected":false},"excerpt":{"rendered":"<p>Pilules de Mogadon Nitrazepam 5mg en vente au Royaume-Uni et en Europe. difficult\u00e9 \u00e0 s&#8217;endormir, r\u00e9veils r\u00e9p\u00e9t\u00e9s pendant la nuit et r\u00e9veil t\u00f4t le matin. De plus, il est utilis\u00e9 pour surveiller les crises myocloniques.<\/p>\n<p>Mogadon Buy Online &#8211; Pilules de la plus haute qualit\u00e9 Achetez du nitraz\u00e9pam en ligne sans ordonnance, commandez et faites-vous livrer votre Mogadon \u00e0 l&#8217;international gr\u00e2ce \u00e0 une livraison rapide.<\/p>\n<p>achat de nitraz\u00e9pam xr 30 mg<\/p>\n<p>acheter du nitraz\u00e9pam livraison le lendemain acheter du nitraz\u00e9pam sans ordonnance en ligne acheter du nitraz\u00e9pam au Costa Rica, en Europe, \u00e0 Duba\u00ef, en Chine, dans l&#8217;Union europ\u00e9enne et dans le monde entier. Comprim\u00e9s de nitraz\u00e9pam g\u00e9n\u00e9rique<\/p>\n","protected":false},"featured_media":5995,"comment_status":"open","ping_status":"closed","template":"","meta":[],"product_brand":[],"product_cat":[1117],"product_tag":[1629,1630,1631,1632,1634,1635,1636,1637,1633],"class_list":{"0":"post-5265","1":"product","2":"type-product","3":"status-publish","4":"has-post-thumbnail","6":"product_cat-acheter-douleur-sommeil-sexe-pilules","7":"product_tag-acheter-nitrazepam-10mg-acheter-mogadon-en-ligne-nitrazepam-5mg-en-vente-acheter-mogadon-10mg","8":"product_tag-acheter-mogadon-nitrazepam-pas-cher","9":"product_tag-mogadon-nitrazpam","10":"product_tag-mogadon-nitrazepam-comment-arrter","11":"product_tag-nitrazpam-mogadon","12":"product_tag-reddit-mogadon-nitrazpam","13":"product_tag-reddit-mogadon-nitrazpam-retrait","14":"product_tag-reddit-nitrazepam-mogadon-retrait","15":"product_tag-retrait-du-mogadon-nitrazpam","17":"first","18":"instock","19":"shipping-taxable","20":"purchasable","21":"product-type-variable","22":"has-default-attributes"},"yoast_head":"<!-- This site is optimized with the Yoast SEO plugin v27.3 - https:\/\/yoast.com\/product\/yoast-seo-wordpress\/ -->\n<title>Acheter des pilules de Mogadon Nitrazepam 5mg - Best Global Meds<\/title>\n<meta name=\"description\" content=\"Acheter des pilules de Mogadon Nitrazepam 5mg \u00e0 vendre au Royaume-Uni, en Europe en ligne. difficult\u00e9 \u00e0 s&#039;endormir, \u00e9veils successifs tout au long de la nuit et \u00e9veil t\u00f4t le matin. Il est \u00e9galement utilis\u00e9 pour surveiller les crises myocloniques.\" \/>\n<meta name=\"robots\" content=\"index, follow, max-snippet:-1, max-image-preview:large, max-video-preview:-1\" \/>\n<link rel=\"canonical\" href=\"https:\/\/medicinasinc.com\/fr\/product\/acheter-mogadon-nitrazepam-5mg-pilules\/\" \/>\n<meta property=\"og:locale\" content=\"en_US\" \/>\n<meta property=\"og:type\" content=\"article\" \/>\n<meta property=\"og:title\" content=\"Acheter des pilules de Mogadon Nitrazepam 5mg - Best Global Meds\" \/>\n<meta property=\"og:description\" content=\"Acheter des pilules de Mogadon Nitrazepam 5mg \u00e0 vendre au Royaume-Uni, en Europe en ligne. difficult\u00e9 \u00e0 s&#039;endormir, \u00e9veils successifs tout au long de la nuit et \u00e9veil t\u00f4t le matin. Il est \u00e9galement utilis\u00e9 pour surveiller les crises myocloniques.\" \/>\n<meta property=\"og:url\" content=\"https:\/\/medicinasinc.com\/fr\/product\/acheter-mogadon-nitrazepam-5mg-pilules\/\" \/>\n<meta property=\"og:site_name\" content=\"Medicinas Inc\" \/>\n<meta property=\"article:modified_time\" content=\"2022-03-17T12:06:40+00:00\" \/>\n<meta property=\"og:image\" content=\"https:\/\/medicinasinc.com\/fr\/wp-content\/uploads\/sites\/5\/2022\/02\/Buy-Mogadon-Nitrazepam-5mg-pills.jpg\" \/>\n\t<meta property=\"og:image:width\" content=\"640\" \/>\n\t<meta property=\"og:image:height\" content=\"480\" \/>\n\t<meta property=\"og:image:type\" content=\"image\/jpeg\" \/>\n<meta name=\"twitter:card\" content=\"summary_large_image\" \/>\n<meta name=\"twitter:label1\" content=\"Est. reading time\" \/>\n\t<meta name=\"twitter:data1\" content=\"1 minute\" \/>\n<script type=\"application\/ld+json\" class=\"yoast-schema-graph\">{\"@context\":\"https:\\\/\\\/schema.org\",\"@graph\":[{\"@type\":\"WebPage\",\"@id\":\"https:\\\/\\\/medicinasinc.com\\\/fr\\\/product\\\/acheter-mogadon-nitrazepam-5mg-pilules\\\/\",\"url\":\"https:\\\/\\\/medicinasinc.com\\\/fr\\\/product\\\/acheter-mogadon-nitrazepam-5mg-pilules\\\/\",\"name\":\"Acheter des pilules de Mogadon Nitrazepam 5mg - Best Global Meds\",\"isPartOf\":{\"@id\":\"https:\\\/\\\/medicinasinc.com\\\/fr\\\/#website\"},\"primaryImageOfPage\":{\"@id\":\"https:\\\/\\\/medicinasinc.com\\\/fr\\\/product\\\/acheter-mogadon-nitrazepam-5mg-pilules\\\/#primaryimage\"},\"image\":{\"@id\":\"https:\\\/\\\/medicinasinc.com\\\/fr\\\/product\\\/acheter-mogadon-nitrazepam-5mg-pilules\\\/#primaryimage\"},\"thumbnailUrl\":\"https:\\\/\\\/medicinasinc.com\\\/fr\\\/wp-content\\\/uploads\\\/sites\\\/5\\\/2022\\\/02\\\/Buy-Mogadon-Nitrazepam-5mg-pills.jpg\",\"datePublished\":\"2022-02-20T22:55:20+00:00\",\"dateModified\":\"2022-03-17T12:06:40+00:00\",\"description\":\"Acheter des pilules de Mogadon Nitrazepam 5mg \u00e0 vendre au Royaume-Uni, en Europe en ligne. difficult\u00e9 \u00e0 s'endormir, \u00e9veils successifs tout au long de la nuit et \u00e9veil t\u00f4t le matin. Il est \u00e9galement utilis\u00e9 pour surveiller les crises myocloniques.\",\"breadcrumb\":{\"@id\":\"https:\\\/\\\/medicinasinc.com\\\/fr\\\/product\\\/acheter-mogadon-nitrazepam-5mg-pilules\\\/#breadcrumb\"},\"inLanguage\":\"en-US\",\"potentialAction\":[{\"@type\":\"ReadAction\",\"target\":[\"https:\\\/\\\/medicinasinc.com\\\/fr\\\/product\\\/acheter-mogadon-nitrazepam-5mg-pilules\\\/\"]}]},{\"@type\":\"ImageObject\",\"inLanguage\":\"en-US\",\"@id\":\"https:\\\/\\\/medicinasinc.com\\\/fr\\\/product\\\/acheter-mogadon-nitrazepam-5mg-pilules\\\/#primaryimage\",\"url\":\"https:\\\/\\\/medicinasinc.com\\\/fr\\\/wp-content\\\/uploads\\\/sites\\\/5\\\/2022\\\/02\\\/Buy-Mogadon-Nitrazepam-5mg-pills.jpg\",\"contentUrl\":\"https:\\\/\\\/medicinasinc.com\\\/fr\\\/wp-content\\\/uploads\\\/sites\\\/5\\\/2022\\\/02\\\/Buy-Mogadon-Nitrazepam-5mg-pills.jpg\",\"width\":640,\"height\":480,\"caption\":\"Buy Mogadon Nitrazepam 5mg pills\"},{\"@type\":\"BreadcrumbList\",\"@id\":\"https:\\\/\\\/medicinasinc.com\\\/fr\\\/product\\\/acheter-mogadon-nitrazepam-5mg-pilules\\\/#breadcrumb\",\"itemListElement\":[{\"@type\":\"ListItem\",\"position\":1,\"name\":\"Boutique\",\"item\":\"https:\\\/\\\/medicinasinc.com\\\/fr\\\/boutique\\\/\"},{\"@type\":\"ListItem\",\"position\":2,\"name\":\"Acheter des pilules de Mogadon Nitrazepam 5mg\"}]},{\"@type\":\"WebSite\",\"@id\":\"https:\\\/\\\/medicinasinc.com\\\/fr\\\/#website\",\"url\":\"https:\\\/\\\/medicinasinc.com\\\/fr\\\/\",\"name\":\"Medicinas Inc\",\"description\":\"Health Medical Clinic\",\"potentialAction\":[{\"@type\":\"SearchAction\",\"target\":{\"@type\":\"EntryPoint\",\"urlTemplate\":\"https:\\\/\\\/medicinasinc.com\\\/fr\\\/?s={search_term_string}\"},\"query-input\":{\"@type\":\"PropertyValueSpecification\",\"valueRequired\":true,\"valueName\":\"search_term_string\"}}],\"inLanguage\":\"en-US\"}]}<\/script>\n<!-- \/ Yoast SEO plugin. -->","yoast_head_json":{"title":"Acheter des pilules de Mogadon Nitrazepam 5mg - Best Global Meds","description":"Acheter des pilules de Mogadon Nitrazepam 5mg \u00e0 vendre au Royaume-Uni, en Europe en ligne. difficult\u00e9 \u00e0 s'endormir, \u00e9veils successifs tout au long de la nuit et \u00e9veil t\u00f4t le matin. Il est \u00e9galement utilis\u00e9 pour surveiller les crises myocloniques.","robots":{"index":"index","follow":"follow","max-snippet":"max-snippet:-1","max-image-preview":"max-image-preview:large","max-video-preview":"max-video-preview:-1"},"canonical":"https:\/\/medicinasinc.com\/fr\/product\/acheter-mogadon-nitrazepam-5mg-pilules\/","og_locale":"en_US","og_type":"article","og_title":"Acheter des pilules de Mogadon Nitrazepam 5mg - Best Global Meds","og_description":"Acheter des pilules de Mogadon Nitrazepam 5mg \u00e0 vendre au Royaume-Uni, en Europe en ligne. difficult\u00e9 \u00e0 s'endormir, \u00e9veils successifs tout au long de la nuit et \u00e9veil t\u00f4t le matin. Il est \u00e9galement utilis\u00e9 pour surveiller les crises myocloniques.","og_url":"https:\/\/medicinasinc.com\/fr\/product\/acheter-mogadon-nitrazepam-5mg-pilules\/","og_site_name":"Medicinas Inc","article_modified_time":"2022-03-17T12:06:40+00:00","og_image":[{"width":640,"height":480,"url":"https:\/\/medicinasinc.com\/fr\/wp-content\/uploads\/sites\/5\/2022\/02\/Buy-Mogadon-Nitrazepam-5mg-pills.jpg","type":"image\/jpeg"}],"twitter_card":"summary_large_image","twitter_misc":{"Est. reading time":"1 minute"},"schema":{"@context":"https:\/\/schema.org","@graph":[{"@type":"WebPage","@id":"https:\/\/medicinasinc.com\/fr\/product\/acheter-mogadon-nitrazepam-5mg-pilules\/","url":"https:\/\/medicinasinc.com\/fr\/product\/acheter-mogadon-nitrazepam-5mg-pilules\/","name":"Acheter des pilules de Mogadon Nitrazepam 5mg - Best Global Meds","isPartOf":{"@id":"https:\/\/medicinasinc.com\/fr\/#website"},"primaryImageOfPage":{"@id":"https:\/\/medicinasinc.com\/fr\/product\/acheter-mogadon-nitrazepam-5mg-pilules\/#primaryimage"},"image":{"@id":"https:\/\/medicinasinc.com\/fr\/product\/acheter-mogadon-nitrazepam-5mg-pilules\/#primaryimage"},"thumbnailUrl":"https:\/\/medicinasinc.com\/fr\/wp-content\/uploads\/sites\/5\/2022\/02\/Buy-Mogadon-Nitrazepam-5mg-pills.jpg","datePublished":"2022-02-20T22:55:20+00:00","dateModified":"2022-03-17T12:06:40+00:00","description":"Acheter des pilules de Mogadon Nitrazepam 5mg \u00e0 vendre au Royaume-Uni, en Europe en ligne. difficult\u00e9 \u00e0 s'endormir, \u00e9veils successifs tout au long de la nuit et \u00e9veil t\u00f4t le matin. Il est \u00e9galement utilis\u00e9 pour surveiller les crises myocloniques.","breadcrumb":{"@id":"https:\/\/medicinasinc.com\/fr\/product\/acheter-mogadon-nitrazepam-5mg-pilules\/#breadcrumb"},"inLanguage":"en-US","potentialAction":[{"@type":"ReadAction","target":["https:\/\/medicinasinc.com\/fr\/product\/acheter-mogadon-nitrazepam-5mg-pilules\/"]}]},{"@type":"ImageObject","inLanguage":"en-US","@id":"https:\/\/medicinasinc.com\/fr\/product\/acheter-mogadon-nitrazepam-5mg-pilules\/#primaryimage","url":"https:\/\/medicinasinc.com\/fr\/wp-content\/uploads\/sites\/5\/2022\/02\/Buy-Mogadon-Nitrazepam-5mg-pills.jpg","contentUrl":"https:\/\/medicinasinc.com\/fr\/wp-content\/uploads\/sites\/5\/2022\/02\/Buy-Mogadon-Nitrazepam-5mg-pills.jpg","width":640,"height":480,"caption":"Buy Mogadon Nitrazepam 5mg pills"},{"@type":"BreadcrumbList","@id":"https:\/\/medicinasinc.com\/fr\/product\/acheter-mogadon-nitrazepam-5mg-pilules\/#breadcrumb","itemListElement":[{"@type":"ListItem","position":1,"name":"Boutique","item":"https:\/\/medicinasinc.com\/fr\/boutique\/"},{"@type":"ListItem","position":2,"name":"Acheter des pilules de Mogadon Nitrazepam 5mg"}]},{"@type":"WebSite","@id":"https:\/\/medicinasinc.com\/fr\/#website","url":"https:\/\/medicinasinc.com\/fr\/","name":"Medicinas Inc","description":"Health Medical Clinic","potentialAction":[{"@type":"SearchAction","target":{"@type":"EntryPoint","urlTemplate":"https:\/\/medicinasinc.com\/fr\/?s={search_term_string}"},"query-input":{"@type":"PropertyValueSpecification","valueRequired":true,"valueName":"search_term_string"}}],"inLanguage":"en-US"}]}},"_links":{"self":[{"href":"https:\/\/medicinasinc.com\/fr\/wp-json\/wp\/v2\/product\/5265","targetHints":{"allow":["GET"]}}],"collection":[{"href":"https:\/\/medicinasinc.com\/fr\/wp-json\/wp\/v2\/product"}],"about":[{"href":"https:\/\/medicinasinc.com\/fr\/wp-json\/wp\/v2\/types\/product"}],"replies":[{"embeddable":true,"href":"https:\/\/medicinasinc.com\/fr\/wp-json\/wp\/v2\/comments?post=5265"}],"wp:featuredmedia":[{"embeddable":true,"href":"https:\/\/medicinasinc.com\/fr\/wp-json\/wp\/v2\/media\/5995"}],"wp:attachment":[{"href":"https:\/\/medicinasinc.com\/fr\/wp-json\/wp\/v2\/media?parent=5265"}],"wp:term":[{"taxonomy":"product_brand","embeddable":true,"href":"https:\/\/medicinasinc.com\/fr\/wp-json\/wp\/v2\/product_brand?post=5265"},{"taxonomy":"product_cat","embeddable":true,"href":"https:\/\/medicinasinc.com\/fr\/wp-json\/wp\/v2\/product_cat?post=5265"},{"taxonomy":"product_tag","embeddable":true,"href":"https:\/\/medicinasinc.com\/fr\/wp-json\/wp\/v2\/product_tag?post=5265"}],"curies":[{"name":"wp","href":"https:\/\/api.w.org\/{rel}","templated":true}]}}