{"id":5264,"date":"2022-02-20T22:53:05","date_gmt":"2022-02-20T22:53:05","guid":{"rendered":"https:\/\/medicinasinc.com\/fr\/?post_type=product&#038;p=5264"},"modified":"2022-03-17T12:06:55","modified_gmt":"2022-03-17T12:06:55","slug":"acheter-motrin-ibuprofen-pilules-600mg","status":"publish","type":"product","link":"https:\/\/medicinasinc.com\/fr\/product\/acheter-motrin-ibuprofen-pilules-600mg\/","title":{"rendered":"Acheter des pilules Motrin Ibuprofen 600mg"},"content":{"rendered":"<p>Motrin \u2013 Les comprim\u00e9s d&#8217;ibuprof\u00e8ne 600 mg peuvent \u00eatre achet\u00e9s en ligne.<br \/> Les comprim\u00e9s d&#8217;ibuprof\u00e8ne Motrin 600 mg peuvent \u00eatre achet\u00e9s en ligne.<\/p>\n<p>L&#8217;ibuprof\u00e8ne 600 mg est disponible sous forme de comprim\u00e9. Il fait partie de la classe de m\u00e9dicaments appel\u00e9s AINS &#8211; Anti-inflammatoires non st\u00e9ro\u00efdiens. Il est utilis\u00e9 pour traiter l&#8217;arthrose, la polyarthrite rhumato\u00efde, l&#8217;arthrite rachidienne, les articulations enfl\u00e9es, l&#8217;\u00e9paule gel\u00e9e, la bursite, la tendinite, la t\u00e9nosynovite, l&#8217;inconfort du bas du dos, les entorses et les foulures.<\/p>\n<p>Les comprim\u00e9s d&#8217;ibuprof\u00e8ne 600\u00a0mg doivent \u00eatre tenus hors de la port\u00e9e des enfants. vue et port\u00e9e. Il doit \u00eatre stock\u00e9 dans son emballage d&#8217;origine et conserv\u00e9 \u00e0 une temp\u00e9rature ne d\u00e9passant pas 25 degr\u00e9s Celsius.<\/p>\n","protected":false},"excerpt":{"rendered":"<div class=\"woocommerce-product-details__short-description\">\n<p>Motrin \u2013 Les pilules d&#8217;ibuprof\u00e8ne 600 mg peuvent \u00eatre achet\u00e9es en ligne. Achetez de l&#8217;ibuprof\u00e8ne en ligne \u00e0 des prix extr\u00eamement bas. Les commandes en gros b\u00e9n\u00e9ficient de la livraison gratuite. Si vous cherchiez \u00e0 acheter des m\u00e9dicaments sur ordonnance en ligne sans ordonnance, votre recherche est termin\u00e9e.<\/p>\n<p>Ibuprof\u00e8ne 600 mg est disponible sous forme de comprim\u00e9s. Il fait partie de la classe de m\u00e9dicaments connus sous le nom d&#8217;AINS &#8211; Anti-inflammatoires non st\u00e9ro\u00efdiens.<\/p>\n<p>Ibuprof\u00e8ne 600\u00a0mg comprim\u00e9s, ibuprof\u00e8ne 600\u00a0mg sur ordonnance, ibuprof\u00e8ne 600\u00a0mg en vente libre, ibuprof\u00e8ne 600\u00a0mg posologie pour adultes, ibuprof\u00e8ne 600\u00a0mg co\u00fbt par comprim\u00e9, ibuprof\u00e8ne 600\u00a0mg bottes, motrin 600 mg, 600 mg d&#8217;ibuprof\u00e8ne en vente libre au Royaume-Uni<\/p>\n<\/p><\/div>\n","protected":false},"featured_media":5282,"comment_status":"open","ping_status":"closed","template":"","meta":[],"product_brand":[],"product_cat":[1117],"product_tag":[1571,1572,1575,1576,1584,1582,1583,1589,1578,1577,1585,1607,1606,1601,1580,1581,1587,1590,1591,1596,1597,1598,1586,1588,1593,1594,1595,1602,1603,1604,1605,1609,1610,1592,1599,1573,1574,1600,1608,1612,1613,1579,1616,1617,1615,1618,1619,1620,1623,1622,1625,1611,1614,1624,1626,1621,1627,1628],"class_list":{"0":"post-5264","1":"product","2":"type-product","3":"status-publish","4":"has-post-thumbnail","6":"product_cat-acheter-douleur-sommeil-sexe-pilules","7":"product_tag-600-mg-ibuprofen-over-the-counter-uk","8":"product_tag-advil-motrin-ibuprofne","9":"product_tag-are-motrin-and-ibuprofen-the-same","10":"product_tag-are-motrin-and-ibuprofen-the-same-thing","11":"product_tag-ibuprofne-600-mg-bottes","12":"product_tag-combien-dibuprofne-dans-la-motrine","13":"product_tag-ibuprofne-200mg-comprims","14":"product_tag-ibuprofne-600mg-comprims","15":"product_tag-difference-between-motrin-and-ibuprofen","16":"product_tag-diffrence-entre-ibuprofne-et-motrin","17":"product_tag-ibuprofne-600-mg-dosage-pour-adultes","18":"product_tag-is-motrin-like-ibuprofen","19":"product_tag-est-motrin-ibuprofne-ou-actaminophne","20":"product_tag-is-ibuprofne-motrine","21":"product_tag-motrin-a-t-il-ibuprofne","22":"product_tag-est-ce-que-motrin-contient-de-libuprofne","23":"product_tag-ibuprofne-600-mg-force-de-prescription","24":"product_tag-ibuprofen-advil-motrin","25":"product_tag-ibuprofen-and-motrin","26":"product_tag-ibuprofen-motrin-800mg","27":"product_tag-ibuprofen-same-as-motrin","28":"product_tag-ibuprofen-vs-motrin","29":"product_tag-ibuprofne-600-mg-en-vente-libre","30":"product_tag-ibuprofne-600-mg-prix-par-pilule","31":"product_tag-ibuprofne-motrine","32":"product_tag-ibuprofne-motrin-600-mg","33":"product_tag-ibuprofne-motrin-800-mg","34":"product_tag-is-ibuprofen-the-same-as-motrin","35":"product_tag-is-motrin-and-ibuprofen-the-same","36":"product_tag-is-motrin-and-ibuprofen-the-same-thing","37":"product_tag-is-motrin-ibuprofen","38":"product_tag-is-motrin-the-same-as-ibuprofen","39":"product_tag-is-motrin-the-same-thing-as-ibuprofen","40":"product_tag-ibuprofne-est-motrine","41":"product_tag-est-ibuprofne-et-motrin-le-mme","42":"product_tag-sont-ibuprofne-et-motrin-identiques","43":"product_tag-sont-ibuprofne-et-motrin-la-mme-chose","44":"product_tag-est-ibuprofne-et-motrin-la-mme-chose","45":"product_tag-est-motrin-identique--libuprofne","46":"product_tag-motrin-600-mg-vs-ibuprofen","47":"product_tag-motrin-800-vs-ibuprofen","48":"product_tag-motrin-contient-il-ibuprofne","49":"product_tag-motrin-et-ibuprofne-la-mme-chose","50":"product_tag-motrin-et-ibuprofne-ensemble","51":"product_tag-motrin-et-ibuprofne-le-mme","52":"product_tag-motrin-ib","53":"product_tag-motrin-ibuprofne","54":"product_tag-motrin-ibuprofne-200-mg","55":"product_tag-motrin-identique--libuprofne","56":"product_tag-motrin-is-ibuprofen","57":"product_tag-motrin-vs-advil-vs-ibuprofne","58":"product_tag-motrin-600-mg","59":"product_tag-motrine-et-ibuprofne","60":"product_tag-motrin-versus-ibuprofne","61":"product_tag-motrin-vs-ibuprofne","62":"product_tag-motrin-ibuprofne-dosage","63":"product_tag-quelle-est-la-diffrence-entre-l-ibuprofne-et-la-motrine","64":"product_tag-quelle-est-la-diffrence-entre-motrin-et-ibuprofne","66":"first","67":"instock","68":"shipping-taxable","69":"purchasable","70":"product-type-variable","71":"has-default-attributes"},"yoast_head":"<!-- This site is optimized with the Yoast SEO plugin v27.3 - https:\/\/yoast.com\/product\/yoast-seo-wordpress\/ -->\n<title>Acheter des pilules Motrin Ibuprofen 600 mg - Best Best Global Meds<\/title>\n<meta name=\"description\" content=\"Acheter des pilules Motrin Ibuprof\u00e8ne 600 mg en ligne. Achetez de l&#039;ibuprof\u00e8ne 600 mg en ligne \u00e0 des prix tr\u00e8s bas. Livraison gratuite sur les commandes en gros. Si vous cherchiez \u00e0 acheter des m\u00e9dicaments en ligne sans ordonnance, votre recherche est termin\u00e9e.\" \/>\n<meta name=\"robots\" content=\"index, follow, max-snippet:-1, max-image-preview:large, max-video-preview:-1\" \/>\n<link rel=\"canonical\" href=\"https:\/\/medicinasinc.com\/fr\/product\/acheter-motrin-ibuprofen-pilules-600mg\/\" \/>\n<meta property=\"og:locale\" content=\"en_US\" \/>\n<meta property=\"og:type\" content=\"article\" \/>\n<meta property=\"og:title\" content=\"Acheter des pilules Motrin Ibuprofen 600 mg - Best Best Global Meds\" \/>\n<meta property=\"og:description\" content=\"Acheter des pilules Motrin Ibuprof\u00e8ne 600 mg en ligne. Achetez de l&#039;ibuprof\u00e8ne 600 mg en ligne \u00e0 des prix tr\u00e8s bas. Livraison gratuite sur les commandes en gros. Si vous cherchiez \u00e0 acheter des m\u00e9dicaments en ligne sans ordonnance, votre recherche est termin\u00e9e.\" \/>\n<meta property=\"og:url\" content=\"https:\/\/medicinasinc.com\/fr\/product\/acheter-motrin-ibuprofen-pilules-600mg\/\" \/>\n<meta property=\"og:site_name\" content=\"Medicinas Inc\" \/>\n<meta property=\"article:modified_time\" content=\"2022-03-17T12:06:55+00:00\" \/>\n<meta property=\"og:image\" content=\"https:\/\/medicinasinc.com\/fr\/wp-content\/uploads\/sites\/5\/2022\/02\/Buy-Motrin-Ibuprofen-600mg.jpg\" \/>\n\t<meta property=\"og:image:width\" content=\"1200\" \/>\n\t<meta property=\"og:image:height\" content=\"1200\" \/>\n\t<meta property=\"og:image:type\" content=\"image\/jpeg\" \/>\n<meta name=\"twitter:card\" content=\"summary_large_image\" \/>\n<meta name=\"twitter:label1\" content=\"Est. reading time\" \/>\n\t<meta name=\"twitter:data1\" content=\"1 minute\" \/>\n<script type=\"application\/ld+json\" class=\"yoast-schema-graph\">{\"@context\":\"https:\\\/\\\/schema.org\",\"@graph\":[{\"@type\":\"WebPage\",\"@id\":\"https:\\\/\\\/medicinasinc.com\\\/fr\\\/product\\\/acheter-motrin-ibuprofen-pilules-600mg\\\/\",\"url\":\"https:\\\/\\\/medicinasinc.com\\\/fr\\\/product\\\/acheter-motrin-ibuprofen-pilules-600mg\\\/\",\"name\":\"Acheter des pilules Motrin Ibuprofen 600 mg - Best Best Global Meds\",\"isPartOf\":{\"@id\":\"https:\\\/\\\/medicinasinc.com\\\/fr\\\/#website\"},\"primaryImageOfPage\":{\"@id\":\"https:\\\/\\\/medicinasinc.com\\\/fr\\\/product\\\/acheter-motrin-ibuprofen-pilules-600mg\\\/#primaryimage\"},\"image\":{\"@id\":\"https:\\\/\\\/medicinasinc.com\\\/fr\\\/product\\\/acheter-motrin-ibuprofen-pilules-600mg\\\/#primaryimage\"},\"thumbnailUrl\":\"https:\\\/\\\/medicinasinc.com\\\/fr\\\/wp-content\\\/uploads\\\/sites\\\/5\\\/2022\\\/02\\\/Buy-Motrin-Ibuprofen-600mg.jpg\",\"datePublished\":\"2022-02-20T22:53:05+00:00\",\"dateModified\":\"2022-03-17T12:06:55+00:00\",\"description\":\"Acheter des pilules Motrin Ibuprof\u00e8ne 600 mg en ligne. Achetez de l'ibuprof\u00e8ne 600 mg en ligne \u00e0 des prix tr\u00e8s bas. Livraison gratuite sur les commandes en gros. Si vous cherchiez \u00e0 acheter des m\u00e9dicaments en ligne sans ordonnance, votre recherche est termin\u00e9e.\",\"breadcrumb\":{\"@id\":\"https:\\\/\\\/medicinasinc.com\\\/fr\\\/product\\\/acheter-motrin-ibuprofen-pilules-600mg\\\/#breadcrumb\"},\"inLanguage\":\"en-US\",\"potentialAction\":[{\"@type\":\"ReadAction\",\"target\":[\"https:\\\/\\\/medicinasinc.com\\\/fr\\\/product\\\/acheter-motrin-ibuprofen-pilules-600mg\\\/\"]}]},{\"@type\":\"ImageObject\",\"inLanguage\":\"en-US\",\"@id\":\"https:\\\/\\\/medicinasinc.com\\\/fr\\\/product\\\/acheter-motrin-ibuprofen-pilules-600mg\\\/#primaryimage\",\"url\":\"https:\\\/\\\/medicinasinc.com\\\/fr\\\/wp-content\\\/uploads\\\/sites\\\/5\\\/2022\\\/02\\\/Buy-Motrin-Ibuprofen-600mg.jpg\",\"contentUrl\":\"https:\\\/\\\/medicinasinc.com\\\/fr\\\/wp-content\\\/uploads\\\/sites\\\/5\\\/2022\\\/02\\\/Buy-Motrin-Ibuprofen-600mg.jpg\",\"width\":1200,\"height\":1200},{\"@type\":\"BreadcrumbList\",\"@id\":\"https:\\\/\\\/medicinasinc.com\\\/fr\\\/product\\\/acheter-motrin-ibuprofen-pilules-600mg\\\/#breadcrumb\",\"itemListElement\":[{\"@type\":\"ListItem\",\"position\":1,\"name\":\"Boutique\",\"item\":\"https:\\\/\\\/medicinasinc.com\\\/fr\\\/boutique\\\/\"},{\"@type\":\"ListItem\",\"position\":2,\"name\":\"Acheter des pilules Motrin Ibuprofen 600mg\"}]},{\"@type\":\"WebSite\",\"@id\":\"https:\\\/\\\/medicinasinc.com\\\/fr\\\/#website\",\"url\":\"https:\\\/\\\/medicinasinc.com\\\/fr\\\/\",\"name\":\"Medicinas Inc\",\"description\":\"Health Medical Clinic\",\"potentialAction\":[{\"@type\":\"SearchAction\",\"target\":{\"@type\":\"EntryPoint\",\"urlTemplate\":\"https:\\\/\\\/medicinasinc.com\\\/fr\\\/?s={search_term_string}\"},\"query-input\":{\"@type\":\"PropertyValueSpecification\",\"valueRequired\":true,\"valueName\":\"search_term_string\"}}],\"inLanguage\":\"en-US\"}]}<\/script>\n<!-- \/ Yoast SEO plugin. -->","yoast_head_json":{"title":"Acheter des pilules Motrin Ibuprofen 600 mg - Best Best Global Meds","description":"Acheter des pilules Motrin Ibuprof\u00e8ne 600 mg en ligne. Achetez de l'ibuprof\u00e8ne 600 mg en ligne \u00e0 des prix tr\u00e8s bas. Livraison gratuite sur les commandes en gros. Si vous cherchiez \u00e0 acheter des m\u00e9dicaments en ligne sans ordonnance, votre recherche est termin\u00e9e.","robots":{"index":"index","follow":"follow","max-snippet":"max-snippet:-1","max-image-preview":"max-image-preview:large","max-video-preview":"max-video-preview:-1"},"canonical":"https:\/\/medicinasinc.com\/fr\/product\/acheter-motrin-ibuprofen-pilules-600mg\/","og_locale":"en_US","og_type":"article","og_title":"Acheter des pilules Motrin Ibuprofen 600 mg - Best Best Global Meds","og_description":"Acheter des pilules Motrin Ibuprof\u00e8ne 600 mg en ligne. Achetez de l'ibuprof\u00e8ne 600 mg en ligne \u00e0 des prix tr\u00e8s bas. Livraison gratuite sur les commandes en gros. Si vous cherchiez \u00e0 acheter des m\u00e9dicaments en ligne sans ordonnance, votre recherche est termin\u00e9e.","og_url":"https:\/\/medicinasinc.com\/fr\/product\/acheter-motrin-ibuprofen-pilules-600mg\/","og_site_name":"Medicinas Inc","article_modified_time":"2022-03-17T12:06:55+00:00","og_image":[{"width":1200,"height":1200,"url":"https:\/\/medicinasinc.com\/fr\/wp-content\/uploads\/sites\/5\/2022\/02\/Buy-Motrin-Ibuprofen-600mg.jpg","type":"image\/jpeg"}],"twitter_card":"summary_large_image","twitter_misc":{"Est. reading time":"1 minute"},"schema":{"@context":"https:\/\/schema.org","@graph":[{"@type":"WebPage","@id":"https:\/\/medicinasinc.com\/fr\/product\/acheter-motrin-ibuprofen-pilules-600mg\/","url":"https:\/\/medicinasinc.com\/fr\/product\/acheter-motrin-ibuprofen-pilules-600mg\/","name":"Acheter des pilules Motrin Ibuprofen 600 mg - Best Best Global Meds","isPartOf":{"@id":"https:\/\/medicinasinc.com\/fr\/#website"},"primaryImageOfPage":{"@id":"https:\/\/medicinasinc.com\/fr\/product\/acheter-motrin-ibuprofen-pilules-600mg\/#primaryimage"},"image":{"@id":"https:\/\/medicinasinc.com\/fr\/product\/acheter-motrin-ibuprofen-pilules-600mg\/#primaryimage"},"thumbnailUrl":"https:\/\/medicinasinc.com\/fr\/wp-content\/uploads\/sites\/5\/2022\/02\/Buy-Motrin-Ibuprofen-600mg.jpg","datePublished":"2022-02-20T22:53:05+00:00","dateModified":"2022-03-17T12:06:55+00:00","description":"Acheter des pilules Motrin Ibuprof\u00e8ne 600 mg en ligne. Achetez de l'ibuprof\u00e8ne 600 mg en ligne \u00e0 des prix tr\u00e8s bas. Livraison gratuite sur les commandes en gros. Si vous cherchiez \u00e0 acheter des m\u00e9dicaments en ligne sans ordonnance, votre recherche est termin\u00e9e.","breadcrumb":{"@id":"https:\/\/medicinasinc.com\/fr\/product\/acheter-motrin-ibuprofen-pilules-600mg\/#breadcrumb"},"inLanguage":"en-US","potentialAction":[{"@type":"ReadAction","target":["https:\/\/medicinasinc.com\/fr\/product\/acheter-motrin-ibuprofen-pilules-600mg\/"]}]},{"@type":"ImageObject","inLanguage":"en-US","@id":"https:\/\/medicinasinc.com\/fr\/product\/acheter-motrin-ibuprofen-pilules-600mg\/#primaryimage","url":"https:\/\/medicinasinc.com\/fr\/wp-content\/uploads\/sites\/5\/2022\/02\/Buy-Motrin-Ibuprofen-600mg.jpg","contentUrl":"https:\/\/medicinasinc.com\/fr\/wp-content\/uploads\/sites\/5\/2022\/02\/Buy-Motrin-Ibuprofen-600mg.jpg","width":1200,"height":1200},{"@type":"BreadcrumbList","@id":"https:\/\/medicinasinc.com\/fr\/product\/acheter-motrin-ibuprofen-pilules-600mg\/#breadcrumb","itemListElement":[{"@type":"ListItem","position":1,"name":"Boutique","item":"https:\/\/medicinasinc.com\/fr\/boutique\/"},{"@type":"ListItem","position":2,"name":"Acheter des pilules Motrin Ibuprofen 600mg"}]},{"@type":"WebSite","@id":"https:\/\/medicinasinc.com\/fr\/#website","url":"https:\/\/medicinasinc.com\/fr\/","name":"Medicinas Inc","description":"Health Medical Clinic","potentialAction":[{"@type":"SearchAction","target":{"@type":"EntryPoint","urlTemplate":"https:\/\/medicinasinc.com\/fr\/?s={search_term_string}"},"query-input":{"@type":"PropertyValueSpecification","valueRequired":true,"valueName":"search_term_string"}}],"inLanguage":"en-US"}]}},"_links":{"self":[{"href":"https:\/\/medicinasinc.com\/fr\/wp-json\/wp\/v2\/product\/5264","targetHints":{"allow":["GET"]}}],"collection":[{"href":"https:\/\/medicinasinc.com\/fr\/wp-json\/wp\/v2\/product"}],"about":[{"href":"https:\/\/medicinasinc.com\/fr\/wp-json\/wp\/v2\/types\/product"}],"replies":[{"embeddable":true,"href":"https:\/\/medicinasinc.com\/fr\/wp-json\/wp\/v2\/comments?post=5264"}],"wp:featuredmedia":[{"embeddable":true,"href":"https:\/\/medicinasinc.com\/fr\/wp-json\/wp\/v2\/media\/5282"}],"wp:attachment":[{"href":"https:\/\/medicinasinc.com\/fr\/wp-json\/wp\/v2\/media?parent=5264"}],"wp:term":[{"taxonomy":"product_brand","embeddable":true,"href":"https:\/\/medicinasinc.com\/fr\/wp-json\/wp\/v2\/product_brand?post=5264"},{"taxonomy":"product_cat","embeddable":true,"href":"https:\/\/medicinasinc.com\/fr\/wp-json\/wp\/v2\/product_cat?post=5264"},{"taxonomy":"product_tag","embeddable":true,"href":"https:\/\/medicinasinc.com\/fr\/wp-json\/wp\/v2\/product_tag?post=5264"}],"curies":[{"name":"wp","href":"https:\/\/api.w.org\/{rel}","templated":true}]}}