{"id":5263,"date":"2022-02-20T22:51:56","date_gmt":"2022-02-20T22:51:56","guid":{"rendered":"https:\/\/medicinasinc.com\/fr\/?post_type=product&#038;p=5263"},"modified":"2022-03-17T12:07:06","modified_gmt":"2022-03-17T12:07:06","slug":"acheter-naze-2mg-clonazepam","status":"publish","type":"product","link":"https:\/\/medicinasinc.com\/fr\/product\/acheter-naze-2mg-clonazepam\/","title":{"rendered":"Acheter Naze 2mg Clonaz\u00e9pam"},"content":{"rendered":"<p>Achat en ligne de comprim\u00e9s Naze 2mg Clonazepam<\/p>\n<p>Le clonaz\u00e9pam est utilis\u00e9 pour traiter les crises (\u00e9pilepsie ou convulsions) et les incidents inattendus de peur s\u00e9v\u00e8re, ainsi que l&#8217;anxi\u00e9t\u00e9 li\u00e9e \u00e0 ces crises (trouble panique), avec ou sans une peur des lieux publics (agoraphobie).<br \/> Le clonaz\u00e9pam fait partie de la classe de m\u00e9dicaments connus sous le nom de benzodiaz\u00e9pines. La m\u00e9thode d&#8217;action pr\u00e9cise du clonaz\u00e9pam est inconnue; cependant, on pense qu&#8217;il am\u00e9liore la fonction d&#8217;un produit chimique de signalisation dans le cerveau appel\u00e9 acide gamma-aminobutyrique (GABA), qui aide \u00e0 calmer l&#8217;activit\u00e9 nerveuse \u00e9lectrique excessive qui provoque des crises (convulsions) et des troubles paniques.<\/p>\n<p>Achetez Naze (Clonazepam) 2mg en ligne sans ordonnance dans notre boutique par virement bancaire. Une exp\u00e9dition discr\u00e8te le lendemain est assur\u00e9e depuis l&#8217;Europe, le Royaume-Uni et les \u00c9tats-Unis.<\/p>\n<p>Les pilules de clonaz\u00e9pam Naze 2mg peuvent \u00eatre achet\u00e9es en ligne.<\/p>\n<p>Prenez le clonaz\u00e9pam exactement comme prescrit par votre m\u00e9decin.<\/p>\n<p>Naze\u00a0(Clonaz\u00e9pam)\u00a02\u00a0mg. Vous pouvez obtenir des comprim\u00e9s de Naze (Clonazepam) 2mg sans ordonnance en ligne (No RX). Le prix du produit est le suivant\u00a0: par pilule.<\/p>\n","protected":false},"excerpt":{"rendered":"<p>Achetez Naze (Clonazepam) 2mg en ligne sans ordonnance dans notre boutique par virement bancaire. Une exp\u00e9dition discr\u00e8te le lendemain est assur\u00e9e depuis l&#8217;Europe, le Royaume-Uni et les \u00c9tats-Unis.<\/p>\n<p>Les pilules de clonaz\u00e9pam Naze 2mg peuvent \u00eatre achet\u00e9es en ligne.<\/p>\n<p>Prenez le clonaz\u00e9pam exactement comme prescrit par votre m\u00e9decin.<\/p>\n<p>Naze\u00a0(Clonaz\u00e9pam)\u00a02\u00a0mg. Vous pouvez obtenir des comprim\u00e9s de Naze (Clonazepam) 2mg sans ordonnance en ligne (Pas de RX)<\/p>\n<div class=\"ULSxyf\">\n<div class=\"EyBRub\">\n<div>\n<div id=\"_QM5vYYzICdD2gQa--6GgAw40\" class=\"yp\" data-jiis=\"up\" data-async-type=\"kp_feedback\" data-ved=\"2ahUKEwiM6ImnxNjzAhVQe8AKHb59CDQQ68cEegQIKhAA\"><\/div>\n<\/p><\/div>\n<div class=\"LnbJhc\" data-count=\"11 \" data-iu=\"1\" data-hveid=\"CCoQAQ\" data-ved=\"2ahUKEwiM6ImnxNjzAhVQe8AKHb59CDQQyA0oAHoECCoQAQ\"><\/div>\n<\/p><\/div>\n<\/p><\/div>\n<p>&nbsp;<\/p>\n","protected":false},"featured_media":5280,"comment_status":"open","ping_status":"closed","template":"","meta":[],"product_brand":[],"product_cat":[1117],"product_tag":[1568,1564,1565,1566,1567,1570,1569,1563],"class_list":{"0":"post-5263","1":"product","2":"type-product","3":"status-publish","4":"has-post-thumbnail","6":"product_cat-acheter-douleur-sommeil-sexe-pilules","7":"product_tag-naze-2mg-comprim-utilisations","8":"product_tag-naze-2mg-alternative","9":"product_tag-naze-2mg-online","10":"product_tag-naze-2mg-price-in-pakistan","11":"product_tag-naze-2mg-tablet-pakistan","12":"product_tag-naze-comprim-2mg-effets-secondaires","13":"product_tag-naze-tablette-utilisations","14":"product_tag-utilisations-du-clonazpam","16":"first","17":"instock","18":"shipping-taxable","19":"purchasable","20":"product-type-variable","21":"has-default-attributes"},"yoast_head":"<!-- This site is optimized with the Yoast SEO plugin v27.3 - https:\/\/yoast.com\/product\/yoast-seo-wordpress\/ -->\n<title>Acheter des pilules Naze 2mg Clonazepam - Best Best Global Meds<\/title>\n<meta name=\"description\" content=\"Achetez Naze\u00a0(Clonazepam)\u00a02mg en ligne avec virement bancaire sans ordonnance dans notre boutique. Livraison discr\u00e8te le lendemain disponible depuis l&#039;Europe, le Royaume-Uni et les \u00c9tats-Unis.\" \/>\n<meta name=\"robots\" content=\"index, follow, max-snippet:-1, max-image-preview:large, max-video-preview:-1\" \/>\n<link rel=\"canonical\" href=\"https:\/\/medicinasinc.com\/fr\/product\/acheter-naze-2mg-clonazepam\/\" \/>\n<meta property=\"og:locale\" content=\"en_US\" \/>\n<meta property=\"og:type\" content=\"article\" \/>\n<meta property=\"og:title\" content=\"Acheter des pilules Naze 2mg Clonazepam - Best Best Global Meds\" \/>\n<meta property=\"og:description\" content=\"Achetez Naze\u00a0(Clonazepam)\u00a02mg en ligne avec virement bancaire sans ordonnance dans notre boutique. Livraison discr\u00e8te le lendemain disponible depuis l&#039;Europe, le Royaume-Uni et les \u00c9tats-Unis.\" \/>\n<meta property=\"og:url\" content=\"https:\/\/medicinasinc.com\/fr\/product\/acheter-naze-2mg-clonazepam\/\" \/>\n<meta property=\"og:site_name\" content=\"Medicinas Inc\" \/>\n<meta property=\"article:modified_time\" content=\"2022-03-17T12:07:06+00:00\" \/>\n<meta property=\"og:image\" content=\"https:\/\/medicinasinc.com\/fr\/wp-content\/uploads\/sites\/5\/2022\/02\/buy-naze-2mg-clonazepam-pills-online.jpg\" \/>\n\t<meta property=\"og:image:width\" content=\"600\" \/>\n\t<meta property=\"og:image:height\" content=\"600\" \/>\n\t<meta property=\"og:image:type\" content=\"image\/jpeg\" \/>\n<meta name=\"twitter:card\" content=\"summary_large_image\" \/>\n<meta name=\"twitter:label1\" content=\"Est. reading time\" \/>\n\t<meta name=\"twitter:data1\" content=\"1 minute\" \/>\n<script type=\"application\/ld+json\" class=\"yoast-schema-graph\">{\"@context\":\"https:\\\/\\\/schema.org\",\"@graph\":[{\"@type\":\"WebPage\",\"@id\":\"https:\\\/\\\/medicinasinc.com\\\/fr\\\/product\\\/acheter-naze-2mg-clonazepam\\\/\",\"url\":\"https:\\\/\\\/medicinasinc.com\\\/fr\\\/product\\\/acheter-naze-2mg-clonazepam\\\/\",\"name\":\"Acheter des pilules Naze 2mg Clonazepam - Best Best Global Meds\",\"isPartOf\":{\"@id\":\"https:\\\/\\\/medicinasinc.com\\\/fr\\\/#website\"},\"primaryImageOfPage\":{\"@id\":\"https:\\\/\\\/medicinasinc.com\\\/fr\\\/product\\\/acheter-naze-2mg-clonazepam\\\/#primaryimage\"},\"image\":{\"@id\":\"https:\\\/\\\/medicinasinc.com\\\/fr\\\/product\\\/acheter-naze-2mg-clonazepam\\\/#primaryimage\"},\"thumbnailUrl\":\"https:\\\/\\\/medicinasinc.com\\\/fr\\\/wp-content\\\/uploads\\\/sites\\\/5\\\/2022\\\/02\\\/buy-naze-2mg-clonazepam-pills-online.jpg\",\"datePublished\":\"2022-02-20T22:51:56+00:00\",\"dateModified\":\"2022-03-17T12:07:06+00:00\",\"description\":\"Achetez Naze\u00a0(Clonazepam)\u00a02mg en ligne avec virement bancaire sans ordonnance dans notre boutique. Livraison discr\u00e8te le lendemain disponible depuis l'Europe, le Royaume-Uni et les \u00c9tats-Unis.\",\"breadcrumb\":{\"@id\":\"https:\\\/\\\/medicinasinc.com\\\/fr\\\/product\\\/acheter-naze-2mg-clonazepam\\\/#breadcrumb\"},\"inLanguage\":\"en-US\",\"potentialAction\":[{\"@type\":\"ReadAction\",\"target\":[\"https:\\\/\\\/medicinasinc.com\\\/fr\\\/product\\\/acheter-naze-2mg-clonazepam\\\/\"]}]},{\"@type\":\"ImageObject\",\"inLanguage\":\"en-US\",\"@id\":\"https:\\\/\\\/medicinasinc.com\\\/fr\\\/product\\\/acheter-naze-2mg-clonazepam\\\/#primaryimage\",\"url\":\"https:\\\/\\\/medicinasinc.com\\\/fr\\\/wp-content\\\/uploads\\\/sites\\\/5\\\/2022\\\/02\\\/buy-naze-2mg-clonazepam-pills-online.jpg\",\"contentUrl\":\"https:\\\/\\\/medicinasinc.com\\\/fr\\\/wp-content\\\/uploads\\\/sites\\\/5\\\/2022\\\/02\\\/buy-naze-2mg-clonazepam-pills-online.jpg\",\"width\":600,\"height\":600},{\"@type\":\"BreadcrumbList\",\"@id\":\"https:\\\/\\\/medicinasinc.com\\\/fr\\\/product\\\/acheter-naze-2mg-clonazepam\\\/#breadcrumb\",\"itemListElement\":[{\"@type\":\"ListItem\",\"position\":1,\"name\":\"Boutique\",\"item\":\"https:\\\/\\\/medicinasinc.com\\\/fr\\\/boutique\\\/\"},{\"@type\":\"ListItem\",\"position\":2,\"name\":\"Acheter Naze 2mg Clonaz\u00e9pam\"}]},{\"@type\":\"WebSite\",\"@id\":\"https:\\\/\\\/medicinasinc.com\\\/fr\\\/#website\",\"url\":\"https:\\\/\\\/medicinasinc.com\\\/fr\\\/\",\"name\":\"Medicinas Inc\",\"description\":\"Health Medical Clinic\",\"potentialAction\":[{\"@type\":\"SearchAction\",\"target\":{\"@type\":\"EntryPoint\",\"urlTemplate\":\"https:\\\/\\\/medicinasinc.com\\\/fr\\\/?s={search_term_string}\"},\"query-input\":{\"@type\":\"PropertyValueSpecification\",\"valueRequired\":true,\"valueName\":\"search_term_string\"}}],\"inLanguage\":\"en-US\"}]}<\/script>\n<!-- \/ Yoast SEO plugin. -->","yoast_head_json":{"title":"Acheter des pilules Naze 2mg Clonazepam - Best Best Global Meds","description":"Achetez Naze\u00a0(Clonazepam)\u00a02mg en ligne avec virement bancaire sans ordonnance dans notre boutique. Livraison discr\u00e8te le lendemain disponible depuis l'Europe, le Royaume-Uni et les \u00c9tats-Unis.","robots":{"index":"index","follow":"follow","max-snippet":"max-snippet:-1","max-image-preview":"max-image-preview:large","max-video-preview":"max-video-preview:-1"},"canonical":"https:\/\/medicinasinc.com\/fr\/product\/acheter-naze-2mg-clonazepam\/","og_locale":"en_US","og_type":"article","og_title":"Acheter des pilules Naze 2mg Clonazepam - Best Best Global Meds","og_description":"Achetez Naze\u00a0(Clonazepam)\u00a02mg en ligne avec virement bancaire sans ordonnance dans notre boutique. Livraison discr\u00e8te le lendemain disponible depuis l'Europe, le Royaume-Uni et les \u00c9tats-Unis.","og_url":"https:\/\/medicinasinc.com\/fr\/product\/acheter-naze-2mg-clonazepam\/","og_site_name":"Medicinas Inc","article_modified_time":"2022-03-17T12:07:06+00:00","og_image":[{"width":600,"height":600,"url":"https:\/\/medicinasinc.com\/fr\/wp-content\/uploads\/sites\/5\/2022\/02\/buy-naze-2mg-clonazepam-pills-online.jpg","type":"image\/jpeg"}],"twitter_card":"summary_large_image","twitter_misc":{"Est. reading time":"1 minute"},"schema":{"@context":"https:\/\/schema.org","@graph":[{"@type":"WebPage","@id":"https:\/\/medicinasinc.com\/fr\/product\/acheter-naze-2mg-clonazepam\/","url":"https:\/\/medicinasinc.com\/fr\/product\/acheter-naze-2mg-clonazepam\/","name":"Acheter des pilules Naze 2mg Clonazepam - Best Best Global Meds","isPartOf":{"@id":"https:\/\/medicinasinc.com\/fr\/#website"},"primaryImageOfPage":{"@id":"https:\/\/medicinasinc.com\/fr\/product\/acheter-naze-2mg-clonazepam\/#primaryimage"},"image":{"@id":"https:\/\/medicinasinc.com\/fr\/product\/acheter-naze-2mg-clonazepam\/#primaryimage"},"thumbnailUrl":"https:\/\/medicinasinc.com\/fr\/wp-content\/uploads\/sites\/5\/2022\/02\/buy-naze-2mg-clonazepam-pills-online.jpg","datePublished":"2022-02-20T22:51:56+00:00","dateModified":"2022-03-17T12:07:06+00:00","description":"Achetez Naze\u00a0(Clonazepam)\u00a02mg en ligne avec virement bancaire sans ordonnance dans notre boutique. Livraison discr\u00e8te le lendemain disponible depuis l'Europe, le Royaume-Uni et les \u00c9tats-Unis.","breadcrumb":{"@id":"https:\/\/medicinasinc.com\/fr\/product\/acheter-naze-2mg-clonazepam\/#breadcrumb"},"inLanguage":"en-US","potentialAction":[{"@type":"ReadAction","target":["https:\/\/medicinasinc.com\/fr\/product\/acheter-naze-2mg-clonazepam\/"]}]},{"@type":"ImageObject","inLanguage":"en-US","@id":"https:\/\/medicinasinc.com\/fr\/product\/acheter-naze-2mg-clonazepam\/#primaryimage","url":"https:\/\/medicinasinc.com\/fr\/wp-content\/uploads\/sites\/5\/2022\/02\/buy-naze-2mg-clonazepam-pills-online.jpg","contentUrl":"https:\/\/medicinasinc.com\/fr\/wp-content\/uploads\/sites\/5\/2022\/02\/buy-naze-2mg-clonazepam-pills-online.jpg","width":600,"height":600},{"@type":"BreadcrumbList","@id":"https:\/\/medicinasinc.com\/fr\/product\/acheter-naze-2mg-clonazepam\/#breadcrumb","itemListElement":[{"@type":"ListItem","position":1,"name":"Boutique","item":"https:\/\/medicinasinc.com\/fr\/boutique\/"},{"@type":"ListItem","position":2,"name":"Acheter Naze 2mg Clonaz\u00e9pam"}]},{"@type":"WebSite","@id":"https:\/\/medicinasinc.com\/fr\/#website","url":"https:\/\/medicinasinc.com\/fr\/","name":"Medicinas Inc","description":"Health Medical Clinic","potentialAction":[{"@type":"SearchAction","target":{"@type":"EntryPoint","urlTemplate":"https:\/\/medicinasinc.com\/fr\/?s={search_term_string}"},"query-input":{"@type":"PropertyValueSpecification","valueRequired":true,"valueName":"search_term_string"}}],"inLanguage":"en-US"}]}},"_links":{"self":[{"href":"https:\/\/medicinasinc.com\/fr\/wp-json\/wp\/v2\/product\/5263","targetHints":{"allow":["GET"]}}],"collection":[{"href":"https:\/\/medicinasinc.com\/fr\/wp-json\/wp\/v2\/product"}],"about":[{"href":"https:\/\/medicinasinc.com\/fr\/wp-json\/wp\/v2\/types\/product"}],"replies":[{"embeddable":true,"href":"https:\/\/medicinasinc.com\/fr\/wp-json\/wp\/v2\/comments?post=5263"}],"wp:featuredmedia":[{"embeddable":true,"href":"https:\/\/medicinasinc.com\/fr\/wp-json\/wp\/v2\/media\/5280"}],"wp:attachment":[{"href":"https:\/\/medicinasinc.com\/fr\/wp-json\/wp\/v2\/media?parent=5263"}],"wp:term":[{"taxonomy":"product_brand","embeddable":true,"href":"https:\/\/medicinasinc.com\/fr\/wp-json\/wp\/v2\/product_brand?post=5263"},{"taxonomy":"product_cat","embeddable":true,"href":"https:\/\/medicinasinc.com\/fr\/wp-json\/wp\/v2\/product_cat?post=5263"},{"taxonomy":"product_tag","embeddable":true,"href":"https:\/\/medicinasinc.com\/fr\/wp-json\/wp\/v2\/product_tag?post=5263"}],"curies":[{"name":"wp","href":"https:\/\/api.w.org\/{rel}","templated":true}]}}