{"id":5262,"date":"2022-02-20T22:49:49","date_gmt":"2022-02-20T22:49:49","guid":{"rendered":"https:\/\/medicinasinc.com\/fr\/?post_type=product&#038;p=5262"},"modified":"2022-03-17T12:07:14","modified_gmt":"2022-03-17T12:07:14","slug":"acheter-onax-2mg-alprazolam","status":"publish","type":"product","link":"https:\/\/medicinasinc.com\/fr\/product\/acheter-onax-2mg-alprazolam\/","title":{"rendered":"Acheter Onax 2mg Alprazolam"},"content":{"rendered":"<p>Acheter des pilules Onax 2mg Alprazolam en ligne | Acheter Onax en ligne | Acheter des barres Onax<\/p>\n<p>Qu&#8217;est-ce qu&#8217;Onax\u00a0? Achat Onax en ligne<\/p>\n<p>Les barres Onax 2mg (Alprazolam) sont bien connues pour leur effet s\u00e9datif. Il est utilis\u00e9 pour traiter la privation de sommeil \u00e0 toute heure du jour ou de la nuit. Xanax XR est une benzodiaz\u00e9pine utilis\u00e9e pour traiter l&#8217;anxi\u00e9t\u00e9, le trouble panique et la d\u00e9pression. Si vous achetez des barres Onax 2 mg chez nous, veuillez vous assurer que vous en avez vraiment besoin et qu&#8217;Onax est sugg\u00e9r\u00e9 par un m\u00e9decin. PandaPharmacy.com n&#8217;est pas responsable des dommages ou effets ind\u00e9sirables caus\u00e9s par Xanax 3mg.<\/p>\n<p>L&#8217;abus du m\u00e9dicament peut entra\u00eener un degr\u00e9 limit\u00e9 de d\u00e9pendance physique ou psychologique par rapport aux m\u00e9dicaments de l&#8217;annexe 3. Vous pouvez obtenir des barres Onax 2 mg en ligne avec nous, quel que soit le mode de paiement. Nous acceptons \u00e9galement PayPal. En dehors de PayPal, les mandats peuvent \u00eatre utilis\u00e9s pour acheter des barres Onax 2mg. N&#8217;oubliez pas que ce m\u00e9dicament est extr\u00eamement nocif et peut entra\u00eener une d\u00e9pendance. Notre Onax serait de qualit\u00e9 sup\u00e9rieure. Veuillez lire notre &#8220;&#8221; pour obtenir la majorit\u00e9 des solutions aux questions qui se sont pos\u00e9es dans votre t\u00eate.<\/p>\n<p>Qu&#8217;est-ce qu&#8217;Onax\u00a0? Achat Onax en ligne<\/p>\n<p>Les barres Onax 2mg (Alprazolam) sont bien connues pour leurs propri\u00e9t\u00e9s s\u00e9datives. Il est utilis\u00e9 pour traiter la privation de sommeil \u00e0 toute heure du jour ou de la nuit. Xanax XR est une benzodiaz\u00e9pine utilis\u00e9e pour traiter l&#8217;anxi\u00e9t\u00e9, le trouble panique et la d\u00e9pression. Si vous achetez des barres Onax 2 mg chez nous, veuillez vous assurer que vous en avez vraiment besoin et qu&#8217;Onax est approuv\u00e9 par votre m\u00e9decin. PandaPharmacy.com n&#8217;est pas responsable des dommages ou effets ind\u00e9sirables caus\u00e9s par Xanax 3mg.<\/p>\n<p>L&#8217;abus du m\u00e9dicament peut entra\u00eener un degr\u00e9 limit\u00e9 de d\u00e9pendance physique ou psychologique par rapport aux m\u00e9dicaments de l&#8217;annexe 3.<\/p>\n<p>Vous pouvez obtenir des barres Onax 2mg en ligne avec nous, quel que soit le mode de paiement. Nous acceptons \u00e9galement PayPal. En dehors de PayPal, les mandats peuvent \u00eatre utilis\u00e9s pour acheter des barres Onax 2mg. N&#8217;oubliez pas que ce m\u00e9dicament est extr\u00eamement nocif et peut entra\u00eener une d\u00e9pendance. Notre Onax serait de qualit\u00e9 sup\u00e9rieure. Veuillez lire notre &#8221; pour obtenir des r\u00e9ponses \u00e0 la majorit\u00e9 des questions qui ont surgi dans vos pens\u00e9es. Commander<\/p>\n","protected":false},"excerpt":{"rendered":"<p>Achat en ligne de comprim\u00e9s Onax 2mg Alprazolam. L&#8217;alprazolam est utilis\u00e9 pour traiter l&#8217;anxi\u00e9t\u00e9, la fr\u00e9n\u00e9sie et le malaise associ\u00e9 \u00e0 la mis\u00e8re. Achat en ligne de comprim\u00e9s d&#8217;Onax 2mg Alprazolam&#8221;. Alprazolam 2mg Onax<\/p>\n<p>Onax 2mg barres\/comprim\u00e9s \u00e0 acheter<\/p>\n<p>Onax (Alprazolam) est utilis\u00e9 pour traiter l&#8217;anxi\u00e9t\u00e9, les attaques de panique, l&#8217;insomnie (difficult\u00e9 \u00e0 dormir) et l&#8217;anxi\u00e9t\u00e9 associ\u00e9e \u00e0 la d\u00e9pression.<\/p>\n<p>Vous pouvez acheter Onax 2mg en ligne chez nous\u00a0; nos pilules Onax 2mg sont de la plus haute qualit\u00e9. Onax 2 mg est le nom officiel du m\u00e9dicament. Ces pilules seront envoy\u00e9es de mani\u00e8re discr\u00e8te.<\/p>\n<p>Achetez des barres d&#8217;Onax 2mg (Alprazolam), qui est bien connu pour son effet s\u00e9datif. Il est utilis\u00e9 pour lutter contre la privation de sommeil \u00e0 toute heure du jour ou de la nuit.<\/p>\n","protected":false},"featured_media":5278,"comment_status":"open","ping_status":"closed","template":"","meta":[],"product_brand":[],"product_cat":[1117],"product_tag":[1521,1522,1523,1534,1535,1538,1562,1537,1539,1553,1557,1524,1530,1531,1520,1525,1541,1549,1526,1527,1528,1529,1532,1533,1536,1550,1540,1542,1543,1544,1546,1547,1551,1552,1545,1558,1559,1554,1560,1555,1556,1548,1561],"class_list":{"0":"post-5262","1":"product","2":"type-product","3":"status-publish","4":"has-post-thumbnail","6":"product_cat-acheter-douleur-sommeil-sexe-pilules","7":"product_tag-acheter-onax","8":"product_tag-acheter-onax-2mg","9":"product_tag-acheter-onax-en-ligne","10":"product_tag-onax-2mg-bar","11":"product_tag-onax-2mg-barres","12":"product_tag-onax-barres-3mg","13":"product_tag-barres-xanax-onax","14":"product_tag-barres-onax","15":"product_tag-barres-onax-a-vendre","16":"product_tag-barres-onax-xanax","17":"product_tag-white-bar-pilule-onax","18":"product_tag-dj-onax","19":"product_tag-onax-2-pill-id","20":"product_tag-onax-2-pill-identifiant","21":"product_tag-are-onax-bars-good","22":"product_tag-longue-pilule-blanche-onax","23":"product_tag-onax-cphale","24":"product_tag-mlangeur-onax-vlack-kitchenaid","25":"product_tag-ocean-pharmaceuticals-onax","26":"product_tag-onax","27":"product_tag-onax-2","28":"product_tag-onax-2-barres","29":"product_tag-onax-2-pilule-blanche","30":"product_tag-onax-2mg","31":"product_tag-onax-ag-it-solutions","32":"product_tag-onax-vs-xanax","33":"product_tag-onax-dr-germantown","34":"product_tag-onax-llc","35":"product_tag-onax-orv-park-mojave-ca-photos","36":"product_tag-onax-pc-ames","37":"product_tag-onax-pill","38":"product_tag-onax-punta-cana","39":"product_tag-onax-white-pill","40":"product_tag-onax-xanax","41":"product_tag-onax-pex","42":"product_tag-pilule-blanche-onax","43":"product_tag-pilule-blanche-onax-2","44":"product_tag-pilule-onax-2","45":"product_tag-pilule-rectangle-blanc-onax-2","46":"product_tag-reddit-onax","47":"product_tag-reddit-onax-pour-votre-nez","48":"product_tag-statues-onax","49":"product_tag-xanax-2mg-onax","51":"first","52":"instock","53":"shipping-taxable","54":"purchasable","55":"product-type-variable","56":"has-default-attributes"},"yoast_head":"<!-- This site is optimized with the Yoast SEO plugin v27.3 - https:\/\/yoast.com\/product\/yoast-seo-wordpress\/ -->\n<title>Acheter des pilules Onax 2mg Alprazolam - Best Best Global Meds<\/title>\n<meta name=\"description\" content=\"acheter des barres\/comprim\u00e9s onax 2mg\u00a0:\u00a0Onax\u00a0(Alprazolam) traite l&#039;anxi\u00e9t\u00e9, le trouble panique, l&#039;insomnie (troubles du sommeil) et l&#039;anxi\u00e9t\u00e9 caus\u00e9e par la d\u00e9pression.\" \/>\n<meta name=\"robots\" content=\"index, follow, max-snippet:-1, max-image-preview:large, max-video-preview:-1\" \/>\n<link rel=\"canonical\" href=\"https:\/\/medicinasinc.com\/fr\/product\/acheter-onax-2mg-alprazolam\/\" \/>\n<meta property=\"og:locale\" content=\"en_US\" \/>\n<meta property=\"og:type\" content=\"article\" \/>\n<meta property=\"og:title\" content=\"Acheter des pilules Onax 2mg Alprazolam - Best Best Global Meds\" \/>\n<meta property=\"og:description\" content=\"acheter des barres\/comprim\u00e9s onax 2mg\u00a0:\u00a0Onax\u00a0(Alprazolam) traite l&#039;anxi\u00e9t\u00e9, le trouble panique, l&#039;insomnie (troubles du sommeil) et l&#039;anxi\u00e9t\u00e9 caus\u00e9e par la d\u00e9pression.\" \/>\n<meta property=\"og:url\" content=\"https:\/\/medicinasinc.com\/fr\/product\/acheter-onax-2mg-alprazolam\/\" \/>\n<meta property=\"og:site_name\" content=\"Medicinas Inc\" \/>\n<meta property=\"article:modified_time\" content=\"2022-03-17T12:07:14+00:00\" \/>\n<meta property=\"og:image\" content=\"https:\/\/medicinasinc.com\/fr\/wp-content\/uploads\/sites\/5\/2022\/02\/Buy-Onax-2mg.jpg\" \/>\n\t<meta property=\"og:image:width\" content=\"400\" \/>\n\t<meta property=\"og:image:height\" content=\"300\" \/>\n\t<meta property=\"og:image:type\" content=\"image\/jpeg\" \/>\n<meta name=\"twitter:card\" content=\"summary_large_image\" \/>\n<meta name=\"twitter:label1\" content=\"Est. reading time\" \/>\n\t<meta name=\"twitter:data1\" content=\"2 minutes\" \/>\n<script type=\"application\/ld+json\" class=\"yoast-schema-graph\">{\"@context\":\"https:\\\/\\\/schema.org\",\"@graph\":[{\"@type\":\"WebPage\",\"@id\":\"https:\\\/\\\/medicinasinc.com\\\/fr\\\/product\\\/acheter-onax-2mg-alprazolam\\\/\",\"url\":\"https:\\\/\\\/medicinasinc.com\\\/fr\\\/product\\\/acheter-onax-2mg-alprazolam\\\/\",\"name\":\"Acheter des pilules Onax 2mg Alprazolam - Best Best Global Meds\",\"isPartOf\":{\"@id\":\"https:\\\/\\\/medicinasinc.com\\\/fr\\\/#website\"},\"primaryImageOfPage\":{\"@id\":\"https:\\\/\\\/medicinasinc.com\\\/fr\\\/product\\\/acheter-onax-2mg-alprazolam\\\/#primaryimage\"},\"image\":{\"@id\":\"https:\\\/\\\/medicinasinc.com\\\/fr\\\/product\\\/acheter-onax-2mg-alprazolam\\\/#primaryimage\"},\"thumbnailUrl\":\"https:\\\/\\\/medicinasinc.com\\\/fr\\\/wp-content\\\/uploads\\\/sites\\\/5\\\/2022\\\/02\\\/Buy-Onax-2mg.jpg\",\"datePublished\":\"2022-02-20T22:49:49+00:00\",\"dateModified\":\"2022-03-17T12:07:14+00:00\",\"description\":\"acheter des barres\\\/comprim\u00e9s onax 2mg\u00a0:\u00a0Onax\u00a0(Alprazolam) traite l'anxi\u00e9t\u00e9, le trouble panique, l'insomnie (troubles du sommeil) et l'anxi\u00e9t\u00e9 caus\u00e9e par la d\u00e9pression.\",\"breadcrumb\":{\"@id\":\"https:\\\/\\\/medicinasinc.com\\\/fr\\\/product\\\/acheter-onax-2mg-alprazolam\\\/#breadcrumb\"},\"inLanguage\":\"en-US\",\"potentialAction\":[{\"@type\":\"ReadAction\",\"target\":[\"https:\\\/\\\/medicinasinc.com\\\/fr\\\/product\\\/acheter-onax-2mg-alprazolam\\\/\"]}]},{\"@type\":\"ImageObject\",\"inLanguage\":\"en-US\",\"@id\":\"https:\\\/\\\/medicinasinc.com\\\/fr\\\/product\\\/acheter-onax-2mg-alprazolam\\\/#primaryimage\",\"url\":\"https:\\\/\\\/medicinasinc.com\\\/fr\\\/wp-content\\\/uploads\\\/sites\\\/5\\\/2022\\\/02\\\/Buy-Onax-2mg.jpg\",\"contentUrl\":\"https:\\\/\\\/medicinasinc.com\\\/fr\\\/wp-content\\\/uploads\\\/sites\\\/5\\\/2022\\\/02\\\/Buy-Onax-2mg.jpg\",\"width\":400,\"height\":300},{\"@type\":\"BreadcrumbList\",\"@id\":\"https:\\\/\\\/medicinasinc.com\\\/fr\\\/product\\\/acheter-onax-2mg-alprazolam\\\/#breadcrumb\",\"itemListElement\":[{\"@type\":\"ListItem\",\"position\":1,\"name\":\"Boutique\",\"item\":\"https:\\\/\\\/medicinasinc.com\\\/fr\\\/boutique\\\/\"},{\"@type\":\"ListItem\",\"position\":2,\"name\":\"Acheter Onax 2mg Alprazolam\"}]},{\"@type\":\"WebSite\",\"@id\":\"https:\\\/\\\/medicinasinc.com\\\/fr\\\/#website\",\"url\":\"https:\\\/\\\/medicinasinc.com\\\/fr\\\/\",\"name\":\"Medicinas Inc\",\"description\":\"Health Medical Clinic\",\"potentialAction\":[{\"@type\":\"SearchAction\",\"target\":{\"@type\":\"EntryPoint\",\"urlTemplate\":\"https:\\\/\\\/medicinasinc.com\\\/fr\\\/?s={search_term_string}\"},\"query-input\":{\"@type\":\"PropertyValueSpecification\",\"valueRequired\":true,\"valueName\":\"search_term_string\"}}],\"inLanguage\":\"en-US\"}]}<\/script>\n<!-- \/ Yoast SEO plugin. -->","yoast_head_json":{"title":"Acheter des pilules Onax 2mg Alprazolam - Best Best Global Meds","description":"acheter des barres\/comprim\u00e9s onax 2mg\u00a0:\u00a0Onax\u00a0(Alprazolam) traite l'anxi\u00e9t\u00e9, le trouble panique, l'insomnie (troubles du sommeil) et l'anxi\u00e9t\u00e9 caus\u00e9e par la d\u00e9pression.","robots":{"index":"index","follow":"follow","max-snippet":"max-snippet:-1","max-image-preview":"max-image-preview:large","max-video-preview":"max-video-preview:-1"},"canonical":"https:\/\/medicinasinc.com\/fr\/product\/acheter-onax-2mg-alprazolam\/","og_locale":"en_US","og_type":"article","og_title":"Acheter des pilules Onax 2mg Alprazolam - Best Best Global Meds","og_description":"acheter des barres\/comprim\u00e9s onax 2mg\u00a0:\u00a0Onax\u00a0(Alprazolam) traite l'anxi\u00e9t\u00e9, le trouble panique, l'insomnie (troubles du sommeil) et l'anxi\u00e9t\u00e9 caus\u00e9e par la d\u00e9pression.","og_url":"https:\/\/medicinasinc.com\/fr\/product\/acheter-onax-2mg-alprazolam\/","og_site_name":"Medicinas Inc","article_modified_time":"2022-03-17T12:07:14+00:00","og_image":[{"width":400,"height":300,"url":"https:\/\/medicinasinc.com\/fr\/wp-content\/uploads\/sites\/5\/2022\/02\/Buy-Onax-2mg.jpg","type":"image\/jpeg"}],"twitter_card":"summary_large_image","twitter_misc":{"Est. reading time":"2 minutes"},"schema":{"@context":"https:\/\/schema.org","@graph":[{"@type":"WebPage","@id":"https:\/\/medicinasinc.com\/fr\/product\/acheter-onax-2mg-alprazolam\/","url":"https:\/\/medicinasinc.com\/fr\/product\/acheter-onax-2mg-alprazolam\/","name":"Acheter des pilules Onax 2mg Alprazolam - Best Best Global Meds","isPartOf":{"@id":"https:\/\/medicinasinc.com\/fr\/#website"},"primaryImageOfPage":{"@id":"https:\/\/medicinasinc.com\/fr\/product\/acheter-onax-2mg-alprazolam\/#primaryimage"},"image":{"@id":"https:\/\/medicinasinc.com\/fr\/product\/acheter-onax-2mg-alprazolam\/#primaryimage"},"thumbnailUrl":"https:\/\/medicinasinc.com\/fr\/wp-content\/uploads\/sites\/5\/2022\/02\/Buy-Onax-2mg.jpg","datePublished":"2022-02-20T22:49:49+00:00","dateModified":"2022-03-17T12:07:14+00:00","description":"acheter des barres\/comprim\u00e9s onax 2mg\u00a0:\u00a0Onax\u00a0(Alprazolam) traite l'anxi\u00e9t\u00e9, le trouble panique, l'insomnie (troubles du sommeil) et l'anxi\u00e9t\u00e9 caus\u00e9e par la d\u00e9pression.","breadcrumb":{"@id":"https:\/\/medicinasinc.com\/fr\/product\/acheter-onax-2mg-alprazolam\/#breadcrumb"},"inLanguage":"en-US","potentialAction":[{"@type":"ReadAction","target":["https:\/\/medicinasinc.com\/fr\/product\/acheter-onax-2mg-alprazolam\/"]}]},{"@type":"ImageObject","inLanguage":"en-US","@id":"https:\/\/medicinasinc.com\/fr\/product\/acheter-onax-2mg-alprazolam\/#primaryimage","url":"https:\/\/medicinasinc.com\/fr\/wp-content\/uploads\/sites\/5\/2022\/02\/Buy-Onax-2mg.jpg","contentUrl":"https:\/\/medicinasinc.com\/fr\/wp-content\/uploads\/sites\/5\/2022\/02\/Buy-Onax-2mg.jpg","width":400,"height":300},{"@type":"BreadcrumbList","@id":"https:\/\/medicinasinc.com\/fr\/product\/acheter-onax-2mg-alprazolam\/#breadcrumb","itemListElement":[{"@type":"ListItem","position":1,"name":"Boutique","item":"https:\/\/medicinasinc.com\/fr\/boutique\/"},{"@type":"ListItem","position":2,"name":"Acheter Onax 2mg Alprazolam"}]},{"@type":"WebSite","@id":"https:\/\/medicinasinc.com\/fr\/#website","url":"https:\/\/medicinasinc.com\/fr\/","name":"Medicinas Inc","description":"Health Medical Clinic","potentialAction":[{"@type":"SearchAction","target":{"@type":"EntryPoint","urlTemplate":"https:\/\/medicinasinc.com\/fr\/?s={search_term_string}"},"query-input":{"@type":"PropertyValueSpecification","valueRequired":true,"valueName":"search_term_string"}}],"inLanguage":"en-US"}]}},"_links":{"self":[{"href":"https:\/\/medicinasinc.com\/fr\/wp-json\/wp\/v2\/product\/5262","targetHints":{"allow":["GET"]}}],"collection":[{"href":"https:\/\/medicinasinc.com\/fr\/wp-json\/wp\/v2\/product"}],"about":[{"href":"https:\/\/medicinasinc.com\/fr\/wp-json\/wp\/v2\/types\/product"}],"replies":[{"embeddable":true,"href":"https:\/\/medicinasinc.com\/fr\/wp-json\/wp\/v2\/comments?post=5262"}],"wp:featuredmedia":[{"embeddable":true,"href":"https:\/\/medicinasinc.com\/fr\/wp-json\/wp\/v2\/media\/5278"}],"wp:attachment":[{"href":"https:\/\/medicinasinc.com\/fr\/wp-json\/wp\/v2\/media?parent=5262"}],"wp:term":[{"taxonomy":"product_brand","embeddable":true,"href":"https:\/\/medicinasinc.com\/fr\/wp-json\/wp\/v2\/product_brand?post=5262"},{"taxonomy":"product_cat","embeddable":true,"href":"https:\/\/medicinasinc.com\/fr\/wp-json\/wp\/v2\/product_cat?post=5262"},{"taxonomy":"product_tag","embeddable":true,"href":"https:\/\/medicinasinc.com\/fr\/wp-json\/wp\/v2\/product_tag?post=5262"}],"curies":[{"name":"wp","href":"https:\/\/api.w.org\/{rel}","templated":true}]}}